{"id":58,"date":"2019-03-12T08:28:37","date_gmt":"2019-03-12T07:28:37","guid":{"rendered":"http:\/\/kalinski.pl\/?page_id=58"},"modified":"2024-12-12T13:35:49","modified_gmt":"2024-12-12T12:35:49","slug":"historia","status":"publish","type":"page","link":"https:\/\/kalinski.pl\/serwis\/historia\/","title":{"rendered":"Historia"},"content":{"rendered":"\t\t<div data-elementor-type=\"wp-page\" data-elementor-id=\"58\" class=\"elementor elementor-58\">\n\t\t\t\t\t\t<section class=\"elementor-section elementor-top-section elementor-element elementor-element-39c265eb elementor-section-boxed elementor-section-height-default elementor-section-height-default\" data-id=\"39c265eb\" data-element_type=\"section\">\n\t\t\t\t\t\t<div class=\"elementor-container elementor-column-gap-default\">\n\t\t\t\t\t<div class=\"elementor-column elementor-col-100 elementor-top-column elementor-element elementor-element-393d4aa6\" data-id=\"393d4aa6\" data-element_type=\"column\">\n\t\t\t<div class=\"elementor-widget-wrap elementor-element-populated\">\n\t\t\t\t\t\t<div class=\"elementor-element elementor-element-3a690144 elementor-widget elementor-widget-text-editor\" data-id=\"3a690144\" data-element_type=\"widget\" data-widget_type=\"text-editor.default\">\n\t\t\t\t<div class=\"elementor-widget-container\">\n\t\t\t\t\t\t\t\t\t<div class=\"historia_left\">\n<div class=\"h_text\">\n<p>Firma Kali\u0144ski uk\u0142ady wydechowe powsta\u0142a w 1992 roku w miejscowo\u015bci Chyby ko\u0142o Poznania. Rodzinne przedsi\u0119biorstwo za\u0142o\u017cy\u0142 W\u0142odzimierz Kali\u0144ski.<\/p>\n<p>Na pocz\u0105tku zajmowali\u015bmy si\u0119 tylko sprzeda\u017c\u0105 t\u0142umik\u00f3w oraz element\u00f3w do ich monta\u017cu. Szybko okaza\u0142o si\u0119, \u017ce wybrali\u015bmy w\u0142a\u015bciw\u0105 drog\u0119, kt\u00f3ra umo\u017cliwi\u0142a rozw\u00f3j firmy. Ju\u017c w 1995 roku w naszej ofercie pojawi\u0142y si\u0119 r\u00f3wnie\u017c us\u0142ugi serwisowe i wymiana podzespo\u0142\u00f3w uk\u0142ad\u00f3w wydechowych. Kilka lat p\u00f3\u017aniej rozpocz\u0119li\u015bmy eksport produkt\u00f3w, kt\u00f3re dzi\u015b skutecznie podbijaj\u0105 zagraniczne rynki.<\/p>\n<p>Coraz wi\u0119ksza liczba klient\u00f3w i ich rosn\u0105ce potrzeby sk\u0142oni\u0142y nas w 1998 roku do rozbudowy siedziby firmy. Poszerzenie dzia\u0142alno\u015bci zaowocowa\u0142o utworzeniem nowych dzia\u0142\u00f3w. Opr\u00f3cz aut osobowych zacz\u0119li\u015bmy serwisowa\u0107 r\u00f3wnie\u017c pojazdy ci\u0119\u017carowe i motocykle. \u015aledz\u0105c rozw\u00f3j bran\u017cy, zaj\u0119li\u015bmy si\u0119 filtrami cz\u0105stek sta\u0142ych i innymi podzespo\u0142ami pojawiaj\u0105cymi si\u0119 w uk\u0142adach wydechowych.<\/p>\n<p>Wraz z rosn\u0105c\u0105 liczb\u0105 produkt\u00f3w poszerzali\u015bmy kana\u0142y dystrybucji i dbali\u015bmy o jako\u015b\u0107 us\u0142ug. W 2015 roku uzyskali\u015bmy certyfikat ISO 9001. Rok p\u00f3\u017aniej uruchomili\u015bmy sklep internetowy. Osi\u0105gn\u0119li\u015bmy siln\u0105 pozycj\u0119 na rynku, jednak ca\u0142y czas ulepszamy nasze us\u0142ugi, wdra\u017camy nowoczesne technologie i wyznaczamy nowe drogi rozwoju.<\/p>\n<\/div>\n<\/div>\n<div class=\"historia_right\">\n<div class=\"historia_slider\"><\/div>\n<div class=\"historia_daty\">\n<div class=\"h_r_header\">Najwa\u017cniejsze daty w historii firmy<\/div>\n<div class=\"historia_ul\">\n<ul class=\"bar\">\n<li><strong>2024<\/strong><br \/>\nZdobycie Z\u0142otego Medalu Grupy MTP oraz nagrody Eco Prize na Targach Techniki Motoryzacyjnej\n<br><br>\nZdobycie Z\u0142otego Medalu Targ\u00f3w Kielce podczas Targ\u00f3w Autostrada. Nowa Infrastruktura.\n<br><br>\nZdobycie Nagrody \u201eAran\u017cacja Roku\u201d podczas Targ\u00f3w Retro Motor Show <\/li>\n<li><strong>2023<\/strong><br \/>\nZdobycie Z\u0142otego Medalu Targ\u00f3w Kielce podczas Targ\u00f3w Ekotech za us\u0142ug\u0119 regeneracji katalizator\u00f3w SCR poprzez wymian\u0119 wk\u0142ad\u00f3w.\n<br><br>Zdobycie tytu\u0142u Produkt Roku czasopisma autoEXPERT<\/li>\n\t<li><strong>2021-2023<\/strong><br \/>\nUdzia\u0142 w mi\u0119dzynarodowych targach, pierwszy raz r\u00f3wnie\u017c poza Europ\u0105<\/li>\n\t<li><strong>2019<\/strong><br \/>\nZmiana formy prawnej firmy, utworzenie sp\u00f3\u0142ki oraz powo\u0142anie pierwszego zarz\u0105du przedsi\u0119biorstwa<\/li>\n\t<li><strong>2019<\/strong><br \/>\nuruchomienie nowej hali dla pojazd\u00f3w ci\u0119\u017carowych<\/li>\n\t<li><strong>2017<\/strong><br \/>\nuruchomienie nowej hali oraz samodzielnego dzia\u0142u produkcji<\/li>\n\t<li><strong>2016<\/strong><br \/>\nuruchomienie sklepu internetowego<\/li>\n\t<li><strong>2015<\/strong><br \/>\nWprowadzenie systemu zarz\u0105dzania ISO 9001<\/li>\n\t<li><strong>2011<\/strong><br \/>\nUdzia\u0142 w pierwszych targach<\/li>\n\t<li><strong>2011<\/strong><br \/>\nDruga przebudowa siedziby firmy<\/li>\n\t<li><strong>2009<\/strong><br \/>\nPierwsza sprzeda\u017c produkt\u00f3w przez internet<\/li>\n\t<li><strong>2009<\/strong><br \/>\nRozbudowa serwisu o stanowiska do obs\u0142ugi pojazd\u00f3w ci\u0119\u017carowych<\/li>\n\t<li><strong>2007<\/strong><br \/>\nPoszerzenie oferty o regeneracj\u0119 filtr\u00f3w DPF, FAP i katalizator\u00f3w<\/li>\n\t<li><strong>1998<\/strong><br \/>\nRozpocz\u0119cie eksportu produkt\u00f3w na rynki zagraniczne<\/li>\n\t<li><strong>1995<\/strong><br \/>\nPierwsza przebudowa firmy, uruchomienie serwisu uk\u0142ad\u00f3w wydechowych<\/li>\n\t<li><strong>1992<\/strong><br \/>\nZa\u0142o\u017cenie firmy<\/li>\n<\/ul>\n<\/div>\n<\/div>\n<\/div>\t\t\t\t\t\t\t\t<\/div>\n\t\t\t\t<\/div>\n\t\t\t\t\t<\/div>\n\t\t<\/div>\n\t\t\t\t\t<\/div>\n\t\t<\/section>\n\t\t\t\t<\/div>\n\t\t","protected":false},"excerpt":{"rendered":"<p>Firma Kali\u0144ski uk\u0142ady wydechowe powsta\u0142a w 1992 roku w miejscowo\u015bci Chyby ko\u0142o Poznania. Rodzinne przedsi\u0119biorstwo za\u0142o\u017cy\u0142 W\u0142odzimierz Kali\u0144ski. Na pocz\u0105tku zajmowali\u015bmy si\u0119 tylko sprzeda\u017c\u0105 t\u0142umik\u00f3w oraz element\u00f3w do ich monta\u017cu. Szybko okaza\u0142o si\u0119, \u017ce wybrali\u015bmy w\u0142a\u015bciw\u0105 drog\u0119, kt\u00f3ra umo\u017cliwi\u0142a rozw\u00f3j firmy. Ju\u017c w 1995 roku w naszej ofercie pojawi\u0142y si\u0119 r\u00f3wnie\u017c us\u0142ugi serwisowe i wymiana &hellip; <a href=\"https:\/\/kalinski.pl\/serwis\/historia\/\" class=\"more-link\">Czytaj dalej<span class=\"screen-reader-text\"> Historia<\/span><\/a><\/p>\n","protected":false},"author":821792,"featured_media":0,"parent":0,"menu_order":0,"comment_status":"closed","ping_status":"closed","template":"","meta":{"footnotes":""},"class_list":["post-58","page","type-page","status-publish","hentry"],"yoast_head":"<!-- This site is optimized with the Yoast SEO plugin v26.7 - https:\/\/yoast.com\/wordpress\/plugins\/seo\/ -->\n<title>Historia | Kali\u0144ski<\/title>\n<meta name=\"robots\" content=\"index, follow, max-snippet:-1, max-image-preview:large, max-video-preview:-1\" \/>\n<link rel=\"canonical\" href=\"https:\/\/kalinski.pl\/serwis\/historia\/\" \/>\n<meta property=\"og:locale\" content=\"pl_PL\" \/>\n<meta property=\"og:type\" content=\"article\" \/>\n<meta property=\"og:title\" content=\"Historia | Kali\u0144ski\" \/>\n<meta property=\"og:description\" content=\"Firma Kali\u0144ski uk\u0142ady wydechowe powsta\u0142a w 1992 roku w miejscowo\u015bci Chyby ko\u0142o Poznania. Rodzinne przedsi\u0119biorstwo za\u0142o\u017cy\u0142 W\u0142odzimierz Kali\u0144ski. Na pocz\u0105tku zajmowali\u015bmy si\u0119 tylko sprzeda\u017c\u0105 t\u0142umik\u00f3w oraz element\u00f3w do ich monta\u017cu. Szybko okaza\u0142o si\u0119, \u017ce wybrali\u015bmy w\u0142a\u015bciw\u0105 drog\u0119, kt\u00f3ra umo\u017cliwi\u0142a rozw\u00f3j firmy. Ju\u017c w 1995 roku w naszej ofercie pojawi\u0142y si\u0119 r\u00f3wnie\u017c us\u0142ugi serwisowe i wymiana &hellip; Czytaj dalej Historia\" \/>\n<meta property=\"og:url\" content=\"https:\/\/kalinski.pl\/serwis\/historia\/\" \/>\n<meta property=\"og:site_name\" content=\"Kali\u0144ski\" \/>\n<meta property=\"article:modified_time\" content=\"2024-12-12T12:35:49+00:00\" \/>\n<meta name=\"twitter:card\" content=\"summary_large_image\" \/>\n<meta name=\"twitter:label1\" content=\"Szacowany czas czytania\" \/>\n\t<meta name=\"twitter:data1\" content=\"2 minuty\" \/>\n<script type=\"application\/ld+json\" class=\"yoast-schema-graph\">{\"@context\":\"https:\/\/schema.org\",\"@graph\":[{\"@type\":\"WebPage\",\"@id\":\"https:\/\/kalinski.pl\/serwis\/historia\/\",\"url\":\"https:\/\/kalinski.pl\/serwis\/historia\/\",\"name\":\"Historia | Kali\u0144ski\",\"isPartOf\":{\"@id\":\"https:\/\/kalinski.pl\/serwis\/#website\"},\"datePublished\":\"2019-03-12T07:28:37+00:00\",\"dateModified\":\"2024-12-12T12:35:49+00:00\",\"breadcrumb\":{\"@id\":\"https:\/\/kalinski.pl\/serwis\/historia\/#breadcrumb\"},\"inLanguage\":\"pl-PL\",\"potentialAction\":[{\"@type\":\"ReadAction\",\"target\":[\"https:\/\/kalinski.pl\/serwis\/historia\/\"]}]},{\"@type\":\"BreadcrumbList\",\"@id\":\"https:\/\/kalinski.pl\/serwis\/historia\/#breadcrumb\",\"itemListElement\":[{\"@type\":\"ListItem\",\"position\":1,\"name\":\"Strona g\u0142\u00f3wna\",\"item\":\"https:\/\/kalinski.pl\/serwis\/\"},{\"@type\":\"ListItem\",\"position\":2,\"name\":\"Historia\"}]},{\"@type\":\"WebSite\",\"@id\":\"https:\/\/kalinski.pl\/serwis\/#website\",\"url\":\"https:\/\/kalinski.pl\/serwis\/\",\"name\":\"Kali\u0144ski\",\"description\":\"Uk\u0142ady wydechowe\",\"publisher\":{\"@id\":\"https:\/\/kalinski.pl\/serwis\/#organization\"},\"potentialAction\":[{\"@type\":\"SearchAction\",\"target\":{\"@type\":\"EntryPoint\",\"urlTemplate\":\"https:\/\/kalinski.pl\/serwis\/?s={search_term_string}\"},\"query-input\":{\"@type\":\"PropertyValueSpecification\",\"valueRequired\":true,\"valueName\":\"search_term_string\"}}],\"inLanguage\":\"pl-PL\"},{\"@type\":\"Organization\",\"@id\":\"https:\/\/kalinski.pl\/serwis\/#organization\",\"name\":\"Kali\u0144ski\",\"url\":\"https:\/\/kalinski.pl\/serwis\/\",\"logo\":{\"@type\":\"ImageObject\",\"inLanguage\":\"pl-PL\",\"@id\":\"https:\/\/kalinski.pl\/serwis\/#\/schema\/logo\/image\/\",\"url\":\"https:\/\/kalinski.pl\/serwis\/wp-content\/uploads\/2019\/03\/cropped-logo_white.jpg\",\"contentUrl\":\"https:\/\/kalinski.pl\/serwis\/wp-content\/uploads\/2019\/03\/cropped-logo_white.jpg\",\"width\":240,\"height\":63,\"caption\":\"Kali\u0144ski\"},\"image\":{\"@id\":\"https:\/\/kalinski.pl\/serwis\/#\/schema\/logo\/image\/\"}}]}<\/script>\n<!-- \/ Yoast SEO plugin. -->","yoast_head_json":{"title":"Historia | Kali\u0144ski","robots":{"index":"index","follow":"follow","max-snippet":"max-snippet:-1","max-image-preview":"max-image-preview:large","max-video-preview":"max-video-preview:-1"},"canonical":"https:\/\/kalinski.pl\/serwis\/historia\/","og_locale":"pl_PL","og_type":"article","og_title":"Historia | Kali\u0144ski","og_description":"Firma Kali\u0144ski uk\u0142ady wydechowe powsta\u0142a w 1992 roku w miejscowo\u015bci Chyby ko\u0142o Poznania. Rodzinne przedsi\u0119biorstwo za\u0142o\u017cy\u0142 W\u0142odzimierz Kali\u0144ski. Na pocz\u0105tku zajmowali\u015bmy si\u0119 tylko sprzeda\u017c\u0105 t\u0142umik\u00f3w oraz element\u00f3w do ich monta\u017cu. Szybko okaza\u0142o si\u0119, \u017ce wybrali\u015bmy w\u0142a\u015bciw\u0105 drog\u0119, kt\u00f3ra umo\u017cliwi\u0142a rozw\u00f3j firmy. Ju\u017c w 1995 roku w naszej ofercie pojawi\u0142y si\u0119 r\u00f3wnie\u017c us\u0142ugi serwisowe i wymiana &hellip; Czytaj dalej Historia","og_url":"https:\/\/kalinski.pl\/serwis\/historia\/","og_site_name":"Kali\u0144ski","article_modified_time":"2024-12-12T12:35:49+00:00","twitter_card":"summary_large_image","twitter_misc":{"Szacowany czas czytania":"2 minuty"},"schema":{"@context":"https:\/\/schema.org","@graph":[{"@type":"WebPage","@id":"https:\/\/kalinski.pl\/serwis\/historia\/","url":"https:\/\/kalinski.pl\/serwis\/historia\/","name":"Historia | Kali\u0144ski","isPartOf":{"@id":"https:\/\/kalinski.pl\/serwis\/#website"},"datePublished":"2019-03-12T07:28:37+00:00","dateModified":"2024-12-12T12:35:49+00:00","breadcrumb":{"@id":"https:\/\/kalinski.pl\/serwis\/historia\/#breadcrumb"},"inLanguage":"pl-PL","potentialAction":[{"@type":"ReadAction","target":["https:\/\/kalinski.pl\/serwis\/historia\/"]}]},{"@type":"BreadcrumbList","@id":"https:\/\/kalinski.pl\/serwis\/historia\/#breadcrumb","itemListElement":[{"@type":"ListItem","position":1,"name":"Strona g\u0142\u00f3wna","item":"https:\/\/kalinski.pl\/serwis\/"},{"@type":"ListItem","position":2,"name":"Historia"}]},{"@type":"WebSite","@id":"https:\/\/kalinski.pl\/serwis\/#website","url":"https:\/\/kalinski.pl\/serwis\/","name":"Kali\u0144ski","description":"Uk\u0142ady wydechowe","publisher":{"@id":"https:\/\/kalinski.pl\/serwis\/#organization"},"potentialAction":[{"@type":"SearchAction","target":{"@type":"EntryPoint","urlTemplate":"https:\/\/kalinski.pl\/serwis\/?s={search_term_string}"},"query-input":{"@type":"PropertyValueSpecification","valueRequired":true,"valueName":"search_term_string"}}],"inLanguage":"pl-PL"},{"@type":"Organization","@id":"https:\/\/kalinski.pl\/serwis\/#organization","name":"Kali\u0144ski","url":"https:\/\/kalinski.pl\/serwis\/","logo":{"@type":"ImageObject","inLanguage":"pl-PL","@id":"https:\/\/kalinski.pl\/serwis\/#\/schema\/logo\/image\/","url":"https:\/\/kalinski.pl\/serwis\/wp-content\/uploads\/2019\/03\/cropped-logo_white.jpg","contentUrl":"https:\/\/kalinski.pl\/serwis\/wp-content\/uploads\/2019\/03\/cropped-logo_white.jpg","width":240,"height":63,"caption":"Kali\u0144ski"},"image":{"@id":"https:\/\/kalinski.pl\/serwis\/#\/schema\/logo\/image\/"}}]}},"_links":{"self":[{"href":"https:\/\/kalinski.pl\/serwis\/wp-json\/wp\/v2\/pages\/58","targetHints":{"allow":["GET"]}}],"collection":[{"href":"https:\/\/kalinski.pl\/serwis\/wp-json\/wp\/v2\/pages"}],"about":[{"href":"https:\/\/kalinski.pl\/serwis\/wp-json\/wp\/v2\/types\/page"}],"author":[{"embeddable":true,"href":"https:\/\/kalinski.pl\/serwis\/wp-json\/wp\/v2\/users\/821792"}],"replies":[{"embeddable":true,"href":"https:\/\/kalinski.pl\/serwis\/wp-json\/wp\/v2\/comments?post=58"}],"version-history":[{"count":6,"href":"https:\/\/kalinski.pl\/serwis\/wp-json\/wp\/v2\/pages\/58\/revisions"}],"predecessor-version":[{"id":4503,"href":"https:\/\/kalinski.pl\/serwis\/wp-json\/wp\/v2\/pages\/58\/revisions\/4503"}],"wp:attachment":[{"href":"https:\/\/kalinski.pl\/serwis\/wp-json\/wp\/v2\/media?parent=58"}],"curies":[{"name":"wp","href":"https:\/\/api.w.org\/{rel}","templated":true}]}}