{"id":56,"date":"2019-03-12T08:28:26","date_gmt":"2019-03-12T07:28:26","guid":{"rendered":"http:\/\/kalinski.pl\/?page_id=56"},"modified":"2025-10-03T09:14:13","modified_gmt":"2025-10-03T07:14:13","slug":"nasze-atuty","status":"publish","type":"page","link":"https:\/\/kalinski.pl\/serwis\/nasze-atuty\/","title":{"rendered":"Nasze atuty &#8211; Dlaczego warto u nas kupi\u0107"},"content":{"rendered":"<div class=\"na\">\n<div class=\"na_col\">\n<div class=\"na_img\"><img decoding=\"async\" class=\"alignnone size-full wp-image-748\" src=\"https:\/\/kalinski.pl\/wp-content\/uploads\/naszeatuty_dosw.jpg\" alt=\"Kali\u0144ski nasze atuty\"=\"\" \/><\/div>\n<div class=\"na_header\">Bogate do\u015bwiadczenie<\/div>\n<div class=\"na_text\">Dzia\u0142amy na rynku ponad 25 lat. Jeste\u015bmy rozpoznawalni w bran\u017cy motoryzacyjnej. Co roku uczestniczymy w targach i imprezach bran\u017cowych. Nasze produkty eksportujemy r\u00f3wnie\u017c poza teren Polski. Znamy klient\u00f3w i wiemy, jakie maj\u0105 oczekiwania oraz potrzeby.<\/div>\n<\/div>\n<div class=\"na_col\">\n<div class=\"na_img\"><img fetchpriority=\"high\" decoding=\"async\" width=\"350\" height=\"200\" class=\"alignnone size-full wp-image-181\" src=\"https:\/\/kalinski.pl\/wp-content\/uploads\/na_2.jpg\" alt=\"Kali\u0144ski nasze atuty\"=\"\"  \/><\/div>\n<div class=\"na_header\">W\u0142asna produkcja<\/div>\n<div class=\"na_text\">Sami wytwarzamy to, czego brakuje. Posiadamy maszyny do obr\u00f3bki metali, m.in. gi\u0119tark\u0119 i frezark\u0119. Dzi\u0119ki temu tworzymy metalowe elementy i podzespo\u0142y wykorzystywane nie tylko w bran\u017cy motoryzacyjnej.<\/div>\n<\/div>\n<div class=\"na_col3\">\n<div class=\"na_img\"><img decoding=\"async\" width=\"350\" height=\"200\" class=\"alignnone size-full wp-image-182\" src=\"https:\/\/kalinski.pl\/wp-content\/uploads\/na_3.jpg\" alt=\"Kali\u0144ski nasze atuty\"=\"\" \/><\/div>\n<div class=\"na_header\">Profesjonalna regeneracja<\/div>\n<div class=\"na_text\">Jako nieliczni w Polsce regenerujemy katalizatory oraz filtry cz\u0105stek sta\u0142ych poprzez wymian\u0119 wk\u0142ad\u00f3w. Przywracamy w ten spos\u00f3b pe\u0142n\u0105 sprawno\u015b\u0107 urz\u0105dzenia. Jest to zdecydowanie ta\u0144sze ni\u017c wymiana ca\u0142ego podzespo\u0142u. Opr\u00f3cz tego do regeneracji u\u017cywamy najnowszej maszyny Hartridge DPF 300.<\/div>\n<\/div>\n<div class=\"na_col\">\n<div class=\"na_img\"><img decoding=\"async\" width=\"540\" height=\"310\" class=\"alignnone size-full wp-image-527\" src=\"https:\/\/kalinski.pl\/wp-content\/uploads\/Skuteczny-serwis.png\" alt=\"Kali\u0144ski nasze atuty\"=\"\" \/><\/div>\n<div class=\"na_header\">Skuteczny serwis<\/div>\n<div class=\"na_text\">Do ka\u017cdej realizacji podchodzimy indywidualnie, szukaj\u0105c najlepszego rozwi\u0105zania. Doradzamy lub sami wykonujemy konkretn\u0105 us\u0142ug\u0119. Nasz serwis to \u201elaboratorium\u201d, w kt\u00f3rym mo\u017cemy podj\u0105\u0107 ka\u017cde wyzwanie techniczne.<\/div>\n<\/div>\n<div class=\"na_col\">\n<div class=\"na_img\"><img loading=\"lazy\" decoding=\"async\" width=\"540\" height=\"310\" class=\"alignnone size-full wp-image-520\" src=\"https:\/\/kalinski.pl\/wp-content\/uploads\/Magazyn.png\" alt=\"Kali\u0144ski nasze atuty\"=\"\"  \/><\/div>\n<div class=\"na_header\">Magazyn produkt\u00f3w<\/div>\n<div class=\"na_text\">Na ponad 14 000 m2 mamy prawie 40 000 produkt\u00f3w. Bogate zaplecze pozwala szybko dostarcza\u0107 klientom potrzebne elementy. Nie musisz czeka\u0107 na dostaw\u0119 od dystrybutor\u00f3w, obs\u0142uga dzia\u0142a bardzo sprawnie.<\/div>\n<\/div>\n<div class=\"na_col3\">\n<div class=\"na_img\"><img loading=\"lazy\" decoding=\"async\" width=\"540\" height=\"310\" class=\"alignnone size-full wp-image-525\" src=\"https:\/\/kalinski.pl\/wp-content\/uploads\/Sprawdzeni-dostawcy.png\" alt=\"Kali\u0144ski nasze atuty\"=\"\"  \/><\/div>\n<div class=\"na_header\">Sprawdzeni dostawcy<\/div>\n<div class=\"na_text\">Wsp\u00f3\u0142pracujemy ze znanymi firmami z bran\u017cy (zar\u00f3wno z Polski, jak i zagranicy), kt\u00f3re swoj\u0105 mark\u0105 gwarantuj\u0105 najlepsz\u0105 jako\u015b\u0107 oraz obs\u0142ug\u0119. Nasze produkty wyr\u00f3\u017cnia niezawodno\u015b\u0107.<\/div>\n<\/div>\n<div class=\"na_col\">\n<div class=\"na_img\"><img decoding=\"async\" class=\"alignnone size-full wp-image-522\" src=\"https:\/\/kalinski.pl\/wp-content\/uploads\/naszeatuty_obs.jpg\" alt=\"Kali\u0144ski nasze atuty\"=\"\" \/><\/div>\n<div class=\"na_header\">Kompleksowa obs\u0142uga<\/div>\n<div class=\"na_text\">Zam\u00f3wienia realizujemy szybko i sprawnie. Zazwyczaj klienci dostaj\u0105 kupiony produkt ju\u017c na drugi dzie\u0144. Nasz\u0105 renom\u0119 potwierdzaj\u0105 pozytywne opinie w internecie oraz te wypowiedziane na targach czy innych imprezach bran\u017cowych.<\/div>\n<\/div>\n<div class=\"na_col\">\n<div class=\"na_img\"><img loading=\"lazy\" decoding=\"async\" width=\"350\" height=\"200\" class=\"alignnone size-full wp-image-187\" src=\"https:\/\/kalinski.pl\/wp-content\/uploads\/na_8.jpg\" alt=\"Kali\u0144ski nasze atuty\"=\"\"  \/><\/div>\n<div class=\"na_header\">R\u00f3\u017cnorodno\u015b\u0107 produkt\u00f3w<\/div>\n<div class=\"na_text\">W kompleksowy spos\u00f3b zajmujemy si\u0119 uk\u0142adami wydechowymi. Oferujemy podzespo\u0142y, cz\u0119\u015bci do wydech\u00f3w, elementy mocuj\u0105ce. U nas zam\u00f3wisz wszystko, co niezb\u0119dne do naprawy lub wymiany uk\u0142ad\u00f3w wydechowych.<\/div>\n<\/div>\n<div class=\"na_col3\">\n<div class=\"na_img\"><img loading=\"lazy\" decoding=\"async\" width=\"350\" height=\"200\" class=\"alignnone size-full wp-image-188\" src=\"https:\/\/kalinski.pl\/wp-content\/uploads\/na_9.jpg\" alt=\"Kali\u0144ski nasze atuty\"=\"\"\/><\/div>\n<div class=\"na_header\">Dystrybucja<\/div>\n<div class=\"na_text\">Nasze produkty mo\u017cna kupi\u0107 z dowolnego miejsca na \u015bwiecie z dost\u0119pem do telefonu lub internetu. Posiadamy w\u0142asny, bardzo rozbudowany sklep internetowy, jeste\u015bmy obecni na platformach Allegro, eBay, Autoline. Opr\u00f3cz zam\u00f3wie\u0144 internetowych realizujemy zam\u00f3wienia telefoniczne. Nasze produkty eksportujemy na ca\u0142y \u015bwiat.<\/div>\n<\/div>\n<\/div>\n","protected":false},"excerpt":{"rendered":"<p>Bogate do\u015bwiadczenie Dzia\u0142amy na rynku ponad 25 lat. Jeste\u015bmy rozpoznawalni w bran\u017cy motoryzacyjnej. Co roku uczestniczymy w targach i imprezach bran\u017cowych. Nasze produkty eksportujemy r\u00f3wnie\u017c poza teren Polski. Znamy klient\u00f3w i wiemy, jakie maj\u0105 oczekiwania oraz potrzeby. W\u0142asna produkcja Sami wytwarzamy to, czego brakuje. Posiadamy maszyny do obr\u00f3bki metali, m.in. gi\u0119tark\u0119 i frezark\u0119. Dzi\u0119ki temu &hellip; <a href=\"https:\/\/kalinski.pl\/serwis\/nasze-atuty\/\" class=\"more-link\">Czytaj dalej<span class=\"screen-reader-text\"> Nasze atuty &#8211; Dlaczego warto u nas kupi\u0107<\/span><\/a><\/p>\n","protected":false},"author":821792,"featured_media":0,"parent":0,"menu_order":0,"comment_status":"closed","ping_status":"closed","template":"","meta":{"footnotes":""},"class_list":["post-56","page","type-page","status-publish","hentry"],"yoast_head":"<!-- This site is optimized with the Yoast SEO plugin v26.7 - https:\/\/yoast.com\/wordpress\/plugins\/seo\/ -->\n<title>Nasze atuty - Dlaczego warto u nas kupi\u0107 | Kali\u0144ski<\/title>\n<meta name=\"robots\" content=\"index, follow, max-snippet:-1, max-image-preview:large, max-video-preview:-1\" \/>\n<link rel=\"canonical\" href=\"https:\/\/kalinski.pl\/serwis\/nasze-atuty\/\" \/>\n<meta property=\"og:locale\" content=\"pl_PL\" \/>\n<meta property=\"og:type\" content=\"article\" \/>\n<meta property=\"og:title\" content=\"Nasze atuty - Dlaczego warto u nas kupi\u0107 | Kali\u0144ski\" \/>\n<meta property=\"og:description\" content=\"Bogate do\u015bwiadczenie Dzia\u0142amy na rynku ponad 25 lat. Jeste\u015bmy rozpoznawalni w bran\u017cy motoryzacyjnej. Co roku uczestniczymy w targach i imprezach bran\u017cowych. Nasze produkty eksportujemy r\u00f3wnie\u017c poza teren Polski. Znamy klient\u00f3w i wiemy, jakie maj\u0105 oczekiwania oraz potrzeby. W\u0142asna produkcja Sami wytwarzamy to, czego brakuje. Posiadamy maszyny do obr\u00f3bki metali, m.in. gi\u0119tark\u0119 i frezark\u0119. Dzi\u0119ki temu &hellip; Czytaj dalej Nasze atuty &#8211; Dlaczego warto u nas kupi\u0107\" \/>\n<meta property=\"og:url\" content=\"https:\/\/kalinski.pl\/serwis\/nasze-atuty\/\" \/>\n<meta property=\"og:site_name\" content=\"Kali\u0144ski\" \/>\n<meta property=\"article:modified_time\" content=\"2025-10-03T07:14:13+00:00\" \/>\n<meta property=\"og:image\" content=\"https:\/\/kalinski.pl\/wp-content\/uploads\/naszeatuty_dosw.jpg\" \/>\n<meta name=\"twitter:card\" content=\"summary_large_image\" \/>\n<meta name=\"twitter:label1\" content=\"Szacowany czas czytania\" \/>\n\t<meta name=\"twitter:data1\" content=\"4 minuty\" \/>\n<script type=\"application\/ld+json\" class=\"yoast-schema-graph\">{\"@context\":\"https:\/\/schema.org\",\"@graph\":[{\"@type\":\"WebPage\",\"@id\":\"https:\/\/kalinski.pl\/serwis\/nasze-atuty\/\",\"url\":\"https:\/\/kalinski.pl\/serwis\/nasze-atuty\/\",\"name\":\"Nasze atuty - Dlaczego warto u nas kupi\u0107 | Kali\u0144ski\",\"isPartOf\":{\"@id\":\"https:\/\/kalinski.pl\/serwis\/#website\"},\"primaryImageOfPage\":{\"@id\":\"https:\/\/kalinski.pl\/serwis\/nasze-atuty\/#primaryimage\"},\"image\":{\"@id\":\"https:\/\/kalinski.pl\/serwis\/nasze-atuty\/#primaryimage\"},\"thumbnailUrl\":\"https:\/\/kalinski.pl\/wp-content\/uploads\/naszeatuty_dosw.jpg\",\"datePublished\":\"2019-03-12T07:28:26+00:00\",\"dateModified\":\"2025-10-03T07:14:13+00:00\",\"breadcrumb\":{\"@id\":\"https:\/\/kalinski.pl\/serwis\/nasze-atuty\/#breadcrumb\"},\"inLanguage\":\"pl-PL\",\"potentialAction\":[{\"@type\":\"ReadAction\",\"target\":[\"https:\/\/kalinski.pl\/serwis\/nasze-atuty\/\"]}]},{\"@type\":\"ImageObject\",\"inLanguage\":\"pl-PL\",\"@id\":\"https:\/\/kalinski.pl\/serwis\/nasze-atuty\/#primaryimage\",\"url\":\"https:\/\/kalinski.pl\/wp-content\/uploads\/naszeatuty_dosw.jpg\",\"contentUrl\":\"https:\/\/kalinski.pl\/wp-content\/uploads\/naszeatuty_dosw.jpg\"},{\"@type\":\"BreadcrumbList\",\"@id\":\"https:\/\/kalinski.pl\/serwis\/nasze-atuty\/#breadcrumb\",\"itemListElement\":[{\"@type\":\"ListItem\",\"position\":1,\"name\":\"Strona g\u0142\u00f3wna\",\"item\":\"https:\/\/kalinski.pl\/serwis\/\"},{\"@type\":\"ListItem\",\"position\":2,\"name\":\"Nasze atuty &#8211; Dlaczego warto u nas kupi\u0107\"}]},{\"@type\":\"WebSite\",\"@id\":\"https:\/\/kalinski.pl\/serwis\/#website\",\"url\":\"https:\/\/kalinski.pl\/serwis\/\",\"name\":\"Kali\u0144ski\",\"description\":\"Uk\u0142ady wydechowe\",\"publisher\":{\"@id\":\"https:\/\/kalinski.pl\/serwis\/#organization\"},\"potentialAction\":[{\"@type\":\"SearchAction\",\"target\":{\"@type\":\"EntryPoint\",\"urlTemplate\":\"https:\/\/kalinski.pl\/serwis\/?s={search_term_string}\"},\"query-input\":{\"@type\":\"PropertyValueSpecification\",\"valueRequired\":true,\"valueName\":\"search_term_string\"}}],\"inLanguage\":\"pl-PL\"},{\"@type\":\"Organization\",\"@id\":\"https:\/\/kalinski.pl\/serwis\/#organization\",\"name\":\"Kali\u0144ski\",\"url\":\"https:\/\/kalinski.pl\/serwis\/\",\"logo\":{\"@type\":\"ImageObject\",\"inLanguage\":\"pl-PL\",\"@id\":\"https:\/\/kalinski.pl\/serwis\/#\/schema\/logo\/image\/\",\"url\":\"https:\/\/kalinski.pl\/serwis\/wp-content\/uploads\/2019\/03\/cropped-logo_white.jpg\",\"contentUrl\":\"https:\/\/kalinski.pl\/serwis\/wp-content\/uploads\/2019\/03\/cropped-logo_white.jpg\",\"width\":240,\"height\":63,\"caption\":\"Kali\u0144ski\"},\"image\":{\"@id\":\"https:\/\/kalinski.pl\/serwis\/#\/schema\/logo\/image\/\"}}]}<\/script>\n<!-- \/ Yoast SEO plugin. -->","yoast_head_json":{"title":"Nasze atuty - Dlaczego warto u nas kupi\u0107 | Kali\u0144ski","robots":{"index":"index","follow":"follow","max-snippet":"max-snippet:-1","max-image-preview":"max-image-preview:large","max-video-preview":"max-video-preview:-1"},"canonical":"https:\/\/kalinski.pl\/serwis\/nasze-atuty\/","og_locale":"pl_PL","og_type":"article","og_title":"Nasze atuty - Dlaczego warto u nas kupi\u0107 | Kali\u0144ski","og_description":"Bogate do\u015bwiadczenie Dzia\u0142amy na rynku ponad 25 lat. Jeste\u015bmy rozpoznawalni w bran\u017cy motoryzacyjnej. Co roku uczestniczymy w targach i imprezach bran\u017cowych. Nasze produkty eksportujemy r\u00f3wnie\u017c poza teren Polski. Znamy klient\u00f3w i wiemy, jakie maj\u0105 oczekiwania oraz potrzeby. W\u0142asna produkcja Sami wytwarzamy to, czego brakuje. Posiadamy maszyny do obr\u00f3bki metali, m.in. gi\u0119tark\u0119 i frezark\u0119. Dzi\u0119ki temu &hellip; Czytaj dalej Nasze atuty &#8211; Dlaczego warto u nas kupi\u0107","og_url":"https:\/\/kalinski.pl\/serwis\/nasze-atuty\/","og_site_name":"Kali\u0144ski","article_modified_time":"2025-10-03T07:14:13+00:00","og_image":[{"url":"https:\/\/kalinski.pl\/wp-content\/uploads\/naszeatuty_dosw.jpg","type":"","width":"","height":""}],"twitter_card":"summary_large_image","twitter_misc":{"Szacowany czas czytania":"4 minuty"},"schema":{"@context":"https:\/\/schema.org","@graph":[{"@type":"WebPage","@id":"https:\/\/kalinski.pl\/serwis\/nasze-atuty\/","url":"https:\/\/kalinski.pl\/serwis\/nasze-atuty\/","name":"Nasze atuty - Dlaczego warto u nas kupi\u0107 | Kali\u0144ski","isPartOf":{"@id":"https:\/\/kalinski.pl\/serwis\/#website"},"primaryImageOfPage":{"@id":"https:\/\/kalinski.pl\/serwis\/nasze-atuty\/#primaryimage"},"image":{"@id":"https:\/\/kalinski.pl\/serwis\/nasze-atuty\/#primaryimage"},"thumbnailUrl":"https:\/\/kalinski.pl\/wp-content\/uploads\/naszeatuty_dosw.jpg","datePublished":"2019-03-12T07:28:26+00:00","dateModified":"2025-10-03T07:14:13+00:00","breadcrumb":{"@id":"https:\/\/kalinski.pl\/serwis\/nasze-atuty\/#breadcrumb"},"inLanguage":"pl-PL","potentialAction":[{"@type":"ReadAction","target":["https:\/\/kalinski.pl\/serwis\/nasze-atuty\/"]}]},{"@type":"ImageObject","inLanguage":"pl-PL","@id":"https:\/\/kalinski.pl\/serwis\/nasze-atuty\/#primaryimage","url":"https:\/\/kalinski.pl\/wp-content\/uploads\/naszeatuty_dosw.jpg","contentUrl":"https:\/\/kalinski.pl\/wp-content\/uploads\/naszeatuty_dosw.jpg"},{"@type":"BreadcrumbList","@id":"https:\/\/kalinski.pl\/serwis\/nasze-atuty\/#breadcrumb","itemListElement":[{"@type":"ListItem","position":1,"name":"Strona g\u0142\u00f3wna","item":"https:\/\/kalinski.pl\/serwis\/"},{"@type":"ListItem","position":2,"name":"Nasze atuty &#8211; Dlaczego warto u nas kupi\u0107"}]},{"@type":"WebSite","@id":"https:\/\/kalinski.pl\/serwis\/#website","url":"https:\/\/kalinski.pl\/serwis\/","name":"Kali\u0144ski","description":"Uk\u0142ady wydechowe","publisher":{"@id":"https:\/\/kalinski.pl\/serwis\/#organization"},"potentialAction":[{"@type":"SearchAction","target":{"@type":"EntryPoint","urlTemplate":"https:\/\/kalinski.pl\/serwis\/?s={search_term_string}"},"query-input":{"@type":"PropertyValueSpecification","valueRequired":true,"valueName":"search_term_string"}}],"inLanguage":"pl-PL"},{"@type":"Organization","@id":"https:\/\/kalinski.pl\/serwis\/#organization","name":"Kali\u0144ski","url":"https:\/\/kalinski.pl\/serwis\/","logo":{"@type":"ImageObject","inLanguage":"pl-PL","@id":"https:\/\/kalinski.pl\/serwis\/#\/schema\/logo\/image\/","url":"https:\/\/kalinski.pl\/serwis\/wp-content\/uploads\/2019\/03\/cropped-logo_white.jpg","contentUrl":"https:\/\/kalinski.pl\/serwis\/wp-content\/uploads\/2019\/03\/cropped-logo_white.jpg","width":240,"height":63,"caption":"Kali\u0144ski"},"image":{"@id":"https:\/\/kalinski.pl\/serwis\/#\/schema\/logo\/image\/"}}]}},"_links":{"self":[{"href":"https:\/\/kalinski.pl\/serwis\/wp-json\/wp\/v2\/pages\/56","targetHints":{"allow":["GET"]}}],"collection":[{"href":"https:\/\/kalinski.pl\/serwis\/wp-json\/wp\/v2\/pages"}],"about":[{"href":"https:\/\/kalinski.pl\/serwis\/wp-json\/wp\/v2\/types\/page"}],"author":[{"embeddable":true,"href":"https:\/\/kalinski.pl\/serwis\/wp-json\/wp\/v2\/users\/821792"}],"replies":[{"embeddable":true,"href":"https:\/\/kalinski.pl\/serwis\/wp-json\/wp\/v2\/comments?post=56"}],"version-history":[{"count":4,"href":"https:\/\/kalinski.pl\/serwis\/wp-json\/wp\/v2\/pages\/56\/revisions"}],"predecessor-version":[{"id":4575,"href":"https:\/\/kalinski.pl\/serwis\/wp-json\/wp\/v2\/pages\/56\/revisions\/4575"}],"wp:attachment":[{"href":"https:\/\/kalinski.pl\/serwis\/wp-json\/wp\/v2\/media?parent=56"}],"curies":[{"name":"wp","href":"https:\/\/api.w.org\/{rel}","templated":true}]}}