{"id":50,"date":"2019-03-12T08:28:02","date_gmt":"2019-03-12T07:28:02","guid":{"rendered":"http:\/\/kalinski.pl\/?page_id=50"},"modified":"2025-10-02T15:51:08","modified_gmt":"2025-10-02T13:51:08","slug":"o-nas","status":"publish","type":"page","link":"https:\/\/kalinski.pl\/serwis\/o-nas\/","title":{"rendered":"O nas"},"content":{"rendered":"<div class=\"onas_full\"><a href=\"https:\/\/www.google.com\/maps\/@52.4603968,16.7630098,3a,75y,13.39h,95.62t\/data=!3m6!1e1!3m4!1sAF1QipP5cQPX2uzG3N1VZc7HFDZm9hzFBBzdVjsTm7AI!2e10!7i10000!8i5000\" rel=\"noopener noreferrer\" target=\"_blank\"><img decoding=\"async\" class=\"alignnone size-full wp-image-534\" src=\"https:\/\/kalinski.pl\/wp-content\/uploads\/onasmain.jpg\" alt=\"O nas\"\/><span class=\"span_full_link\"><span class=\"h2_span\">Wirtualny spacer<\/span> <span class=\"span_arrow\"><\/span><\/span><\/a><\/div>\n<div class=\"onas_minus\"><\/div>\n<p>Nasz\u0105 firm\u0119 tworz\u0105 pasjonaci motoryzacji, kt\u00f3rzy nieprzerwanie od ponad 25 lat zajmuj\u0105 si\u0119 serwisem, napraw\u0105, a tak\u017ce produkcj\u0105 i dystrybucj\u0105 uk\u0142ad\u00f3w wydechowych do wszelkiego rodzaju pojazd\u00f3w. Potrafimy zrealizowa\u0107 nawet najbardziej wymagaj\u0105ce i trudne zam\u00f3wienia klient\u00f3w. Ci\u0105gle si\u0119 rozwijamy i z ch\u0119ci\u0105 realizujemy nowe pomys\u0142y.<\/p>\n<p>W naszej ofercie znajdziesz t\u0142umiki, ozdobne ko\u0144c\u00f3wki do t\u0142umik\u00f3w, katalizatory, filtry cz\u0105steczek sta\u0142ych, FAP, DPF, GPF rury gi\u0119te, kolana, a tak\u017ce elementy mocowa\u0144 i przy\u0142\u0105czy.<br \/>\nZajmujemy si\u0119 r\u00f3wnie\u017c dystrybucj\u0105 produkt\u00f3w do uk\u0142ad\u00f3w wydechowych \u015bwiatowych marek, takich jak: Walker, Imasaf, Bosal oraz polskich lider\u00f3w rynku: Polmostr\u00f3w, Edex, Ferroz. Wszystkie nasze produkty obejrzysz i zam\u00f3wisz w sklepie internetowym sklep.kalinski.pl.<\/p>\n<p>Jako\u015b\u0107 naszych us\u0142ug oraz produkt\u00f3w doceniaj\u0105 najwi\u0119ksze firmy z bran\u017cy motoryzacyjnej. Jeste\u015bmy oficjalnym partnerem najwi\u0119kszej sieci hurtowni cz\u0119\u015bci samochodowych \u2013 Inter Cars oraz grupy dealerskiej Krotoski-Cichy. Znajdziesz nas tak\u017ce na popularnych platformach bran\u017cowych, takich jak: Motointegrator, Superexpo, Dobry Mechanik itp.<\/p>\n<p><iframe title=\"Kali\u0144ski - Uk\u0142ady Wydechowe \/ Exhaust Systems  - Promo Film\" width=\"840\" height=\"473\" src=\"https:\/\/www.youtube.com\/embed\/rkkp0eClq8c?feature=oembed\" frameborder=\"0\" allow=\"accelerometer; autoplay; clipboard-write; encrypted-media; gyroscope; picture-in-picture; web-share\" referrerpolicy=\"strict-origin-when-cross-origin\" allowfullscreen><\/iframe><\/p>\n","protected":false},"excerpt":{"rendered":"<p>Wirtualny spacer Nasz\u0105 firm\u0119 tworz\u0105 pasjonaci motoryzacji, kt\u00f3rzy nieprzerwanie od ponad 25 lat zajmuj\u0105 si\u0119 serwisem, napraw\u0105, a tak\u017ce produkcj\u0105 i dystrybucj\u0105 uk\u0142ad\u00f3w wydechowych do wszelkiego rodzaju pojazd\u00f3w. Potrafimy zrealizowa\u0107 nawet najbardziej wymagaj\u0105ce i trudne zam\u00f3wienia klient\u00f3w. Ci\u0105gle si\u0119 rozwijamy i z ch\u0119ci\u0105 realizujemy nowe pomys\u0142y. W naszej ofercie znajdziesz t\u0142umiki, ozdobne ko\u0144c\u00f3wki do t\u0142umik\u00f3w, &hellip; <a href=\"https:\/\/kalinski.pl\/serwis\/o-nas\/\" class=\"more-link\">Czytaj dalej<span class=\"screen-reader-text\"> O nas<\/span><\/a><\/p>\n","protected":false},"author":821792,"featured_media":0,"parent":0,"menu_order":0,"comment_status":"closed","ping_status":"closed","template":"","meta":{"footnotes":""},"class_list":["post-50","page","type-page","status-publish","hentry"],"yoast_head":"<!-- This site is optimized with the Yoast SEO plugin v26.7 - https:\/\/yoast.com\/wordpress\/plugins\/seo\/ -->\n<title>O nas | Kali\u0144ski<\/title>\n<meta name=\"robots\" content=\"index, follow, max-snippet:-1, max-image-preview:large, max-video-preview:-1\" \/>\n<link rel=\"canonical\" href=\"https:\/\/kalinski.pl\/serwis\/o-nas\/\" \/>\n<meta property=\"og:locale\" content=\"pl_PL\" \/>\n<meta property=\"og:type\" content=\"article\" \/>\n<meta property=\"og:title\" content=\"O nas | Kali\u0144ski\" \/>\n<meta property=\"og:description\" content=\"Wirtualny spacer Nasz\u0105 firm\u0119 tworz\u0105 pasjonaci motoryzacji, kt\u00f3rzy nieprzerwanie od ponad 25 lat zajmuj\u0105 si\u0119 serwisem, napraw\u0105, a tak\u017ce produkcj\u0105 i dystrybucj\u0105 uk\u0142ad\u00f3w wydechowych do wszelkiego rodzaju pojazd\u00f3w. Potrafimy zrealizowa\u0107 nawet najbardziej wymagaj\u0105ce i trudne zam\u00f3wienia klient\u00f3w. Ci\u0105gle si\u0119 rozwijamy i z ch\u0119ci\u0105 realizujemy nowe pomys\u0142y. W naszej ofercie znajdziesz t\u0142umiki, ozdobne ko\u0144c\u00f3wki do t\u0142umik\u00f3w, &hellip; Czytaj dalej O nas\" \/>\n<meta property=\"og:url\" content=\"https:\/\/kalinski.pl\/serwis\/o-nas\/\" \/>\n<meta property=\"og:site_name\" content=\"Kali\u0144ski\" \/>\n<meta property=\"article:modified_time\" content=\"2025-10-02T13:51:08+00:00\" \/>\n<meta property=\"og:image\" content=\"https:\/\/kalinski.pl\/wp-content\/uploads\/onasmain.jpg\" \/>\n<meta name=\"twitter:card\" content=\"summary_large_image\" \/>\n<meta name=\"twitter:label1\" content=\"Szacowany czas czytania\" \/>\n\t<meta name=\"twitter:data1\" content=\"2 minuty\" \/>\n<script type=\"application\/ld+json\" class=\"yoast-schema-graph\">{\"@context\":\"https:\/\/schema.org\",\"@graph\":[{\"@type\":\"WebPage\",\"@id\":\"https:\/\/kalinski.pl\/serwis\/o-nas\/\",\"url\":\"https:\/\/kalinski.pl\/serwis\/o-nas\/\",\"name\":\"O nas | Kali\u0144ski\",\"isPartOf\":{\"@id\":\"https:\/\/kalinski.pl\/serwis\/#website\"},\"primaryImageOfPage\":{\"@id\":\"https:\/\/kalinski.pl\/serwis\/o-nas\/#primaryimage\"},\"image\":{\"@id\":\"https:\/\/kalinski.pl\/serwis\/o-nas\/#primaryimage\"},\"thumbnailUrl\":\"https:\/\/kalinski.pl\/wp-content\/uploads\/onasmain.jpg\",\"datePublished\":\"2019-03-12T07:28:02+00:00\",\"dateModified\":\"2025-10-02T13:51:08+00:00\",\"breadcrumb\":{\"@id\":\"https:\/\/kalinski.pl\/serwis\/o-nas\/#breadcrumb\"},\"inLanguage\":\"pl-PL\",\"potentialAction\":[{\"@type\":\"ReadAction\",\"target\":[\"https:\/\/kalinski.pl\/serwis\/o-nas\/\"]}]},{\"@type\":\"ImageObject\",\"inLanguage\":\"pl-PL\",\"@id\":\"https:\/\/kalinski.pl\/serwis\/o-nas\/#primaryimage\",\"url\":\"https:\/\/kalinski.pl\/wp-content\/uploads\/onasmain.jpg\",\"contentUrl\":\"https:\/\/kalinski.pl\/wp-content\/uploads\/onasmain.jpg\"},{\"@type\":\"BreadcrumbList\",\"@id\":\"https:\/\/kalinski.pl\/serwis\/o-nas\/#breadcrumb\",\"itemListElement\":[{\"@type\":\"ListItem\",\"position\":1,\"name\":\"Strona g\u0142\u00f3wna\",\"item\":\"https:\/\/kalinski.pl\/serwis\/\"},{\"@type\":\"ListItem\",\"position\":2,\"name\":\"O nas\"}]},{\"@type\":\"WebSite\",\"@id\":\"https:\/\/kalinski.pl\/serwis\/#website\",\"url\":\"https:\/\/kalinski.pl\/serwis\/\",\"name\":\"Kali\u0144ski\",\"description\":\"Uk\u0142ady wydechowe\",\"publisher\":{\"@id\":\"https:\/\/kalinski.pl\/serwis\/#organization\"},\"potentialAction\":[{\"@type\":\"SearchAction\",\"target\":{\"@type\":\"EntryPoint\",\"urlTemplate\":\"https:\/\/kalinski.pl\/serwis\/?s={search_term_string}\"},\"query-input\":{\"@type\":\"PropertyValueSpecification\",\"valueRequired\":true,\"valueName\":\"search_term_string\"}}],\"inLanguage\":\"pl-PL\"},{\"@type\":\"Organization\",\"@id\":\"https:\/\/kalinski.pl\/serwis\/#organization\",\"name\":\"Kali\u0144ski\",\"url\":\"https:\/\/kalinski.pl\/serwis\/\",\"logo\":{\"@type\":\"ImageObject\",\"inLanguage\":\"pl-PL\",\"@id\":\"https:\/\/kalinski.pl\/serwis\/#\/schema\/logo\/image\/\",\"url\":\"https:\/\/kalinski.pl\/serwis\/wp-content\/uploads\/2019\/03\/cropped-logo_white.jpg\",\"contentUrl\":\"https:\/\/kalinski.pl\/serwis\/wp-content\/uploads\/2019\/03\/cropped-logo_white.jpg\",\"width\":240,\"height\":63,\"caption\":\"Kali\u0144ski\"},\"image\":{\"@id\":\"https:\/\/kalinski.pl\/serwis\/#\/schema\/logo\/image\/\"}}]}<\/script>\n<!-- \/ Yoast SEO plugin. -->","yoast_head_json":{"title":"O nas | Kali\u0144ski","robots":{"index":"index","follow":"follow","max-snippet":"max-snippet:-1","max-image-preview":"max-image-preview:large","max-video-preview":"max-video-preview:-1"},"canonical":"https:\/\/kalinski.pl\/serwis\/o-nas\/","og_locale":"pl_PL","og_type":"article","og_title":"O nas | Kali\u0144ski","og_description":"Wirtualny spacer Nasz\u0105 firm\u0119 tworz\u0105 pasjonaci motoryzacji, kt\u00f3rzy nieprzerwanie od ponad 25 lat zajmuj\u0105 si\u0119 serwisem, napraw\u0105, a tak\u017ce produkcj\u0105 i dystrybucj\u0105 uk\u0142ad\u00f3w wydechowych do wszelkiego rodzaju pojazd\u00f3w. Potrafimy zrealizowa\u0107 nawet najbardziej wymagaj\u0105ce i trudne zam\u00f3wienia klient\u00f3w. Ci\u0105gle si\u0119 rozwijamy i z ch\u0119ci\u0105 realizujemy nowe pomys\u0142y. W naszej ofercie znajdziesz t\u0142umiki, ozdobne ko\u0144c\u00f3wki do t\u0142umik\u00f3w, &hellip; Czytaj dalej O nas","og_url":"https:\/\/kalinski.pl\/serwis\/o-nas\/","og_site_name":"Kali\u0144ski","article_modified_time":"2025-10-02T13:51:08+00:00","og_image":[{"url":"https:\/\/kalinski.pl\/wp-content\/uploads\/onasmain.jpg","type":"","width":"","height":""}],"twitter_card":"summary_large_image","twitter_misc":{"Szacowany czas czytania":"2 minuty"},"schema":{"@context":"https:\/\/schema.org","@graph":[{"@type":"WebPage","@id":"https:\/\/kalinski.pl\/serwis\/o-nas\/","url":"https:\/\/kalinski.pl\/serwis\/o-nas\/","name":"O nas | Kali\u0144ski","isPartOf":{"@id":"https:\/\/kalinski.pl\/serwis\/#website"},"primaryImageOfPage":{"@id":"https:\/\/kalinski.pl\/serwis\/o-nas\/#primaryimage"},"image":{"@id":"https:\/\/kalinski.pl\/serwis\/o-nas\/#primaryimage"},"thumbnailUrl":"https:\/\/kalinski.pl\/wp-content\/uploads\/onasmain.jpg","datePublished":"2019-03-12T07:28:02+00:00","dateModified":"2025-10-02T13:51:08+00:00","breadcrumb":{"@id":"https:\/\/kalinski.pl\/serwis\/o-nas\/#breadcrumb"},"inLanguage":"pl-PL","potentialAction":[{"@type":"ReadAction","target":["https:\/\/kalinski.pl\/serwis\/o-nas\/"]}]},{"@type":"ImageObject","inLanguage":"pl-PL","@id":"https:\/\/kalinski.pl\/serwis\/o-nas\/#primaryimage","url":"https:\/\/kalinski.pl\/wp-content\/uploads\/onasmain.jpg","contentUrl":"https:\/\/kalinski.pl\/wp-content\/uploads\/onasmain.jpg"},{"@type":"BreadcrumbList","@id":"https:\/\/kalinski.pl\/serwis\/o-nas\/#breadcrumb","itemListElement":[{"@type":"ListItem","position":1,"name":"Strona g\u0142\u00f3wna","item":"https:\/\/kalinski.pl\/serwis\/"},{"@type":"ListItem","position":2,"name":"O nas"}]},{"@type":"WebSite","@id":"https:\/\/kalinski.pl\/serwis\/#website","url":"https:\/\/kalinski.pl\/serwis\/","name":"Kali\u0144ski","description":"Uk\u0142ady wydechowe","publisher":{"@id":"https:\/\/kalinski.pl\/serwis\/#organization"},"potentialAction":[{"@type":"SearchAction","target":{"@type":"EntryPoint","urlTemplate":"https:\/\/kalinski.pl\/serwis\/?s={search_term_string}"},"query-input":{"@type":"PropertyValueSpecification","valueRequired":true,"valueName":"search_term_string"}}],"inLanguage":"pl-PL"},{"@type":"Organization","@id":"https:\/\/kalinski.pl\/serwis\/#organization","name":"Kali\u0144ski","url":"https:\/\/kalinski.pl\/serwis\/","logo":{"@type":"ImageObject","inLanguage":"pl-PL","@id":"https:\/\/kalinski.pl\/serwis\/#\/schema\/logo\/image\/","url":"https:\/\/kalinski.pl\/serwis\/wp-content\/uploads\/2019\/03\/cropped-logo_white.jpg","contentUrl":"https:\/\/kalinski.pl\/serwis\/wp-content\/uploads\/2019\/03\/cropped-logo_white.jpg","width":240,"height":63,"caption":"Kali\u0144ski"},"image":{"@id":"https:\/\/kalinski.pl\/serwis\/#\/schema\/logo\/image\/"}}]}},"_links":{"self":[{"href":"https:\/\/kalinski.pl\/serwis\/wp-json\/wp\/v2\/pages\/50","targetHints":{"allow":["GET"]}}],"collection":[{"href":"https:\/\/kalinski.pl\/serwis\/wp-json\/wp\/v2\/pages"}],"about":[{"href":"https:\/\/kalinski.pl\/serwis\/wp-json\/wp\/v2\/types\/page"}],"author":[{"embeddable":true,"href":"https:\/\/kalinski.pl\/serwis\/wp-json\/wp\/v2\/users\/821792"}],"replies":[{"embeddable":true,"href":"https:\/\/kalinski.pl\/serwis\/wp-json\/wp\/v2\/comments?post=50"}],"version-history":[{"count":2,"href":"https:\/\/kalinski.pl\/serwis\/wp-json\/wp\/v2\/pages\/50\/revisions"}],"predecessor-version":[{"id":4571,"href":"https:\/\/kalinski.pl\/serwis\/wp-json\/wp\/v2\/pages\/50\/revisions\/4571"}],"wp:attachment":[{"href":"https:\/\/kalinski.pl\/serwis\/wp-json\/wp\/v2\/media?parent=50"}],"curies":[{"name":"wp","href":"https:\/\/api.w.org\/{rel}","templated":true}]}}