{"id":4604,"date":"2025-12-18T13:48:13","date_gmt":"2025-12-18T12:48:13","guid":{"rendered":"https:\/\/kalinski.pl\/?page_id=4604"},"modified":"2025-12-18T15:30:05","modified_gmt":"2025-12-18T14:30:05","slug":"yanosik","status":"publish","type":"page","link":"https:\/\/kalinski.pl\/serwis\/yanosik\/","title":{"rendered":"Yanosik &#8211; rabat na serwis"},"content":{"rendered":"<p>&nbsp;<\/p>\n<p style=\"text-align: center;\">Zadzwo\u0144 do naszej firmy i um\u00f3w wizyt\u0119 w naszym serwisie, podaj\u0105c has\u0142o <strong>\u201eYANOSIK\u201d<\/strong> zyskasz <strong>5% rabatu<\/strong> na us\u0142ug\u0119.<\/p>\n<p style=\"text-align: center;\"><strong>Pami\u0119taj musisz poda\u0107 has\u0142o podczas zapisywania si\u0119 na wizyt\u0119! Promocja obowi\u0105zuje do 31.03.2026<\/strong><\/p>\n<p style=\"text-align: center;\">Nasza firma zajmuje si\u0119 serwisem uk\u0142ad\u00f3w wydechowym, w tym regeneracj\u0105 filtr\u00f3w cz\u0105stek sta\u0142ych (filtry DPF, FAP, GPF), katalizator\u00f3w, wymian\u0105 t\u0142umik\u00f3w czy r\u00f3wnie\u017c produkcj\u0105, tuningiem, modyfikacjami wydech\u00f3w na specjalne zam\u00f3wienie.<\/p>\n<p style=\"text-align: center;\">Wejd\u017a na nasz\u0105 stron\u0119 g\u0142\u00f3wn\u0105 i zobacz czym si\u0119 zajmujemy: <a href=\"https:\/\/kalinski.pl\/?_gl=1%2A174oob3%2A_up%2AMQ..%2A_ga%2AMTM0NTY4NTg2LjE3NjYwNjIxOTA.%2A_ga_LR09408QXL%2AczE3NjYwNjIxODkkbzEkZzAkdDE3NjYwNjIxODkkajYwJGwwJGg5MzAxODMxOTY.\">STRONA<\/a><\/p>\n","protected":false},"excerpt":{"rendered":"<p>&nbsp; Zadzwo\u0144 do naszej firmy i um\u00f3w wizyt\u0119 w naszym serwisie, podaj\u0105c has\u0142o \u201eYANOSIK\u201d zyskasz 5% rabatu na us\u0142ug\u0119. Pami\u0119taj musisz poda\u0107 has\u0142o podczas zapisywania si\u0119 na wizyt\u0119! Promocja obowi\u0105zuje do 31.03.2026 Nasza firma zajmuje si\u0119 serwisem uk\u0142ad\u00f3w wydechowym, w tym regeneracj\u0105 filtr\u00f3w cz\u0105stek sta\u0142ych (filtry DPF, FAP, GPF), katalizator\u00f3w, wymian\u0105 t\u0142umik\u00f3w czy r\u00f3wnie\u017c produkcj\u0105, &hellip; <a href=\"https:\/\/kalinski.pl\/serwis\/yanosik\/\" class=\"more-link\">Czytaj dalej<span class=\"screen-reader-text\"> Yanosik &#8211; rabat na serwis<\/span><\/a><\/p>\n","protected":false},"author":821795,"featured_media":0,"parent":0,"menu_order":0,"comment_status":"closed","ping_status":"closed","template":"","meta":{"footnotes":""},"class_list":["post-4604","page","type-page","status-publish","hentry"],"yoast_head":"<!-- This site is optimized with the Yoast SEO plugin v26.7 - https:\/\/yoast.com\/wordpress\/plugins\/seo\/ -->\n<title>Yanosik - rabat na serwis | Kali\u0144ski<\/title>\n<meta name=\"description\" content=\"Podczas umawiania si\u0119 na wizyt\u0119 podaj has\u0142o &quot;Yanosik&quot; a zyskach 5% na nasze us\u0142ugi serwisowe.\" \/>\n<meta name=\"robots\" content=\"index, follow, max-snippet:-1, max-image-preview:large, max-video-preview:-1\" \/>\n<link rel=\"canonical\" href=\"https:\/\/kalinski.pl\/serwis\/yanosik\/\" \/>\n<meta property=\"og:locale\" content=\"pl_PL\" \/>\n<meta property=\"og:type\" content=\"article\" \/>\n<meta property=\"og:title\" content=\"Yanosik - rabat na serwis | Kali\u0144ski\" \/>\n<meta property=\"og:description\" content=\"Podczas umawiania si\u0119 na wizyt\u0119 podaj has\u0142o &quot;Yanosik&quot; a zyskach 5% na nasze us\u0142ugi serwisowe.\" \/>\n<meta property=\"og:url\" content=\"https:\/\/kalinski.pl\/serwis\/yanosik\/\" \/>\n<meta property=\"og:site_name\" content=\"Kali\u0144ski\" \/>\n<meta property=\"article:modified_time\" content=\"2025-12-18T14:30:05+00:00\" \/>\n<meta name=\"twitter:card\" content=\"summary_large_image\" \/>\n<meta name=\"twitter:label1\" content=\"Szacowany czas czytania\" \/>\n\t<meta name=\"twitter:data1\" content=\"1 minuta\" \/>\n<script type=\"application\/ld+json\" class=\"yoast-schema-graph\">{\"@context\":\"https:\/\/schema.org\",\"@graph\":[{\"@type\":\"WebPage\",\"@id\":\"https:\/\/kalinski.pl\/serwis\/yanosik\/\",\"url\":\"https:\/\/kalinski.pl\/serwis\/yanosik\/\",\"name\":\"Yanosik - rabat na serwis | Kali\u0144ski\",\"isPartOf\":{\"@id\":\"https:\/\/kalinski.pl\/serwis\/#website\"},\"datePublished\":\"2025-12-18T12:48:13+00:00\",\"dateModified\":\"2025-12-18T14:30:05+00:00\",\"description\":\"Podczas umawiania si\u0119 na wizyt\u0119 podaj has\u0142o \\\"Yanosik\\\" a zyskach 5% na nasze us\u0142ugi serwisowe.\",\"breadcrumb\":{\"@id\":\"https:\/\/kalinski.pl\/serwis\/yanosik\/#breadcrumb\"},\"inLanguage\":\"pl-PL\",\"potentialAction\":[{\"@type\":\"ReadAction\",\"target\":[\"https:\/\/kalinski.pl\/serwis\/yanosik\/\"]}]},{\"@type\":\"BreadcrumbList\",\"@id\":\"https:\/\/kalinski.pl\/serwis\/yanosik\/#breadcrumb\",\"itemListElement\":[{\"@type\":\"ListItem\",\"position\":1,\"name\":\"Strona g\u0142\u00f3wna\",\"item\":\"https:\/\/kalinski.pl\/serwis\/\"},{\"@type\":\"ListItem\",\"position\":2,\"name\":\"Yanosik &#8211; rabat na serwis\"}]},{\"@type\":\"WebSite\",\"@id\":\"https:\/\/kalinski.pl\/serwis\/#website\",\"url\":\"https:\/\/kalinski.pl\/serwis\/\",\"name\":\"Kali\u0144ski\",\"description\":\"Uk\u0142ady wydechowe\",\"publisher\":{\"@id\":\"https:\/\/kalinski.pl\/serwis\/#organization\"},\"potentialAction\":[{\"@type\":\"SearchAction\",\"target\":{\"@type\":\"EntryPoint\",\"urlTemplate\":\"https:\/\/kalinski.pl\/serwis\/?s={search_term_string}\"},\"query-input\":{\"@type\":\"PropertyValueSpecification\",\"valueRequired\":true,\"valueName\":\"search_term_string\"}}],\"inLanguage\":\"pl-PL\"},{\"@type\":\"Organization\",\"@id\":\"https:\/\/kalinski.pl\/serwis\/#organization\",\"name\":\"Kali\u0144ski\",\"url\":\"https:\/\/kalinski.pl\/serwis\/\",\"logo\":{\"@type\":\"ImageObject\",\"inLanguage\":\"pl-PL\",\"@id\":\"https:\/\/kalinski.pl\/serwis\/#\/schema\/logo\/image\/\",\"url\":\"https:\/\/kalinski.pl\/serwis\/wp-content\/uploads\/2019\/03\/cropped-logo_white.jpg\",\"contentUrl\":\"https:\/\/kalinski.pl\/serwis\/wp-content\/uploads\/2019\/03\/cropped-logo_white.jpg\",\"width\":240,\"height\":63,\"caption\":\"Kali\u0144ski\"},\"image\":{\"@id\":\"https:\/\/kalinski.pl\/serwis\/#\/schema\/logo\/image\/\"}}]}<\/script>\n<!-- \/ Yoast SEO plugin. -->","yoast_head_json":{"title":"Yanosik - rabat na serwis | Kali\u0144ski","description":"Podczas umawiania si\u0119 na wizyt\u0119 podaj has\u0142o \"Yanosik\" a zyskach 5% na nasze us\u0142ugi serwisowe.","robots":{"index":"index","follow":"follow","max-snippet":"max-snippet:-1","max-image-preview":"max-image-preview:large","max-video-preview":"max-video-preview:-1"},"canonical":"https:\/\/kalinski.pl\/serwis\/yanosik\/","og_locale":"pl_PL","og_type":"article","og_title":"Yanosik - rabat na serwis | Kali\u0144ski","og_description":"Podczas umawiania si\u0119 na wizyt\u0119 podaj has\u0142o \"Yanosik\" a zyskach 5% na nasze us\u0142ugi serwisowe.","og_url":"https:\/\/kalinski.pl\/serwis\/yanosik\/","og_site_name":"Kali\u0144ski","article_modified_time":"2025-12-18T14:30:05+00:00","twitter_card":"summary_large_image","twitter_misc":{"Szacowany czas czytania":"1 minuta"},"schema":{"@context":"https:\/\/schema.org","@graph":[{"@type":"WebPage","@id":"https:\/\/kalinski.pl\/serwis\/yanosik\/","url":"https:\/\/kalinski.pl\/serwis\/yanosik\/","name":"Yanosik - rabat na serwis | Kali\u0144ski","isPartOf":{"@id":"https:\/\/kalinski.pl\/serwis\/#website"},"datePublished":"2025-12-18T12:48:13+00:00","dateModified":"2025-12-18T14:30:05+00:00","description":"Podczas umawiania si\u0119 na wizyt\u0119 podaj has\u0142o \"Yanosik\" a zyskach 5% na nasze us\u0142ugi serwisowe.","breadcrumb":{"@id":"https:\/\/kalinski.pl\/serwis\/yanosik\/#breadcrumb"},"inLanguage":"pl-PL","potentialAction":[{"@type":"ReadAction","target":["https:\/\/kalinski.pl\/serwis\/yanosik\/"]}]},{"@type":"BreadcrumbList","@id":"https:\/\/kalinski.pl\/serwis\/yanosik\/#breadcrumb","itemListElement":[{"@type":"ListItem","position":1,"name":"Strona g\u0142\u00f3wna","item":"https:\/\/kalinski.pl\/serwis\/"},{"@type":"ListItem","position":2,"name":"Yanosik &#8211; rabat na serwis"}]},{"@type":"WebSite","@id":"https:\/\/kalinski.pl\/serwis\/#website","url":"https:\/\/kalinski.pl\/serwis\/","name":"Kali\u0144ski","description":"Uk\u0142ady wydechowe","publisher":{"@id":"https:\/\/kalinski.pl\/serwis\/#organization"},"potentialAction":[{"@type":"SearchAction","target":{"@type":"EntryPoint","urlTemplate":"https:\/\/kalinski.pl\/serwis\/?s={search_term_string}"},"query-input":{"@type":"PropertyValueSpecification","valueRequired":true,"valueName":"search_term_string"}}],"inLanguage":"pl-PL"},{"@type":"Organization","@id":"https:\/\/kalinski.pl\/serwis\/#organization","name":"Kali\u0144ski","url":"https:\/\/kalinski.pl\/serwis\/","logo":{"@type":"ImageObject","inLanguage":"pl-PL","@id":"https:\/\/kalinski.pl\/serwis\/#\/schema\/logo\/image\/","url":"https:\/\/kalinski.pl\/serwis\/wp-content\/uploads\/2019\/03\/cropped-logo_white.jpg","contentUrl":"https:\/\/kalinski.pl\/serwis\/wp-content\/uploads\/2019\/03\/cropped-logo_white.jpg","width":240,"height":63,"caption":"Kali\u0144ski"},"image":{"@id":"https:\/\/kalinski.pl\/serwis\/#\/schema\/logo\/image\/"}}]}},"_links":{"self":[{"href":"https:\/\/kalinski.pl\/serwis\/wp-json\/wp\/v2\/pages\/4604","targetHints":{"allow":["GET"]}}],"collection":[{"href":"https:\/\/kalinski.pl\/serwis\/wp-json\/wp\/v2\/pages"}],"about":[{"href":"https:\/\/kalinski.pl\/serwis\/wp-json\/wp\/v2\/types\/page"}],"author":[{"embeddable":true,"href":"https:\/\/kalinski.pl\/serwis\/wp-json\/wp\/v2\/users\/821795"}],"replies":[{"embeddable":true,"href":"https:\/\/kalinski.pl\/serwis\/wp-json\/wp\/v2\/comments?post=4604"}],"version-history":[{"count":8,"href":"https:\/\/kalinski.pl\/serwis\/wp-json\/wp\/v2\/pages\/4604\/revisions"}],"predecessor-version":[{"id":4613,"href":"https:\/\/kalinski.pl\/serwis\/wp-json\/wp\/v2\/pages\/4604\/revisions\/4613"}],"wp:attachment":[{"href":"https:\/\/kalinski.pl\/serwis\/wp-json\/wp\/v2\/media?parent=4604"}],"curies":[{"name":"wp","href":"https:\/\/api.w.org\/{rel}","templated":true}]}}