{"id":4580,"date":"2025-10-21T08:36:31","date_gmt":"2025-10-21T06:36:31","guid":{"rendered":"https:\/\/kalinski.pl\/?page_id=4580"},"modified":"2026-01-19T11:20:10","modified_gmt":"2026-01-19T10:20:10","slug":"dakar2026","status":"publish","type":"page","link":"https:\/\/kalinski.pl\/serwis\/dakar2026\/","title":{"rendered":"Kali\u0144ski &#038; Kamena na Dakarze 2026"},"content":{"rendered":"<div class=\"onas_img\"><img fetchpriority=\"high\" decoding=\"async\" class=\"size-large wp-image-4617\" title=\"Kamena Dakar kalinski\" src=\"https:\/\/kalinski.pl\/wp-content\/uploads\/Kamena_Dakar_2026-kalinski.jpg\" alt=\"Kamena Dakar kalinski\" width=\"1110\" height=\"380\" \/><\/div>\n<h3 class=\"dakar\">POCZ\u0104TEK KALI\u0143SKI &amp; KAMENA<\/h3>\n<p style=\"text-align: justify;\"><span style=\"text-align: justify;\">Jak co roku wiosn\u0105 2019 roku przygotowywali\u015bmy si\u0119 do pozna\u0144skich targ\u00f3w <\/span><strong style=\"text-align: justify;\">Motor Show.<\/strong><span style=\"text-align: justify;\"> Podobnie jak wcze\u015bniej nasze stoisko by\u0142o otwarte, w przeno\u015bni i dos\u0142ownie. Staramy si\u0119 nie budowa\u0107 barier tych fizycznych i mi\u0119dzyludzkich. Podczas tych targ\u00f3w bardzo szybko nawi\u0105zali\u015bmy pozytywny kontakt z jak to wtedy mo\u017cna by\u0142o okre\u015bli\u0107 \u201eweso\u0142ymi s\u0105siadami\u201d, rajdowcami, kt\u00f3rzy mieli obok nas swoje stoisko.<\/span><\/p>\n<p style=\"text-align: justify;\">Mimo, \u017ce stoisko naszych s\u0105siad\u00f3w nie by\u0142o zbyt du\u017ce, wyr\u00f3\u017cnia\u0142a ich wielka pasja, wzrok przykuwa\u0142y terenowe pojazdy. Wspomnian\u0105 ekip\u0119 wielokrotnie spotykali\u015bmy na kolejnych targach, utrzymuj\u0105c zawsze kole\u017ce\u0144skie relacje, z czasem zacz\u0119li\u015bmy wspiera\u0107 wspominanych rajdowc\u00f3w podczas start\u00f3w. Od tego wydarzenia w marcu 2026 minie 7 lat i trzeba przyzna\u0107, \u017ce w tym przypadku jest to szcz\u0119\u015bliwa liczba.<\/p>\n<p style=\"text-align: justify;\">W tym roku <strong>Kamena Rally Team<\/strong> wystartuje w najs\u0142ynniejszym rajdzie na \u015bwiecie \u2013 <strong>Rajdzie Dakar<\/strong> a my razem z nimi.<\/p>\n<figure id=\"attachment_4620\" aria-describedby=\"caption-attachment-4620\" style=\"width: 730px\" class=\"wp-caption aligncenter\"><img decoding=\"async\" class=\"size-large wp-image-4620\" title=\"Kamena Dakar kalinski\" src=\"https:\/\/kalinski.pl\/wp-content\/uploads\/Kamena_Dakar_2026-kalinski_2.jpg\" alt=\"Kamena Dakar kalinski\" width=\"730\" height=\"444\" \/><figcaption id=\"caption-attachment-4620\" class=\"wp-caption-text\">Kamena Dakar kalinski<\/figcaption><\/figure>\n<h3 class=\"dakar\">RAJD DAKAR CLASSIC 2026<\/h3>\n<p style=\"text-align: justify;\">Zesp\u00f3\u0142 Kamena Rally Team we\u017amie udzia\u0142 w specjalnej edycji Dakar Classic. Ca\u0142o\u015b\u0107 raju b\u0119dzie odbywa\u0142 si\u0119 na terenie <strong>Arabii Saudyjskiej<\/strong>, kraj z P\u00f3\u0142wyspu Arabskiego od 2020 roku jest gospodarzem wydarzenia. Podczas rywalizacji zesp\u00f3\u0142 b\u0119dzie mia\u0142 <strong>do pokonania ponad 8 000 kilometr\u00f3w<\/strong>, z czego wi\u0119kszo\u015b\u0107 to odcinki specjalne.<\/p>\n<p style=\"text-align: justify;\">W trakcie odcink\u00f3w specjalnych kierowcy mierz\u0105 si\u0119 z trudniejszym terenem, m.in. wydmami, kamieniami czy g\u00f3rami. Ukszta\u0142towanie terenu na pewno nie zaskoczy Kamena Rally Team, kt\u00f3rzy b\u0119d\u0105 mgli skorzysta\u0107 z wieloletniego do\u015bwiadczenia zebranego podczas innych rajd\u00f3w.<\/p>\n<figure id=\"attachment_4619\" aria-describedby=\"caption-attachment-4619\" style=\"width: 730px\" class=\"wp-caption aligncenter\"><img decoding=\"async\" class=\"size-large wp-image-4619\" title=\"Kamena Dakar kalinski\" src=\"https:\/\/kalinski.pl\/wp-content\/uploads\/Kamena_Dakar_2026-kalinski_1.jpg\" alt=\"Kamena Dakar kalinski\" width=\"730\" height=\"444\" \/><figcaption id=\"caption-attachment-4619\" class=\"wp-caption-text\">Kamena Dakar kalinski<\/figcaption><\/figure>\n<h3 class=\"dakar\">LEGENDARNY DAF BULL<\/h3>\n<p style=\"text-align: justify;\">W tegorocznej edycji Rajdu Dakar wystartuje <strong>wspierany przez nas zesp\u00f3\u0142 Kamena Rally Team<\/strong> jad\u0105c <strong>legendarnym DAF-em Bull.<\/strong> Dla za\u0142ogi jest to pierwszy historyczny start w rajdzie, jednak sama ci\u0119\u017car\u00f3wka to swego rodzaju weteran. \u201eBULL\u201d wielokrotnie nie tylko bra\u0142 udzia\u0142 w rajdzie, ale wygrywa\u0142 rywalizacj\u0119. Samoch\u00f3d mimo ponad 40 lat do dzi\u015b imponuje swoimi osi\u0105gni\u0119ciami. Waga ci\u0119\u017car\u00f3wki to ponad 10 ton, nap\u0119dzaj\u0105 j\u0105 <strong>dwa silniki o \u0142\u0105cznej mocy 900 KM.<\/strong><\/p>\n<p style=\"text-align: justify;\">Sami cz\u0142onkowie zespo\u0142u w bardzo emocjonalny spos\u00f3b wypowiadaj\u0105 si\u0119 o ci\u0119\u017car\u00f3wce:<\/p>\n<p style=\"text-align: justify;\"><em>&#8211; \u201eTo jest rajdowa bestia z dwoma silnikami, kt\u00f3re razem generuj\u0105 ogromn\u0105 moc i zapewniaj\u0105 niezr\u00f3wnane mo\u017cliwo\u015bci terenowe. Powsta\u0142a z my\u015bl\u0105 o ekstremalnych warunkach pustynnych, a przecie\u017c z takimi b\u0119dziemy w Dakarze si\u0119 mierzy\u0107. Czujemy du\u017c\u0105 ekscytacj\u0119, bo to dla nas ogromne wyzwanie. Pojazd du\u017co wi\u0119kszy, ci\u0119\u017cszy, z zupe\u0142nie innymi parametrami. Kochamy wyzwania, wsp\u00f3lna prac\u0119, wiemy, \u017ce czas przygotowa\u0144 b\u0119dzie bardzo wymagaj\u0105cy. Nasze bogate rajdowe do\u015bwiadczenie na pewno b\u0119dzie bardzo pomocne\u201d \u2013 m\u00f3wi Dariusz Ba\u015bkiewicz navigator zespo\u0142u.<\/em><\/p>\n<h3 class=\"dakar\">KALI\u0143SKI NAP\u0118DZA KAMENA RALLY TEAM &#8211; ZWYCI\u0118ZC\u00d3W RAJDU DAKAR CLASSIC 2026<\/h3>\n<p style=\"text-align: justify;\">Nasz\u0105 wieloletni\u0105 wsp\u00f3\u0142prac\u0119 z Kamena Rally Team postanowili\u015bmy przed\u0142u\u017cy\u0107 r\u00f3wnie\u017c w tym roku. Rok 2026 jest nie tylko prze\u0142omowy dla zespo\u0142u ale r\u00f3wnie\u017c dla nas. <strong>Jeste\u015bmy dumni, \u017ce nasz logotyp znalaz\u0142 si\u0119 na ci\u0119\u017car\u00f3wce wygrywaj\u0105cej ca\u0142y Rajd Dakar Classic! Jest to pierwsze zwyci\u0119stwo polskiego zespo\u0142u w tej klasie. <\/strong>Opr\u00f3cz tego Kamena Rally Team zapisa\u0142a si\u0119 w historii ca\u0142ego rajdu,<strong> jako pierwsza za\u0142oga<\/strong> jad\u0105ca <strong>ci\u0119\u017car\u00f3wk\u0105 wygra\u0142a jeden z odcink\u00f3w ca\u0142ej rywalizacji! Niepowtarzalne sukcesy napawaj\u0105 nas wielk\u0105 dum\u0105. Dzi\u0119kujemy za mo\u017cliwo\u015b\u0107 uczestnictwa w tym sukcesie.<\/strong><\/p>\n<p>&nbsp;<\/p>\n<figure id=\"attachment_4656\" aria-describedby=\"caption-attachment-4656\" style=\"width: 1110px\" class=\"wp-caption alignnone\"><img loading=\"lazy\" decoding=\"async\" class=\"size-large wp-image-4656\" title=\"\" src=\"https:\/\/kalinski.pl\/wp-content\/uploads\/1110-x360.jpg\" alt=\"\" width=\"1110\" height=\"380\" \/><figcaption id=\"caption-attachment-4656\" class=\"wp-caption-text\">x<\/figcaption><\/figure>\n<h3 class=\"dakar\">SPECJALI\u015aCI OD CI\u0118\u017bAROWYCH UK\u0141AD\u00d3W WYDECHOWYCH<\/h3>\n<p style=\"text-align: justify;\">Nasze ponad 30-letnie do\u015bwiadczenie w bran\u017cy motoryzacyjnej, sektorze uk\u0142ad\u00f3w wydechowych wielokrotnie wykorzystywali\u015bmy w obs\u0142udze klient\u00f3w indywidualnych ale r\u00f3wnie\u017c wspieraj\u0105c r\u00f3\u017cnego rodzaju zawodnik\u00f3w motosportu. W poprzednich latach r\u00f3wnie\u017c przygotowywali\u015bmy uk\u0142ady wydechowe dla Kamena Rally Team, kt\u00f3rzy startowali w wymagaj\u0105cych rajdach cross-coutry.<\/p>\n<p style=\"text-align: justify;\">Wszystkich zainteresowanych ofert\u0105 zapraszamy do naszego serwisu w podpozna\u0144skich Chybach, do <a href=\"https:\/\/kalinski.pl\/sklep\/?_gl=1*1muzvqy*_up*MQ..*_ga*MTI2Mjc3NzIxNC4xNzY4MTk4Nzc3*_ga_LR09408QXL*czE3NjgyMTg5NjYkbzIkZzAkdDE3NjgyMTg5NjYkajYwJGwwJGgxNzcxNjgwMDc.\">sklepu interenetowego<\/a> oraz do kontaktu bezpo\u015bredniego z przedstawicielami<a href=\"https:\/\/kalinski.pl\/kontakt\/?_gl=1*cjvy2l*_up*MQ..*_ga*MTI2Mjc3NzIxNC4xNzY4MTk4Nzc3*_ga_LR09408QXL*czE3NjgxOTg3NzckbzEkZzAkdDE3NjgxOTg3NzckajYwJGwwJGgzNjY0MzAzMTU.\"> firmy.<\/a><\/p>\n<p><iframe title=\"Kamena Rally Team &amp; Kali\u0144ski Uk\u0142ady Wydechowe \u2013 Cel: Dakar 2026\" width=\"840\" height=\"473\" src=\"https:\/\/www.youtube.com\/embed\/jQebIsUACxU?feature=oembed\" frameborder=\"0\" allow=\"accelerometer; autoplay; clipboard-write; encrypted-media; gyroscope; picture-in-picture; web-share\" referrerpolicy=\"strict-origin-when-cross-origin\" allowfullscreen><\/iframe><\/p>\n","protected":false},"excerpt":{"rendered":"<p>POCZ\u0104TEK KALI\u0143SKI &amp; KAMENA Jak co roku wiosn\u0105 2019 roku przygotowywali\u015bmy si\u0119 do pozna\u0144skich targ\u00f3w Motor Show. Podobnie jak wcze\u015bniej nasze stoisko by\u0142o otwarte, w przeno\u015bni i dos\u0142ownie. Staramy si\u0119 nie budowa\u0107 barier tych fizycznych i mi\u0119dzyludzkich. Podczas tych targ\u00f3w bardzo szybko nawi\u0105zali\u015bmy pozytywny kontakt z jak to wtedy mo\u017cna by\u0142o okre\u015bli\u0107 \u201eweso\u0142ymi s\u0105siadami\u201d, rajdowcami, &hellip; <a href=\"https:\/\/kalinski.pl\/serwis\/dakar2026\/\" class=\"more-link\">Czytaj dalej<span class=\"screen-reader-text\"> Kali\u0144ski &#038; Kamena na Dakarze 2026<\/span><\/a><\/p>\n","protected":false},"author":821792,"featured_media":0,"parent":0,"menu_order":0,"comment_status":"closed","ping_status":"closed","template":"","meta":{"footnotes":""},"class_list":["post-4580","page","type-page","status-publish","hentry"],"yoast_head":"<!-- This site is optimized with the Yoast SEO plugin v26.7 - https:\/\/yoast.com\/wordpress\/plugins\/seo\/ -->\n<title>Kali\u0144ski &amp; Kamena na Dakarze 2026 | Kali\u0144ski<\/title>\n<meta name=\"description\" content=\"Firma Kali\u0144ski wraz z Kamena Rally Team postanowi\u0142a przed\u0142u\u017cy\u0107 trwaj\u0105c\u0105 wiele lat wsp\u00f3\u0142prac\u0119, tym razem razem udaj\u0105c si\u0119 na legendarny Dakar\" \/>\n<meta name=\"robots\" content=\"index, follow, max-snippet:-1, max-image-preview:large, max-video-preview:-1\" \/>\n<link rel=\"canonical\" href=\"https:\/\/kalinski.pl\/serwis\/dakar2026\/\" \/>\n<meta property=\"og:locale\" content=\"pl_PL\" \/>\n<meta property=\"og:type\" content=\"article\" \/>\n<meta property=\"og:title\" content=\"Kali\u0144ski &amp; Kamena na Dakarze 2026 | Kali\u0144ski\" \/>\n<meta property=\"og:description\" content=\"Firma Kali\u0144ski wraz z Kamena Rally Team postanowi\u0142a przed\u0142u\u017cy\u0107 trwaj\u0105c\u0105 wiele lat wsp\u00f3\u0142prac\u0119, tym razem razem udaj\u0105c si\u0119 na legendarny Dakar\" \/>\n<meta property=\"og:url\" content=\"https:\/\/kalinski.pl\/serwis\/dakar2026\/\" \/>\n<meta property=\"og:site_name\" content=\"Kali\u0144ski\" \/>\n<meta property=\"article:modified_time\" content=\"2026-01-19T10:20:10+00:00\" \/>\n<meta property=\"og:image\" content=\"https:\/\/kalinski.pl\/wp-content\/uploads\/Kamena_Dakar_2026-kalinski.jpg\" \/>\n<meta name=\"twitter:card\" content=\"summary_large_image\" \/>\n<meta name=\"twitter:label1\" content=\"Szacowany czas czytania\" \/>\n\t<meta name=\"twitter:data1\" content=\"5 minut\" \/>\n<script type=\"application\/ld+json\" class=\"yoast-schema-graph\">{\"@context\":\"https:\/\/schema.org\",\"@graph\":[{\"@type\":\"WebPage\",\"@id\":\"https:\/\/kalinski.pl\/serwis\/dakar2026\/\",\"url\":\"https:\/\/kalinski.pl\/serwis\/dakar2026\/\",\"name\":\"Kali\u0144ski & Kamena na Dakarze 2026 | Kali\u0144ski\",\"isPartOf\":{\"@id\":\"https:\/\/kalinski.pl\/serwis\/#website\"},\"primaryImageOfPage\":{\"@id\":\"https:\/\/kalinski.pl\/serwis\/dakar2026\/#primaryimage\"},\"image\":{\"@id\":\"https:\/\/kalinski.pl\/serwis\/dakar2026\/#primaryimage\"},\"thumbnailUrl\":\"https:\/\/kalinski.pl\/wp-content\/uploads\/Kamena_Dakar_2026-kalinski.jpg\",\"datePublished\":\"2025-10-21T06:36:31+00:00\",\"dateModified\":\"2026-01-19T10:20:10+00:00\",\"description\":\"Firma Kali\u0144ski wraz z Kamena Rally Team postanowi\u0142a przed\u0142u\u017cy\u0107 trwaj\u0105c\u0105 wiele lat wsp\u00f3\u0142prac\u0119, tym razem razem udaj\u0105c si\u0119 na legendarny Dakar\",\"breadcrumb\":{\"@id\":\"https:\/\/kalinski.pl\/serwis\/dakar2026\/#breadcrumb\"},\"inLanguage\":\"pl-PL\",\"potentialAction\":[{\"@type\":\"ReadAction\",\"target\":[\"https:\/\/kalinski.pl\/serwis\/dakar2026\/\"]}]},{\"@type\":\"ImageObject\",\"inLanguage\":\"pl-PL\",\"@id\":\"https:\/\/kalinski.pl\/serwis\/dakar2026\/#primaryimage\",\"url\":\"https:\/\/kalinski.pl\/wp-content\/uploads\/Kamena_Dakar_2026-kalinski.jpg\",\"contentUrl\":\"https:\/\/kalinski.pl\/wp-content\/uploads\/Kamena_Dakar_2026-kalinski.jpg\"},{\"@type\":\"BreadcrumbList\",\"@id\":\"https:\/\/kalinski.pl\/serwis\/dakar2026\/#breadcrumb\",\"itemListElement\":[{\"@type\":\"ListItem\",\"position\":1,\"name\":\"Strona g\u0142\u00f3wna\",\"item\":\"https:\/\/kalinski.pl\/serwis\/\"},{\"@type\":\"ListItem\",\"position\":2,\"name\":\"Kali\u0144ski &#038; Kamena na Dakarze 2026\"}]},{\"@type\":\"WebSite\",\"@id\":\"https:\/\/kalinski.pl\/serwis\/#website\",\"url\":\"https:\/\/kalinski.pl\/serwis\/\",\"name\":\"Kali\u0144ski\",\"description\":\"Uk\u0142ady wydechowe\",\"publisher\":{\"@id\":\"https:\/\/kalinski.pl\/serwis\/#organization\"},\"potentialAction\":[{\"@type\":\"SearchAction\",\"target\":{\"@type\":\"EntryPoint\",\"urlTemplate\":\"https:\/\/kalinski.pl\/serwis\/?s={search_term_string}\"},\"query-input\":{\"@type\":\"PropertyValueSpecification\",\"valueRequired\":true,\"valueName\":\"search_term_string\"}}],\"inLanguage\":\"pl-PL\"},{\"@type\":\"Organization\",\"@id\":\"https:\/\/kalinski.pl\/serwis\/#organization\",\"name\":\"Kali\u0144ski\",\"url\":\"https:\/\/kalinski.pl\/serwis\/\",\"logo\":{\"@type\":\"ImageObject\",\"inLanguage\":\"pl-PL\",\"@id\":\"https:\/\/kalinski.pl\/serwis\/#\/schema\/logo\/image\/\",\"url\":\"https:\/\/kalinski.pl\/serwis\/wp-content\/uploads\/2019\/03\/cropped-logo_white.jpg\",\"contentUrl\":\"https:\/\/kalinski.pl\/serwis\/wp-content\/uploads\/2019\/03\/cropped-logo_white.jpg\",\"width\":240,\"height\":63,\"caption\":\"Kali\u0144ski\"},\"image\":{\"@id\":\"https:\/\/kalinski.pl\/serwis\/#\/schema\/logo\/image\/\"}}]}<\/script>\n<!-- \/ Yoast SEO plugin. -->","yoast_head_json":{"title":"Kali\u0144ski & Kamena na Dakarze 2026 | Kali\u0144ski","description":"Firma Kali\u0144ski wraz z Kamena Rally Team postanowi\u0142a przed\u0142u\u017cy\u0107 trwaj\u0105c\u0105 wiele lat wsp\u00f3\u0142prac\u0119, tym razem razem udaj\u0105c si\u0119 na legendarny Dakar","robots":{"index":"index","follow":"follow","max-snippet":"max-snippet:-1","max-image-preview":"max-image-preview:large","max-video-preview":"max-video-preview:-1"},"canonical":"https:\/\/kalinski.pl\/serwis\/dakar2026\/","og_locale":"pl_PL","og_type":"article","og_title":"Kali\u0144ski & Kamena na Dakarze 2026 | Kali\u0144ski","og_description":"Firma Kali\u0144ski wraz z Kamena Rally Team postanowi\u0142a przed\u0142u\u017cy\u0107 trwaj\u0105c\u0105 wiele lat wsp\u00f3\u0142prac\u0119, tym razem razem udaj\u0105c si\u0119 na legendarny Dakar","og_url":"https:\/\/kalinski.pl\/serwis\/dakar2026\/","og_site_name":"Kali\u0144ski","article_modified_time":"2026-01-19T10:20:10+00:00","og_image":[{"url":"https:\/\/kalinski.pl\/wp-content\/uploads\/Kamena_Dakar_2026-kalinski.jpg","type":"","width":"","height":""}],"twitter_card":"summary_large_image","twitter_misc":{"Szacowany czas czytania":"5 minut"},"schema":{"@context":"https:\/\/schema.org","@graph":[{"@type":"WebPage","@id":"https:\/\/kalinski.pl\/serwis\/dakar2026\/","url":"https:\/\/kalinski.pl\/serwis\/dakar2026\/","name":"Kali\u0144ski & Kamena na Dakarze 2026 | Kali\u0144ski","isPartOf":{"@id":"https:\/\/kalinski.pl\/serwis\/#website"},"primaryImageOfPage":{"@id":"https:\/\/kalinski.pl\/serwis\/dakar2026\/#primaryimage"},"image":{"@id":"https:\/\/kalinski.pl\/serwis\/dakar2026\/#primaryimage"},"thumbnailUrl":"https:\/\/kalinski.pl\/wp-content\/uploads\/Kamena_Dakar_2026-kalinski.jpg","datePublished":"2025-10-21T06:36:31+00:00","dateModified":"2026-01-19T10:20:10+00:00","description":"Firma Kali\u0144ski wraz z Kamena Rally Team postanowi\u0142a przed\u0142u\u017cy\u0107 trwaj\u0105c\u0105 wiele lat wsp\u00f3\u0142prac\u0119, tym razem razem udaj\u0105c si\u0119 na legendarny Dakar","breadcrumb":{"@id":"https:\/\/kalinski.pl\/serwis\/dakar2026\/#breadcrumb"},"inLanguage":"pl-PL","potentialAction":[{"@type":"ReadAction","target":["https:\/\/kalinski.pl\/serwis\/dakar2026\/"]}]},{"@type":"ImageObject","inLanguage":"pl-PL","@id":"https:\/\/kalinski.pl\/serwis\/dakar2026\/#primaryimage","url":"https:\/\/kalinski.pl\/wp-content\/uploads\/Kamena_Dakar_2026-kalinski.jpg","contentUrl":"https:\/\/kalinski.pl\/wp-content\/uploads\/Kamena_Dakar_2026-kalinski.jpg"},{"@type":"BreadcrumbList","@id":"https:\/\/kalinski.pl\/serwis\/dakar2026\/#breadcrumb","itemListElement":[{"@type":"ListItem","position":1,"name":"Strona g\u0142\u00f3wna","item":"https:\/\/kalinski.pl\/serwis\/"},{"@type":"ListItem","position":2,"name":"Kali\u0144ski &#038; Kamena na Dakarze 2026"}]},{"@type":"WebSite","@id":"https:\/\/kalinski.pl\/serwis\/#website","url":"https:\/\/kalinski.pl\/serwis\/","name":"Kali\u0144ski","description":"Uk\u0142ady wydechowe","publisher":{"@id":"https:\/\/kalinski.pl\/serwis\/#organization"},"potentialAction":[{"@type":"SearchAction","target":{"@type":"EntryPoint","urlTemplate":"https:\/\/kalinski.pl\/serwis\/?s={search_term_string}"},"query-input":{"@type":"PropertyValueSpecification","valueRequired":true,"valueName":"search_term_string"}}],"inLanguage":"pl-PL"},{"@type":"Organization","@id":"https:\/\/kalinski.pl\/serwis\/#organization","name":"Kali\u0144ski","url":"https:\/\/kalinski.pl\/serwis\/","logo":{"@type":"ImageObject","inLanguage":"pl-PL","@id":"https:\/\/kalinski.pl\/serwis\/#\/schema\/logo\/image\/","url":"https:\/\/kalinski.pl\/serwis\/wp-content\/uploads\/2019\/03\/cropped-logo_white.jpg","contentUrl":"https:\/\/kalinski.pl\/serwis\/wp-content\/uploads\/2019\/03\/cropped-logo_white.jpg","width":240,"height":63,"caption":"Kali\u0144ski"},"image":{"@id":"https:\/\/kalinski.pl\/serwis\/#\/schema\/logo\/image\/"}}]}},"_links":{"self":[{"href":"https:\/\/kalinski.pl\/serwis\/wp-json\/wp\/v2\/pages\/4580","targetHints":{"allow":["GET"]}}],"collection":[{"href":"https:\/\/kalinski.pl\/serwis\/wp-json\/wp\/v2\/pages"}],"about":[{"href":"https:\/\/kalinski.pl\/serwis\/wp-json\/wp\/v2\/types\/page"}],"author":[{"embeddable":true,"href":"https:\/\/kalinski.pl\/serwis\/wp-json\/wp\/v2\/users\/821792"}],"replies":[{"embeddable":true,"href":"https:\/\/kalinski.pl\/serwis\/wp-json\/wp\/v2\/comments?post=4580"}],"version-history":[{"count":51,"href":"https:\/\/kalinski.pl\/serwis\/wp-json\/wp\/v2\/pages\/4580\/revisions"}],"predecessor-version":[{"id":4659,"href":"https:\/\/kalinski.pl\/serwis\/wp-json\/wp\/v2\/pages\/4580\/revisions\/4659"}],"wp:attachment":[{"href":"https:\/\/kalinski.pl\/serwis\/wp-json\/wp\/v2\/media?parent=4580"}],"curies":[{"name":"wp","href":"https:\/\/api.w.org\/{rel}","templated":true}]}}