{"id":4241,"date":"2024-03-21T08:50:10","date_gmt":"2024-03-21T07:50:10","guid":{"rendered":"https:\/\/kalinski.pl\/?page_id=4241"},"modified":"2024-03-21T10:11:28","modified_gmt":"2024-03-21T09:11:28","slug":"kody-bledow-serwisowych","status":"publish","type":"page","link":"https:\/\/kalinski.pl\/serwis\/kody-bledow-serwisowych\/","title":{"rendered":"Kody b\u0142\u0119d\u00f3w serwisowych"},"content":{"rendered":"\t\t<div data-elementor-type=\"wp-page\" data-elementor-id=\"4241\" class=\"elementor elementor-4241\">\n\t\t\t\t\t\t<section class=\"elementor-section elementor-top-section elementor-element elementor-element-f738644 elementor-section-boxed elementor-section-height-default elementor-section-height-default\" data-id=\"f738644\" data-element_type=\"section\">\n\t\t\t\t\t\t<div class=\"elementor-container elementor-column-gap-default\">\n\t\t\t\t\t<div class=\"elementor-column elementor-col-33 elementor-top-column elementor-element elementor-element-1a385d8\" data-id=\"1a385d8\" data-element_type=\"column\" data-settings=\"{&quot;background_background&quot;:&quot;classic&quot;}\">\n\t\t\t<div class=\"elementor-widget-wrap elementor-element-populated\">\n\t\t\t\t\t\t<div class=\"elementor-element elementor-element-3cb71cb elementor-widget elementor-widget-heading\" data-id=\"3cb71cb\" data-element_type=\"widget\" data-widget_type=\"heading.default\">\n\t\t\t\t<div class=\"elementor-widget-container\">\n\t\t\t\t\t<h2 class=\"elementor-heading-title elementor-size-default\">B\u0142\u0119dy Audi<\/h2>\t\t\t\t<\/div>\n\t\t\t\t<\/div>\n\t\t\t\t<div class=\"elementor-element elementor-element-e82b8b8 elementor-widget elementor-widget-text-editor\" data-id=\"e82b8b8\" data-element_type=\"widget\" data-widget_type=\"text-editor.default\">\n\t\t\t\t<div class=\"elementor-widget-container\">\n\t\t\t\t\t\t\t\t\t<p><a href=\"https:\/\/kalinski.pl\/serwis\/blad-p2002-audi-wydajnosc-filtra-dpf\/\">B\u0142\u0105d p2002 Audi \u2013 wydajno\u015b\u0107 filtra DPF<\/a><\/p>\n<p><a href=\"https:\/\/kalinski.pl\/serwis\/blad-p242f-audi-zapchany-lub-zablokowany-filtr-czastek-stalych\/\">B\u0142\u0105d p242f Audi \u2013 zapchany lub zablokowany filtr cz\u0105stek sta\u0142ych<\/a><\/p>\t\t\t\t\t\t\t\t<\/div>\n\t\t\t\t<\/div>\n\t\t\t\t\t<\/div>\n\t\t<\/div>\n\t\t\t\t<div class=\"elementor-column elementor-col-33 elementor-top-column elementor-element elementor-element-05d896e\" data-id=\"05d896e\" data-element_type=\"column\" data-settings=\"{&quot;background_background&quot;:&quot;classic&quot;}\">\n\t\t\t<div class=\"elementor-widget-wrap elementor-element-populated\">\n\t\t\t\t\t\t<div class=\"elementor-element elementor-element-5b1f665 elementor-widget elementor-widget-heading\" data-id=\"5b1f665\" data-element_type=\"widget\" data-widget_type=\"heading.default\">\n\t\t\t\t<div class=\"elementor-widget-container\">\n\t\t\t\t\t<h2 class=\"elementor-heading-title elementor-size-default\">B\u0142\u0119dy Fiat<\/h2>\t\t\t\t<\/div>\n\t\t\t\t<\/div>\n\t\t\t\t<div class=\"elementor-element elementor-element-29b8615 elementor-widget elementor-widget-text-editor\" data-id=\"29b8615\" data-element_type=\"widget\" data-widget_type=\"text-editor.default\">\n\t\t\t\t<div class=\"elementor-widget-container\">\n\t\t\t\t\t\t\t\t\t<p><a href=\"https:\/\/kalinski.pl\/serwis\/blad-p2002-fiat-zapchany-dpf-wymiana-lub-regeneracja\/\" target=\"_blank\" rel=\"noopener\">B\u0142\u0105d p2002 Fiat \u2013 zapchany DPF (wymiana lub regeneracja)<\/a><\/p>\t\t\t\t\t\t\t\t<\/div>\n\t\t\t\t<\/div>\n\t\t\t\t\t<\/div>\n\t\t<\/div>\n\t\t\t\t<div class=\"elementor-column elementor-col-33 elementor-top-column elementor-element elementor-element-bad6163\" data-id=\"bad6163\" data-element_type=\"column\" data-settings=\"{&quot;background_background&quot;:&quot;classic&quot;}\">\n\t\t\t<div class=\"elementor-widget-wrap elementor-element-populated\">\n\t\t\t\t\t\t<div class=\"elementor-element elementor-element-db36e1f elementor-widget elementor-widget-heading\" data-id=\"db36e1f\" data-element_type=\"widget\" data-widget_type=\"heading.default\">\n\t\t\t\t<div class=\"elementor-widget-container\">\n\t\t\t\t\t<h2 class=\"elementor-heading-title elementor-size-default\">B\u0142\u0119dy Ford<\/h2>\t\t\t\t<\/div>\n\t\t\t\t<\/div>\n\t\t\t\t<div class=\"elementor-element elementor-element-379356e elementor-widget elementor-widget-text-editor\" data-id=\"379356e\" data-element_type=\"widget\" data-widget_type=\"text-editor.default\">\n\t\t\t\t<div class=\"elementor-widget-container\">\n\t\t\t\t\t\t\t\t\t<p><a href=\"https:\/\/kalinski.pl\/serwis\/blad-p2002-ford-uszkodzony-filtr-czastek-stalych\/\" target=\"_blank\" rel=\"noopener\">B\u0142\u0105d p2002 Ford \u2013 uszkodzony filtr cz\u0105stek sta\u0142ych<\/a><\/p>\n<p><a href=\"https:\/\/kalinski.pl\/serwis\/blad-p242f-ford-ograniczenie-pracy-filtra-czastek-stalych-nagromadzenie-sadzy\/\">B\u0142\u0105d p242f Ford \u2013 ograniczenie pracy filtra cz\u0105stek sta\u0142ych lub nagromadzenie sadzy<\/a><\/p>\t\t\t\t\t\t\t\t<\/div>\n\t\t\t\t<\/div>\n\t\t\t\t\t<\/div>\n\t\t<\/div>\n\t\t\t\t\t<\/div>\n\t\t<\/section>\n\t\t\t\t<section class=\"elementor-section elementor-top-section elementor-element elementor-element-71e5605 elementor-section-boxed elementor-section-height-default elementor-section-height-default\" data-id=\"71e5605\" data-element_type=\"section\">\n\t\t\t\t\t\t<div class=\"elementor-container elementor-column-gap-default\">\n\t\t\t\t\t<div class=\"elementor-column elementor-col-33 elementor-top-column elementor-element elementor-element-5168368\" data-id=\"5168368\" data-element_type=\"column\" data-settings=\"{&quot;background_background&quot;:&quot;classic&quot;}\">\n\t\t\t<div class=\"elementor-widget-wrap elementor-element-populated\">\n\t\t\t\t\t\t<div class=\"elementor-element elementor-element-93c8e16 elementor-widget elementor-widget-heading\" data-id=\"93c8e16\" data-element_type=\"widget\" data-widget_type=\"heading.default\">\n\t\t\t\t<div class=\"elementor-widget-container\">\n\t\t\t\t\t<h2 class=\"elementor-heading-title elementor-size-default\">B\u0142\u0119dy Hyundai<\/h2>\t\t\t\t<\/div>\n\t\t\t\t<\/div>\n\t\t\t\t<div class=\"elementor-element elementor-element-7bb2ab8 elementor-widget elementor-widget-text-editor\" data-id=\"7bb2ab8\" data-element_type=\"widget\" data-widget_type=\"text-editor.default\">\n\t\t\t\t<div class=\"elementor-widget-container\">\n\t\t\t\t\t\t\t\t\t<p><a href=\"https:\/\/kalinski.pl\/serwis\/blad-p2002-hyundai-niska-wydajnosc-filtra-dpf\/\" target=\"_blank\" rel=\"noopener\">B\u0142\u0105d p2002 Hyundai \u2013 niska wydajno\u015b\u0107 filtra DPF<\/a><\/p>\t\t\t\t\t\t\t\t<\/div>\n\t\t\t\t<\/div>\n\t\t\t\t\t<\/div>\n\t\t<\/div>\n\t\t\t\t<div class=\"elementor-column elementor-col-33 elementor-top-column elementor-element elementor-element-3ef80ce\" data-id=\"3ef80ce\" data-element_type=\"column\" data-settings=\"{&quot;background_background&quot;:&quot;classic&quot;}\">\n\t\t\t<div class=\"elementor-widget-wrap elementor-element-populated\">\n\t\t\t\t\t\t<div class=\"elementor-element elementor-element-837bb02 elementor-widget elementor-widget-heading\" data-id=\"837bb02\" data-element_type=\"widget\" data-widget_type=\"heading.default\">\n\t\t\t\t<div class=\"elementor-widget-container\">\n\t\t\t\t\t<h2 class=\"elementor-heading-title elementor-size-default\">B\u0142\u0119dy Mercedes<\/h2>\t\t\t\t<\/div>\n\t\t\t\t<\/div>\n\t\t\t\t<div class=\"elementor-element elementor-element-d6af404 elementor-widget elementor-widget-text-editor\" data-id=\"d6af404\" data-element_type=\"widget\" data-widget_type=\"text-editor.default\">\n\t\t\t\t<div class=\"elementor-widget-container\">\n\t\t\t\t\t\t\t\t\t<p><a href=\"https:\/\/kalinski.pl\/serwis\/blad-p2002-mercedes-sprawnosc-filtra-czastek-stalych-dpf-ponizej-progu\/\">B\u0142\u0105d p2002 Mercedes \u2013 sprawno\u015b\u0107 filtra cz\u0105stek sta\u0142ych DPF poni\u017cej progu<\/a><\/p>\t\t\t\t\t\t\t\t<\/div>\n\t\t\t\t<\/div>\n\t\t\t\t\t<\/div>\n\t\t<\/div>\n\t\t\t\t<div class=\"elementor-column elementor-col-33 elementor-top-column elementor-element elementor-element-219efba\" data-id=\"219efba\" data-element_type=\"column\" data-settings=\"{&quot;background_background&quot;:&quot;classic&quot;}\">\n\t\t\t<div class=\"elementor-widget-wrap elementor-element-populated\">\n\t\t\t\t\t\t<div class=\"elementor-element elementor-element-6b93316 elementor-widget elementor-widget-heading\" data-id=\"6b93316\" data-element_type=\"widget\" data-widget_type=\"heading.default\">\n\t\t\t\t<div class=\"elementor-widget-container\">\n\t\t\t\t\t<h2 class=\"elementor-heading-title elementor-size-default\">B\u0142\u0119dy Nissan<\/h2>\t\t\t\t<\/div>\n\t\t\t\t<\/div>\n\t\t\t\t<div class=\"elementor-element elementor-element-9660937 elementor-widget elementor-widget-text-editor\" data-id=\"9660937\" data-element_type=\"widget\" data-widget_type=\"text-editor.default\">\n\t\t\t\t<div class=\"elementor-widget-container\">\n\t\t\t\t\t\t\t\t\t<p><a href=\"https:\/\/kalinski.pl\/serwis\/blad-p2002-nissan-wydajnosc-filtra-dpf-ponizej-progu\/\" target=\"_blank\" rel=\"noopener\">B\u0142\u0105d p2002 Nissan \u2013 wydajno\u015b\u0107 filtra DPF poni\u017cej progu<\/a><\/p>\n<p><a href=\"https:\/\/kalinski.pl\/serwis\/blad-p242f-nissan-zapchany-dpf\/\">B\u0142\u0105d p242f Nissan \u2013 zapchany DPF<\/a><\/p>\t\t\t\t\t\t\t\t<\/div>\n\t\t\t\t<\/div>\n\t\t\t\t\t<\/div>\n\t\t<\/div>\n\t\t\t\t\t<\/div>\n\t\t<\/section>\n\t\t\t\t<section class=\"elementor-section elementor-top-section elementor-element elementor-element-6eb78bc elementor-section-boxed elementor-section-height-default elementor-section-height-default\" data-id=\"6eb78bc\" data-element_type=\"section\">\n\t\t\t\t\t\t<div class=\"elementor-container elementor-column-gap-default\">\n\t\t\t\t\t<div class=\"elementor-column elementor-col-33 elementor-top-column elementor-element elementor-element-aff841a\" data-id=\"aff841a\" data-element_type=\"column\" data-settings=\"{&quot;background_background&quot;:&quot;classic&quot;}\">\n\t\t\t<div class=\"elementor-widget-wrap elementor-element-populated\">\n\t\t\t\t\t\t<div class=\"elementor-element elementor-element-e109814 elementor-widget elementor-widget-heading\" data-id=\"e109814\" data-element_type=\"widget\" data-widget_type=\"heading.default\">\n\t\t\t\t<div class=\"elementor-widget-container\">\n\t\t\t\t\t<h2 class=\"elementor-heading-title elementor-size-default\">B\u0142\u0119dy Toyota<\/h2>\t\t\t\t<\/div>\n\t\t\t\t<\/div>\n\t\t\t\t<div class=\"elementor-element elementor-element-57fdeee elementor-widget elementor-widget-text-editor\" data-id=\"57fdeee\" data-element_type=\"widget\" data-widget_type=\"text-editor.default\">\n\t\t\t\t<div class=\"elementor-widget-container\">\n\t\t\t\t\t\t\t\t\t<p><a href=\"https:\/\/kalinski.pl\/serwis\/blad-p2002-toyota-niski-przeplyw-w-filtrze-czastek-stalych\/\" target=\"_blank\" rel=\"noopener\">B\u0142\u0105d p2002 Toyota \u2013 niska wydajno\u015b\u0107 filtra DPF<\/a><\/p>\t\t\t\t\t\t\t\t<\/div>\n\t\t\t\t<\/div>\n\t\t\t\t\t<\/div>\n\t\t<\/div>\n\t\t\t\t<div class=\"elementor-column elementor-col-33 elementor-top-column elementor-element elementor-element-a0ae798\" data-id=\"a0ae798\" data-element_type=\"column\" data-settings=\"{&quot;background_background&quot;:&quot;classic&quot;}\">\n\t\t\t<div class=\"elementor-widget-wrap elementor-element-populated\">\n\t\t\t\t\t\t<div class=\"elementor-element elementor-element-d27a6f6 elementor-widget elementor-widget-heading\" data-id=\"d27a6f6\" data-element_type=\"widget\" data-widget_type=\"heading.default\">\n\t\t\t\t<div class=\"elementor-widget-container\">\n\t\t\t\t\t<h2 class=\"elementor-heading-title elementor-size-default\">B\u0142\u0119dy Volkswagen<\/h2>\t\t\t\t<\/div>\n\t\t\t\t<\/div>\n\t\t\t\t<div class=\"elementor-element elementor-element-e59114d elementor-widget elementor-widget-text-editor\" data-id=\"e59114d\" data-element_type=\"widget\" data-widget_type=\"text-editor.default\">\n\t\t\t\t<div class=\"elementor-widget-container\">\n\t\t\t\t\t\t\t\t\t<p><a href=\"https:\/\/kalinski.pl\/serwis\/blad-p2002-volkswagen-filtr-czastek-stalych-dpf-zapchany\/\">B\u0142\u0105d p242f Volkswagen \u2013 problem z filtrem cz\u0105stek sta\u0142ych<\/a><\/p>\t\t\t\t\t\t\t\t<\/div>\n\t\t\t\t<\/div>\n\t\t\t\t\t<\/div>\n\t\t<\/div>\n\t\t\t\t<div class=\"elementor-column elementor-col-33 elementor-top-column elementor-element elementor-element-ccfd3f7\" data-id=\"ccfd3f7\" data-element_type=\"column\" data-settings=\"{&quot;background_background&quot;:&quot;classic&quot;}\">\n\t\t\t<div class=\"elementor-widget-wrap elementor-element-populated\">\n\t\t\t\t\t\t<div class=\"elementor-element elementor-element-7ea9845 elementor-widget elementor-widget-heading\" data-id=\"7ea9845\" data-element_type=\"widget\" data-widget_type=\"heading.default\">\n\t\t\t\t<div class=\"elementor-widget-container\">\n\t\t\t\t\t<h2 class=\"elementor-heading-title elementor-size-default\">B\u0142\u0119dy Volvo<\/h2>\t\t\t\t<\/div>\n\t\t\t\t<\/div>\n\t\t\t\t<div class=\"elementor-element elementor-element-fa024b6 elementor-widget elementor-widget-text-editor\" data-id=\"fa024b6\" data-element_type=\"widget\" data-widget_type=\"text-editor.default\">\n\t\t\t\t<div class=\"elementor-widget-container\">\n\t\t\t\t\t\t\t\t\t<p><a href=\"https:\/\/kalinski.pl\/serwis\/blad-p242f-volvo-blad-czujnika-roznicy-cisnien-lub-zapchany-dpf-2\/\" target=\"_blank\" rel=\"noopener\">B\u0142\u0105d p242f Volvo \u2013 b\u0142\u0105d czujnika r\u00f3\u017cnicy ci\u015bnie\u0144 lub zapchany DPF<\/a><\/p>\t\t\t\t\t\t\t\t<\/div>\n\t\t\t\t<\/div>\n\t\t\t\t\t<\/div>\n\t\t<\/div>\n\t\t\t\t\t<\/div>\n\t\t<\/section>\n\t\t\t\t<\/div>\n\t\t","protected":false},"excerpt":{"rendered":"<p>B\u0142\u0119dy Audi B\u0142\u0105d p2002 Audi \u2013 wydajno\u015b\u0107 filtra DPF B\u0142\u0105d p242f Audi \u2013 zapchany lub zablokowany filtr cz\u0105stek sta\u0142ych B\u0142\u0119dy Fiat B\u0142\u0105d p2002 Fiat \u2013 zapchany DPF (wymiana lub regeneracja) B\u0142\u0119dy Ford B\u0142\u0105d p2002 Ford \u2013 uszkodzony filtr cz\u0105stek sta\u0142ych B\u0142\u0105d p242f Ford \u2013 ograniczenie pracy filtra cz\u0105stek sta\u0142ych lub nagromadzenie sadzy B\u0142\u0119dy Hyundai B\u0142\u0105d &hellip; <a href=\"https:\/\/kalinski.pl\/serwis\/kody-bledow-serwisowych\/\" class=\"more-link\">Czytaj dalej<span class=\"screen-reader-text\"> Kody b\u0142\u0119d\u00f3w serwisowych<\/span><\/a><\/p>\n","protected":false},"author":821792,"featured_media":0,"parent":0,"menu_order":0,"comment_status":"closed","ping_status":"closed","template":"","meta":{"footnotes":""},"class_list":["post-4241","page","type-page","status-publish","hentry"],"yoast_head":"<!-- This site is optimized with the Yoast SEO plugin v26.7 - https:\/\/yoast.com\/wordpress\/plugins\/seo\/ -->\n<title>Kody b\u0142\u0119d\u00f3w serwisowych | Kali\u0144ski<\/title>\n<meta name=\"robots\" content=\"index, follow, max-snippet:-1, max-image-preview:large, max-video-preview:-1\" \/>\n<link rel=\"canonical\" href=\"https:\/\/kalinski.pl\/serwis\/kody-bledow-serwisowych\/\" \/>\n<meta property=\"og:locale\" content=\"pl_PL\" \/>\n<meta property=\"og:type\" content=\"article\" \/>\n<meta property=\"og:title\" content=\"Kody b\u0142\u0119d\u00f3w serwisowych | Kali\u0144ski\" \/>\n<meta property=\"og:description\" content=\"B\u0142\u0119dy Audi B\u0142\u0105d p2002 Audi \u2013 wydajno\u015b\u0107 filtra DPF B\u0142\u0105d p242f Audi \u2013 zapchany lub zablokowany filtr cz\u0105stek sta\u0142ych B\u0142\u0119dy Fiat B\u0142\u0105d p2002 Fiat \u2013 zapchany DPF (wymiana lub regeneracja) B\u0142\u0119dy Ford B\u0142\u0105d p2002 Ford \u2013 uszkodzony filtr cz\u0105stek sta\u0142ych B\u0142\u0105d p242f Ford \u2013 ograniczenie pracy filtra cz\u0105stek sta\u0142ych lub nagromadzenie sadzy B\u0142\u0119dy Hyundai B\u0142\u0105d &hellip; Czytaj dalej Kody b\u0142\u0119d\u00f3w serwisowych\" \/>\n<meta property=\"og:url\" content=\"https:\/\/kalinski.pl\/serwis\/kody-bledow-serwisowych\/\" \/>\n<meta property=\"og:site_name\" content=\"Kali\u0144ski\" \/>\n<meta property=\"article:modified_time\" content=\"2024-03-21T09:11:28+00:00\" \/>\n<meta name=\"twitter:card\" content=\"summary_large_image\" \/>\n<meta name=\"twitter:label1\" content=\"Szacowany czas czytania\" \/>\n\t<meta name=\"twitter:data1\" content=\"1 minuta\" \/>\n<script type=\"application\/ld+json\" class=\"yoast-schema-graph\">{\"@context\":\"https:\/\/schema.org\",\"@graph\":[{\"@type\":\"WebPage\",\"@id\":\"https:\/\/kalinski.pl\/serwis\/kody-bledow-serwisowych\/\",\"url\":\"https:\/\/kalinski.pl\/serwis\/kody-bledow-serwisowych\/\",\"name\":\"Kody b\u0142\u0119d\u00f3w serwisowych | Kali\u0144ski\",\"isPartOf\":{\"@id\":\"https:\/\/kalinski.pl\/serwis\/#website\"},\"datePublished\":\"2024-03-21T07:50:10+00:00\",\"dateModified\":\"2024-03-21T09:11:28+00:00\",\"breadcrumb\":{\"@id\":\"https:\/\/kalinski.pl\/serwis\/kody-bledow-serwisowych\/#breadcrumb\"},\"inLanguage\":\"pl-PL\",\"potentialAction\":[{\"@type\":\"ReadAction\",\"target\":[\"https:\/\/kalinski.pl\/serwis\/kody-bledow-serwisowych\/\"]}]},{\"@type\":\"BreadcrumbList\",\"@id\":\"https:\/\/kalinski.pl\/serwis\/kody-bledow-serwisowych\/#breadcrumb\",\"itemListElement\":[{\"@type\":\"ListItem\",\"position\":1,\"name\":\"Strona g\u0142\u00f3wna\",\"item\":\"https:\/\/kalinski.pl\/serwis\/\"},{\"@type\":\"ListItem\",\"position\":2,\"name\":\"Kody b\u0142\u0119d\u00f3w serwisowych\"}]},{\"@type\":\"WebSite\",\"@id\":\"https:\/\/kalinski.pl\/serwis\/#website\",\"url\":\"https:\/\/kalinski.pl\/serwis\/\",\"name\":\"Kali\u0144ski\",\"description\":\"Uk\u0142ady wydechowe\",\"publisher\":{\"@id\":\"https:\/\/kalinski.pl\/serwis\/#organization\"},\"potentialAction\":[{\"@type\":\"SearchAction\",\"target\":{\"@type\":\"EntryPoint\",\"urlTemplate\":\"https:\/\/kalinski.pl\/serwis\/?s={search_term_string}\"},\"query-input\":{\"@type\":\"PropertyValueSpecification\",\"valueRequired\":true,\"valueName\":\"search_term_string\"}}],\"inLanguage\":\"pl-PL\"},{\"@type\":\"Organization\",\"@id\":\"https:\/\/kalinski.pl\/serwis\/#organization\",\"name\":\"Kali\u0144ski\",\"url\":\"https:\/\/kalinski.pl\/serwis\/\",\"logo\":{\"@type\":\"ImageObject\",\"inLanguage\":\"pl-PL\",\"@id\":\"https:\/\/kalinski.pl\/serwis\/#\/schema\/logo\/image\/\",\"url\":\"https:\/\/kalinski.pl\/serwis\/wp-content\/uploads\/2019\/03\/cropped-logo_white.jpg\",\"contentUrl\":\"https:\/\/kalinski.pl\/serwis\/wp-content\/uploads\/2019\/03\/cropped-logo_white.jpg\",\"width\":240,\"height\":63,\"caption\":\"Kali\u0144ski\"},\"image\":{\"@id\":\"https:\/\/kalinski.pl\/serwis\/#\/schema\/logo\/image\/\"}}]}<\/script>\n<!-- \/ Yoast SEO plugin. -->","yoast_head_json":{"title":"Kody b\u0142\u0119d\u00f3w serwisowych | Kali\u0144ski","robots":{"index":"index","follow":"follow","max-snippet":"max-snippet:-1","max-image-preview":"max-image-preview:large","max-video-preview":"max-video-preview:-1"},"canonical":"https:\/\/kalinski.pl\/serwis\/kody-bledow-serwisowych\/","og_locale":"pl_PL","og_type":"article","og_title":"Kody b\u0142\u0119d\u00f3w serwisowych | Kali\u0144ski","og_description":"B\u0142\u0119dy Audi B\u0142\u0105d p2002 Audi \u2013 wydajno\u015b\u0107 filtra DPF B\u0142\u0105d p242f Audi \u2013 zapchany lub zablokowany filtr cz\u0105stek sta\u0142ych B\u0142\u0119dy Fiat B\u0142\u0105d p2002 Fiat \u2013 zapchany DPF (wymiana lub regeneracja) B\u0142\u0119dy Ford B\u0142\u0105d p2002 Ford \u2013 uszkodzony filtr cz\u0105stek sta\u0142ych B\u0142\u0105d p242f Ford \u2013 ograniczenie pracy filtra cz\u0105stek sta\u0142ych lub nagromadzenie sadzy B\u0142\u0119dy Hyundai B\u0142\u0105d &hellip; Czytaj dalej Kody b\u0142\u0119d\u00f3w serwisowych","og_url":"https:\/\/kalinski.pl\/serwis\/kody-bledow-serwisowych\/","og_site_name":"Kali\u0144ski","article_modified_time":"2024-03-21T09:11:28+00:00","twitter_card":"summary_large_image","twitter_misc":{"Szacowany czas czytania":"1 minuta"},"schema":{"@context":"https:\/\/schema.org","@graph":[{"@type":"WebPage","@id":"https:\/\/kalinski.pl\/serwis\/kody-bledow-serwisowych\/","url":"https:\/\/kalinski.pl\/serwis\/kody-bledow-serwisowych\/","name":"Kody b\u0142\u0119d\u00f3w serwisowych | Kali\u0144ski","isPartOf":{"@id":"https:\/\/kalinski.pl\/serwis\/#website"},"datePublished":"2024-03-21T07:50:10+00:00","dateModified":"2024-03-21T09:11:28+00:00","breadcrumb":{"@id":"https:\/\/kalinski.pl\/serwis\/kody-bledow-serwisowych\/#breadcrumb"},"inLanguage":"pl-PL","potentialAction":[{"@type":"ReadAction","target":["https:\/\/kalinski.pl\/serwis\/kody-bledow-serwisowych\/"]}]},{"@type":"BreadcrumbList","@id":"https:\/\/kalinski.pl\/serwis\/kody-bledow-serwisowych\/#breadcrumb","itemListElement":[{"@type":"ListItem","position":1,"name":"Strona g\u0142\u00f3wna","item":"https:\/\/kalinski.pl\/serwis\/"},{"@type":"ListItem","position":2,"name":"Kody b\u0142\u0119d\u00f3w serwisowych"}]},{"@type":"WebSite","@id":"https:\/\/kalinski.pl\/serwis\/#website","url":"https:\/\/kalinski.pl\/serwis\/","name":"Kali\u0144ski","description":"Uk\u0142ady wydechowe","publisher":{"@id":"https:\/\/kalinski.pl\/serwis\/#organization"},"potentialAction":[{"@type":"SearchAction","target":{"@type":"EntryPoint","urlTemplate":"https:\/\/kalinski.pl\/serwis\/?s={search_term_string}"},"query-input":{"@type":"PropertyValueSpecification","valueRequired":true,"valueName":"search_term_string"}}],"inLanguage":"pl-PL"},{"@type":"Organization","@id":"https:\/\/kalinski.pl\/serwis\/#organization","name":"Kali\u0144ski","url":"https:\/\/kalinski.pl\/serwis\/","logo":{"@type":"ImageObject","inLanguage":"pl-PL","@id":"https:\/\/kalinski.pl\/serwis\/#\/schema\/logo\/image\/","url":"https:\/\/kalinski.pl\/serwis\/wp-content\/uploads\/2019\/03\/cropped-logo_white.jpg","contentUrl":"https:\/\/kalinski.pl\/serwis\/wp-content\/uploads\/2019\/03\/cropped-logo_white.jpg","width":240,"height":63,"caption":"Kali\u0144ski"},"image":{"@id":"https:\/\/kalinski.pl\/serwis\/#\/schema\/logo\/image\/"}}]}},"_links":{"self":[{"href":"https:\/\/kalinski.pl\/serwis\/wp-json\/wp\/v2\/pages\/4241","targetHints":{"allow":["GET"]}}],"collection":[{"href":"https:\/\/kalinski.pl\/serwis\/wp-json\/wp\/v2\/pages"}],"about":[{"href":"https:\/\/kalinski.pl\/serwis\/wp-json\/wp\/v2\/types\/page"}],"author":[{"embeddable":true,"href":"https:\/\/kalinski.pl\/serwis\/wp-json\/wp\/v2\/users\/821792"}],"replies":[{"embeddable":true,"href":"https:\/\/kalinski.pl\/serwis\/wp-json\/wp\/v2\/comments?post=4241"}],"version-history":[{"count":7,"href":"https:\/\/kalinski.pl\/serwis\/wp-json\/wp\/v2\/pages\/4241\/revisions"}],"predecessor-version":[{"id":4258,"href":"https:\/\/kalinski.pl\/serwis\/wp-json\/wp\/v2\/pages\/4241\/revisions\/4258"}],"wp:attachment":[{"href":"https:\/\/kalinski.pl\/serwis\/wp-json\/wp\/v2\/media?parent=4241"}],"curies":[{"name":"wp","href":"https:\/\/api.w.org\/{rel}","templated":true}]}}