{"id":4219,"date":"2024-01-24T14:19:16","date_gmt":"2024-01-24T13:19:16","guid":{"rendered":"https:\/\/kalinski.pl\/?page_id=4219"},"modified":"2024-01-24T14:27:27","modified_gmt":"2024-01-24T13:27:27","slug":"oprzyrzadowanie-akcesoria","status":"publish","type":"page","link":"https:\/\/kalinski.pl\/serwis\/oprzyrzadowanie-akcesoria\/","title":{"rendered":"Oprzyrz\u0105dowanie, akcesoria"},"content":{"rendered":"<h2 class=\"katalizatory_png\">Oprzyrz\u0105dowanie, akcesoria<\/h2>\n<div class=\"katalizatory_png\">Oferujemy bogaty wyb\u00f3r akcesori\u00f3w do mocowania i \u0142\u0105czenia element\u00f3w uk\u0142adu wydechowego pojazd\u00f3w mechanicznych. Nasz asortyment obejmuje m.in. <strong>uszczelki wydechu<\/strong>,<strong> elastyczne opaski na t\u0142umik, z\u0142\u0105cza<\/strong> czy <strong>obejmy <\/strong>rury wydechowej. Wszystkie cz\u0119\u015bci pochodz\u0105 od renomowanych producent\u00f3w i s\u0105 obj\u0119te gwarancj\u0105. Serdecznie zach\u0119camy do zapoznania si\u0119 z pe\u0142nym katalogiem produkt\u00f3w.<\/div>\n<h2 class=\"katalizatory_png\">Opaska wydechu<\/h2>\n<div class=\"katalizatory_png\">Wychodz\u0105c naprzeciw oczekiwaniom klient\u00f3w, w naszej ofercie posiadamy <strong>opaski (obejmy)<\/strong> na <strong>t\u0142umik<\/strong> dopasowane do rur o r\u00f3\u017cnych wymiarach. Posiadamy r\u00f3wnie\u017c <strong>z\u0142\u0105cza elastyczne<\/strong>, czyli tak zwane <strong>\u201eplecionki\u201d<\/strong> cz\u0119\u015bci charakteryzuj\u0105 si\u0119 \u0142atwo\u015bci\u0105 monta\u017cu i podwy\u017cszon\u0105 trwa\u0142o\u015bci\u0105, dzi\u0119ki czemu zapewni\u0105 bezpieczne po\u0142\u0105czenie poszczeg\u00f3lnych element\u00f3w <strong>wydechu<\/strong>. Doskonale wiemy, \u017ce <strong>t\u0142umiki<\/strong> s\u0105 nara\u017cone na dzia\u0142anie szkodliwych czynnik\u00f3w wewn\u0119trznych, dlatego oferujemy Pa\u0144stwu <strong>obejmy<\/strong> i <strong>opaski<\/strong> wykazuj\u0105ce du\u017c\u0105 odporno\u015b\u0107 na korozj\u0119. Sprzedajemy wy\u0142\u0105cznie najwy\u017cszej klasy cz\u0119\u015bci od sprawdzonych dostawc\u00f3w. Zastosowanie solidnych materia\u0142\u00f3w od sprawdzonych dostawc\u00f3w daje gwarancj\u0119, \u017ce <strong>opaska na t\u0142umik<\/strong> nie ulegnie uszkodzeniu w bezpo\u015brednim kontakcie z sol\u0105 drogow\u0105 czy piaskiem.<\/div>\n<h2 class=\"katalizatory_png\">Obejma wydechu \u2013 do czego s\u0142u\u017cy?<\/h2>\n<div class=\"katalizatory_png\">Uk\u0142ad wydechowy s\u0142u\u017cy nie tylko do odprowadzania spalin. Jego rol\u0105 jest tak\u017ce ograniczanie ha\u0142asu oraz zapewnienie odpowiednich warunk\u00f3w pracy silnika. Zachowanie sprawno\u015bci uk\u0142adu wymaga stabilnego po\u0142\u0105czenia poszczeg\u00f3lnych cz\u0119\u015bci. <strong>Obejma t\u0142umika,<\/strong> \u0142\u0105cz\u0105ca kolektor <strong>wydechu, t\u0142umik i rury<\/strong>, zapewnia szczelno\u015b\u0107 ca\u0142ego systemu. To w\u0142a\u015bnie prawid\u0142owo dobrane <strong>opaska i uszczelka<\/strong> zmniejszaj\u0105 ryzyko wyst\u0105pienia drga\u0144 i gwarantuj\u0105 doskona\u0142\u0105 odporno\u015b\u0107 na przeci\u0105\u017cenia.<\/div>\n<h2 class=\"katalizatory_png\">Jak rozpozna\u0107 uszkodzenie obejmy na t\u0142umik?<\/h2>\n<div class=\"katalizatory_png\">Pierwsz\u0105 oznak\u0105, \u015bwiadcz\u0105c\u0105 o uszkodzeniu <strong>opaski (obejmy) na t\u0142umik,<\/strong> jest zwi\u0119kszony poziom ha\u0142asu. Zlekcewa\u017cenie pierwszych symptom\u00f3w mo\u017ce prowadzi\u0107 do ca\u0142kowitego zerwania uk\u0142adu wydechowego. Naprawa awarii obejmy b\u0119dzie bardziej kosztowna ni\u017c ca\u0142ego uk\u0142adu, dlatego wszelkie niepokoj\u0105ce sygna\u0142y, takie jak obijanie si\u0119 stalowych element\u00f3w pod podwoziem, powinny by\u0107 natychmiast konsultowane z mechanikiem.<\/div>\n<h2 class=\"katalizatory_png\">Z\u0142\u0105cze wydechu \u2013 kluczowy element uk\u0142adu wydechowego<\/h2>\n<div>\u00a0<\/div>\n<div class=\"katalizatory_png\">Konstrukcja silnik\u00f3w t\u0142okowych wymusza powstawanie drga\u0144, kt\u00f3re s\u0105 przenoszone na wszystkie powi\u0105zane uk\u0142ady, w tym uk\u0142ad wydechowy. Aby zmniejszy\u0107 ich szkodliwy wp\u0142yw, stosuje si\u0119 <strong>elastyczne<\/strong> elementy po\u015brednie w postaci <strong>z\u0142\u0105cz<\/strong>. Prawid\u0142owy dob\u00f3r cz\u0119\u015bci niemal ca\u0142kowicie eliminuje przekazywanie drga\u0144 na elementy wydechu. <strong>Z\u0142\u0105cze elastyczne t\u0142umika<\/strong>, czyli tak zwana <strong>\u201eplecionka\u201d<\/strong> chroni tak\u017ce kolektor wydechowy silnika przed powstawaniem sp\u0119ka\u0144 wywo\u0142anych obci\u0105\u017ceniami mechanicznymi.<\/div>\n<div>\u00a0<\/div>\n<div class=\"katalizatory_png\">Wszystkie <strong>z\u0142\u0105cza<\/strong> pochodz\u0105 od sprawdzonych producent\u00f3w. To wysokojako\u015bciowe i selekcjonowane produkty o doskona\u0142ych parametrach technicznych. W naszej ofercie mamy \u201eplecionki\u201d do wszystkich rodzaj\u00f3w pojazd\u00f3w.<\/div>\n<h2 class=\"katalizatory_png\">Uszczelki uk\u0142adu wydechowego w r\u00f3\u017cnych rozmiarach<\/h2>\n<div>\u00a0<\/div>\n<div class=\"katalizatory_png\">Po\u0142\u0105czenie poszczeg\u00f3lnych element\u00f3w uk\u0142adu wydechowego wymaga u\u017cycia odpowiedniej <strong>uszczelki<\/strong>. Ten niewielki element uniemo\u017cliwia wyciek spalin z <strong>wydechu<\/strong> i zapewnia prawid\u0142owe funkcjonowanie systemu. <strong>Uszczelka<\/strong> mo\u017ce by\u0107 wykonana z r\u00f3\u017cnych materia\u0142\u00f3w w zale\u017cno\u015bci od konkretnego zastosowania i wymaga\u0144, np. gumy, silikonu, miedzy, stali nierdzewnej czy specjalnych kompozyt\u00f3w. Ich kszta\u0142t i parametry techniczne s\u0105 zale\u017cne od tego, w jakim elementy wydechu maj\u0105 by\u0107 zamontowane. Uszczelka wydechu, \u0142\u0105cz\u0105ca poszczeg\u00f3lne komponenty, musi by\u0107 dopasowana do charakterystyki danego pojazdu. Wszelkie b\u0142\u0119dy wymiarowe i monta\u017cowe mog\u0105 bowiem spowodowa\u0107 nieprawid\u0142owe dzia\u0142anie uk\u0142adu. <br \/>\nJe\u017celi maj\u0105 Pa\u0144stwo jakiekolwiek w\u0105tpliwo\u015bci zwi\u0105zane z doborem cz\u0119\u015bci zamiennych, serdecznie zach\u0119camy do skorzystania z pomocy naszych doradc\u00f3w. Podpowiemy, kt\u00f3re uszczelki, obejmy (opaski) i elastyczne z\u0142\u0105cza, najlepiej sprawdz\u0105 si\u0119 w Pa\u0144stwa poje\u017adzie. W przypadku zainteresowania naszymi us\u0142ugami lub zakupem cz\u0119\u015bci zamiennych zapraszamy do kontaktu telefonicznego lub mailowego.<\/div>\n","protected":false},"excerpt":{"rendered":"<p>Oprzyrz\u0105dowanie, akcesoria Oferujemy bogaty wyb\u00f3r akcesori\u00f3w do mocowania i \u0142\u0105czenia element\u00f3w uk\u0142adu wydechowego pojazd\u00f3w mechanicznych. Nasz asortyment obejmuje m.in. uszczelki wydechu, elastyczne opaski na t\u0142umik, z\u0142\u0105cza czy obejmy rury wydechowej. Wszystkie cz\u0119\u015bci pochodz\u0105 od renomowanych producent\u00f3w i s\u0105 obj\u0119te gwarancj\u0105. Serdecznie zach\u0119camy do zapoznania si\u0119 z pe\u0142nym katalogiem produkt\u00f3w. Opaska wydechu Wychodz\u0105c naprzeciw oczekiwaniom klient\u00f3w, &hellip; <a href=\"https:\/\/kalinski.pl\/serwis\/oprzyrzadowanie-akcesoria\/\" class=\"more-link\">Czytaj dalej<span class=\"screen-reader-text\"> Oprzyrz\u0105dowanie, akcesoria<\/span><\/a><\/p>\n","protected":false},"author":821795,"featured_media":0,"parent":0,"menu_order":0,"comment_status":"closed","ping_status":"closed","template":"","meta":{"footnotes":""},"class_list":["post-4219","page","type-page","status-publish","hentry"],"yoast_head":"<!-- This site is optimized with the Yoast SEO plugin v26.7 - https:\/\/yoast.com\/wordpress\/plugins\/seo\/ -->\n<title>Oprzyrz\u0105dowanie, akcesoria | Kali\u0144ski<\/title>\n<meta name=\"robots\" content=\"index, follow, max-snippet:-1, max-image-preview:large, max-video-preview:-1\" \/>\n<link rel=\"canonical\" href=\"https:\/\/kalinski.pl\/serwis\/oprzyrzadowanie-akcesoria\/\" \/>\n<meta property=\"og:locale\" content=\"pl_PL\" \/>\n<meta property=\"og:type\" content=\"article\" \/>\n<meta property=\"og:title\" content=\"Oprzyrz\u0105dowanie, akcesoria | Kali\u0144ski\" \/>\n<meta property=\"og:description\" content=\"Oprzyrz\u0105dowanie, akcesoria Oferujemy bogaty wyb\u00f3r akcesori\u00f3w do mocowania i \u0142\u0105czenia element\u00f3w uk\u0142adu wydechowego pojazd\u00f3w mechanicznych. Nasz asortyment obejmuje m.in. uszczelki wydechu, elastyczne opaski na t\u0142umik, z\u0142\u0105cza czy obejmy rury wydechowej. Wszystkie cz\u0119\u015bci pochodz\u0105 od renomowanych producent\u00f3w i s\u0105 obj\u0119te gwarancj\u0105. Serdecznie zach\u0119camy do zapoznania si\u0119 z pe\u0142nym katalogiem produkt\u00f3w. Opaska wydechu Wychodz\u0105c naprzeciw oczekiwaniom klient\u00f3w, &hellip; Czytaj dalej Oprzyrz\u0105dowanie, akcesoria\" \/>\n<meta property=\"og:url\" content=\"https:\/\/kalinski.pl\/serwis\/oprzyrzadowanie-akcesoria\/\" \/>\n<meta property=\"og:site_name\" content=\"Kali\u0144ski\" \/>\n<meta property=\"article:modified_time\" content=\"2024-01-24T13:27:27+00:00\" \/>\n<meta name=\"twitter:card\" content=\"summary_large_image\" \/>\n<meta name=\"twitter:label1\" content=\"Szacowany czas czytania\" \/>\n\t<meta name=\"twitter:data1\" content=\"3 minuty\" \/>\n<script type=\"application\/ld+json\" class=\"yoast-schema-graph\">{\"@context\":\"https:\/\/schema.org\",\"@graph\":[{\"@type\":\"WebPage\",\"@id\":\"https:\/\/kalinski.pl\/serwis\/oprzyrzadowanie-akcesoria\/\",\"url\":\"https:\/\/kalinski.pl\/serwis\/oprzyrzadowanie-akcesoria\/\",\"name\":\"Oprzyrz\u0105dowanie, akcesoria | Kali\u0144ski\",\"isPartOf\":{\"@id\":\"https:\/\/kalinski.pl\/serwis\/#website\"},\"datePublished\":\"2024-01-24T13:19:16+00:00\",\"dateModified\":\"2024-01-24T13:27:27+00:00\",\"breadcrumb\":{\"@id\":\"https:\/\/kalinski.pl\/serwis\/oprzyrzadowanie-akcesoria\/#breadcrumb\"},\"inLanguage\":\"pl-PL\",\"potentialAction\":[{\"@type\":\"ReadAction\",\"target\":[\"https:\/\/kalinski.pl\/serwis\/oprzyrzadowanie-akcesoria\/\"]}]},{\"@type\":\"BreadcrumbList\",\"@id\":\"https:\/\/kalinski.pl\/serwis\/oprzyrzadowanie-akcesoria\/#breadcrumb\",\"itemListElement\":[{\"@type\":\"ListItem\",\"position\":1,\"name\":\"Strona g\u0142\u00f3wna\",\"item\":\"https:\/\/kalinski.pl\/serwis\/\"},{\"@type\":\"ListItem\",\"position\":2,\"name\":\"Oprzyrz\u0105dowanie, akcesoria\"}]},{\"@type\":\"WebSite\",\"@id\":\"https:\/\/kalinski.pl\/serwis\/#website\",\"url\":\"https:\/\/kalinski.pl\/serwis\/\",\"name\":\"Kali\u0144ski\",\"description\":\"Uk\u0142ady wydechowe\",\"publisher\":{\"@id\":\"https:\/\/kalinski.pl\/serwis\/#organization\"},\"potentialAction\":[{\"@type\":\"SearchAction\",\"target\":{\"@type\":\"EntryPoint\",\"urlTemplate\":\"https:\/\/kalinski.pl\/serwis\/?s={search_term_string}\"},\"query-input\":{\"@type\":\"PropertyValueSpecification\",\"valueRequired\":true,\"valueName\":\"search_term_string\"}}],\"inLanguage\":\"pl-PL\"},{\"@type\":\"Organization\",\"@id\":\"https:\/\/kalinski.pl\/serwis\/#organization\",\"name\":\"Kali\u0144ski\",\"url\":\"https:\/\/kalinski.pl\/serwis\/\",\"logo\":{\"@type\":\"ImageObject\",\"inLanguage\":\"pl-PL\",\"@id\":\"https:\/\/kalinski.pl\/serwis\/#\/schema\/logo\/image\/\",\"url\":\"https:\/\/kalinski.pl\/serwis\/wp-content\/uploads\/2019\/03\/cropped-logo_white.jpg\",\"contentUrl\":\"https:\/\/kalinski.pl\/serwis\/wp-content\/uploads\/2019\/03\/cropped-logo_white.jpg\",\"width\":240,\"height\":63,\"caption\":\"Kali\u0144ski\"},\"image\":{\"@id\":\"https:\/\/kalinski.pl\/serwis\/#\/schema\/logo\/image\/\"}}]}<\/script>\n<!-- \/ Yoast SEO plugin. -->","yoast_head_json":{"title":"Oprzyrz\u0105dowanie, akcesoria | Kali\u0144ski","robots":{"index":"index","follow":"follow","max-snippet":"max-snippet:-1","max-image-preview":"max-image-preview:large","max-video-preview":"max-video-preview:-1"},"canonical":"https:\/\/kalinski.pl\/serwis\/oprzyrzadowanie-akcesoria\/","og_locale":"pl_PL","og_type":"article","og_title":"Oprzyrz\u0105dowanie, akcesoria | Kali\u0144ski","og_description":"Oprzyrz\u0105dowanie, akcesoria Oferujemy bogaty wyb\u00f3r akcesori\u00f3w do mocowania i \u0142\u0105czenia element\u00f3w uk\u0142adu wydechowego pojazd\u00f3w mechanicznych. Nasz asortyment obejmuje m.in. uszczelki wydechu, elastyczne opaski na t\u0142umik, z\u0142\u0105cza czy obejmy rury wydechowej. Wszystkie cz\u0119\u015bci pochodz\u0105 od renomowanych producent\u00f3w i s\u0105 obj\u0119te gwarancj\u0105. Serdecznie zach\u0119camy do zapoznania si\u0119 z pe\u0142nym katalogiem produkt\u00f3w. Opaska wydechu Wychodz\u0105c naprzeciw oczekiwaniom klient\u00f3w, &hellip; Czytaj dalej Oprzyrz\u0105dowanie, akcesoria","og_url":"https:\/\/kalinski.pl\/serwis\/oprzyrzadowanie-akcesoria\/","og_site_name":"Kali\u0144ski","article_modified_time":"2024-01-24T13:27:27+00:00","twitter_card":"summary_large_image","twitter_misc":{"Szacowany czas czytania":"3 minuty"},"schema":{"@context":"https:\/\/schema.org","@graph":[{"@type":"WebPage","@id":"https:\/\/kalinski.pl\/serwis\/oprzyrzadowanie-akcesoria\/","url":"https:\/\/kalinski.pl\/serwis\/oprzyrzadowanie-akcesoria\/","name":"Oprzyrz\u0105dowanie, akcesoria | Kali\u0144ski","isPartOf":{"@id":"https:\/\/kalinski.pl\/serwis\/#website"},"datePublished":"2024-01-24T13:19:16+00:00","dateModified":"2024-01-24T13:27:27+00:00","breadcrumb":{"@id":"https:\/\/kalinski.pl\/serwis\/oprzyrzadowanie-akcesoria\/#breadcrumb"},"inLanguage":"pl-PL","potentialAction":[{"@type":"ReadAction","target":["https:\/\/kalinski.pl\/serwis\/oprzyrzadowanie-akcesoria\/"]}]},{"@type":"BreadcrumbList","@id":"https:\/\/kalinski.pl\/serwis\/oprzyrzadowanie-akcesoria\/#breadcrumb","itemListElement":[{"@type":"ListItem","position":1,"name":"Strona g\u0142\u00f3wna","item":"https:\/\/kalinski.pl\/serwis\/"},{"@type":"ListItem","position":2,"name":"Oprzyrz\u0105dowanie, akcesoria"}]},{"@type":"WebSite","@id":"https:\/\/kalinski.pl\/serwis\/#website","url":"https:\/\/kalinski.pl\/serwis\/","name":"Kali\u0144ski","description":"Uk\u0142ady wydechowe","publisher":{"@id":"https:\/\/kalinski.pl\/serwis\/#organization"},"potentialAction":[{"@type":"SearchAction","target":{"@type":"EntryPoint","urlTemplate":"https:\/\/kalinski.pl\/serwis\/?s={search_term_string}"},"query-input":{"@type":"PropertyValueSpecification","valueRequired":true,"valueName":"search_term_string"}}],"inLanguage":"pl-PL"},{"@type":"Organization","@id":"https:\/\/kalinski.pl\/serwis\/#organization","name":"Kali\u0144ski","url":"https:\/\/kalinski.pl\/serwis\/","logo":{"@type":"ImageObject","inLanguage":"pl-PL","@id":"https:\/\/kalinski.pl\/serwis\/#\/schema\/logo\/image\/","url":"https:\/\/kalinski.pl\/serwis\/wp-content\/uploads\/2019\/03\/cropped-logo_white.jpg","contentUrl":"https:\/\/kalinski.pl\/serwis\/wp-content\/uploads\/2019\/03\/cropped-logo_white.jpg","width":240,"height":63,"caption":"Kali\u0144ski"},"image":{"@id":"https:\/\/kalinski.pl\/serwis\/#\/schema\/logo\/image\/"}}]}},"_links":{"self":[{"href":"https:\/\/kalinski.pl\/serwis\/wp-json\/wp\/v2\/pages\/4219","targetHints":{"allow":["GET"]}}],"collection":[{"href":"https:\/\/kalinski.pl\/serwis\/wp-json\/wp\/v2\/pages"}],"about":[{"href":"https:\/\/kalinski.pl\/serwis\/wp-json\/wp\/v2\/types\/page"}],"author":[{"embeddable":true,"href":"https:\/\/kalinski.pl\/serwis\/wp-json\/wp\/v2\/users\/821795"}],"replies":[{"embeddable":true,"href":"https:\/\/kalinski.pl\/serwis\/wp-json\/wp\/v2\/comments?post=4219"}],"version-history":[{"count":3,"href":"https:\/\/kalinski.pl\/serwis\/wp-json\/wp\/v2\/pages\/4219\/revisions"}],"predecessor-version":[{"id":4224,"href":"https:\/\/kalinski.pl\/serwis\/wp-json\/wp\/v2\/pages\/4219\/revisions\/4224"}],"wp:attachment":[{"href":"https:\/\/kalinski.pl\/serwis\/wp-json\/wp\/v2\/media?parent=4219"}],"curies":[{"name":"wp","href":"https:\/\/api.w.org\/{rel}","templated":true}]}}