{"id":4211,"date":"2024-01-18T13:54:45","date_gmt":"2024-01-18T12:54:45","guid":{"rendered":"https:\/\/kalinski.pl\/?page_id=4211"},"modified":"2026-03-03T12:32:35","modified_gmt":"2026-03-03T11:32:35","slug":"pojazdy-zabytkowe-oldtimer-youngtimer","status":"publish","type":"page","link":"https:\/\/kalinski.pl\/serwis\/pojazdy-zabytkowe-oldtimer-youngtimer\/","title":{"rendered":"Pojazdy zabytkowe, Oldtimer, Youngtimer"},"content":{"rendered":"<div class=\"katalizatory_png\"><img decoding=\"async\" class=\"alignnone size-large wp-image-4213\" src=\"https:\/\/kalinski.pl\/wp-content\/uploads\/Tlumiki_pojazdy_zabytkowe-Kalinski.png\" alt=\"\" width=\"1110\" height=\"303\" \/><\/div>\n<div>\u00a0<\/div>\n<div class=\"odstepy_strona\">\n<p>Specjalizujemy si\u0119 w odwzorowywaniu czy <strong>renowacji uk\u0142adu wydechowego<\/strong> w <strong>samochodach zabytkowych, oldtimerach i youngtimerach<\/strong> oraz innych pojazdach. Pomagamy kierowcom przywr\u00f3ci\u0107 pe\u0142n\u0105 sprawno\u015b\u0107 <strong>auta.<\/strong> Dzia\u0142amy szybko, skutecznie i zgodnie z ustalonym cennikiem. Gwarantujemy terminowe wykonanie prac przy niewielkim nak\u0142adzie finansowym. Oferta naszej firmy obejmuje nie tylko naprawy <strong>uk\u0142ad\u00f3w wydechowych<\/strong> w <strong>zabytkowych autach<\/strong>, ale tak\u017ce ich dorabianie oraz sprzeda\u017c <strong>cz\u0119\u015bci<\/strong> zamiennych od sprawdzonych producent\u00f3w. Jeste\u015bmy m.in. dystrybutorem w\u0142oskiej marki Imasaf.<\/p>\n<\/div>\n<h2><strong>Z czego sk\u0142ada si\u0119 uk\u0142ad wydechowy?<\/strong><\/h2>\n<p>Podstawowym zadaniem <strong>uk\u0142adu wydechowego<\/strong> jest odprowadzanie i filtrowanie spalin, kt\u00f3re wydostaj\u0105 si\u0119 z komory spalania silnika. Wszystkie <strong>cz\u0119\u015bci,<\/strong> wchodz\u0105ce w sk\u0142ad <strong>uk\u0142adu<\/strong> (m.in. kolektor <strong>wydechowy,<\/strong> t\u0142umik czy katalizator) pracuj\u0105 w skrajnie wysokich temperaturach, natomiast ich umieszczenie pod podwoziem sprawia, \u017ce s\u0105 szczeg\u00f3lnie podatne na dzia\u0142anie wilgoci i czynniki mechaniczne. Problem ten dotyczy w szczeg\u00f3lno\u015bci <strong>aut zabytkowych,<\/strong> czyli <strong>oldtimer\u00f3w<\/strong> i <strong>youngtimer\u00f3w,<\/strong> w kt\u00f3rych poszczeg\u00f3lne <strong>cz\u0119\u015bci<\/strong> ulegaj\u0105 naturalnemu zu\u017cyciu. W takim przypadku niezb\u0119dne jest przeprowadzenie <strong>renowacji samochodu.<\/strong><\/p>\n<h2>Usterki uk\u0142adu wydechowego w pojazdach zabytkowych<\/h2>\n<p>Jak ju\u017c wspomnieli\u015bmy, wydech jest poddawany nieustannej eksploatacji i nara\u017cony na dzia\u0142anie szkodliwych czynnik\u00f3w. Jedn\u0105 z najcz\u0119\u015bciej wyst\u0119puj\u0105cych awarii jest rozszczelnienie t\u0142umika spowodowane procesami korozyjnymi. W starszych <strong>samochodach <\/strong>typu<strong> youngtimer<\/strong> czy oldtimer cz\u0119sto stosowano mniej odporne na korozj\u0119 materia\u0142y, dlatego <strong>renowacja samochod\u00f3w zabytkowych<\/strong> mo\u017ce by\u0107 utrudniona. Jako specjali\u015bci z d\u0142ugoletnim do\u015bwiadczeniem w bran\u017cy motoryzacyjnym dysponujemy jednak <strong>cz\u0119\u015bciami<\/strong> zamiennymi i narz\u0119dziami, kt\u00f3re umo\u017cliwi\u0105 napraw\u0119 <a href=\"https:\/\/kalinski.pl\/sklep\/pl\/4358-filtry-czastek-stalych-dpffap\"><strong>uk\u0142adu wydechowego<\/strong><\/a> i zachowanie jego sprawno\u015bci. Je\u017celi naprawa nie b\u0119dzie mo\u017cliwa, zaproponujemy dorobienie wydechu zgodnie ze specyfikacj\u0105 dostarczon\u0105 przez producenta<strong> auta.<\/strong><\/p>\n<h2>Dlaczego renowacja uk\u0142adu wydechowego jest tak wa\u017cna?<\/h2>\n<p>Niestety, ka\u017cda usterka wydechu mo\u017ce powodowa\u0107 problemy z eksploatacj\u0105 <strong>auta<\/strong> i wp\u0142ywa\u0107 na wydajno\u015b\u0107 silnika. Powstawanie ubytk\u00f3w w rurach nie tylko generuje ha\u0142as, ale tak\u017ce prowadzi do przedostawania si\u0119 spalin do wn\u0119trza <strong>samochodu.<\/strong> Je\u017celi zale\u017cy Pa\u0144stwu na utrzymaniu doskona\u0142ego stanu technicznego pojazdu, zach\u0119camy do regularnej kontroli. W przypadku daleko posuni\u0119tej degradacji zajmiemy si\u0119 dorobieniem wydechu. \u015awiadczymy kompleksowe us\u0142ugi z zakresu <strong>renowacji<\/strong> wydechu w <strong>autach zabytkowych<\/strong>, <strong>oldtimerach<\/strong> i <strong>youngtimerach,<\/strong> i z przyjemno\u015bci\u0105 podzielimy si\u0119 z Pa\u0144stwem nasz\u0105 wiedz\u0105 i do\u015bwiadczeniem.<\/p>\n<h2>Jak zadba\u0107 o uk\u0142ady wydechowe w pojazdach zabytkowych?<\/h2>\n<p>Jednym z powod\u00f3w, przez kt\u00f3re wydechy w <strong>oldtimerach<\/strong> i <strong>youngtimerach<\/strong> ulegaj\u0105 zu\u017cyciu, jest rzadka eksploatacja pojazd\u00f3w. Je\u017celi <strong>samoch\u00f3d<\/strong> nie jest u\u017cytkowany na co dzie\u0144, istnieje ryzyko zastoju wody w <strong>uk\u0142adzie wydechowym,<\/strong> co w konsekwencji prowadzi do korozji wewn\u0119trznej. Innym cz\u0119stym problemem s\u0105 ubytki w uszczelnieniach i mocowaniach, kt\u00f3re wynikaj\u0105 z naturalnego procesu starzenia si\u0119 materia\u0142u. <strong>Renowacja oldtimer\u00f3w<\/strong> i <strong>youngitimer\u00f3w<\/strong> to najlepszy spos\u00f3b na wyd\u0142u\u017cenie \u017cywotno\u015bci <strong>zabytkowego samochodu<\/strong> oraz zwi\u0119kszenie jego warto\u015bci rynkowej. Nowy uk\u0142ad wydechowy w poje\u017adzie zabytkowym mo\u017ce r\u00f3wnie\u017c powodowa\u0107 zmian\u0119 d\u017awi\u0119ku wydawanego przez pojazd, co uczyni go jeszcze bardziej atrakcyjnym.<\/p>\n<h2>Cz\u0119\u015bci zamienne do oldtimer\u00f3w i youngtimer\u00f3w od renomowanych producent\u00f3w<\/h2>\n<p>Wychodz\u0105c naprzeciw oczekiwaniom naszych klient\u00f3w, rozszerzyli\u015bmy ofert\u0119 o wysokiej jako\u015bci <strong>cz\u0119\u015bci do aut zabytkowych.<\/strong> Nasza oferta obejmuje m.in. t\u0142umiki, elementy mocowa\u0144, przy\u0142\u0105czy czy te\u017c katalizatory, filtry cz\u0105steczek sta\u0142ych, <a href=\"https:\/\/kalinski.pl\/sklep\/pl\/4358-filtry-czastek-stalych-dpffap\">FAP<\/a>, DPF od renomowanych \u015bwiatowych producent\u00f3w. Zajmujemy si\u0119 dystrybucj\u0105 zamiennik\u00f3w od takich marek Walker, Bosal, Polmostr\u00f3w, Edex, Ferroz czy dedykowany pojazdom zabytkowym Imasaf. Dzi\u0119ki nam <strong>renowacja oldtimer\u00f3w i youngtimer\u00f3w<\/strong> b\u0119dzie trwa\u0142a, kompletna. Szczeg\u00f3lnie polecamy us\u0142ug\u0119 dla starszych pojazd\u00f3w polegaj\u0105c\u0105 na <strong>dorabianie uk\u0142ad\u00f3w wydechowych<\/strong> . Na wszystkie prace udzielamy gwarancji. Szanujemy czas i pieni\u0105dze naszych klient\u00f3w, dlatego zebrali\u015bmy tak du\u017ce grono wiernych us\u0142ugobiorc\u00f3w.<\/p>\n<p>Je\u017celi zale\u017cy Pa\u0144stwu na profesjonalnym serwisie pojazdu lub zakupie dedykowanych cz\u0119\u015bci, pozostajemy do dyspozycji. Ka\u017cdy <strong>uk\u0142ad wydechowy na zam\u00f3wienie<\/strong> jest wykonany z najlepszych materia\u0142\u00f3w \u2013 <strong>stali nierdzewnej<\/strong> przy wykorzystaniu naszego ponad 30-letniego do\u015bwiadczenia i niezb\u0119dnego sprz\u0119tu. Klienci chwal\u0105 sobie nasze realizacje i bardzo ch\u0119tnie wracaj\u0105 z kolejnymi pojazdami.<\/p>\n<div class=\"kontakt_frame_main\">\n\n<div class=\"su-posts su-posts-single-post \">\n\n\t\t\t\t\t\t\n\t\t\t\n\t\t\t<div id=\"su-post-4824\" class=\"su-post \">\n\t\t\t\t<h1 class=\"su-post-title\">Kontakt Grzegorz Staszak<\/h1>\n\t\t\t\t<div class=\"su-post-meta\">\n\t\t\t\t\tOpublikowano:\n\t\t\t\t\t3 marca 2026\t\t\t\t\t\t\t\t\t<\/div>\n\t\t\t\t<div class=\"su-post-content\">\n\t\t\t\t\t\t\t<div data-elementor-type=\"wp-post\" data-elementor-id=\"4824\" class=\"elementor elementor-4824\">\n\t\t\t\t\t\t<section class=\"elementor-section elementor-top-section elementor-element elementor-element-45791e7 elementor-section-boxed elementor-section-height-default elementor-section-height-default\" data-id=\"45791e7\" data-element_type=\"section\">\n\t\t\t\t\t\t<div class=\"elementor-container elementor-column-gap-default\">\n\t\t\t\t\t<div class=\"elementor-column elementor-col-100 elementor-top-column elementor-element elementor-element-1814f0d\" data-id=\"1814f0d\" data-element_type=\"column\">\n\t\t\t<div class=\"elementor-widget-wrap elementor-element-populated\">\n\t\t\t\t\t\t<div class=\"elementor-element elementor-element-98888cf h3_kontakt elementor-widget elementor-widget-heading\" data-id=\"98888cf\" data-element_type=\"widget\" data-widget_type=\"heading.default\">\n\t\t\t\t<div class=\"elementor-widget-container\">\n\t\t\t\t\t<h3 class=\"elementor-heading-title elementor-size-default\">Pojazdy osobowe<\/h3>\t\t\t\t<\/div>\n\t\t\t\t<\/div>\n\t\t\t\t\t<\/div>\n\t\t<\/div>\n\t\t\t\t\t<\/div>\n\t\t<\/section>\n\t\t\t\t<section class=\"elementor-section elementor-top-section elementor-element elementor-element-28ce6c0 elementor-section-boxed elementor-section-height-default elementor-section-height-default\" data-id=\"28ce6c0\" data-element_type=\"section\">\n\t\t\t\t\t\t<div class=\"elementor-container elementor-column-gap-default\">\n\t\t\t\t\t<div class=\"elementor-column elementor-col-100 elementor-top-column elementor-element elementor-element-ef59eb2\" data-id=\"ef59eb2\" data-element_type=\"column\">\n\t\t\t<div class=\"elementor-widget-wrap elementor-element-populated\">\n\t\t\t\t\t\t<div class=\"elementor-element elementor-element-c66b190 elementor-position-left elementor-widget__width-initial member-name elementor-vertical-align-top elementor-widget elementor-widget-image-box\" data-id=\"c66b190\" data-element_type=\"widget\" data-widget_type=\"image-box.default\">\n\t\t\t\t<div class=\"elementor-widget-container\">\n\t\t\t\t\t<div class=\"elementor-image-box-wrapper\"><figure class=\"elementor-image-box-img\"><img fetchpriority=\"high\" fetchpriority=\"high\" decoding=\"async\" width=\"400\" height=\"400\" src=\"https:\/\/kalinski.pl\/serwis\/wp-content\/uploads\/kk_grzegorzstaszak.jpg\" class=\"attachment-full size-full wp-image-4702\" alt=\"kk grzegorzstaszak\" \/><\/figure><div class=\"elementor-image-box-content\"><h3 class=\"elementor-image-box-title\">Grzegorz Staszak<\/h3><p class=\"elementor-image-box-description\">\n<div class=\"member-role\">Menad\u017cer dzia\u0142u cz\u0119\u015bci i akcesori\u00f3w<br \/>\nSpecjalista ds. tuningu i motocykli<\/div>\n<div class=\"member-contact\"><a href=\"tel:48618142777\">+48 61 814 27 77 wew. 104<\/a><br \/>691 083 346<\/a><br \/>\nmotocykle@kalinski.pl<\/div><\/p><\/div><\/div>\t\t\t\t<\/div>\n\t\t\t\t<\/div>\n\t\t\t\t\t<\/div>\n\t\t<\/div>\n\t\t\t\t\t<\/div>\n\t\t<\/section>\n\t\t\t\t<\/div>\n\t\t\t\t\t\t<\/div>\n\t\t\t<\/div>\n\n\t\t\t\t\n<\/div>\n<\/div>\n","protected":false},"excerpt":{"rendered":"<p>\u00a0 Specjalizujemy si\u0119 w odwzorowywaniu czy renowacji uk\u0142adu wydechowego w samochodach zabytkowych, oldtimerach i youngtimerach oraz innych pojazdach. Pomagamy kierowcom przywr\u00f3ci\u0107 pe\u0142n\u0105 sprawno\u015b\u0107 auta. Dzia\u0142amy szybko, skutecznie i zgodnie z ustalonym cennikiem. Gwarantujemy terminowe wykonanie prac przy niewielkim nak\u0142adzie finansowym. Oferta naszej firmy obejmuje nie tylko naprawy uk\u0142ad\u00f3w wydechowych w zabytkowych autach, ale tak\u017ce ich &hellip; <a href=\"https:\/\/kalinski.pl\/serwis\/kontakt-grzegorz-staszak\/\" class=\"more-link\">Czytaj dalej<span class=\"screen-reader-text\"> Kontakt Grzegorz Staszak<\/span><\/a><\/p>\n","protected":false},"author":821795,"featured_media":0,"parent":0,"menu_order":0,"comment_status":"closed","ping_status":"closed","template":"","meta":{"footnotes":""},"class_list":["post-4211","page","type-page","status-publish","hentry"],"yoast_head":"<!-- This site is optimized with the Yoast SEO plugin v26.7 - https:\/\/yoast.com\/wordpress\/plugins\/seo\/ -->\n<title>Pojazdy zabytkowe, Oldtimer, Youngtimer | Kali\u0144ski<\/title>\n<meta name=\"robots\" content=\"index, follow, max-snippet:-1, max-image-preview:large, max-video-preview:-1\" \/>\n<link rel=\"canonical\" href=\"https:\/\/kalinski.pl\/serwis\/pojazdy-zabytkowe-oldtimer-youngtimer\/\" \/>\n<meta property=\"og:locale\" content=\"pl_PL\" \/>\n<meta property=\"og:type\" content=\"article\" \/>\n<meta property=\"og:title\" content=\"Pojazdy zabytkowe, Oldtimer, Youngtimer | Kali\u0144ski\" \/>\n<meta property=\"og:description\" content=\"\u00a0 Specjalizujemy si\u0119 w odwzorowywaniu czy renowacji uk\u0142adu wydechowego w samochodach zabytkowych, oldtimerach i youngtimerach oraz innych pojazdach. Pomagamy kierowcom przywr\u00f3ci\u0107 pe\u0142n\u0105 sprawno\u015b\u0107 auta. Dzia\u0142amy szybko, skutecznie i zgodnie z ustalonym cennikiem. Gwarantujemy terminowe wykonanie prac przy niewielkim nak\u0142adzie finansowym. Oferta naszej firmy obejmuje nie tylko naprawy uk\u0142ad\u00f3w wydechowych w zabytkowych autach, ale tak\u017ce ich &hellip; Czytaj dalej Kontakt Grzegorz Staszak\" \/>\n<meta property=\"og:url\" content=\"https:\/\/kalinski.pl\/serwis\/pojazdy-zabytkowe-oldtimer-youngtimer\/\" \/>\n<meta property=\"og:site_name\" content=\"Kali\u0144ski\" \/>\n<meta property=\"article:modified_time\" content=\"2026-03-03T11:32:35+00:00\" \/>\n<meta property=\"og:image\" content=\"https:\/\/kalinski.pl\/serwis\/wp-content\/uploads\/Tlumiki_pojazdy_zabytkowe-Kalinski.png\" \/>\n\t<meta property=\"og:image:width\" content=\"1110\" \/>\n\t<meta property=\"og:image:height\" content=\"303\" \/>\n\t<meta property=\"og:image:type\" content=\"image\/png\" \/>\n<meta name=\"twitter:card\" content=\"summary_large_image\" \/>\n<meta name=\"twitter:label1\" content=\"Szacowany czas czytania\" \/>\n\t<meta name=\"twitter:data1\" content=\"4 minuty\" \/>\n<script type=\"application\/ld+json\" class=\"yoast-schema-graph\">{\"@context\":\"https:\/\/schema.org\",\"@graph\":[{\"@type\":\"WebPage\",\"@id\":\"https:\/\/kalinski.pl\/serwis\/pojazdy-zabytkowe-oldtimer-youngtimer\/\",\"url\":\"https:\/\/kalinski.pl\/serwis\/pojazdy-zabytkowe-oldtimer-youngtimer\/\",\"name\":\"Pojazdy zabytkowe, Oldtimer, Youngtimer | Kali\u0144ski\",\"isPartOf\":{\"@id\":\"https:\/\/kalinski.pl\/serwis\/#website\"},\"primaryImageOfPage\":{\"@id\":\"https:\/\/kalinski.pl\/serwis\/pojazdy-zabytkowe-oldtimer-youngtimer\/#primaryimage\"},\"image\":{\"@id\":\"https:\/\/kalinski.pl\/serwis\/pojazdy-zabytkowe-oldtimer-youngtimer\/#primaryimage\"},\"thumbnailUrl\":\"https:\/\/kalinski.pl\/wp-content\/uploads\/Tlumiki_pojazdy_zabytkowe-Kalinski.png\",\"datePublished\":\"2024-01-18T12:54:45+00:00\",\"dateModified\":\"2026-03-03T11:32:35+00:00\",\"breadcrumb\":{\"@id\":\"https:\/\/kalinski.pl\/serwis\/pojazdy-zabytkowe-oldtimer-youngtimer\/#breadcrumb\"},\"inLanguage\":\"pl-PL\",\"potentialAction\":[{\"@type\":\"ReadAction\",\"target\":[\"https:\/\/kalinski.pl\/serwis\/pojazdy-zabytkowe-oldtimer-youngtimer\/\"]}]},{\"@type\":\"ImageObject\",\"inLanguage\":\"pl-PL\",\"@id\":\"https:\/\/kalinski.pl\/serwis\/pojazdy-zabytkowe-oldtimer-youngtimer\/#primaryimage\",\"url\":\"https:\/\/kalinski.pl\/wp-content\/uploads\/Tlumiki_pojazdy_zabytkowe-Kalinski.png\",\"contentUrl\":\"https:\/\/kalinski.pl\/wp-content\/uploads\/Tlumiki_pojazdy_zabytkowe-Kalinski.png\"},{\"@type\":\"BreadcrumbList\",\"@id\":\"https:\/\/kalinski.pl\/serwis\/pojazdy-zabytkowe-oldtimer-youngtimer\/#breadcrumb\",\"itemListElement\":[{\"@type\":\"ListItem\",\"position\":1,\"name\":\"Strona g\u0142\u00f3wna\",\"item\":\"https:\/\/kalinski.pl\/serwis\/\"},{\"@type\":\"ListItem\",\"position\":2,\"name\":\"Pojazdy zabytkowe, Oldtimer, Youngtimer\"}]},{\"@type\":\"WebSite\",\"@id\":\"https:\/\/kalinski.pl\/serwis\/#website\",\"url\":\"https:\/\/kalinski.pl\/serwis\/\",\"name\":\"Kali\u0144ski\",\"description\":\"Uk\u0142ady wydechowe\",\"publisher\":{\"@id\":\"https:\/\/kalinski.pl\/serwis\/#organization\"},\"potentialAction\":[{\"@type\":\"SearchAction\",\"target\":{\"@type\":\"EntryPoint\",\"urlTemplate\":\"https:\/\/kalinski.pl\/serwis\/?s={search_term_string}\"},\"query-input\":{\"@type\":\"PropertyValueSpecification\",\"valueRequired\":true,\"valueName\":\"search_term_string\"}}],\"inLanguage\":\"pl-PL\"},{\"@type\":\"Organization\",\"@id\":\"https:\/\/kalinski.pl\/serwis\/#organization\",\"name\":\"Kali\u0144ski\",\"url\":\"https:\/\/kalinski.pl\/serwis\/\",\"logo\":{\"@type\":\"ImageObject\",\"inLanguage\":\"pl-PL\",\"@id\":\"https:\/\/kalinski.pl\/serwis\/#\/schema\/logo\/image\/\",\"url\":\"https:\/\/kalinski.pl\/serwis\/wp-content\/uploads\/2019\/03\/cropped-logo_white.jpg\",\"contentUrl\":\"https:\/\/kalinski.pl\/serwis\/wp-content\/uploads\/2019\/03\/cropped-logo_white.jpg\",\"width\":240,\"height\":63,\"caption\":\"Kali\u0144ski\"},\"image\":{\"@id\":\"https:\/\/kalinski.pl\/serwis\/#\/schema\/logo\/image\/\"}}]}<\/script>\n<!-- \/ Yoast SEO plugin. -->","yoast_head_json":{"title":"Pojazdy zabytkowe, Oldtimer, Youngtimer | Kali\u0144ski","robots":{"index":"index","follow":"follow","max-snippet":"max-snippet:-1","max-image-preview":"max-image-preview:large","max-video-preview":"max-video-preview:-1"},"canonical":"https:\/\/kalinski.pl\/serwis\/pojazdy-zabytkowe-oldtimer-youngtimer\/","og_locale":"pl_PL","og_type":"article","og_title":"Pojazdy zabytkowe, Oldtimer, Youngtimer | Kali\u0144ski","og_description":"\u00a0 Specjalizujemy si\u0119 w odwzorowywaniu czy renowacji uk\u0142adu wydechowego w samochodach zabytkowych, oldtimerach i youngtimerach oraz innych pojazdach. Pomagamy kierowcom przywr\u00f3ci\u0107 pe\u0142n\u0105 sprawno\u015b\u0107 auta. Dzia\u0142amy szybko, skutecznie i zgodnie z ustalonym cennikiem. Gwarantujemy terminowe wykonanie prac przy niewielkim nak\u0142adzie finansowym. Oferta naszej firmy obejmuje nie tylko naprawy uk\u0142ad\u00f3w wydechowych w zabytkowych autach, ale tak\u017ce ich &hellip; Czytaj dalej Kontakt Grzegorz Staszak","og_url":"https:\/\/kalinski.pl\/serwis\/pojazdy-zabytkowe-oldtimer-youngtimer\/","og_site_name":"Kali\u0144ski","article_modified_time":"2026-03-03T11:32:35+00:00","og_image":[{"width":1110,"height":303,"url":"https:\/\/kalinski.pl\/serwis\/wp-content\/uploads\/Tlumiki_pojazdy_zabytkowe-Kalinski.png","type":"image\/png"}],"twitter_card":"summary_large_image","twitter_misc":{"Szacowany czas czytania":"4 minuty"},"schema":{"@context":"https:\/\/schema.org","@graph":[{"@type":"WebPage","@id":"https:\/\/kalinski.pl\/serwis\/pojazdy-zabytkowe-oldtimer-youngtimer\/","url":"https:\/\/kalinski.pl\/serwis\/pojazdy-zabytkowe-oldtimer-youngtimer\/","name":"Pojazdy zabytkowe, Oldtimer, Youngtimer | Kali\u0144ski","isPartOf":{"@id":"https:\/\/kalinski.pl\/serwis\/#website"},"primaryImageOfPage":{"@id":"https:\/\/kalinski.pl\/serwis\/pojazdy-zabytkowe-oldtimer-youngtimer\/#primaryimage"},"image":{"@id":"https:\/\/kalinski.pl\/serwis\/pojazdy-zabytkowe-oldtimer-youngtimer\/#primaryimage"},"thumbnailUrl":"https:\/\/kalinski.pl\/wp-content\/uploads\/Tlumiki_pojazdy_zabytkowe-Kalinski.png","datePublished":"2024-01-18T12:54:45+00:00","dateModified":"2026-03-03T11:32:35+00:00","breadcrumb":{"@id":"https:\/\/kalinski.pl\/serwis\/pojazdy-zabytkowe-oldtimer-youngtimer\/#breadcrumb"},"inLanguage":"pl-PL","potentialAction":[{"@type":"ReadAction","target":["https:\/\/kalinski.pl\/serwis\/pojazdy-zabytkowe-oldtimer-youngtimer\/"]}]},{"@type":"ImageObject","inLanguage":"pl-PL","@id":"https:\/\/kalinski.pl\/serwis\/pojazdy-zabytkowe-oldtimer-youngtimer\/#primaryimage","url":"https:\/\/kalinski.pl\/wp-content\/uploads\/Tlumiki_pojazdy_zabytkowe-Kalinski.png","contentUrl":"https:\/\/kalinski.pl\/wp-content\/uploads\/Tlumiki_pojazdy_zabytkowe-Kalinski.png"},{"@type":"BreadcrumbList","@id":"https:\/\/kalinski.pl\/serwis\/pojazdy-zabytkowe-oldtimer-youngtimer\/#breadcrumb","itemListElement":[{"@type":"ListItem","position":1,"name":"Strona g\u0142\u00f3wna","item":"https:\/\/kalinski.pl\/serwis\/"},{"@type":"ListItem","position":2,"name":"Pojazdy zabytkowe, Oldtimer, Youngtimer"}]},{"@type":"WebSite","@id":"https:\/\/kalinski.pl\/serwis\/#website","url":"https:\/\/kalinski.pl\/serwis\/","name":"Kali\u0144ski","description":"Uk\u0142ady wydechowe","publisher":{"@id":"https:\/\/kalinski.pl\/serwis\/#organization"},"potentialAction":[{"@type":"SearchAction","target":{"@type":"EntryPoint","urlTemplate":"https:\/\/kalinski.pl\/serwis\/?s={search_term_string}"},"query-input":{"@type":"PropertyValueSpecification","valueRequired":true,"valueName":"search_term_string"}}],"inLanguage":"pl-PL"},{"@type":"Organization","@id":"https:\/\/kalinski.pl\/serwis\/#organization","name":"Kali\u0144ski","url":"https:\/\/kalinski.pl\/serwis\/","logo":{"@type":"ImageObject","inLanguage":"pl-PL","@id":"https:\/\/kalinski.pl\/serwis\/#\/schema\/logo\/image\/","url":"https:\/\/kalinski.pl\/serwis\/wp-content\/uploads\/2019\/03\/cropped-logo_white.jpg","contentUrl":"https:\/\/kalinski.pl\/serwis\/wp-content\/uploads\/2019\/03\/cropped-logo_white.jpg","width":240,"height":63,"caption":"Kali\u0144ski"},"image":{"@id":"https:\/\/kalinski.pl\/serwis\/#\/schema\/logo\/image\/"}}]}},"_links":{"self":[{"href":"https:\/\/kalinski.pl\/serwis\/wp-json\/wp\/v2\/pages\/4211","targetHints":{"allow":["GET"]}}],"collection":[{"href":"https:\/\/kalinski.pl\/serwis\/wp-json\/wp\/v2\/pages"}],"about":[{"href":"https:\/\/kalinski.pl\/serwis\/wp-json\/wp\/v2\/types\/page"}],"author":[{"embeddable":true,"href":"https:\/\/kalinski.pl\/serwis\/wp-json\/wp\/v2\/users\/821795"}],"replies":[{"embeddable":true,"href":"https:\/\/kalinski.pl\/serwis\/wp-json\/wp\/v2\/comments?post=4211"}],"version-history":[{"count":4,"href":"https:\/\/kalinski.pl\/serwis\/wp-json\/wp\/v2\/pages\/4211\/revisions"}],"predecessor-version":[{"id":4874,"href":"https:\/\/kalinski.pl\/serwis\/wp-json\/wp\/v2\/pages\/4211\/revisions\/4874"}],"wp:attachment":[{"href":"https:\/\/kalinski.pl\/serwis\/wp-json\/wp\/v2\/media?parent=4211"}],"curies":[{"name":"wp","href":"https:\/\/api.w.org\/{rel}","templated":true}]}}