{"id":4141,"date":"2022-12-27T11:50:20","date_gmt":"2022-12-27T10:50:20","guid":{"rendered":"https:\/\/kalinski.pl\/?page_id=4141"},"modified":"2022-12-27T11:50:20","modified_gmt":"2022-12-27T10:50:20","slug":"regeneracja-katalizatorow-i-filtrow-dpf-kolo","status":"publish","type":"page","link":"https:\/\/kalinski.pl\/serwis\/regeneracja-katalizatorow-i-filtrow-dpf-kolo\/","title":{"rendered":"Regeneracja katalizator\u00f3w i filtr\u00f3w DPF Ko\u0142o"},"content":{"rendered":"<p><\/p>\r\n<figure class=\"wp-block-image size-large\"><img fetchpriority=\"high\" decoding=\"async\" width=\"1110\" height=\"303\" class=\"wp-image-1568\" src=\"https:\/\/kalinski.pl\/wp-content\/uploads\/Filtry_Kalinski-1-1110x303.png\" alt=\"\" \/><\/figure>\r\n<p><\/p>\r\n<p><\/p>\r\n<p style=\"text: align:justify; margin-top: 25px;\">Dla coraz wi\u0119kszej grupy os\u00f3b samoch\u00f3d stanowi narz\u0119dzie niezb\u0119dne do pracy ale te\u017c \u017cycia, bez kt\u00f3rego nie potrafi sobie poradzi\u0107. Szczeg\u00f3lnie dla os\u00f3b mieszkaj\u0105cych poza du\u017cymi miastami samoch\u00f3d jest niezb\u0119dny do poruszania si\u0119, za\u0142atwiania spraw czy jazdy do pracy, szko\u0142y. Podobnie du\u017ce i ma\u0142e firmy do funkcjonowania potrzebuj\u0105 pojazd\u00f3w. Warto zwraca\u0107 uwag\u0119 w jakim stanie jest nasz samoch\u00f3d, to sprawi, \u017ce b\u0119dzie on dla nas stale dost\u0119pny i niezawodny.<\/p>\r\n<p><\/p>\r\n<p><\/p>\r\n<p><\/p>\r\n<p><\/p>\r\n<p style=\"text-align: justify;\">Szczeg\u00f3lnie wa\u017cny jest efektywnie dzia\u0142aj\u0105cy uk\u0142ad wydechowy, a do tego niezb\u0119dna jest <strong>regeneracja katalizator\u00f3w i filtr\u00f3w DPF, FAP, GPF,<\/strong> kt\u00f3r\u0105 oferujemy klientom z Ko\u0142a. Zapewniamy czyszczenie podzespo\u0142\u00f3w uk\u0142adu wydechowego do samochod\u00f3w osobowych, ci\u0119\u017carowych, maszyn budowlanych, roboczych, rolniczych r\u00f3\u017cnych marek oraz modeli.<\/p>\r\n<p style=\"text-align: justify;\"><strong>Czyszczenie katalizator\u00f3w i regeneracja filtr\u00f3w DPF Ko\u0142o<\/strong><\/p>\r\n<p style=\"text-align: justify;\">Klienci z ca\u0142ej Polski, tak\u017ce z Ko\u0142a, mog\u0105 liczy\u0107 na nasz\u0105 pomoc w serwisie uk\u0142ad\u00f3w wydechowych. Zajmujemy si\u0119 usuwaniem nagromadzonych w podzespo\u0142ach zabrudze\u0144, g\u0142\u00f3wnie nowoczesn\u0105 metod\u0105 wydmuchiwania za pomoc\u0105 powietrza pod wysokim ci\u015bnieniem. Wykorzystujemy do tego specjaln\u0105 maszyn\u0119 \u2013 Hartridge DPF300. To nowoczesne urz\u0105dzenie, kt\u00f3re jest skuteczne w regeneracji filtr\u00f3w cz\u0105stek sta\u0142ych. Szczeg\u00f3lnie istotnym elementem maszyny jest element diagnostyczny, dzi\u0119ki kt\u00f3remu mo\u017cemy szybko sprawdzi\u0107, czy dany podzesp\u00f3\u0142 nie jest uszkodzony i czy nie wymaga ca\u0142kowitej wymiany. Ca\u0142kowita wymiana znajduj\u0105cego si\u0119 w \u015brodku wk\u0142adu to metoda najskuteczniejsza ale te\u017c dro\u017csza. Pozbywaj\u0105c si\u0119 zapchanego wk\u0142adu mamy pewno\u015b\u0107, \u017ce nasz filtr czy katalizator b\u0119dzie zn\u00f3w sprawny. Nale\u017cy pami\u0119ta\u0107, \u017ce ze wzgl\u0119du na swoj\u0105 budow\u0119 regeneracja za pomoc\u0105 wymiany wk\u0142ad\u00f3w to jedyny prawid\u0142owy spos\u00f3b regeneracji katalizator\u00f3w. W szczeg\u00f3lno\u015bci mycie katalizatora mo\u017ce spowodowa\u0107 uszkodzenie jego wewn\u0119trznej ceramiki. Warto podkre\u015bli\u0107, \u017ce nasz serwis do regeneracji nie u\u017cywa wody czy innych detergent\u00f3w. Podsumowuj\u0105c <strong>regeneracja katalizator\u00f3w i regeneracja filtr\u00f3w DPF Ko\u0142o <\/strong>jest najlepsza poprzez wymian\u0119 wk\u0142ad\u00f3w. <strong>Podobnie sprawa wygl\u0105da z regeneracj\u0105 filtr\u00f3w FAP i GPF Ko\u0142o.<\/strong><\/p>\r\n<p style=\"text-align: justify;\">Nasze us\u0142ugi dla os\u00f3b z Ko\u0142a realizujemy wysy\u0142kowo, chocia\u017c mo\u017cna pojawi\u0107 si\u0119 u nas r\u00f3wnie\u017c osobi\u015bcie. Niezale\u017cnie od wyboru sposobu realizacji wiemy, \u017ce czas dla ka\u017cdego z naszych klient\u00f3w jest bardzo istotny.<\/p>\r\n<p>&nbsp;<\/p>\r\n\t\t<div data-elementor-type=\"wp-post\" data-elementor-id=\"3002\" class=\"elementor elementor-3002\">\n\t\t\t\t\t\t<section class=\"elementor-section elementor-top-section elementor-element elementor-element-cefde73 elementor-section-boxed elementor-section-height-default elementor-section-height-default\" data-id=\"cefde73\" data-element_type=\"section\">\n\t\t\t\t\t\t<div class=\"elementor-container elementor-column-gap-default\">\n\t\t\t\t\t<div class=\"elementor-column elementor-col-100 elementor-top-column elementor-element elementor-element-970e36a\" data-id=\"970e36a\" data-element_type=\"column\">\n\t\t\t<div class=\"elementor-widget-wrap elementor-element-populated\">\n\t\t\t\t\t\t<div class=\"elementor-element elementor-element-6c30b54 elementor-widget elementor-widget-heading\" data-id=\"6c30b54\" data-element_type=\"widget\" data-widget_type=\"heading.default\">\n\t\t\t\t<div class=\"elementor-widget-container\">\n\t\t\t\t\t<h2 class=\"elementor-heading-title elementor-size-default\">Jeste\u015bmy do Twojej dyspozycji<\/h2>\t\t\t\t<\/div>\n\t\t\t\t<\/div>\n\t\t\t\t\t<\/div>\n\t\t<\/div>\n\t\t\t\t\t<\/div>\n\t\t<\/section>\n\t\t\t\t<section class=\"elementor-section elementor-top-section elementor-element elementor-element-f0f0ab2 elementor-section-boxed elementor-section-height-default elementor-section-height-default\" data-id=\"f0f0ab2\" data-element_type=\"section\">\n\t\t\t\t\t\t<div class=\"elementor-container elementor-column-gap-default\">\n\t\t\t\t\t<div class=\"elementor-column elementor-col-50 elementor-top-column elementor-element elementor-element-df75edc\" data-id=\"df75edc\" data-element_type=\"column\">\n\t\t\t<div class=\"elementor-widget-wrap elementor-element-populated\">\n\t\t\t\t\t\t<div class=\"elementor-element elementor-element-5d3129f elementor-position-left elementor-vertical-align-top elementor-widget elementor-widget-image-box\" data-id=\"5d3129f\" data-element_type=\"widget\" data-widget_type=\"image-box.default\">\n\t\t\t\t<div class=\"elementor-widget-container\">\n\t\t\t\t\t<div class=\"elementor-image-box-wrapper\"><figure class=\"elementor-image-box-img\"><img decoding=\"async\" width=\"135\" height=\"141\" src=\"https:\/\/kalinski.pl\/serwis\/wp-content\/uploads\/smateusz.jpg\" class=\"attachment-full size-full wp-image-3005\" alt=\"smateusz\" \/><\/figure><div class=\"elementor-image-box-content\"><h3 class=\"elementor-image-box-title\">Mateusz<\/h3><p class=\"elementor-image-box-description\">Pojazdy osobowe, dostawcze<\/p><\/div><\/div>\t\t\t\t<\/div>\n\t\t\t\t<\/div>\n\t\t\t\t<div class=\"elementor-element elementor-element-ccda357 elementor-widget elementor-widget-text-editor\" data-id=\"ccda357\" data-element_type=\"widget\" data-widget_type=\"text-editor.default\">\n\t\t\t\t<div class=\"elementor-widget-container\">\n\t\t\t\t\t\t\t\t\t<p><a href=\"tel:0048618142777\">+48 61 814 27 77 \/ wew 101<\/a><\/p>\n<p>biuro@kalinski.pl<\/p>\t\t\t\t\t\t\t\t<\/div>\n\t\t\t\t<\/div>\n\t\t\t\t\t<\/div>\n\t\t<\/div>\n\t\t\t\t<div class=\"elementor-column elementor-col-50 elementor-top-column elementor-element elementor-element-6025541\" data-id=\"6025541\" data-element_type=\"column\">\n\t\t\t<div class=\"elementor-widget-wrap elementor-element-populated\">\n\t\t\t\t\t\t<div class=\"elementor-element elementor-element-b645a1a elementor-position-left elementor-vertical-align-top elementor-widget elementor-widget-image-box\" data-id=\"b645a1a\" data-element_type=\"widget\" data-widget_type=\"image-box.default\">\n\t\t\t\t<div class=\"elementor-widget-container\">\n\t\t\t\t\t<div class=\"elementor-image-box-wrapper\"><figure class=\"elementor-image-box-img\"><img decoding=\"async\" width=\"135\" height=\"141\" src=\"https:\/\/kalinski.pl\/serwis\/wp-content\/uploads\/sadam.jpg\" class=\"attachment-full size-full wp-image-3004\" alt=\"sadam\" \/><\/figure><div class=\"elementor-image-box-content\"><h3 class=\"elementor-image-box-title\">Adam<\/h3><p class=\"elementor-image-box-description\">Samochody ci\u0119\u017carowe<\/p><\/div><\/div>\t\t\t\t<\/div>\n\t\t\t\t<\/div>\n\t\t\t\t<div class=\"elementor-element elementor-element-7fa9a86 elementor-widget elementor-widget-text-editor\" data-id=\"7fa9a86\" data-element_type=\"widget\" data-widget_type=\"text-editor.default\">\n\t\t\t\t<div class=\"elementor-widget-container\">\n\t\t\t\t\t\t\t\t\t<p><a href=\"tel:0048618142777\">+48 61 814 27 77 \/ wew 102<\/a><\/p>\n<p>ciezarowe@kalinski.pl<\/p>\t\t\t\t\t\t\t\t<\/div>\n\t\t\t\t<\/div>\n\t\t\t\t\t<\/div>\n\t\t<\/div>\n\t\t\t\t\t<\/div>\n\t\t<\/section>\n\t\t\t\t<\/div>\n\t\t\r\n<p>S\u0142owa kluczowe: regeneracja katalizator\u00f3w Leszno, czyszczenie katalizatora Ko\u0142o, naprawa katalizatora Ko\u0142o, regeneracja filtr\u00f3w DPF Ko\u0142o, regeneracja filtr\u00f3w cz\u0105stek sta\u0142ych Ko\u0142o<\/p>","protected":false},"excerpt":{"rendered":"<p>Dla coraz wi\u0119kszej grupy os\u00f3b samoch\u00f3d stanowi narz\u0119dzie niezb\u0119dne do pracy ale te\u017c \u017cycia, bez kt\u00f3rego nie potrafi sobie poradzi\u0107. Szczeg\u00f3lnie dla os\u00f3b mieszkaj\u0105cych poza du\u017cymi miastami samoch\u00f3d jest niezb\u0119dny do poruszania si\u0119, za\u0142atwiania spraw czy jazdy do pracy, szko\u0142y. Podobnie du\u017ce i ma\u0142e firmy do funkcjonowania potrzebuj\u0105 pojazd\u00f3w. Warto zwraca\u0107 uwag\u0119 w jakim stanie &hellip; <a href=\"https:\/\/kalinski.pl\/serwis\/regeneracja-katalizatorow-i-filtrow-dpf-kolo\/\" class=\"more-link\">Czytaj dalej<span class=\"screen-reader-text\"> Regeneracja katalizator\u00f3w i filtr\u00f3w DPF Ko\u0142o<\/span><\/a><\/p>\n","protected":false},"author":821795,"featured_media":0,"parent":0,"menu_order":0,"comment_status":"closed","ping_status":"closed","template":"","meta":{"footnotes":""},"class_list":["post-4141","page","type-page","status-publish","hentry"],"yoast_head":"<!-- This site is optimized with the Yoast SEO plugin v26.7 - https:\/\/yoast.com\/wordpress\/plugins\/seo\/ -->\n<title>Regeneracja katalizator\u00f3w i filtr\u00f3w DPF Ko\u0142o | Kali\u0144ski<\/title>\n<meta name=\"description\" content=\"Mimo, \u017ce Ko\u0142o nie znajduje si\u0119 w tym samym wojew\u00f3dztwie co nasza siedziba to regeneracja katalizator\u00f3w i filtr\u00f3w DPF Ko\u0142o nie jest nam obca.\" \/>\n<meta name=\"robots\" content=\"index, follow, max-snippet:-1, max-image-preview:large, max-video-preview:-1\" \/>\n<link rel=\"canonical\" href=\"https:\/\/kalinski.pl\/serwis\/regeneracja-katalizatorow-i-filtrow-dpf-kolo\/\" \/>\n<meta property=\"og:locale\" content=\"pl_PL\" \/>\n<meta property=\"og:type\" content=\"article\" \/>\n<meta property=\"og:title\" content=\"Regeneracja katalizator\u00f3w i filtr\u00f3w DPF Ko\u0142o | Kali\u0144ski\" \/>\n<meta property=\"og:description\" content=\"Mimo, \u017ce Ko\u0142o nie znajduje si\u0119 w tym samym wojew\u00f3dztwie co nasza siedziba to regeneracja katalizator\u00f3w i filtr\u00f3w DPF Ko\u0142o nie jest nam obca.\" \/>\n<meta property=\"og:url\" content=\"https:\/\/kalinski.pl\/serwis\/regeneracja-katalizatorow-i-filtrow-dpf-kolo\/\" \/>\n<meta property=\"og:site_name\" content=\"Kali\u0144ski\" \/>\n<meta property=\"og:image\" content=\"https:\/\/kalinski.pl\/wp-content\/uploads\/Filtry_Kalinski-1-1110x303.png\" \/>\n<meta name=\"twitter:card\" content=\"summary_large_image\" \/>\n<meta name=\"twitter:label1\" content=\"Szacowany czas czytania\" \/>\n\t<meta name=\"twitter:data1\" content=\"3 minuty\" \/>\n<script type=\"application\/ld+json\" class=\"yoast-schema-graph\">{\"@context\":\"https:\/\/schema.org\",\"@graph\":[{\"@type\":\"WebPage\",\"@id\":\"https:\/\/kalinski.pl\/serwis\/regeneracja-katalizatorow-i-filtrow-dpf-kolo\/\",\"url\":\"https:\/\/kalinski.pl\/serwis\/regeneracja-katalizatorow-i-filtrow-dpf-kolo\/\",\"name\":\"Regeneracja katalizator\u00f3w i filtr\u00f3w DPF Ko\u0142o | Kali\u0144ski\",\"isPartOf\":{\"@id\":\"https:\/\/kalinski.pl\/serwis\/#website\"},\"primaryImageOfPage\":{\"@id\":\"https:\/\/kalinski.pl\/serwis\/regeneracja-katalizatorow-i-filtrow-dpf-kolo\/#primaryimage\"},\"image\":{\"@id\":\"https:\/\/kalinski.pl\/serwis\/regeneracja-katalizatorow-i-filtrow-dpf-kolo\/#primaryimage\"},\"thumbnailUrl\":\"https:\/\/kalinski.pl\/wp-content\/uploads\/Filtry_Kalinski-1-1110x303.png\",\"datePublished\":\"2022-12-27T10:50:20+00:00\",\"description\":\"Mimo, \u017ce Ko\u0142o nie znajduje si\u0119 w tym samym wojew\u00f3dztwie co nasza siedziba to regeneracja katalizator\u00f3w i filtr\u00f3w DPF Ko\u0142o nie jest nam obca.\",\"breadcrumb\":{\"@id\":\"https:\/\/kalinski.pl\/serwis\/regeneracja-katalizatorow-i-filtrow-dpf-kolo\/#breadcrumb\"},\"inLanguage\":\"pl-PL\",\"potentialAction\":[{\"@type\":\"ReadAction\",\"target\":[\"https:\/\/kalinski.pl\/serwis\/regeneracja-katalizatorow-i-filtrow-dpf-kolo\/\"]}]},{\"@type\":\"ImageObject\",\"inLanguage\":\"pl-PL\",\"@id\":\"https:\/\/kalinski.pl\/serwis\/regeneracja-katalizatorow-i-filtrow-dpf-kolo\/#primaryimage\",\"url\":\"https:\/\/kalinski.pl\/wp-content\/uploads\/Filtry_Kalinski-1-1110x303.png\",\"contentUrl\":\"https:\/\/kalinski.pl\/wp-content\/uploads\/Filtry_Kalinski-1-1110x303.png\"},{\"@type\":\"BreadcrumbList\",\"@id\":\"https:\/\/kalinski.pl\/serwis\/regeneracja-katalizatorow-i-filtrow-dpf-kolo\/#breadcrumb\",\"itemListElement\":[{\"@type\":\"ListItem\",\"position\":1,\"name\":\"Strona g\u0142\u00f3wna\",\"item\":\"https:\/\/kalinski.pl\/serwis\/\"},{\"@type\":\"ListItem\",\"position\":2,\"name\":\"Regeneracja katalizator\u00f3w i filtr\u00f3w DPF Ko\u0142o\"}]},{\"@type\":\"WebSite\",\"@id\":\"https:\/\/kalinski.pl\/serwis\/#website\",\"url\":\"https:\/\/kalinski.pl\/serwis\/\",\"name\":\"Kali\u0144ski\",\"description\":\"Uk\u0142ady wydechowe\",\"publisher\":{\"@id\":\"https:\/\/kalinski.pl\/serwis\/#organization\"},\"potentialAction\":[{\"@type\":\"SearchAction\",\"target\":{\"@type\":\"EntryPoint\",\"urlTemplate\":\"https:\/\/kalinski.pl\/serwis\/?s={search_term_string}\"},\"query-input\":{\"@type\":\"PropertyValueSpecification\",\"valueRequired\":true,\"valueName\":\"search_term_string\"}}],\"inLanguage\":\"pl-PL\"},{\"@type\":\"Organization\",\"@id\":\"https:\/\/kalinski.pl\/serwis\/#organization\",\"name\":\"Kali\u0144ski\",\"url\":\"https:\/\/kalinski.pl\/serwis\/\",\"logo\":{\"@type\":\"ImageObject\",\"inLanguage\":\"pl-PL\",\"@id\":\"https:\/\/kalinski.pl\/serwis\/#\/schema\/logo\/image\/\",\"url\":\"https:\/\/kalinski.pl\/serwis\/wp-content\/uploads\/2019\/03\/cropped-logo_white.jpg\",\"contentUrl\":\"https:\/\/kalinski.pl\/serwis\/wp-content\/uploads\/2019\/03\/cropped-logo_white.jpg\",\"width\":240,\"height\":63,\"caption\":\"Kali\u0144ski\"},\"image\":{\"@id\":\"https:\/\/kalinski.pl\/serwis\/#\/schema\/logo\/image\/\"}}]}<\/script>\n<!-- \/ Yoast SEO plugin. -->","yoast_head_json":{"title":"Regeneracja katalizator\u00f3w i filtr\u00f3w DPF Ko\u0142o | Kali\u0144ski","description":"Mimo, \u017ce Ko\u0142o nie znajduje si\u0119 w tym samym wojew\u00f3dztwie co nasza siedziba to regeneracja katalizator\u00f3w i filtr\u00f3w DPF Ko\u0142o nie jest nam obca.","robots":{"index":"index","follow":"follow","max-snippet":"max-snippet:-1","max-image-preview":"max-image-preview:large","max-video-preview":"max-video-preview:-1"},"canonical":"https:\/\/kalinski.pl\/serwis\/regeneracja-katalizatorow-i-filtrow-dpf-kolo\/","og_locale":"pl_PL","og_type":"article","og_title":"Regeneracja katalizator\u00f3w i filtr\u00f3w DPF Ko\u0142o | Kali\u0144ski","og_description":"Mimo, \u017ce Ko\u0142o nie znajduje si\u0119 w tym samym wojew\u00f3dztwie co nasza siedziba to regeneracja katalizator\u00f3w i filtr\u00f3w DPF Ko\u0142o nie jest nam obca.","og_url":"https:\/\/kalinski.pl\/serwis\/regeneracja-katalizatorow-i-filtrow-dpf-kolo\/","og_site_name":"Kali\u0144ski","og_image":[{"url":"https:\/\/kalinski.pl\/wp-content\/uploads\/Filtry_Kalinski-1-1110x303.png","type":"","width":"","height":""}],"twitter_card":"summary_large_image","twitter_misc":{"Szacowany czas czytania":"3 minuty"},"schema":{"@context":"https:\/\/schema.org","@graph":[{"@type":"WebPage","@id":"https:\/\/kalinski.pl\/serwis\/regeneracja-katalizatorow-i-filtrow-dpf-kolo\/","url":"https:\/\/kalinski.pl\/serwis\/regeneracja-katalizatorow-i-filtrow-dpf-kolo\/","name":"Regeneracja katalizator\u00f3w i filtr\u00f3w DPF Ko\u0142o | Kali\u0144ski","isPartOf":{"@id":"https:\/\/kalinski.pl\/serwis\/#website"},"primaryImageOfPage":{"@id":"https:\/\/kalinski.pl\/serwis\/regeneracja-katalizatorow-i-filtrow-dpf-kolo\/#primaryimage"},"image":{"@id":"https:\/\/kalinski.pl\/serwis\/regeneracja-katalizatorow-i-filtrow-dpf-kolo\/#primaryimage"},"thumbnailUrl":"https:\/\/kalinski.pl\/wp-content\/uploads\/Filtry_Kalinski-1-1110x303.png","datePublished":"2022-12-27T10:50:20+00:00","description":"Mimo, \u017ce Ko\u0142o nie znajduje si\u0119 w tym samym wojew\u00f3dztwie co nasza siedziba to regeneracja katalizator\u00f3w i filtr\u00f3w DPF Ko\u0142o nie jest nam obca.","breadcrumb":{"@id":"https:\/\/kalinski.pl\/serwis\/regeneracja-katalizatorow-i-filtrow-dpf-kolo\/#breadcrumb"},"inLanguage":"pl-PL","potentialAction":[{"@type":"ReadAction","target":["https:\/\/kalinski.pl\/serwis\/regeneracja-katalizatorow-i-filtrow-dpf-kolo\/"]}]},{"@type":"ImageObject","inLanguage":"pl-PL","@id":"https:\/\/kalinski.pl\/serwis\/regeneracja-katalizatorow-i-filtrow-dpf-kolo\/#primaryimage","url":"https:\/\/kalinski.pl\/wp-content\/uploads\/Filtry_Kalinski-1-1110x303.png","contentUrl":"https:\/\/kalinski.pl\/wp-content\/uploads\/Filtry_Kalinski-1-1110x303.png"},{"@type":"BreadcrumbList","@id":"https:\/\/kalinski.pl\/serwis\/regeneracja-katalizatorow-i-filtrow-dpf-kolo\/#breadcrumb","itemListElement":[{"@type":"ListItem","position":1,"name":"Strona g\u0142\u00f3wna","item":"https:\/\/kalinski.pl\/serwis\/"},{"@type":"ListItem","position":2,"name":"Regeneracja katalizator\u00f3w i filtr\u00f3w DPF Ko\u0142o"}]},{"@type":"WebSite","@id":"https:\/\/kalinski.pl\/serwis\/#website","url":"https:\/\/kalinski.pl\/serwis\/","name":"Kali\u0144ski","description":"Uk\u0142ady wydechowe","publisher":{"@id":"https:\/\/kalinski.pl\/serwis\/#organization"},"potentialAction":[{"@type":"SearchAction","target":{"@type":"EntryPoint","urlTemplate":"https:\/\/kalinski.pl\/serwis\/?s={search_term_string}"},"query-input":{"@type":"PropertyValueSpecification","valueRequired":true,"valueName":"search_term_string"}}],"inLanguage":"pl-PL"},{"@type":"Organization","@id":"https:\/\/kalinski.pl\/serwis\/#organization","name":"Kali\u0144ski","url":"https:\/\/kalinski.pl\/serwis\/","logo":{"@type":"ImageObject","inLanguage":"pl-PL","@id":"https:\/\/kalinski.pl\/serwis\/#\/schema\/logo\/image\/","url":"https:\/\/kalinski.pl\/serwis\/wp-content\/uploads\/2019\/03\/cropped-logo_white.jpg","contentUrl":"https:\/\/kalinski.pl\/serwis\/wp-content\/uploads\/2019\/03\/cropped-logo_white.jpg","width":240,"height":63,"caption":"Kali\u0144ski"},"image":{"@id":"https:\/\/kalinski.pl\/serwis\/#\/schema\/logo\/image\/"}}]}},"_links":{"self":[{"href":"https:\/\/kalinski.pl\/serwis\/wp-json\/wp\/v2\/pages\/4141","targetHints":{"allow":["GET"]}}],"collection":[{"href":"https:\/\/kalinski.pl\/serwis\/wp-json\/wp\/v2\/pages"}],"about":[{"href":"https:\/\/kalinski.pl\/serwis\/wp-json\/wp\/v2\/types\/page"}],"author":[{"embeddable":true,"href":"https:\/\/kalinski.pl\/serwis\/wp-json\/wp\/v2\/users\/821795"}],"replies":[{"embeddable":true,"href":"https:\/\/kalinski.pl\/serwis\/wp-json\/wp\/v2\/comments?post=4141"}],"version-history":[{"count":1,"href":"https:\/\/kalinski.pl\/serwis\/wp-json\/wp\/v2\/pages\/4141\/revisions"}],"predecessor-version":[{"id":4143,"href":"https:\/\/kalinski.pl\/serwis\/wp-json\/wp\/v2\/pages\/4141\/revisions\/4143"}],"wp:attachment":[{"href":"https:\/\/kalinski.pl\/serwis\/wp-json\/wp\/v2\/media?parent=4141"}],"curies":[{"name":"wp","href":"https:\/\/api.w.org\/{rel}","templated":true}]}}