{"id":4133,"date":"2022-12-27T09:09:39","date_gmt":"2022-12-27T08:09:39","guid":{"rendered":"https:\/\/kalinski.pl\/?page_id=4133"},"modified":"2022-12-27T09:39:09","modified_gmt":"2022-12-27T08:39:09","slug":"regeneracja-katalizatorow-i-filtrow-dpf-kutno","status":"publish","type":"page","link":"https:\/\/kalinski.pl\/serwis\/regeneracja-katalizatorow-i-filtrow-dpf-kutno\/","title":{"rendered":"Regeneracja katalizator\u00f3w i filtr\u00f3w DPF Kutno"},"content":{"rendered":"<figure class=\"wp-block-image size-large\"><img fetchpriority=\"high\" decoding=\"async\" width=\"1110\" height=\"303\" class=\"wp-image-1568\" src=\"https:\/\/kalinski.pl\/wp-content\/uploads\/Filtry_Kalinski-1-1110x303.png\" alt=\"\" \/><\/figure>\r\n<p><!-- \/wp:image --><\/p>\r\n<p><!-- wp:tadv\/classic-paragraph --><\/p>\r\n<p style=\"text: align:justify; margin-top: 25px;\">Nieprawid\u0142owe odprowadzanie spalin z silnika mo\u017ce wi\u0105za\u0107 si\u0119 z tym, \u017ce b\u0119d\u0105 si\u0119 one przedostawa\u0142y do r\u00f3\u017cnych miejsc w poje\u017adzie, w tym do kabiny. To z kolei wi\u0105\u017ce si\u0119 z negatywnym wp\u0142ywem na komfort jazdy. Co wi\u0119cej, taka sytuacja w d\u0142u\u017cszej perspektywie mo\u017ce mie\u0107 tak\u017ce negatywne konsekwencje dla zdrowia i \u017cycia kierowcy. Wobec tego regularna <strong>regeneracja katalizator\u00f3w i filtr\u00f3w DPF (czyszczenie i wypalanie)<\/strong> jest niezb\u0119dn\u0105 praktyk\u0105, o kt\u00f3rej musz\u0105 pami\u0119ta\u0107 wszyscy posiadacze pojazd\u00f3w w ca\u0142ej Polsce, w tym tak\u017ce w Kutnie.<\/p>\r\n<p><!-- \/wp:tadv\/classic-paragraph --><\/p>\r\n<p><!-- \/wp:html --><\/p>\r\n<p><!-- wp:tadv\/classic-paragraph --><\/p>\r\n<p style=\"text-align: justify;\">Oferta firmy Kali\u0144ski jest kierowana do klient\u00f3w z ca\u0142ej Polski, tak\u017ce Kutna, kt\u00f3rym oferujemy serwis wysy\u0142kowy. Zapraszamy do przesy\u0142ania podzespo\u0142\u00f3w do naszej siedziby, kt\u00f3ra mie\u015bci si\u0119 Chybach pod Poznaniem. Tam zajmiemy si\u0119 <strong>oczyszczeniem katalizator\u00f3w i filtr\u00f3w cz\u0105stek sta\u0142ych DPF<\/strong> z zanieczyszcze\u0144. Regeneracj\u0119, kt\u00f3r\u0105 przeprowadzamy, ko\u0144czy test przepustowo\u015bci. Je\u015bli podzesp\u00f3\u0142 nadaje si\u0119 do ponownego u\u017cytku, cz\u0119\u015bci zostaj\u0105 odes\u0142ane. Mog\u0105 je Pa\u0144stwo tak\u017ce odebra\u0107 i zregenerowa\u0107 osobi\u015bcie w naszym serwisie.<\/p>\r\n<p style=\"text-align: justify;\">Klienci z Kutna mog\u0105 liczy\u0107 na nasz\u0105 pomoc w czyszczeniu podzespo\u0142\u00f3w do swoich pojazd\u00f3w osobowych oraz ci\u0119\u017carowych. Zajmujemy si\u0119 profesjonalnym usuwaniem resztek sadzy, py\u0142u, kurzu oraz popio\u0142u wykorzystuj\u0105c metod\u0119 spr\u0119\u017conego powietrza oraz metod\u0119 wypalania w specjalnym piecu. <strong>Opr\u00f3cz wydmuchiwania i wypalania zanieczyszcze\u0144 stosujemy r\u00f3wnie\u017c regeneracj\u0119 poprzez wymian\u0119 wk\u0142ad\u00f3w.<\/strong> Wymiana wk\u0142ad\u00f3w pozwala w pe\u0142ni usun\u0105\u0107 zanieczyszczenia, usuwamy wk\u0142ad, w kt\u00f3rym si\u0119 odk\u0142adaj\u0105. przynosi po\u017c\u0105dane efekty i zyskujemy praktycznie pe\u0142n\u0105 sprawno\u015b\u0107.<\/p>\r\n<p>Zach\u0119camy do skorzystania z naszej pomocy, gdy\u017c gromadz\u0105ce si\u0119 przez d\u0142ugi czas sadza i popi\u00f3\u0142, mog\u0105 ca\u0142kowicie zapcha\u0107 elementy uk\u0142adu wydechowego. W zwi\u0105zku z tym nie b\u0119dzie on dzia\u0142a\u0142 prawid\u0142owo, a jedynym rozwi\u0105zaniem b\u0119dzie w\u00f3wczas zakup nowych podzespo\u0142\u00f3w. Oczywi\u015bcie na nieprawid\u0142owe dzia\u0142anie katalizatora lub filtra DPF mo\u017ce wp\u0142ywa\u0107 nie tylko zanieczyszczenie, kt\u00f3re mo\u017cna wyeliminowa\u0107 regeneracj\u0105. Czasami \u017ar\u00f3d\u0142em problemu mo\u017ce by\u0107 uszkodzenie wn\u0119trza lub obudowy. W celu poznania przyczyny usterki warto pojawi\u0107 si\u0119 w naszym serwisie na diagnozie.<\/p>\r\n<p>&nbsp;<\/p>\r\n\t\t<div data-elementor-type=\"wp-post\" data-elementor-id=\"3002\" class=\"elementor elementor-3002\">\n\t\t\t\t\t\t<section class=\"elementor-section elementor-top-section elementor-element elementor-element-cefde73 elementor-section-boxed elementor-section-height-default elementor-section-height-default\" data-id=\"cefde73\" data-element_type=\"section\">\n\t\t\t\t\t\t<div class=\"elementor-container elementor-column-gap-default\">\n\t\t\t\t\t<div class=\"elementor-column elementor-col-100 elementor-top-column elementor-element elementor-element-970e36a\" data-id=\"970e36a\" data-element_type=\"column\">\n\t\t\t<div class=\"elementor-widget-wrap elementor-element-populated\">\n\t\t\t\t\t\t<div class=\"elementor-element elementor-element-6c30b54 elementor-widget elementor-widget-heading\" data-id=\"6c30b54\" data-element_type=\"widget\" data-widget_type=\"heading.default\">\n\t\t\t\t<div class=\"elementor-widget-container\">\n\t\t\t\t\t<h2 class=\"elementor-heading-title elementor-size-default\">Jeste\u015bmy do Twojej dyspozycji<\/h2>\t\t\t\t<\/div>\n\t\t\t\t<\/div>\n\t\t\t\t\t<\/div>\n\t\t<\/div>\n\t\t\t\t\t<\/div>\n\t\t<\/section>\n\t\t\t\t<section class=\"elementor-section elementor-top-section elementor-element elementor-element-f0f0ab2 elementor-section-boxed elementor-section-height-default elementor-section-height-default\" data-id=\"f0f0ab2\" data-element_type=\"section\">\n\t\t\t\t\t\t<div class=\"elementor-container elementor-column-gap-default\">\n\t\t\t\t\t<div class=\"elementor-column elementor-col-50 elementor-top-column elementor-element elementor-element-df75edc\" data-id=\"df75edc\" data-element_type=\"column\">\n\t\t\t<div class=\"elementor-widget-wrap elementor-element-populated\">\n\t\t\t\t\t\t<div class=\"elementor-element elementor-element-5d3129f elementor-position-left elementor-vertical-align-top elementor-widget elementor-widget-image-box\" data-id=\"5d3129f\" data-element_type=\"widget\" data-widget_type=\"image-box.default\">\n\t\t\t\t<div class=\"elementor-widget-container\">\n\t\t\t\t\t<div class=\"elementor-image-box-wrapper\"><figure class=\"elementor-image-box-img\"><img decoding=\"async\" width=\"135\" height=\"141\" src=\"https:\/\/kalinski.pl\/serwis\/wp-content\/uploads\/smateusz.jpg\" class=\"attachment-full size-full wp-image-3005\" alt=\"smateusz\" \/><\/figure><div class=\"elementor-image-box-content\"><h3 class=\"elementor-image-box-title\">Mateusz<\/h3><p class=\"elementor-image-box-description\">Pojazdy osobowe, dostawcze<\/p><\/div><\/div>\t\t\t\t<\/div>\n\t\t\t\t<\/div>\n\t\t\t\t<div class=\"elementor-element elementor-element-ccda357 elementor-widget elementor-widget-text-editor\" data-id=\"ccda357\" data-element_type=\"widget\" data-widget_type=\"text-editor.default\">\n\t\t\t\t<div class=\"elementor-widget-container\">\n\t\t\t\t\t\t\t\t\t<p><a href=\"tel:0048618142777\">+48 61 814 27 77 \/ wew 101<\/a><\/p>\n<p>biuro@kalinski.pl<\/p>\t\t\t\t\t\t\t\t<\/div>\n\t\t\t\t<\/div>\n\t\t\t\t\t<\/div>\n\t\t<\/div>\n\t\t\t\t<div class=\"elementor-column elementor-col-50 elementor-top-column elementor-element elementor-element-6025541\" data-id=\"6025541\" data-element_type=\"column\">\n\t\t\t<div class=\"elementor-widget-wrap elementor-element-populated\">\n\t\t\t\t\t\t<div class=\"elementor-element elementor-element-b645a1a elementor-position-left elementor-vertical-align-top elementor-widget elementor-widget-image-box\" data-id=\"b645a1a\" data-element_type=\"widget\" data-widget_type=\"image-box.default\">\n\t\t\t\t<div class=\"elementor-widget-container\">\n\t\t\t\t\t<div class=\"elementor-image-box-wrapper\"><figure class=\"elementor-image-box-img\"><img decoding=\"async\" width=\"135\" height=\"141\" src=\"https:\/\/kalinski.pl\/serwis\/wp-content\/uploads\/sadam.jpg\" class=\"attachment-full size-full wp-image-3004\" alt=\"sadam\" \/><\/figure><div class=\"elementor-image-box-content\"><h3 class=\"elementor-image-box-title\">Adam<\/h3><p class=\"elementor-image-box-description\">Samochody ci\u0119\u017carowe<\/p><\/div><\/div>\t\t\t\t<\/div>\n\t\t\t\t<\/div>\n\t\t\t\t<div class=\"elementor-element elementor-element-7fa9a86 elementor-widget elementor-widget-text-editor\" data-id=\"7fa9a86\" data-element_type=\"widget\" data-widget_type=\"text-editor.default\">\n\t\t\t\t<div class=\"elementor-widget-container\">\n\t\t\t\t\t\t\t\t\t<p><a href=\"tel:0048618142777\">+48 61 814 27 77 \/ wew 102<\/a><\/p>\n<p>ciezarowe@kalinski.pl<\/p>\t\t\t\t\t\t\t\t<\/div>\n\t\t\t\t<\/div>\n\t\t\t\t\t<\/div>\n\t\t<\/div>\n\t\t\t\t\t<\/div>\n\t\t<\/section>\n\t\t\t\t<\/div>\n\t\t\r\n<p>S\u0142owa kluczowe: S\u0142owa kluczowe: regeneracja katalizator\u00f3w Kutno, czyszczenie katalizatora Kutno, naprawa katalizatora Kutno, regeneracja filtr\u00f3w DPF Kutno, regeneracja filtr\u00f3w cz\u0105stek sta\u0142ych Kutno<\/p>","protected":false},"excerpt":{"rendered":"<p>Nieprawid\u0142owe odprowadzanie spalin z silnika mo\u017ce wi\u0105za\u0107 si\u0119 z tym, \u017ce b\u0119d\u0105 si\u0119 one przedostawa\u0142y do r\u00f3\u017cnych miejsc w poje\u017adzie, w tym do kabiny. To z kolei wi\u0105\u017ce si\u0119 z negatywnym wp\u0142ywem na komfort jazdy. Co wi\u0119cej, taka sytuacja w d\u0142u\u017cszej perspektywie mo\u017ce mie\u0107 tak\u017ce negatywne konsekwencje dla zdrowia i \u017cycia kierowcy. Wobec tego regularna &hellip; <a href=\"https:\/\/kalinski.pl\/serwis\/regeneracja-katalizatorow-i-filtrow-dpf-kutno\/\" class=\"more-link\">Czytaj dalej<span class=\"screen-reader-text\"> Regeneracja katalizator\u00f3w i filtr\u00f3w DPF Kutno<\/span><\/a><\/p>\n","protected":false},"author":821795,"featured_media":0,"parent":0,"menu_order":0,"comment_status":"closed","ping_status":"closed","template":"","meta":{"footnotes":""},"class_list":["post-4133","page","type-page","status-publish","hentry"],"yoast_head":"<!-- This site is optimized with the Yoast SEO plugin v26.7 - https:\/\/yoast.com\/wordpress\/plugins\/seo\/ -->\n<title>Regeneracja katalizator\u00f3w i filtr\u00f3w DPF Kutno | Kali\u0144ski<\/title>\n<meta name=\"description\" content=\"Mimo, \u017ce Kutno oddalone jest od naszej siedziby to z powodzeniem realizujemy us\u0142ug\u0119 regeneracja katalizator\u00f3w i filtr\u00f3w DPF Kutno.\" \/>\n<meta name=\"robots\" content=\"index, follow, max-snippet:-1, max-image-preview:large, max-video-preview:-1\" \/>\n<link rel=\"canonical\" href=\"https:\/\/kalinski.pl\/serwis\/regeneracja-katalizatorow-i-filtrow-dpf-kutno\/\" \/>\n<meta property=\"og:locale\" content=\"pl_PL\" \/>\n<meta property=\"og:type\" content=\"article\" \/>\n<meta property=\"og:title\" content=\"Regeneracja katalizator\u00f3w i filtr\u00f3w DPF Kutno | Kali\u0144ski\" \/>\n<meta property=\"og:description\" content=\"Mimo, \u017ce Kutno oddalone jest od naszej siedziby to z powodzeniem realizujemy us\u0142ug\u0119 regeneracja katalizator\u00f3w i filtr\u00f3w DPF Kutno.\" \/>\n<meta property=\"og:url\" content=\"https:\/\/kalinski.pl\/serwis\/regeneracja-katalizatorow-i-filtrow-dpf-kutno\/\" \/>\n<meta property=\"og:site_name\" content=\"Kali\u0144ski\" \/>\n<meta property=\"article:modified_time\" content=\"2022-12-27T08:39:09+00:00\" \/>\n<meta property=\"og:image\" content=\"https:\/\/kalinski.pl\/wp-content\/uploads\/Filtry_Kalinski-1-1110x303.png\" \/>\n<meta name=\"twitter:card\" content=\"summary_large_image\" \/>\n<meta name=\"twitter:label1\" content=\"Szacowany czas czytania\" \/>\n\t<meta name=\"twitter:data1\" content=\"3 minuty\" \/>\n<script type=\"application\/ld+json\" class=\"yoast-schema-graph\">{\"@context\":\"https:\/\/schema.org\",\"@graph\":[{\"@type\":\"WebPage\",\"@id\":\"https:\/\/kalinski.pl\/serwis\/regeneracja-katalizatorow-i-filtrow-dpf-kutno\/\",\"url\":\"https:\/\/kalinski.pl\/serwis\/regeneracja-katalizatorow-i-filtrow-dpf-kutno\/\",\"name\":\"Regeneracja katalizator\u00f3w i filtr\u00f3w DPF Kutno | Kali\u0144ski\",\"isPartOf\":{\"@id\":\"https:\/\/kalinski.pl\/serwis\/#website\"},\"primaryImageOfPage\":{\"@id\":\"https:\/\/kalinski.pl\/serwis\/regeneracja-katalizatorow-i-filtrow-dpf-kutno\/#primaryimage\"},\"image\":{\"@id\":\"https:\/\/kalinski.pl\/serwis\/regeneracja-katalizatorow-i-filtrow-dpf-kutno\/#primaryimage\"},\"thumbnailUrl\":\"https:\/\/kalinski.pl\/wp-content\/uploads\/Filtry_Kalinski-1-1110x303.png\",\"datePublished\":\"2022-12-27T08:09:39+00:00\",\"dateModified\":\"2022-12-27T08:39:09+00:00\",\"description\":\"Mimo, \u017ce Kutno oddalone jest od naszej siedziby to z powodzeniem realizujemy us\u0142ug\u0119 regeneracja katalizator\u00f3w i filtr\u00f3w DPF Kutno.\",\"breadcrumb\":{\"@id\":\"https:\/\/kalinski.pl\/serwis\/regeneracja-katalizatorow-i-filtrow-dpf-kutno\/#breadcrumb\"},\"inLanguage\":\"pl-PL\",\"potentialAction\":[{\"@type\":\"ReadAction\",\"target\":[\"https:\/\/kalinski.pl\/serwis\/regeneracja-katalizatorow-i-filtrow-dpf-kutno\/\"]}]},{\"@type\":\"ImageObject\",\"inLanguage\":\"pl-PL\",\"@id\":\"https:\/\/kalinski.pl\/serwis\/regeneracja-katalizatorow-i-filtrow-dpf-kutno\/#primaryimage\",\"url\":\"https:\/\/kalinski.pl\/wp-content\/uploads\/Filtry_Kalinski-1-1110x303.png\",\"contentUrl\":\"https:\/\/kalinski.pl\/wp-content\/uploads\/Filtry_Kalinski-1-1110x303.png\"},{\"@type\":\"BreadcrumbList\",\"@id\":\"https:\/\/kalinski.pl\/serwis\/regeneracja-katalizatorow-i-filtrow-dpf-kutno\/#breadcrumb\",\"itemListElement\":[{\"@type\":\"ListItem\",\"position\":1,\"name\":\"Strona g\u0142\u00f3wna\",\"item\":\"https:\/\/kalinski.pl\/serwis\/\"},{\"@type\":\"ListItem\",\"position\":2,\"name\":\"Regeneracja katalizator\u00f3w i filtr\u00f3w DPF Kutno\"}]},{\"@type\":\"WebSite\",\"@id\":\"https:\/\/kalinski.pl\/serwis\/#website\",\"url\":\"https:\/\/kalinski.pl\/serwis\/\",\"name\":\"Kali\u0144ski\",\"description\":\"Uk\u0142ady wydechowe\",\"publisher\":{\"@id\":\"https:\/\/kalinski.pl\/serwis\/#organization\"},\"potentialAction\":[{\"@type\":\"SearchAction\",\"target\":{\"@type\":\"EntryPoint\",\"urlTemplate\":\"https:\/\/kalinski.pl\/serwis\/?s={search_term_string}\"},\"query-input\":{\"@type\":\"PropertyValueSpecification\",\"valueRequired\":true,\"valueName\":\"search_term_string\"}}],\"inLanguage\":\"pl-PL\"},{\"@type\":\"Organization\",\"@id\":\"https:\/\/kalinski.pl\/serwis\/#organization\",\"name\":\"Kali\u0144ski\",\"url\":\"https:\/\/kalinski.pl\/serwis\/\",\"logo\":{\"@type\":\"ImageObject\",\"inLanguage\":\"pl-PL\",\"@id\":\"https:\/\/kalinski.pl\/serwis\/#\/schema\/logo\/image\/\",\"url\":\"https:\/\/kalinski.pl\/serwis\/wp-content\/uploads\/2019\/03\/cropped-logo_white.jpg\",\"contentUrl\":\"https:\/\/kalinski.pl\/serwis\/wp-content\/uploads\/2019\/03\/cropped-logo_white.jpg\",\"width\":240,\"height\":63,\"caption\":\"Kali\u0144ski\"},\"image\":{\"@id\":\"https:\/\/kalinski.pl\/serwis\/#\/schema\/logo\/image\/\"}}]}<\/script>\n<!-- \/ Yoast SEO plugin. -->","yoast_head_json":{"title":"Regeneracja katalizator\u00f3w i filtr\u00f3w DPF Kutno | Kali\u0144ski","description":"Mimo, \u017ce Kutno oddalone jest od naszej siedziby to z powodzeniem realizujemy us\u0142ug\u0119 regeneracja katalizator\u00f3w i filtr\u00f3w DPF Kutno.","robots":{"index":"index","follow":"follow","max-snippet":"max-snippet:-1","max-image-preview":"max-image-preview:large","max-video-preview":"max-video-preview:-1"},"canonical":"https:\/\/kalinski.pl\/serwis\/regeneracja-katalizatorow-i-filtrow-dpf-kutno\/","og_locale":"pl_PL","og_type":"article","og_title":"Regeneracja katalizator\u00f3w i filtr\u00f3w DPF Kutno | Kali\u0144ski","og_description":"Mimo, \u017ce Kutno oddalone jest od naszej siedziby to z powodzeniem realizujemy us\u0142ug\u0119 regeneracja katalizator\u00f3w i filtr\u00f3w DPF Kutno.","og_url":"https:\/\/kalinski.pl\/serwis\/regeneracja-katalizatorow-i-filtrow-dpf-kutno\/","og_site_name":"Kali\u0144ski","article_modified_time":"2022-12-27T08:39:09+00:00","og_image":[{"url":"https:\/\/kalinski.pl\/wp-content\/uploads\/Filtry_Kalinski-1-1110x303.png","type":"","width":"","height":""}],"twitter_card":"summary_large_image","twitter_misc":{"Szacowany czas czytania":"3 minuty"},"schema":{"@context":"https:\/\/schema.org","@graph":[{"@type":"WebPage","@id":"https:\/\/kalinski.pl\/serwis\/regeneracja-katalizatorow-i-filtrow-dpf-kutno\/","url":"https:\/\/kalinski.pl\/serwis\/regeneracja-katalizatorow-i-filtrow-dpf-kutno\/","name":"Regeneracja katalizator\u00f3w i filtr\u00f3w DPF Kutno | Kali\u0144ski","isPartOf":{"@id":"https:\/\/kalinski.pl\/serwis\/#website"},"primaryImageOfPage":{"@id":"https:\/\/kalinski.pl\/serwis\/regeneracja-katalizatorow-i-filtrow-dpf-kutno\/#primaryimage"},"image":{"@id":"https:\/\/kalinski.pl\/serwis\/regeneracja-katalizatorow-i-filtrow-dpf-kutno\/#primaryimage"},"thumbnailUrl":"https:\/\/kalinski.pl\/wp-content\/uploads\/Filtry_Kalinski-1-1110x303.png","datePublished":"2022-12-27T08:09:39+00:00","dateModified":"2022-12-27T08:39:09+00:00","description":"Mimo, \u017ce Kutno oddalone jest od naszej siedziby to z powodzeniem realizujemy us\u0142ug\u0119 regeneracja katalizator\u00f3w i filtr\u00f3w DPF Kutno.","breadcrumb":{"@id":"https:\/\/kalinski.pl\/serwis\/regeneracja-katalizatorow-i-filtrow-dpf-kutno\/#breadcrumb"},"inLanguage":"pl-PL","potentialAction":[{"@type":"ReadAction","target":["https:\/\/kalinski.pl\/serwis\/regeneracja-katalizatorow-i-filtrow-dpf-kutno\/"]}]},{"@type":"ImageObject","inLanguage":"pl-PL","@id":"https:\/\/kalinski.pl\/serwis\/regeneracja-katalizatorow-i-filtrow-dpf-kutno\/#primaryimage","url":"https:\/\/kalinski.pl\/wp-content\/uploads\/Filtry_Kalinski-1-1110x303.png","contentUrl":"https:\/\/kalinski.pl\/wp-content\/uploads\/Filtry_Kalinski-1-1110x303.png"},{"@type":"BreadcrumbList","@id":"https:\/\/kalinski.pl\/serwis\/regeneracja-katalizatorow-i-filtrow-dpf-kutno\/#breadcrumb","itemListElement":[{"@type":"ListItem","position":1,"name":"Strona g\u0142\u00f3wna","item":"https:\/\/kalinski.pl\/serwis\/"},{"@type":"ListItem","position":2,"name":"Regeneracja katalizator\u00f3w i filtr\u00f3w DPF Kutno"}]},{"@type":"WebSite","@id":"https:\/\/kalinski.pl\/serwis\/#website","url":"https:\/\/kalinski.pl\/serwis\/","name":"Kali\u0144ski","description":"Uk\u0142ady wydechowe","publisher":{"@id":"https:\/\/kalinski.pl\/serwis\/#organization"},"potentialAction":[{"@type":"SearchAction","target":{"@type":"EntryPoint","urlTemplate":"https:\/\/kalinski.pl\/serwis\/?s={search_term_string}"},"query-input":{"@type":"PropertyValueSpecification","valueRequired":true,"valueName":"search_term_string"}}],"inLanguage":"pl-PL"},{"@type":"Organization","@id":"https:\/\/kalinski.pl\/serwis\/#organization","name":"Kali\u0144ski","url":"https:\/\/kalinski.pl\/serwis\/","logo":{"@type":"ImageObject","inLanguage":"pl-PL","@id":"https:\/\/kalinski.pl\/serwis\/#\/schema\/logo\/image\/","url":"https:\/\/kalinski.pl\/serwis\/wp-content\/uploads\/2019\/03\/cropped-logo_white.jpg","contentUrl":"https:\/\/kalinski.pl\/serwis\/wp-content\/uploads\/2019\/03\/cropped-logo_white.jpg","width":240,"height":63,"caption":"Kali\u0144ski"},"image":{"@id":"https:\/\/kalinski.pl\/serwis\/#\/schema\/logo\/image\/"}}]}},"_links":{"self":[{"href":"https:\/\/kalinski.pl\/serwis\/wp-json\/wp\/v2\/pages\/4133","targetHints":{"allow":["GET"]}}],"collection":[{"href":"https:\/\/kalinski.pl\/serwis\/wp-json\/wp\/v2\/pages"}],"about":[{"href":"https:\/\/kalinski.pl\/serwis\/wp-json\/wp\/v2\/types\/page"}],"author":[{"embeddable":true,"href":"https:\/\/kalinski.pl\/serwis\/wp-json\/wp\/v2\/users\/821795"}],"replies":[{"embeddable":true,"href":"https:\/\/kalinski.pl\/serwis\/wp-json\/wp\/v2\/comments?post=4133"}],"version-history":[{"count":7,"href":"https:\/\/kalinski.pl\/serwis\/wp-json\/wp\/v2\/pages\/4133\/revisions"}],"predecessor-version":[{"id":4140,"href":"https:\/\/kalinski.pl\/serwis\/wp-json\/wp\/v2\/pages\/4133\/revisions\/4140"}],"wp:attachment":[{"href":"https:\/\/kalinski.pl\/serwis\/wp-json\/wp\/v2\/media?parent=4133"}],"curies":[{"name":"wp","href":"https:\/\/api.w.org\/{rel}","templated":true}]}}