{"id":4115,"date":"2022-12-02T14:26:35","date_gmt":"2022-12-02T13:26:35","guid":{"rendered":"https:\/\/kalinski.pl\/?page_id=4115"},"modified":"2022-12-02T14:26:35","modified_gmt":"2022-12-02T13:26:35","slug":"regeneracja-katalizatorow-i-filtrow-dpf-leszno","status":"publish","type":"page","link":"https:\/\/kalinski.pl\/serwis\/regeneracja-katalizatorow-i-filtrow-dpf-leszno\/","title":{"rendered":"Regeneracja katalizator\u00f3w i filtr\u00f3w DPF Leszno"},"content":{"rendered":"<p><\/p>\r\n<figure class=\"wp-block-image size-large\"><img fetchpriority=\"high\" decoding=\"async\" width=\"1110\" height=\"303\" class=\"wp-image-1568\" src=\"https:\/\/kalinski.pl\/wp-content\/uploads\/Filtry_Kalinski-1-1110x303.png\" alt=\"\" \/><\/figure>\r\n<p><\/p>\r\n<p><\/p>\r\n<p style=\"text: align:justify; margin-top: 25px;\">Samochody osobowe, ci\u0119\u017carowe, maszyny rolnicze i inne pojazdy spalinowe wymagaj\u0105 okresowego serwisu. Wa\u017cne jest, \u017ceby odpowiednio reagowa\u0107, kiedy pojazdy wykazuj\u0105 oznaki usterki. Warto szczeg\u00f3ln\u0105 uwag\u0119 zwr\u00f3ci\u0107 na uk\u0142ad wydechowy, jego usterka mo\u017ce sporo kosztowa\u0107. Jako firma Kali\u0144ski staramy si\u0119 by\u0107 blisko naszych klient\u00f3w, oferuj\u0105c swoje us\u0142ugi na miejscu oraz zdalnie, z wykorzystaniem licznych firm kurierskich i przewozowych.<\/p>\r\n<p><\/p>\r\n<p><\/p>\r\n<p><\/p>\r\n<p><\/p>\r\n<p style=\"text-align: justify;\">Posiadamy serwis w miejscowo\u015bci Chyby, niedaleko Poznania ale jeste\u015bmy nastawieni na \u015bwiadczenie us\u0142ug i sprzeda\u017c produkt\u00f3w dla klient\u00f3w z ca\u0142ej Polski a nawet Europy, du\u017c\u0105 cz\u0119\u015b\u0107 naszych produkt\u00f3w eksportujemy. Zale\u017cy nam na tym, by reagowa\u0107 na Pa\u0144stwa potrzeby, niezale\u017cnie od tego, gdzie si\u0119 Pa\u0144stwo znajduj\u0105. Odpowiadamy na liczne potrzeby klient\u00f3w zwi\u0105zane z filtrami cz\u0105stek sta\u0142ych, katalizatorami, m.in. wykonuj\u0105c us\u0142ug\u0119 <strong>regeneracja filtr\u00f3w cz\u0105stek sta\u0142ych Leszno,<\/strong> zajmujemy si\u0119 takimi filtrami jak DPF, FAP, GPF, wykonujemy te\u017c <strong>regeneracj\u0119 katalizator\u00f3w Leszno.<\/strong><\/p>\r\n<p style=\"text-align: justify;\"><strong>Czyszczenie katalizator\u00f3w i regeneracja filtr\u00f3w DPF &#8211; Leszno <\/strong><\/p>\r\n<p style=\"text-align: justify;\"><strong>Czyszczenie katalizator\u00f3w i filtr\u00f3w DPF Leszno<\/strong> to inaczej ich regeneracja. Celem tych dzia\u0142a\u0144 jest przywr\u00f3cenie sprawno\u015bci danej cz\u0119\u015bci. Dzi\u0119ki temu nie jest konieczna wymiana jej na now\u0105, co generuje nie tylko korzy\u015bci finansowe, ale tak\u017ce ekologiczne. Podstawowym celem us\u0142ugi jest usuni\u0119cie z podzespo\u0142\u00f3w: sadzy, popio\u0142u, py\u0142u i innych zanieczyszcze\u0144 powsta\u0142ych w spalaniu paliwa.<\/p>\r\n<p style=\"text-align: justify;\"><strong>Czyszczenie i regeneracja filtr\u00f3w cz\u0105stek sta\u0142ych dla klient\u00f3w z Leszna<\/strong> odbywa si\u0119 na kilka sposob\u00f3w. Jedna metoda bazuje na wykorzystaniu maszyny Hartridge. To urz\u0105dzenie pozwala na usuni\u0119cie py\u0142u, osadu i etc. za pomoc\u0105 powietrza pod wysokim ci\u015bnieniem. Dzi\u0119ki temu, \u017ce powietrze dociera do ka\u017cdego miejsca podzespo\u0142u, zabrudzenia zostaj\u0105 usuni\u0119te. Dodatkowo stosujemy wypalanie filtra w specjalnym piecu, do czego u\u017cywamy maszyny Hartrige DPF 300. <strong>Regeneracja katalizator\u00f3w Leszno<\/strong> polega na wymianie najbardziej zanieczyszczonego elementu katalizatora, czyli znajduj\u0105cego si\u0119 w \u015brodku wk\u0142adu. Wk\u0142ady dzielimy na ceramiczne lub metalowe, ka\u017cdy z nich wysycony jest metalami szlachetnymi. Wymiana wk\u0142adu przywraca sprawno\u015b\u0107 katalizatora.<\/p>\r\n<p>&nbsp;<\/p>\r\n\t\t<div data-elementor-type=\"wp-post\" data-elementor-id=\"3002\" class=\"elementor elementor-3002\">\n\t\t\t\t\t\t<section class=\"elementor-section elementor-top-section elementor-element elementor-element-cefde73 elementor-section-boxed elementor-section-height-default elementor-section-height-default\" data-id=\"cefde73\" data-element_type=\"section\">\n\t\t\t\t\t\t<div class=\"elementor-container elementor-column-gap-default\">\n\t\t\t\t\t<div class=\"elementor-column elementor-col-100 elementor-top-column elementor-element elementor-element-970e36a\" data-id=\"970e36a\" data-element_type=\"column\">\n\t\t\t<div class=\"elementor-widget-wrap elementor-element-populated\">\n\t\t\t\t\t\t<div class=\"elementor-element elementor-element-6c30b54 elementor-widget elementor-widget-heading\" data-id=\"6c30b54\" data-element_type=\"widget\" data-widget_type=\"heading.default\">\n\t\t\t\t<div class=\"elementor-widget-container\">\n\t\t\t\t\t<h2 class=\"elementor-heading-title elementor-size-default\">Jeste\u015bmy do Twojej dyspozycji<\/h2>\t\t\t\t<\/div>\n\t\t\t\t<\/div>\n\t\t\t\t\t<\/div>\n\t\t<\/div>\n\t\t\t\t\t<\/div>\n\t\t<\/section>\n\t\t\t\t<section class=\"elementor-section elementor-top-section elementor-element elementor-element-f0f0ab2 elementor-section-boxed elementor-section-height-default elementor-section-height-default\" data-id=\"f0f0ab2\" data-element_type=\"section\">\n\t\t\t\t\t\t<div class=\"elementor-container elementor-column-gap-default\">\n\t\t\t\t\t<div class=\"elementor-column elementor-col-50 elementor-top-column elementor-element elementor-element-df75edc\" data-id=\"df75edc\" data-element_type=\"column\">\n\t\t\t<div class=\"elementor-widget-wrap elementor-element-populated\">\n\t\t\t\t\t\t<div class=\"elementor-element elementor-element-5d3129f elementor-position-left elementor-vertical-align-top elementor-widget elementor-widget-image-box\" data-id=\"5d3129f\" data-element_type=\"widget\" data-widget_type=\"image-box.default\">\n\t\t\t\t<div class=\"elementor-widget-container\">\n\t\t\t\t\t<div class=\"elementor-image-box-wrapper\"><figure class=\"elementor-image-box-img\"><img decoding=\"async\" width=\"135\" height=\"141\" src=\"https:\/\/kalinski.pl\/serwis\/wp-content\/uploads\/smateusz.jpg\" class=\"attachment-full size-full wp-image-3005\" alt=\"smateusz\" \/><\/figure><div class=\"elementor-image-box-content\"><h3 class=\"elementor-image-box-title\">Mateusz<\/h3><p class=\"elementor-image-box-description\">Pojazdy osobowe, dostawcze<\/p><\/div><\/div>\t\t\t\t<\/div>\n\t\t\t\t<\/div>\n\t\t\t\t<div class=\"elementor-element elementor-element-ccda357 elementor-widget elementor-widget-text-editor\" data-id=\"ccda357\" data-element_type=\"widget\" data-widget_type=\"text-editor.default\">\n\t\t\t\t<div class=\"elementor-widget-container\">\n\t\t\t\t\t\t\t\t\t<p><a href=\"tel:0048618142777\">+48 61 814 27 77 \/ wew 101<\/a><\/p>\n<p>biuro@kalinski.pl<\/p>\t\t\t\t\t\t\t\t<\/div>\n\t\t\t\t<\/div>\n\t\t\t\t\t<\/div>\n\t\t<\/div>\n\t\t\t\t<div class=\"elementor-column elementor-col-50 elementor-top-column elementor-element elementor-element-6025541\" data-id=\"6025541\" data-element_type=\"column\">\n\t\t\t<div class=\"elementor-widget-wrap elementor-element-populated\">\n\t\t\t\t\t\t<div class=\"elementor-element elementor-element-b645a1a elementor-position-left elementor-vertical-align-top elementor-widget elementor-widget-image-box\" data-id=\"b645a1a\" data-element_type=\"widget\" data-widget_type=\"image-box.default\">\n\t\t\t\t<div class=\"elementor-widget-container\">\n\t\t\t\t\t<div class=\"elementor-image-box-wrapper\"><figure class=\"elementor-image-box-img\"><img decoding=\"async\" width=\"135\" height=\"141\" src=\"https:\/\/kalinski.pl\/serwis\/wp-content\/uploads\/sadam.jpg\" class=\"attachment-full size-full wp-image-3004\" alt=\"sadam\" \/><\/figure><div class=\"elementor-image-box-content\"><h3 class=\"elementor-image-box-title\">Adam<\/h3><p class=\"elementor-image-box-description\">Samochody ci\u0119\u017carowe<\/p><\/div><\/div>\t\t\t\t<\/div>\n\t\t\t\t<\/div>\n\t\t\t\t<div class=\"elementor-element elementor-element-7fa9a86 elementor-widget elementor-widget-text-editor\" data-id=\"7fa9a86\" data-element_type=\"widget\" data-widget_type=\"text-editor.default\">\n\t\t\t\t<div class=\"elementor-widget-container\">\n\t\t\t\t\t\t\t\t\t<p><a href=\"tel:0048618142777\">+48 61 814 27 77 \/ wew 102<\/a><\/p>\n<p>ciezarowe@kalinski.pl<\/p>\t\t\t\t\t\t\t\t<\/div>\n\t\t\t\t<\/div>\n\t\t\t\t\t<\/div>\n\t\t<\/div>\n\t\t\t\t\t<\/div>\n\t\t<\/section>\n\t\t\t\t<\/div>\n\t\t\r\n<p>S\u0142owa kluczowe: regeneracja katalizator\u00f3w Leszno, czyszczenie katalizatora Leszno, naprawa katalizatora Leszno, regeneracja filtr\u00f3w dpf Leszno, regeneracja filtr\u00f3w cz\u0105stek sta\u0142ych Leszno<\/p>","protected":false},"excerpt":{"rendered":"<p>Samochody osobowe, ci\u0119\u017carowe, maszyny rolnicze i inne pojazdy spalinowe wymagaj\u0105 okresowego serwisu. Wa\u017cne jest, \u017ceby odpowiednio reagowa\u0107, kiedy pojazdy wykazuj\u0105 oznaki usterki. Warto szczeg\u00f3ln\u0105 uwag\u0119 zwr\u00f3ci\u0107 na uk\u0142ad wydechowy, jego usterka mo\u017ce sporo kosztowa\u0107. Jako firma Kali\u0144ski staramy si\u0119 by\u0107 blisko naszych klient\u00f3w, oferuj\u0105c swoje us\u0142ugi na miejscu oraz zdalnie, z wykorzystaniem licznych firm kurierskich &hellip; <a href=\"https:\/\/kalinski.pl\/serwis\/regeneracja-katalizatorow-i-filtrow-dpf-leszno\/\" class=\"more-link\">Czytaj dalej<span class=\"screen-reader-text\"> Regeneracja katalizator\u00f3w i filtr\u00f3w DPF Leszno<\/span><\/a><\/p>\n","protected":false},"author":821795,"featured_media":0,"parent":0,"menu_order":0,"comment_status":"closed","ping_status":"closed","template":"","meta":{"footnotes":""},"class_list":["post-4115","page","type-page","status-publish","hentry"],"yoast_head":"<!-- This site is optimized with the Yoast SEO plugin v26.7 - https:\/\/yoast.com\/wordpress\/plugins\/seo\/ -->\n<title>Regeneracja katalizator\u00f3w i filtr\u00f3w DPF Leszno | Kali\u0144ski<\/title>\n<meta name=\"description\" content=\"Ze wzgl\u0119du na blisko\u015b\u0107 drogi krajowej S5 i S11 cz\u0119sto realizujemy us\u0142ug\u0119 z zakresu regeneracja katalizator\u00f3w i filtr\u00f3w DPF Leszno.\" \/>\n<meta name=\"robots\" content=\"index, follow, max-snippet:-1, max-image-preview:large, max-video-preview:-1\" \/>\n<link rel=\"canonical\" href=\"https:\/\/kalinski.pl\/serwis\/regeneracja-katalizatorow-i-filtrow-dpf-leszno\/\" \/>\n<meta property=\"og:locale\" content=\"pl_PL\" \/>\n<meta property=\"og:type\" content=\"article\" \/>\n<meta property=\"og:title\" content=\"Regeneracja katalizator\u00f3w i filtr\u00f3w DPF Leszno | Kali\u0144ski\" \/>\n<meta property=\"og:description\" content=\"Ze wzgl\u0119du na blisko\u015b\u0107 drogi krajowej S5 i S11 cz\u0119sto realizujemy us\u0142ug\u0119 z zakresu regeneracja katalizator\u00f3w i filtr\u00f3w DPF Leszno.\" \/>\n<meta property=\"og:url\" content=\"https:\/\/kalinski.pl\/serwis\/regeneracja-katalizatorow-i-filtrow-dpf-leszno\/\" \/>\n<meta property=\"og:site_name\" content=\"Kali\u0144ski\" \/>\n<meta property=\"og:image\" content=\"https:\/\/kalinski.pl\/wp-content\/uploads\/Filtry_Kalinski-1-1110x303.png\" \/>\n<meta name=\"twitter:card\" content=\"summary_large_image\" \/>\n<meta name=\"twitter:label1\" content=\"Szacowany czas czytania\" \/>\n\t<meta name=\"twitter:data1\" content=\"3 minuty\" \/>\n<script type=\"application\/ld+json\" class=\"yoast-schema-graph\">{\"@context\":\"https:\/\/schema.org\",\"@graph\":[{\"@type\":\"WebPage\",\"@id\":\"https:\/\/kalinski.pl\/serwis\/regeneracja-katalizatorow-i-filtrow-dpf-leszno\/\",\"url\":\"https:\/\/kalinski.pl\/serwis\/regeneracja-katalizatorow-i-filtrow-dpf-leszno\/\",\"name\":\"Regeneracja katalizator\u00f3w i filtr\u00f3w DPF Leszno | Kali\u0144ski\",\"isPartOf\":{\"@id\":\"https:\/\/kalinski.pl\/serwis\/#website\"},\"primaryImageOfPage\":{\"@id\":\"https:\/\/kalinski.pl\/serwis\/regeneracja-katalizatorow-i-filtrow-dpf-leszno\/#primaryimage\"},\"image\":{\"@id\":\"https:\/\/kalinski.pl\/serwis\/regeneracja-katalizatorow-i-filtrow-dpf-leszno\/#primaryimage\"},\"thumbnailUrl\":\"https:\/\/kalinski.pl\/wp-content\/uploads\/Filtry_Kalinski-1-1110x303.png\",\"datePublished\":\"2022-12-02T13:26:35+00:00\",\"description\":\"Ze wzgl\u0119du na blisko\u015b\u0107 drogi krajowej S5 i S11 cz\u0119sto realizujemy us\u0142ug\u0119 z zakresu regeneracja katalizator\u00f3w i filtr\u00f3w DPF Leszno.\",\"breadcrumb\":{\"@id\":\"https:\/\/kalinski.pl\/serwis\/regeneracja-katalizatorow-i-filtrow-dpf-leszno\/#breadcrumb\"},\"inLanguage\":\"pl-PL\",\"potentialAction\":[{\"@type\":\"ReadAction\",\"target\":[\"https:\/\/kalinski.pl\/serwis\/regeneracja-katalizatorow-i-filtrow-dpf-leszno\/\"]}]},{\"@type\":\"ImageObject\",\"inLanguage\":\"pl-PL\",\"@id\":\"https:\/\/kalinski.pl\/serwis\/regeneracja-katalizatorow-i-filtrow-dpf-leszno\/#primaryimage\",\"url\":\"https:\/\/kalinski.pl\/wp-content\/uploads\/Filtry_Kalinski-1-1110x303.png\",\"contentUrl\":\"https:\/\/kalinski.pl\/wp-content\/uploads\/Filtry_Kalinski-1-1110x303.png\"},{\"@type\":\"BreadcrumbList\",\"@id\":\"https:\/\/kalinski.pl\/serwis\/regeneracja-katalizatorow-i-filtrow-dpf-leszno\/#breadcrumb\",\"itemListElement\":[{\"@type\":\"ListItem\",\"position\":1,\"name\":\"Strona g\u0142\u00f3wna\",\"item\":\"https:\/\/kalinski.pl\/serwis\/\"},{\"@type\":\"ListItem\",\"position\":2,\"name\":\"Regeneracja katalizator\u00f3w i filtr\u00f3w DPF Leszno\"}]},{\"@type\":\"WebSite\",\"@id\":\"https:\/\/kalinski.pl\/serwis\/#website\",\"url\":\"https:\/\/kalinski.pl\/serwis\/\",\"name\":\"Kali\u0144ski\",\"description\":\"Uk\u0142ady wydechowe\",\"publisher\":{\"@id\":\"https:\/\/kalinski.pl\/serwis\/#organization\"},\"potentialAction\":[{\"@type\":\"SearchAction\",\"target\":{\"@type\":\"EntryPoint\",\"urlTemplate\":\"https:\/\/kalinski.pl\/serwis\/?s={search_term_string}\"},\"query-input\":{\"@type\":\"PropertyValueSpecification\",\"valueRequired\":true,\"valueName\":\"search_term_string\"}}],\"inLanguage\":\"pl-PL\"},{\"@type\":\"Organization\",\"@id\":\"https:\/\/kalinski.pl\/serwis\/#organization\",\"name\":\"Kali\u0144ski\",\"url\":\"https:\/\/kalinski.pl\/serwis\/\",\"logo\":{\"@type\":\"ImageObject\",\"inLanguage\":\"pl-PL\",\"@id\":\"https:\/\/kalinski.pl\/serwis\/#\/schema\/logo\/image\/\",\"url\":\"https:\/\/kalinski.pl\/serwis\/wp-content\/uploads\/2019\/03\/cropped-logo_white.jpg\",\"contentUrl\":\"https:\/\/kalinski.pl\/serwis\/wp-content\/uploads\/2019\/03\/cropped-logo_white.jpg\",\"width\":240,\"height\":63,\"caption\":\"Kali\u0144ski\"},\"image\":{\"@id\":\"https:\/\/kalinski.pl\/serwis\/#\/schema\/logo\/image\/\"}}]}<\/script>\n<!-- \/ Yoast SEO plugin. -->","yoast_head_json":{"title":"Regeneracja katalizator\u00f3w i filtr\u00f3w DPF Leszno | Kali\u0144ski","description":"Ze wzgl\u0119du na blisko\u015b\u0107 drogi krajowej S5 i S11 cz\u0119sto realizujemy us\u0142ug\u0119 z zakresu regeneracja katalizator\u00f3w i filtr\u00f3w DPF Leszno.","robots":{"index":"index","follow":"follow","max-snippet":"max-snippet:-1","max-image-preview":"max-image-preview:large","max-video-preview":"max-video-preview:-1"},"canonical":"https:\/\/kalinski.pl\/serwis\/regeneracja-katalizatorow-i-filtrow-dpf-leszno\/","og_locale":"pl_PL","og_type":"article","og_title":"Regeneracja katalizator\u00f3w i filtr\u00f3w DPF Leszno | Kali\u0144ski","og_description":"Ze wzgl\u0119du na blisko\u015b\u0107 drogi krajowej S5 i S11 cz\u0119sto realizujemy us\u0142ug\u0119 z zakresu regeneracja katalizator\u00f3w i filtr\u00f3w DPF Leszno.","og_url":"https:\/\/kalinski.pl\/serwis\/regeneracja-katalizatorow-i-filtrow-dpf-leszno\/","og_site_name":"Kali\u0144ski","og_image":[{"url":"https:\/\/kalinski.pl\/wp-content\/uploads\/Filtry_Kalinski-1-1110x303.png","type":"","width":"","height":""}],"twitter_card":"summary_large_image","twitter_misc":{"Szacowany czas czytania":"3 minuty"},"schema":{"@context":"https:\/\/schema.org","@graph":[{"@type":"WebPage","@id":"https:\/\/kalinski.pl\/serwis\/regeneracja-katalizatorow-i-filtrow-dpf-leszno\/","url":"https:\/\/kalinski.pl\/serwis\/regeneracja-katalizatorow-i-filtrow-dpf-leszno\/","name":"Regeneracja katalizator\u00f3w i filtr\u00f3w DPF Leszno | Kali\u0144ski","isPartOf":{"@id":"https:\/\/kalinski.pl\/serwis\/#website"},"primaryImageOfPage":{"@id":"https:\/\/kalinski.pl\/serwis\/regeneracja-katalizatorow-i-filtrow-dpf-leszno\/#primaryimage"},"image":{"@id":"https:\/\/kalinski.pl\/serwis\/regeneracja-katalizatorow-i-filtrow-dpf-leszno\/#primaryimage"},"thumbnailUrl":"https:\/\/kalinski.pl\/wp-content\/uploads\/Filtry_Kalinski-1-1110x303.png","datePublished":"2022-12-02T13:26:35+00:00","description":"Ze wzgl\u0119du na blisko\u015b\u0107 drogi krajowej S5 i S11 cz\u0119sto realizujemy us\u0142ug\u0119 z zakresu regeneracja katalizator\u00f3w i filtr\u00f3w DPF Leszno.","breadcrumb":{"@id":"https:\/\/kalinski.pl\/serwis\/regeneracja-katalizatorow-i-filtrow-dpf-leszno\/#breadcrumb"},"inLanguage":"pl-PL","potentialAction":[{"@type":"ReadAction","target":["https:\/\/kalinski.pl\/serwis\/regeneracja-katalizatorow-i-filtrow-dpf-leszno\/"]}]},{"@type":"ImageObject","inLanguage":"pl-PL","@id":"https:\/\/kalinski.pl\/serwis\/regeneracja-katalizatorow-i-filtrow-dpf-leszno\/#primaryimage","url":"https:\/\/kalinski.pl\/wp-content\/uploads\/Filtry_Kalinski-1-1110x303.png","contentUrl":"https:\/\/kalinski.pl\/wp-content\/uploads\/Filtry_Kalinski-1-1110x303.png"},{"@type":"BreadcrumbList","@id":"https:\/\/kalinski.pl\/serwis\/regeneracja-katalizatorow-i-filtrow-dpf-leszno\/#breadcrumb","itemListElement":[{"@type":"ListItem","position":1,"name":"Strona g\u0142\u00f3wna","item":"https:\/\/kalinski.pl\/serwis\/"},{"@type":"ListItem","position":2,"name":"Regeneracja katalizator\u00f3w i filtr\u00f3w DPF Leszno"}]},{"@type":"WebSite","@id":"https:\/\/kalinski.pl\/serwis\/#website","url":"https:\/\/kalinski.pl\/serwis\/","name":"Kali\u0144ski","description":"Uk\u0142ady wydechowe","publisher":{"@id":"https:\/\/kalinski.pl\/serwis\/#organization"},"potentialAction":[{"@type":"SearchAction","target":{"@type":"EntryPoint","urlTemplate":"https:\/\/kalinski.pl\/serwis\/?s={search_term_string}"},"query-input":{"@type":"PropertyValueSpecification","valueRequired":true,"valueName":"search_term_string"}}],"inLanguage":"pl-PL"},{"@type":"Organization","@id":"https:\/\/kalinski.pl\/serwis\/#organization","name":"Kali\u0144ski","url":"https:\/\/kalinski.pl\/serwis\/","logo":{"@type":"ImageObject","inLanguage":"pl-PL","@id":"https:\/\/kalinski.pl\/serwis\/#\/schema\/logo\/image\/","url":"https:\/\/kalinski.pl\/serwis\/wp-content\/uploads\/2019\/03\/cropped-logo_white.jpg","contentUrl":"https:\/\/kalinski.pl\/serwis\/wp-content\/uploads\/2019\/03\/cropped-logo_white.jpg","width":240,"height":63,"caption":"Kali\u0144ski"},"image":{"@id":"https:\/\/kalinski.pl\/serwis\/#\/schema\/logo\/image\/"}}]}},"_links":{"self":[{"href":"https:\/\/kalinski.pl\/serwis\/wp-json\/wp\/v2\/pages\/4115","targetHints":{"allow":["GET"]}}],"collection":[{"href":"https:\/\/kalinski.pl\/serwis\/wp-json\/wp\/v2\/pages"}],"about":[{"href":"https:\/\/kalinski.pl\/serwis\/wp-json\/wp\/v2\/types\/page"}],"author":[{"embeddable":true,"href":"https:\/\/kalinski.pl\/serwis\/wp-json\/wp\/v2\/users\/821795"}],"replies":[{"embeddable":true,"href":"https:\/\/kalinski.pl\/serwis\/wp-json\/wp\/v2\/comments?post=4115"}],"version-history":[{"count":1,"href":"https:\/\/kalinski.pl\/serwis\/wp-json\/wp\/v2\/pages\/4115\/revisions"}],"predecessor-version":[{"id":4117,"href":"https:\/\/kalinski.pl\/serwis\/wp-json\/wp\/v2\/pages\/4115\/revisions\/4117"}],"wp:attachment":[{"href":"https:\/\/kalinski.pl\/serwis\/wp-json\/wp\/v2\/media?parent=4115"}],"curies":[{"name":"wp","href":"https:\/\/api.w.org\/{rel}","templated":true}]}}