{"id":4067,"date":"2022-10-03T09:56:09","date_gmt":"2022-10-03T07:56:09","guid":{"rendered":"https:\/\/kalinski.pl\/?page_id=4067"},"modified":"2022-10-03T09:56:09","modified_gmt":"2022-10-03T07:56:09","slug":"regeneracja-katalizatorow-i-filtrow-dpf-zlotow","status":"publish","type":"page","link":"https:\/\/kalinski.pl\/serwis\/regeneracja-katalizatorow-i-filtrow-dpf-zlotow\/","title":{"rendered":"Regeneracja katalizator\u00f3w i filtr\u00f3w DPF Z\u0142ot\u00f3w"},"content":{"rendered":"<p><\/p>\r\n<figure class=\"wp-block-image size-large\"><img fetchpriority=\"high\" decoding=\"async\" width=\"1110\" height=\"303\" class=\"wp-image-1568\" src=\"https:\/\/kalinski.pl\/wp-content\/uploads\/Filtry_Kalinski-1-1110x303.png\" alt=\"\" \/><\/figure>\r\n<p><\/p>\r\n<p><\/p>\r\n<p style=\"text: align:justify; margin-top: 25px;\">Jedn\u0105 z najcz\u0119\u015bciej spotykanych usterek w przypadku filtr\u00f3w DPF jest ich zapchanie, katalizatory natomiast wyczerpuj\u0105 si\u0119. W filtrach DPF dochodzi do sytuacji, kiedy ilo\u015b\u0107 zgromadzonych zanieczyszcze\u0144 staje si\u0119 na tyle du\u017ca, \u017ce zatyka wn\u0119trze elementu. To z kolei szybko odbija si\u0119 na pracy ca\u0142ego uk\u0142adu wydechowego, ale r\u00f3wnie\u017c innych podzespo\u0142\u00f3w. Dlatego w takiej sytuacji nale\u017cy mo\u017cliwie szybko dzia\u0142a\u0107 i skorzysta\u0107 z pomocy ekspert\u00f3w. Katalizatory rzadko ulegaj\u0105 zapchaniu, najcz\u0119\u015bciej znajduj\u0105cy si\u0119 w ich wn\u0119trzu wk\u0142ad traci swoje w\u0142a\u015bciwo\u015bci, ilo\u015b\u0107 metali szlachetnych w ich wn\u0119trzu s\u0142abnie. Zapchany filtr czy niesprawny katalizator mo\u017ce nawet unieruchomi\u0107 pojazd, w takim stopniu, \u017ce nie b\u0119dziemy w stanie go uruchomi\u0107.<\/p>\r\n<p><\/p>\r\n<p><\/p>\r\n<p><\/p>\r\n<p><\/p>\r\n<p style=\"text-align: justify;\">Jak odetka\u0107 zapchany element? Tutaj rozwi\u0105zaniem mo\u017ce okaza\u0107 si\u0119 <strong>regeneracja filtr\u00f3w DPF Z\u0142ot\u00f3w<\/strong>. W obydwu przypadkach zasada dzia\u0142ania jest do\u015b\u0107 prosta. W zale\u017cno\u015bci od specyfiki oddanego egzemplarza nale\u017cy wymieni\u0107 jego wk\u0142ad lub przeprowadzi\u0107 specjalne czyszczenie. <strong>Regeneracja katalizator\u00f3w Z\u0142ot\u00f3w<\/strong> polega natomiast na wymianie wk\u0142ad\u00f3w. Wk\u0142ady katalizator\u00f3w s\u0105 elementem, kt\u00f3ry z czasem mo\u017ce straci\u0107 swoje w\u0142a\u015bciwo\u015bci i nie dzia\u0142a\u0107 prawid\u0142owo. Jego naprawa polega na umieszczeniu w katalizatorze nowego, sprawnego wk\u0142adu. Czasami w katalizatorach pojazd\u00f3w z silnikiem diesla pojawiaj\u0105 si\u0119 resztki niespalonej ropy i wtedy nale\u017cy r\u00f3wnie\u017c dokona\u0107 czyszczenie za pomoc\u0105 wymiany wk\u0142ad\u00f3w.<\/p>\r\n<p style=\"text-align: justify;\">Firma Kali\u0144ski specjalizuje si\u0119 w tego typu us\u0142ugach. W naszej siedzibie wykonujemy czyszczenie DPF oraz <strong>czyszczenie katalizator\u00f3w Z\u0142ot\u00f3w.<\/strong> W bardzo wielu przypadkach korzystamy z unikalnej maszyny Hartridge. Jest to wysokiej jako\u015bci sprz\u0119t wykorzystywany w najlepszych firmach! Dzi\u0119ki temu mamy pewno\u015b\u0107, i\u017c <strong>naprawa katalizator\u00f3w Z\u0142ot\u00f3w<\/strong> przebiegnie w\u0142a\u015bciwie, a zregenerowany egzemplarz odzyska pe\u0142n\u0105 sprawno\u015b\u0107 techniczn\u0105.<\/p>\r\n<p style=\"text-align: justify;\"><strong>Regeneracja katalizator\u00f3w oraz regeneracja filtr\u00f3w cz\u0105stek sta\u0142ych Z\u0142ot\u00f3w<\/strong> to dwa bardzo wa\u017cne elementy naszej oferty. Niemniej jako firma Kali\u0144ski prowadzimy tak\u017ce w\u0142asny sklep z cz\u0119\u015bciami samochodowymi do uk\u0142ad\u00f3w wydechowych. Co wi\u0119cej, nasza oferta obejmuje sprzeda\u017c wysy\u0142kow\u0105, dzi\u0119ki czemu mo\u017cemy dotrze\u0107 do kierowc\u00f3w z ca\u0142ej Polski a nawet \u015bwiata. Ju\u017c teraz zach\u0119camy do zapoznania si\u0119 z pe\u0142n\u0105 ofert\u0105 firmy Kali\u0144ski.<\/p>\r\n<p>&nbsp;<\/p>\r\n\t\t<div data-elementor-type=\"wp-post\" data-elementor-id=\"3002\" class=\"elementor elementor-3002\">\n\t\t\t\t\t\t<section class=\"elementor-section elementor-top-section elementor-element elementor-element-cefde73 elementor-section-boxed elementor-section-height-default elementor-section-height-default\" data-id=\"cefde73\" data-element_type=\"section\">\n\t\t\t\t\t\t<div class=\"elementor-container elementor-column-gap-default\">\n\t\t\t\t\t<div class=\"elementor-column elementor-col-100 elementor-top-column elementor-element elementor-element-970e36a\" data-id=\"970e36a\" data-element_type=\"column\">\n\t\t\t<div class=\"elementor-widget-wrap elementor-element-populated\">\n\t\t\t\t\t\t<div class=\"elementor-element elementor-element-6c30b54 elementor-widget elementor-widget-heading\" data-id=\"6c30b54\" data-element_type=\"widget\" data-widget_type=\"heading.default\">\n\t\t\t\t<div class=\"elementor-widget-container\">\n\t\t\t\t\t<h2 class=\"elementor-heading-title elementor-size-default\">Jeste\u015bmy do Twojej dyspozycji<\/h2>\t\t\t\t<\/div>\n\t\t\t\t<\/div>\n\t\t\t\t\t<\/div>\n\t\t<\/div>\n\t\t\t\t\t<\/div>\n\t\t<\/section>\n\t\t\t\t<section class=\"elementor-section elementor-top-section elementor-element elementor-element-f0f0ab2 elementor-section-boxed elementor-section-height-default elementor-section-height-default\" data-id=\"f0f0ab2\" data-element_type=\"section\">\n\t\t\t\t\t\t<div class=\"elementor-container elementor-column-gap-default\">\n\t\t\t\t\t<div class=\"elementor-column elementor-col-50 elementor-top-column elementor-element elementor-element-df75edc\" data-id=\"df75edc\" data-element_type=\"column\">\n\t\t\t<div class=\"elementor-widget-wrap elementor-element-populated\">\n\t\t\t\t\t\t<div class=\"elementor-element elementor-element-5d3129f elementor-position-left elementor-vertical-align-top elementor-widget elementor-widget-image-box\" data-id=\"5d3129f\" data-element_type=\"widget\" data-widget_type=\"image-box.default\">\n\t\t\t\t<div class=\"elementor-widget-container\">\n\t\t\t\t\t<div class=\"elementor-image-box-wrapper\"><figure class=\"elementor-image-box-img\"><img decoding=\"async\" width=\"135\" height=\"141\" src=\"https:\/\/kalinski.pl\/serwis\/wp-content\/uploads\/smateusz.jpg\" class=\"attachment-full size-full wp-image-3005\" alt=\"smateusz\" \/><\/figure><div class=\"elementor-image-box-content\"><h3 class=\"elementor-image-box-title\">Mateusz<\/h3><p class=\"elementor-image-box-description\">Pojazdy osobowe, dostawcze<\/p><\/div><\/div>\t\t\t\t<\/div>\n\t\t\t\t<\/div>\n\t\t\t\t<div class=\"elementor-element elementor-element-ccda357 elementor-widget elementor-widget-text-editor\" data-id=\"ccda357\" data-element_type=\"widget\" data-widget_type=\"text-editor.default\">\n\t\t\t\t<div class=\"elementor-widget-container\">\n\t\t\t\t\t\t\t\t\t<p><a href=\"tel:0048618142777\">+48 61 814 27 77 \/ wew 101<\/a><\/p>\n<p>biuro@kalinski.pl<\/p>\t\t\t\t\t\t\t\t<\/div>\n\t\t\t\t<\/div>\n\t\t\t\t\t<\/div>\n\t\t<\/div>\n\t\t\t\t<div class=\"elementor-column elementor-col-50 elementor-top-column elementor-element elementor-element-6025541\" data-id=\"6025541\" data-element_type=\"column\">\n\t\t\t<div class=\"elementor-widget-wrap elementor-element-populated\">\n\t\t\t\t\t\t<div class=\"elementor-element elementor-element-b645a1a elementor-position-left elementor-vertical-align-top elementor-widget elementor-widget-image-box\" data-id=\"b645a1a\" data-element_type=\"widget\" data-widget_type=\"image-box.default\">\n\t\t\t\t<div class=\"elementor-widget-container\">\n\t\t\t\t\t<div class=\"elementor-image-box-wrapper\"><figure class=\"elementor-image-box-img\"><img decoding=\"async\" width=\"135\" height=\"141\" src=\"https:\/\/kalinski.pl\/serwis\/wp-content\/uploads\/sadam.jpg\" class=\"attachment-full size-full wp-image-3004\" alt=\"sadam\" \/><\/figure><div class=\"elementor-image-box-content\"><h3 class=\"elementor-image-box-title\">Adam<\/h3><p class=\"elementor-image-box-description\">Samochody ci\u0119\u017carowe<\/p><\/div><\/div>\t\t\t\t<\/div>\n\t\t\t\t<\/div>\n\t\t\t\t<div class=\"elementor-element elementor-element-7fa9a86 elementor-widget elementor-widget-text-editor\" data-id=\"7fa9a86\" data-element_type=\"widget\" data-widget_type=\"text-editor.default\">\n\t\t\t\t<div class=\"elementor-widget-container\">\n\t\t\t\t\t\t\t\t\t<p><a href=\"tel:0048618142777\">+48 61 814 27 77 \/ wew 102<\/a><\/p>\n<p>ciezarowe@kalinski.pl<\/p>\t\t\t\t\t\t\t\t<\/div>\n\t\t\t\t<\/div>\n\t\t\t\t\t<\/div>\n\t\t<\/div>\n\t\t\t\t\t<\/div>\n\t\t<\/section>\n\t\t\t\t<\/div>\n\t\t\r\n<p>S\u0142owa kluczowe: regeneracja katalizator\u00f3w Z\u0142ot\u00f3w, czyszczenie katalizatora Z\u0142ot\u00f3w, naprawa katalizatora Z\u0142ot\u00f3w, regeneracja filtr\u00f3w dpf Z\u0142ot\u00f3w, regeneracja filtr\u00f3w cz\u0105stek sta\u0142ych Z\u0142ot\u00f3w<\/p>","protected":false},"excerpt":{"rendered":"<p>Jedn\u0105 z najcz\u0119\u015bciej spotykanych usterek w przypadku filtr\u00f3w DPF jest ich zapchanie, katalizatory natomiast wyczerpuj\u0105 si\u0119. W filtrach DPF dochodzi do sytuacji, kiedy ilo\u015b\u0107 zgromadzonych zanieczyszcze\u0144 staje si\u0119 na tyle du\u017ca, \u017ce zatyka wn\u0119trze elementu. To z kolei szybko odbija si\u0119 na pracy ca\u0142ego uk\u0142adu wydechowego, ale r\u00f3wnie\u017c innych podzespo\u0142\u00f3w. Dlatego w takiej sytuacji nale\u017cy &hellip; <a href=\"https:\/\/kalinski.pl\/serwis\/regeneracja-katalizatorow-i-filtrow-dpf-zlotow\/\" class=\"more-link\">Czytaj dalej<span class=\"screen-reader-text\"> Regeneracja katalizator\u00f3w i filtr\u00f3w DPF Z\u0142ot\u00f3w<\/span><\/a><\/p>\n","protected":false},"author":821795,"featured_media":0,"parent":0,"menu_order":0,"comment_status":"closed","ping_status":"closed","template":"","meta":{"footnotes":""},"class_list":["post-4067","page","type-page","status-publish","hentry"],"yoast_head":"<!-- This site is optimized with the Yoast SEO plugin v26.7 - https:\/\/yoast.com\/wordpress\/plugins\/seo\/ -->\n<title>Regeneracja katalizator\u00f3w i filtr\u00f3w DPF Z\u0142ot\u00f3w | Kali\u0144ski<\/title>\n<meta name=\"description\" content=\"Regeneracja katalizator\u00f3w i filtr\u00f3w DPF Z\u0142ot\u00f3w to us\u0142ugi, kt\u00f3re wykonujemy systematycznie w naszym serwisie lub wysy\u0142kowo.\" \/>\n<meta name=\"robots\" content=\"index, follow, max-snippet:-1, max-image-preview:large, max-video-preview:-1\" \/>\n<link rel=\"canonical\" href=\"https:\/\/kalinski.pl\/serwis\/regeneracja-katalizatorow-i-filtrow-dpf-zlotow\/\" \/>\n<meta property=\"og:locale\" content=\"pl_PL\" \/>\n<meta property=\"og:type\" content=\"article\" \/>\n<meta property=\"og:title\" content=\"Regeneracja katalizator\u00f3w i filtr\u00f3w DPF Z\u0142ot\u00f3w | Kali\u0144ski\" \/>\n<meta property=\"og:description\" content=\"Regeneracja katalizator\u00f3w i filtr\u00f3w DPF Z\u0142ot\u00f3w to us\u0142ugi, kt\u00f3re wykonujemy systematycznie w naszym serwisie lub wysy\u0142kowo.\" \/>\n<meta property=\"og:url\" content=\"https:\/\/kalinski.pl\/serwis\/regeneracja-katalizatorow-i-filtrow-dpf-zlotow\/\" \/>\n<meta property=\"og:site_name\" content=\"Kali\u0144ski\" \/>\n<meta property=\"og:image\" content=\"https:\/\/kalinski.pl\/wp-content\/uploads\/Filtry_Kalinski-1-1110x303.png\" \/>\n<meta name=\"twitter:card\" content=\"summary_large_image\" \/>\n<meta name=\"twitter:label1\" content=\"Szacowany czas czytania\" \/>\n\t<meta name=\"twitter:data1\" content=\"3 minuty\" \/>\n<script type=\"application\/ld+json\" class=\"yoast-schema-graph\">{\"@context\":\"https:\/\/schema.org\",\"@graph\":[{\"@type\":\"WebPage\",\"@id\":\"https:\/\/kalinski.pl\/serwis\/regeneracja-katalizatorow-i-filtrow-dpf-zlotow\/\",\"url\":\"https:\/\/kalinski.pl\/serwis\/regeneracja-katalizatorow-i-filtrow-dpf-zlotow\/\",\"name\":\"Regeneracja katalizator\u00f3w i filtr\u00f3w DPF Z\u0142ot\u00f3w | Kali\u0144ski\",\"isPartOf\":{\"@id\":\"https:\/\/kalinski.pl\/serwis\/#website\"},\"primaryImageOfPage\":{\"@id\":\"https:\/\/kalinski.pl\/serwis\/regeneracja-katalizatorow-i-filtrow-dpf-zlotow\/#primaryimage\"},\"image\":{\"@id\":\"https:\/\/kalinski.pl\/serwis\/regeneracja-katalizatorow-i-filtrow-dpf-zlotow\/#primaryimage\"},\"thumbnailUrl\":\"https:\/\/kalinski.pl\/wp-content\/uploads\/Filtry_Kalinski-1-1110x303.png\",\"datePublished\":\"2022-10-03T07:56:09+00:00\",\"description\":\"Regeneracja katalizator\u00f3w i filtr\u00f3w DPF Z\u0142ot\u00f3w to us\u0142ugi, kt\u00f3re wykonujemy systematycznie w naszym serwisie lub wysy\u0142kowo.\",\"breadcrumb\":{\"@id\":\"https:\/\/kalinski.pl\/serwis\/regeneracja-katalizatorow-i-filtrow-dpf-zlotow\/#breadcrumb\"},\"inLanguage\":\"pl-PL\",\"potentialAction\":[{\"@type\":\"ReadAction\",\"target\":[\"https:\/\/kalinski.pl\/serwis\/regeneracja-katalizatorow-i-filtrow-dpf-zlotow\/\"]}]},{\"@type\":\"ImageObject\",\"inLanguage\":\"pl-PL\",\"@id\":\"https:\/\/kalinski.pl\/serwis\/regeneracja-katalizatorow-i-filtrow-dpf-zlotow\/#primaryimage\",\"url\":\"https:\/\/kalinski.pl\/wp-content\/uploads\/Filtry_Kalinski-1-1110x303.png\",\"contentUrl\":\"https:\/\/kalinski.pl\/wp-content\/uploads\/Filtry_Kalinski-1-1110x303.png\"},{\"@type\":\"BreadcrumbList\",\"@id\":\"https:\/\/kalinski.pl\/serwis\/regeneracja-katalizatorow-i-filtrow-dpf-zlotow\/#breadcrumb\",\"itemListElement\":[{\"@type\":\"ListItem\",\"position\":1,\"name\":\"Strona g\u0142\u00f3wna\",\"item\":\"https:\/\/kalinski.pl\/serwis\/\"},{\"@type\":\"ListItem\",\"position\":2,\"name\":\"Regeneracja katalizator\u00f3w i filtr\u00f3w DPF Z\u0142ot\u00f3w\"}]},{\"@type\":\"WebSite\",\"@id\":\"https:\/\/kalinski.pl\/serwis\/#website\",\"url\":\"https:\/\/kalinski.pl\/serwis\/\",\"name\":\"Kali\u0144ski\",\"description\":\"Uk\u0142ady wydechowe\",\"publisher\":{\"@id\":\"https:\/\/kalinski.pl\/serwis\/#organization\"},\"potentialAction\":[{\"@type\":\"SearchAction\",\"target\":{\"@type\":\"EntryPoint\",\"urlTemplate\":\"https:\/\/kalinski.pl\/serwis\/?s={search_term_string}\"},\"query-input\":{\"@type\":\"PropertyValueSpecification\",\"valueRequired\":true,\"valueName\":\"search_term_string\"}}],\"inLanguage\":\"pl-PL\"},{\"@type\":\"Organization\",\"@id\":\"https:\/\/kalinski.pl\/serwis\/#organization\",\"name\":\"Kali\u0144ski\",\"url\":\"https:\/\/kalinski.pl\/serwis\/\",\"logo\":{\"@type\":\"ImageObject\",\"inLanguage\":\"pl-PL\",\"@id\":\"https:\/\/kalinski.pl\/serwis\/#\/schema\/logo\/image\/\",\"url\":\"https:\/\/kalinski.pl\/serwis\/wp-content\/uploads\/2019\/03\/cropped-logo_white.jpg\",\"contentUrl\":\"https:\/\/kalinski.pl\/serwis\/wp-content\/uploads\/2019\/03\/cropped-logo_white.jpg\",\"width\":240,\"height\":63,\"caption\":\"Kali\u0144ski\"},\"image\":{\"@id\":\"https:\/\/kalinski.pl\/serwis\/#\/schema\/logo\/image\/\"}}]}<\/script>\n<!-- \/ Yoast SEO plugin. -->","yoast_head_json":{"title":"Regeneracja katalizator\u00f3w i filtr\u00f3w DPF Z\u0142ot\u00f3w | Kali\u0144ski","description":"Regeneracja katalizator\u00f3w i filtr\u00f3w DPF Z\u0142ot\u00f3w to us\u0142ugi, kt\u00f3re wykonujemy systematycznie w naszym serwisie lub wysy\u0142kowo.","robots":{"index":"index","follow":"follow","max-snippet":"max-snippet:-1","max-image-preview":"max-image-preview:large","max-video-preview":"max-video-preview:-1"},"canonical":"https:\/\/kalinski.pl\/serwis\/regeneracja-katalizatorow-i-filtrow-dpf-zlotow\/","og_locale":"pl_PL","og_type":"article","og_title":"Regeneracja katalizator\u00f3w i filtr\u00f3w DPF Z\u0142ot\u00f3w | Kali\u0144ski","og_description":"Regeneracja katalizator\u00f3w i filtr\u00f3w DPF Z\u0142ot\u00f3w to us\u0142ugi, kt\u00f3re wykonujemy systematycznie w naszym serwisie lub wysy\u0142kowo.","og_url":"https:\/\/kalinski.pl\/serwis\/regeneracja-katalizatorow-i-filtrow-dpf-zlotow\/","og_site_name":"Kali\u0144ski","og_image":[{"url":"https:\/\/kalinski.pl\/wp-content\/uploads\/Filtry_Kalinski-1-1110x303.png","type":"","width":"","height":""}],"twitter_card":"summary_large_image","twitter_misc":{"Szacowany czas czytania":"3 minuty"},"schema":{"@context":"https:\/\/schema.org","@graph":[{"@type":"WebPage","@id":"https:\/\/kalinski.pl\/serwis\/regeneracja-katalizatorow-i-filtrow-dpf-zlotow\/","url":"https:\/\/kalinski.pl\/serwis\/regeneracja-katalizatorow-i-filtrow-dpf-zlotow\/","name":"Regeneracja katalizator\u00f3w i filtr\u00f3w DPF Z\u0142ot\u00f3w | Kali\u0144ski","isPartOf":{"@id":"https:\/\/kalinski.pl\/serwis\/#website"},"primaryImageOfPage":{"@id":"https:\/\/kalinski.pl\/serwis\/regeneracja-katalizatorow-i-filtrow-dpf-zlotow\/#primaryimage"},"image":{"@id":"https:\/\/kalinski.pl\/serwis\/regeneracja-katalizatorow-i-filtrow-dpf-zlotow\/#primaryimage"},"thumbnailUrl":"https:\/\/kalinski.pl\/wp-content\/uploads\/Filtry_Kalinski-1-1110x303.png","datePublished":"2022-10-03T07:56:09+00:00","description":"Regeneracja katalizator\u00f3w i filtr\u00f3w DPF Z\u0142ot\u00f3w to us\u0142ugi, kt\u00f3re wykonujemy systematycznie w naszym serwisie lub wysy\u0142kowo.","breadcrumb":{"@id":"https:\/\/kalinski.pl\/serwis\/regeneracja-katalizatorow-i-filtrow-dpf-zlotow\/#breadcrumb"},"inLanguage":"pl-PL","potentialAction":[{"@type":"ReadAction","target":["https:\/\/kalinski.pl\/serwis\/regeneracja-katalizatorow-i-filtrow-dpf-zlotow\/"]}]},{"@type":"ImageObject","inLanguage":"pl-PL","@id":"https:\/\/kalinski.pl\/serwis\/regeneracja-katalizatorow-i-filtrow-dpf-zlotow\/#primaryimage","url":"https:\/\/kalinski.pl\/wp-content\/uploads\/Filtry_Kalinski-1-1110x303.png","contentUrl":"https:\/\/kalinski.pl\/wp-content\/uploads\/Filtry_Kalinski-1-1110x303.png"},{"@type":"BreadcrumbList","@id":"https:\/\/kalinski.pl\/serwis\/regeneracja-katalizatorow-i-filtrow-dpf-zlotow\/#breadcrumb","itemListElement":[{"@type":"ListItem","position":1,"name":"Strona g\u0142\u00f3wna","item":"https:\/\/kalinski.pl\/serwis\/"},{"@type":"ListItem","position":2,"name":"Regeneracja katalizator\u00f3w i filtr\u00f3w DPF Z\u0142ot\u00f3w"}]},{"@type":"WebSite","@id":"https:\/\/kalinski.pl\/serwis\/#website","url":"https:\/\/kalinski.pl\/serwis\/","name":"Kali\u0144ski","description":"Uk\u0142ady wydechowe","publisher":{"@id":"https:\/\/kalinski.pl\/serwis\/#organization"},"potentialAction":[{"@type":"SearchAction","target":{"@type":"EntryPoint","urlTemplate":"https:\/\/kalinski.pl\/serwis\/?s={search_term_string}"},"query-input":{"@type":"PropertyValueSpecification","valueRequired":true,"valueName":"search_term_string"}}],"inLanguage":"pl-PL"},{"@type":"Organization","@id":"https:\/\/kalinski.pl\/serwis\/#organization","name":"Kali\u0144ski","url":"https:\/\/kalinski.pl\/serwis\/","logo":{"@type":"ImageObject","inLanguage":"pl-PL","@id":"https:\/\/kalinski.pl\/serwis\/#\/schema\/logo\/image\/","url":"https:\/\/kalinski.pl\/serwis\/wp-content\/uploads\/2019\/03\/cropped-logo_white.jpg","contentUrl":"https:\/\/kalinski.pl\/serwis\/wp-content\/uploads\/2019\/03\/cropped-logo_white.jpg","width":240,"height":63,"caption":"Kali\u0144ski"},"image":{"@id":"https:\/\/kalinski.pl\/serwis\/#\/schema\/logo\/image\/"}}]}},"_links":{"self":[{"href":"https:\/\/kalinski.pl\/serwis\/wp-json\/wp\/v2\/pages\/4067","targetHints":{"allow":["GET"]}}],"collection":[{"href":"https:\/\/kalinski.pl\/serwis\/wp-json\/wp\/v2\/pages"}],"about":[{"href":"https:\/\/kalinski.pl\/serwis\/wp-json\/wp\/v2\/types\/page"}],"author":[{"embeddable":true,"href":"https:\/\/kalinski.pl\/serwis\/wp-json\/wp\/v2\/users\/821795"}],"replies":[{"embeddable":true,"href":"https:\/\/kalinski.pl\/serwis\/wp-json\/wp\/v2\/comments?post=4067"}],"version-history":[{"count":1,"href":"https:\/\/kalinski.pl\/serwis\/wp-json\/wp\/v2\/pages\/4067\/revisions"}],"predecessor-version":[{"id":4068,"href":"https:\/\/kalinski.pl\/serwis\/wp-json\/wp\/v2\/pages\/4067\/revisions\/4068"}],"wp:attachment":[{"href":"https:\/\/kalinski.pl\/serwis\/wp-json\/wp\/v2\/media?parent=4067"}],"curies":[{"name":"wp","href":"https:\/\/api.w.org\/{rel}","templated":true}]}}