{"id":4054,"date":"2022-08-25T12:41:37","date_gmt":"2022-08-25T10:41:37","guid":{"rendered":"https:\/\/kalinski.pl\/?page_id=4054"},"modified":"2022-11-08T11:53:43","modified_gmt":"2022-11-08T10:53:43","slug":"regeneracja-katalizatorow-i-filtrow-dpf-chodziez","status":"publish","type":"page","link":"https:\/\/kalinski.pl\/serwis\/regeneracja-katalizatorow-i-filtrow-dpf-chodziez\/","title":{"rendered":"Regeneracja katalizator\u00f3w i filtr\u00f3w DPF Chodzie\u017c"},"content":{"rendered":"<figure class=\"wp-block-image size-large\"><img fetchpriority=\"high\" decoding=\"async\" width=\"1110\" height=\"303\" class=\"wp-image-1568\" src=\"https:\/\/kalinski.pl\/wp-content\/uploads\/Filtry_Kalinski-1-1110x303.png\" alt=\"\" \/><\/figure>\r\n<p><!-- \/wp:image --><\/p>\r\n<p><!-- wp:tadv\/classic-paragraph --><\/p>\r\n<p style=\"text: align:justify; margin-top: 25px;\">Chodzie\u017c jest miastem po\u0142o\u017conym praktycznie w samym sercu w\u0119z\u0142a komunikacyjnego \u0142\u0105cz\u0105cego Wielkopolsk\u0119 z Pomorzem. W\u0142a\u015bnie dlatego w tym mie\u015bcie oraz pobliskich gminach dzia\u0142a wiele firm transportowych. Dla ka\u017cdego takiego przedsi\u0119biorstwa podstawowym aspektem prowadzonej dzia\u0142alno\u015bci musi by\u0107 sprawna flota pojazd\u00f3w. Niestety, bardzo intensywna eksploatacja takich aut mo\u017ce znacz\u0105co skr\u00f3ci\u0107 \u017cywotno\u015b\u0107 niekt\u00f3rych podzespo\u0142\u00f3w.<\/p>\r\n<p><!-- \/wp:tadv\/classic-paragraph --><\/p>\r\n<p><!-- wp:html --><\/p>\r\n<p><!-- \/wp:html --><\/p>\r\n<p><!-- wp:tadv\/classic-paragraph --><\/p>\r\n<p style=\"text-align: justify;\">Dlatego jako uznana firma w bran\u017cy uk\u0142ad\u00f3w wydechowych firma Kali\u0144ski oferuje Pa\u0144stwu dost\u0119p do profesjonalnych us\u0142ug serwisowych. Jednym z najwa\u017cniejszych element\u00f3w ca\u0142ej naszej oferty jest <strong>regeneracja katalizator\u00f3w Chodzie\u017c <\/strong>oraz<strong> regeneracja filtr\u00f3w DPF Chodzie\u017c.<\/strong><\/p>\r\n<p style=\"text-align: justify;\">Obydwie te us\u0142ugi wymagaj\u0105 nie tylko do\u015bwiadczenia, ale tak\u017ce odpowiedniego sprz\u0119tu. W kwestii takiej us\u0142ugi jak <strong>czyszczenie katalizator\u00f3w Chodzie\u017c,<\/strong> najwa\u017cniejsza jest dobra diagnostyka. Nie ka\u017cdy katalizator nadaje si\u0119 do regeneracji. Je\u015bli nie ma uszkodze\u0144 mechanicznych regeneracja polega na wymianie wk\u0142ad\u00f3w, kt\u00f3re znajduj\u0105 si\u0119 we wn\u0119trzu cz\u0119\u015bci. W ten spos\u00f3b przeprowadzona <strong>naprawa katalizator\u00f3w Chodzie\u017c <\/strong>przynosi po\u017c\u0105dane efekty i zyskujemy praktycznie pe\u0142n\u0105 sprawno\u015b\u0107.<\/p>\r\n<p><strong>Regeneracja filtr\u00f3w cz\u0105stek sta\u0142ych Chodzie\u017c<\/strong> to kolejna wa\u017cna us\u0142uga w naszej ofercie. W tym przypadku bardzo cz\u0119sto korzystamy ze specjalistycznej maszyny Hartridge. Jest to profesjonalny sprz\u0119t, kt\u00f3ry doskonale sprawdza si\u0119 w przypadku regeneracji filtr\u00f3w DPF. Przy u\u017cyciu tej maszyny mo\u017cemy wydmucha\u0107 powsta\u0142e zanieczyszczenia. Je\u015bli nie przynosi to po\u017c\u0105danego skutku dodatkowo wypalamy filtry w specjalnym piecu, poluzowuj\u0105c sadz\u0119, kt\u00f3ra kolejny raz jest wydmuchiwana.<\/p>\r\n<p>Nasz warsztat mie\u015bci si\u0119 w Chybach, czyli oko\u0142o godziny drogi od Chodzie\u017cy. Klienci, kt\u00f3rzy chc\u0105 nas odwiedzi\u0107 musza jecha\u0107 si\u0119 w kierunku Poznania i w najbli\u017cszej okolicy uda\u0107 si\u0119 na drog\u0119 ekspresow\u0105 S-11.<\/p>\r\n<p>&nbsp;<\/p>\r\n\t\t<div data-elementor-type=\"wp-post\" data-elementor-id=\"3002\" class=\"elementor elementor-3002\">\n\t\t\t\t\t\t<section class=\"elementor-section elementor-top-section elementor-element elementor-element-cefde73 elementor-section-boxed elementor-section-height-default elementor-section-height-default\" data-id=\"cefde73\" data-element_type=\"section\">\n\t\t\t\t\t\t<div class=\"elementor-container elementor-column-gap-default\">\n\t\t\t\t\t<div class=\"elementor-column elementor-col-100 elementor-top-column elementor-element elementor-element-970e36a\" data-id=\"970e36a\" data-element_type=\"column\">\n\t\t\t<div class=\"elementor-widget-wrap elementor-element-populated\">\n\t\t\t\t\t\t<div class=\"elementor-element elementor-element-6c30b54 elementor-widget elementor-widget-heading\" data-id=\"6c30b54\" data-element_type=\"widget\" data-widget_type=\"heading.default\">\n\t\t\t\t<div class=\"elementor-widget-container\">\n\t\t\t\t\t<h2 class=\"elementor-heading-title elementor-size-default\">Jeste\u015bmy do Twojej dyspozycji<\/h2>\t\t\t\t<\/div>\n\t\t\t\t<\/div>\n\t\t\t\t\t<\/div>\n\t\t<\/div>\n\t\t\t\t\t<\/div>\n\t\t<\/section>\n\t\t\t\t<section class=\"elementor-section elementor-top-section elementor-element elementor-element-f0f0ab2 elementor-section-boxed elementor-section-height-default elementor-section-height-default\" data-id=\"f0f0ab2\" data-element_type=\"section\">\n\t\t\t\t\t\t<div class=\"elementor-container elementor-column-gap-default\">\n\t\t\t\t\t<div class=\"elementor-column elementor-col-50 elementor-top-column elementor-element elementor-element-df75edc\" data-id=\"df75edc\" data-element_type=\"column\">\n\t\t\t<div class=\"elementor-widget-wrap elementor-element-populated\">\n\t\t\t\t\t\t<div class=\"elementor-element elementor-element-5d3129f elementor-position-left elementor-vertical-align-top elementor-widget elementor-widget-image-box\" data-id=\"5d3129f\" data-element_type=\"widget\" data-widget_type=\"image-box.default\">\n\t\t\t\t<div class=\"elementor-widget-container\">\n\t\t\t\t\t<div class=\"elementor-image-box-wrapper\"><figure class=\"elementor-image-box-img\"><img decoding=\"async\" width=\"135\" height=\"141\" src=\"https:\/\/kalinski.pl\/serwis\/wp-content\/uploads\/smateusz.jpg\" class=\"attachment-full size-full wp-image-3005\" alt=\"smateusz\" \/><\/figure><div class=\"elementor-image-box-content\"><h3 class=\"elementor-image-box-title\">Mateusz<\/h3><p class=\"elementor-image-box-description\">Pojazdy osobowe, dostawcze<\/p><\/div><\/div>\t\t\t\t<\/div>\n\t\t\t\t<\/div>\n\t\t\t\t<div class=\"elementor-element elementor-element-ccda357 elementor-widget elementor-widget-text-editor\" data-id=\"ccda357\" data-element_type=\"widget\" data-widget_type=\"text-editor.default\">\n\t\t\t\t<div class=\"elementor-widget-container\">\n\t\t\t\t\t\t\t\t\t<p><a href=\"tel:0048618142777\">+48 61 814 27 77 \/ wew 101<\/a><\/p>\n<p>biuro@kalinski.pl<\/p>\t\t\t\t\t\t\t\t<\/div>\n\t\t\t\t<\/div>\n\t\t\t\t\t<\/div>\n\t\t<\/div>\n\t\t\t\t<div class=\"elementor-column elementor-col-50 elementor-top-column elementor-element elementor-element-6025541\" data-id=\"6025541\" data-element_type=\"column\">\n\t\t\t<div class=\"elementor-widget-wrap elementor-element-populated\">\n\t\t\t\t\t\t<div class=\"elementor-element elementor-element-b645a1a elementor-position-left elementor-vertical-align-top elementor-widget elementor-widget-image-box\" data-id=\"b645a1a\" data-element_type=\"widget\" data-widget_type=\"image-box.default\">\n\t\t\t\t<div class=\"elementor-widget-container\">\n\t\t\t\t\t<div class=\"elementor-image-box-wrapper\"><figure class=\"elementor-image-box-img\"><img decoding=\"async\" width=\"135\" height=\"141\" src=\"https:\/\/kalinski.pl\/serwis\/wp-content\/uploads\/sadam.jpg\" class=\"attachment-full size-full wp-image-3004\" alt=\"sadam\" \/><\/figure><div class=\"elementor-image-box-content\"><h3 class=\"elementor-image-box-title\">Adam<\/h3><p class=\"elementor-image-box-description\">Samochody ci\u0119\u017carowe<\/p><\/div><\/div>\t\t\t\t<\/div>\n\t\t\t\t<\/div>\n\t\t\t\t<div class=\"elementor-element elementor-element-7fa9a86 elementor-widget elementor-widget-text-editor\" data-id=\"7fa9a86\" data-element_type=\"widget\" data-widget_type=\"text-editor.default\">\n\t\t\t\t<div class=\"elementor-widget-container\">\n\t\t\t\t\t\t\t\t\t<p><a href=\"tel:0048618142777\">+48 61 814 27 77 \/ wew 102<\/a><\/p>\n<p>ciezarowe@kalinski.pl<\/p>\t\t\t\t\t\t\t\t<\/div>\n\t\t\t\t<\/div>\n\t\t\t\t\t<\/div>\n\t\t<\/div>\n\t\t\t\t\t<\/div>\n\t\t<\/section>\n\t\t\t\t<\/div>\n\t\t\r\n<p>S\u0142owa kluczowe: S\u0142owa kluczowe: regeneracja katalizator\u00f3w Chodzie\u017c, czyszczenie katalizatora Chodzie\u017c, naprawa katalizatora Chodzie\u017c, regeneracja filtr\u00f3w dpf Chodzie\u017c, regeneracja filtr\u00f3w cz\u0105stek sta\u0142ych Chodzie\u017c<\/p>","protected":false},"excerpt":{"rendered":"<p>Chodzie\u017c jest miastem po\u0142o\u017conym praktycznie w samym sercu w\u0119z\u0142a komunikacyjnego \u0142\u0105cz\u0105cego Wielkopolsk\u0119 z Pomorzem. W\u0142a\u015bnie dlatego w tym mie\u015bcie oraz pobliskich gminach dzia\u0142a wiele firm transportowych. Dla ka\u017cdego takiego przedsi\u0119biorstwa podstawowym aspektem prowadzonej dzia\u0142alno\u015bci musi by\u0107 sprawna flota pojazd\u00f3w. Niestety, bardzo intensywna eksploatacja takich aut mo\u017ce znacz\u0105co skr\u00f3ci\u0107 \u017cywotno\u015b\u0107 niekt\u00f3rych podzespo\u0142\u00f3w. Dlatego jako uznana firma &hellip; <a href=\"https:\/\/kalinski.pl\/serwis\/regeneracja-katalizatorow-i-filtrow-dpf-chodziez\/\" class=\"more-link\">Czytaj dalej<span class=\"screen-reader-text\"> Regeneracja katalizator\u00f3w i filtr\u00f3w DPF Chodzie\u017c<\/span><\/a><\/p>\n","protected":false},"author":821795,"featured_media":0,"parent":0,"menu_order":0,"comment_status":"closed","ping_status":"closed","template":"","meta":{"footnotes":""},"class_list":["post-4054","page","type-page","status-publish","hentry"],"yoast_head":"<!-- This site is optimized with the Yoast SEO plugin v26.7 - https:\/\/yoast.com\/wordpress\/plugins\/seo\/ -->\n<title>Regeneracja katalizator\u00f3w i filtr\u00f3w DPF Chodzie\u017c | Kali\u0144ski<\/title>\n<meta name=\"description\" content=\"Chodzie\u017c to jedno z pobliskich miast, w kt\u00f3rym prowadzimy us\u0142ugi z zakresu regeneracja katalizator\u00f3w i filtr\u00f3w DPF Chodzie\u017c\" \/>\n<meta name=\"robots\" content=\"index, follow, max-snippet:-1, max-image-preview:large, max-video-preview:-1\" \/>\n<link rel=\"canonical\" href=\"https:\/\/kalinski.pl\/serwis\/regeneracja-katalizatorow-i-filtrow-dpf-chodziez\/\" \/>\n<meta property=\"og:locale\" content=\"pl_PL\" \/>\n<meta property=\"og:type\" content=\"article\" \/>\n<meta property=\"og:title\" content=\"Regeneracja katalizator\u00f3w i filtr\u00f3w DPF Chodzie\u017c | Kali\u0144ski\" \/>\n<meta property=\"og:description\" content=\"Chodzie\u017c to jedno z pobliskich miast, w kt\u00f3rym prowadzimy us\u0142ugi z zakresu regeneracja katalizator\u00f3w i filtr\u00f3w DPF Chodzie\u017c\" \/>\n<meta property=\"og:url\" content=\"https:\/\/kalinski.pl\/serwis\/regeneracja-katalizatorow-i-filtrow-dpf-chodziez\/\" \/>\n<meta property=\"og:site_name\" content=\"Kali\u0144ski\" \/>\n<meta property=\"article:modified_time\" content=\"2022-11-08T10:53:43+00:00\" \/>\n<meta property=\"og:image\" content=\"https:\/\/kalinski.pl\/wp-content\/uploads\/Filtry_Kalinski-1-1110x303.png\" \/>\n<meta name=\"twitter:card\" content=\"summary_large_image\" \/>\n<meta name=\"twitter:label1\" content=\"Szacowany czas czytania\" \/>\n\t<meta name=\"twitter:data1\" content=\"3 minuty\" \/>\n<script type=\"application\/ld+json\" class=\"yoast-schema-graph\">{\"@context\":\"https:\/\/schema.org\",\"@graph\":[{\"@type\":\"WebPage\",\"@id\":\"https:\/\/kalinski.pl\/serwis\/regeneracja-katalizatorow-i-filtrow-dpf-chodziez\/\",\"url\":\"https:\/\/kalinski.pl\/serwis\/regeneracja-katalizatorow-i-filtrow-dpf-chodziez\/\",\"name\":\"Regeneracja katalizator\u00f3w i filtr\u00f3w DPF Chodzie\u017c | Kali\u0144ski\",\"isPartOf\":{\"@id\":\"https:\/\/kalinski.pl\/serwis\/#website\"},\"primaryImageOfPage\":{\"@id\":\"https:\/\/kalinski.pl\/serwis\/regeneracja-katalizatorow-i-filtrow-dpf-chodziez\/#primaryimage\"},\"image\":{\"@id\":\"https:\/\/kalinski.pl\/serwis\/regeneracja-katalizatorow-i-filtrow-dpf-chodziez\/#primaryimage\"},\"thumbnailUrl\":\"https:\/\/kalinski.pl\/wp-content\/uploads\/Filtry_Kalinski-1-1110x303.png\",\"datePublished\":\"2022-08-25T10:41:37+00:00\",\"dateModified\":\"2022-11-08T10:53:43+00:00\",\"description\":\"Chodzie\u017c to jedno z pobliskich miast, w kt\u00f3rym prowadzimy us\u0142ugi z zakresu regeneracja katalizator\u00f3w i filtr\u00f3w DPF Chodzie\u017c\",\"breadcrumb\":{\"@id\":\"https:\/\/kalinski.pl\/serwis\/regeneracja-katalizatorow-i-filtrow-dpf-chodziez\/#breadcrumb\"},\"inLanguage\":\"pl-PL\",\"potentialAction\":[{\"@type\":\"ReadAction\",\"target\":[\"https:\/\/kalinski.pl\/serwis\/regeneracja-katalizatorow-i-filtrow-dpf-chodziez\/\"]}]},{\"@type\":\"ImageObject\",\"inLanguage\":\"pl-PL\",\"@id\":\"https:\/\/kalinski.pl\/serwis\/regeneracja-katalizatorow-i-filtrow-dpf-chodziez\/#primaryimage\",\"url\":\"https:\/\/kalinski.pl\/wp-content\/uploads\/Filtry_Kalinski-1-1110x303.png\",\"contentUrl\":\"https:\/\/kalinski.pl\/wp-content\/uploads\/Filtry_Kalinski-1-1110x303.png\"},{\"@type\":\"BreadcrumbList\",\"@id\":\"https:\/\/kalinski.pl\/serwis\/regeneracja-katalizatorow-i-filtrow-dpf-chodziez\/#breadcrumb\",\"itemListElement\":[{\"@type\":\"ListItem\",\"position\":1,\"name\":\"Strona g\u0142\u00f3wna\",\"item\":\"https:\/\/kalinski.pl\/serwis\/\"},{\"@type\":\"ListItem\",\"position\":2,\"name\":\"Regeneracja katalizator\u00f3w i filtr\u00f3w DPF Chodzie\u017c\"}]},{\"@type\":\"WebSite\",\"@id\":\"https:\/\/kalinski.pl\/serwis\/#website\",\"url\":\"https:\/\/kalinski.pl\/serwis\/\",\"name\":\"Kali\u0144ski\",\"description\":\"Uk\u0142ady wydechowe\",\"publisher\":{\"@id\":\"https:\/\/kalinski.pl\/serwis\/#organization\"},\"potentialAction\":[{\"@type\":\"SearchAction\",\"target\":{\"@type\":\"EntryPoint\",\"urlTemplate\":\"https:\/\/kalinski.pl\/serwis\/?s={search_term_string}\"},\"query-input\":{\"@type\":\"PropertyValueSpecification\",\"valueRequired\":true,\"valueName\":\"search_term_string\"}}],\"inLanguage\":\"pl-PL\"},{\"@type\":\"Organization\",\"@id\":\"https:\/\/kalinski.pl\/serwis\/#organization\",\"name\":\"Kali\u0144ski\",\"url\":\"https:\/\/kalinski.pl\/serwis\/\",\"logo\":{\"@type\":\"ImageObject\",\"inLanguage\":\"pl-PL\",\"@id\":\"https:\/\/kalinski.pl\/serwis\/#\/schema\/logo\/image\/\",\"url\":\"https:\/\/kalinski.pl\/serwis\/wp-content\/uploads\/2019\/03\/cropped-logo_white.jpg\",\"contentUrl\":\"https:\/\/kalinski.pl\/serwis\/wp-content\/uploads\/2019\/03\/cropped-logo_white.jpg\",\"width\":240,\"height\":63,\"caption\":\"Kali\u0144ski\"},\"image\":{\"@id\":\"https:\/\/kalinski.pl\/serwis\/#\/schema\/logo\/image\/\"}}]}<\/script>\n<!-- \/ Yoast SEO plugin. -->","yoast_head_json":{"title":"Regeneracja katalizator\u00f3w i filtr\u00f3w DPF Chodzie\u017c | Kali\u0144ski","description":"Chodzie\u017c to jedno z pobliskich miast, w kt\u00f3rym prowadzimy us\u0142ugi z zakresu regeneracja katalizator\u00f3w i filtr\u00f3w DPF Chodzie\u017c","robots":{"index":"index","follow":"follow","max-snippet":"max-snippet:-1","max-image-preview":"max-image-preview:large","max-video-preview":"max-video-preview:-1"},"canonical":"https:\/\/kalinski.pl\/serwis\/regeneracja-katalizatorow-i-filtrow-dpf-chodziez\/","og_locale":"pl_PL","og_type":"article","og_title":"Regeneracja katalizator\u00f3w i filtr\u00f3w DPF Chodzie\u017c | Kali\u0144ski","og_description":"Chodzie\u017c to jedno z pobliskich miast, w kt\u00f3rym prowadzimy us\u0142ugi z zakresu regeneracja katalizator\u00f3w i filtr\u00f3w DPF Chodzie\u017c","og_url":"https:\/\/kalinski.pl\/serwis\/regeneracja-katalizatorow-i-filtrow-dpf-chodziez\/","og_site_name":"Kali\u0144ski","article_modified_time":"2022-11-08T10:53:43+00:00","og_image":[{"url":"https:\/\/kalinski.pl\/wp-content\/uploads\/Filtry_Kalinski-1-1110x303.png","type":"","width":"","height":""}],"twitter_card":"summary_large_image","twitter_misc":{"Szacowany czas czytania":"3 minuty"},"schema":{"@context":"https:\/\/schema.org","@graph":[{"@type":"WebPage","@id":"https:\/\/kalinski.pl\/serwis\/regeneracja-katalizatorow-i-filtrow-dpf-chodziez\/","url":"https:\/\/kalinski.pl\/serwis\/regeneracja-katalizatorow-i-filtrow-dpf-chodziez\/","name":"Regeneracja katalizator\u00f3w i filtr\u00f3w DPF Chodzie\u017c | Kali\u0144ski","isPartOf":{"@id":"https:\/\/kalinski.pl\/serwis\/#website"},"primaryImageOfPage":{"@id":"https:\/\/kalinski.pl\/serwis\/regeneracja-katalizatorow-i-filtrow-dpf-chodziez\/#primaryimage"},"image":{"@id":"https:\/\/kalinski.pl\/serwis\/regeneracja-katalizatorow-i-filtrow-dpf-chodziez\/#primaryimage"},"thumbnailUrl":"https:\/\/kalinski.pl\/wp-content\/uploads\/Filtry_Kalinski-1-1110x303.png","datePublished":"2022-08-25T10:41:37+00:00","dateModified":"2022-11-08T10:53:43+00:00","description":"Chodzie\u017c to jedno z pobliskich miast, w kt\u00f3rym prowadzimy us\u0142ugi z zakresu regeneracja katalizator\u00f3w i filtr\u00f3w DPF Chodzie\u017c","breadcrumb":{"@id":"https:\/\/kalinski.pl\/serwis\/regeneracja-katalizatorow-i-filtrow-dpf-chodziez\/#breadcrumb"},"inLanguage":"pl-PL","potentialAction":[{"@type":"ReadAction","target":["https:\/\/kalinski.pl\/serwis\/regeneracja-katalizatorow-i-filtrow-dpf-chodziez\/"]}]},{"@type":"ImageObject","inLanguage":"pl-PL","@id":"https:\/\/kalinski.pl\/serwis\/regeneracja-katalizatorow-i-filtrow-dpf-chodziez\/#primaryimage","url":"https:\/\/kalinski.pl\/wp-content\/uploads\/Filtry_Kalinski-1-1110x303.png","contentUrl":"https:\/\/kalinski.pl\/wp-content\/uploads\/Filtry_Kalinski-1-1110x303.png"},{"@type":"BreadcrumbList","@id":"https:\/\/kalinski.pl\/serwis\/regeneracja-katalizatorow-i-filtrow-dpf-chodziez\/#breadcrumb","itemListElement":[{"@type":"ListItem","position":1,"name":"Strona g\u0142\u00f3wna","item":"https:\/\/kalinski.pl\/serwis\/"},{"@type":"ListItem","position":2,"name":"Regeneracja katalizator\u00f3w i filtr\u00f3w DPF Chodzie\u017c"}]},{"@type":"WebSite","@id":"https:\/\/kalinski.pl\/serwis\/#website","url":"https:\/\/kalinski.pl\/serwis\/","name":"Kali\u0144ski","description":"Uk\u0142ady wydechowe","publisher":{"@id":"https:\/\/kalinski.pl\/serwis\/#organization"},"potentialAction":[{"@type":"SearchAction","target":{"@type":"EntryPoint","urlTemplate":"https:\/\/kalinski.pl\/serwis\/?s={search_term_string}"},"query-input":{"@type":"PropertyValueSpecification","valueRequired":true,"valueName":"search_term_string"}}],"inLanguage":"pl-PL"},{"@type":"Organization","@id":"https:\/\/kalinski.pl\/serwis\/#organization","name":"Kali\u0144ski","url":"https:\/\/kalinski.pl\/serwis\/","logo":{"@type":"ImageObject","inLanguage":"pl-PL","@id":"https:\/\/kalinski.pl\/serwis\/#\/schema\/logo\/image\/","url":"https:\/\/kalinski.pl\/serwis\/wp-content\/uploads\/2019\/03\/cropped-logo_white.jpg","contentUrl":"https:\/\/kalinski.pl\/serwis\/wp-content\/uploads\/2019\/03\/cropped-logo_white.jpg","width":240,"height":63,"caption":"Kali\u0144ski"},"image":{"@id":"https:\/\/kalinski.pl\/serwis\/#\/schema\/logo\/image\/"}}]}},"_links":{"self":[{"href":"https:\/\/kalinski.pl\/serwis\/wp-json\/wp\/v2\/pages\/4054","targetHints":{"allow":["GET"]}}],"collection":[{"href":"https:\/\/kalinski.pl\/serwis\/wp-json\/wp\/v2\/pages"}],"about":[{"href":"https:\/\/kalinski.pl\/serwis\/wp-json\/wp\/v2\/types\/page"}],"author":[{"embeddable":true,"href":"https:\/\/kalinski.pl\/serwis\/wp-json\/wp\/v2\/users\/821795"}],"replies":[{"embeddable":true,"href":"https:\/\/kalinski.pl\/serwis\/wp-json\/wp\/v2\/comments?post=4054"}],"version-history":[{"count":5,"href":"https:\/\/kalinski.pl\/serwis\/wp-json\/wp\/v2\/pages\/4054\/revisions"}],"predecessor-version":[{"id":4105,"href":"https:\/\/kalinski.pl\/serwis\/wp-json\/wp\/v2\/pages\/4054\/revisions\/4105"}],"wp:attachment":[{"href":"https:\/\/kalinski.pl\/serwis\/wp-json\/wp\/v2\/media?parent=4054"}],"curies":[{"name":"wp","href":"https:\/\/api.w.org\/{rel}","templated":true}]}}