{"id":4050,"date":"2022-08-25T12:24:45","date_gmt":"2022-08-25T10:24:45","guid":{"rendered":"https:\/\/kalinski.pl\/?page_id=4050"},"modified":"2022-10-03T09:04:49","modified_gmt":"2022-10-03T07:04:49","slug":"regeneracja-katalizatorow-i-filtrow-dpf-szamotuly","status":"publish","type":"page","link":"https:\/\/kalinski.pl\/serwis\/regeneracja-katalizatorow-i-filtrow-dpf-szamotuly\/","title":{"rendered":"Regeneracja katalizator\u00f3w i filtr\u00f3w DPF Szamotu\u0142y"},"content":{"rendered":"<p><\/p>\r\n<figure class=\"wp-block-image size-large\"><img fetchpriority=\"high\" decoding=\"async\" width=\"1110\" height=\"303\" class=\"wp-image-1568\" src=\"https:\/\/kalinski.pl\/wp-content\/uploads\/Filtry_Kalinski-1-1110x303.png\" alt=\"\" \/><\/figure>\r\n<p><\/p>\r\n<p><\/p>\r\n<p style=\"text: align:justify; margin-top: 25px;\">Prawid\u0142owa praca uk\u0142adu wydechowego jest istotna z kilku powod\u00f3w. Po pierwsze, gwarantuje ona poprawne dzia\u0142anie silnika. Po drugie, sprawnie dzia\u0142aj\u0105cy katalizator oraz filtr DPF pozwala na utrzymanie okre\u015blonych norm emisji spalin. Po trzecie, wychwytywanie zanieczyszcze\u0144 jest bardzo wa\u017cne pod wzgl\u0119dem ochrony \u015brodowiska.<\/p>\r\n<p><\/p>\r\n<p><\/p>\r\n<p><\/p>\r\n<p><\/p>\r\n<p style=\"text-align: justify;\">Z tego wzgl\u0119du jako firma Kali\u0144ski wprowadzili\u015bmy do naszej oferty profesjonalne us\u0142ugi w zakresie konserwacji takich element\u00f3w. Jedn\u0105 z nich jest <strong>regeneracja katalizator\u00f3w Szamotu\u0142y.<\/strong> W wielu przypadkach powsta\u0142y problem mo\u017cna rozwi\u0105za\u0107 poprzez wymian\u0119 wk\u0142adu znajduj\u0105cego si\u0119 we wn\u0119trzu zapchanego egzemplarza. Taka <strong>naprawa katalizator\u00f3w Szamotu\u0142y<\/strong> rozwi\u0105zuje zaistnia\u0142\u0105 usterk\u0119. Je\u015bli jednak inne firmy proponuj\u0105 Wam <strong>czyszczenie katalizator\u00f3w Szamotu\u0142y,<\/strong> szczeg\u00f3lnie za pomoc\u0105 wody to musicie uwa\u017ca\u0107. Katalizatory nie s\u0105 przelotowe a to oznacza, \u017ce stanowi\u0105 system kanalik\u00f3w zamkni\u0119tych a wlana w katalizator substancja mo\u017ce tam pozosta\u0107 i sprawi\u0107, \u017ce element bardzo szybko zapcha si\u0119 ponownie.<\/p>\r\n<p style=\"text-align: justify;\"><strong>Regeneracja filtr\u00f3w cz\u0105stek sta\u0142ych Szamotu\u0142y<\/strong> r\u00f3wnie\u017c mo\u017ce zosta\u0107 przeprowadzona na kilka sposob\u00f3w. My do regeneracji filtr\u00f3w wykorzystujemy z profesjonaln\u0105 maszyn\u0119 brytyjskiej marki Hartridge. Wysoka efektywno\u015b\u0107 dzia\u0142ania tej maszyny sprawia, \u017ce jeste\u015bmy w stanie poradzi\u0107 sobie nawet z bardzo trudnymi przypadkami. Dzi\u0119ki temu <strong>regeneracja filtr\u00f3w DPF Szamotu\u0142y<\/strong> staje si\u0119 idealn\u0105 alternatyw\u0105 dla zakupu nowego egzemplarza. U\u017cywaj\u0105c Hartridga wydmuchujemy lub wypalamy zanieczyszczenia. Niekiedy r\u00f3wnie\u017c dochodzi do zmiany wk\u0142ad\u00f3w w filtrach DPF.<\/p>\r\n<p style=\"text-align: justify;\">Nasza oferta jest skierowana zar\u00f3wno do mieszka\u0144c\u00f3w Szamotu\u0142, jak i innych polskich miast. Z tego wzgl\u0119du mo\u017cemy zach\u0119ci\u0107 wszystkich kierowc\u00f3w do skorzystania z naszych us\u0142ug. Ze wzgl\u0119du na blisko\u015b\u0107 Szamotu\u0142 do naszej siedziby zach\u0119camy do odwiedzin naszej firmy. Opr\u00f3cz obs\u0142ugi klient\u00f3w stacjonarnie realizujemy r\u00f3wnie\u017c sprzeda\u017c a nawet regeneracj\u0119 i wysy\u0142kow\u0105 dostaw\u0119 produktu.<\/p>\r\n<p>&nbsp;<\/p>\r\n\t\t<div data-elementor-type=\"wp-post\" data-elementor-id=\"3002\" class=\"elementor elementor-3002\">\n\t\t\t\t\t\t<section class=\"elementor-section elementor-top-section elementor-element elementor-element-cefde73 elementor-section-boxed elementor-section-height-default elementor-section-height-default\" data-id=\"cefde73\" data-element_type=\"section\">\n\t\t\t\t\t\t<div class=\"elementor-container elementor-column-gap-default\">\n\t\t\t\t\t<div class=\"elementor-column elementor-col-100 elementor-top-column elementor-element elementor-element-970e36a\" data-id=\"970e36a\" data-element_type=\"column\">\n\t\t\t<div class=\"elementor-widget-wrap elementor-element-populated\">\n\t\t\t\t\t\t<div class=\"elementor-element elementor-element-6c30b54 elementor-widget elementor-widget-heading\" data-id=\"6c30b54\" data-element_type=\"widget\" data-widget_type=\"heading.default\">\n\t\t\t\t<div class=\"elementor-widget-container\">\n\t\t\t\t\t<h2 class=\"elementor-heading-title elementor-size-default\">Jeste\u015bmy do Twojej dyspozycji<\/h2>\t\t\t\t<\/div>\n\t\t\t\t<\/div>\n\t\t\t\t\t<\/div>\n\t\t<\/div>\n\t\t\t\t\t<\/div>\n\t\t<\/section>\n\t\t\t\t<section class=\"elementor-section elementor-top-section elementor-element elementor-element-f0f0ab2 elementor-section-boxed elementor-section-height-default elementor-section-height-default\" data-id=\"f0f0ab2\" data-element_type=\"section\">\n\t\t\t\t\t\t<div class=\"elementor-container elementor-column-gap-default\">\n\t\t\t\t\t<div class=\"elementor-column elementor-col-50 elementor-top-column elementor-element elementor-element-df75edc\" data-id=\"df75edc\" data-element_type=\"column\">\n\t\t\t<div class=\"elementor-widget-wrap elementor-element-populated\">\n\t\t\t\t\t\t<div class=\"elementor-element elementor-element-5d3129f elementor-position-left elementor-vertical-align-top elementor-widget elementor-widget-image-box\" data-id=\"5d3129f\" data-element_type=\"widget\" data-widget_type=\"image-box.default\">\n\t\t\t\t<div class=\"elementor-widget-container\">\n\t\t\t\t\t<div class=\"elementor-image-box-wrapper\"><figure class=\"elementor-image-box-img\"><img decoding=\"async\" width=\"135\" height=\"141\" src=\"https:\/\/kalinski.pl\/serwis\/wp-content\/uploads\/smateusz.jpg\" class=\"attachment-full size-full wp-image-3005\" alt=\"smateusz\" \/><\/figure><div class=\"elementor-image-box-content\"><h3 class=\"elementor-image-box-title\">Mateusz<\/h3><p class=\"elementor-image-box-description\">Pojazdy osobowe, dostawcze<\/p><\/div><\/div>\t\t\t\t<\/div>\n\t\t\t\t<\/div>\n\t\t\t\t<div class=\"elementor-element elementor-element-ccda357 elementor-widget elementor-widget-text-editor\" data-id=\"ccda357\" data-element_type=\"widget\" data-widget_type=\"text-editor.default\">\n\t\t\t\t<div class=\"elementor-widget-container\">\n\t\t\t\t\t\t\t\t\t<p><a href=\"tel:0048618142777\">+48 61 814 27 77 \/ wew 101<\/a><\/p>\n<p>biuro@kalinski.pl<\/p>\t\t\t\t\t\t\t\t<\/div>\n\t\t\t\t<\/div>\n\t\t\t\t\t<\/div>\n\t\t<\/div>\n\t\t\t\t<div class=\"elementor-column elementor-col-50 elementor-top-column elementor-element elementor-element-6025541\" data-id=\"6025541\" data-element_type=\"column\">\n\t\t\t<div class=\"elementor-widget-wrap elementor-element-populated\">\n\t\t\t\t\t\t<div class=\"elementor-element elementor-element-b645a1a elementor-position-left elementor-vertical-align-top elementor-widget elementor-widget-image-box\" data-id=\"b645a1a\" data-element_type=\"widget\" data-widget_type=\"image-box.default\">\n\t\t\t\t<div class=\"elementor-widget-container\">\n\t\t\t\t\t<div class=\"elementor-image-box-wrapper\"><figure class=\"elementor-image-box-img\"><img decoding=\"async\" width=\"135\" height=\"141\" src=\"https:\/\/kalinski.pl\/serwis\/wp-content\/uploads\/sadam.jpg\" class=\"attachment-full size-full wp-image-3004\" alt=\"sadam\" \/><\/figure><div class=\"elementor-image-box-content\"><h3 class=\"elementor-image-box-title\">Adam<\/h3><p class=\"elementor-image-box-description\">Samochody ci\u0119\u017carowe<\/p><\/div><\/div>\t\t\t\t<\/div>\n\t\t\t\t<\/div>\n\t\t\t\t<div class=\"elementor-element elementor-element-7fa9a86 elementor-widget elementor-widget-text-editor\" data-id=\"7fa9a86\" data-element_type=\"widget\" data-widget_type=\"text-editor.default\">\n\t\t\t\t<div class=\"elementor-widget-container\">\n\t\t\t\t\t\t\t\t\t<p><a href=\"tel:0048618142777\">+48 61 814 27 77 \/ wew 102<\/a><\/p>\n<p>ciezarowe@kalinski.pl<\/p>\t\t\t\t\t\t\t\t<\/div>\n\t\t\t\t<\/div>\n\t\t\t\t\t<\/div>\n\t\t<\/div>\n\t\t\t\t\t<\/div>\n\t\t<\/section>\n\t\t\t\t<\/div>\n\t\t\r\n<p>S\u0142owa kluczowe: regeneracja katalizator\u00f3w Szamotu\u0142y, czyszczenie katalizatora Szamotu\u0142y, naprawa katalizatora Szamotu\u0142y, regeneracja filtr\u00f3w dpf Szamotu\u0142y, regeneracja filtr\u00f3w cz\u0105stek sta\u0142ych Szamotu\u0142y<\/p>","protected":false},"excerpt":{"rendered":"<p>Prawid\u0142owa praca uk\u0142adu wydechowego jest istotna z kilku powod\u00f3w. Po pierwsze, gwarantuje ona poprawne dzia\u0142anie silnika. Po drugie, sprawnie dzia\u0142aj\u0105cy katalizator oraz filtr DPF pozwala na utrzymanie okre\u015blonych norm emisji spalin. Po trzecie, wychwytywanie zanieczyszcze\u0144 jest bardzo wa\u017cne pod wzgl\u0119dem ochrony \u015brodowiska. Z tego wzgl\u0119du jako firma Kali\u0144ski wprowadzili\u015bmy do naszej oferty profesjonalne us\u0142ugi w &hellip; <a href=\"https:\/\/kalinski.pl\/serwis\/regeneracja-katalizatorow-i-filtrow-dpf-szamotuly\/\" class=\"more-link\">Czytaj dalej<span class=\"screen-reader-text\"> Regeneracja katalizator\u00f3w i filtr\u00f3w DPF Szamotu\u0142y<\/span><\/a><\/p>\n","protected":false},"author":821795,"featured_media":0,"parent":0,"menu_order":0,"comment_status":"closed","ping_status":"closed","template":"","meta":{"footnotes":""},"class_list":["post-4050","page","type-page","status-publish","hentry"],"yoast_head":"<!-- This site is optimized with the Yoast SEO plugin v26.7 - https:\/\/yoast.com\/wordpress\/plugins\/seo\/ -->\n<title>Regeneracja katalizator\u00f3w i filtr\u00f3w DPF Szamotu\u0142y | Kali\u0144ski<\/title>\n<meta name=\"description\" content=\"Z racji blisko\u015bci do Szamotu\u0142 naturalnym wydaje si\u0119 realizacja przez nas us\u0142ug typu regeneracja katalizator\u00f3w i filtr\u00f3w DPF Szamotu\u0142y.\" \/>\n<meta name=\"robots\" content=\"index, follow, max-snippet:-1, max-image-preview:large, max-video-preview:-1\" \/>\n<link rel=\"canonical\" href=\"https:\/\/kalinski.pl\/serwis\/regeneracja-katalizatorow-i-filtrow-dpf-szamotuly\/\" \/>\n<meta property=\"og:locale\" content=\"pl_PL\" \/>\n<meta property=\"og:type\" content=\"article\" \/>\n<meta property=\"og:title\" content=\"Regeneracja katalizator\u00f3w i filtr\u00f3w DPF Szamotu\u0142y | Kali\u0144ski\" \/>\n<meta property=\"og:description\" content=\"Z racji blisko\u015bci do Szamotu\u0142 naturalnym wydaje si\u0119 realizacja przez nas us\u0142ug typu regeneracja katalizator\u00f3w i filtr\u00f3w DPF Szamotu\u0142y.\" \/>\n<meta property=\"og:url\" content=\"https:\/\/kalinski.pl\/serwis\/regeneracja-katalizatorow-i-filtrow-dpf-szamotuly\/\" \/>\n<meta property=\"og:site_name\" content=\"Kali\u0144ski\" \/>\n<meta property=\"article:modified_time\" content=\"2022-10-03T07:04:49+00:00\" \/>\n<meta property=\"og:image\" content=\"https:\/\/kalinski.pl\/wp-content\/uploads\/Filtry_Kalinski-1-1110x303.png\" \/>\n<meta name=\"twitter:card\" content=\"summary_large_image\" \/>\n<meta name=\"twitter:label1\" content=\"Szacowany czas czytania\" \/>\n\t<meta name=\"twitter:data1\" content=\"2 minuty\" \/>\n<script type=\"application\/ld+json\" class=\"yoast-schema-graph\">{\"@context\":\"https:\/\/schema.org\",\"@graph\":[{\"@type\":\"WebPage\",\"@id\":\"https:\/\/kalinski.pl\/serwis\/regeneracja-katalizatorow-i-filtrow-dpf-szamotuly\/\",\"url\":\"https:\/\/kalinski.pl\/serwis\/regeneracja-katalizatorow-i-filtrow-dpf-szamotuly\/\",\"name\":\"Regeneracja katalizator\u00f3w i filtr\u00f3w DPF Szamotu\u0142y | Kali\u0144ski\",\"isPartOf\":{\"@id\":\"https:\/\/kalinski.pl\/serwis\/#website\"},\"primaryImageOfPage\":{\"@id\":\"https:\/\/kalinski.pl\/serwis\/regeneracja-katalizatorow-i-filtrow-dpf-szamotuly\/#primaryimage\"},\"image\":{\"@id\":\"https:\/\/kalinski.pl\/serwis\/regeneracja-katalizatorow-i-filtrow-dpf-szamotuly\/#primaryimage\"},\"thumbnailUrl\":\"https:\/\/kalinski.pl\/wp-content\/uploads\/Filtry_Kalinski-1-1110x303.png\",\"datePublished\":\"2022-08-25T10:24:45+00:00\",\"dateModified\":\"2022-10-03T07:04:49+00:00\",\"description\":\"Z racji blisko\u015bci do Szamotu\u0142 naturalnym wydaje si\u0119 realizacja przez nas us\u0142ug typu regeneracja katalizator\u00f3w i filtr\u00f3w DPF Szamotu\u0142y.\",\"breadcrumb\":{\"@id\":\"https:\/\/kalinski.pl\/serwis\/regeneracja-katalizatorow-i-filtrow-dpf-szamotuly\/#breadcrumb\"},\"inLanguage\":\"pl-PL\",\"potentialAction\":[{\"@type\":\"ReadAction\",\"target\":[\"https:\/\/kalinski.pl\/serwis\/regeneracja-katalizatorow-i-filtrow-dpf-szamotuly\/\"]}]},{\"@type\":\"ImageObject\",\"inLanguage\":\"pl-PL\",\"@id\":\"https:\/\/kalinski.pl\/serwis\/regeneracja-katalizatorow-i-filtrow-dpf-szamotuly\/#primaryimage\",\"url\":\"https:\/\/kalinski.pl\/wp-content\/uploads\/Filtry_Kalinski-1-1110x303.png\",\"contentUrl\":\"https:\/\/kalinski.pl\/wp-content\/uploads\/Filtry_Kalinski-1-1110x303.png\"},{\"@type\":\"BreadcrumbList\",\"@id\":\"https:\/\/kalinski.pl\/serwis\/regeneracja-katalizatorow-i-filtrow-dpf-szamotuly\/#breadcrumb\",\"itemListElement\":[{\"@type\":\"ListItem\",\"position\":1,\"name\":\"Strona g\u0142\u00f3wna\",\"item\":\"https:\/\/kalinski.pl\/serwis\/\"},{\"@type\":\"ListItem\",\"position\":2,\"name\":\"Regeneracja katalizator\u00f3w i filtr\u00f3w DPF Szamotu\u0142y\"}]},{\"@type\":\"WebSite\",\"@id\":\"https:\/\/kalinski.pl\/serwis\/#website\",\"url\":\"https:\/\/kalinski.pl\/serwis\/\",\"name\":\"Kali\u0144ski\",\"description\":\"Uk\u0142ady wydechowe\",\"publisher\":{\"@id\":\"https:\/\/kalinski.pl\/serwis\/#organization\"},\"potentialAction\":[{\"@type\":\"SearchAction\",\"target\":{\"@type\":\"EntryPoint\",\"urlTemplate\":\"https:\/\/kalinski.pl\/serwis\/?s={search_term_string}\"},\"query-input\":{\"@type\":\"PropertyValueSpecification\",\"valueRequired\":true,\"valueName\":\"search_term_string\"}}],\"inLanguage\":\"pl-PL\"},{\"@type\":\"Organization\",\"@id\":\"https:\/\/kalinski.pl\/serwis\/#organization\",\"name\":\"Kali\u0144ski\",\"url\":\"https:\/\/kalinski.pl\/serwis\/\",\"logo\":{\"@type\":\"ImageObject\",\"inLanguage\":\"pl-PL\",\"@id\":\"https:\/\/kalinski.pl\/serwis\/#\/schema\/logo\/image\/\",\"url\":\"https:\/\/kalinski.pl\/serwis\/wp-content\/uploads\/2019\/03\/cropped-logo_white.jpg\",\"contentUrl\":\"https:\/\/kalinski.pl\/serwis\/wp-content\/uploads\/2019\/03\/cropped-logo_white.jpg\",\"width\":240,\"height\":63,\"caption\":\"Kali\u0144ski\"},\"image\":{\"@id\":\"https:\/\/kalinski.pl\/serwis\/#\/schema\/logo\/image\/\"}}]}<\/script>\n<!-- \/ Yoast SEO plugin. -->","yoast_head_json":{"title":"Regeneracja katalizator\u00f3w i filtr\u00f3w DPF Szamotu\u0142y | Kali\u0144ski","description":"Z racji blisko\u015bci do Szamotu\u0142 naturalnym wydaje si\u0119 realizacja przez nas us\u0142ug typu regeneracja katalizator\u00f3w i filtr\u00f3w DPF Szamotu\u0142y.","robots":{"index":"index","follow":"follow","max-snippet":"max-snippet:-1","max-image-preview":"max-image-preview:large","max-video-preview":"max-video-preview:-1"},"canonical":"https:\/\/kalinski.pl\/serwis\/regeneracja-katalizatorow-i-filtrow-dpf-szamotuly\/","og_locale":"pl_PL","og_type":"article","og_title":"Regeneracja katalizator\u00f3w i filtr\u00f3w DPF Szamotu\u0142y | Kali\u0144ski","og_description":"Z racji blisko\u015bci do Szamotu\u0142 naturalnym wydaje si\u0119 realizacja przez nas us\u0142ug typu regeneracja katalizator\u00f3w i filtr\u00f3w DPF Szamotu\u0142y.","og_url":"https:\/\/kalinski.pl\/serwis\/regeneracja-katalizatorow-i-filtrow-dpf-szamotuly\/","og_site_name":"Kali\u0144ski","article_modified_time":"2022-10-03T07:04:49+00:00","og_image":[{"url":"https:\/\/kalinski.pl\/wp-content\/uploads\/Filtry_Kalinski-1-1110x303.png","type":"","width":"","height":""}],"twitter_card":"summary_large_image","twitter_misc":{"Szacowany czas czytania":"2 minuty"},"schema":{"@context":"https:\/\/schema.org","@graph":[{"@type":"WebPage","@id":"https:\/\/kalinski.pl\/serwis\/regeneracja-katalizatorow-i-filtrow-dpf-szamotuly\/","url":"https:\/\/kalinski.pl\/serwis\/regeneracja-katalizatorow-i-filtrow-dpf-szamotuly\/","name":"Regeneracja katalizator\u00f3w i filtr\u00f3w DPF Szamotu\u0142y | Kali\u0144ski","isPartOf":{"@id":"https:\/\/kalinski.pl\/serwis\/#website"},"primaryImageOfPage":{"@id":"https:\/\/kalinski.pl\/serwis\/regeneracja-katalizatorow-i-filtrow-dpf-szamotuly\/#primaryimage"},"image":{"@id":"https:\/\/kalinski.pl\/serwis\/regeneracja-katalizatorow-i-filtrow-dpf-szamotuly\/#primaryimage"},"thumbnailUrl":"https:\/\/kalinski.pl\/wp-content\/uploads\/Filtry_Kalinski-1-1110x303.png","datePublished":"2022-08-25T10:24:45+00:00","dateModified":"2022-10-03T07:04:49+00:00","description":"Z racji blisko\u015bci do Szamotu\u0142 naturalnym wydaje si\u0119 realizacja przez nas us\u0142ug typu regeneracja katalizator\u00f3w i filtr\u00f3w DPF Szamotu\u0142y.","breadcrumb":{"@id":"https:\/\/kalinski.pl\/serwis\/regeneracja-katalizatorow-i-filtrow-dpf-szamotuly\/#breadcrumb"},"inLanguage":"pl-PL","potentialAction":[{"@type":"ReadAction","target":["https:\/\/kalinski.pl\/serwis\/regeneracja-katalizatorow-i-filtrow-dpf-szamotuly\/"]}]},{"@type":"ImageObject","inLanguage":"pl-PL","@id":"https:\/\/kalinski.pl\/serwis\/regeneracja-katalizatorow-i-filtrow-dpf-szamotuly\/#primaryimage","url":"https:\/\/kalinski.pl\/wp-content\/uploads\/Filtry_Kalinski-1-1110x303.png","contentUrl":"https:\/\/kalinski.pl\/wp-content\/uploads\/Filtry_Kalinski-1-1110x303.png"},{"@type":"BreadcrumbList","@id":"https:\/\/kalinski.pl\/serwis\/regeneracja-katalizatorow-i-filtrow-dpf-szamotuly\/#breadcrumb","itemListElement":[{"@type":"ListItem","position":1,"name":"Strona g\u0142\u00f3wna","item":"https:\/\/kalinski.pl\/serwis\/"},{"@type":"ListItem","position":2,"name":"Regeneracja katalizator\u00f3w i filtr\u00f3w DPF Szamotu\u0142y"}]},{"@type":"WebSite","@id":"https:\/\/kalinski.pl\/serwis\/#website","url":"https:\/\/kalinski.pl\/serwis\/","name":"Kali\u0144ski","description":"Uk\u0142ady wydechowe","publisher":{"@id":"https:\/\/kalinski.pl\/serwis\/#organization"},"potentialAction":[{"@type":"SearchAction","target":{"@type":"EntryPoint","urlTemplate":"https:\/\/kalinski.pl\/serwis\/?s={search_term_string}"},"query-input":{"@type":"PropertyValueSpecification","valueRequired":true,"valueName":"search_term_string"}}],"inLanguage":"pl-PL"},{"@type":"Organization","@id":"https:\/\/kalinski.pl\/serwis\/#organization","name":"Kali\u0144ski","url":"https:\/\/kalinski.pl\/serwis\/","logo":{"@type":"ImageObject","inLanguage":"pl-PL","@id":"https:\/\/kalinski.pl\/serwis\/#\/schema\/logo\/image\/","url":"https:\/\/kalinski.pl\/serwis\/wp-content\/uploads\/2019\/03\/cropped-logo_white.jpg","contentUrl":"https:\/\/kalinski.pl\/serwis\/wp-content\/uploads\/2019\/03\/cropped-logo_white.jpg","width":240,"height":63,"caption":"Kali\u0144ski"},"image":{"@id":"https:\/\/kalinski.pl\/serwis\/#\/schema\/logo\/image\/"}}]}},"_links":{"self":[{"href":"https:\/\/kalinski.pl\/serwis\/wp-json\/wp\/v2\/pages\/4050","targetHints":{"allow":["GET"]}}],"collection":[{"href":"https:\/\/kalinski.pl\/serwis\/wp-json\/wp\/v2\/pages"}],"about":[{"href":"https:\/\/kalinski.pl\/serwis\/wp-json\/wp\/v2\/types\/page"}],"author":[{"embeddable":true,"href":"https:\/\/kalinski.pl\/serwis\/wp-json\/wp\/v2\/users\/821795"}],"replies":[{"embeddable":true,"href":"https:\/\/kalinski.pl\/serwis\/wp-json\/wp\/v2\/comments?post=4050"}],"version-history":[{"count":5,"href":"https:\/\/kalinski.pl\/serwis\/wp-json\/wp\/v2\/pages\/4050\/revisions"}],"predecessor-version":[{"id":4056,"href":"https:\/\/kalinski.pl\/serwis\/wp-json\/wp\/v2\/pages\/4050\/revisions\/4056"}],"wp:attachment":[{"href":"https:\/\/kalinski.pl\/serwis\/wp-json\/wp\/v2\/media?parent=4050"}],"curies":[{"name":"wp","href":"https:\/\/api.w.org\/{rel}","templated":true}]}}