{"id":4005,"date":"2022-02-22T14:20:30","date_gmt":"2022-02-22T13:20:30","guid":{"rendered":"https:\/\/kalinski.pl\/?page_id=4005"},"modified":"2026-03-06T08:15:58","modified_gmt":"2026-03-06T07:15:58","slug":"regeneracja-katalizatorow-maszyn-rolniczych-2","status":"publish","type":"page","link":"https:\/\/kalinski.pl\/serwis\/regeneracja-katalizatorow-maszyn-rolniczych-2\/","title":{"rendered":"Regeneracja katalizator\u00f3w maszyn rolniczych"},"content":{"rendered":"<div class=\"katalizatory_png\"><img decoding=\"async\" class=\"alignnone size-full wp-image-3960\" src=\"https:\/\/kalinski.pl\/wp-content\/uploads\/bud1.jpg\" alt=\"\" width=\"1100\" height=\"350\" \/><\/div>\n<div class=\"odstepy_strona\">\n<p>Ka\u017cda osoba prowadz\u0105ca gospodarstwo rolne z pewno\u015bci\u0105 posiada w\u0142asne maszyny u\u017cytkowe. Ze wzgl\u0119d\u00f3w ekonomicznych maszyny rolnicze co do zasady s\u0105 wyposa\u017cone w silniki wysokopr\u0119\u017cne. Jest to bardzo op\u0142acalne i praktyczne rozwi\u0105zanie, ale pojazdy z silnikami diesla wymagaj\u0105 regularnego serwisowania. W przeciwnym wypadku ich intensywna eksploatacja (np. podczas \u017cniw) mo\u017ce prowadzi\u0107 do pojawienia si\u0119 usterek.<\/p>\n<p>Je\u017celi chodzi o uk\u0142ad silnikowo-wydechowego, jednym z cz\u0119stszych problem\u00f3w jest nieprawid\u0142owe dzia\u0142anie katalizatora. Jak wiadomo, element ten odpowiada za filtrowanie spalin. Natomiast przy wysokiej eksploatacji silnika w katalizatorze mo\u017ce odk\u0142ada\u0107 si\u0119 wyj\u0105tkowo du\u017ca ilo\u015b\u0107 zanieczyszcze\u0144. Ich obecno\u015b\u0107 zacznie zmniejsza\u0107 efektywno\u015b\u0107 filtrowania paliwa, a z czasem najprawdopodobniej spowoduje ca\u0142kowite zapchanie katalizatora. Je\u015bli do tego dojdzie, konieczna b\u0119dzie szybka interwencja.<\/p>\n<p>W takich sytuacjach najlepszym rozwi\u0105zaniem okazuje si\u0119 <strong>regeneracja katalizator\u00f3w maszyn rolniczych<\/strong>. Dzi\u0119ki niej mo\u017cna szybko usun\u0105\u0107 nadmiar zanieczyszcze\u0144 skumulowanych we wn\u0119trzu tego elementu. Co istotne, wyb\u00f3r odpowiedniej metody regeneracji jest pod tym wzgl\u0119dem kluczowy. Najcz\u0119\u015bciej wystarczaj\u0105cym rozwi\u0105zaniem okazuje si\u0119<strong> czyszczenie katalizator\u00f3w maszyn rolniczych.<\/strong> Najskuteczniejszym sposobem <strong>czyszczenia katalizator\u00f3w maszyn rolniczych<\/strong> jest wymiana wk\u0142ad\u00f3w na nowe. Nasza us\u0142uga polega na wymontowaniu katalizatora i podmianie starego, zapchanego wk\u0142adu ceramicznego czy metalowego na nowy, w pe\u0142ni sprawny. Wykonana us\u0142uga przywraca sprawno\u015b\u0107 katalizatora.<\/p>\n<p>Je\u017celi chodzi o cen\u0119 zakupu nowego katalizatora, jest ona stosunkowo wysoka. Do tego nale\u017cy doliczy\u0107 r\u00f3wnie\u017c koszty zwi\u0105zane z wymian\u0105 tego elementu. Dlatego w ostatecznym rozrachunku<strong> naprawa katalizator\u00f3w maszyn rolniczych<\/strong> jest bardzo oszcz\u0119dn\u0105 alternatyw\u0105. Warto zatem poleci\u0107 t\u0119 us\u0142ug\u0119 wszystkim w\u0142a\u015bcicielom gospodarstw rolnych. Je\u017celi maj\u0105 Pa\u0144stwo jakiekolwiek pytania dotycz\u0105ce przebiegu regeneracji, ch\u0119tnie na nie odpowiemy. W tym celu prosimy o kontakt z nasz\u0105 firm\u0105.W naszej firmie zajmujemy si\u0119 filtrami DPF i katalizatorami do traktor\u00f3w, ci\u0105gnik\u00f3w siod\u0142owych, kombajn\u00f3w, siewnik\u00f3w, sieczkarni itp.<\/p>\n<p>&nbsp;<\/p>\n<div class=\"kontakt_frame_main\">\n\n<div class=\"su-posts su-posts-single-post \">\n\n\t\t\t\t\t\t\n\t\t\t\n\t\t\t<div id=\"su-post-2432\" class=\"su-post \">\n\t\t\t\t<h1 class=\"su-post-title\">kontakt Adam Czuprys<\/h1>\n\t\t\t\t<div class=\"su-post-meta\">\n\t\t\t\t\tOpublikowano:\n\t\t\t\t\t5 pa\u017adziernika 2020\t\t\t\t\t\t\t\t\t<\/div>\n\t\t\t\t<div class=\"su-post-content\">\n\t\t\t\t\t\t\t<div data-elementor-type=\"wp-post\" data-elementor-id=\"2432\" class=\"elementor elementor-2432\">\n\t\t\t\t\t\t<section class=\"elementor-section elementor-top-section elementor-element elementor-element-dbfcb36 elementor-section-boxed elementor-section-height-default elementor-section-height-default\" data-id=\"dbfcb36\" data-element_type=\"section\">\n\t\t\t\t\t\t<div class=\"elementor-container elementor-column-gap-default\">\n\t\t\t\t\t<div class=\"elementor-column elementor-col-100 elementor-top-column elementor-element elementor-element-53877ea\" data-id=\"53877ea\" data-element_type=\"column\">\n\t\t\t<div class=\"elementor-widget-wrap elementor-element-populated\">\n\t\t\t\t\t\t<div class=\"elementor-element elementor-element-6b95a6c h3_kontakt elementor-widget elementor-widget-heading\" data-id=\"6b95a6c\" data-element_type=\"widget\" data-widget_type=\"heading.default\">\n\t\t\t\t<div class=\"elementor-widget-container\">\n\t\t\t\t\t<h3 class=\"elementor-heading-title elementor-size-default\">Pojazdy ci\u0119\u017carowe<\/h3>\t\t\t\t<\/div>\n\t\t\t\t<\/div>\n\t\t\t\t\t<\/div>\n\t\t<\/div>\n\t\t\t\t\t<\/div>\n\t\t<\/section>\n\t\t\t\t<section class=\"elementor-section elementor-top-section elementor-element elementor-element-31735a1 elementor-section-boxed elementor-section-height-default elementor-section-height-default\" data-id=\"31735a1\" data-element_type=\"section\">\n\t\t\t\t\t\t<div class=\"elementor-container elementor-column-gap-default\">\n\t\t\t\t\t<div class=\"elementor-column elementor-col-100 elementor-top-column elementor-element elementor-element-d982bb9\" data-id=\"d982bb9\" data-element_type=\"column\">\n\t\t\t<div class=\"elementor-widget-wrap elementor-element-populated\">\n\t\t\t\t\t\t<div class=\"elementor-element elementor-element-70c08d8 elementor-position-left elementor-widget__width-initial member-name elementor-vertical-align-top elementor-widget elementor-widget-image-box\" data-id=\"70c08d8\" data-element_type=\"widget\" data-widget_type=\"image-box.default\">\n\t\t\t\t<div class=\"elementor-widget-container\">\n\t\t\t\t\t<div class=\"elementor-image-box-wrapper\"><figure class=\"elementor-image-box-img\"><img fetchpriority=\"high\" fetchpriority=\"high\" decoding=\"async\" width=\"400\" height=\"400\" src=\"https:\/\/kalinski.pl\/serwis\/wp-content\/uploads\/kk_adamczuprys.jpg\" class=\"attachment-full size-full wp-image-4728\" alt=\"kk adamczuprys\" \/><\/figure><div class=\"elementor-image-box-content\"><h3 class=\"elementor-image-box-title\">Adam Czuprys<\/h3><p class=\"elementor-image-box-description\"><div class=\"member-role\">Menad\u017cer dzia\u0142u ci\u0119\u017carowego<\/div>\n<div class=\"member-contact\">\n<a href=\"tel:+48618142777\">+48 61 814 27 77 wew. 102<\/a><br>\n<a href=\"tel:+48667343343\">Mob. 667 343 343<\/a><br>\nciezarowe@kalinski.pl\n<\/div><\/p><\/div><\/div>\t\t\t\t<\/div>\n\t\t\t\t<\/div>\n\t\t\t\t\t<\/div>\n\t\t<\/div>\n\t\t\t\t\t<\/div>\n\t\t<\/section>\n\t\t\t\t<\/div>\n\t\t\t\t\t\t<\/div>\n\t\t\t<\/div>\n\n\t\t\t\t\n<\/div>\n<\/div>\n<p>S\u0142owa kluczowe: regeneracja katalizator\u00f3w maszyn budowlanych, naprawa katalizator\u00f3w maszyn budowlanych, czyszczenie katalizator\u00f3w maszyn budowlanych.<\/p>\n<\/div>\n","protected":false},"excerpt":{"rendered":"<p>Ka\u017cda osoba prowadz\u0105ca gospodarstwo rolne z pewno\u015bci\u0105 posiada w\u0142asne maszyny u\u017cytkowe. Ze wzgl\u0119d\u00f3w ekonomicznych maszyny rolnicze co do zasady s\u0105 wyposa\u017cone w silniki wysokopr\u0119\u017cne. Jest to bardzo op\u0142acalne i praktyczne rozwi\u0105zanie, ale pojazdy z silnikami diesla wymagaj\u0105 regularnego serwisowania. W przeciwnym wypadku ich intensywna eksploatacja (np. podczas \u017cniw) mo\u017ce prowadzi\u0107 do pojawienia si\u0119 usterek. Je\u017celi &hellip; <a href=\"https:\/\/kalinski.pl\/serwis\/uslugi-adam-ciezarowe\/\" class=\"more-link\">Czytaj dalej<span class=\"screen-reader-text\"> kontakt Adam Czuprys<\/span><\/a><\/p>\n","protected":false},"author":821795,"featured_media":0,"parent":0,"menu_order":0,"comment_status":"closed","ping_status":"closed","template":"","meta":{"footnotes":""},"class_list":["post-4005","page","type-page","status-publish","hentry"],"yoast_head":"<!-- This site is optimized with the Yoast SEO plugin v26.7 - https:\/\/yoast.com\/wordpress\/plugins\/seo\/ -->\n<title>Regeneracja katalizator\u00f3w maszyn rolniczych | Kali\u0144ski<\/title>\n<meta name=\"robots\" content=\"index, follow, max-snippet:-1, max-image-preview:large, max-video-preview:-1\" \/>\n<link rel=\"canonical\" href=\"https:\/\/kalinski.pl\/serwis\/regeneracja-katalizatorow-maszyn-rolniczych-2\/\" \/>\n<meta property=\"og:locale\" content=\"pl_PL\" \/>\n<meta property=\"og:type\" content=\"article\" \/>\n<meta property=\"og:title\" content=\"Regeneracja katalizator\u00f3w maszyn rolniczych | Kali\u0144ski\" \/>\n<meta property=\"og:description\" content=\"Ka\u017cda osoba prowadz\u0105ca gospodarstwo rolne z pewno\u015bci\u0105 posiada w\u0142asne maszyny u\u017cytkowe. Ze wzgl\u0119d\u00f3w ekonomicznych maszyny rolnicze co do zasady s\u0105 wyposa\u017cone w silniki wysokopr\u0119\u017cne. Jest to bardzo op\u0142acalne i praktyczne rozwi\u0105zanie, ale pojazdy z silnikami diesla wymagaj\u0105 regularnego serwisowania. W przeciwnym wypadku ich intensywna eksploatacja (np. podczas \u017cniw) mo\u017ce prowadzi\u0107 do pojawienia si\u0119 usterek. Je\u017celi &hellip; Czytaj dalej kontakt Adam Czuprys\" \/>\n<meta property=\"og:url\" content=\"https:\/\/kalinski.pl\/serwis\/regeneracja-katalizatorow-maszyn-rolniczych-2\/\" \/>\n<meta property=\"og:site_name\" content=\"Kali\u0144ski\" \/>\n<meta property=\"article:modified_time\" content=\"2026-03-06T07:15:58+00:00\" \/>\n<meta property=\"og:image\" content=\"https:\/\/kalinski.pl\/serwis\/wp-content\/uploads\/bud1.jpg\" \/>\n\t<meta property=\"og:image:width\" content=\"1100\" \/>\n\t<meta property=\"og:image:height\" content=\"350\" \/>\n\t<meta property=\"og:image:type\" content=\"image\/jpeg\" \/>\n<meta name=\"twitter:card\" content=\"summary_large_image\" \/>\n<meta name=\"twitter:label1\" content=\"Szacowany czas czytania\" \/>\n\t<meta name=\"twitter:data1\" content=\"2 minuty\" \/>\n<script type=\"application\/ld+json\" class=\"yoast-schema-graph\">{\"@context\":\"https:\/\/schema.org\",\"@graph\":[{\"@type\":\"WebPage\",\"@id\":\"https:\/\/kalinski.pl\/serwis\/regeneracja-katalizatorow-maszyn-rolniczych-2\/\",\"url\":\"https:\/\/kalinski.pl\/serwis\/regeneracja-katalizatorow-maszyn-rolniczych-2\/\",\"name\":\"Regeneracja katalizator\u00f3w maszyn rolniczych | Kali\u0144ski\",\"isPartOf\":{\"@id\":\"https:\/\/kalinski.pl\/serwis\/#website\"},\"primaryImageOfPage\":{\"@id\":\"https:\/\/kalinski.pl\/serwis\/regeneracja-katalizatorow-maszyn-rolniczych-2\/#primaryimage\"},\"image\":{\"@id\":\"https:\/\/kalinski.pl\/serwis\/regeneracja-katalizatorow-maszyn-rolniczych-2\/#primaryimage\"},\"thumbnailUrl\":\"https:\/\/kalinski.pl\/wp-content\/uploads\/bud1.jpg\",\"datePublished\":\"2022-02-22T13:20:30+00:00\",\"dateModified\":\"2026-03-06T07:15:58+00:00\",\"breadcrumb\":{\"@id\":\"https:\/\/kalinski.pl\/serwis\/regeneracja-katalizatorow-maszyn-rolniczych-2\/#breadcrumb\"},\"inLanguage\":\"pl-PL\",\"potentialAction\":[{\"@type\":\"ReadAction\",\"target\":[\"https:\/\/kalinski.pl\/serwis\/regeneracja-katalizatorow-maszyn-rolniczych-2\/\"]}]},{\"@type\":\"ImageObject\",\"inLanguage\":\"pl-PL\",\"@id\":\"https:\/\/kalinski.pl\/serwis\/regeneracja-katalizatorow-maszyn-rolniczych-2\/#primaryimage\",\"url\":\"https:\/\/kalinski.pl\/wp-content\/uploads\/bud1.jpg\",\"contentUrl\":\"https:\/\/kalinski.pl\/wp-content\/uploads\/bud1.jpg\"},{\"@type\":\"BreadcrumbList\",\"@id\":\"https:\/\/kalinski.pl\/serwis\/regeneracja-katalizatorow-maszyn-rolniczych-2\/#breadcrumb\",\"itemListElement\":[{\"@type\":\"ListItem\",\"position\":1,\"name\":\"Strona g\u0142\u00f3wna\",\"item\":\"https:\/\/kalinski.pl\/serwis\/\"},{\"@type\":\"ListItem\",\"position\":2,\"name\":\"Regeneracja katalizator\u00f3w maszyn rolniczych\"}]},{\"@type\":\"WebSite\",\"@id\":\"https:\/\/kalinski.pl\/serwis\/#website\",\"url\":\"https:\/\/kalinski.pl\/serwis\/\",\"name\":\"Kali\u0144ski\",\"description\":\"Uk\u0142ady wydechowe\",\"publisher\":{\"@id\":\"https:\/\/kalinski.pl\/serwis\/#organization\"},\"potentialAction\":[{\"@type\":\"SearchAction\",\"target\":{\"@type\":\"EntryPoint\",\"urlTemplate\":\"https:\/\/kalinski.pl\/serwis\/?s={search_term_string}\"},\"query-input\":{\"@type\":\"PropertyValueSpecification\",\"valueRequired\":true,\"valueName\":\"search_term_string\"}}],\"inLanguage\":\"pl-PL\"},{\"@type\":\"Organization\",\"@id\":\"https:\/\/kalinski.pl\/serwis\/#organization\",\"name\":\"Kali\u0144ski\",\"url\":\"https:\/\/kalinski.pl\/serwis\/\",\"logo\":{\"@type\":\"ImageObject\",\"inLanguage\":\"pl-PL\",\"@id\":\"https:\/\/kalinski.pl\/serwis\/#\/schema\/logo\/image\/\",\"url\":\"https:\/\/kalinski.pl\/serwis\/wp-content\/uploads\/2019\/03\/cropped-logo_white.jpg\",\"contentUrl\":\"https:\/\/kalinski.pl\/serwis\/wp-content\/uploads\/2019\/03\/cropped-logo_white.jpg\",\"width\":240,\"height\":63,\"caption\":\"Kali\u0144ski\"},\"image\":{\"@id\":\"https:\/\/kalinski.pl\/serwis\/#\/schema\/logo\/image\/\"}}]}<\/script>\n<!-- \/ Yoast SEO plugin. -->","yoast_head_json":{"title":"Regeneracja katalizator\u00f3w maszyn rolniczych | Kali\u0144ski","robots":{"index":"index","follow":"follow","max-snippet":"max-snippet:-1","max-image-preview":"max-image-preview:large","max-video-preview":"max-video-preview:-1"},"canonical":"https:\/\/kalinski.pl\/serwis\/regeneracja-katalizatorow-maszyn-rolniczych-2\/","og_locale":"pl_PL","og_type":"article","og_title":"Regeneracja katalizator\u00f3w maszyn rolniczych | Kali\u0144ski","og_description":"Ka\u017cda osoba prowadz\u0105ca gospodarstwo rolne z pewno\u015bci\u0105 posiada w\u0142asne maszyny u\u017cytkowe. Ze wzgl\u0119d\u00f3w ekonomicznych maszyny rolnicze co do zasady s\u0105 wyposa\u017cone w silniki wysokopr\u0119\u017cne. Jest to bardzo op\u0142acalne i praktyczne rozwi\u0105zanie, ale pojazdy z silnikami diesla wymagaj\u0105 regularnego serwisowania. W przeciwnym wypadku ich intensywna eksploatacja (np. podczas \u017cniw) mo\u017ce prowadzi\u0107 do pojawienia si\u0119 usterek. Je\u017celi &hellip; Czytaj dalej kontakt Adam Czuprys","og_url":"https:\/\/kalinski.pl\/serwis\/regeneracja-katalizatorow-maszyn-rolniczych-2\/","og_site_name":"Kali\u0144ski","article_modified_time":"2026-03-06T07:15:58+00:00","og_image":[{"width":1100,"height":350,"url":"https:\/\/kalinski.pl\/serwis\/wp-content\/uploads\/bud1.jpg","type":"image\/jpeg"}],"twitter_card":"summary_large_image","twitter_misc":{"Szacowany czas czytania":"2 minuty"},"schema":{"@context":"https:\/\/schema.org","@graph":[{"@type":"WebPage","@id":"https:\/\/kalinski.pl\/serwis\/regeneracja-katalizatorow-maszyn-rolniczych-2\/","url":"https:\/\/kalinski.pl\/serwis\/regeneracja-katalizatorow-maszyn-rolniczych-2\/","name":"Regeneracja katalizator\u00f3w maszyn rolniczych | Kali\u0144ski","isPartOf":{"@id":"https:\/\/kalinski.pl\/serwis\/#website"},"primaryImageOfPage":{"@id":"https:\/\/kalinski.pl\/serwis\/regeneracja-katalizatorow-maszyn-rolniczych-2\/#primaryimage"},"image":{"@id":"https:\/\/kalinski.pl\/serwis\/regeneracja-katalizatorow-maszyn-rolniczych-2\/#primaryimage"},"thumbnailUrl":"https:\/\/kalinski.pl\/wp-content\/uploads\/bud1.jpg","datePublished":"2022-02-22T13:20:30+00:00","dateModified":"2026-03-06T07:15:58+00:00","breadcrumb":{"@id":"https:\/\/kalinski.pl\/serwis\/regeneracja-katalizatorow-maszyn-rolniczych-2\/#breadcrumb"},"inLanguage":"pl-PL","potentialAction":[{"@type":"ReadAction","target":["https:\/\/kalinski.pl\/serwis\/regeneracja-katalizatorow-maszyn-rolniczych-2\/"]}]},{"@type":"ImageObject","inLanguage":"pl-PL","@id":"https:\/\/kalinski.pl\/serwis\/regeneracja-katalizatorow-maszyn-rolniczych-2\/#primaryimage","url":"https:\/\/kalinski.pl\/wp-content\/uploads\/bud1.jpg","contentUrl":"https:\/\/kalinski.pl\/wp-content\/uploads\/bud1.jpg"},{"@type":"BreadcrumbList","@id":"https:\/\/kalinski.pl\/serwis\/regeneracja-katalizatorow-maszyn-rolniczych-2\/#breadcrumb","itemListElement":[{"@type":"ListItem","position":1,"name":"Strona g\u0142\u00f3wna","item":"https:\/\/kalinski.pl\/serwis\/"},{"@type":"ListItem","position":2,"name":"Regeneracja katalizator\u00f3w maszyn rolniczych"}]},{"@type":"WebSite","@id":"https:\/\/kalinski.pl\/serwis\/#website","url":"https:\/\/kalinski.pl\/serwis\/","name":"Kali\u0144ski","description":"Uk\u0142ady wydechowe","publisher":{"@id":"https:\/\/kalinski.pl\/serwis\/#organization"},"potentialAction":[{"@type":"SearchAction","target":{"@type":"EntryPoint","urlTemplate":"https:\/\/kalinski.pl\/serwis\/?s={search_term_string}"},"query-input":{"@type":"PropertyValueSpecification","valueRequired":true,"valueName":"search_term_string"}}],"inLanguage":"pl-PL"},{"@type":"Organization","@id":"https:\/\/kalinski.pl\/serwis\/#organization","name":"Kali\u0144ski","url":"https:\/\/kalinski.pl\/serwis\/","logo":{"@type":"ImageObject","inLanguage":"pl-PL","@id":"https:\/\/kalinski.pl\/serwis\/#\/schema\/logo\/image\/","url":"https:\/\/kalinski.pl\/serwis\/wp-content\/uploads\/2019\/03\/cropped-logo_white.jpg","contentUrl":"https:\/\/kalinski.pl\/serwis\/wp-content\/uploads\/2019\/03\/cropped-logo_white.jpg","width":240,"height":63,"caption":"Kali\u0144ski"},"image":{"@id":"https:\/\/kalinski.pl\/serwis\/#\/schema\/logo\/image\/"}}]}},"_links":{"self":[{"href":"https:\/\/kalinski.pl\/serwis\/wp-json\/wp\/v2\/pages\/4005","targetHints":{"allow":["GET"]}}],"collection":[{"href":"https:\/\/kalinski.pl\/serwis\/wp-json\/wp\/v2\/pages"}],"about":[{"href":"https:\/\/kalinski.pl\/serwis\/wp-json\/wp\/v2\/types\/page"}],"author":[{"embeddable":true,"href":"https:\/\/kalinski.pl\/serwis\/wp-json\/wp\/v2\/users\/821795"}],"replies":[{"embeddable":true,"href":"https:\/\/kalinski.pl\/serwis\/wp-json\/wp\/v2\/comments?post=4005"}],"version-history":[{"count":5,"href":"https:\/\/kalinski.pl\/serwis\/wp-json\/wp\/v2\/pages\/4005\/revisions"}],"predecessor-version":[{"id":4932,"href":"https:\/\/kalinski.pl\/serwis\/wp-json\/wp\/v2\/pages\/4005\/revisions\/4932"}],"wp:attachment":[{"href":"https:\/\/kalinski.pl\/serwis\/wp-json\/wp\/v2\/media?parent=4005"}],"curies":[{"name":"wp","href":"https:\/\/api.w.org\/{rel}","templated":true}]}}