{"id":3985,"date":"2022-02-22T10:34:55","date_gmt":"2022-02-22T09:34:55","guid":{"rendered":"https:\/\/kalinski.pl\/?page_id=3985"},"modified":"2022-02-22T10:47:58","modified_gmt":"2022-02-22T09:47:58","slug":"maszyny-robocze-elementor","status":"publish","type":"page","link":"https:\/\/kalinski.pl\/serwis\/maszyny-robocze-elementor\/","title":{"rendered":"Maszyny Robocze &#8211; Elementor"},"content":{"rendered":"\t\t<div data-elementor-type=\"wp-page\" data-elementor-id=\"3985\" class=\"elementor elementor-3985\">\n\t\t\t\t\t\t<section class=\"elementor-section elementor-top-section elementor-element elementor-element-f2bde1e elementor-section-boxed elementor-section-height-default elementor-section-height-default\" data-id=\"f2bde1e\" data-element_type=\"section\">\n\t\t\t\t\t\t<div class=\"elementor-container elementor-column-gap-default\">\n\t\t\t\t\t<div class=\"elementor-column elementor-col-100 elementor-top-column elementor-element elementor-element-0846b05\" data-id=\"0846b05\" data-element_type=\"column\">\n\t\t\t<div class=\"elementor-widget-wrap elementor-element-populated\">\n\t\t\t\t\t\t<div class=\"elementor-element elementor-element-02358be elementor-widget elementor-widget-heading\" data-id=\"02358be\" data-element_type=\"widget\" data-widget_type=\"heading.default\">\n\t\t\t\t<div class=\"elementor-widget-container\">\n\t\t\t\t\t<h1 class=\"elementor-heading-title elementor-size-default\">Maszyny robocze<\/h1>\t\t\t\t<\/div>\n\t\t\t\t<\/div>\n\t\t\t\t<div class=\"elementor-element elementor-element-783262c elementor-widget elementor-widget-heading\" data-id=\"783262c\" data-element_type=\"widget\" data-widget_type=\"heading.default\">\n\t\t\t\t<div class=\"elementor-widget-container\">\n\t\t\t\t\t<h4 class=\"elementor-heading-title elementor-size-default\">maszyny rolnicze, budowlane, w\u00f3zki wid\u0142owe, \u0142adowarki, pojazdy szynowe, agregaty<\/h4>\t\t\t\t<\/div>\n\t\t\t\t<\/div>\n\t\t\t\t\t<\/div>\n\t\t<\/div>\n\t\t\t\t\t<\/div>\n\t\t<\/section>\n\t\t\t\t<section class=\"elementor-section elementor-top-section elementor-element elementor-element-2ac1951 elementor-section-boxed elementor-section-height-default elementor-section-height-default\" data-id=\"2ac1951\" data-element_type=\"section\">\n\t\t\t\t\t\t<div class=\"elementor-container elementor-column-gap-default\">\n\t\t\t\t\t<div class=\"elementor-column elementor-col-100 elementor-top-column elementor-element elementor-element-987cb42\" data-id=\"987cb42\" data-element_type=\"column\">\n\t\t\t<div class=\"elementor-widget-wrap elementor-element-populated\">\n\t\t\t\t\t\t<div class=\"elementor-element elementor-element-f0be195 elementor-widget elementor-widget-image\" data-id=\"f0be195\" data-element_type=\"widget\" data-widget_type=\"image.default\">\n\t\t\t\t<div class=\"elementor-widget-container\">\n\t\t\t\t\t\t\t\t\t\t\t\t\t\t\t<img fetchpriority=\"high\" decoding=\"async\" width=\"1110\" height=\"300\" src=\"https:\/\/kalinski.pl\/serwis\/wp-content\/uploads\/d_maszynyrobocze-1110x300.jpg\" class=\"attachment-large size-large wp-image-386\" alt=\"d maszynyrobocze\" \/>\t\t\t\t\t\t\t\t\t\t\t\t\t\t\t<\/div>\n\t\t\t\t<\/div>\n\t\t\t\t<div class=\"elementor-element elementor-element-536eed8 elementor-widget elementor-widget-text-editor\" data-id=\"536eed8\" data-element_type=\"widget\" data-widget_type=\"text-editor.default\">\n\t\t\t\t<div class=\"elementor-widget-container\">\n\t\t\t\t\t\t\t\t\t<div class=\"text_white\">\n<p>Dzia\u0142 maszyn roboczych koncentruje si\u0119 na us\u0142ugach i produktach dla maszyn s\u0142u\u017c\u0105cych przemys\u0142owi. W ramach naszych dzia\u0142a\u0144 g\u0142\u00f3wnie skupiamy si\u0119 na modyfikacjach oraz dostosowaniu uk\u0142ad\u00f3w wydechowych do specyfiki danego pojazdu.<\/p>\n<p>Zajmujemy si\u0119 regeneracj\u0105 filtr\u00f3w cz\u0105stek sta\u0142ych i katalizator\u00f3w w maszynach rolniczych, budowlanych, w\u00f3zkach wid\u0142owych i pojazdach szynowych.<\/p>\n<\/div>\t\t\t\t\t\t\t\t<\/div>\n\t\t\t\t<\/div>\n\t\t\t\t\t<\/div>\n\t\t<\/div>\n\t\t\t\t\t<\/div>\n\t\t<\/section>\n\t\t\t\t<\/div>\n\t\t","protected":false},"excerpt":{"rendered":"<p>Maszyny robocze maszyny rolnicze, budowlane, w\u00f3zki wid\u0142owe, \u0142adowarki, pojazdy szynowe, agregaty Dzia\u0142 maszyn roboczych koncentruje si\u0119 na us\u0142ugach i produktach dla maszyn s\u0142u\u017c\u0105cych przemys\u0142owi. W ramach naszych dzia\u0142a\u0144 g\u0142\u00f3wnie skupiamy si\u0119 na modyfikacjach oraz dostosowaniu uk\u0142ad\u00f3w wydechowych do specyfiki danego pojazdu. Zajmujemy si\u0119 regeneracj\u0105 filtr\u00f3w cz\u0105stek sta\u0142ych i katalizator\u00f3w w maszynach rolniczych, budowlanych, w\u00f3zkach wid\u0142owych &hellip; <a href=\"https:\/\/kalinski.pl\/serwis\/maszyny-robocze-elementor\/\" class=\"more-link\">Czytaj dalej<span class=\"screen-reader-text\"> Maszyny Robocze &#8211; Elementor<\/span><\/a><\/p>\n","protected":false},"author":821792,"featured_media":0,"parent":0,"menu_order":0,"comment_status":"closed","ping_status":"closed","template":"","meta":{"footnotes":""},"class_list":["post-3985","page","type-page","status-publish","hentry"],"yoast_head":"<!-- This site is optimized with the Yoast SEO plugin v26.7 - https:\/\/yoast.com\/wordpress\/plugins\/seo\/ -->\n<title>Maszyny Robocze - Elementor | Kali\u0144ski<\/title>\n<meta name=\"robots\" content=\"index, follow, max-snippet:-1, max-image-preview:large, max-video-preview:-1\" \/>\n<link rel=\"canonical\" href=\"https:\/\/kalinski.pl\/serwis\/maszyny-robocze-elementor\/\" \/>\n<meta property=\"og:locale\" content=\"pl_PL\" \/>\n<meta property=\"og:type\" content=\"article\" \/>\n<meta property=\"og:title\" content=\"Maszyny Robocze - Elementor | Kali\u0144ski\" \/>\n<meta property=\"og:description\" content=\"Maszyny robocze maszyny rolnicze, budowlane, w\u00f3zki wid\u0142owe, \u0142adowarki, pojazdy szynowe, agregaty Dzia\u0142 maszyn roboczych koncentruje si\u0119 na us\u0142ugach i produktach dla maszyn s\u0142u\u017c\u0105cych przemys\u0142owi. W ramach naszych dzia\u0142a\u0144 g\u0142\u00f3wnie skupiamy si\u0119 na modyfikacjach oraz dostosowaniu uk\u0142ad\u00f3w wydechowych do specyfiki danego pojazdu. Zajmujemy si\u0119 regeneracj\u0105 filtr\u00f3w cz\u0105stek sta\u0142ych i katalizator\u00f3w w maszynach rolniczych, budowlanych, w\u00f3zkach wid\u0142owych &hellip; Czytaj dalej Maszyny Robocze &#8211; Elementor\" \/>\n<meta property=\"og:url\" content=\"https:\/\/kalinski.pl\/serwis\/maszyny-robocze-elementor\/\" \/>\n<meta property=\"og:site_name\" content=\"Kali\u0144ski\" \/>\n<meta property=\"article:modified_time\" content=\"2022-02-22T09:47:58+00:00\" \/>\n<meta property=\"og:image\" content=\"https:\/\/kalinski.pl\/wp-content\/uploads\/d_maszynyrobocze-1110x300.jpg\" \/>\n<meta name=\"twitter:card\" content=\"summary_large_image\" \/>\n<meta name=\"twitter:label1\" content=\"Szacowany czas czytania\" \/>\n\t<meta name=\"twitter:data1\" content=\"1 minuta\" \/>\n<script type=\"application\/ld+json\" class=\"yoast-schema-graph\">{\"@context\":\"https:\/\/schema.org\",\"@graph\":[{\"@type\":\"WebPage\",\"@id\":\"https:\/\/kalinski.pl\/serwis\/maszyny-robocze-elementor\/\",\"url\":\"https:\/\/kalinski.pl\/serwis\/maszyny-robocze-elementor\/\",\"name\":\"Maszyny Robocze - Elementor | Kali\u0144ski\",\"isPartOf\":{\"@id\":\"https:\/\/kalinski.pl\/serwis\/#website\"},\"primaryImageOfPage\":{\"@id\":\"https:\/\/kalinski.pl\/serwis\/maszyny-robocze-elementor\/#primaryimage\"},\"image\":{\"@id\":\"https:\/\/kalinski.pl\/serwis\/maszyny-robocze-elementor\/#primaryimage\"},\"thumbnailUrl\":\"https:\/\/kalinski.pl\/wp-content\/uploads\/d_maszynyrobocze-1110x300.jpg\",\"datePublished\":\"2022-02-22T09:34:55+00:00\",\"dateModified\":\"2022-02-22T09:47:58+00:00\",\"breadcrumb\":{\"@id\":\"https:\/\/kalinski.pl\/serwis\/maszyny-robocze-elementor\/#breadcrumb\"},\"inLanguage\":\"pl-PL\",\"potentialAction\":[{\"@type\":\"ReadAction\",\"target\":[\"https:\/\/kalinski.pl\/serwis\/maszyny-robocze-elementor\/\"]}]},{\"@type\":\"ImageObject\",\"inLanguage\":\"pl-PL\",\"@id\":\"https:\/\/kalinski.pl\/serwis\/maszyny-robocze-elementor\/#primaryimage\",\"url\":\"https:\/\/kalinski.pl\/wp-content\/uploads\/d_maszynyrobocze-1110x300.jpg\",\"contentUrl\":\"https:\/\/kalinski.pl\/wp-content\/uploads\/d_maszynyrobocze-1110x300.jpg\"},{\"@type\":\"BreadcrumbList\",\"@id\":\"https:\/\/kalinski.pl\/serwis\/maszyny-robocze-elementor\/#breadcrumb\",\"itemListElement\":[{\"@type\":\"ListItem\",\"position\":1,\"name\":\"Strona g\u0142\u00f3wna\",\"item\":\"https:\/\/kalinski.pl\/serwis\/\"},{\"@type\":\"ListItem\",\"position\":2,\"name\":\"Maszyny Robocze &#8211; Elementor\"}]},{\"@type\":\"WebSite\",\"@id\":\"https:\/\/kalinski.pl\/serwis\/#website\",\"url\":\"https:\/\/kalinski.pl\/serwis\/\",\"name\":\"Kali\u0144ski\",\"description\":\"Uk\u0142ady wydechowe\",\"publisher\":{\"@id\":\"https:\/\/kalinski.pl\/serwis\/#organization\"},\"potentialAction\":[{\"@type\":\"SearchAction\",\"target\":{\"@type\":\"EntryPoint\",\"urlTemplate\":\"https:\/\/kalinski.pl\/serwis\/?s={search_term_string}\"},\"query-input\":{\"@type\":\"PropertyValueSpecification\",\"valueRequired\":true,\"valueName\":\"search_term_string\"}}],\"inLanguage\":\"pl-PL\"},{\"@type\":\"Organization\",\"@id\":\"https:\/\/kalinski.pl\/serwis\/#organization\",\"name\":\"Kali\u0144ski\",\"url\":\"https:\/\/kalinski.pl\/serwis\/\",\"logo\":{\"@type\":\"ImageObject\",\"inLanguage\":\"pl-PL\",\"@id\":\"https:\/\/kalinski.pl\/serwis\/#\/schema\/logo\/image\/\",\"url\":\"https:\/\/kalinski.pl\/serwis\/wp-content\/uploads\/2019\/03\/cropped-logo_white.jpg\",\"contentUrl\":\"https:\/\/kalinski.pl\/serwis\/wp-content\/uploads\/2019\/03\/cropped-logo_white.jpg\",\"width\":240,\"height\":63,\"caption\":\"Kali\u0144ski\"},\"image\":{\"@id\":\"https:\/\/kalinski.pl\/serwis\/#\/schema\/logo\/image\/\"}}]}<\/script>\n<!-- \/ Yoast SEO plugin. -->","yoast_head_json":{"title":"Maszyny Robocze - Elementor | Kali\u0144ski","robots":{"index":"index","follow":"follow","max-snippet":"max-snippet:-1","max-image-preview":"max-image-preview:large","max-video-preview":"max-video-preview:-1"},"canonical":"https:\/\/kalinski.pl\/serwis\/maszyny-robocze-elementor\/","og_locale":"pl_PL","og_type":"article","og_title":"Maszyny Robocze - Elementor | Kali\u0144ski","og_description":"Maszyny robocze maszyny rolnicze, budowlane, w\u00f3zki wid\u0142owe, \u0142adowarki, pojazdy szynowe, agregaty Dzia\u0142 maszyn roboczych koncentruje si\u0119 na us\u0142ugach i produktach dla maszyn s\u0142u\u017c\u0105cych przemys\u0142owi. W ramach naszych dzia\u0142a\u0144 g\u0142\u00f3wnie skupiamy si\u0119 na modyfikacjach oraz dostosowaniu uk\u0142ad\u00f3w wydechowych do specyfiki danego pojazdu. Zajmujemy si\u0119 regeneracj\u0105 filtr\u00f3w cz\u0105stek sta\u0142ych i katalizator\u00f3w w maszynach rolniczych, budowlanych, w\u00f3zkach wid\u0142owych &hellip; Czytaj dalej Maszyny Robocze &#8211; Elementor","og_url":"https:\/\/kalinski.pl\/serwis\/maszyny-robocze-elementor\/","og_site_name":"Kali\u0144ski","article_modified_time":"2022-02-22T09:47:58+00:00","og_image":[{"url":"https:\/\/kalinski.pl\/wp-content\/uploads\/d_maszynyrobocze-1110x300.jpg","type":"","width":"","height":""}],"twitter_card":"summary_large_image","twitter_misc":{"Szacowany czas czytania":"1 minuta"},"schema":{"@context":"https:\/\/schema.org","@graph":[{"@type":"WebPage","@id":"https:\/\/kalinski.pl\/serwis\/maszyny-robocze-elementor\/","url":"https:\/\/kalinski.pl\/serwis\/maszyny-robocze-elementor\/","name":"Maszyny Robocze - Elementor | Kali\u0144ski","isPartOf":{"@id":"https:\/\/kalinski.pl\/serwis\/#website"},"primaryImageOfPage":{"@id":"https:\/\/kalinski.pl\/serwis\/maszyny-robocze-elementor\/#primaryimage"},"image":{"@id":"https:\/\/kalinski.pl\/serwis\/maszyny-robocze-elementor\/#primaryimage"},"thumbnailUrl":"https:\/\/kalinski.pl\/wp-content\/uploads\/d_maszynyrobocze-1110x300.jpg","datePublished":"2022-02-22T09:34:55+00:00","dateModified":"2022-02-22T09:47:58+00:00","breadcrumb":{"@id":"https:\/\/kalinski.pl\/serwis\/maszyny-robocze-elementor\/#breadcrumb"},"inLanguage":"pl-PL","potentialAction":[{"@type":"ReadAction","target":["https:\/\/kalinski.pl\/serwis\/maszyny-robocze-elementor\/"]}]},{"@type":"ImageObject","inLanguage":"pl-PL","@id":"https:\/\/kalinski.pl\/serwis\/maszyny-robocze-elementor\/#primaryimage","url":"https:\/\/kalinski.pl\/wp-content\/uploads\/d_maszynyrobocze-1110x300.jpg","contentUrl":"https:\/\/kalinski.pl\/wp-content\/uploads\/d_maszynyrobocze-1110x300.jpg"},{"@type":"BreadcrumbList","@id":"https:\/\/kalinski.pl\/serwis\/maszyny-robocze-elementor\/#breadcrumb","itemListElement":[{"@type":"ListItem","position":1,"name":"Strona g\u0142\u00f3wna","item":"https:\/\/kalinski.pl\/serwis\/"},{"@type":"ListItem","position":2,"name":"Maszyny Robocze &#8211; Elementor"}]},{"@type":"WebSite","@id":"https:\/\/kalinski.pl\/serwis\/#website","url":"https:\/\/kalinski.pl\/serwis\/","name":"Kali\u0144ski","description":"Uk\u0142ady wydechowe","publisher":{"@id":"https:\/\/kalinski.pl\/serwis\/#organization"},"potentialAction":[{"@type":"SearchAction","target":{"@type":"EntryPoint","urlTemplate":"https:\/\/kalinski.pl\/serwis\/?s={search_term_string}"},"query-input":{"@type":"PropertyValueSpecification","valueRequired":true,"valueName":"search_term_string"}}],"inLanguage":"pl-PL"},{"@type":"Organization","@id":"https:\/\/kalinski.pl\/serwis\/#organization","name":"Kali\u0144ski","url":"https:\/\/kalinski.pl\/serwis\/","logo":{"@type":"ImageObject","inLanguage":"pl-PL","@id":"https:\/\/kalinski.pl\/serwis\/#\/schema\/logo\/image\/","url":"https:\/\/kalinski.pl\/serwis\/wp-content\/uploads\/2019\/03\/cropped-logo_white.jpg","contentUrl":"https:\/\/kalinski.pl\/serwis\/wp-content\/uploads\/2019\/03\/cropped-logo_white.jpg","width":240,"height":63,"caption":"Kali\u0144ski"},"image":{"@id":"https:\/\/kalinski.pl\/serwis\/#\/schema\/logo\/image\/"}}]}},"_links":{"self":[{"href":"https:\/\/kalinski.pl\/serwis\/wp-json\/wp\/v2\/pages\/3985","targetHints":{"allow":["GET"]}}],"collection":[{"href":"https:\/\/kalinski.pl\/serwis\/wp-json\/wp\/v2\/pages"}],"about":[{"href":"https:\/\/kalinski.pl\/serwis\/wp-json\/wp\/v2\/types\/page"}],"author":[{"embeddable":true,"href":"https:\/\/kalinski.pl\/serwis\/wp-json\/wp\/v2\/users\/821792"}],"replies":[{"embeddable":true,"href":"https:\/\/kalinski.pl\/serwis\/wp-json\/wp\/v2\/comments?post=3985"}],"version-history":[{"count":16,"href":"https:\/\/kalinski.pl\/serwis\/wp-json\/wp\/v2\/pages\/3985\/revisions"}],"predecessor-version":[{"id":4004,"href":"https:\/\/kalinski.pl\/serwis\/wp-json\/wp\/v2\/pages\/3985\/revisions\/4004"}],"wp:attachment":[{"href":"https:\/\/kalinski.pl\/serwis\/wp-json\/wp\/v2\/media?parent=3985"}],"curies":[{"name":"wp","href":"https:\/\/api.w.org\/{rel}","templated":true}]}}