{"id":3971,"date":"2022-02-22T09:21:45","date_gmt":"2022-02-22T08:21:45","guid":{"rendered":"https:\/\/kalinski.pl\/?page_id=3971"},"modified":"2026-03-06T08:45:19","modified_gmt":"2026-03-06T07:45:19","slug":"tuning-wydechow-samochodow-ciezarowych","status":"publish","type":"page","link":"https:\/\/kalinski.pl\/serwis\/tuning-wydechow-samochodow-ciezarowych\/","title":{"rendered":"Tuning wydech\u00f3w samochod\u00f3w ci\u0119\u017carowych"},"content":{"rendered":"<div class=\"katalizatory_png\"><img decoding=\"async\" class=\"alignleft size-full wp-image-4030\" src=\"https:\/\/kalinski.pl\/wp-content\/uploads\/Tuning_pojazdy_ciezarowe-1.jpg\" alt=\"\" width=\"1110\" height=\"303\" \/><\/div>\n<div class=\"odstepy_strona\">\n<p>Modyfikacja wydechu mo\u017ce wydawa\u0107 si\u0119 czynno\u015bci\u0105 zarezerwowan\u0105 wy\u0142\u0105cznie dla posiadaczy jedno\u015blad\u00f3w oraz aut osobowych. Jednak tak\u0105 us\u0142ug\u0119 mo\u017cna r\u00f3wnie dobrze wykona\u0107 w przypadku pojazd\u00f3w ci\u0119\u017carowych. Co istotne,<strong> tuning wydech\u00f3w ci\u0119\u017carowych<\/strong> nie ogranicza si\u0119 jedynie do kwestii estetycznych. Taka zmiana mo\u017ce bowiem zapewni\u0107 r\u00f3wnie\u017c inne korzy\u015bci.<\/p>\n<p>Oczywi\u015bcie z samochod\u00f3w ci\u0119\u017carowych do\u015b\u0107 rzadko korzystaj\u0105 osoby prywatne. To u\u017cytek biznesowy stanowi g\u0142\u00f3wny cel eksploatacji takich pojazd\u00f3w. Nie oznacza to jednak, \u017ce <strong>modyfikacja wydech\u00f3w samochod\u00f3w ci\u0119\u017carowych<\/strong> jest pozbawiona sensu. Pod tym wzgl\u0119dem najbardziej istotn\u0105 czynno\u015bci\u0105 mo\u017ce okaza\u0107 si\u0119 <strong><a href=\"https:\/\/kalinski.pl\/sklep\/pl\/3961-tlumiki-iveco\">tuning t\u0142umik\u00f3w ci\u0119\u017carowych<\/a>.<\/strong> Dlaczego? Poniewa\u017c w\u0142a\u015bciwo\u015bci i parametry t\u0142umika powinny by\u0107 dopasowane do specyfiki ca\u0142ego uk\u0142adu wydechowego. Niestety, niekt\u00f3re firmy koncentruj\u0105 si\u0119 wy\u0142\u0105cznie na tym, aby wykonywa\u0107 naprawy \u201epo kosztach\u201d. W efekcie zamontowany t\u0142umik wcale nie musi odpowiada\u0107 parametrom danego pojazdu. Dlatego firma Kali\u0144ski zatrudnia ekspert\u00f3w specjalizuj\u0105cych si\u0119 w doborze i monta\u017cu t\u0142umik\u00f3w. Dzi\u0119ki temu mamy pewno\u015b\u0107, \u017ce wykonywany przez nas <strong>tuning t\u0142umik\u00f3w ci\u0119\u017carowych<\/strong> przyniesie zak\u0142adane efekty.<\/p>\n<p>O jakich efektach mowa? Przede wszystkim <strong>tuning wydech\u00f3w ci\u0119\u017carowych oraz tuning t\u0142umik\u00f3w<\/strong> ma na celu usprawnienie pracy silnika. Dotyczy to zar\u00f3wno kultury pracy silnika, jak i parametr\u00f3w zwi\u0105zanych ze spalaniem paliwa. Je\u017celi uk\u0142ad wydechowy ma nieprawid\u0142ow\u0105 specyfik\u0119, mo\u017ce on wp\u0142ywa\u0107 nawet na podwy\u017cszenie spalania. To z kolei jest wyj\u0105tkowo niewskazane w przypadku pojazd\u00f3w ci\u0119\u017carowych, gdy\u017c ju\u017c ich fabryczne spalanie stoi na wysokim poziomie.<\/p>\n<p>Nie mo\u017cna r\u00f3wnie\u017c pomin\u0105\u0107 aspekt\u00f3w wizualnych oraz d\u017awi\u0119kowych. Kompleksowy<a href=\"https:\/\/kalinski.pl\/sklep\/pl\/4374-tlumiki-rury\"><strong> tuning wydech\u00f3w samochod\u00f3w ci\u0119\u017carowych<\/strong><\/a> mo\u017ce odmieni\u0107 wygl\u0105d ca\u0142ego uk\u0142adu. R\u00f3wnie istotna b\u0119dzie w\u00f3wczas zmiana pod wzgl\u0119dem barwy wydawanego d\u017awi\u0119ku. Dla wielu pasjonat\u00f3w motoryzacji odpowiedni \u201ebasowy\u201d d\u017awi\u0119k wydechu jest czym\u015b niezwykle wa\u017cnym. Nasi specjali\u015bci zadbaj\u0105 o dopasowanie sposobu realizacji us\u0142ugi do Pa\u0144stwa potrzeb oraz oczekiwa\u0144.<\/p>\n<p>Je\u017celi maj\u0105 Pa\u0144stwo jakiekolwiek pytania dotycz\u0105ce us\u0142ugi tuningu wydech\u00f3w lub t\u0142umik\u00f3w ci\u0119\u017carowych, serdecznie zach\u0119camy do kontaktu z firm\u0105 Kali\u0144ski. Nasi przedstawiciele ch\u0119tnie odpowiedz\u0105 na Pa\u0144stwa pytania oraz doradz\u0105 w wyborze konkretnej us\u0142ugi.<\/p>\n<p><strong>Tuning wydech\u00f3w ci\u0119\u017carowych<\/strong> oraz inne us\u0142ugi stacjonarne wykonujemy w naszym warsztacie zlokalizowanym w Chybach. Niespe\u0142na kilometr od granicy tej miejscowo\u015bci znajduje si\u0119 <strong>Pozna\u0144.<\/strong> Tym samym wszyscy kierowcy z Wielkopolski oraz okolic na pewno \u0142atwo do nas trafi\u0105. Opr\u00f3cz us\u0142ug stacjonarnych firma Kali\u0144ski prowadzi r\u00f3wnie\u017c sprzeda\u017c wysy\u0142kow\u0105. Dlatego kierowc\u00f3w z ca\u0142ej Polski serdecznie zapraszamy do zapoznania si\u0119 z asortymentem naszego sklepu internetowego.<\/p>\n<\/div>\n<p>&nbsp;<\/p>\n<div class=\"kontakt_frame_main\">\n\n<div class=\"su-posts su-posts-single-post \">\n\n\t\t\t\t\t\t\n\t\t\t\n\t\t\t<div id=\"su-post-4824\" class=\"su-post \">\n\t\t\t\t<h1 class=\"su-post-title\">Kontakt Grzegorz Staszak<\/h1>\n\t\t\t\t<div class=\"su-post-meta\">\n\t\t\t\t\tOpublikowano:\n\t\t\t\t\t3 marca 2026\t\t\t\t\t\t\t\t\t<\/div>\n\t\t\t\t<div class=\"su-post-content\">\n\t\t\t\t\t\t\t<div data-elementor-type=\"wp-post\" data-elementor-id=\"4824\" class=\"elementor elementor-4824\">\n\t\t\t\t\t\t<section class=\"elementor-section elementor-top-section elementor-element elementor-element-45791e7 elementor-section-boxed elementor-section-height-default elementor-section-height-default\" data-id=\"45791e7\" data-element_type=\"section\">\n\t\t\t\t\t\t<div class=\"elementor-container elementor-column-gap-default\">\n\t\t\t\t\t<div class=\"elementor-column elementor-col-100 elementor-top-column elementor-element elementor-element-1814f0d\" data-id=\"1814f0d\" data-element_type=\"column\">\n\t\t\t<div class=\"elementor-widget-wrap elementor-element-populated\">\n\t\t\t\t\t\t<div class=\"elementor-element elementor-element-98888cf h3_kontakt elementor-widget elementor-widget-heading\" data-id=\"98888cf\" data-element_type=\"widget\" data-widget_type=\"heading.default\">\n\t\t\t\t<div class=\"elementor-widget-container\">\n\t\t\t\t\t<h3 class=\"elementor-heading-title elementor-size-default\">Pojazdy osobowe<\/h3>\t\t\t\t<\/div>\n\t\t\t\t<\/div>\n\t\t\t\t\t<\/div>\n\t\t<\/div>\n\t\t\t\t\t<\/div>\n\t\t<\/section>\n\t\t\t\t<section class=\"elementor-section elementor-top-section elementor-element elementor-element-28ce6c0 elementor-section-boxed elementor-section-height-default elementor-section-height-default\" data-id=\"28ce6c0\" data-element_type=\"section\">\n\t\t\t\t\t\t<div class=\"elementor-container elementor-column-gap-default\">\n\t\t\t\t\t<div class=\"elementor-column elementor-col-100 elementor-top-column elementor-element elementor-element-ef59eb2\" data-id=\"ef59eb2\" data-element_type=\"column\">\n\t\t\t<div class=\"elementor-widget-wrap elementor-element-populated\">\n\t\t\t\t\t\t<div class=\"elementor-element elementor-element-c66b190 elementor-position-left elementor-widget__width-initial member-name elementor-vertical-align-top elementor-widget elementor-widget-image-box\" data-id=\"c66b190\" data-element_type=\"widget\" data-widget_type=\"image-box.default\">\n\t\t\t\t<div class=\"elementor-widget-container\">\n\t\t\t\t\t<div class=\"elementor-image-box-wrapper\"><figure class=\"elementor-image-box-img\"><img fetchpriority=\"high\" fetchpriority=\"high\" decoding=\"async\" width=\"400\" height=\"400\" src=\"https:\/\/kalinski.pl\/serwis\/wp-content\/uploads\/kk_grzegorzstaszak.jpg\" class=\"attachment-full size-full wp-image-4702\" alt=\"kk grzegorzstaszak\" \/><\/figure><div class=\"elementor-image-box-content\"><h3 class=\"elementor-image-box-title\">Grzegorz Staszak<\/h3><p class=\"elementor-image-box-description\">\n<div class=\"member-role\">Menad\u017cer dzia\u0142u cz\u0119\u015bci i akcesori\u00f3w<br \/>\nSpecjalista ds. tuningu i motocykli<\/div>\n<div class=\"member-contact\"><a href=\"tel:48618142777\">+48 61 814 27 77 wew. 104<\/a><br \/>691 083 346<\/a><br \/>\nmotocykle@kalinski.pl<\/div><\/p><\/div><\/div>\t\t\t\t<\/div>\n\t\t\t\t<\/div>\n\t\t\t\t\t<\/div>\n\t\t<\/div>\n\t\t\t\t\t<\/div>\n\t\t<\/section>\n\t\t\t\t<\/div>\n\t\t\t\t\t\t<\/div>\n\t\t\t<\/div>\n\n\t\t\t\t\n<\/div>\n<\/div>\n<p>S\u0142owa kluczowe: tuning wydech\u00f3w samochod\u00f3w ci\u0119\u017carowych, tuning wydech\u00f3w ci\u0119\u017carowych, tuning t\u0142umik\u00f3w ci\u0119\u017carowych, modyfikacja wydech\u00f3w samochod\u00f3w ci\u0119\u017carowych, cena, Pozna\u0144<\/p>\n","protected":false},"excerpt":{"rendered":"<p>Modyfikacja wydechu mo\u017ce wydawa\u0107 si\u0119 czynno\u015bci\u0105 zarezerwowan\u0105 wy\u0142\u0105cznie dla posiadaczy jedno\u015blad\u00f3w oraz aut osobowych. Jednak tak\u0105 us\u0142ug\u0119 mo\u017cna r\u00f3wnie dobrze wykona\u0107 w przypadku pojazd\u00f3w ci\u0119\u017carowych. Co istotne, tuning wydech\u00f3w ci\u0119\u017carowych nie ogranicza si\u0119 jedynie do kwestii estetycznych. Taka zmiana mo\u017ce bowiem zapewni\u0107 r\u00f3wnie\u017c inne korzy\u015bci. Oczywi\u015bcie z samochod\u00f3w ci\u0119\u017carowych do\u015b\u0107 rzadko korzystaj\u0105 osoby prywatne. To &hellip; <a href=\"https:\/\/kalinski.pl\/serwis\/kontakt-grzegorz-staszak\/\" class=\"more-link\">Czytaj dalej<span class=\"screen-reader-text\"> Kontakt Grzegorz Staszak<\/span><\/a><\/p>\n","protected":false},"author":821795,"featured_media":0,"parent":0,"menu_order":0,"comment_status":"closed","ping_status":"closed","template":"","meta":{"footnotes":""},"class_list":["post-3971","page","type-page","status-publish","hentry"],"yoast_head":"<!-- This site is optimized with the Yoast SEO plugin v26.7 - https:\/\/yoast.com\/wordpress\/plugins\/seo\/ -->\n<title>Tuning wydech\u00f3w samochod\u00f3w ci\u0119\u017carowych | Kali\u0144ski<\/title>\n<meta name=\"description\" content=\"Tuning wydech\u00f3w samochod\u00f3w ci\u0119\u017carowych to kwestia nie tylko estetyki, cz\u0119sto r\u00f3wnie\u017c uzyskania po\u017c\u0105danych w\u0142a\u015bciwo\u015bci.\" \/>\n<meta name=\"robots\" content=\"index, follow, max-snippet:-1, max-image-preview:large, max-video-preview:-1\" \/>\n<link rel=\"canonical\" href=\"https:\/\/kalinski.pl\/serwis\/tuning-wydechow-samochodow-ciezarowych\/\" \/>\n<meta property=\"og:locale\" content=\"pl_PL\" \/>\n<meta property=\"og:type\" content=\"article\" \/>\n<meta property=\"og:title\" content=\"Tuning wydech\u00f3w samochod\u00f3w ci\u0119\u017carowych | Kali\u0144ski\" \/>\n<meta property=\"og:description\" content=\"Tuning wydech\u00f3w samochod\u00f3w ci\u0119\u017carowych to kwestia nie tylko estetyki, cz\u0119sto r\u00f3wnie\u017c uzyskania po\u017c\u0105danych w\u0142a\u015bciwo\u015bci.\" \/>\n<meta property=\"og:url\" content=\"https:\/\/kalinski.pl\/serwis\/tuning-wydechow-samochodow-ciezarowych\/\" \/>\n<meta property=\"og:site_name\" content=\"Kali\u0144ski\" \/>\n<meta property=\"article:modified_time\" content=\"2026-03-06T07:45:19+00:00\" \/>\n<meta property=\"og:image\" content=\"https:\/\/kalinski.pl\/serwis\/wp-content\/uploads\/Tuning_pojazdy_ciezarowe-1.jpg\" \/>\n\t<meta property=\"og:image:width\" content=\"1110\" \/>\n\t<meta property=\"og:image:height\" content=\"303\" \/>\n\t<meta property=\"og:image:type\" content=\"image\/jpeg\" \/>\n<meta name=\"twitter:card\" content=\"summary_large_image\" \/>\n<meta name=\"twitter:label1\" content=\"Szacowany czas czytania\" \/>\n\t<meta name=\"twitter:data1\" content=\"3 minuty\" \/>\n<script type=\"application\/ld+json\" class=\"yoast-schema-graph\">{\"@context\":\"https:\/\/schema.org\",\"@graph\":[{\"@type\":\"WebPage\",\"@id\":\"https:\/\/kalinski.pl\/serwis\/tuning-wydechow-samochodow-ciezarowych\/\",\"url\":\"https:\/\/kalinski.pl\/serwis\/tuning-wydechow-samochodow-ciezarowych\/\",\"name\":\"Tuning wydech\u00f3w samochod\u00f3w ci\u0119\u017carowych | Kali\u0144ski\",\"isPartOf\":{\"@id\":\"https:\/\/kalinski.pl\/serwis\/#website\"},\"primaryImageOfPage\":{\"@id\":\"https:\/\/kalinski.pl\/serwis\/tuning-wydechow-samochodow-ciezarowych\/#primaryimage\"},\"image\":{\"@id\":\"https:\/\/kalinski.pl\/serwis\/tuning-wydechow-samochodow-ciezarowych\/#primaryimage\"},\"thumbnailUrl\":\"https:\/\/kalinski.pl\/wp-content\/uploads\/Tuning_pojazdy_ciezarowe-1.jpg\",\"datePublished\":\"2022-02-22T08:21:45+00:00\",\"dateModified\":\"2026-03-06T07:45:19+00:00\",\"description\":\"Tuning wydech\u00f3w samochod\u00f3w ci\u0119\u017carowych to kwestia nie tylko estetyki, cz\u0119sto r\u00f3wnie\u017c uzyskania po\u017c\u0105danych w\u0142a\u015bciwo\u015bci.\",\"breadcrumb\":{\"@id\":\"https:\/\/kalinski.pl\/serwis\/tuning-wydechow-samochodow-ciezarowych\/#breadcrumb\"},\"inLanguage\":\"pl-PL\",\"potentialAction\":[{\"@type\":\"ReadAction\",\"target\":[\"https:\/\/kalinski.pl\/serwis\/tuning-wydechow-samochodow-ciezarowych\/\"]}]},{\"@type\":\"ImageObject\",\"inLanguage\":\"pl-PL\",\"@id\":\"https:\/\/kalinski.pl\/serwis\/tuning-wydechow-samochodow-ciezarowych\/#primaryimage\",\"url\":\"https:\/\/kalinski.pl\/wp-content\/uploads\/Tuning_pojazdy_ciezarowe-1.jpg\",\"contentUrl\":\"https:\/\/kalinski.pl\/wp-content\/uploads\/Tuning_pojazdy_ciezarowe-1.jpg\"},{\"@type\":\"BreadcrumbList\",\"@id\":\"https:\/\/kalinski.pl\/serwis\/tuning-wydechow-samochodow-ciezarowych\/#breadcrumb\",\"itemListElement\":[{\"@type\":\"ListItem\",\"position\":1,\"name\":\"Strona g\u0142\u00f3wna\",\"item\":\"https:\/\/kalinski.pl\/serwis\/\"},{\"@type\":\"ListItem\",\"position\":2,\"name\":\"Tuning wydech\u00f3w samochod\u00f3w ci\u0119\u017carowych\"}]},{\"@type\":\"WebSite\",\"@id\":\"https:\/\/kalinski.pl\/serwis\/#website\",\"url\":\"https:\/\/kalinski.pl\/serwis\/\",\"name\":\"Kali\u0144ski\",\"description\":\"Uk\u0142ady wydechowe\",\"publisher\":{\"@id\":\"https:\/\/kalinski.pl\/serwis\/#organization\"},\"potentialAction\":[{\"@type\":\"SearchAction\",\"target\":{\"@type\":\"EntryPoint\",\"urlTemplate\":\"https:\/\/kalinski.pl\/serwis\/?s={search_term_string}\"},\"query-input\":{\"@type\":\"PropertyValueSpecification\",\"valueRequired\":true,\"valueName\":\"search_term_string\"}}],\"inLanguage\":\"pl-PL\"},{\"@type\":\"Organization\",\"@id\":\"https:\/\/kalinski.pl\/serwis\/#organization\",\"name\":\"Kali\u0144ski\",\"url\":\"https:\/\/kalinski.pl\/serwis\/\",\"logo\":{\"@type\":\"ImageObject\",\"inLanguage\":\"pl-PL\",\"@id\":\"https:\/\/kalinski.pl\/serwis\/#\/schema\/logo\/image\/\",\"url\":\"https:\/\/kalinski.pl\/serwis\/wp-content\/uploads\/2019\/03\/cropped-logo_white.jpg\",\"contentUrl\":\"https:\/\/kalinski.pl\/serwis\/wp-content\/uploads\/2019\/03\/cropped-logo_white.jpg\",\"width\":240,\"height\":63,\"caption\":\"Kali\u0144ski\"},\"image\":{\"@id\":\"https:\/\/kalinski.pl\/serwis\/#\/schema\/logo\/image\/\"}}]}<\/script>\n<!-- \/ Yoast SEO plugin. -->","yoast_head_json":{"title":"Tuning wydech\u00f3w samochod\u00f3w ci\u0119\u017carowych | Kali\u0144ski","description":"Tuning wydech\u00f3w samochod\u00f3w ci\u0119\u017carowych to kwestia nie tylko estetyki, cz\u0119sto r\u00f3wnie\u017c uzyskania po\u017c\u0105danych w\u0142a\u015bciwo\u015bci.","robots":{"index":"index","follow":"follow","max-snippet":"max-snippet:-1","max-image-preview":"max-image-preview:large","max-video-preview":"max-video-preview:-1"},"canonical":"https:\/\/kalinski.pl\/serwis\/tuning-wydechow-samochodow-ciezarowych\/","og_locale":"pl_PL","og_type":"article","og_title":"Tuning wydech\u00f3w samochod\u00f3w ci\u0119\u017carowych | Kali\u0144ski","og_description":"Tuning wydech\u00f3w samochod\u00f3w ci\u0119\u017carowych to kwestia nie tylko estetyki, cz\u0119sto r\u00f3wnie\u017c uzyskania po\u017c\u0105danych w\u0142a\u015bciwo\u015bci.","og_url":"https:\/\/kalinski.pl\/serwis\/tuning-wydechow-samochodow-ciezarowych\/","og_site_name":"Kali\u0144ski","article_modified_time":"2026-03-06T07:45:19+00:00","og_image":[{"width":1110,"height":303,"url":"https:\/\/kalinski.pl\/serwis\/wp-content\/uploads\/Tuning_pojazdy_ciezarowe-1.jpg","type":"image\/jpeg"}],"twitter_card":"summary_large_image","twitter_misc":{"Szacowany czas czytania":"3 minuty"},"schema":{"@context":"https:\/\/schema.org","@graph":[{"@type":"WebPage","@id":"https:\/\/kalinski.pl\/serwis\/tuning-wydechow-samochodow-ciezarowych\/","url":"https:\/\/kalinski.pl\/serwis\/tuning-wydechow-samochodow-ciezarowych\/","name":"Tuning wydech\u00f3w samochod\u00f3w ci\u0119\u017carowych | Kali\u0144ski","isPartOf":{"@id":"https:\/\/kalinski.pl\/serwis\/#website"},"primaryImageOfPage":{"@id":"https:\/\/kalinski.pl\/serwis\/tuning-wydechow-samochodow-ciezarowych\/#primaryimage"},"image":{"@id":"https:\/\/kalinski.pl\/serwis\/tuning-wydechow-samochodow-ciezarowych\/#primaryimage"},"thumbnailUrl":"https:\/\/kalinski.pl\/wp-content\/uploads\/Tuning_pojazdy_ciezarowe-1.jpg","datePublished":"2022-02-22T08:21:45+00:00","dateModified":"2026-03-06T07:45:19+00:00","description":"Tuning wydech\u00f3w samochod\u00f3w ci\u0119\u017carowych to kwestia nie tylko estetyki, cz\u0119sto r\u00f3wnie\u017c uzyskania po\u017c\u0105danych w\u0142a\u015bciwo\u015bci.","breadcrumb":{"@id":"https:\/\/kalinski.pl\/serwis\/tuning-wydechow-samochodow-ciezarowych\/#breadcrumb"},"inLanguage":"pl-PL","potentialAction":[{"@type":"ReadAction","target":["https:\/\/kalinski.pl\/serwis\/tuning-wydechow-samochodow-ciezarowych\/"]}]},{"@type":"ImageObject","inLanguage":"pl-PL","@id":"https:\/\/kalinski.pl\/serwis\/tuning-wydechow-samochodow-ciezarowych\/#primaryimage","url":"https:\/\/kalinski.pl\/wp-content\/uploads\/Tuning_pojazdy_ciezarowe-1.jpg","contentUrl":"https:\/\/kalinski.pl\/wp-content\/uploads\/Tuning_pojazdy_ciezarowe-1.jpg"},{"@type":"BreadcrumbList","@id":"https:\/\/kalinski.pl\/serwis\/tuning-wydechow-samochodow-ciezarowych\/#breadcrumb","itemListElement":[{"@type":"ListItem","position":1,"name":"Strona g\u0142\u00f3wna","item":"https:\/\/kalinski.pl\/serwis\/"},{"@type":"ListItem","position":2,"name":"Tuning wydech\u00f3w samochod\u00f3w ci\u0119\u017carowych"}]},{"@type":"WebSite","@id":"https:\/\/kalinski.pl\/serwis\/#website","url":"https:\/\/kalinski.pl\/serwis\/","name":"Kali\u0144ski","description":"Uk\u0142ady wydechowe","publisher":{"@id":"https:\/\/kalinski.pl\/serwis\/#organization"},"potentialAction":[{"@type":"SearchAction","target":{"@type":"EntryPoint","urlTemplate":"https:\/\/kalinski.pl\/serwis\/?s={search_term_string}"},"query-input":{"@type":"PropertyValueSpecification","valueRequired":true,"valueName":"search_term_string"}}],"inLanguage":"pl-PL"},{"@type":"Organization","@id":"https:\/\/kalinski.pl\/serwis\/#organization","name":"Kali\u0144ski","url":"https:\/\/kalinski.pl\/serwis\/","logo":{"@type":"ImageObject","inLanguage":"pl-PL","@id":"https:\/\/kalinski.pl\/serwis\/#\/schema\/logo\/image\/","url":"https:\/\/kalinski.pl\/serwis\/wp-content\/uploads\/2019\/03\/cropped-logo_white.jpg","contentUrl":"https:\/\/kalinski.pl\/serwis\/wp-content\/uploads\/2019\/03\/cropped-logo_white.jpg","width":240,"height":63,"caption":"Kali\u0144ski"},"image":{"@id":"https:\/\/kalinski.pl\/serwis\/#\/schema\/logo\/image\/"}}]}},"_links":{"self":[{"href":"https:\/\/kalinski.pl\/serwis\/wp-json\/wp\/v2\/pages\/3971","targetHints":{"allow":["GET"]}}],"collection":[{"href":"https:\/\/kalinski.pl\/serwis\/wp-json\/wp\/v2\/pages"}],"about":[{"href":"https:\/\/kalinski.pl\/serwis\/wp-json\/wp\/v2\/types\/page"}],"author":[{"embeddable":true,"href":"https:\/\/kalinski.pl\/serwis\/wp-json\/wp\/v2\/users\/821795"}],"replies":[{"embeddable":true,"href":"https:\/\/kalinski.pl\/serwis\/wp-json\/wp\/v2\/comments?post=3971"}],"version-history":[{"count":10,"href":"https:\/\/kalinski.pl\/serwis\/wp-json\/wp\/v2\/pages\/3971\/revisions"}],"predecessor-version":[{"id":4936,"href":"https:\/\/kalinski.pl\/serwis\/wp-json\/wp\/v2\/pages\/3971\/revisions\/4936"}],"wp:attachment":[{"href":"https:\/\/kalinski.pl\/serwis\/wp-json\/wp\/v2\/media?parent=3971"}],"curies":[{"name":"wp","href":"https:\/\/api.w.org\/{rel}","templated":true}]}}