{"id":3944,"date":"2022-02-18T15:13:44","date_gmt":"2022-02-18T14:13:44","guid":{"rendered":"https:\/\/kalinski.pl\/?page_id=3944"},"modified":"2026-03-06T08:17:58","modified_gmt":"2026-03-06T07:17:58","slug":"naprawa-czyszczenie-i-regeneracja-filtrow-dpf-maszyn-budowlanych","status":"publish","type":"page","link":"https:\/\/kalinski.pl\/serwis\/naprawa-czyszczenie-i-regeneracja-filtrow-dpf-maszyn-budowlanych\/","title":{"rendered":"Naprawa, czyszczenie i regeneracja filtr\u00f3w DPF maszyn budowlanych"},"content":{"rendered":"<div class=\"katalizatory_png\"><img decoding=\"async\" class=\"alignleft size-full wp-image-4021\" src=\"https:\/\/kalinski.pl\/wp-content\/uploads\/bud1-3.jpg\" alt=\"\" width=\"1110\" height=\"381\" \/><\/div>\n<div class=\"odstepy_strona\">\n<p>Koparki, \u0142adowarki, walce, cysterny, d\u017awigi i inne maszyny budowlane czy robocze ka\u017cdego dnia pojawiaj\u0105 si\u0119 na drogach. Ich obecno\u015b\u0107 jest niezb\u0119dna przy dokonywaniu wi\u0119kszo\u015bci prac remontowych lub budowlanych. Nie oznacza to jednak, \u017ce mog\u0105 one pracowa\u0107 bez przerwy. R\u00f3wnie\u017c w ich przypadku niezb\u0119dne s\u0105 bowiem regularne kontrole po\u0142\u0105czone z serwisowaniem. Jest to najlepszy spos\u00f3b na ochron\u0119 maszyn przed naprawd\u0119 powa\u017cnymi awariami.<\/p>\n<p>Je\u017celi chodzi o usterki typowe dla maszyn budowlanych, mog\u0105 one dotyczy\u0107 mi\u0119dzy innymi uk\u0142adu wydechowego. Wynika to z faktu, \u017ce intensywna eksploatacja i praca silnika na ma\u0142ych obrotach zwi\u0119ksza ryzyko np. zapchania filtra DPF. Sk\u0105d bierze si\u0119 taka zale\u017cno\u015b\u0107? Ot\u00f3\u017c DPF pe\u0142ni niezwykle wa\u017cn\u0105 funkcj\u0119 w procesie cz\u0119\u015bciowego oczyszczania spalin. Przy intensywnej eksploatacji silnika ilo\u015b\u0107 wytwarzanych spalin wzrasta, a filtr wy\u0142apuje coraz wi\u0119cej zanieczyszcze\u0144. W pewnym momencie b\u0119dzie ich tak du\u017co, \u017ce zaczn\u0105 one blokowa\u0107 przepustowo\u015b\u0107 tego elementu. To z kolei grozi ca\u0142kowitym zapchaniem filtra i unieruchomieniem silnika.<\/p>\n<p>Aby zapobiega\u0107 takim sytuacjom, warto stale kontrolowa\u0107 stan techniczny uk\u0142adu wydechowego. Je\u017celi za\u015b filtr wykazuje objawy zapchania, nale\u017cy zastanowi\u0107 si\u0119 nad jego wymian\u0105 lub regeneracj\u0105. W naszej firmie zdecydowanie zach\u0119camy do skorzystania z regeneracji, zamiast zakupu nowego elementu. <strong>Naprawa filtr\u00f3w <a href=\"https:\/\/kalinski.pl\/sklep\/pl\/4386-filtry-czastek-stalych-dpf\">DPF maszyn budowlanych<\/a><\/strong> chroni przed wspomnianym unieruchomieniem silnika. Podczas tego procesu zanieczyszczenia s\u0105 usuwane z wn\u0119trza filtra, kt\u00f3ry w ten spos\u00f3b odzyskuje swoj\u0105 fabryczn\u0105 sprawno\u015b\u0107. Dlatego cz\u0119sto m\u00f3wi si\u0119, \u017ce jest to<strong> regeneracja filtr\u00f3w DPF maszyn budowlanych.<\/strong><\/p>\n<p>Rzecz jasna opisanej procedury nie mo\u017cna wykona\u0107 wsz\u0119dzie. Usuni\u0119cie takich zabrudze\u0144 wymaga bowiem specjalistycznego sprz\u0119tu. Z tego powodu warto powierzy\u0107 to zadanie naszej firmie. Jako dystrybutor i producent element\u00f3w uk\u0142ad\u00f3w wydechowych dysponujemy stosownym wyposa\u017ceniem do wykonywania takich prac. Dzi\u0119ki temu mo\u017cemy przeprowadzi\u0107 bardzo dok\u0142adne <strong>czyszczenie filtr\u00f3w <a href=\"https:\/\/kalinski.pl\/sklep\/pl\/4383-maszyny-budowlane?kategorie=filtry-czastek-stalych-dpf\">DPF maszyn budowlanych<\/a>.<\/strong> W ten spos\u00f3b zyskamy pewno\u015b\u0107, \u017ce zgromadzony popi\u00f3\u0142 oraz drobinki sadzy zosta\u0142y usuni\u0119te. Zazwyczaj w tak du\u017cych pojazdach stosujemy najskuteczniejsz\u0105 metod\u0119 czyli wymian\u0119 wk\u0142ad\u00f3w ceramicznych, kt\u00f3re znajduj\u0105 si\u0119 we wn\u0119trzu filtr\u00f3w. Je\u015bli natomiast filtr DPF nie jest mocno zabrudzony wydmuchujemy zanieczyszczenia strumieniem powietrza. Niekiedy w celu lepszego efektu najpierw dokonujemy wypalania zanieczyszcze\u0144 do postaci popio\u0142u co pomaga wydmucha\u0107 wszelkie zanieczyszczenia.<\/p>\n<p>W ramach naszych dzia\u0142a\u0144 zajmujemy si\u0119 filtrami i katalizatorami m.in. d\u017awig\u00f3w, koparek, wywrotek, \u0142adowarek, betoniarek, cystern, walc\u00f3w. Mieli\u015bmy okazj\u0119 wykonywa\u0107 takie us\u0142ugi jak:<\/p><\/div>\n<p>&#8211; regeneracja filtr\u00f3w i katalizator\u00f3w Caterpillar,<\/p>\n<p>&#8211; regeneracja filtr\u00f3w i katalizator\u00f3w Dossan,<\/p>\n<p>&#8211; regeneracja filtr\u00f3w i katalizator\u00f3w JCB<\/p>\n<p>&#8211; regeneracja filtr\u00f3w i katalizator\u00f3w HKL<\/p>\n<p>&#8211; regeneracja filtr\u00f3w i katalizator\u00f3w Komatsu<\/p>\n<p>&#8211; regeneracja filtr\u00f3w i katalizator\u00f3w Kubota.<\/p>\n<p>Zapraszamy wszystkich przedstawicieli firm budowlanych oraz w\u0142a\u015bcicieli takich pojazd\u00f3w do skorzystania z naszej oferty.<\/p>\n<p>&nbsp;<\/p>\n<div class=\"kontakt_frame_main\">\n\n<div class=\"su-posts su-posts-single-post \">\n\n\t\t\t\t\t\t\n\t\t\t\n\t\t\t<div id=\"su-post-2432\" class=\"su-post \">\n\t\t\t\t<h1 class=\"su-post-title\">kontakt Adam Czuprys<\/h1>\n\t\t\t\t<div class=\"su-post-meta\">\n\t\t\t\t\tOpublikowano:\n\t\t\t\t\t5 pa\u017adziernika 2020\t\t\t\t\t\t\t\t\t<\/div>\n\t\t\t\t<div class=\"su-post-content\">\n\t\t\t\t\t\t\t<div data-elementor-type=\"wp-post\" data-elementor-id=\"2432\" class=\"elementor elementor-2432\">\n\t\t\t\t\t\t<section class=\"elementor-section elementor-top-section elementor-element elementor-element-dbfcb36 elementor-section-boxed elementor-section-height-default elementor-section-height-default\" data-id=\"dbfcb36\" data-element_type=\"section\">\n\t\t\t\t\t\t<div class=\"elementor-container elementor-column-gap-default\">\n\t\t\t\t\t<div class=\"elementor-column elementor-col-100 elementor-top-column elementor-element elementor-element-53877ea\" data-id=\"53877ea\" data-element_type=\"column\">\n\t\t\t<div class=\"elementor-widget-wrap elementor-element-populated\">\n\t\t\t\t\t\t<div class=\"elementor-element elementor-element-6b95a6c h3_kontakt elementor-widget elementor-widget-heading\" data-id=\"6b95a6c\" data-element_type=\"widget\" data-widget_type=\"heading.default\">\n\t\t\t\t<div class=\"elementor-widget-container\">\n\t\t\t\t\t<h3 class=\"elementor-heading-title elementor-size-default\">Pojazdy ci\u0119\u017carowe<\/h3>\t\t\t\t<\/div>\n\t\t\t\t<\/div>\n\t\t\t\t\t<\/div>\n\t\t<\/div>\n\t\t\t\t\t<\/div>\n\t\t<\/section>\n\t\t\t\t<section class=\"elementor-section elementor-top-section elementor-element elementor-element-31735a1 elementor-section-boxed elementor-section-height-default elementor-section-height-default\" data-id=\"31735a1\" data-element_type=\"section\">\n\t\t\t\t\t\t<div class=\"elementor-container elementor-column-gap-default\">\n\t\t\t\t\t<div class=\"elementor-column elementor-col-100 elementor-top-column elementor-element elementor-element-d982bb9\" data-id=\"d982bb9\" data-element_type=\"column\">\n\t\t\t<div class=\"elementor-widget-wrap elementor-element-populated\">\n\t\t\t\t\t\t<div class=\"elementor-element elementor-element-70c08d8 elementor-position-left elementor-widget__width-initial member-name elementor-vertical-align-top elementor-widget elementor-widget-image-box\" data-id=\"70c08d8\" data-element_type=\"widget\" data-widget_type=\"image-box.default\">\n\t\t\t\t<div class=\"elementor-widget-container\">\n\t\t\t\t\t<div class=\"elementor-image-box-wrapper\"><figure class=\"elementor-image-box-img\"><img fetchpriority=\"high\" fetchpriority=\"high\" decoding=\"async\" width=\"400\" height=\"400\" src=\"https:\/\/kalinski.pl\/serwis\/wp-content\/uploads\/kk_adamczuprys.jpg\" class=\"attachment-full size-full wp-image-4728\" alt=\"kk adamczuprys\" \/><\/figure><div class=\"elementor-image-box-content\"><h3 class=\"elementor-image-box-title\">Adam Czuprys<\/h3><p class=\"elementor-image-box-description\"><div class=\"member-role\">Menad\u017cer dzia\u0142u ci\u0119\u017carowego<\/div>\n<div class=\"member-contact\">\n<a href=\"tel:+48618142777\">+48 61 814 27 77 wew. 102<\/a><br>\n<a href=\"tel:+48667343343\">Mob. 667 343 343<\/a><br>\nciezarowe@kalinski.pl\n<\/div><\/p><\/div><\/div>\t\t\t\t<\/div>\n\t\t\t\t<\/div>\n\t\t\t\t\t<\/div>\n\t\t<\/div>\n\t\t\t\t\t<\/div>\n\t\t<\/section>\n\t\t\t\t<\/div>\n\t\t\t\t\t\t<\/div>\n\t\t\t<\/div>\n\n\t\t\t\t\n<\/div>\n<\/div>\n<p>S\u0142owa kluczowe: regeneracja filtr\u00f3w DPF maszyn budowlanych, naprawa filtr\u00f3w DPF maszyn budowlanych, czyszczenie filtr\u00f3w DPF maszyn budowlanych.<\/p>\n","protected":false},"excerpt":{"rendered":"<p>Koparki, \u0142adowarki, walce, cysterny, d\u017awigi i inne maszyny budowlane czy robocze ka\u017cdego dnia pojawiaj\u0105 si\u0119 na drogach. Ich obecno\u015b\u0107 jest niezb\u0119dna przy dokonywaniu wi\u0119kszo\u015bci prac remontowych lub budowlanych. Nie oznacza to jednak, \u017ce mog\u0105 one pracowa\u0107 bez przerwy. R\u00f3wnie\u017c w ich przypadku niezb\u0119dne s\u0105 bowiem regularne kontrole po\u0142\u0105czone z serwisowaniem. Jest to najlepszy spos\u00f3b na &hellip; <a href=\"https:\/\/kalinski.pl\/serwis\/uslugi-adam-ciezarowe\/\" class=\"more-link\">Czytaj dalej<span class=\"screen-reader-text\"> kontakt Adam Czuprys<\/span><\/a><\/p>\n","protected":false},"author":821795,"featured_media":0,"parent":0,"menu_order":0,"comment_status":"closed","ping_status":"closed","template":"","meta":{"footnotes":""},"class_list":["post-3944","page","type-page","status-publish","hentry"],"yoast_head":"<!-- This site is optimized with the Yoast SEO plugin v26.7 - https:\/\/yoast.com\/wordpress\/plugins\/seo\/ -->\n<title>Naprawa, czyszczenie i regeneracja filtr\u00f3w DPF maszyn budowlanych | Kali\u0144ski<\/title>\n<meta name=\"description\" content=\"Naprawa, czyszczenie i regeneracja filtr\u00f3w DPF maszyn budowlanych\" \/>\n<meta name=\"robots\" content=\"index, follow, max-snippet:-1, max-image-preview:large, max-video-preview:-1\" \/>\n<link rel=\"canonical\" href=\"https:\/\/kalinski.pl\/serwis\/naprawa-czyszczenie-i-regeneracja-filtrow-dpf-maszyn-budowlanych\/\" \/>\n<meta property=\"og:locale\" content=\"pl_PL\" \/>\n<meta property=\"og:type\" content=\"article\" \/>\n<meta property=\"og:title\" content=\"Naprawa, czyszczenie i regeneracja filtr\u00f3w DPF maszyn budowlanych | Kali\u0144ski\" \/>\n<meta property=\"og:description\" content=\"Naprawa, czyszczenie i regeneracja filtr\u00f3w DPF maszyn budowlanych\" \/>\n<meta property=\"og:url\" content=\"https:\/\/kalinski.pl\/serwis\/naprawa-czyszczenie-i-regeneracja-filtrow-dpf-maszyn-budowlanych\/\" \/>\n<meta property=\"og:site_name\" content=\"Kali\u0144ski\" \/>\n<meta property=\"article:modified_time\" content=\"2026-03-06T07:17:58+00:00\" \/>\n<meta property=\"og:image\" content=\"https:\/\/kalinski.pl\/serwis\/wp-content\/uploads\/bud1-3.jpg\" \/>\n\t<meta property=\"og:image:width\" content=\"1110\" \/>\n\t<meta property=\"og:image:height\" content=\"381\" \/>\n\t<meta property=\"og:image:type\" content=\"image\/jpeg\" \/>\n<meta name=\"twitter:card\" content=\"summary_large_image\" \/>\n<meta name=\"twitter:label1\" content=\"Szacowany czas czytania\" \/>\n\t<meta name=\"twitter:data1\" content=\"3 minuty\" \/>\n<script type=\"application\/ld+json\" class=\"yoast-schema-graph\">{\"@context\":\"https:\/\/schema.org\",\"@graph\":[{\"@type\":\"WebPage\",\"@id\":\"https:\/\/kalinski.pl\/serwis\/naprawa-czyszczenie-i-regeneracja-filtrow-dpf-maszyn-budowlanych\/\",\"url\":\"https:\/\/kalinski.pl\/serwis\/naprawa-czyszczenie-i-regeneracja-filtrow-dpf-maszyn-budowlanych\/\",\"name\":\"Naprawa, czyszczenie i regeneracja filtr\u00f3w DPF maszyn budowlanych | Kali\u0144ski\",\"isPartOf\":{\"@id\":\"https:\/\/kalinski.pl\/serwis\/#website\"},\"primaryImageOfPage\":{\"@id\":\"https:\/\/kalinski.pl\/serwis\/naprawa-czyszczenie-i-regeneracja-filtrow-dpf-maszyn-budowlanych\/#primaryimage\"},\"image\":{\"@id\":\"https:\/\/kalinski.pl\/serwis\/naprawa-czyszczenie-i-regeneracja-filtrow-dpf-maszyn-budowlanych\/#primaryimage\"},\"thumbnailUrl\":\"https:\/\/kalinski.pl\/wp-content\/uploads\/bud1-3.jpg\",\"datePublished\":\"2022-02-18T14:13:44+00:00\",\"dateModified\":\"2026-03-06T07:17:58+00:00\",\"description\":\"Naprawa, czyszczenie i regeneracja filtr\u00f3w DPF maszyn budowlanych\",\"breadcrumb\":{\"@id\":\"https:\/\/kalinski.pl\/serwis\/naprawa-czyszczenie-i-regeneracja-filtrow-dpf-maszyn-budowlanych\/#breadcrumb\"},\"inLanguage\":\"pl-PL\",\"potentialAction\":[{\"@type\":\"ReadAction\",\"target\":[\"https:\/\/kalinski.pl\/serwis\/naprawa-czyszczenie-i-regeneracja-filtrow-dpf-maszyn-budowlanych\/\"]}]},{\"@type\":\"ImageObject\",\"inLanguage\":\"pl-PL\",\"@id\":\"https:\/\/kalinski.pl\/serwis\/naprawa-czyszczenie-i-regeneracja-filtrow-dpf-maszyn-budowlanych\/#primaryimage\",\"url\":\"https:\/\/kalinski.pl\/wp-content\/uploads\/bud1-3.jpg\",\"contentUrl\":\"https:\/\/kalinski.pl\/wp-content\/uploads\/bud1-3.jpg\"},{\"@type\":\"BreadcrumbList\",\"@id\":\"https:\/\/kalinski.pl\/serwis\/naprawa-czyszczenie-i-regeneracja-filtrow-dpf-maszyn-budowlanych\/#breadcrumb\",\"itemListElement\":[{\"@type\":\"ListItem\",\"position\":1,\"name\":\"Strona g\u0142\u00f3wna\",\"item\":\"https:\/\/kalinski.pl\/serwis\/\"},{\"@type\":\"ListItem\",\"position\":2,\"name\":\"Naprawa, czyszczenie i regeneracja filtr\u00f3w DPF maszyn budowlanych\"}]},{\"@type\":\"WebSite\",\"@id\":\"https:\/\/kalinski.pl\/serwis\/#website\",\"url\":\"https:\/\/kalinski.pl\/serwis\/\",\"name\":\"Kali\u0144ski\",\"description\":\"Uk\u0142ady wydechowe\",\"publisher\":{\"@id\":\"https:\/\/kalinski.pl\/serwis\/#organization\"},\"potentialAction\":[{\"@type\":\"SearchAction\",\"target\":{\"@type\":\"EntryPoint\",\"urlTemplate\":\"https:\/\/kalinski.pl\/serwis\/?s={search_term_string}\"},\"query-input\":{\"@type\":\"PropertyValueSpecification\",\"valueRequired\":true,\"valueName\":\"search_term_string\"}}],\"inLanguage\":\"pl-PL\"},{\"@type\":\"Organization\",\"@id\":\"https:\/\/kalinski.pl\/serwis\/#organization\",\"name\":\"Kali\u0144ski\",\"url\":\"https:\/\/kalinski.pl\/serwis\/\",\"logo\":{\"@type\":\"ImageObject\",\"inLanguage\":\"pl-PL\",\"@id\":\"https:\/\/kalinski.pl\/serwis\/#\/schema\/logo\/image\/\",\"url\":\"https:\/\/kalinski.pl\/serwis\/wp-content\/uploads\/2019\/03\/cropped-logo_white.jpg\",\"contentUrl\":\"https:\/\/kalinski.pl\/serwis\/wp-content\/uploads\/2019\/03\/cropped-logo_white.jpg\",\"width\":240,\"height\":63,\"caption\":\"Kali\u0144ski\"},\"image\":{\"@id\":\"https:\/\/kalinski.pl\/serwis\/#\/schema\/logo\/image\/\"}}]}<\/script>\n<!-- \/ Yoast SEO plugin. -->","yoast_head_json":{"title":"Naprawa, czyszczenie i regeneracja filtr\u00f3w DPF maszyn budowlanych | Kali\u0144ski","description":"Naprawa, czyszczenie i regeneracja filtr\u00f3w DPF maszyn budowlanych","robots":{"index":"index","follow":"follow","max-snippet":"max-snippet:-1","max-image-preview":"max-image-preview:large","max-video-preview":"max-video-preview:-1"},"canonical":"https:\/\/kalinski.pl\/serwis\/naprawa-czyszczenie-i-regeneracja-filtrow-dpf-maszyn-budowlanych\/","og_locale":"pl_PL","og_type":"article","og_title":"Naprawa, czyszczenie i regeneracja filtr\u00f3w DPF maszyn budowlanych | Kali\u0144ski","og_description":"Naprawa, czyszczenie i regeneracja filtr\u00f3w DPF maszyn budowlanych","og_url":"https:\/\/kalinski.pl\/serwis\/naprawa-czyszczenie-i-regeneracja-filtrow-dpf-maszyn-budowlanych\/","og_site_name":"Kali\u0144ski","article_modified_time":"2026-03-06T07:17:58+00:00","og_image":[{"width":1110,"height":381,"url":"https:\/\/kalinski.pl\/serwis\/wp-content\/uploads\/bud1-3.jpg","type":"image\/jpeg"}],"twitter_card":"summary_large_image","twitter_misc":{"Szacowany czas czytania":"3 minuty"},"schema":{"@context":"https:\/\/schema.org","@graph":[{"@type":"WebPage","@id":"https:\/\/kalinski.pl\/serwis\/naprawa-czyszczenie-i-regeneracja-filtrow-dpf-maszyn-budowlanych\/","url":"https:\/\/kalinski.pl\/serwis\/naprawa-czyszczenie-i-regeneracja-filtrow-dpf-maszyn-budowlanych\/","name":"Naprawa, czyszczenie i regeneracja filtr\u00f3w DPF maszyn budowlanych | Kali\u0144ski","isPartOf":{"@id":"https:\/\/kalinski.pl\/serwis\/#website"},"primaryImageOfPage":{"@id":"https:\/\/kalinski.pl\/serwis\/naprawa-czyszczenie-i-regeneracja-filtrow-dpf-maszyn-budowlanych\/#primaryimage"},"image":{"@id":"https:\/\/kalinski.pl\/serwis\/naprawa-czyszczenie-i-regeneracja-filtrow-dpf-maszyn-budowlanych\/#primaryimage"},"thumbnailUrl":"https:\/\/kalinski.pl\/wp-content\/uploads\/bud1-3.jpg","datePublished":"2022-02-18T14:13:44+00:00","dateModified":"2026-03-06T07:17:58+00:00","description":"Naprawa, czyszczenie i regeneracja filtr\u00f3w DPF maszyn budowlanych","breadcrumb":{"@id":"https:\/\/kalinski.pl\/serwis\/naprawa-czyszczenie-i-regeneracja-filtrow-dpf-maszyn-budowlanych\/#breadcrumb"},"inLanguage":"pl-PL","potentialAction":[{"@type":"ReadAction","target":["https:\/\/kalinski.pl\/serwis\/naprawa-czyszczenie-i-regeneracja-filtrow-dpf-maszyn-budowlanych\/"]}]},{"@type":"ImageObject","inLanguage":"pl-PL","@id":"https:\/\/kalinski.pl\/serwis\/naprawa-czyszczenie-i-regeneracja-filtrow-dpf-maszyn-budowlanych\/#primaryimage","url":"https:\/\/kalinski.pl\/wp-content\/uploads\/bud1-3.jpg","contentUrl":"https:\/\/kalinski.pl\/wp-content\/uploads\/bud1-3.jpg"},{"@type":"BreadcrumbList","@id":"https:\/\/kalinski.pl\/serwis\/naprawa-czyszczenie-i-regeneracja-filtrow-dpf-maszyn-budowlanych\/#breadcrumb","itemListElement":[{"@type":"ListItem","position":1,"name":"Strona g\u0142\u00f3wna","item":"https:\/\/kalinski.pl\/serwis\/"},{"@type":"ListItem","position":2,"name":"Naprawa, czyszczenie i regeneracja filtr\u00f3w DPF maszyn budowlanych"}]},{"@type":"WebSite","@id":"https:\/\/kalinski.pl\/serwis\/#website","url":"https:\/\/kalinski.pl\/serwis\/","name":"Kali\u0144ski","description":"Uk\u0142ady wydechowe","publisher":{"@id":"https:\/\/kalinski.pl\/serwis\/#organization"},"potentialAction":[{"@type":"SearchAction","target":{"@type":"EntryPoint","urlTemplate":"https:\/\/kalinski.pl\/serwis\/?s={search_term_string}"},"query-input":{"@type":"PropertyValueSpecification","valueRequired":true,"valueName":"search_term_string"}}],"inLanguage":"pl-PL"},{"@type":"Organization","@id":"https:\/\/kalinski.pl\/serwis\/#organization","name":"Kali\u0144ski","url":"https:\/\/kalinski.pl\/serwis\/","logo":{"@type":"ImageObject","inLanguage":"pl-PL","@id":"https:\/\/kalinski.pl\/serwis\/#\/schema\/logo\/image\/","url":"https:\/\/kalinski.pl\/serwis\/wp-content\/uploads\/2019\/03\/cropped-logo_white.jpg","contentUrl":"https:\/\/kalinski.pl\/serwis\/wp-content\/uploads\/2019\/03\/cropped-logo_white.jpg","width":240,"height":63,"caption":"Kali\u0144ski"},"image":{"@id":"https:\/\/kalinski.pl\/serwis\/#\/schema\/logo\/image\/"}}]}},"_links":{"self":[{"href":"https:\/\/kalinski.pl\/serwis\/wp-json\/wp\/v2\/pages\/3944","targetHints":{"allow":["GET"]}}],"collection":[{"href":"https:\/\/kalinski.pl\/serwis\/wp-json\/wp\/v2\/pages"}],"about":[{"href":"https:\/\/kalinski.pl\/serwis\/wp-json\/wp\/v2\/types\/page"}],"author":[{"embeddable":true,"href":"https:\/\/kalinski.pl\/serwis\/wp-json\/wp\/v2\/users\/821795"}],"replies":[{"embeddable":true,"href":"https:\/\/kalinski.pl\/serwis\/wp-json\/wp\/v2\/comments?post=3944"}],"version-history":[{"count":20,"href":"https:\/\/kalinski.pl\/serwis\/wp-json\/wp\/v2\/pages\/3944\/revisions"}],"predecessor-version":[{"id":4934,"href":"https:\/\/kalinski.pl\/serwis\/wp-json\/wp\/v2\/pages\/3944\/revisions\/4934"}],"wp:attachment":[{"href":"https:\/\/kalinski.pl\/serwis\/wp-json\/wp\/v2\/media?parent=3944"}],"curies":[{"name":"wp","href":"https:\/\/api.w.org\/{rel}","templated":true}]}}