{"id":3780,"date":"2022-01-18T10:58:18","date_gmt":"2022-01-18T09:58:18","guid":{"rendered":"https:\/\/kalinski.pl\/?page_id=3780"},"modified":"2022-01-18T10:58:18","modified_gmt":"2022-01-18T09:58:18","slug":"regeneracja-katalizatorow-i-filtrow-dpf-poznan-wilda","status":"publish","type":"page","link":"https:\/\/kalinski.pl\/serwis\/regeneracja-katalizatorow-i-filtrow-dpf-poznan-wilda\/","title":{"rendered":"Regeneracja katalizator\u00f3w i filtr\u00f3w DPF Pozna\u0144 Wilda"},"content":{"rendered":"\r\n<figure class=\"wp-block-image size-large\"><img fetchpriority=\"high\" decoding=\"async\" width=\"1110\" height=\"303\" class=\"wp-image-1568\" src=\"https:\/\/kalinski.pl\/wp-content\/uploads\/Filtry_Kalinski-1-1110x303.png\" alt=\"\" \/><\/figure>\r\n\r\n\r\n<p align=\"justify\">\u00a0<\/p>\r\n<p align=\"justify\"><strong>Regeneracja katalizator\u00f3w Pozna\u0144 Wilda<\/strong> to coraz popularniejsza us\u0142uga, wykonywana zar\u00f3wno stacjonarnie w naszym serwisie jak i wysy\u0142kowo. Jeste\u015bmy bardzo elastyczni, mo\u017cemy zregenerowa\u0107 filtry i katalizatory na miejscu lub wys\u0142a\u0107 ju\u017c zregenerowany. Mamy spory magazyn, dzi\u0119ki temu wiele produkt\u00f3w ju\u017c gotowych do wys\u0142ania.<\/p>\r\n<p align=\"justify\"><strong>Naprawa katalizator\u00f3w Pozna\u0144 Wilda<\/strong> wykonywana poprzez regeneracje nie jest czasoch\u0142onna, wymaga jedynie wymiany znajduj\u0105cego si\u0119 wewn\u0105trz wk\u0142adu. Przy zastosowaniu odpowiednich narz\u0119dzi oraz do\u015bwiadczeniu wykonuj\u0105cych takie prace os\u00f3b efektem ko\u0144cowym jest podzesp\u00f3\u0142 o w\u0142a\u015bciwo\u015bciach takich samych jak nowa cz\u0119\u015b\u0107. Jednak regeneracja to nie tylko wymiana wk\u0142adu, niezb\u0119dne jest r\u00f3wnie\u017c dok\u0142adne <strong>czyszczenie katalizatora Pozna\u0144 Wilda<\/strong> polegaj\u0105ce na odnowieniu obudowy i innych element\u00f3w. Regeneracj\u0119 wykonujemy kompleksowo.<\/p>\r\n<p align=\"justify\">Wymiana wk\u0142adu i dok\u0142adne czyszczenie cz\u0119\u015bci to r\u00f3wnie\u017c spos\u00f3b, w jaki jest realizowana <strong>regeneracja filtr\u00f3w DPF Pozna\u0144 Wilda.<\/strong> Powodem dla kt\u00f3rego regeneracja filtr\u00f3w cz\u0105stek sta\u0142ych Pozna\u0144 Wilda jest wykonywana w taki spos\u00f3b jest fakt, i\u017c s\u0105 one zbli\u017cone do siebie jak chodzi o ich budow\u0119. Filtry DPF w pojazdach osobowych mo\u017cna r\u00f3wnie\u017c regenerowa\u0107 z u\u017cyciem r\u00f3\u017cnych metod. W naszym serwisie korzystamy z maszyny Hartridge DPF 300. Z u\u017cyciem maszyny sprawdzamy przepustowo\u015b\u0107, wydmuchujemy i wypalamy zanieczyszczenia. Nasza firma znajduje si\u0119 w podpozna\u0144skich Chybach, \u0142atwo do nas dotrze\u0107 z pozna\u0144skiej dzielnicy Wilda. Ka\u017cdy mo\u017ce do nas dojecha\u0107 autostrad\u0105 a kolejno drog\u0105 ekspresow\u0105 S-11, tzw. Zachodni\u0105 obwodnic\u0105 Poznania.<\/p>\r\n<table style=\"border-collapse: collapse; width: 100%;\">\r\n<tbody>\r\n<tr>\r\n<td style=\"width: 33%;\"><a href=\"https:\/\/kalinski.pl\/sklep\/pl\/4358-filtry-czastek-stalych-dpffap\" target=\"_blank\" rel=\"noopener\"><img decoding=\"async\" class=\"alignnone wp-image-3371 size-full\" src=\"https:\/\/kalinski.pl\/wp-content\/uploads\/800x300_1.jpg\" alt=\"\" width=\"800\" height=\"300\" \/><\/a><\/td>\r\n<td style=\"width: 33%;\"><a href=\"https:\/\/kalinski.pl\/sklep\/pl\/4356-katalizatory-samochodowe\" target=\"_blank\" rel=\"noopener\"><img decoding=\"async\" class=\"alignnone wp-image-3370 size-full\" src=\"https:\/\/kalinski.pl\/wp-content\/uploads\/800x300_2.jpg\" alt=\"\" width=\"800\" height=\"300\" \/><\/a><\/td>\r\n<td style=\"width: 33%;\"><a href=\"https:\/\/kalinski.pl\/sklep\/pl\/szukaj?controller=search&amp;search_query=regeneracja\" target=\"_blank\" rel=\"noopener\"><img loading=\"lazy\" decoding=\"async\" class=\"alignnone wp-image-3393 size-full\" src=\"https:\/\/kalinski.pl\/wp-content\/uploads\/Regeneracja_PZ.jpg\" alt=\"\" width=\"800\" height=\"300\" \/><\/a><\/td>\r\n<\/tr>\r\n<\/tbody>\r\n<\/table>\r\n\r\n\r\n<p>\r\n<\/p>\r\n\t\t<div data-elementor-type=\"wp-post\" data-elementor-id=\"3002\" class=\"elementor elementor-3002\">\n\t\t\t\t\t\t<section class=\"elementor-section elementor-top-section elementor-element elementor-element-cefde73 elementor-section-boxed elementor-section-height-default elementor-section-height-default\" data-id=\"cefde73\" data-element_type=\"section\">\n\t\t\t\t\t\t<div class=\"elementor-container elementor-column-gap-default\">\n\t\t\t\t\t<div class=\"elementor-column elementor-col-100 elementor-top-column elementor-element elementor-element-970e36a\" data-id=\"970e36a\" data-element_type=\"column\">\n\t\t\t<div class=\"elementor-widget-wrap elementor-element-populated\">\n\t\t\t\t\t\t<div class=\"elementor-element elementor-element-6c30b54 elementor-widget elementor-widget-heading\" data-id=\"6c30b54\" data-element_type=\"widget\" data-widget_type=\"heading.default\">\n\t\t\t\t<div class=\"elementor-widget-container\">\n\t\t\t\t\t<h2 class=\"elementor-heading-title elementor-size-default\">Jeste\u015bmy do Twojej dyspozycji<\/h2>\t\t\t\t<\/div>\n\t\t\t\t<\/div>\n\t\t\t\t\t<\/div>\n\t\t<\/div>\n\t\t\t\t\t<\/div>\n\t\t<\/section>\n\t\t\t\t<section class=\"elementor-section elementor-top-section elementor-element elementor-element-f0f0ab2 elementor-section-boxed elementor-section-height-default elementor-section-height-default\" data-id=\"f0f0ab2\" data-element_type=\"section\">\n\t\t\t\t\t\t<div class=\"elementor-container elementor-column-gap-default\">\n\t\t\t\t\t<div class=\"elementor-column elementor-col-50 elementor-top-column elementor-element elementor-element-df75edc\" data-id=\"df75edc\" data-element_type=\"column\">\n\t\t\t<div class=\"elementor-widget-wrap elementor-element-populated\">\n\t\t\t\t\t\t<div class=\"elementor-element elementor-element-5d3129f elementor-position-left elementor-vertical-align-top elementor-widget elementor-widget-image-box\" data-id=\"5d3129f\" data-element_type=\"widget\" data-widget_type=\"image-box.default\">\n\t\t\t\t<div class=\"elementor-widget-container\">\n\t\t\t\t\t<div class=\"elementor-image-box-wrapper\"><figure class=\"elementor-image-box-img\"><img loading=\"lazy\" decoding=\"async\" width=\"135\" height=\"141\" src=\"https:\/\/kalinski.pl\/serwis\/wp-content\/uploads\/smateusz.jpg\" class=\"attachment-full size-full wp-image-3005\" alt=\"smateusz\" \/><\/figure><div class=\"elementor-image-box-content\"><h3 class=\"elementor-image-box-title\">Mateusz<\/h3><p class=\"elementor-image-box-description\">Pojazdy osobowe, dostawcze<\/p><\/div><\/div>\t\t\t\t<\/div>\n\t\t\t\t<\/div>\n\t\t\t\t<div class=\"elementor-element elementor-element-ccda357 elementor-widget elementor-widget-text-editor\" data-id=\"ccda357\" data-element_type=\"widget\" data-widget_type=\"text-editor.default\">\n\t\t\t\t<div class=\"elementor-widget-container\">\n\t\t\t\t\t\t\t\t\t<p><a href=\"tel:0048618142777\">+48 61 814 27 77 \/ wew 101<\/a><\/p>\n<p>biuro@kalinski.pl<\/p>\t\t\t\t\t\t\t\t<\/div>\n\t\t\t\t<\/div>\n\t\t\t\t\t<\/div>\n\t\t<\/div>\n\t\t\t\t<div class=\"elementor-column elementor-col-50 elementor-top-column elementor-element elementor-element-6025541\" data-id=\"6025541\" data-element_type=\"column\">\n\t\t\t<div class=\"elementor-widget-wrap elementor-element-populated\">\n\t\t\t\t\t\t<div class=\"elementor-element elementor-element-b645a1a elementor-position-left elementor-vertical-align-top elementor-widget elementor-widget-image-box\" data-id=\"b645a1a\" data-element_type=\"widget\" data-widget_type=\"image-box.default\">\n\t\t\t\t<div class=\"elementor-widget-container\">\n\t\t\t\t\t<div class=\"elementor-image-box-wrapper\"><figure class=\"elementor-image-box-img\"><img loading=\"lazy\" decoding=\"async\" width=\"135\" height=\"141\" src=\"https:\/\/kalinski.pl\/serwis\/wp-content\/uploads\/sadam.jpg\" class=\"attachment-full size-full wp-image-3004\" alt=\"sadam\" \/><\/figure><div class=\"elementor-image-box-content\"><h3 class=\"elementor-image-box-title\">Adam<\/h3><p class=\"elementor-image-box-description\">Samochody ci\u0119\u017carowe<\/p><\/div><\/div>\t\t\t\t<\/div>\n\t\t\t\t<\/div>\n\t\t\t\t<div class=\"elementor-element elementor-element-7fa9a86 elementor-widget elementor-widget-text-editor\" data-id=\"7fa9a86\" data-element_type=\"widget\" data-widget_type=\"text-editor.default\">\n\t\t\t\t<div class=\"elementor-widget-container\">\n\t\t\t\t\t\t\t\t\t<p><a href=\"tel:0048618142777\">+48 61 814 27 77 \/ wew 102<\/a><\/p>\n<p>ciezarowe@kalinski.pl<\/p>\t\t\t\t\t\t\t\t<\/div>\n\t\t\t\t<\/div>\n\t\t\t\t\t<\/div>\n\t\t<\/div>\n\t\t\t\t\t<\/div>\n\t\t<\/section>\n\t\t\t\t<\/div>\n\t\t\r\n<!-- \/wp:html -->\r\n<!-- wp:tadv\/classic-paragraph \/-->\r\n<p>S\u0142owa kluczowe: regeneracja katalizator\u00f3w Pozna\u0144 Wilda; czyszczenie katalizatora Pozna\u0144 Wilda; naprawa katalizator\u00f3w Pozna\u0144 Wilda; regeneracja filtr\u00f3w dpf Pozna\u0144 Wilda; regeneracja filtr\u00f3w cz\u0105stek sta\u0142ych Pozna\u0144 Wilda<\/p>","protected":false},"excerpt":{"rendered":"<p>\u00a0 Regeneracja katalizator\u00f3w Pozna\u0144 Wilda to coraz popularniejsza us\u0142uga, wykonywana zar\u00f3wno stacjonarnie w naszym serwisie jak i wysy\u0142kowo. Jeste\u015bmy bardzo elastyczni, mo\u017cemy zregenerowa\u0107 filtry i katalizatory na miejscu lub wys\u0142a\u0107 ju\u017c zregenerowany. Mamy spory magazyn, dzi\u0119ki temu wiele produkt\u00f3w ju\u017c gotowych do wys\u0142ania. Naprawa katalizator\u00f3w Pozna\u0144 Wilda wykonywana poprzez regeneracje nie jest czasoch\u0142onna, wymaga jedynie &hellip; <a href=\"https:\/\/kalinski.pl\/serwis\/regeneracja-katalizatorow-i-filtrow-dpf-poznan-wilda\/\" class=\"more-link\">Czytaj dalej<span class=\"screen-reader-text\"> Regeneracja katalizator\u00f3w i filtr\u00f3w DPF Pozna\u0144 Wilda<\/span><\/a><\/p>\n","protected":false},"author":821795,"featured_media":0,"parent":0,"menu_order":0,"comment_status":"closed","ping_status":"closed","template":"","meta":{"footnotes":""},"class_list":["post-3780","page","type-page","status-publish","hentry"],"yoast_head":"<!-- This site is optimized with the Yoast SEO plugin v26.7 - https:\/\/yoast.com\/wordpress\/plugins\/seo\/ -->\n<title>Regeneracja katalizator\u00f3w i filtr\u00f3w DPF Pozna\u0144 Wilda | Kali\u0144ski<\/title>\n<meta name=\"description\" content=\"Ze wzgl\u0119du na dojazd do naszej firmy ch\u0119tnie wykonujemy us\u0142ugi regeneracja katalizator\u00f3w i filtr\u00f3w DPF Pozna\u0144 Wilda.\" \/>\n<meta name=\"robots\" content=\"index, follow, max-snippet:-1, max-image-preview:large, max-video-preview:-1\" \/>\n<link rel=\"canonical\" href=\"https:\/\/kalinski.pl\/serwis\/regeneracja-katalizatorow-i-filtrow-dpf-poznan-wilda\/\" \/>\n<meta property=\"og:locale\" content=\"pl_PL\" \/>\n<meta property=\"og:type\" content=\"article\" \/>\n<meta property=\"og:title\" content=\"Regeneracja katalizator\u00f3w i filtr\u00f3w DPF Pozna\u0144 Wilda | Kali\u0144ski\" \/>\n<meta property=\"og:description\" content=\"Ze wzgl\u0119du na dojazd do naszej firmy ch\u0119tnie wykonujemy us\u0142ugi regeneracja katalizator\u00f3w i filtr\u00f3w DPF Pozna\u0144 Wilda.\" \/>\n<meta property=\"og:url\" content=\"https:\/\/kalinski.pl\/serwis\/regeneracja-katalizatorow-i-filtrow-dpf-poznan-wilda\/\" \/>\n<meta property=\"og:site_name\" content=\"Kali\u0144ski\" \/>\n<meta property=\"og:image\" content=\"https:\/\/kalinski.pl\/wp-content\/uploads\/Filtry_Kalinski-1-1110x303.png\" \/>\n<meta name=\"twitter:card\" content=\"summary_large_image\" \/>\n<meta name=\"twitter:label1\" content=\"Szacowany czas czytania\" \/>\n\t<meta name=\"twitter:data1\" content=\"3 minuty\" \/>\n<script type=\"application\/ld+json\" class=\"yoast-schema-graph\">{\"@context\":\"https:\/\/schema.org\",\"@graph\":[{\"@type\":\"WebPage\",\"@id\":\"https:\/\/kalinski.pl\/serwis\/regeneracja-katalizatorow-i-filtrow-dpf-poznan-wilda\/\",\"url\":\"https:\/\/kalinski.pl\/serwis\/regeneracja-katalizatorow-i-filtrow-dpf-poznan-wilda\/\",\"name\":\"Regeneracja katalizator\u00f3w i filtr\u00f3w DPF Pozna\u0144 Wilda | Kali\u0144ski\",\"isPartOf\":{\"@id\":\"https:\/\/kalinski.pl\/serwis\/#website\"},\"primaryImageOfPage\":{\"@id\":\"https:\/\/kalinski.pl\/serwis\/regeneracja-katalizatorow-i-filtrow-dpf-poznan-wilda\/#primaryimage\"},\"image\":{\"@id\":\"https:\/\/kalinski.pl\/serwis\/regeneracja-katalizatorow-i-filtrow-dpf-poznan-wilda\/#primaryimage\"},\"thumbnailUrl\":\"https:\/\/kalinski.pl\/wp-content\/uploads\/Filtry_Kalinski-1-1110x303.png\",\"datePublished\":\"2022-01-18T09:58:18+00:00\",\"description\":\"Ze wzgl\u0119du na dojazd do naszej firmy ch\u0119tnie wykonujemy us\u0142ugi regeneracja katalizator\u00f3w i filtr\u00f3w DPF Pozna\u0144 Wilda.\",\"breadcrumb\":{\"@id\":\"https:\/\/kalinski.pl\/serwis\/regeneracja-katalizatorow-i-filtrow-dpf-poznan-wilda\/#breadcrumb\"},\"inLanguage\":\"pl-PL\",\"potentialAction\":[{\"@type\":\"ReadAction\",\"target\":[\"https:\/\/kalinski.pl\/serwis\/regeneracja-katalizatorow-i-filtrow-dpf-poznan-wilda\/\"]}]},{\"@type\":\"ImageObject\",\"inLanguage\":\"pl-PL\",\"@id\":\"https:\/\/kalinski.pl\/serwis\/regeneracja-katalizatorow-i-filtrow-dpf-poznan-wilda\/#primaryimage\",\"url\":\"https:\/\/kalinski.pl\/wp-content\/uploads\/Filtry_Kalinski-1-1110x303.png\",\"contentUrl\":\"https:\/\/kalinski.pl\/wp-content\/uploads\/Filtry_Kalinski-1-1110x303.png\"},{\"@type\":\"BreadcrumbList\",\"@id\":\"https:\/\/kalinski.pl\/serwis\/regeneracja-katalizatorow-i-filtrow-dpf-poznan-wilda\/#breadcrumb\",\"itemListElement\":[{\"@type\":\"ListItem\",\"position\":1,\"name\":\"Strona g\u0142\u00f3wna\",\"item\":\"https:\/\/kalinski.pl\/serwis\/\"},{\"@type\":\"ListItem\",\"position\":2,\"name\":\"Regeneracja katalizator\u00f3w i filtr\u00f3w DPF Pozna\u0144 Wilda\"}]},{\"@type\":\"WebSite\",\"@id\":\"https:\/\/kalinski.pl\/serwis\/#website\",\"url\":\"https:\/\/kalinski.pl\/serwis\/\",\"name\":\"Kali\u0144ski\",\"description\":\"Uk\u0142ady wydechowe\",\"publisher\":{\"@id\":\"https:\/\/kalinski.pl\/serwis\/#organization\"},\"potentialAction\":[{\"@type\":\"SearchAction\",\"target\":{\"@type\":\"EntryPoint\",\"urlTemplate\":\"https:\/\/kalinski.pl\/serwis\/?s={search_term_string}\"},\"query-input\":{\"@type\":\"PropertyValueSpecification\",\"valueRequired\":true,\"valueName\":\"search_term_string\"}}],\"inLanguage\":\"pl-PL\"},{\"@type\":\"Organization\",\"@id\":\"https:\/\/kalinski.pl\/serwis\/#organization\",\"name\":\"Kali\u0144ski\",\"url\":\"https:\/\/kalinski.pl\/serwis\/\",\"logo\":{\"@type\":\"ImageObject\",\"inLanguage\":\"pl-PL\",\"@id\":\"https:\/\/kalinski.pl\/serwis\/#\/schema\/logo\/image\/\",\"url\":\"https:\/\/kalinski.pl\/serwis\/wp-content\/uploads\/2019\/03\/cropped-logo_white.jpg\",\"contentUrl\":\"https:\/\/kalinski.pl\/serwis\/wp-content\/uploads\/2019\/03\/cropped-logo_white.jpg\",\"width\":240,\"height\":63,\"caption\":\"Kali\u0144ski\"},\"image\":{\"@id\":\"https:\/\/kalinski.pl\/serwis\/#\/schema\/logo\/image\/\"}}]}<\/script>\n<!-- \/ Yoast SEO plugin. -->","yoast_head_json":{"title":"Regeneracja katalizator\u00f3w i filtr\u00f3w DPF Pozna\u0144 Wilda | Kali\u0144ski","description":"Ze wzgl\u0119du na dojazd do naszej firmy ch\u0119tnie wykonujemy us\u0142ugi regeneracja katalizator\u00f3w i filtr\u00f3w DPF Pozna\u0144 Wilda.","robots":{"index":"index","follow":"follow","max-snippet":"max-snippet:-1","max-image-preview":"max-image-preview:large","max-video-preview":"max-video-preview:-1"},"canonical":"https:\/\/kalinski.pl\/serwis\/regeneracja-katalizatorow-i-filtrow-dpf-poznan-wilda\/","og_locale":"pl_PL","og_type":"article","og_title":"Regeneracja katalizator\u00f3w i filtr\u00f3w DPF Pozna\u0144 Wilda | Kali\u0144ski","og_description":"Ze wzgl\u0119du na dojazd do naszej firmy ch\u0119tnie wykonujemy us\u0142ugi regeneracja katalizator\u00f3w i filtr\u00f3w DPF Pozna\u0144 Wilda.","og_url":"https:\/\/kalinski.pl\/serwis\/regeneracja-katalizatorow-i-filtrow-dpf-poznan-wilda\/","og_site_name":"Kali\u0144ski","og_image":[{"url":"https:\/\/kalinski.pl\/wp-content\/uploads\/Filtry_Kalinski-1-1110x303.png","type":"","width":"","height":""}],"twitter_card":"summary_large_image","twitter_misc":{"Szacowany czas czytania":"3 minuty"},"schema":{"@context":"https:\/\/schema.org","@graph":[{"@type":"WebPage","@id":"https:\/\/kalinski.pl\/serwis\/regeneracja-katalizatorow-i-filtrow-dpf-poznan-wilda\/","url":"https:\/\/kalinski.pl\/serwis\/regeneracja-katalizatorow-i-filtrow-dpf-poznan-wilda\/","name":"Regeneracja katalizator\u00f3w i filtr\u00f3w DPF Pozna\u0144 Wilda | Kali\u0144ski","isPartOf":{"@id":"https:\/\/kalinski.pl\/serwis\/#website"},"primaryImageOfPage":{"@id":"https:\/\/kalinski.pl\/serwis\/regeneracja-katalizatorow-i-filtrow-dpf-poznan-wilda\/#primaryimage"},"image":{"@id":"https:\/\/kalinski.pl\/serwis\/regeneracja-katalizatorow-i-filtrow-dpf-poznan-wilda\/#primaryimage"},"thumbnailUrl":"https:\/\/kalinski.pl\/wp-content\/uploads\/Filtry_Kalinski-1-1110x303.png","datePublished":"2022-01-18T09:58:18+00:00","description":"Ze wzgl\u0119du na dojazd do naszej firmy ch\u0119tnie wykonujemy us\u0142ugi regeneracja katalizator\u00f3w i filtr\u00f3w DPF Pozna\u0144 Wilda.","breadcrumb":{"@id":"https:\/\/kalinski.pl\/serwis\/regeneracja-katalizatorow-i-filtrow-dpf-poznan-wilda\/#breadcrumb"},"inLanguage":"pl-PL","potentialAction":[{"@type":"ReadAction","target":["https:\/\/kalinski.pl\/serwis\/regeneracja-katalizatorow-i-filtrow-dpf-poznan-wilda\/"]}]},{"@type":"ImageObject","inLanguage":"pl-PL","@id":"https:\/\/kalinski.pl\/serwis\/regeneracja-katalizatorow-i-filtrow-dpf-poznan-wilda\/#primaryimage","url":"https:\/\/kalinski.pl\/wp-content\/uploads\/Filtry_Kalinski-1-1110x303.png","contentUrl":"https:\/\/kalinski.pl\/wp-content\/uploads\/Filtry_Kalinski-1-1110x303.png"},{"@type":"BreadcrumbList","@id":"https:\/\/kalinski.pl\/serwis\/regeneracja-katalizatorow-i-filtrow-dpf-poznan-wilda\/#breadcrumb","itemListElement":[{"@type":"ListItem","position":1,"name":"Strona g\u0142\u00f3wna","item":"https:\/\/kalinski.pl\/serwis\/"},{"@type":"ListItem","position":2,"name":"Regeneracja katalizator\u00f3w i filtr\u00f3w DPF Pozna\u0144 Wilda"}]},{"@type":"WebSite","@id":"https:\/\/kalinski.pl\/serwis\/#website","url":"https:\/\/kalinski.pl\/serwis\/","name":"Kali\u0144ski","description":"Uk\u0142ady wydechowe","publisher":{"@id":"https:\/\/kalinski.pl\/serwis\/#organization"},"potentialAction":[{"@type":"SearchAction","target":{"@type":"EntryPoint","urlTemplate":"https:\/\/kalinski.pl\/serwis\/?s={search_term_string}"},"query-input":{"@type":"PropertyValueSpecification","valueRequired":true,"valueName":"search_term_string"}}],"inLanguage":"pl-PL"},{"@type":"Organization","@id":"https:\/\/kalinski.pl\/serwis\/#organization","name":"Kali\u0144ski","url":"https:\/\/kalinski.pl\/serwis\/","logo":{"@type":"ImageObject","inLanguage":"pl-PL","@id":"https:\/\/kalinski.pl\/serwis\/#\/schema\/logo\/image\/","url":"https:\/\/kalinski.pl\/serwis\/wp-content\/uploads\/2019\/03\/cropped-logo_white.jpg","contentUrl":"https:\/\/kalinski.pl\/serwis\/wp-content\/uploads\/2019\/03\/cropped-logo_white.jpg","width":240,"height":63,"caption":"Kali\u0144ski"},"image":{"@id":"https:\/\/kalinski.pl\/serwis\/#\/schema\/logo\/image\/"}}]}},"_links":{"self":[{"href":"https:\/\/kalinski.pl\/serwis\/wp-json\/wp\/v2\/pages\/3780","targetHints":{"allow":["GET"]}}],"collection":[{"href":"https:\/\/kalinski.pl\/serwis\/wp-json\/wp\/v2\/pages"}],"about":[{"href":"https:\/\/kalinski.pl\/serwis\/wp-json\/wp\/v2\/types\/page"}],"author":[{"embeddable":true,"href":"https:\/\/kalinski.pl\/serwis\/wp-json\/wp\/v2\/users\/821795"}],"replies":[{"embeddable":true,"href":"https:\/\/kalinski.pl\/serwis\/wp-json\/wp\/v2\/comments?post=3780"}],"version-history":[{"count":1,"href":"https:\/\/kalinski.pl\/serwis\/wp-json\/wp\/v2\/pages\/3780\/revisions"}],"predecessor-version":[{"id":3781,"href":"https:\/\/kalinski.pl\/serwis\/wp-json\/wp\/v2\/pages\/3780\/revisions\/3781"}],"wp:attachment":[{"href":"https:\/\/kalinski.pl\/serwis\/wp-json\/wp\/v2\/media?parent=3780"}],"curies":[{"name":"wp","href":"https:\/\/api.w.org\/{rel}","templated":true}]}}