{"id":3710,"date":"2021-12-20T16:39:11","date_gmt":"2021-12-20T15:39:11","guid":{"rendered":"https:\/\/kalinski.pl\/?page_id=3710"},"modified":"2026-03-18T11:26:41","modified_gmt":"2026-03-18T10:26:41","slug":"regeneracja-filtrow-dpf-busow-autobusow","status":"publish","type":"page","link":"https:\/\/kalinski.pl\/serwis\/regeneracja-filtrow-dpf-busow-autobusow\/","title":{"rendered":"Regeneracja filtr\u00f3w DPF bus\u00f3w i autobus\u00f3w"},"content":{"rendered":"<div class=\"katalizatory_png\"><img decoding=\"async\" class=\"alignnone size-full wp-image-3765\" src=\"https:\/\/kalinski.pl\/wp-content\/uploads\/dzial_bus_regbelka.jpg\" alt=\"\" width=\"1110\" height=\"303\" \/><\/div>\n<div>\u00a0<\/div>\n<div class=\"odstepy_strona\">\n<p><a href=\"https:\/\/kalinski.pl\/sklep\/pl\/5260-filtry-czastek-stalych-dpf-\">Filtry DPF<\/a> pe\u0142ni\u0105 bardzo wa\u017cn\u0105 funkcj\u0119 we wszystkich pojazdach transportowych. Du\u017ce obci\u0105\u017cenia przek\u0142adaj\u0105 si\u0119 bowiem na wy\u017csze zu\u017cycie paliwa, a co za tym idzie \u2013 ilo\u015b\u0107 generowanych spalin. Dlatego oczyszczanie spalin jest niezb\u0119dne do tego, \u017ceby pojazd nie przekroczy\u0142 dopuszczalnych norm w tym zakresie. Ma to szczeg\u00f3lnie du\u017ce znaczenie w przypadku bus\u00f3w i autobus\u00f3w, gdy\u017c zazwyczaj poruszaj\u0105 si\u0119 one po centrach miast. Wszyscy przewo\u017anicy bezwzgl\u0119dnie musz\u0105 stosowa\u0107 si\u0119 do wspomnianych norm. z regu\u0142y wymagaj\u0105 cz\u0119stszych wymian ni\u017c egzemplarze montowane w autach osobowych.<\/p>\n<p>W takich pojazdach filtry DPF mog\u0105 co jaki\u015b czas si\u0119 zapycha\u0107. Wynika to z faktu, \u017ce w ich wn\u0119trzu praktycznie przez ca\u0142y czas gromadz\u0105 si\u0119 drobinki sadzy i inne zanieczyszczenia. Je\u015bli zaczn\u0105 one ogranicza\u0107 przepustowo\u015b\u0107 filtra DPF, konieczna b\u0119dzie szybka reakcja. W takich przypadkach pojawiaj\u0105 si\u0119 dwie alternatywy \u2013 <strong><a href=\"https:\/\/kalinski.pl\/sklep\/pl\/usluga-regenercji-dpf\/38205-regeneracja-filtrow-czastek-stalych-dpf-do-pojazdow-ciezarowych-euro-6-man-tgx-iveco-stralis-volvo-fh-daf-xf-106-scrania-r6.html\">wymiana lub regeneracja filtr\u00f3w DPF bus\u00f3w\/autobus\u00f3w<\/a>.<\/strong><\/p>\n<p>Wymiana stanowi zdecydowanie dro\u017csze rozwi\u0105zanie, dlatego warto decydowa\u0107 si\u0119 na ni\u0105 tylko wtedy, gdy filtr jest uszkodzony mechanicznie lub nie ma mo\u017cliwo\u015bci zregenerowania. W pozosta\u0142ych przypadkach <strong>czyszczenie filtr\u00f3w DPF bus\u00f3w\/autobus\u00f3w<\/strong> powinno rozwi\u0105za\u0107 problem zapchania. Oczywi\u015bcie kluczowe znaczenie ma wyb\u00f3r odpowiedniej metody czyszczenia. Czasami do usuni\u0119cia zabrudze\u0144 wystarczy wydmuchiwa\u0107 zanieczyszczenia spr\u0119\u017conym powietrza, nie zawsze b\u0119dzie to dostateczna regeneracja. Przy wi\u0119kszych zanieczyszcze\u0144 nale\u017cy poluzowa\u0107 zalegaj\u0105c\u0105 sadze i wypali\u0107 j\u0105 w piecu do postaci popio\u0142u i kolejno wydmucha\u0107 zanieczyszczenia. Niekiedy jednak najlepsz\u0105 metod\u0105 b\u0119dzie wymiana wk\u0142ad\u00f3w znajduj\u0105cych si\u0119 we wn\u0119trzu filtra. S\u0105 tez przypadku kiedy nale\u017cy wymieni\u0107 wk\u0142ad lub ca\u0142y filtr, poniewa\u017c obecny stan jest bardzo z\u0142y.<\/p>\n<p>Nasza firma mo\u017ce poszczyci\u0107 si\u0119 du\u017cym do\u015bwiadczeniem w przeprowadzaniu opisanych us\u0142ug. Regeneracj\u0105 filtr\u00f3w cz\u0105stek sta\u0142ych ale tak\u017ce katalizator\u00f3w zajmujemy si\u0119 przez wiele lat. Obs\u0142ugujemy wiele du\u017cych przedsi\u0119biorstw, w tym firmy transportowe, przewo\u017anik\u00f3w ale tak\u017ce sp\u00f3\u0142ki odpowiedzialne za komunikacj\u0119 miejsk\u0105. Dzi\u0119ki zdobytej wiedzy jeste\u015bmy w stanie zagwarantowa\u0107, \u017ce zlecona u nas <strong>naprawa filtr\u00f3w DPF bus\u00f3w\/autobus\u00f3w<\/strong> zostanie przeprowadzona profesjonalnie i kompleksowo. Przed oddaniem zregenerowanego egzemplarza zawsze wykonujemy test przepustowo\u015bci, kt\u00f3ry potwierdza prawid\u0142owe dzia\u0142anie filtra.<\/p>\n<p>Polecamy nasze us\u0142ugi wszystkim przewo\u017anikom, kt\u00f3rzy posiadaj\u0105 w\u0142asn\u0105 flot\u0119 bus\u00f3w lub autobus\u00f3w. Zajmujemy si\u0119 mini busami, busami, autobusami, camperami itp. Je\u017celi b\u0119d\u0105 mieli Pa\u0144stwo jakie\u015b pytania dotycz\u0105ce przebiegu ewentualnych napraw, zach\u0119camy do kontaktu z nasz\u0105 firm\u0105. Warto r\u00f3wnie\u017c pami\u0119ta\u0107, \u017ce nasze us\u0142ugi wykonujemy w serwisie znajduj\u0105cym si\u0119 pod Poznaniem ale r\u00f3wnie\u017c wysy\u0142kowo. Wielu firm przesy\u0142a nam filtry do regeneracji, kt\u00f3re ju\u017c sprawne odsy\u0142amy. Taka us\u0142uga pozwala oszcz\u0119dzi\u0107 czas oraz pieni\u0105dze.<\/p>\n<div class=\"kontakt_frame_main\">\n\n<div class=\"su-posts su-posts-single-post \">\n\n\t\t\t\t\t\t\n\t\t\t\n\t\t\t<div id=\"su-post-2432\" class=\"su-post \">\n\t\t\t\t<h1 class=\"su-post-title\">kontakt Adam Czuprys<\/h1>\n\t\t\t\t<div class=\"su-post-meta\">\n\t\t\t\t\tOpublikowano:\n\t\t\t\t\t5 pa\u017adziernika 2020\t\t\t\t\t\t\t\t\t<\/div>\n\t\t\t\t<div class=\"su-post-content\">\n\t\t\t\t\t\t\t<div data-elementor-type=\"wp-post\" data-elementor-id=\"2432\" class=\"elementor elementor-2432\">\n\t\t\t\t\t\t<section class=\"elementor-section elementor-top-section elementor-element elementor-element-dbfcb36 elementor-section-boxed elementor-section-height-default elementor-section-height-default\" data-id=\"dbfcb36\" data-element_type=\"section\">\n\t\t\t\t\t\t<div class=\"elementor-container elementor-column-gap-default\">\n\t\t\t\t\t<div class=\"elementor-column elementor-col-100 elementor-top-column elementor-element elementor-element-53877ea\" data-id=\"53877ea\" data-element_type=\"column\">\n\t\t\t<div class=\"elementor-widget-wrap elementor-element-populated\">\n\t\t\t\t\t\t<div class=\"elementor-element elementor-element-6b95a6c h3_kontakt elementor-widget elementor-widget-heading\" data-id=\"6b95a6c\" data-element_type=\"widget\" data-widget_type=\"heading.default\">\n\t\t\t\t<div class=\"elementor-widget-container\">\n\t\t\t\t\t<h3 class=\"elementor-heading-title elementor-size-default\">Pojazdy ci\u0119\u017carowe<\/h3>\t\t\t\t<\/div>\n\t\t\t\t<\/div>\n\t\t\t\t\t<\/div>\n\t\t<\/div>\n\t\t\t\t\t<\/div>\n\t\t<\/section>\n\t\t\t\t<section class=\"elementor-section elementor-top-section elementor-element elementor-element-31735a1 elementor-section-boxed elementor-section-height-default elementor-section-height-default\" data-id=\"31735a1\" data-element_type=\"section\">\n\t\t\t\t\t\t<div class=\"elementor-container elementor-column-gap-default\">\n\t\t\t\t\t<div class=\"elementor-column elementor-col-100 elementor-top-column elementor-element elementor-element-d982bb9\" data-id=\"d982bb9\" data-element_type=\"column\">\n\t\t\t<div class=\"elementor-widget-wrap elementor-element-populated\">\n\t\t\t\t\t\t<div class=\"elementor-element elementor-element-70c08d8 elementor-position-left elementor-widget__width-initial member-name elementor-vertical-align-top elementor-widget elementor-widget-image-box\" data-id=\"70c08d8\" data-element_type=\"widget\" data-widget_type=\"image-box.default\">\n\t\t\t\t<div class=\"elementor-widget-container\">\n\t\t\t\t\t<div class=\"elementor-image-box-wrapper\"><figure class=\"elementor-image-box-img\"><img fetchpriority=\"high\" fetchpriority=\"high\" decoding=\"async\" width=\"400\" height=\"400\" src=\"https:\/\/kalinski.pl\/serwis\/wp-content\/uploads\/kk_adamczuprys.jpg\" class=\"attachment-full size-full wp-image-4728\" alt=\"kk adamczuprys\" \/><\/figure><div class=\"elementor-image-box-content\"><h3 class=\"elementor-image-box-title\">Adam Czuprys<\/h3><p class=\"elementor-image-box-description\"><div class=\"member-role\">Menad\u017cer dzia\u0142u ci\u0119\u017carowego<\/div>\n<div class=\"member-contact\">\n<a href=\"tel:+48618142777\">+48 61 814 27 77 wew. 102<\/a><br>\n<a href=\"tel:+48667343343\">Mob. 667 343 343<\/a><br>\nciezarowe@kalinski.pl\n<\/div><\/p><\/div><\/div>\t\t\t\t<\/div>\n\t\t\t\t<\/div>\n\t\t\t\t\t<\/div>\n\t\t<\/div>\n\t\t\t\t\t<\/div>\n\t\t<\/section>\n\t\t\t\t<\/div>\n\t\t\t\t\t\t<\/div>\n\t\t\t<\/div>\n\n\t\t\t\t\n<\/div>\n<\/div>\n<\/div>\n","protected":false},"excerpt":{"rendered":"<p>\u00a0 Filtry DPF pe\u0142ni\u0105 bardzo wa\u017cn\u0105 funkcj\u0119 we wszystkich pojazdach transportowych. Du\u017ce obci\u0105\u017cenia przek\u0142adaj\u0105 si\u0119 bowiem na wy\u017csze zu\u017cycie paliwa, a co za tym idzie \u2013 ilo\u015b\u0107 generowanych spalin. Dlatego oczyszczanie spalin jest niezb\u0119dne do tego, \u017ceby pojazd nie przekroczy\u0142 dopuszczalnych norm w tym zakresie. Ma to szczeg\u00f3lnie du\u017ce znaczenie w przypadku bus\u00f3w i autobus\u00f3w, &hellip; <a href=\"https:\/\/kalinski.pl\/serwis\/uslugi-adam-ciezarowe\/\" class=\"more-link\">Czytaj dalej<span class=\"screen-reader-text\"> kontakt Adam Czuprys<\/span><\/a><\/p>\n","protected":false},"author":821795,"featured_media":0,"parent":0,"menu_order":0,"comment_status":"closed","ping_status":"closed","template":"","meta":{"footnotes":""},"class_list":["post-3710","page","type-page","status-publish","hentry"],"yoast_head":"<!-- This site is optimized with the Yoast SEO plugin v26.7 - https:\/\/yoast.com\/wordpress\/plugins\/seo\/ -->\n<title>Regeneracja filtr\u00f3w DPF bus\u00f3w i autobus\u00f3w | Kali\u0144ski<\/title>\n<meta name=\"description\" content=\"Regeneracja filtr\u00f3w DPF bus\u00f3w\/autobus\u00f3w to najlepsz\u0105 forma przywr\u00f3cenia ich sprawno\u015bci, jeste\u015bmy specjalistami, wykonuj\u0105cymi takie us\u0142ugi.\" \/>\n<meta name=\"robots\" content=\"index, follow, max-snippet:-1, max-image-preview:large, max-video-preview:-1\" \/>\n<link rel=\"canonical\" href=\"https:\/\/kalinski.pl\/serwis\/regeneracja-filtrow-dpf-busow-autobusow\/\" \/>\n<meta property=\"og:locale\" content=\"pl_PL\" \/>\n<meta property=\"og:type\" content=\"article\" \/>\n<meta property=\"og:title\" content=\"Regeneracja filtr\u00f3w DPF bus\u00f3w i autobus\u00f3w | Kali\u0144ski\" \/>\n<meta property=\"og:description\" content=\"Regeneracja filtr\u00f3w DPF bus\u00f3w\/autobus\u00f3w to najlepsz\u0105 forma przywr\u00f3cenia ich sprawno\u015bci, jeste\u015bmy specjalistami, wykonuj\u0105cymi takie us\u0142ugi.\" \/>\n<meta property=\"og:url\" content=\"https:\/\/kalinski.pl\/serwis\/regeneracja-filtrow-dpf-busow-autobusow\/\" \/>\n<meta property=\"og:site_name\" content=\"Kali\u0144ski\" \/>\n<meta property=\"article:modified_time\" content=\"2026-03-18T10:26:41+00:00\" \/>\n<meta property=\"og:image\" content=\"https:\/\/kalinski.pl\/serwis\/wp-content\/uploads\/dzial_bus_katbelka.jpg\" \/>\n\t<meta property=\"og:image:width\" content=\"1110\" \/>\n\t<meta property=\"og:image:height\" content=\"303\" \/>\n\t<meta property=\"og:image:type\" content=\"image\/jpeg\" \/>\n<meta name=\"twitter:card\" content=\"summary_large_image\" \/>\n<meta name=\"twitter:label1\" content=\"Szacowany czas czytania\" \/>\n\t<meta name=\"twitter:data1\" content=\"3 minuty\" \/>\n<script type=\"application\/ld+json\" class=\"yoast-schema-graph\">{\"@context\":\"https:\/\/schema.org\",\"@graph\":[{\"@type\":\"WebPage\",\"@id\":\"https:\/\/kalinski.pl\/serwis\/regeneracja-filtrow-dpf-busow-autobusow\/\",\"url\":\"https:\/\/kalinski.pl\/serwis\/regeneracja-filtrow-dpf-busow-autobusow\/\",\"name\":\"Regeneracja filtr\u00f3w DPF bus\u00f3w i autobus\u00f3w | Kali\u0144ski\",\"isPartOf\":{\"@id\":\"https:\/\/kalinski.pl\/serwis\/#website\"},\"primaryImageOfPage\":{\"@id\":\"https:\/\/kalinski.pl\/serwis\/regeneracja-filtrow-dpf-busow-autobusow\/#primaryimage\"},\"image\":{\"@id\":\"https:\/\/kalinski.pl\/serwis\/regeneracja-filtrow-dpf-busow-autobusow\/#primaryimage\"},\"thumbnailUrl\":\"https:\/\/kalinski.pl\/wp-content\/uploads\/dzial_bus_regbelka.jpg\",\"datePublished\":\"2021-12-20T15:39:11+00:00\",\"dateModified\":\"2026-03-18T10:26:41+00:00\",\"description\":\"Regeneracja filtr\u00f3w DPF bus\u00f3w\/autobus\u00f3w to najlepsz\u0105 forma przywr\u00f3cenia ich sprawno\u015bci, jeste\u015bmy specjalistami, wykonuj\u0105cymi takie us\u0142ugi.\",\"breadcrumb\":{\"@id\":\"https:\/\/kalinski.pl\/serwis\/regeneracja-filtrow-dpf-busow-autobusow\/#breadcrumb\"},\"inLanguage\":\"pl-PL\",\"potentialAction\":[{\"@type\":\"ReadAction\",\"target\":[\"https:\/\/kalinski.pl\/serwis\/regeneracja-filtrow-dpf-busow-autobusow\/\"]}]},{\"@type\":\"ImageObject\",\"inLanguage\":\"pl-PL\",\"@id\":\"https:\/\/kalinski.pl\/serwis\/regeneracja-filtrow-dpf-busow-autobusow\/#primaryimage\",\"url\":\"https:\/\/kalinski.pl\/wp-content\/uploads\/dzial_bus_regbelka.jpg\",\"contentUrl\":\"https:\/\/kalinski.pl\/wp-content\/uploads\/dzial_bus_regbelka.jpg\"},{\"@type\":\"BreadcrumbList\",\"@id\":\"https:\/\/kalinski.pl\/serwis\/regeneracja-filtrow-dpf-busow-autobusow\/#breadcrumb\",\"itemListElement\":[{\"@type\":\"ListItem\",\"position\":1,\"name\":\"Strona g\u0142\u00f3wna\",\"item\":\"https:\/\/kalinski.pl\/serwis\/\"},{\"@type\":\"ListItem\",\"position\":2,\"name\":\"Regeneracja filtr\u00f3w DPF bus\u00f3w i autobus\u00f3w\"}]},{\"@type\":\"WebSite\",\"@id\":\"https:\/\/kalinski.pl\/serwis\/#website\",\"url\":\"https:\/\/kalinski.pl\/serwis\/\",\"name\":\"Kali\u0144ski\",\"description\":\"Uk\u0142ady wydechowe\",\"publisher\":{\"@id\":\"https:\/\/kalinski.pl\/serwis\/#organization\"},\"potentialAction\":[{\"@type\":\"SearchAction\",\"target\":{\"@type\":\"EntryPoint\",\"urlTemplate\":\"https:\/\/kalinski.pl\/serwis\/?s={search_term_string}\"},\"query-input\":{\"@type\":\"PropertyValueSpecification\",\"valueRequired\":true,\"valueName\":\"search_term_string\"}}],\"inLanguage\":\"pl-PL\"},{\"@type\":\"Organization\",\"@id\":\"https:\/\/kalinski.pl\/serwis\/#organization\",\"name\":\"Kali\u0144ski\",\"url\":\"https:\/\/kalinski.pl\/serwis\/\",\"logo\":{\"@type\":\"ImageObject\",\"inLanguage\":\"pl-PL\",\"@id\":\"https:\/\/kalinski.pl\/serwis\/#\/schema\/logo\/image\/\",\"url\":\"https:\/\/kalinski.pl\/serwis\/wp-content\/uploads\/2019\/03\/cropped-logo_white.jpg\",\"contentUrl\":\"https:\/\/kalinski.pl\/serwis\/wp-content\/uploads\/2019\/03\/cropped-logo_white.jpg\",\"width\":240,\"height\":63,\"caption\":\"Kali\u0144ski\"},\"image\":{\"@id\":\"https:\/\/kalinski.pl\/serwis\/#\/schema\/logo\/image\/\"}}]}<\/script>\n<!-- \/ Yoast SEO plugin. -->","yoast_head_json":{"title":"Regeneracja filtr\u00f3w DPF bus\u00f3w i autobus\u00f3w | Kali\u0144ski","description":"Regeneracja filtr\u00f3w DPF bus\u00f3w\/autobus\u00f3w to najlepsz\u0105 forma przywr\u00f3cenia ich sprawno\u015bci, jeste\u015bmy specjalistami, wykonuj\u0105cymi takie us\u0142ugi.","robots":{"index":"index","follow":"follow","max-snippet":"max-snippet:-1","max-image-preview":"max-image-preview:large","max-video-preview":"max-video-preview:-1"},"canonical":"https:\/\/kalinski.pl\/serwis\/regeneracja-filtrow-dpf-busow-autobusow\/","og_locale":"pl_PL","og_type":"article","og_title":"Regeneracja filtr\u00f3w DPF bus\u00f3w i autobus\u00f3w | Kali\u0144ski","og_description":"Regeneracja filtr\u00f3w DPF bus\u00f3w\/autobus\u00f3w to najlepsz\u0105 forma przywr\u00f3cenia ich sprawno\u015bci, jeste\u015bmy specjalistami, wykonuj\u0105cymi takie us\u0142ugi.","og_url":"https:\/\/kalinski.pl\/serwis\/regeneracja-filtrow-dpf-busow-autobusow\/","og_site_name":"Kali\u0144ski","article_modified_time":"2026-03-18T10:26:41+00:00","og_image":[{"width":1110,"height":303,"url":"https:\/\/kalinski.pl\/serwis\/wp-content\/uploads\/dzial_bus_katbelka.jpg","type":"image\/jpeg"}],"twitter_card":"summary_large_image","twitter_misc":{"Szacowany czas czytania":"3 minuty"},"schema":{"@context":"https:\/\/schema.org","@graph":[{"@type":"WebPage","@id":"https:\/\/kalinski.pl\/serwis\/regeneracja-filtrow-dpf-busow-autobusow\/","url":"https:\/\/kalinski.pl\/serwis\/regeneracja-filtrow-dpf-busow-autobusow\/","name":"Regeneracja filtr\u00f3w DPF bus\u00f3w i autobus\u00f3w | Kali\u0144ski","isPartOf":{"@id":"https:\/\/kalinski.pl\/serwis\/#website"},"primaryImageOfPage":{"@id":"https:\/\/kalinski.pl\/serwis\/regeneracja-filtrow-dpf-busow-autobusow\/#primaryimage"},"image":{"@id":"https:\/\/kalinski.pl\/serwis\/regeneracja-filtrow-dpf-busow-autobusow\/#primaryimage"},"thumbnailUrl":"https:\/\/kalinski.pl\/wp-content\/uploads\/dzial_bus_regbelka.jpg","datePublished":"2021-12-20T15:39:11+00:00","dateModified":"2026-03-18T10:26:41+00:00","description":"Regeneracja filtr\u00f3w DPF bus\u00f3w\/autobus\u00f3w to najlepsz\u0105 forma przywr\u00f3cenia ich sprawno\u015bci, jeste\u015bmy specjalistami, wykonuj\u0105cymi takie us\u0142ugi.","breadcrumb":{"@id":"https:\/\/kalinski.pl\/serwis\/regeneracja-filtrow-dpf-busow-autobusow\/#breadcrumb"},"inLanguage":"pl-PL","potentialAction":[{"@type":"ReadAction","target":["https:\/\/kalinski.pl\/serwis\/regeneracja-filtrow-dpf-busow-autobusow\/"]}]},{"@type":"ImageObject","inLanguage":"pl-PL","@id":"https:\/\/kalinski.pl\/serwis\/regeneracja-filtrow-dpf-busow-autobusow\/#primaryimage","url":"https:\/\/kalinski.pl\/wp-content\/uploads\/dzial_bus_regbelka.jpg","contentUrl":"https:\/\/kalinski.pl\/wp-content\/uploads\/dzial_bus_regbelka.jpg"},{"@type":"BreadcrumbList","@id":"https:\/\/kalinski.pl\/serwis\/regeneracja-filtrow-dpf-busow-autobusow\/#breadcrumb","itemListElement":[{"@type":"ListItem","position":1,"name":"Strona g\u0142\u00f3wna","item":"https:\/\/kalinski.pl\/serwis\/"},{"@type":"ListItem","position":2,"name":"Regeneracja filtr\u00f3w DPF bus\u00f3w i autobus\u00f3w"}]},{"@type":"WebSite","@id":"https:\/\/kalinski.pl\/serwis\/#website","url":"https:\/\/kalinski.pl\/serwis\/","name":"Kali\u0144ski","description":"Uk\u0142ady wydechowe","publisher":{"@id":"https:\/\/kalinski.pl\/serwis\/#organization"},"potentialAction":[{"@type":"SearchAction","target":{"@type":"EntryPoint","urlTemplate":"https:\/\/kalinski.pl\/serwis\/?s={search_term_string}"},"query-input":{"@type":"PropertyValueSpecification","valueRequired":true,"valueName":"search_term_string"}}],"inLanguage":"pl-PL"},{"@type":"Organization","@id":"https:\/\/kalinski.pl\/serwis\/#organization","name":"Kali\u0144ski","url":"https:\/\/kalinski.pl\/serwis\/","logo":{"@type":"ImageObject","inLanguage":"pl-PL","@id":"https:\/\/kalinski.pl\/serwis\/#\/schema\/logo\/image\/","url":"https:\/\/kalinski.pl\/serwis\/wp-content\/uploads\/2019\/03\/cropped-logo_white.jpg","contentUrl":"https:\/\/kalinski.pl\/serwis\/wp-content\/uploads\/2019\/03\/cropped-logo_white.jpg","width":240,"height":63,"caption":"Kali\u0144ski"},"image":{"@id":"https:\/\/kalinski.pl\/serwis\/#\/schema\/logo\/image\/"}}]}},"_links":{"self":[{"href":"https:\/\/kalinski.pl\/serwis\/wp-json\/wp\/v2\/pages\/3710","targetHints":{"allow":["GET"]}}],"collection":[{"href":"https:\/\/kalinski.pl\/serwis\/wp-json\/wp\/v2\/pages"}],"about":[{"href":"https:\/\/kalinski.pl\/serwis\/wp-json\/wp\/v2\/types\/page"}],"author":[{"embeddable":true,"href":"https:\/\/kalinski.pl\/serwis\/wp-json\/wp\/v2\/users\/821795"}],"replies":[{"embeddable":true,"href":"https:\/\/kalinski.pl\/serwis\/wp-json\/wp\/v2\/comments?post=3710"}],"version-history":[{"count":7,"href":"https:\/\/kalinski.pl\/serwis\/wp-json\/wp\/v2\/pages\/3710\/revisions"}],"predecessor-version":[{"id":4944,"href":"https:\/\/kalinski.pl\/serwis\/wp-json\/wp\/v2\/pages\/3710\/revisions\/4944"}],"wp:attachment":[{"href":"https:\/\/kalinski.pl\/serwis\/wp-json\/wp\/v2\/media?parent=3710"}],"curies":[{"name":"wp","href":"https:\/\/api.w.org\/{rel}","templated":true}]}}