{"id":3704,"date":"2021-12-20T16:06:03","date_gmt":"2021-12-20T15:06:03","guid":{"rendered":"https:\/\/kalinski.pl\/?page_id=3704"},"modified":"2026-03-18T11:25:52","modified_gmt":"2026-03-18T10:25:52","slug":"naprawa-czyszczenie-i-regeneracja-katalizatorow-busow-autobusow","status":"publish","type":"page","link":"https:\/\/kalinski.pl\/serwis\/naprawa-czyszczenie-i-regeneracja-katalizatorow-busow-autobusow\/","title":{"rendered":"Naprawa, czyszczenie i regeneracja katalizator\u00f3w bus\u00f3w i autobus\u00f3w"},"content":{"rendered":"<div class=\"katalizatory_png\"><img decoding=\"async\" class=\"alignnone size-full wp-image-3766\" src=\"https:\/\/kalinski.pl\/wp-content\/uploads\/dzial_bus_katbelka.jpg\" alt=\"\" width=\"1110\" height=\"303\" \/><\/div>\n<div>\u00a0<\/div>\n<div class=\"odstepy_strona\">\n<p>Wsp\u00f3\u0142czesna komunikacja miejska opiera si\u0119 w g\u0142\u00f3wnej mierze na autobusach oraz ich mniejszych odpowiednikach, m.in. mini busach, busach. Zazwyczaj takie pojazdy kursuj\u0105 kilkana\u015bcie razy dziennie, a wi\u0119c jest to bardzo intensywna eksploatacja. Tym samym przek\u0142ada si\u0119 ona na zdecydowanie szybsze zu\u017cycie niekt\u00f3rych element\u00f3w oraz podzespo\u0142\u00f3w. Dlatego w\u0142a\u015bciciele firm przewozowych musz\u0105 stale kontrolowa\u0107 stan techniczny posiadanych bus\u00f3w. z regu\u0142y wymagaj\u0105 cz\u0119stszych wymian ni\u017c egzemplarze montowane w autach osobowych.<\/p>\n<p>Co jasne, autobusy przez wi\u0119ksz\u0105 cz\u0119\u015b\u0107 trasy kursuj\u0105 ze znacznym obci\u0105\u017ceniem. To za\u015b wp\u0142ywa na wy\u017csze zu\u017cycie paliwa. Naturalnie cz\u0119\u015b\u0107 spalin zostaje oczyszczona ze szkodliwych zwi\u0105zk\u00f3w dzi\u0119ki pracy katalizatora. Niestety, katalizator to jeden z tych element\u00f3w, kt\u00f3ry mo\u017ce zu\u017cywa\u0107 si\u0119 stosunkowo szybko. Je\u017celi dojdzie do jego zapchania, autobus niemal od razu zostanie wy\u0142\u0105czony z u\u017cytku i nie b\u0119dzie m\u00f3g\u0142 wozi\u0107 pasa\u017cer\u00f3w.. Jak w\u00f3wczas wygl\u0105da <strong><a href=\"https:\/\/kalinski.pl\/sklep\/pl\/regeneracja-katalizatorow-wymiana-wkladu\/47909-regeneracja-katalizatorow-poprzez-wymiane-wkladu-katalicznego-do-pojazdow-osobowych-oraz-ciezarowych-indywidualna-wycena-uslugi.html\">naprawa katalizator\u00f3w bus\u00f3w\/autobus\u00f3w<\/a>?<\/strong><\/p>\n<p>Wbrew pozorom zapchanych katalizator\u00f3w wcale nie trzeba wymienia\u0107. O ile s\u0105 one sprawne pod wzgl\u0119dem technicznym, zazwyczaj mo\u017cna przywr\u00f3ci\u0107 im dawn\u0105 funkcjonalno\u015b\u0107. Kluczow\u0105 rol\u0119 odgrywa tutaj <strong>regeneracja katalizator\u00f3w bus\u00f3w\/autobus\u00f3w.<\/strong> Jako firma Kali\u0144ski specjalizujemy si\u0119 w tego typu us\u0142ugach.<\/p>\n<p>Nasze do\u015bwiadczenie pokazuje, \u017ce zazwyczaj odpowiednim rozwi\u0105zaniem w przypadku zapchania jest <strong><a href=\"https:\/\/kalinski.pl\/sklep\/pl\/4375-katalizatory-scr-doc\">czyszczenie katalizator\u00f3w bus\u00f3w\/autobus\u00f3w<\/a>.<\/strong> Jak sama nazwa wskazuje, proces ten zak\u0142ada usuni\u0119cie wszystkich zanieczyszcze\u0144 zgromadzonych we wk\u0142adzie danego egzemplarza. W przypadku katalizator\u00f3w naj\u0142atwiej je wyczy\u015bci\u0107 za pomoc\u0105 wymiany wk\u0142ad\u00f3w. Usuwaj\u0105c wk\u0142ad katalizatora usuwamy r\u00f3wnie\u017c wszelkie zanieczyszczenia z jego wn\u0119trza. Stosowana przez nas metoda przywraca sprawno\u015b\u0107 katalizatora i pozwala na dalsze u\u017cytkowanie pojazdu.<\/p>\n<p>Dzi\u0119ki specjalistycznemu wyposa\u017ceniu mo\u017cemy zregenerowa\u0107 katalizator w ka\u017cdym poje\u017adzie, m.in. w mini busami, busach, autobusach czy camperach itp. Serwisuj\u0105c katalizatory najpierw przeprowadzamy ogl\u0119dziny przekazanego egzemplarza, na tej podstawie okre\u015blamy jego stan i przyst\u0119pujemy do wymiany. Z naszych us\u0142ug mo\u017cna skorzysta\u0107 zar\u00f3wno stacjonarnie w serwisie oraz wysy\u0142kowo. Wielu klient\u00f3w przesy\u0142a nam wymontowane katalizatory do bus\u00f3w\/autobus\u00f3w. Po wykonaniu regeneracji odsy\u0142amy sprawny katalizator. Je\u015bli natomiast mamy identyczn\u0105 cze\u015b\u0107 w naszym obszernym magazynie od razu po potwierdzeniu zlecenia i dokonaniu p\u0142atno\u015bci zlecamy wysy\u0142k\u0119 katalizator. Wiemy jak wa\u017cnym w bran\u017cy transportowej jest czas, dlatego staramy go ograniczy\u0107 do niezb\u0119dnego minimum. Zajmujemy si\u0119 regeneracj\u0105 katalizator\u00f3w takich marek jak Mercedes, MAN, Solaris, DAF czy DAF ale te\u017c mniej popularnych marek.<\/p>\n<p class=\"Textbody\" style=\"text-align: justify; text-justify: inter-ideograph;\">Opr\u00f3cz \u015bwiadczenia takiej us\u0142ugi jak <b>naprawa katalizator\u00f3w bus\u00f3w\/autobus\u00f3w <\/b>oczywi\u015bcie zajmujemy si\u0119 r\u00f3wnie\u017c sprzeda\u017c\u0105 nowych cz\u0119\u015bci do uk\u0142ad\u00f3w wydechowych, takich jak katalizatory, filtry cz\u0105stek sta\u0142ych.<\/p>\n<div class=\"kontakt_frame_main\">\n\n<div class=\"su-posts su-posts-single-post \">\n\n\t\t\t\t\t\t\n\t\t\t\n\t\t\t<div id=\"su-post-2432\" class=\"su-post \">\n\t\t\t\t<h1 class=\"su-post-title\">kontakt Adam Czuprys<\/h1>\n\t\t\t\t<div class=\"su-post-meta\">\n\t\t\t\t\tOpublikowano:\n\t\t\t\t\t5 pa\u017adziernika 2020\t\t\t\t\t\t\t\t\t<\/div>\n\t\t\t\t<div class=\"su-post-content\">\n\t\t\t\t\t\t\t<div data-elementor-type=\"wp-post\" data-elementor-id=\"2432\" class=\"elementor elementor-2432\">\n\t\t\t\t\t\t<section class=\"elementor-section elementor-top-section elementor-element elementor-element-dbfcb36 elementor-section-boxed elementor-section-height-default elementor-section-height-default\" data-id=\"dbfcb36\" data-element_type=\"section\">\n\t\t\t\t\t\t<div class=\"elementor-container elementor-column-gap-default\">\n\t\t\t\t\t<div class=\"elementor-column elementor-col-100 elementor-top-column elementor-element elementor-element-53877ea\" data-id=\"53877ea\" data-element_type=\"column\">\n\t\t\t<div class=\"elementor-widget-wrap elementor-element-populated\">\n\t\t\t\t\t\t<div class=\"elementor-element elementor-element-6b95a6c h3_kontakt elementor-widget elementor-widget-heading\" data-id=\"6b95a6c\" data-element_type=\"widget\" data-widget_type=\"heading.default\">\n\t\t\t\t<div class=\"elementor-widget-container\">\n\t\t\t\t\t<h3 class=\"elementor-heading-title elementor-size-default\">Pojazdy ci\u0119\u017carowe<\/h3>\t\t\t\t<\/div>\n\t\t\t\t<\/div>\n\t\t\t\t\t<\/div>\n\t\t<\/div>\n\t\t\t\t\t<\/div>\n\t\t<\/section>\n\t\t\t\t<section class=\"elementor-section elementor-top-section elementor-element elementor-element-31735a1 elementor-section-boxed elementor-section-height-default elementor-section-height-default\" data-id=\"31735a1\" data-element_type=\"section\">\n\t\t\t\t\t\t<div class=\"elementor-container elementor-column-gap-default\">\n\t\t\t\t\t<div class=\"elementor-column elementor-col-100 elementor-top-column elementor-element elementor-element-d982bb9\" data-id=\"d982bb9\" data-element_type=\"column\">\n\t\t\t<div class=\"elementor-widget-wrap elementor-element-populated\">\n\t\t\t\t\t\t<div class=\"elementor-element elementor-element-70c08d8 elementor-position-left elementor-widget__width-initial member-name elementor-vertical-align-top elementor-widget elementor-widget-image-box\" data-id=\"70c08d8\" data-element_type=\"widget\" data-widget_type=\"image-box.default\">\n\t\t\t\t<div class=\"elementor-widget-container\">\n\t\t\t\t\t<div class=\"elementor-image-box-wrapper\"><figure class=\"elementor-image-box-img\"><img fetchpriority=\"high\" fetchpriority=\"high\" decoding=\"async\" width=\"400\" height=\"400\" src=\"https:\/\/kalinski.pl\/serwis\/wp-content\/uploads\/kk_adamczuprys.jpg\" class=\"attachment-full size-full wp-image-4728\" alt=\"kk adamczuprys\" \/><\/figure><div class=\"elementor-image-box-content\"><h3 class=\"elementor-image-box-title\">Adam Czuprys<\/h3><p class=\"elementor-image-box-description\"><div class=\"member-role\">Menad\u017cer dzia\u0142u ci\u0119\u017carowego<\/div>\n<div class=\"member-contact\">\n<a href=\"tel:+48618142777\">+48 61 814 27 77 wew. 102<\/a><br>\n<a href=\"tel:+48667343343\">Mob. 667 343 343<\/a><br>\nciezarowe@kalinski.pl\n<\/div><\/p><\/div><\/div>\t\t\t\t<\/div>\n\t\t\t\t<\/div>\n\t\t\t\t\t<\/div>\n\t\t<\/div>\n\t\t\t\t\t<\/div>\n\t\t<\/section>\n\t\t\t\t<\/div>\n\t\t\t\t\t\t<\/div>\n\t\t\t<\/div>\n\n\t\t\t\t\n<\/div>\n<\/div>\n<\/div>\n","protected":false},"excerpt":{"rendered":"<p>\u00a0 Wsp\u00f3\u0142czesna komunikacja miejska opiera si\u0119 w g\u0142\u00f3wnej mierze na autobusach oraz ich mniejszych odpowiednikach, m.in. mini busach, busach. Zazwyczaj takie pojazdy kursuj\u0105 kilkana\u015bcie razy dziennie, a wi\u0119c jest to bardzo intensywna eksploatacja. Tym samym przek\u0142ada si\u0119 ona na zdecydowanie szybsze zu\u017cycie niekt\u00f3rych element\u00f3w oraz podzespo\u0142\u00f3w. Dlatego w\u0142a\u015bciciele firm przewozowych musz\u0105 stale kontrolowa\u0107 stan techniczny &hellip; <a href=\"https:\/\/kalinski.pl\/serwis\/uslugi-adam-ciezarowe\/\" class=\"more-link\">Czytaj dalej<span class=\"screen-reader-text\"> kontakt Adam Czuprys<\/span><\/a><\/p>\n","protected":false},"author":821795,"featured_media":0,"parent":0,"menu_order":0,"comment_status":"closed","ping_status":"closed","template":"","meta":{"footnotes":""},"class_list":["post-3704","page","type-page","status-publish","hentry"],"yoast_head":"<!-- This site is optimized with the Yoast SEO plugin v26.7 - https:\/\/yoast.com\/wordpress\/plugins\/seo\/ -->\n<title>Naprawa, czyszczenie i regeneracja katalizator\u00f3w bus\u00f3w i autobus\u00f3w | Kali\u0144ski<\/title>\n<meta name=\"description\" content=\"Regeneracja katalizator\u00f3w bus\u00f3w\/autobus\u00f3w to jedna z bardzo cenionych w\u015br\u00f3d naszych klient\u00f3w us\u0142ug, cechuje j\u0105 szybko\u015b\u0107, fachowo\u015b\u0107 oraz cena.\" \/>\n<meta name=\"robots\" content=\"index, follow, max-snippet:-1, max-image-preview:large, max-video-preview:-1\" \/>\n<link rel=\"canonical\" href=\"https:\/\/kalinski.pl\/serwis\/naprawa-czyszczenie-i-regeneracja-katalizatorow-busow-autobusow\/\" \/>\n<meta property=\"og:locale\" content=\"pl_PL\" \/>\n<meta property=\"og:type\" content=\"article\" \/>\n<meta property=\"og:title\" content=\"Naprawa, czyszczenie i regeneracja katalizator\u00f3w bus\u00f3w i autobus\u00f3w | Kali\u0144ski\" \/>\n<meta property=\"og:description\" content=\"Regeneracja katalizator\u00f3w bus\u00f3w\/autobus\u00f3w to jedna z bardzo cenionych w\u015br\u00f3d naszych klient\u00f3w us\u0142ug, cechuje j\u0105 szybko\u015b\u0107, fachowo\u015b\u0107 oraz cena.\" \/>\n<meta property=\"og:url\" content=\"https:\/\/kalinski.pl\/serwis\/naprawa-czyszczenie-i-regeneracja-katalizatorow-busow-autobusow\/\" \/>\n<meta property=\"og:site_name\" content=\"Kali\u0144ski\" \/>\n<meta property=\"article:modified_time\" content=\"2026-03-18T10:25:52+00:00\" \/>\n<meta property=\"og:image\" content=\"https:\/\/kalinski.pl\/serwis\/wp-content\/uploads\/dzial_bus_regbelka.jpg\" \/>\n\t<meta property=\"og:image:width\" content=\"1110\" \/>\n\t<meta property=\"og:image:height\" content=\"303\" \/>\n\t<meta property=\"og:image:type\" content=\"image\/jpeg\" \/>\n<meta name=\"twitter:card\" content=\"summary_large_image\" \/>\n<meta name=\"twitter:label1\" content=\"Szacowany czas czytania\" \/>\n\t<meta name=\"twitter:data1\" content=\"3 minuty\" \/>\n<script type=\"application\/ld+json\" class=\"yoast-schema-graph\">{\"@context\":\"https:\/\/schema.org\",\"@graph\":[{\"@type\":\"WebPage\",\"@id\":\"https:\/\/kalinski.pl\/serwis\/naprawa-czyszczenie-i-regeneracja-katalizatorow-busow-autobusow\/\",\"url\":\"https:\/\/kalinski.pl\/serwis\/naprawa-czyszczenie-i-regeneracja-katalizatorow-busow-autobusow\/\",\"name\":\"Naprawa, czyszczenie i regeneracja katalizator\u00f3w bus\u00f3w i autobus\u00f3w | Kali\u0144ski\",\"isPartOf\":{\"@id\":\"https:\/\/kalinski.pl\/serwis\/#website\"},\"primaryImageOfPage\":{\"@id\":\"https:\/\/kalinski.pl\/serwis\/naprawa-czyszczenie-i-regeneracja-katalizatorow-busow-autobusow\/#primaryimage\"},\"image\":{\"@id\":\"https:\/\/kalinski.pl\/serwis\/naprawa-czyszczenie-i-regeneracja-katalizatorow-busow-autobusow\/#primaryimage\"},\"thumbnailUrl\":\"https:\/\/kalinski.pl\/wp-content\/uploads\/dzial_bus_katbelka.jpg\",\"datePublished\":\"2021-12-20T15:06:03+00:00\",\"dateModified\":\"2026-03-18T10:25:52+00:00\",\"description\":\"Regeneracja katalizator\u00f3w bus\u00f3w\/autobus\u00f3w to jedna z bardzo cenionych w\u015br\u00f3d naszych klient\u00f3w us\u0142ug, cechuje j\u0105 szybko\u015b\u0107, fachowo\u015b\u0107 oraz cena.\",\"breadcrumb\":{\"@id\":\"https:\/\/kalinski.pl\/serwis\/naprawa-czyszczenie-i-regeneracja-katalizatorow-busow-autobusow\/#breadcrumb\"},\"inLanguage\":\"pl-PL\",\"potentialAction\":[{\"@type\":\"ReadAction\",\"target\":[\"https:\/\/kalinski.pl\/serwis\/naprawa-czyszczenie-i-regeneracja-katalizatorow-busow-autobusow\/\"]}]},{\"@type\":\"ImageObject\",\"inLanguage\":\"pl-PL\",\"@id\":\"https:\/\/kalinski.pl\/serwis\/naprawa-czyszczenie-i-regeneracja-katalizatorow-busow-autobusow\/#primaryimage\",\"url\":\"https:\/\/kalinski.pl\/wp-content\/uploads\/dzial_bus_katbelka.jpg\",\"contentUrl\":\"https:\/\/kalinski.pl\/wp-content\/uploads\/dzial_bus_katbelka.jpg\"},{\"@type\":\"BreadcrumbList\",\"@id\":\"https:\/\/kalinski.pl\/serwis\/naprawa-czyszczenie-i-regeneracja-katalizatorow-busow-autobusow\/#breadcrumb\",\"itemListElement\":[{\"@type\":\"ListItem\",\"position\":1,\"name\":\"Strona g\u0142\u00f3wna\",\"item\":\"https:\/\/kalinski.pl\/serwis\/\"},{\"@type\":\"ListItem\",\"position\":2,\"name\":\"Naprawa, czyszczenie i regeneracja katalizator\u00f3w bus\u00f3w i autobus\u00f3w\"}]},{\"@type\":\"WebSite\",\"@id\":\"https:\/\/kalinski.pl\/serwis\/#website\",\"url\":\"https:\/\/kalinski.pl\/serwis\/\",\"name\":\"Kali\u0144ski\",\"description\":\"Uk\u0142ady wydechowe\",\"publisher\":{\"@id\":\"https:\/\/kalinski.pl\/serwis\/#organization\"},\"potentialAction\":[{\"@type\":\"SearchAction\",\"target\":{\"@type\":\"EntryPoint\",\"urlTemplate\":\"https:\/\/kalinski.pl\/serwis\/?s={search_term_string}\"},\"query-input\":{\"@type\":\"PropertyValueSpecification\",\"valueRequired\":true,\"valueName\":\"search_term_string\"}}],\"inLanguage\":\"pl-PL\"},{\"@type\":\"Organization\",\"@id\":\"https:\/\/kalinski.pl\/serwis\/#organization\",\"name\":\"Kali\u0144ski\",\"url\":\"https:\/\/kalinski.pl\/serwis\/\",\"logo\":{\"@type\":\"ImageObject\",\"inLanguage\":\"pl-PL\",\"@id\":\"https:\/\/kalinski.pl\/serwis\/#\/schema\/logo\/image\/\",\"url\":\"https:\/\/kalinski.pl\/serwis\/wp-content\/uploads\/2019\/03\/cropped-logo_white.jpg\",\"contentUrl\":\"https:\/\/kalinski.pl\/serwis\/wp-content\/uploads\/2019\/03\/cropped-logo_white.jpg\",\"width\":240,\"height\":63,\"caption\":\"Kali\u0144ski\"},\"image\":{\"@id\":\"https:\/\/kalinski.pl\/serwis\/#\/schema\/logo\/image\/\"}}]}<\/script>\n<!-- \/ Yoast SEO plugin. -->","yoast_head_json":{"title":"Naprawa, czyszczenie i regeneracja katalizator\u00f3w bus\u00f3w i autobus\u00f3w | Kali\u0144ski","description":"Regeneracja katalizator\u00f3w bus\u00f3w\/autobus\u00f3w to jedna z bardzo cenionych w\u015br\u00f3d naszych klient\u00f3w us\u0142ug, cechuje j\u0105 szybko\u015b\u0107, fachowo\u015b\u0107 oraz cena.","robots":{"index":"index","follow":"follow","max-snippet":"max-snippet:-1","max-image-preview":"max-image-preview:large","max-video-preview":"max-video-preview:-1"},"canonical":"https:\/\/kalinski.pl\/serwis\/naprawa-czyszczenie-i-regeneracja-katalizatorow-busow-autobusow\/","og_locale":"pl_PL","og_type":"article","og_title":"Naprawa, czyszczenie i regeneracja katalizator\u00f3w bus\u00f3w i autobus\u00f3w | Kali\u0144ski","og_description":"Regeneracja katalizator\u00f3w bus\u00f3w\/autobus\u00f3w to jedna z bardzo cenionych w\u015br\u00f3d naszych klient\u00f3w us\u0142ug, cechuje j\u0105 szybko\u015b\u0107, fachowo\u015b\u0107 oraz cena.","og_url":"https:\/\/kalinski.pl\/serwis\/naprawa-czyszczenie-i-regeneracja-katalizatorow-busow-autobusow\/","og_site_name":"Kali\u0144ski","article_modified_time":"2026-03-18T10:25:52+00:00","og_image":[{"width":1110,"height":303,"url":"https:\/\/kalinski.pl\/serwis\/wp-content\/uploads\/dzial_bus_regbelka.jpg","type":"image\/jpeg"}],"twitter_card":"summary_large_image","twitter_misc":{"Szacowany czas czytania":"3 minuty"},"schema":{"@context":"https:\/\/schema.org","@graph":[{"@type":"WebPage","@id":"https:\/\/kalinski.pl\/serwis\/naprawa-czyszczenie-i-regeneracja-katalizatorow-busow-autobusow\/","url":"https:\/\/kalinski.pl\/serwis\/naprawa-czyszczenie-i-regeneracja-katalizatorow-busow-autobusow\/","name":"Naprawa, czyszczenie i regeneracja katalizator\u00f3w bus\u00f3w i autobus\u00f3w | Kali\u0144ski","isPartOf":{"@id":"https:\/\/kalinski.pl\/serwis\/#website"},"primaryImageOfPage":{"@id":"https:\/\/kalinski.pl\/serwis\/naprawa-czyszczenie-i-regeneracja-katalizatorow-busow-autobusow\/#primaryimage"},"image":{"@id":"https:\/\/kalinski.pl\/serwis\/naprawa-czyszczenie-i-regeneracja-katalizatorow-busow-autobusow\/#primaryimage"},"thumbnailUrl":"https:\/\/kalinski.pl\/wp-content\/uploads\/dzial_bus_katbelka.jpg","datePublished":"2021-12-20T15:06:03+00:00","dateModified":"2026-03-18T10:25:52+00:00","description":"Regeneracja katalizator\u00f3w bus\u00f3w\/autobus\u00f3w to jedna z bardzo cenionych w\u015br\u00f3d naszych klient\u00f3w us\u0142ug, cechuje j\u0105 szybko\u015b\u0107, fachowo\u015b\u0107 oraz cena.","breadcrumb":{"@id":"https:\/\/kalinski.pl\/serwis\/naprawa-czyszczenie-i-regeneracja-katalizatorow-busow-autobusow\/#breadcrumb"},"inLanguage":"pl-PL","potentialAction":[{"@type":"ReadAction","target":["https:\/\/kalinski.pl\/serwis\/naprawa-czyszczenie-i-regeneracja-katalizatorow-busow-autobusow\/"]}]},{"@type":"ImageObject","inLanguage":"pl-PL","@id":"https:\/\/kalinski.pl\/serwis\/naprawa-czyszczenie-i-regeneracja-katalizatorow-busow-autobusow\/#primaryimage","url":"https:\/\/kalinski.pl\/wp-content\/uploads\/dzial_bus_katbelka.jpg","contentUrl":"https:\/\/kalinski.pl\/wp-content\/uploads\/dzial_bus_katbelka.jpg"},{"@type":"BreadcrumbList","@id":"https:\/\/kalinski.pl\/serwis\/naprawa-czyszczenie-i-regeneracja-katalizatorow-busow-autobusow\/#breadcrumb","itemListElement":[{"@type":"ListItem","position":1,"name":"Strona g\u0142\u00f3wna","item":"https:\/\/kalinski.pl\/serwis\/"},{"@type":"ListItem","position":2,"name":"Naprawa, czyszczenie i regeneracja katalizator\u00f3w bus\u00f3w i autobus\u00f3w"}]},{"@type":"WebSite","@id":"https:\/\/kalinski.pl\/serwis\/#website","url":"https:\/\/kalinski.pl\/serwis\/","name":"Kali\u0144ski","description":"Uk\u0142ady wydechowe","publisher":{"@id":"https:\/\/kalinski.pl\/serwis\/#organization"},"potentialAction":[{"@type":"SearchAction","target":{"@type":"EntryPoint","urlTemplate":"https:\/\/kalinski.pl\/serwis\/?s={search_term_string}"},"query-input":{"@type":"PropertyValueSpecification","valueRequired":true,"valueName":"search_term_string"}}],"inLanguage":"pl-PL"},{"@type":"Organization","@id":"https:\/\/kalinski.pl\/serwis\/#organization","name":"Kali\u0144ski","url":"https:\/\/kalinski.pl\/serwis\/","logo":{"@type":"ImageObject","inLanguage":"pl-PL","@id":"https:\/\/kalinski.pl\/serwis\/#\/schema\/logo\/image\/","url":"https:\/\/kalinski.pl\/serwis\/wp-content\/uploads\/2019\/03\/cropped-logo_white.jpg","contentUrl":"https:\/\/kalinski.pl\/serwis\/wp-content\/uploads\/2019\/03\/cropped-logo_white.jpg","width":240,"height":63,"caption":"Kali\u0144ski"},"image":{"@id":"https:\/\/kalinski.pl\/serwis\/#\/schema\/logo\/image\/"}}]}},"_links":{"self":[{"href":"https:\/\/kalinski.pl\/serwis\/wp-json\/wp\/v2\/pages\/3704","targetHints":{"allow":["GET"]}}],"collection":[{"href":"https:\/\/kalinski.pl\/serwis\/wp-json\/wp\/v2\/pages"}],"about":[{"href":"https:\/\/kalinski.pl\/serwis\/wp-json\/wp\/v2\/types\/page"}],"author":[{"embeddable":true,"href":"https:\/\/kalinski.pl\/serwis\/wp-json\/wp\/v2\/users\/821795"}],"replies":[{"embeddable":true,"href":"https:\/\/kalinski.pl\/serwis\/wp-json\/wp\/v2\/comments?post=3704"}],"version-history":[{"count":9,"href":"https:\/\/kalinski.pl\/serwis\/wp-json\/wp\/v2\/pages\/3704\/revisions"}],"predecessor-version":[{"id":4943,"href":"https:\/\/kalinski.pl\/serwis\/wp-json\/wp\/v2\/pages\/3704\/revisions\/4943"}],"wp:attachment":[{"href":"https:\/\/kalinski.pl\/serwis\/wp-json\/wp\/v2\/media?parent=3704"}],"curies":[{"name":"wp","href":"https:\/\/api.w.org\/{rel}","templated":true}]}}