{"id":3684,"date":"2021-12-15T14:11:14","date_gmt":"2021-12-15T13:11:14","guid":{"rendered":"https:\/\/kalinski.pl\/?page_id=3684"},"modified":"2026-03-18T11:25:09","modified_gmt":"2026-03-18T10:25:09","slug":"tlumiki-i-rury-do-samochodow-ciezarowych","status":"publish","type":"page","link":"https:\/\/kalinski.pl\/serwis\/tlumiki-i-rury-do-samochodow-ciezarowych\/","title":{"rendered":"T\u0142umiki i rury do samochod\u00f3w ci\u0119\u017carowych"},"content":{"rendered":"<div class=\"katalizatory_png\"><img decoding=\"async\" class=\"alignnone size-large wp-image-3694\" src=\"https:\/\/kalinski.pl\/wp-content\/uploads\/Tlumiki_ciezarowe-1110x303.jpg\" alt=\"\" width=\"1110\" height=\"303\" \/><\/div>\n<div>\u00a0<\/div>\n<p>Wszystkie pojazdy ci\u0119\u017carowe s\u0105 nap\u0119dzane jednostkami silnikowymi o znacznie wi\u0119kszej mocy oraz pojemno\u015bci ni\u017c osobowe. Wynika to oczywi\u015bcie z ich gabaryt\u00f3w i parametr\u00f3w technicznych. Jednak konieczno\u015b\u0107 stosowania silniejszych jednostek wp\u0142ywa mi\u0119dzy innymi na spos\u00f3b budowy uk\u0142adu wydechowego. W samochodach ci\u0119\u017carowych ma on bardziej z\u0142o\u017con\u0105 konstrukcj\u0119. Dlatego jako renomowany producent i dystrybutor cz\u0119\u015bci i podzespo\u0142\u00f3w uk\u0142adu wydechowego marka Kali\u0144ski oferuje Pa\u0144stwu profesjonalne us\u0142ugi serwisowe w zakresie wymian oraz napraw takich element\u00f3w. Posiadamy r\u00f3wnie\u017c sklep internetowy z bardzo bogat\u0105 ofert\u0105.<\/p>\n<p><strong>Naprawa wydech\u00f3w ci\u0119\u017carowych<\/strong> mo\u017ce mie\u0107 r\u00f3\u017cny przebieg, wszystko zale\u017cy bowiem od rodzaju powsta\u0142ych problem\u00f3w i sposob\u00f3w ich rozwi\u0105zania. Najcz\u0119\u015bciej zg\u0142aszanymi przez kierowc\u00f3w problemami s\u0105 rozmaite uszkodzenia mechaniczne w obr\u0119bie wydechu lub t\u0142umika. Opr\u00f3cz uszkodze\u0144 mechanicznych bardzo cz\u0119sto nasi klienci zg\u0142aszaj\u0105 problemy zwi\u0105zane z katalizatorami lub filtrami cz\u0105stek sta\u0142ych, kt\u00f3re ulegaj\u0105 zapchaniu. <strong>Naprawa wydech\u00f3w ci\u0119\u017carowych<\/strong> stanowi jeden z podstawowych element\u00f3w naszej oferty. W ramach takich us\u0142ug mo\u017cemy przeprowadzi\u0107: spawanie, napraw\u0119 lub wymian\u0119 cz\u0119\u015bci w poszczeg\u00f3lnych podzespo\u0142ach na now\u0105. W naszej ofercie mamy zar\u00f3wno nowe jak i u\u017cywane produkty do pojazd\u00f3w ci\u0119\u017carowych.<\/p>\n<p>Na podobnej zasadzie odbywa si\u0119 <strong>naprawa t\u0142umik\u00f3w<\/strong> <strong>do samochod\u00f3w ci\u0119\u017carowych.<\/strong> Tutaj r\u00f3wnie\u017c zakres podejmowanych dzia\u0142a\u0144 zale\u017cy przede wszystkim od rodzaju powsta\u0142ej usterki. Dlatego przed rozpocz\u0119ciem pracy nasi mechanicy dok\u0142adnie sprawdzaj\u0105 stan techniczny t\u0142umika i na tej podstawie dokonuj\u0105 oceny uszkodze\u0144. Dzi\u0119ki temu mamy pewno\u015b\u0107, \u017ce zlecona <strong>regeneracja t\u0142umik\u00f3w ci\u0119\u017carowych<\/strong> przebiegnie w spos\u00f3b prawid\u0142owy. Najcz\u0119\u015bciej jednak w przypadku problem\u00f3w z t\u0142umikami konieczna b\u0119dzie <strong><a href=\"https:\/\/kalinski.pl\/sklep\/pl\/4374-tlumiki-rury\">wymiana t\u0142umik\u00f3w ci\u0119\u017carowych<\/a>.<\/strong> Obecnie <strong>cena t\u0142umik\u00f3w<\/strong> nie jest wysoka, ich jako\u015b\u0107 natomiast systematycznie si\u0119 poprawia. Z roku na rok trafia do nas wi\u0119cej klient\u00f3w regenerujacyh katalizatory czy filtry DPF, mniej naprawiaj\u0105ce wydech. Aby uzyska\u0107 wi\u0119cej informacji na ten temat, zach\u0119camy do kontaktu z firm\u0105 Kali\u0144ski. Nasi doradcy postaraj\u0105 si\u0119 rozwia\u0107 wszelkie Pa\u0144stwa w\u0105tpliwo\u015bci oraz odpowiedzie\u0107 na ewentualne pytania.<\/p>\n<p>Nasz warsztat mie\u015bci si\u0119 w Chybach, czyli ma\u0142ej miejscowo\u015bci po\u0142o\u017conej tu\u017c obok miasta wojew\u00f3dzkiego. <strong>Pozna\u0144<\/strong> nie jest jednak g\u0142\u00f3wnym obszarem naszej dzia\u0142alno\u015bci. Jako marka Kali\u0144ski prowadzimy tak\u017ce sprzeda\u017c wysy\u0142kow\u0105, dzi\u0119ki czemu z naszej oferty korzystaj\u0105 klienci nie tylko z Polski ale r\u00f3wnie\u017c z Europy a nawet \u015bwiat. Serdecznie zach\u0119camy do zapoznania si\u0119 z pe\u0142n\u0105 ofert\u0105 produkt\u00f3w oraz us\u0142ug oferowanych przez firm\u0119 Kali\u0144ski, kt\u00f3re znajdziesz na naszej stronie oraz stronie sklepu internetowego.<\/p>\n<div class=\"kontakt_frame_main\">\n\n<div class=\"su-posts su-posts-single-post \">\n\n\t\t\t\t\t\t\n\t\t\t\n\t\t\t<div id=\"su-post-2432\" class=\"su-post \">\n\t\t\t\t<h1 class=\"su-post-title\">kontakt Adam Czuprys<\/h1>\n\t\t\t\t<div class=\"su-post-meta\">\n\t\t\t\t\tOpublikowano:\n\t\t\t\t\t5 pa\u017adziernika 2020\t\t\t\t\t\t\t\t\t<\/div>\n\t\t\t\t<div class=\"su-post-content\">\n\t\t\t\t\t\t\t<div data-elementor-type=\"wp-post\" data-elementor-id=\"2432\" class=\"elementor elementor-2432\">\n\t\t\t\t\t\t<section class=\"elementor-section elementor-top-section elementor-element elementor-element-dbfcb36 elementor-section-boxed elementor-section-height-default elementor-section-height-default\" data-id=\"dbfcb36\" data-element_type=\"section\">\n\t\t\t\t\t\t<div class=\"elementor-container elementor-column-gap-default\">\n\t\t\t\t\t<div class=\"elementor-column elementor-col-100 elementor-top-column elementor-element elementor-element-53877ea\" data-id=\"53877ea\" data-element_type=\"column\">\n\t\t\t<div class=\"elementor-widget-wrap elementor-element-populated\">\n\t\t\t\t\t\t<div class=\"elementor-element elementor-element-6b95a6c h3_kontakt elementor-widget elementor-widget-heading\" data-id=\"6b95a6c\" data-element_type=\"widget\" data-widget_type=\"heading.default\">\n\t\t\t\t<div class=\"elementor-widget-container\">\n\t\t\t\t\t<h3 class=\"elementor-heading-title elementor-size-default\">Pojazdy ci\u0119\u017carowe<\/h3>\t\t\t\t<\/div>\n\t\t\t\t<\/div>\n\t\t\t\t\t<\/div>\n\t\t<\/div>\n\t\t\t\t\t<\/div>\n\t\t<\/section>\n\t\t\t\t<section class=\"elementor-section elementor-top-section elementor-element elementor-element-31735a1 elementor-section-boxed elementor-section-height-default elementor-section-height-default\" data-id=\"31735a1\" data-element_type=\"section\">\n\t\t\t\t\t\t<div class=\"elementor-container elementor-column-gap-default\">\n\t\t\t\t\t<div class=\"elementor-column elementor-col-100 elementor-top-column elementor-element elementor-element-d982bb9\" data-id=\"d982bb9\" data-element_type=\"column\">\n\t\t\t<div class=\"elementor-widget-wrap elementor-element-populated\">\n\t\t\t\t\t\t<div class=\"elementor-element elementor-element-70c08d8 elementor-position-left elementor-widget__width-initial member-name elementor-vertical-align-top elementor-widget elementor-widget-image-box\" data-id=\"70c08d8\" data-element_type=\"widget\" data-widget_type=\"image-box.default\">\n\t\t\t\t<div class=\"elementor-widget-container\">\n\t\t\t\t\t<div class=\"elementor-image-box-wrapper\"><figure class=\"elementor-image-box-img\"><img fetchpriority=\"high\" fetchpriority=\"high\" decoding=\"async\" width=\"400\" height=\"400\" src=\"https:\/\/kalinski.pl\/serwis\/wp-content\/uploads\/kk_adamczuprys.jpg\" class=\"attachment-full size-full wp-image-4728\" alt=\"kk adamczuprys\" \/><\/figure><div class=\"elementor-image-box-content\"><h3 class=\"elementor-image-box-title\">Adam Czuprys<\/h3><p class=\"elementor-image-box-description\"><div class=\"member-role\">Menad\u017cer dzia\u0142u ci\u0119\u017carowego<\/div>\n<div class=\"member-contact\">\n<a href=\"tel:+48618142777\">+48 61 814 27 77 wew. 102<\/a><br>\n<a href=\"tel:+48667343343\">Mob. 667 343 343<\/a><br>\nciezarowe@kalinski.pl\n<\/div><\/p><\/div><\/div>\t\t\t\t<\/div>\n\t\t\t\t<\/div>\n\t\t\t\t\t<\/div>\n\t\t<\/div>\n\t\t\t\t\t<\/div>\n\t\t<\/section>\n\t\t\t\t<\/div>\n\t\t\t\t\t\t<\/div>\n\t\t\t<\/div>\n\n\t\t\t\t\n<\/div>\n<\/div>\n<div class=\"odstepy_strona\">\n<\/div>\n","protected":false},"excerpt":{"rendered":"<p>\u00a0 Wszystkie pojazdy ci\u0119\u017carowe s\u0105 nap\u0119dzane jednostkami silnikowymi o znacznie wi\u0119kszej mocy oraz pojemno\u015bci ni\u017c osobowe. Wynika to oczywi\u015bcie z ich gabaryt\u00f3w i parametr\u00f3w technicznych. Jednak konieczno\u015b\u0107 stosowania silniejszych jednostek wp\u0142ywa mi\u0119dzy innymi na spos\u00f3b budowy uk\u0142adu wydechowego. W samochodach ci\u0119\u017carowych ma on bardziej z\u0142o\u017con\u0105 konstrukcj\u0119. Dlatego jako renomowany producent i dystrybutor cz\u0119\u015bci i podzespo\u0142\u00f3w &hellip; <a href=\"https:\/\/kalinski.pl\/serwis\/uslugi-adam-ciezarowe\/\" class=\"more-link\">Czytaj dalej<span class=\"screen-reader-text\"> kontakt Adam Czuprys<\/span><\/a><\/p>\n","protected":false},"author":821795,"featured_media":0,"parent":0,"menu_order":0,"comment_status":"closed","ping_status":"closed","template":"","meta":{"footnotes":""},"class_list":["post-3684","page","type-page","status-publish","hentry"],"yoast_head":"<!-- This site is optimized with the Yoast SEO plugin v26.7 - https:\/\/yoast.com\/wordpress\/plugins\/seo\/ -->\n<title>T\u0142umiki i rury do samochod\u00f3w ci\u0119\u017carowych | Kali\u0144ski<\/title>\n<meta name=\"description\" content=\"T\u0142umiki i rury do samochod\u00f3w ci\u0119\u017carowych to bardzo dobrze nam znane elementy, kt\u00f3re serwisujemy, naprawiamy, regenerujemy czy sprzedajemy.\" \/>\n<meta name=\"robots\" content=\"index, follow, max-snippet:-1, max-image-preview:large, max-video-preview:-1\" \/>\n<link rel=\"canonical\" href=\"https:\/\/kalinski.pl\/serwis\/tlumiki-i-rury-do-samochodow-ciezarowych\/\" \/>\n<meta property=\"og:locale\" content=\"pl_PL\" \/>\n<meta property=\"og:type\" content=\"article\" \/>\n<meta property=\"og:title\" content=\"T\u0142umiki i rury do samochod\u00f3w ci\u0119\u017carowych | Kali\u0144ski\" \/>\n<meta property=\"og:description\" content=\"T\u0142umiki i rury do samochod\u00f3w ci\u0119\u017carowych to bardzo dobrze nam znane elementy, kt\u00f3re serwisujemy, naprawiamy, regenerujemy czy sprzedajemy.\" \/>\n<meta property=\"og:url\" content=\"https:\/\/kalinski.pl\/serwis\/tlumiki-i-rury-do-samochodow-ciezarowych\/\" \/>\n<meta property=\"og:site_name\" content=\"Kali\u0144ski\" \/>\n<meta property=\"article:modified_time\" content=\"2026-03-18T10:25:09+00:00\" \/>\n<meta property=\"og:image\" content=\"https:\/\/kalinski.pl\/serwis\/wp-content\/uploads\/Tlumiki_ciezarowe.jpg\" \/>\n\t<meta property=\"og:image:width\" content=\"1920\" \/>\n\t<meta property=\"og:image:height\" content=\"524\" \/>\n\t<meta property=\"og:image:type\" content=\"image\/jpeg\" \/>\n<meta name=\"twitter:card\" content=\"summary_large_image\" \/>\n<meta name=\"twitter:label1\" content=\"Szacowany czas czytania\" \/>\n\t<meta name=\"twitter:data1\" content=\"3 minuty\" \/>\n<script type=\"application\/ld+json\" class=\"yoast-schema-graph\">{\"@context\":\"https:\/\/schema.org\",\"@graph\":[{\"@type\":\"WebPage\",\"@id\":\"https:\/\/kalinski.pl\/serwis\/tlumiki-i-rury-do-samochodow-ciezarowych\/\",\"url\":\"https:\/\/kalinski.pl\/serwis\/tlumiki-i-rury-do-samochodow-ciezarowych\/\",\"name\":\"T\u0142umiki i rury do samochod\u00f3w ci\u0119\u017carowych | Kali\u0144ski\",\"isPartOf\":{\"@id\":\"https:\/\/kalinski.pl\/serwis\/#website\"},\"primaryImageOfPage\":{\"@id\":\"https:\/\/kalinski.pl\/serwis\/tlumiki-i-rury-do-samochodow-ciezarowych\/#primaryimage\"},\"image\":{\"@id\":\"https:\/\/kalinski.pl\/serwis\/tlumiki-i-rury-do-samochodow-ciezarowych\/#primaryimage\"},\"thumbnailUrl\":\"https:\/\/kalinski.pl\/wp-content\/uploads\/Tlumiki_ciezarowe-1110x303.jpg\",\"datePublished\":\"2021-12-15T13:11:14+00:00\",\"dateModified\":\"2026-03-18T10:25:09+00:00\",\"description\":\"T\u0142umiki i rury do samochod\u00f3w ci\u0119\u017carowych to bardzo dobrze nam znane elementy, kt\u00f3re serwisujemy, naprawiamy, regenerujemy czy sprzedajemy.\",\"breadcrumb\":{\"@id\":\"https:\/\/kalinski.pl\/serwis\/tlumiki-i-rury-do-samochodow-ciezarowych\/#breadcrumb\"},\"inLanguage\":\"pl-PL\",\"potentialAction\":[{\"@type\":\"ReadAction\",\"target\":[\"https:\/\/kalinski.pl\/serwis\/tlumiki-i-rury-do-samochodow-ciezarowych\/\"]}]},{\"@type\":\"ImageObject\",\"inLanguage\":\"pl-PL\",\"@id\":\"https:\/\/kalinski.pl\/serwis\/tlumiki-i-rury-do-samochodow-ciezarowych\/#primaryimage\",\"url\":\"https:\/\/kalinski.pl\/wp-content\/uploads\/Tlumiki_ciezarowe-1110x303.jpg\",\"contentUrl\":\"https:\/\/kalinski.pl\/wp-content\/uploads\/Tlumiki_ciezarowe-1110x303.jpg\"},{\"@type\":\"BreadcrumbList\",\"@id\":\"https:\/\/kalinski.pl\/serwis\/tlumiki-i-rury-do-samochodow-ciezarowych\/#breadcrumb\",\"itemListElement\":[{\"@type\":\"ListItem\",\"position\":1,\"name\":\"Strona g\u0142\u00f3wna\",\"item\":\"https:\/\/kalinski.pl\/serwis\/\"},{\"@type\":\"ListItem\",\"position\":2,\"name\":\"T\u0142umiki i rury do samochod\u00f3w ci\u0119\u017carowych\"}]},{\"@type\":\"WebSite\",\"@id\":\"https:\/\/kalinski.pl\/serwis\/#website\",\"url\":\"https:\/\/kalinski.pl\/serwis\/\",\"name\":\"Kali\u0144ski\",\"description\":\"Uk\u0142ady wydechowe\",\"publisher\":{\"@id\":\"https:\/\/kalinski.pl\/serwis\/#organization\"},\"potentialAction\":[{\"@type\":\"SearchAction\",\"target\":{\"@type\":\"EntryPoint\",\"urlTemplate\":\"https:\/\/kalinski.pl\/serwis\/?s={search_term_string}\"},\"query-input\":{\"@type\":\"PropertyValueSpecification\",\"valueRequired\":true,\"valueName\":\"search_term_string\"}}],\"inLanguage\":\"pl-PL\"},{\"@type\":\"Organization\",\"@id\":\"https:\/\/kalinski.pl\/serwis\/#organization\",\"name\":\"Kali\u0144ski\",\"url\":\"https:\/\/kalinski.pl\/serwis\/\",\"logo\":{\"@type\":\"ImageObject\",\"inLanguage\":\"pl-PL\",\"@id\":\"https:\/\/kalinski.pl\/serwis\/#\/schema\/logo\/image\/\",\"url\":\"https:\/\/kalinski.pl\/serwis\/wp-content\/uploads\/2019\/03\/cropped-logo_white.jpg\",\"contentUrl\":\"https:\/\/kalinski.pl\/serwis\/wp-content\/uploads\/2019\/03\/cropped-logo_white.jpg\",\"width\":240,\"height\":63,\"caption\":\"Kali\u0144ski\"},\"image\":{\"@id\":\"https:\/\/kalinski.pl\/serwis\/#\/schema\/logo\/image\/\"}}]}<\/script>\n<!-- \/ Yoast SEO plugin. -->","yoast_head_json":{"title":"T\u0142umiki i rury do samochod\u00f3w ci\u0119\u017carowych | Kali\u0144ski","description":"T\u0142umiki i rury do samochod\u00f3w ci\u0119\u017carowych to bardzo dobrze nam znane elementy, kt\u00f3re serwisujemy, naprawiamy, regenerujemy czy sprzedajemy.","robots":{"index":"index","follow":"follow","max-snippet":"max-snippet:-1","max-image-preview":"max-image-preview:large","max-video-preview":"max-video-preview:-1"},"canonical":"https:\/\/kalinski.pl\/serwis\/tlumiki-i-rury-do-samochodow-ciezarowych\/","og_locale":"pl_PL","og_type":"article","og_title":"T\u0142umiki i rury do samochod\u00f3w ci\u0119\u017carowych | Kali\u0144ski","og_description":"T\u0142umiki i rury do samochod\u00f3w ci\u0119\u017carowych to bardzo dobrze nam znane elementy, kt\u00f3re serwisujemy, naprawiamy, regenerujemy czy sprzedajemy.","og_url":"https:\/\/kalinski.pl\/serwis\/tlumiki-i-rury-do-samochodow-ciezarowych\/","og_site_name":"Kali\u0144ski","article_modified_time":"2026-03-18T10:25:09+00:00","og_image":[{"width":1920,"height":524,"url":"https:\/\/kalinski.pl\/serwis\/wp-content\/uploads\/Tlumiki_ciezarowe.jpg","type":"image\/jpeg"}],"twitter_card":"summary_large_image","twitter_misc":{"Szacowany czas czytania":"3 minuty"},"schema":{"@context":"https:\/\/schema.org","@graph":[{"@type":"WebPage","@id":"https:\/\/kalinski.pl\/serwis\/tlumiki-i-rury-do-samochodow-ciezarowych\/","url":"https:\/\/kalinski.pl\/serwis\/tlumiki-i-rury-do-samochodow-ciezarowych\/","name":"T\u0142umiki i rury do samochod\u00f3w ci\u0119\u017carowych | Kali\u0144ski","isPartOf":{"@id":"https:\/\/kalinski.pl\/serwis\/#website"},"primaryImageOfPage":{"@id":"https:\/\/kalinski.pl\/serwis\/tlumiki-i-rury-do-samochodow-ciezarowych\/#primaryimage"},"image":{"@id":"https:\/\/kalinski.pl\/serwis\/tlumiki-i-rury-do-samochodow-ciezarowych\/#primaryimage"},"thumbnailUrl":"https:\/\/kalinski.pl\/wp-content\/uploads\/Tlumiki_ciezarowe-1110x303.jpg","datePublished":"2021-12-15T13:11:14+00:00","dateModified":"2026-03-18T10:25:09+00:00","description":"T\u0142umiki i rury do samochod\u00f3w ci\u0119\u017carowych to bardzo dobrze nam znane elementy, kt\u00f3re serwisujemy, naprawiamy, regenerujemy czy sprzedajemy.","breadcrumb":{"@id":"https:\/\/kalinski.pl\/serwis\/tlumiki-i-rury-do-samochodow-ciezarowych\/#breadcrumb"},"inLanguage":"pl-PL","potentialAction":[{"@type":"ReadAction","target":["https:\/\/kalinski.pl\/serwis\/tlumiki-i-rury-do-samochodow-ciezarowych\/"]}]},{"@type":"ImageObject","inLanguage":"pl-PL","@id":"https:\/\/kalinski.pl\/serwis\/tlumiki-i-rury-do-samochodow-ciezarowych\/#primaryimage","url":"https:\/\/kalinski.pl\/wp-content\/uploads\/Tlumiki_ciezarowe-1110x303.jpg","contentUrl":"https:\/\/kalinski.pl\/wp-content\/uploads\/Tlumiki_ciezarowe-1110x303.jpg"},{"@type":"BreadcrumbList","@id":"https:\/\/kalinski.pl\/serwis\/tlumiki-i-rury-do-samochodow-ciezarowych\/#breadcrumb","itemListElement":[{"@type":"ListItem","position":1,"name":"Strona g\u0142\u00f3wna","item":"https:\/\/kalinski.pl\/serwis\/"},{"@type":"ListItem","position":2,"name":"T\u0142umiki i rury do samochod\u00f3w ci\u0119\u017carowych"}]},{"@type":"WebSite","@id":"https:\/\/kalinski.pl\/serwis\/#website","url":"https:\/\/kalinski.pl\/serwis\/","name":"Kali\u0144ski","description":"Uk\u0142ady wydechowe","publisher":{"@id":"https:\/\/kalinski.pl\/serwis\/#organization"},"potentialAction":[{"@type":"SearchAction","target":{"@type":"EntryPoint","urlTemplate":"https:\/\/kalinski.pl\/serwis\/?s={search_term_string}"},"query-input":{"@type":"PropertyValueSpecification","valueRequired":true,"valueName":"search_term_string"}}],"inLanguage":"pl-PL"},{"@type":"Organization","@id":"https:\/\/kalinski.pl\/serwis\/#organization","name":"Kali\u0144ski","url":"https:\/\/kalinski.pl\/serwis\/","logo":{"@type":"ImageObject","inLanguage":"pl-PL","@id":"https:\/\/kalinski.pl\/serwis\/#\/schema\/logo\/image\/","url":"https:\/\/kalinski.pl\/serwis\/wp-content\/uploads\/2019\/03\/cropped-logo_white.jpg","contentUrl":"https:\/\/kalinski.pl\/serwis\/wp-content\/uploads\/2019\/03\/cropped-logo_white.jpg","width":240,"height":63,"caption":"Kali\u0144ski"},"image":{"@id":"https:\/\/kalinski.pl\/serwis\/#\/schema\/logo\/image\/"}}]}},"_links":{"self":[{"href":"https:\/\/kalinski.pl\/serwis\/wp-json\/wp\/v2\/pages\/3684","targetHints":{"allow":["GET"]}}],"collection":[{"href":"https:\/\/kalinski.pl\/serwis\/wp-json\/wp\/v2\/pages"}],"about":[{"href":"https:\/\/kalinski.pl\/serwis\/wp-json\/wp\/v2\/types\/page"}],"author":[{"embeddable":true,"href":"https:\/\/kalinski.pl\/serwis\/wp-json\/wp\/v2\/users\/821795"}],"replies":[{"embeddable":true,"href":"https:\/\/kalinski.pl\/serwis\/wp-json\/wp\/v2\/comments?post=3684"}],"version-history":[{"count":9,"href":"https:\/\/kalinski.pl\/serwis\/wp-json\/wp\/v2\/pages\/3684\/revisions"}],"predecessor-version":[{"id":4942,"href":"https:\/\/kalinski.pl\/serwis\/wp-json\/wp\/v2\/pages\/3684\/revisions\/4942"}],"wp:attachment":[{"href":"https:\/\/kalinski.pl\/serwis\/wp-json\/wp\/v2\/media?parent=3684"}],"curies":[{"name":"wp","href":"https:\/\/api.w.org\/{rel}","templated":true}]}}