{"id":3646,"date":"2021-07-14T09:42:36","date_gmt":"2021-07-14T07:42:36","guid":{"rendered":"https:\/\/kalinski.pl\/?page_id=3646"},"modified":"2026-03-18T11:24:12","modified_gmt":"2026-03-18T10:24:12","slug":"filtry-dpf-do-samochodow-ciezarowych","status":"publish","type":"page","link":"https:\/\/kalinski.pl\/serwis\/filtry-dpf-do-samochodow-ciezarowych\/","title":{"rendered":"Filtry DPF do samochod\u00f3w ci\u0119\u017carowych"},"content":{"rendered":"<div>\u00a0<\/div>\n<div><img decoding=\"async\" class=\"wp-image-1268 aligncenter\" src=\"https:\/\/kalinski.pl\/wp-content\/uploads\/Filtr_DAF1-1.jpg\" alt=\"\" width=\"807\" height=\"538\" \/><\/div>\n<div>\u00a0<\/div>\n<div>\u00a0<\/div>\n<div class=\"odstepy_strona\">\n<p>Na sprawnej eksploatacji samochod\u00f3w ci\u0119\u017carowych opiera si\u0119 ca\u0142y wsp\u00f3\u0142czesny sektor transportu i logistyki. Dlatego nasza firma dok\u0142ada wszelkich stara\u0144, aby wspiera\u0107 przedsi\u0119biorstwa dzia\u0142aj\u0105ce w obydwu wymienionych bran\u017cach. Jako firma Kali\u0144ski jeste\u015bmy uznanym producentem oraz serwisem cz\u0119\u015bci b\u0119d\u0105cych elementami uk\u0142adu wydechowego. To sprawia, \u017ce doskonale znamy ich walory oraz kluczowe parametry. Dzi\u0119ki temu mo\u017cemy zaoferowa\u0107 kompleksowy wachlarz us\u0142ug serwisowych w zakresie naprawy, konserwacji, regeneracji, rekonstrukcji czy nawet tuningu wydech\u00f3w.<\/p>\n<p>Jednym z warunk\u00f3w dopuszczenia samochod\u00f3w ci\u0119\u017carowych do ruchu jest sprawdzenie, czy nie przekraczaj\u0105 one okre\u015blonej normy emisji spalin. Warto doda\u0107, \u017ce wspomniane normy s\u0105 do\u015b\u0107 rygorystyczne. Z tego wzgl\u0119du obecnie w ka\u017cdym samochodzie ci\u0119\u017carowym jest zamontowany filtr DPF. Jego zadanie polega na wychwytywaniu tzw. cz\u0105stek sta\u0142ych powstaj\u0105cych w czasie spalania paliwa. Dzi\u0119ki temu <a href=\"https:\/\/kalinski.pl\/sklep\/pl\/5260-filtry-czastek-stalych-dpf-\"><strong>filtry DPF do samochod\u00f3w ci\u0119\u017carowych<\/strong><\/a> skutecznie ograniczaj\u0105 emisj\u0119 spalin, gdy\u017c zatrzymuj\u0105 one wi\u0119ksz\u0105 cz\u0119\u015b\u0107 powstaj\u0105cych zabrudze\u0144.<\/p>\n<p>Niestety, spos\u00f3b dzia\u0142ania filtr\u00f3w DPF ma jedn\u0105 wa\u017cn\u0105 wad\u0119. Jest ni\u0105 ryzyko zapchania wynikaj\u0105ce z nadmiernego nagromadzenia si\u0119 popio\u0142u i drobinek sadzy we wn\u0119trzu filtra. Je\u017celi filtr ulegnie zapchaniu, jego efektywno\u015b\u0107 pracy b\u0119dzie stopniowo spada\u0107. Ca\u0142kowite zapchanie filtra mo\u017ce sko\u0144czy\u0107 si\u0119 nawet unieruchomieniem silnika, wobec czego nale\u017cy bezwzgl\u0119dnie unika\u0107 takich sytuacji. Warto pami\u0119ta\u0107, \u017ce ju\u017c przy wykryciu pierwszych objaw\u00f3w zapchania nale\u017cy niezw\u0142ocznie dzia\u0142a\u0107. W takiej sytuacji pom\u00f3c mo\u017ce profesjonalny <strong>serwis filtr\u00f3w DPF do ci\u0119\u017car\u00f3wek<\/strong>, taki jak nasz.<\/p>\n<p>Dobrze przeprowadzona regeneracja, czyli swoista <strong>naprawa filtr\u00f3w cz\u0105stek sta\u0142ych do ci\u0119\u017car\u00f3wek<\/strong> pozwala na przywr\u00f3cenie tym elementom dawnej u\u017cyteczno\u015bci. Jednak mo\u017cna j\u0105 wykona\u0107 tylko wtedy, gdy filtr jest nie ma uszkodzonej obudowy. Wszelkie p\u0119kni\u0119cia obudowy s\u0105 wi\u0119c przeciwwskazaniem do wykonania takiej us\u0142ugi.<\/p>\n<p><strong>Naprawa filtr\u00f3w DPF do pojazd\u00f3w ci\u0119\u017carowych<\/strong> ma z regu\u0142y bardzo prosty przebieg. Wi\u0119kszo\u015b\u0107 filtr\u00f3w dostarczanych do naszego warsztatu jest naprawd\u0119 mocno zanieczyszczona. Wobec tego standardowa regeneracja polega w\u00f3wczas na wymianie wk\u0142adu znajduj\u0105cego si\u0119 we wn\u0119trzu filtra. Monta\u017c nowego wk\u0142adu zazwyczaj wystarczy do tego, \u017ceby filtr odzyska\u0142 ca\u0142kowit\u0105 sprawno\u015b\u0107 techniczn\u0105. Po zamontowaniu sprawnego filtra nale\u017cy go jeszcze podda\u0107 komputerowej adaptacji. Jest to docelowy spos\u00f3b post\u0119powania przy wi\u0119kszo\u015bci takich zlece\u0144. Mniej zabrudzone filtry, mo\u017cna podda\u0107 regeneracji z wykorzystaniem maszyny Hartidge DPF 300. <a href=\"https:\/\/kalinski.pl\/sklep\/pl\/usluga-regenercji-dpf\/38206-regeneracja-filtrow-czastek-stalych-dpf-do-pojazdow-ciezarowych-euro-6-man-tgl-iveco-eurocargo-volvo-fl-daf-lf-mercedes-atego-ac.html\"><strong>Regeneracja filtr\u00f3w DPF do pojazd\u00f3w ci\u0119\u017carowych<\/strong><\/a> z wykorzystanie maszyny Hartridge pozwala na wydmuchanie lub wypalenie zabrudze\u0144 zatykaj\u0105cych wk\u0142ad filtra. Niemniej przypominamy, \u017ce to wymiana wk\u0142adu stanowi g\u0142\u00f3wn\u0105 metod\u0119 regeneracji.<\/p>\n<p>Ile kosztuje taka us\u0142uga? <strong>Cena<\/strong> regeneracji filtr\u00f3w DPF zale\u017cy mi\u0119dzy innymi od pojazdu czy wykorzystanej metody. Nasi klienci mog\u0105 r\u00f3wnie\u017c uzyska\u0107 dodatkowy rabat poprzez wys\u0142anie nam starego filtra DPF. Przy skorzystaniu z tej oferty zwracamy cz\u0119\u015b\u0107 koszt\u00f3w zakupu nowego egzemplarza. \u017beby uzyska\u0107 rabat trzeba nam jednak najpierw wys\u0142a\u0107 filtr, a my ocenimy jego stan. Je\u015bli maj\u0105 Pa\u0144stwo dodatkowe pytania dotycz\u0105ce przebiegu takiej us\u0142ugi, zach\u0119camy do kontaktu. Ch\u0119tnie odpowiemy na wszystkie pytania, podpowiemy jakie rozwi\u0105zanie b\u0119dzie najbardziej odpowiednie. zasugeruj\u0105 wyb\u00f3r najlepszej metody w przypadku konkretnego problemu.<\/p>\n<p>Dzia\u0142alno\u015b\u0107 marki Kali\u0144ski odbywa si\u0119 zar\u00f3wno w formie stacjonarnej, jak i wysy\u0142kowej. Nasza siedziba mie\u015bci si\u0119 w Chybach. Tu\u017c obok naszej siedziby znajduje si\u0119<strong> Pozna\u0144<\/strong>, a jego granica przebiega w odleg\u0142o\u015bci niespe\u0142na jednego kilometra od firmy. Dojecha\u0107 do nas mo\u017cna r\u00f3wnie\u017c z wykorzystaniem popularnej drogi S-11. Bardzo \u0142atwo mo\u017cna odnale\u017a\u0107 nasz warsztat.<\/p>\n<\/div>\n<div class=\"kontakt_frame_main\">\n\n<div class=\"su-posts su-posts-single-post \">\n\n\t\t\t\t\t\t\n\t\t\t\n\t\t\t<div id=\"su-post-2432\" class=\"su-post \">\n\t\t\t\t<h1 class=\"su-post-title\">kontakt Adam Czuprys<\/h1>\n\t\t\t\t<div class=\"su-post-meta\">\n\t\t\t\t\tOpublikowano:\n\t\t\t\t\t5 pa\u017adziernika 2020\t\t\t\t\t\t\t\t\t<\/div>\n\t\t\t\t<div class=\"su-post-content\">\n\t\t\t\t\t\t\t<div data-elementor-type=\"wp-post\" data-elementor-id=\"2432\" class=\"elementor elementor-2432\">\n\t\t\t\t\t\t<section class=\"elementor-section elementor-top-section elementor-element elementor-element-dbfcb36 elementor-section-boxed elementor-section-height-default elementor-section-height-default\" data-id=\"dbfcb36\" data-element_type=\"section\">\n\t\t\t\t\t\t<div class=\"elementor-container elementor-column-gap-default\">\n\t\t\t\t\t<div class=\"elementor-column elementor-col-100 elementor-top-column elementor-element elementor-element-53877ea\" data-id=\"53877ea\" data-element_type=\"column\">\n\t\t\t<div class=\"elementor-widget-wrap elementor-element-populated\">\n\t\t\t\t\t\t<div class=\"elementor-element elementor-element-6b95a6c h3_kontakt elementor-widget elementor-widget-heading\" data-id=\"6b95a6c\" data-element_type=\"widget\" data-widget_type=\"heading.default\">\n\t\t\t\t<div class=\"elementor-widget-container\">\n\t\t\t\t\t<h3 class=\"elementor-heading-title elementor-size-default\">Pojazdy ci\u0119\u017carowe<\/h3>\t\t\t\t<\/div>\n\t\t\t\t<\/div>\n\t\t\t\t\t<\/div>\n\t\t<\/div>\n\t\t\t\t\t<\/div>\n\t\t<\/section>\n\t\t\t\t<section class=\"elementor-section elementor-top-section elementor-element elementor-element-31735a1 elementor-section-boxed elementor-section-height-default elementor-section-height-default\" data-id=\"31735a1\" data-element_type=\"section\">\n\t\t\t\t\t\t<div class=\"elementor-container elementor-column-gap-default\">\n\t\t\t\t\t<div class=\"elementor-column elementor-col-100 elementor-top-column elementor-element elementor-element-d982bb9\" data-id=\"d982bb9\" data-element_type=\"column\">\n\t\t\t<div class=\"elementor-widget-wrap elementor-element-populated\">\n\t\t\t\t\t\t<div class=\"elementor-element elementor-element-70c08d8 elementor-position-left elementor-widget__width-initial member-name elementor-vertical-align-top elementor-widget elementor-widget-image-box\" data-id=\"70c08d8\" data-element_type=\"widget\" data-widget_type=\"image-box.default\">\n\t\t\t\t<div class=\"elementor-widget-container\">\n\t\t\t\t\t<div class=\"elementor-image-box-wrapper\"><figure class=\"elementor-image-box-img\"><img fetchpriority=\"high\" fetchpriority=\"high\" decoding=\"async\" width=\"400\" height=\"400\" src=\"https:\/\/kalinski.pl\/serwis\/wp-content\/uploads\/kk_adamczuprys.jpg\" class=\"attachment-full size-full wp-image-4728\" alt=\"kk adamczuprys\" \/><\/figure><div class=\"elementor-image-box-content\"><h3 class=\"elementor-image-box-title\">Adam Czuprys<\/h3><p class=\"elementor-image-box-description\"><div class=\"member-role\">Menad\u017cer dzia\u0142u ci\u0119\u017carowego<\/div>\n<div class=\"member-contact\">\n<a href=\"tel:+48618142777\">+48 61 814 27 77 wew. 102<\/a><br>\n<a href=\"tel:+48667343343\">Mob. 667 343 343<\/a><br>\nciezarowe@kalinski.pl\n<\/div><\/p><\/div><\/div>\t\t\t\t<\/div>\n\t\t\t\t<\/div>\n\t\t\t\t\t<\/div>\n\t\t<\/div>\n\t\t\t\t\t<\/div>\n\t\t<\/section>\n\t\t\t\t<\/div>\n\t\t\t\t\t\t<\/div>\n\t\t\t<\/div>\n\n\t\t\t\t\n<\/div>\n<\/div>\n","protected":false},"excerpt":{"rendered":"<p>\u00a0 \u00a0 \u00a0 Na sprawnej eksploatacji samochod\u00f3w ci\u0119\u017carowych opiera si\u0119 ca\u0142y wsp\u00f3\u0142czesny sektor transportu i logistyki. Dlatego nasza firma dok\u0142ada wszelkich stara\u0144, aby wspiera\u0107 przedsi\u0119biorstwa dzia\u0142aj\u0105ce w obydwu wymienionych bran\u017cach. Jako firma Kali\u0144ski jeste\u015bmy uznanym producentem oraz serwisem cz\u0119\u015bci b\u0119d\u0105cych elementami uk\u0142adu wydechowego. To sprawia, \u017ce doskonale znamy ich walory oraz kluczowe parametry. Dzi\u0119ki temu &hellip; <a href=\"https:\/\/kalinski.pl\/serwis\/uslugi-adam-ciezarowe\/\" class=\"more-link\">Czytaj dalej<span class=\"screen-reader-text\"> kontakt Adam Czuprys<\/span><\/a><\/p>\n","protected":false},"author":821795,"featured_media":0,"parent":0,"menu_order":0,"comment_status":"closed","ping_status":"closed","template":"","meta":{"footnotes":""},"class_list":["post-3646","page","type-page","status-publish","hentry"],"yoast_head":"<!-- This site is optimized with the Yoast SEO plugin v26.7 - https:\/\/yoast.com\/wordpress\/plugins\/seo\/ -->\n<title>Filtry DPF do samochod\u00f3w ci\u0119\u017carowych | Kali\u0144ski<\/title>\n<meta name=\"description\" content=\"Filtry DPF do samochod\u00f3w ci\u0119\u017carowych to jedne z tych, kt\u00f3re lubi\u0105 si\u0119 zapycha\u0107, mimo to obs\u0142u\u017cyli\u015bmy ich ju\u017c setki.\" \/>\n<meta name=\"robots\" content=\"index, follow, max-snippet:-1, max-image-preview:large, max-video-preview:-1\" \/>\n<link rel=\"canonical\" href=\"https:\/\/kalinski.pl\/serwis\/filtry-dpf-do-samochodow-ciezarowych\/\" \/>\n<meta property=\"og:locale\" content=\"pl_PL\" \/>\n<meta property=\"og:type\" content=\"article\" \/>\n<meta property=\"og:title\" content=\"Filtry DPF do samochod\u00f3w ci\u0119\u017carowych | Kali\u0144ski\" \/>\n<meta property=\"og:description\" content=\"Filtry DPF do samochod\u00f3w ci\u0119\u017carowych to jedne z tych, kt\u00f3re lubi\u0105 si\u0119 zapycha\u0107, mimo to obs\u0142u\u017cyli\u015bmy ich ju\u017c setki.\" \/>\n<meta property=\"og:url\" content=\"https:\/\/kalinski.pl\/serwis\/filtry-dpf-do-samochodow-ciezarowych\/\" \/>\n<meta property=\"og:site_name\" content=\"Kali\u0144ski\" \/>\n<meta property=\"article:modified_time\" content=\"2026-03-18T10:24:12+00:00\" \/>\n<meta property=\"og:image\" content=\"https:\/\/kalinski.pl\/serwis\/wp-content\/uploads\/Filtr_DAF1-1.jpg\" \/>\n\t<meta property=\"og:image:width\" content=\"1024\" \/>\n\t<meta property=\"og:image:height\" content=\"683\" \/>\n\t<meta property=\"og:image:type\" content=\"image\/jpeg\" \/>\n<meta name=\"twitter:card\" content=\"summary_large_image\" \/>\n<meta name=\"twitter:label1\" content=\"Szacowany czas czytania\" \/>\n\t<meta name=\"twitter:data1\" content=\"4 minuty\" \/>\n<script type=\"application\/ld+json\" class=\"yoast-schema-graph\">{\"@context\":\"https:\/\/schema.org\",\"@graph\":[{\"@type\":\"WebPage\",\"@id\":\"https:\/\/kalinski.pl\/serwis\/filtry-dpf-do-samochodow-ciezarowych\/\",\"url\":\"https:\/\/kalinski.pl\/serwis\/filtry-dpf-do-samochodow-ciezarowych\/\",\"name\":\"Filtry DPF do samochod\u00f3w ci\u0119\u017carowych | Kali\u0144ski\",\"isPartOf\":{\"@id\":\"https:\/\/kalinski.pl\/serwis\/#website\"},\"primaryImageOfPage\":{\"@id\":\"https:\/\/kalinski.pl\/serwis\/filtry-dpf-do-samochodow-ciezarowych\/#primaryimage\"},\"image\":{\"@id\":\"https:\/\/kalinski.pl\/serwis\/filtry-dpf-do-samochodow-ciezarowych\/#primaryimage\"},\"thumbnailUrl\":\"https:\/\/kalinski.pl\/wp-content\/uploads\/Filtr_DAF1-1.jpg\",\"datePublished\":\"2021-07-14T07:42:36+00:00\",\"dateModified\":\"2026-03-18T10:24:12+00:00\",\"description\":\"Filtry DPF do samochod\u00f3w ci\u0119\u017carowych to jedne z tych, kt\u00f3re lubi\u0105 si\u0119 zapycha\u0107, mimo to obs\u0142u\u017cyli\u015bmy ich ju\u017c setki.\",\"breadcrumb\":{\"@id\":\"https:\/\/kalinski.pl\/serwis\/filtry-dpf-do-samochodow-ciezarowych\/#breadcrumb\"},\"inLanguage\":\"pl-PL\",\"potentialAction\":[{\"@type\":\"ReadAction\",\"target\":[\"https:\/\/kalinski.pl\/serwis\/filtry-dpf-do-samochodow-ciezarowych\/\"]}]},{\"@type\":\"ImageObject\",\"inLanguage\":\"pl-PL\",\"@id\":\"https:\/\/kalinski.pl\/serwis\/filtry-dpf-do-samochodow-ciezarowych\/#primaryimage\",\"url\":\"https:\/\/kalinski.pl\/wp-content\/uploads\/Filtr_DAF1-1.jpg\",\"contentUrl\":\"https:\/\/kalinski.pl\/wp-content\/uploads\/Filtr_DAF1-1.jpg\"},{\"@type\":\"BreadcrumbList\",\"@id\":\"https:\/\/kalinski.pl\/serwis\/filtry-dpf-do-samochodow-ciezarowych\/#breadcrumb\",\"itemListElement\":[{\"@type\":\"ListItem\",\"position\":1,\"name\":\"Strona g\u0142\u00f3wna\",\"item\":\"https:\/\/kalinski.pl\/serwis\/\"},{\"@type\":\"ListItem\",\"position\":2,\"name\":\"Filtry DPF do samochod\u00f3w ci\u0119\u017carowych\"}]},{\"@type\":\"WebSite\",\"@id\":\"https:\/\/kalinski.pl\/serwis\/#website\",\"url\":\"https:\/\/kalinski.pl\/serwis\/\",\"name\":\"Kali\u0144ski\",\"description\":\"Uk\u0142ady wydechowe\",\"publisher\":{\"@id\":\"https:\/\/kalinski.pl\/serwis\/#organization\"},\"potentialAction\":[{\"@type\":\"SearchAction\",\"target\":{\"@type\":\"EntryPoint\",\"urlTemplate\":\"https:\/\/kalinski.pl\/serwis\/?s={search_term_string}\"},\"query-input\":{\"@type\":\"PropertyValueSpecification\",\"valueRequired\":true,\"valueName\":\"search_term_string\"}}],\"inLanguage\":\"pl-PL\"},{\"@type\":\"Organization\",\"@id\":\"https:\/\/kalinski.pl\/serwis\/#organization\",\"name\":\"Kali\u0144ski\",\"url\":\"https:\/\/kalinski.pl\/serwis\/\",\"logo\":{\"@type\":\"ImageObject\",\"inLanguage\":\"pl-PL\",\"@id\":\"https:\/\/kalinski.pl\/serwis\/#\/schema\/logo\/image\/\",\"url\":\"https:\/\/kalinski.pl\/serwis\/wp-content\/uploads\/2019\/03\/cropped-logo_white.jpg\",\"contentUrl\":\"https:\/\/kalinski.pl\/serwis\/wp-content\/uploads\/2019\/03\/cropped-logo_white.jpg\",\"width\":240,\"height\":63,\"caption\":\"Kali\u0144ski\"},\"image\":{\"@id\":\"https:\/\/kalinski.pl\/serwis\/#\/schema\/logo\/image\/\"}}]}<\/script>\n<!-- \/ Yoast SEO plugin. -->","yoast_head_json":{"title":"Filtry DPF do samochod\u00f3w ci\u0119\u017carowych | Kali\u0144ski","description":"Filtry DPF do samochod\u00f3w ci\u0119\u017carowych to jedne z tych, kt\u00f3re lubi\u0105 si\u0119 zapycha\u0107, mimo to obs\u0142u\u017cyli\u015bmy ich ju\u017c setki.","robots":{"index":"index","follow":"follow","max-snippet":"max-snippet:-1","max-image-preview":"max-image-preview:large","max-video-preview":"max-video-preview:-1"},"canonical":"https:\/\/kalinski.pl\/serwis\/filtry-dpf-do-samochodow-ciezarowych\/","og_locale":"pl_PL","og_type":"article","og_title":"Filtry DPF do samochod\u00f3w ci\u0119\u017carowych | Kali\u0144ski","og_description":"Filtry DPF do samochod\u00f3w ci\u0119\u017carowych to jedne z tych, kt\u00f3re lubi\u0105 si\u0119 zapycha\u0107, mimo to obs\u0142u\u017cyli\u015bmy ich ju\u017c setki.","og_url":"https:\/\/kalinski.pl\/serwis\/filtry-dpf-do-samochodow-ciezarowych\/","og_site_name":"Kali\u0144ski","article_modified_time":"2026-03-18T10:24:12+00:00","og_image":[{"width":1024,"height":683,"url":"https:\/\/kalinski.pl\/serwis\/wp-content\/uploads\/Filtr_DAF1-1.jpg","type":"image\/jpeg"}],"twitter_card":"summary_large_image","twitter_misc":{"Szacowany czas czytania":"4 minuty"},"schema":{"@context":"https:\/\/schema.org","@graph":[{"@type":"WebPage","@id":"https:\/\/kalinski.pl\/serwis\/filtry-dpf-do-samochodow-ciezarowych\/","url":"https:\/\/kalinski.pl\/serwis\/filtry-dpf-do-samochodow-ciezarowych\/","name":"Filtry DPF do samochod\u00f3w ci\u0119\u017carowych | Kali\u0144ski","isPartOf":{"@id":"https:\/\/kalinski.pl\/serwis\/#website"},"primaryImageOfPage":{"@id":"https:\/\/kalinski.pl\/serwis\/filtry-dpf-do-samochodow-ciezarowych\/#primaryimage"},"image":{"@id":"https:\/\/kalinski.pl\/serwis\/filtry-dpf-do-samochodow-ciezarowych\/#primaryimage"},"thumbnailUrl":"https:\/\/kalinski.pl\/wp-content\/uploads\/Filtr_DAF1-1.jpg","datePublished":"2021-07-14T07:42:36+00:00","dateModified":"2026-03-18T10:24:12+00:00","description":"Filtry DPF do samochod\u00f3w ci\u0119\u017carowych to jedne z tych, kt\u00f3re lubi\u0105 si\u0119 zapycha\u0107, mimo to obs\u0142u\u017cyli\u015bmy ich ju\u017c setki.","breadcrumb":{"@id":"https:\/\/kalinski.pl\/serwis\/filtry-dpf-do-samochodow-ciezarowych\/#breadcrumb"},"inLanguage":"pl-PL","potentialAction":[{"@type":"ReadAction","target":["https:\/\/kalinski.pl\/serwis\/filtry-dpf-do-samochodow-ciezarowych\/"]}]},{"@type":"ImageObject","inLanguage":"pl-PL","@id":"https:\/\/kalinski.pl\/serwis\/filtry-dpf-do-samochodow-ciezarowych\/#primaryimage","url":"https:\/\/kalinski.pl\/wp-content\/uploads\/Filtr_DAF1-1.jpg","contentUrl":"https:\/\/kalinski.pl\/wp-content\/uploads\/Filtr_DAF1-1.jpg"},{"@type":"BreadcrumbList","@id":"https:\/\/kalinski.pl\/serwis\/filtry-dpf-do-samochodow-ciezarowych\/#breadcrumb","itemListElement":[{"@type":"ListItem","position":1,"name":"Strona g\u0142\u00f3wna","item":"https:\/\/kalinski.pl\/serwis\/"},{"@type":"ListItem","position":2,"name":"Filtry DPF do samochod\u00f3w ci\u0119\u017carowych"}]},{"@type":"WebSite","@id":"https:\/\/kalinski.pl\/serwis\/#website","url":"https:\/\/kalinski.pl\/serwis\/","name":"Kali\u0144ski","description":"Uk\u0142ady wydechowe","publisher":{"@id":"https:\/\/kalinski.pl\/serwis\/#organization"},"potentialAction":[{"@type":"SearchAction","target":{"@type":"EntryPoint","urlTemplate":"https:\/\/kalinski.pl\/serwis\/?s={search_term_string}"},"query-input":{"@type":"PropertyValueSpecification","valueRequired":true,"valueName":"search_term_string"}}],"inLanguage":"pl-PL"},{"@type":"Organization","@id":"https:\/\/kalinski.pl\/serwis\/#organization","name":"Kali\u0144ski","url":"https:\/\/kalinski.pl\/serwis\/","logo":{"@type":"ImageObject","inLanguage":"pl-PL","@id":"https:\/\/kalinski.pl\/serwis\/#\/schema\/logo\/image\/","url":"https:\/\/kalinski.pl\/serwis\/wp-content\/uploads\/2019\/03\/cropped-logo_white.jpg","contentUrl":"https:\/\/kalinski.pl\/serwis\/wp-content\/uploads\/2019\/03\/cropped-logo_white.jpg","width":240,"height":63,"caption":"Kali\u0144ski"},"image":{"@id":"https:\/\/kalinski.pl\/serwis\/#\/schema\/logo\/image\/"}}]}},"_links":{"self":[{"href":"https:\/\/kalinski.pl\/serwis\/wp-json\/wp\/v2\/pages\/3646","targetHints":{"allow":["GET"]}}],"collection":[{"href":"https:\/\/kalinski.pl\/serwis\/wp-json\/wp\/v2\/pages"}],"about":[{"href":"https:\/\/kalinski.pl\/serwis\/wp-json\/wp\/v2\/types\/page"}],"author":[{"embeddable":true,"href":"https:\/\/kalinski.pl\/serwis\/wp-json\/wp\/v2\/users\/821795"}],"replies":[{"embeddable":true,"href":"https:\/\/kalinski.pl\/serwis\/wp-json\/wp\/v2\/comments?post=3646"}],"version-history":[{"count":3,"href":"https:\/\/kalinski.pl\/serwis\/wp-json\/wp\/v2\/pages\/3646\/revisions"}],"predecessor-version":[{"id":4940,"href":"https:\/\/kalinski.pl\/serwis\/wp-json\/wp\/v2\/pages\/3646\/revisions\/4940"}],"wp:attachment":[{"href":"https:\/\/kalinski.pl\/serwis\/wp-json\/wp\/v2\/media?parent=3646"}],"curies":[{"name":"wp","href":"https:\/\/api.w.org\/{rel}","templated":true}]}}