{"id":3607,"date":"2021-07-06T11:24:16","date_gmt":"2021-07-06T09:24:16","guid":{"rendered":"https:\/\/kalinski.pl\/?page_id=3607"},"modified":"2021-07-06T11:24:16","modified_gmt":"2021-07-06T09:24:16","slug":"regeneracja-katalizatorow-i-filtrow-dpf-poznan-gluszyna","status":"publish","type":"page","link":"https:\/\/kalinski.pl\/serwis\/regeneracja-katalizatorow-i-filtrow-dpf-poznan-gluszyna\/","title":{"rendered":"Regeneracja katalizator\u00f3w i filtr\u00f3w DPF Pozna\u0144 G\u0142uszyna"},"content":{"rendered":"\r\n<figure class=\"wp-block-image size-large\"><img fetchpriority=\"high\" decoding=\"async\" width=\"1110\" height=\"303\" class=\"wp-image-1568\" src=\"https:\/\/kalinski.pl\/wp-content\/uploads\/Filtry_Kalinski-1-1110x303.png\" alt=\"\" \/><\/figure>\r\n\r\n\r\n<p align=\"justify\">\u00a0<\/p>\r\n<p align=\"justify\">W\u0142a\u015bciciele samochod\u00f3w doskonale wiedz\u0105, jak kosztowne mog\u0105 by\u0107 naprawy niekt\u00f3rych usterek. Do takich, kt\u00f3re do\u015b\u0107 mocno obci\u0105\u017caj\u0105 finanse na pewno zalicza si\u0119 naprawy zwi\u0105zane z usterkami katalizator\u00f3w oraz filtr\u00f3w DPF. Podzespo\u0142y te montowane w uk\u0142adzie wydechowym auta musz\u0105 obowi\u0105zkowo znajdowa\u0107 si\u0119 w samochodzie, nie mo\u017cna ich usuwa\u0107 ani modyfikowa\u0107. Od niedawna filtry DPF montowane s\u0105 r\u00f3wnie\u017c obowi\u0105zkowo w pojazdach z silnikiem benzynowym. Takie jak <strong>regeneracja katalizator\u00f3w Pozna\u0144 G\u0142uszyna<\/strong> ciesz\u0105 si\u0119 coraz wi\u0119kszym zainteresowaniem. Tak wykonywana <strong>naprawa katalizator\u00f3w Pozna\u0144 G\u0142uszyna<\/strong> jest bowiem znacznie ta\u0144sza ni\u017c wymiana go na nowy. Opcjonalnie mo\u017cna zdecydowa\u0107 si\u0119 na czyszczenie katalizatora Pozna\u0144 G\u0142uszyna, jednak nie w ka\u017cdej sytuacji taki zabieg mo\u017ce by\u0107 przeprowadzony. Je\u015bli obudowa katalizatora nie jest uszkodzona wtedy wykonujemy regeneracj\u0119 poprzez wymian\u0119 wk\u0142ad\u00f3w.<\/p>\r\n<p align=\"justify\">Wymiana wk\u0142adu wewn\u0119trznego to spos\u00f3b w jaki jest przeprowadzana r\u00f3wnie\u017c <strong>regeneracja filtr\u00f3w DPF Pozna\u0144 G\u0142uszyna<\/strong>. To wk\u0142ad wewn\u0119trzny ulega zapchaniu poprzez zgromadzone w czasie pracy podzespo\u0142u nieczysto\u015bci, co wywo\u0142uje jego awarie. Odpowiednio p<strong>rzeprowadzona regeneracja filtr\u00f3w cz\u0105stek sta\u0142ych Pozna\u0144 G\u0142uszyna<\/strong> sprawia, \u017ce cz\u0119\u015b\u0107 zyskuje takie same w\u0142a\u015bciwo\u015bci ja nowa, co pozwala na dalsze jej u\u017cytkowanie przez d\u0142ugi czas bez \u017cadnych problem\u00f3w. Koszt wykonania regeneracji jest znacznie ni\u017cszy, cz\u0119sto jest to nawet po\u0142owa koszt\u00f3w kt\u00f3re w\u0142a\u015bciciel samochodu musia\u0142by przeznaczy\u0107 na wymian\u0119 podzespo\u0142u na nowy. Zastosowanie do regeneracji nowoczesnych technologii powoduje, \u017ce takie us\u0142ugi wykonuje si\u0119 bardzo szybko, cz\u0119sto wystarczy jedynie kilka godzin, aby zregenerowa\u0107 i zamontowa\u0107 cz\u0119\u015b\u0107 w samochodzie. W naszej firmie g\u0142\u00f3wnie regenerujemy wymieniaj\u0105c wk\u0142ady, opr\u00f3cz tego r\u00f3wnie\u017c u\u017cywamy brytyjskiej maszyny Hartridge DPF 300.<\/p>\r\n<table style=\"border-collapse: collapse; width: 100%;\">\r\n<tbody>\r\n<tr>\r\n<td style=\"width: 33%;\"><a href=\"https:\/\/kalinski.pl\/sklep\/pl\/8333-filtry-czastek-stalych-dpf-fap-toyota\" target=\"_blank\" rel=\"noopener\"><img decoding=\"async\" class=\"alignnone wp-image-3371 size-full\" src=\"https:\/\/kalinski.pl\/wp-content\/uploads\/800x300_1.jpg\" alt=\"\" width=\"800\" height=\"300\" \/><\/a><\/td>\r\n<td style=\"width: 33%;\"><a href=\"https:\/\/kalinski.pl\/sklep\/pl\/4356-katalizatory-samochodowe\" target=\"_blank\" rel=\"noopener\"><img decoding=\"async\" class=\"alignnone wp-image-3370 size-full\" src=\"https:\/\/kalinski.pl\/wp-content\/uploads\/800x300_2.jpg\" alt=\"\" width=\"800\" height=\"300\" \/><\/a><\/td>\r\n<td style=\"width: 33%;\"><a href=\"https:\/\/kalinski.pl\/sklep\/pl\/allegro-inne\/37689-regeneracja-filtrow-czastek-stalych-dpf-fap-gpf-do-pojazdow-osobowych.html?search_query=regeneracja&amp;results=9\" target=\"_blank\" rel=\"noopener\"><img loading=\"lazy\" decoding=\"async\" class=\"alignnone size-full wp-image-3393\" src=\"https:\/\/kalinski.pl\/wp-content\/uploads\/Regeneracja_PZ.jpg\" alt=\"\" width=\"800\" height=\"300\" \/><\/a><\/td>\r\n<\/tr>\r\n<\/tbody>\r\n<\/table>\r\n\r\n\r\n<p>\r\n<\/p>\r\n\t\t<div data-elementor-type=\"wp-post\" data-elementor-id=\"3002\" class=\"elementor elementor-3002\">\n\t\t\t\t\t\t<section class=\"elementor-section elementor-top-section elementor-element elementor-element-cefde73 elementor-section-boxed elementor-section-height-default elementor-section-height-default\" data-id=\"cefde73\" data-element_type=\"section\">\n\t\t\t\t\t\t<div class=\"elementor-container elementor-column-gap-default\">\n\t\t\t\t\t<div class=\"elementor-column elementor-col-100 elementor-top-column elementor-element elementor-element-970e36a\" data-id=\"970e36a\" data-element_type=\"column\">\n\t\t\t<div class=\"elementor-widget-wrap elementor-element-populated\">\n\t\t\t\t\t\t<div class=\"elementor-element elementor-element-6c30b54 elementor-widget elementor-widget-heading\" data-id=\"6c30b54\" data-element_type=\"widget\" data-widget_type=\"heading.default\">\n\t\t\t\t<div class=\"elementor-widget-container\">\n\t\t\t\t\t<h2 class=\"elementor-heading-title elementor-size-default\">Jeste\u015bmy do Twojej dyspozycji<\/h2>\t\t\t\t<\/div>\n\t\t\t\t<\/div>\n\t\t\t\t\t<\/div>\n\t\t<\/div>\n\t\t\t\t\t<\/div>\n\t\t<\/section>\n\t\t\t\t<section class=\"elementor-section elementor-top-section elementor-element elementor-element-f0f0ab2 elementor-section-boxed elementor-section-height-default elementor-section-height-default\" data-id=\"f0f0ab2\" data-element_type=\"section\">\n\t\t\t\t\t\t<div class=\"elementor-container elementor-column-gap-default\">\n\t\t\t\t\t<div class=\"elementor-column elementor-col-50 elementor-top-column elementor-element elementor-element-df75edc\" data-id=\"df75edc\" data-element_type=\"column\">\n\t\t\t<div class=\"elementor-widget-wrap elementor-element-populated\">\n\t\t\t\t\t\t<div class=\"elementor-element elementor-element-5d3129f elementor-position-left elementor-vertical-align-top elementor-widget elementor-widget-image-box\" data-id=\"5d3129f\" data-element_type=\"widget\" data-widget_type=\"image-box.default\">\n\t\t\t\t<div class=\"elementor-widget-container\">\n\t\t\t\t\t<div class=\"elementor-image-box-wrapper\"><figure class=\"elementor-image-box-img\"><img loading=\"lazy\" decoding=\"async\" width=\"135\" height=\"141\" src=\"https:\/\/kalinski.pl\/serwis\/wp-content\/uploads\/smateusz.jpg\" class=\"attachment-full size-full wp-image-3005\" alt=\"smateusz\" \/><\/figure><div class=\"elementor-image-box-content\"><h3 class=\"elementor-image-box-title\">Mateusz<\/h3><p class=\"elementor-image-box-description\">Pojazdy osobowe, dostawcze<\/p><\/div><\/div>\t\t\t\t<\/div>\n\t\t\t\t<\/div>\n\t\t\t\t<div class=\"elementor-element elementor-element-ccda357 elementor-widget elementor-widget-text-editor\" data-id=\"ccda357\" data-element_type=\"widget\" data-widget_type=\"text-editor.default\">\n\t\t\t\t<div class=\"elementor-widget-container\">\n\t\t\t\t\t\t\t\t\t<p><a href=\"tel:0048618142777\">+48 61 814 27 77 \/ wew 101<\/a><\/p>\n<p>biuro@kalinski.pl<\/p>\t\t\t\t\t\t\t\t<\/div>\n\t\t\t\t<\/div>\n\t\t\t\t\t<\/div>\n\t\t<\/div>\n\t\t\t\t<div class=\"elementor-column elementor-col-50 elementor-top-column elementor-element elementor-element-6025541\" data-id=\"6025541\" data-element_type=\"column\">\n\t\t\t<div class=\"elementor-widget-wrap elementor-element-populated\">\n\t\t\t\t\t\t<div class=\"elementor-element elementor-element-b645a1a elementor-position-left elementor-vertical-align-top elementor-widget elementor-widget-image-box\" data-id=\"b645a1a\" data-element_type=\"widget\" data-widget_type=\"image-box.default\">\n\t\t\t\t<div class=\"elementor-widget-container\">\n\t\t\t\t\t<div class=\"elementor-image-box-wrapper\"><figure class=\"elementor-image-box-img\"><img loading=\"lazy\" decoding=\"async\" width=\"135\" height=\"141\" src=\"https:\/\/kalinski.pl\/serwis\/wp-content\/uploads\/sadam.jpg\" class=\"attachment-full size-full wp-image-3004\" alt=\"sadam\" \/><\/figure><div class=\"elementor-image-box-content\"><h3 class=\"elementor-image-box-title\">Adam<\/h3><p class=\"elementor-image-box-description\">Samochody ci\u0119\u017carowe<\/p><\/div><\/div>\t\t\t\t<\/div>\n\t\t\t\t<\/div>\n\t\t\t\t<div class=\"elementor-element elementor-element-7fa9a86 elementor-widget elementor-widget-text-editor\" data-id=\"7fa9a86\" data-element_type=\"widget\" data-widget_type=\"text-editor.default\">\n\t\t\t\t<div class=\"elementor-widget-container\">\n\t\t\t\t\t\t\t\t\t<p><a href=\"tel:0048618142777\">+48 61 814 27 77 \/ wew 102<\/a><\/p>\n<p>ciezarowe@kalinski.pl<\/p>\t\t\t\t\t\t\t\t<\/div>\n\t\t\t\t<\/div>\n\t\t\t\t\t<\/div>\n\t\t<\/div>\n\t\t\t\t\t<\/div>\n\t\t<\/section>\n\t\t\t\t<\/div>\n\t\t\r\n<p>&nbsp;<\/p>\r\n<!-- \/wp:html -->\r\n<!-- wp:tadv\/classic-paragraph \/-->\r\n<p>S\u0142owa kluczowe: regeneracja katalizator\u00f3w Pozna\u0144 G\u0142uszyna; czyszczenie katalizatora Pozna\u0144 G\u0142uszyna; naprawa katalizator\u00f3w Pozna\u0144 G\u0142uszyna; regeneracja filtr\u00f3w dpf Pozna\u0144 G\u0142uszyna; regeneracja filtr\u00f3w cz\u0105stek sta\u0142ych Pozna\u0144 G\u0142uszyna<\/p>","protected":false},"excerpt":{"rendered":"<p>\u00a0 W\u0142a\u015bciciele samochod\u00f3w doskonale wiedz\u0105, jak kosztowne mog\u0105 by\u0107 naprawy niekt\u00f3rych usterek. Do takich, kt\u00f3re do\u015b\u0107 mocno obci\u0105\u017caj\u0105 finanse na pewno zalicza si\u0119 naprawy zwi\u0105zane z usterkami katalizator\u00f3w oraz filtr\u00f3w DPF. Podzespo\u0142y te montowane w uk\u0142adzie wydechowym auta musz\u0105 obowi\u0105zkowo znajdowa\u0107 si\u0119 w samochodzie, nie mo\u017cna ich usuwa\u0107 ani modyfikowa\u0107. Od niedawna filtry DPF montowane &hellip; <a href=\"https:\/\/kalinski.pl\/serwis\/regeneracja-katalizatorow-i-filtrow-dpf-poznan-gluszyna\/\" class=\"more-link\">Czytaj dalej<span class=\"screen-reader-text\"> Regeneracja katalizator\u00f3w i filtr\u00f3w DPF Pozna\u0144 G\u0142uszyna<\/span><\/a><\/p>\n","protected":false},"author":821795,"featured_media":0,"parent":0,"menu_order":0,"comment_status":"closed","ping_status":"closed","template":"","meta":{"footnotes":""},"class_list":["post-3607","page","type-page","status-publish","hentry"],"yoast_head":"<!-- This site is optimized with the Yoast SEO plugin v26.7 - https:\/\/yoast.com\/wordpress\/plugins\/seo\/ -->\n<title>Regeneracja katalizator\u00f3w i filtr\u00f3w DPF Pozna\u0144 G\u0142uszyna | Kali\u0144ski<\/title>\n<meta name=\"description\" content=\"G\u0142uszyna jest jedn\u0105 z dzielnic Poznania w kt\u00f3re wykonujemy m.in. us\u0142ug\u0119 o nazwie regeneracja katalizator\u00f3w i filtr\u00f3w DPF Pozna\u0144 G\u0142uszyna.\" \/>\n<meta name=\"robots\" content=\"index, follow, max-snippet:-1, max-image-preview:large, max-video-preview:-1\" \/>\n<link rel=\"canonical\" href=\"https:\/\/kalinski.pl\/serwis\/regeneracja-katalizatorow-i-filtrow-dpf-poznan-gluszyna\/\" \/>\n<meta property=\"og:locale\" content=\"pl_PL\" \/>\n<meta property=\"og:type\" content=\"article\" \/>\n<meta property=\"og:title\" content=\"Regeneracja katalizator\u00f3w i filtr\u00f3w DPF Pozna\u0144 G\u0142uszyna | Kali\u0144ski\" \/>\n<meta property=\"og:description\" content=\"G\u0142uszyna jest jedn\u0105 z dzielnic Poznania w kt\u00f3re wykonujemy m.in. us\u0142ug\u0119 o nazwie regeneracja katalizator\u00f3w i filtr\u00f3w DPF Pozna\u0144 G\u0142uszyna.\" \/>\n<meta property=\"og:url\" content=\"https:\/\/kalinski.pl\/serwis\/regeneracja-katalizatorow-i-filtrow-dpf-poznan-gluszyna\/\" \/>\n<meta property=\"og:site_name\" content=\"Kali\u0144ski\" \/>\n<meta property=\"og:image\" content=\"https:\/\/kalinski.pl\/wp-content\/uploads\/Filtry_Kalinski-1-1110x303.png\" \/>\n<meta name=\"twitter:card\" content=\"summary_large_image\" \/>\n<meta name=\"twitter:label1\" content=\"Szacowany czas czytania\" \/>\n\t<meta name=\"twitter:data1\" content=\"2 minuty\" \/>\n<script type=\"application\/ld+json\" class=\"yoast-schema-graph\">{\"@context\":\"https:\/\/schema.org\",\"@graph\":[{\"@type\":\"WebPage\",\"@id\":\"https:\/\/kalinski.pl\/serwis\/regeneracja-katalizatorow-i-filtrow-dpf-poznan-gluszyna\/\",\"url\":\"https:\/\/kalinski.pl\/serwis\/regeneracja-katalizatorow-i-filtrow-dpf-poznan-gluszyna\/\",\"name\":\"Regeneracja katalizator\u00f3w i filtr\u00f3w DPF Pozna\u0144 G\u0142uszyna | Kali\u0144ski\",\"isPartOf\":{\"@id\":\"https:\/\/kalinski.pl\/serwis\/#website\"},\"primaryImageOfPage\":{\"@id\":\"https:\/\/kalinski.pl\/serwis\/regeneracja-katalizatorow-i-filtrow-dpf-poznan-gluszyna\/#primaryimage\"},\"image\":{\"@id\":\"https:\/\/kalinski.pl\/serwis\/regeneracja-katalizatorow-i-filtrow-dpf-poznan-gluszyna\/#primaryimage\"},\"thumbnailUrl\":\"https:\/\/kalinski.pl\/wp-content\/uploads\/Filtry_Kalinski-1-1110x303.png\",\"datePublished\":\"2021-07-06T09:24:16+00:00\",\"description\":\"G\u0142uszyna jest jedn\u0105 z dzielnic Poznania w kt\u00f3re wykonujemy m.in. us\u0142ug\u0119 o nazwie regeneracja katalizator\u00f3w i filtr\u00f3w DPF Pozna\u0144 G\u0142uszyna.\",\"breadcrumb\":{\"@id\":\"https:\/\/kalinski.pl\/serwis\/regeneracja-katalizatorow-i-filtrow-dpf-poznan-gluszyna\/#breadcrumb\"},\"inLanguage\":\"pl-PL\",\"potentialAction\":[{\"@type\":\"ReadAction\",\"target\":[\"https:\/\/kalinski.pl\/serwis\/regeneracja-katalizatorow-i-filtrow-dpf-poznan-gluszyna\/\"]}]},{\"@type\":\"ImageObject\",\"inLanguage\":\"pl-PL\",\"@id\":\"https:\/\/kalinski.pl\/serwis\/regeneracja-katalizatorow-i-filtrow-dpf-poznan-gluszyna\/#primaryimage\",\"url\":\"https:\/\/kalinski.pl\/wp-content\/uploads\/Filtry_Kalinski-1-1110x303.png\",\"contentUrl\":\"https:\/\/kalinski.pl\/wp-content\/uploads\/Filtry_Kalinski-1-1110x303.png\"},{\"@type\":\"BreadcrumbList\",\"@id\":\"https:\/\/kalinski.pl\/serwis\/regeneracja-katalizatorow-i-filtrow-dpf-poznan-gluszyna\/#breadcrumb\",\"itemListElement\":[{\"@type\":\"ListItem\",\"position\":1,\"name\":\"Strona g\u0142\u00f3wna\",\"item\":\"https:\/\/kalinski.pl\/serwis\/\"},{\"@type\":\"ListItem\",\"position\":2,\"name\":\"Regeneracja katalizator\u00f3w i filtr\u00f3w DPF Pozna\u0144 G\u0142uszyna\"}]},{\"@type\":\"WebSite\",\"@id\":\"https:\/\/kalinski.pl\/serwis\/#website\",\"url\":\"https:\/\/kalinski.pl\/serwis\/\",\"name\":\"Kali\u0144ski\",\"description\":\"Uk\u0142ady wydechowe\",\"publisher\":{\"@id\":\"https:\/\/kalinski.pl\/serwis\/#organization\"},\"potentialAction\":[{\"@type\":\"SearchAction\",\"target\":{\"@type\":\"EntryPoint\",\"urlTemplate\":\"https:\/\/kalinski.pl\/serwis\/?s={search_term_string}\"},\"query-input\":{\"@type\":\"PropertyValueSpecification\",\"valueRequired\":true,\"valueName\":\"search_term_string\"}}],\"inLanguage\":\"pl-PL\"},{\"@type\":\"Organization\",\"@id\":\"https:\/\/kalinski.pl\/serwis\/#organization\",\"name\":\"Kali\u0144ski\",\"url\":\"https:\/\/kalinski.pl\/serwis\/\",\"logo\":{\"@type\":\"ImageObject\",\"inLanguage\":\"pl-PL\",\"@id\":\"https:\/\/kalinski.pl\/serwis\/#\/schema\/logo\/image\/\",\"url\":\"https:\/\/kalinski.pl\/serwis\/wp-content\/uploads\/2019\/03\/cropped-logo_white.jpg\",\"contentUrl\":\"https:\/\/kalinski.pl\/serwis\/wp-content\/uploads\/2019\/03\/cropped-logo_white.jpg\",\"width\":240,\"height\":63,\"caption\":\"Kali\u0144ski\"},\"image\":{\"@id\":\"https:\/\/kalinski.pl\/serwis\/#\/schema\/logo\/image\/\"}}]}<\/script>\n<!-- \/ Yoast SEO plugin. -->","yoast_head_json":{"title":"Regeneracja katalizator\u00f3w i filtr\u00f3w DPF Pozna\u0144 G\u0142uszyna | Kali\u0144ski","description":"G\u0142uszyna jest jedn\u0105 z dzielnic Poznania w kt\u00f3re wykonujemy m.in. us\u0142ug\u0119 o nazwie regeneracja katalizator\u00f3w i filtr\u00f3w DPF Pozna\u0144 G\u0142uszyna.","robots":{"index":"index","follow":"follow","max-snippet":"max-snippet:-1","max-image-preview":"max-image-preview:large","max-video-preview":"max-video-preview:-1"},"canonical":"https:\/\/kalinski.pl\/serwis\/regeneracja-katalizatorow-i-filtrow-dpf-poznan-gluszyna\/","og_locale":"pl_PL","og_type":"article","og_title":"Regeneracja katalizator\u00f3w i filtr\u00f3w DPF Pozna\u0144 G\u0142uszyna | Kali\u0144ski","og_description":"G\u0142uszyna jest jedn\u0105 z dzielnic Poznania w kt\u00f3re wykonujemy m.in. us\u0142ug\u0119 o nazwie regeneracja katalizator\u00f3w i filtr\u00f3w DPF Pozna\u0144 G\u0142uszyna.","og_url":"https:\/\/kalinski.pl\/serwis\/regeneracja-katalizatorow-i-filtrow-dpf-poznan-gluszyna\/","og_site_name":"Kali\u0144ski","og_image":[{"url":"https:\/\/kalinski.pl\/wp-content\/uploads\/Filtry_Kalinski-1-1110x303.png","type":"","width":"","height":""}],"twitter_card":"summary_large_image","twitter_misc":{"Szacowany czas czytania":"2 minuty"},"schema":{"@context":"https:\/\/schema.org","@graph":[{"@type":"WebPage","@id":"https:\/\/kalinski.pl\/serwis\/regeneracja-katalizatorow-i-filtrow-dpf-poznan-gluszyna\/","url":"https:\/\/kalinski.pl\/serwis\/regeneracja-katalizatorow-i-filtrow-dpf-poznan-gluszyna\/","name":"Regeneracja katalizator\u00f3w i filtr\u00f3w DPF Pozna\u0144 G\u0142uszyna | Kali\u0144ski","isPartOf":{"@id":"https:\/\/kalinski.pl\/serwis\/#website"},"primaryImageOfPage":{"@id":"https:\/\/kalinski.pl\/serwis\/regeneracja-katalizatorow-i-filtrow-dpf-poznan-gluszyna\/#primaryimage"},"image":{"@id":"https:\/\/kalinski.pl\/serwis\/regeneracja-katalizatorow-i-filtrow-dpf-poznan-gluszyna\/#primaryimage"},"thumbnailUrl":"https:\/\/kalinski.pl\/wp-content\/uploads\/Filtry_Kalinski-1-1110x303.png","datePublished":"2021-07-06T09:24:16+00:00","description":"G\u0142uszyna jest jedn\u0105 z dzielnic Poznania w kt\u00f3re wykonujemy m.in. us\u0142ug\u0119 o nazwie regeneracja katalizator\u00f3w i filtr\u00f3w DPF Pozna\u0144 G\u0142uszyna.","breadcrumb":{"@id":"https:\/\/kalinski.pl\/serwis\/regeneracja-katalizatorow-i-filtrow-dpf-poznan-gluszyna\/#breadcrumb"},"inLanguage":"pl-PL","potentialAction":[{"@type":"ReadAction","target":["https:\/\/kalinski.pl\/serwis\/regeneracja-katalizatorow-i-filtrow-dpf-poznan-gluszyna\/"]}]},{"@type":"ImageObject","inLanguage":"pl-PL","@id":"https:\/\/kalinski.pl\/serwis\/regeneracja-katalizatorow-i-filtrow-dpf-poznan-gluszyna\/#primaryimage","url":"https:\/\/kalinski.pl\/wp-content\/uploads\/Filtry_Kalinski-1-1110x303.png","contentUrl":"https:\/\/kalinski.pl\/wp-content\/uploads\/Filtry_Kalinski-1-1110x303.png"},{"@type":"BreadcrumbList","@id":"https:\/\/kalinski.pl\/serwis\/regeneracja-katalizatorow-i-filtrow-dpf-poznan-gluszyna\/#breadcrumb","itemListElement":[{"@type":"ListItem","position":1,"name":"Strona g\u0142\u00f3wna","item":"https:\/\/kalinski.pl\/serwis\/"},{"@type":"ListItem","position":2,"name":"Regeneracja katalizator\u00f3w i filtr\u00f3w DPF Pozna\u0144 G\u0142uszyna"}]},{"@type":"WebSite","@id":"https:\/\/kalinski.pl\/serwis\/#website","url":"https:\/\/kalinski.pl\/serwis\/","name":"Kali\u0144ski","description":"Uk\u0142ady wydechowe","publisher":{"@id":"https:\/\/kalinski.pl\/serwis\/#organization"},"potentialAction":[{"@type":"SearchAction","target":{"@type":"EntryPoint","urlTemplate":"https:\/\/kalinski.pl\/serwis\/?s={search_term_string}"},"query-input":{"@type":"PropertyValueSpecification","valueRequired":true,"valueName":"search_term_string"}}],"inLanguage":"pl-PL"},{"@type":"Organization","@id":"https:\/\/kalinski.pl\/serwis\/#organization","name":"Kali\u0144ski","url":"https:\/\/kalinski.pl\/serwis\/","logo":{"@type":"ImageObject","inLanguage":"pl-PL","@id":"https:\/\/kalinski.pl\/serwis\/#\/schema\/logo\/image\/","url":"https:\/\/kalinski.pl\/serwis\/wp-content\/uploads\/2019\/03\/cropped-logo_white.jpg","contentUrl":"https:\/\/kalinski.pl\/serwis\/wp-content\/uploads\/2019\/03\/cropped-logo_white.jpg","width":240,"height":63,"caption":"Kali\u0144ski"},"image":{"@id":"https:\/\/kalinski.pl\/serwis\/#\/schema\/logo\/image\/"}}]}},"_links":{"self":[{"href":"https:\/\/kalinski.pl\/serwis\/wp-json\/wp\/v2\/pages\/3607","targetHints":{"allow":["GET"]}}],"collection":[{"href":"https:\/\/kalinski.pl\/serwis\/wp-json\/wp\/v2\/pages"}],"about":[{"href":"https:\/\/kalinski.pl\/serwis\/wp-json\/wp\/v2\/types\/page"}],"author":[{"embeddable":true,"href":"https:\/\/kalinski.pl\/serwis\/wp-json\/wp\/v2\/users\/821795"}],"replies":[{"embeddable":true,"href":"https:\/\/kalinski.pl\/serwis\/wp-json\/wp\/v2\/comments?post=3607"}],"version-history":[{"count":0,"href":"https:\/\/kalinski.pl\/serwis\/wp-json\/wp\/v2\/pages\/3607\/revisions"}],"wp:attachment":[{"href":"https:\/\/kalinski.pl\/serwis\/wp-json\/wp\/v2\/media?parent=3607"}],"curies":[{"name":"wp","href":"https:\/\/api.w.org\/{rel}","templated":true}]}}