{"id":3578,"date":"2021-07-01T12:14:38","date_gmt":"2021-07-01T10:14:38","guid":{"rendered":"https:\/\/kalinski.pl\/?page_id=3578"},"modified":"2026-03-18T11:18:39","modified_gmt":"2026-03-18T10:18:39","slug":"katalizatory-do-samochodow-ciezarowych","status":"publish","type":"page","link":"https:\/\/kalinski.pl\/serwis\/katalizatory-do-samochodow-ciezarowych\/","title":{"rendered":"Katalizatory do samochod\u00f3w ci\u0119\u017carowych"},"content":{"rendered":"<div class=\"katalizatory_png\"><img decoding=\"async\" class=\"alignnone size-full wp-image-3590\" src=\"https:\/\/kalinski.pl\/wp-content\/uploads\/kalkat2.jpg\" alt=\"\" width=\"1920\" height=\"524\" \/><\/div>\n<div>\u00a0<\/div>\n<div>\u00a0<\/div>\n<div class=\"odstepy_strona\">\n<p>Nasza firma ju\u017c od wielu lat \u015bwiadczy us\u0142ug dla przedsi\u0119biorstw z bran\u017cy logistycznej, transportowej ale r\u00f3wnie\u017c innych posiadaj\u0105cych floty samochod\u00f3w ci\u0119\u017carowych. Doskonale rozumiemy to, \u017ce przy takim rodzaju dzia\u0142alno\u015bci sprawna flota stanowi absolutny fundament. Dlatego jako firma Kali\u0144ski oferujemy Pa\u0144stwu dost\u0119p do profesjonalnych us\u0142ug w zakresie napraw, konserwacji czy regeneracji element\u00f3w uk\u0142adu wydechowego. W naszej ofercie znajduje si\u0119 mi\u0119dzy innymi <strong><a href=\"https:\/\/kalinski.pl\/sklep\/pl\/regeneracja-katalizatorow-wymiana-wkladu\/47909-regeneracja-katalizatorow-poprzez-wymiane-wkladu-katalicznego-do-pojazdow-osobowych-oraz-ciezarowych-indywidualna-wycena-uslugi.html\">regeneracja katalizator\u00f3w do ci\u0119\u017car\u00f3wek<\/a>.<\/strong><\/p>\n<p>W naszej ofercie znajduje si\u0119 mi\u0119dzy innymi regeneracja katalizator\u00f3w do ci\u0119\u017car\u00f3wek. Pojazdy ci\u0119\u017carowe maj\u0105 zupe\u0142nie inn\u0105 specyfik\u0119 ni\u017c auta osobowe. Najbardziej widoczn\u0105 r\u00f3\u017cnic\u0105 jest oczywi\u015bcie spos\u00f3b ich eksploatacji. Samochody ci\u0119\u017carowe niemal ka\u017cdego dnia pokonuj\u0105 du\u017ce odleg\u0142o\u015bci, setki kilometr\u00f3w. Tak intensywna eksploatacja musi odbija\u0107 si\u0119 na \u017cywotno\u015bci kluczowych podzespo\u0142\u00f3w. Nic wi\u0119c dziwnego, \u017ce <a href=\"https:\/\/kalinski.pl\/sklep\/pl\/4375-katalizatory-scr-doc\"><strong>katalizatory do samochod\u00f3w ci\u0119\u017carowych<\/strong><\/a> z regu\u0142y wymagaj\u0105 cz\u0119stszych wymian ni\u017c egzemplarze montowane w autach osobowych.<\/p>\n<p>Co odpowiada za taki stan rzeczy? Czy jest to tylko kwestia intensywnej eksploatacji? Po cz\u0119\u015bci tak. Jednak r\u00f3wnie wa\u017cn\u0105 kwesti\u0119 stanowi spos\u00f3b dzia\u0142ania katalizator\u00f3w.<\/p>\n<p>Jak wiadomo, elementy te odpowiadaj\u0105 za katalizowanie zanieczyszcze\u0144 znajduj\u0105cych si\u0119 w spalinach, w kt\u00f3rych znajduj\u0105 si\u0119 mi\u0119dzy innymi: cz\u0105steczki sadzy, popi\u00f3\u0142 i tym podobne. Maj\u0105 one form\u0119 cz\u0105stek sta\u0142ych, co oznacza, \u017ce w naturalny spos\u00f3b odk\u0142adaj\u0105 si\u0119 one we wn\u0119trzu katalizator\u00f3w. Co prawda, zazwyczaj automatyczna <strong>regeneracja katalizator\u00f3w ci\u0119\u017carowych<\/strong>, zwana samoregeneracj\u0105 pozwala na usuni\u0119cie takich zabrudze\u0144. Jednak z biegiem czasu b\u0119dzie ona coraz mniej efektywna, a\u017c w ko\u0144cu katalizator ulegnie zapchaniu. Niestety, samoch\u00f3d z zapchanym katalizatorem jest niezdatny do jazdy, dlatego szybkie usuni\u0119cie takiej usterki staje si\u0119 w\u00f3wczas bardzo istotne.<\/p>\n<p><strong>Naprawa katalizator\u00f3w do ci\u0119\u017car\u00f3wek<\/strong> to jedna z us\u0142ug stanowi\u0105cych trzon naszej oferty. Ponad 30-letnie do\u015bwiadczenie w bran\u017cy uk\u0142ad\u00f3w wydechowych pozwoli\u0142o nam wypracowa\u0107 mo\u017cliwie najlepsze metody i skuteczne rozwi\u0105zania regeneracji Jak dok\u0142adnie przebiega <strong>regeneracja katalizator\u00f3w ci\u0119\u017carowych?<\/strong><\/p>\n<p>Przede wszystkim proces polega na wymianie wk\u0142ad\u00f3w znajduj\u0105cych si\u0119 we wn\u0119trzu katalizatora. Przyst\u0119puj\u0105c do regeneracji usuwamy stary wk\u0142ad i zast\u0119pujemy go nowym. Wk\u0142ady mog\u0105 by\u0107 zar\u00f3wno ceramiczne jak i metalowe. Co wa\u017cne, opisana <strong>naprawa katalizator\u00f3w do ci\u0119\u017car\u00f3wek<\/strong> jest mo\u017cliwa tylko wtedy, gdy przekazany nam egzemplarz jest sprawny pod wzgl\u0119dem technicznym. Je\u017celi przyk\u0142adowo p\u0119kni\u0119ciu uleg\u0142a obudowa katalizatora, regeneracja mo\u017ce nie by\u0107 mo\u017cliwa do zrealizowania. W naszej ofercie opr\u00f3cz produkt\u00f3w regenerowanych mamy r\u00f3wnie\u017c katalizatory nowe oryginalne, tzw. zamienniki oraz uniwersalne. <strong>Cena<\/strong> ka\u017cdej z opisanych us\u0142ug czy gotowych produkt\u00f3w zale\u017cy od kilku czynnik\u00f3w ale r\u00f3wnie\u017c od stanu przes\u0142anego do nas katalizatora na zwrot.<\/p>\n<p>W przypadku zakupu i odes\u0142ania nas starego katalizatora zwracamy cz\u0119\u015b\u0107 kwoty zakupu. Wszystkich zainteresowanych nasz\u0105 ofert\u0105 serdecznie zach\u0119camy do kontaktu, ch\u0119tnie odpowiemy na pytania, podpowiemy najlepsze rozwi\u0105zanie, doradzimy. Nasz firma \u015bwiadczy us\u0142ugi zar\u00f3wno w formie wysy\u0142kowej jak i w swojej siedzibie w Chybach. Najwi\u0119kszym miastem w naszej okolicy jest Pozna\u0144, do granic, kt\u00f3rego mamy oko\u0142o kilometra drogi.<\/p>\n<\/div>\n<div class=\"kontakt_frame_main\">\n\n<div class=\"su-posts su-posts-single-post \">\n\n\t\t\t\t\t\t\n\t\t\t\n\t\t\t<div id=\"su-post-2432\" class=\"su-post \">\n\t\t\t\t<h1 class=\"su-post-title\">kontakt Adam Czuprys<\/h1>\n\t\t\t\t<div class=\"su-post-meta\">\n\t\t\t\t\tOpublikowano:\n\t\t\t\t\t5 pa\u017adziernika 2020\t\t\t\t\t\t\t\t\t<\/div>\n\t\t\t\t<div class=\"su-post-content\">\n\t\t\t\t\t\t\t<div data-elementor-type=\"wp-post\" data-elementor-id=\"2432\" class=\"elementor elementor-2432\">\n\t\t\t\t\t\t<section class=\"elementor-section elementor-top-section elementor-element elementor-element-dbfcb36 elementor-section-boxed elementor-section-height-default elementor-section-height-default\" data-id=\"dbfcb36\" data-element_type=\"section\">\n\t\t\t\t\t\t<div class=\"elementor-container elementor-column-gap-default\">\n\t\t\t\t\t<div class=\"elementor-column elementor-col-100 elementor-top-column elementor-element elementor-element-53877ea\" data-id=\"53877ea\" data-element_type=\"column\">\n\t\t\t<div class=\"elementor-widget-wrap elementor-element-populated\">\n\t\t\t\t\t\t<div class=\"elementor-element elementor-element-6b95a6c h3_kontakt elementor-widget elementor-widget-heading\" data-id=\"6b95a6c\" data-element_type=\"widget\" data-widget_type=\"heading.default\">\n\t\t\t\t<div class=\"elementor-widget-container\">\n\t\t\t\t\t<h3 class=\"elementor-heading-title elementor-size-default\">Pojazdy ci\u0119\u017carowe<\/h3>\t\t\t\t<\/div>\n\t\t\t\t<\/div>\n\t\t\t\t\t<\/div>\n\t\t<\/div>\n\t\t\t\t\t<\/div>\n\t\t<\/section>\n\t\t\t\t<section class=\"elementor-section elementor-top-section elementor-element elementor-element-31735a1 elementor-section-boxed elementor-section-height-default elementor-section-height-default\" data-id=\"31735a1\" data-element_type=\"section\">\n\t\t\t\t\t\t<div class=\"elementor-container elementor-column-gap-default\">\n\t\t\t\t\t<div class=\"elementor-column elementor-col-100 elementor-top-column elementor-element elementor-element-d982bb9\" data-id=\"d982bb9\" data-element_type=\"column\">\n\t\t\t<div class=\"elementor-widget-wrap elementor-element-populated\">\n\t\t\t\t\t\t<div class=\"elementor-element elementor-element-70c08d8 elementor-position-left elementor-widget__width-initial member-name elementor-vertical-align-top elementor-widget elementor-widget-image-box\" data-id=\"70c08d8\" data-element_type=\"widget\" data-widget_type=\"image-box.default\">\n\t\t\t\t<div class=\"elementor-widget-container\">\n\t\t\t\t\t<div class=\"elementor-image-box-wrapper\"><figure class=\"elementor-image-box-img\"><img fetchpriority=\"high\" fetchpriority=\"high\" decoding=\"async\" width=\"400\" height=\"400\" src=\"https:\/\/kalinski.pl\/serwis\/wp-content\/uploads\/kk_adamczuprys.jpg\" class=\"attachment-full size-full wp-image-4728\" alt=\"kk adamczuprys\" \/><\/figure><div class=\"elementor-image-box-content\"><h3 class=\"elementor-image-box-title\">Adam Czuprys<\/h3><p class=\"elementor-image-box-description\"><div class=\"member-role\">Menad\u017cer dzia\u0142u ci\u0119\u017carowego<\/div>\n<div class=\"member-contact\">\n<a href=\"tel:+48618142777\">+48 61 814 27 77 wew. 102<\/a><br>\n<a href=\"tel:+48667343343\">Mob. 667 343 343<\/a><br>\nciezarowe@kalinski.pl\n<\/div><\/p><\/div><\/div>\t\t\t\t<\/div>\n\t\t\t\t<\/div>\n\t\t\t\t\t<\/div>\n\t\t<\/div>\n\t\t\t\t\t<\/div>\n\t\t<\/section>\n\t\t\t\t<\/div>\n\t\t\t\t\t\t<\/div>\n\t\t\t<\/div>\n\n\t\t\t\t\n<\/div>\n<\/div>\n","protected":false},"excerpt":{"rendered":"<p>\u00a0 \u00a0 Nasza firma ju\u017c od wielu lat \u015bwiadczy us\u0142ug dla przedsi\u0119biorstw z bran\u017cy logistycznej, transportowej ale r\u00f3wnie\u017c innych posiadaj\u0105cych floty samochod\u00f3w ci\u0119\u017carowych. Doskonale rozumiemy to, \u017ce przy takim rodzaju dzia\u0142alno\u015bci sprawna flota stanowi absolutny fundament. Dlatego jako firma Kali\u0144ski oferujemy Pa\u0144stwu dost\u0119p do profesjonalnych us\u0142ug w zakresie napraw, konserwacji czy regeneracji element\u00f3w uk\u0142adu wydechowego. &hellip; <a href=\"https:\/\/kalinski.pl\/serwis\/uslugi-adam-ciezarowe\/\" class=\"more-link\">Czytaj dalej<span class=\"screen-reader-text\"> kontakt Adam Czuprys<\/span><\/a><\/p>\n","protected":false},"author":821795,"featured_media":0,"parent":0,"menu_order":0,"comment_status":"closed","ping_status":"closed","template":"","meta":{"footnotes":""},"class_list":["post-3578","page","type-page","status-publish","hentry"],"yoast_head":"<!-- This site is optimized with the Yoast SEO plugin v26.7 - https:\/\/yoast.com\/wordpress\/plugins\/seo\/ -->\n<title>Katalizatory do samochod\u00f3w ci\u0119\u017carowych | Kali\u0144ski<\/title>\n<meta name=\"description\" content=\"Katalizatory do samochod\u00f3w ci\u0119\u017carowych to bardzo wa\u017cne elementy uk\u0142adu wydechowego, nasza firma mo\u017ce zadba\u0107 o stan Twojego katalizatora.\" \/>\n<meta name=\"robots\" content=\"index, follow, max-snippet:-1, max-image-preview:large, max-video-preview:-1\" \/>\n<link rel=\"canonical\" href=\"https:\/\/kalinski.pl\/serwis\/katalizatory-do-samochodow-ciezarowych\/\" \/>\n<meta property=\"og:locale\" content=\"pl_PL\" \/>\n<meta property=\"og:type\" content=\"article\" \/>\n<meta property=\"og:title\" content=\"Katalizatory do samochod\u00f3w ci\u0119\u017carowych | Kali\u0144ski\" \/>\n<meta property=\"og:description\" content=\"Katalizatory do samochod\u00f3w ci\u0119\u017carowych to bardzo wa\u017cne elementy uk\u0142adu wydechowego, nasza firma mo\u017ce zadba\u0107 o stan Twojego katalizatora.\" \/>\n<meta property=\"og:url\" content=\"https:\/\/kalinski.pl\/serwis\/katalizatory-do-samochodow-ciezarowych\/\" \/>\n<meta property=\"og:site_name\" content=\"Kali\u0144ski\" \/>\n<meta property=\"article:modified_time\" content=\"2026-03-18T10:18:39+00:00\" \/>\n<meta property=\"og:image\" content=\"https:\/\/kalinski.pl\/serwis\/wp-content\/uploads\/kalkat2.jpg\" \/>\n\t<meta property=\"og:image:width\" content=\"1920\" \/>\n\t<meta property=\"og:image:height\" content=\"524\" \/>\n\t<meta property=\"og:image:type\" content=\"image\/jpeg\" \/>\n<meta name=\"twitter:card\" content=\"summary_large_image\" \/>\n<meta name=\"twitter:label1\" content=\"Szacowany czas czytania\" \/>\n\t<meta name=\"twitter:data1\" content=\"3 minuty\" \/>\n<script type=\"application\/ld+json\" class=\"yoast-schema-graph\">{\"@context\":\"https:\/\/schema.org\",\"@graph\":[{\"@type\":\"WebPage\",\"@id\":\"https:\/\/kalinski.pl\/serwis\/katalizatory-do-samochodow-ciezarowych\/\",\"url\":\"https:\/\/kalinski.pl\/serwis\/katalizatory-do-samochodow-ciezarowych\/\",\"name\":\"Katalizatory do samochod\u00f3w ci\u0119\u017carowych | Kali\u0144ski\",\"isPartOf\":{\"@id\":\"https:\/\/kalinski.pl\/serwis\/#website\"},\"primaryImageOfPage\":{\"@id\":\"https:\/\/kalinski.pl\/serwis\/katalizatory-do-samochodow-ciezarowych\/#primaryimage\"},\"image\":{\"@id\":\"https:\/\/kalinski.pl\/serwis\/katalizatory-do-samochodow-ciezarowych\/#primaryimage\"},\"thumbnailUrl\":\"https:\/\/kalinski.pl\/wp-content\/uploads\/kalkat2.jpg\",\"datePublished\":\"2021-07-01T10:14:38+00:00\",\"dateModified\":\"2026-03-18T10:18:39+00:00\",\"description\":\"Katalizatory do samochod\u00f3w ci\u0119\u017carowych to bardzo wa\u017cne elementy uk\u0142adu wydechowego, nasza firma mo\u017ce zadba\u0107 o stan Twojego katalizatora.\",\"breadcrumb\":{\"@id\":\"https:\/\/kalinski.pl\/serwis\/katalizatory-do-samochodow-ciezarowych\/#breadcrumb\"},\"inLanguage\":\"pl-PL\",\"potentialAction\":[{\"@type\":\"ReadAction\",\"target\":[\"https:\/\/kalinski.pl\/serwis\/katalizatory-do-samochodow-ciezarowych\/\"]}]},{\"@type\":\"ImageObject\",\"inLanguage\":\"pl-PL\",\"@id\":\"https:\/\/kalinski.pl\/serwis\/katalizatory-do-samochodow-ciezarowych\/#primaryimage\",\"url\":\"https:\/\/kalinski.pl\/wp-content\/uploads\/kalkat2.jpg\",\"contentUrl\":\"https:\/\/kalinski.pl\/wp-content\/uploads\/kalkat2.jpg\"},{\"@type\":\"BreadcrumbList\",\"@id\":\"https:\/\/kalinski.pl\/serwis\/katalizatory-do-samochodow-ciezarowych\/#breadcrumb\",\"itemListElement\":[{\"@type\":\"ListItem\",\"position\":1,\"name\":\"Strona g\u0142\u00f3wna\",\"item\":\"https:\/\/kalinski.pl\/serwis\/\"},{\"@type\":\"ListItem\",\"position\":2,\"name\":\"Katalizatory do samochod\u00f3w ci\u0119\u017carowych\"}]},{\"@type\":\"WebSite\",\"@id\":\"https:\/\/kalinski.pl\/serwis\/#website\",\"url\":\"https:\/\/kalinski.pl\/serwis\/\",\"name\":\"Kali\u0144ski\",\"description\":\"Uk\u0142ady wydechowe\",\"publisher\":{\"@id\":\"https:\/\/kalinski.pl\/serwis\/#organization\"},\"potentialAction\":[{\"@type\":\"SearchAction\",\"target\":{\"@type\":\"EntryPoint\",\"urlTemplate\":\"https:\/\/kalinski.pl\/serwis\/?s={search_term_string}\"},\"query-input\":{\"@type\":\"PropertyValueSpecification\",\"valueRequired\":true,\"valueName\":\"search_term_string\"}}],\"inLanguage\":\"pl-PL\"},{\"@type\":\"Organization\",\"@id\":\"https:\/\/kalinski.pl\/serwis\/#organization\",\"name\":\"Kali\u0144ski\",\"url\":\"https:\/\/kalinski.pl\/serwis\/\",\"logo\":{\"@type\":\"ImageObject\",\"inLanguage\":\"pl-PL\",\"@id\":\"https:\/\/kalinski.pl\/serwis\/#\/schema\/logo\/image\/\",\"url\":\"https:\/\/kalinski.pl\/serwis\/wp-content\/uploads\/2019\/03\/cropped-logo_white.jpg\",\"contentUrl\":\"https:\/\/kalinski.pl\/serwis\/wp-content\/uploads\/2019\/03\/cropped-logo_white.jpg\",\"width\":240,\"height\":63,\"caption\":\"Kali\u0144ski\"},\"image\":{\"@id\":\"https:\/\/kalinski.pl\/serwis\/#\/schema\/logo\/image\/\"}}]}<\/script>\n<!-- \/ Yoast SEO plugin. -->","yoast_head_json":{"title":"Katalizatory do samochod\u00f3w ci\u0119\u017carowych | Kali\u0144ski","description":"Katalizatory do samochod\u00f3w ci\u0119\u017carowych to bardzo wa\u017cne elementy uk\u0142adu wydechowego, nasza firma mo\u017ce zadba\u0107 o stan Twojego katalizatora.","robots":{"index":"index","follow":"follow","max-snippet":"max-snippet:-1","max-image-preview":"max-image-preview:large","max-video-preview":"max-video-preview:-1"},"canonical":"https:\/\/kalinski.pl\/serwis\/katalizatory-do-samochodow-ciezarowych\/","og_locale":"pl_PL","og_type":"article","og_title":"Katalizatory do samochod\u00f3w ci\u0119\u017carowych | Kali\u0144ski","og_description":"Katalizatory do samochod\u00f3w ci\u0119\u017carowych to bardzo wa\u017cne elementy uk\u0142adu wydechowego, nasza firma mo\u017ce zadba\u0107 o stan Twojego katalizatora.","og_url":"https:\/\/kalinski.pl\/serwis\/katalizatory-do-samochodow-ciezarowych\/","og_site_name":"Kali\u0144ski","article_modified_time":"2026-03-18T10:18:39+00:00","og_image":[{"width":1920,"height":524,"url":"https:\/\/kalinski.pl\/serwis\/wp-content\/uploads\/kalkat2.jpg","type":"image\/jpeg"}],"twitter_card":"summary_large_image","twitter_misc":{"Szacowany czas czytania":"3 minuty"},"schema":{"@context":"https:\/\/schema.org","@graph":[{"@type":"WebPage","@id":"https:\/\/kalinski.pl\/serwis\/katalizatory-do-samochodow-ciezarowych\/","url":"https:\/\/kalinski.pl\/serwis\/katalizatory-do-samochodow-ciezarowych\/","name":"Katalizatory do samochod\u00f3w ci\u0119\u017carowych | Kali\u0144ski","isPartOf":{"@id":"https:\/\/kalinski.pl\/serwis\/#website"},"primaryImageOfPage":{"@id":"https:\/\/kalinski.pl\/serwis\/katalizatory-do-samochodow-ciezarowych\/#primaryimage"},"image":{"@id":"https:\/\/kalinski.pl\/serwis\/katalizatory-do-samochodow-ciezarowych\/#primaryimage"},"thumbnailUrl":"https:\/\/kalinski.pl\/wp-content\/uploads\/kalkat2.jpg","datePublished":"2021-07-01T10:14:38+00:00","dateModified":"2026-03-18T10:18:39+00:00","description":"Katalizatory do samochod\u00f3w ci\u0119\u017carowych to bardzo wa\u017cne elementy uk\u0142adu wydechowego, nasza firma mo\u017ce zadba\u0107 o stan Twojego katalizatora.","breadcrumb":{"@id":"https:\/\/kalinski.pl\/serwis\/katalizatory-do-samochodow-ciezarowych\/#breadcrumb"},"inLanguage":"pl-PL","potentialAction":[{"@type":"ReadAction","target":["https:\/\/kalinski.pl\/serwis\/katalizatory-do-samochodow-ciezarowych\/"]}]},{"@type":"ImageObject","inLanguage":"pl-PL","@id":"https:\/\/kalinski.pl\/serwis\/katalizatory-do-samochodow-ciezarowych\/#primaryimage","url":"https:\/\/kalinski.pl\/wp-content\/uploads\/kalkat2.jpg","contentUrl":"https:\/\/kalinski.pl\/wp-content\/uploads\/kalkat2.jpg"},{"@type":"BreadcrumbList","@id":"https:\/\/kalinski.pl\/serwis\/katalizatory-do-samochodow-ciezarowych\/#breadcrumb","itemListElement":[{"@type":"ListItem","position":1,"name":"Strona g\u0142\u00f3wna","item":"https:\/\/kalinski.pl\/serwis\/"},{"@type":"ListItem","position":2,"name":"Katalizatory do samochod\u00f3w ci\u0119\u017carowych"}]},{"@type":"WebSite","@id":"https:\/\/kalinski.pl\/serwis\/#website","url":"https:\/\/kalinski.pl\/serwis\/","name":"Kali\u0144ski","description":"Uk\u0142ady wydechowe","publisher":{"@id":"https:\/\/kalinski.pl\/serwis\/#organization"},"potentialAction":[{"@type":"SearchAction","target":{"@type":"EntryPoint","urlTemplate":"https:\/\/kalinski.pl\/serwis\/?s={search_term_string}"},"query-input":{"@type":"PropertyValueSpecification","valueRequired":true,"valueName":"search_term_string"}}],"inLanguage":"pl-PL"},{"@type":"Organization","@id":"https:\/\/kalinski.pl\/serwis\/#organization","name":"Kali\u0144ski","url":"https:\/\/kalinski.pl\/serwis\/","logo":{"@type":"ImageObject","inLanguage":"pl-PL","@id":"https:\/\/kalinski.pl\/serwis\/#\/schema\/logo\/image\/","url":"https:\/\/kalinski.pl\/serwis\/wp-content\/uploads\/2019\/03\/cropped-logo_white.jpg","contentUrl":"https:\/\/kalinski.pl\/serwis\/wp-content\/uploads\/2019\/03\/cropped-logo_white.jpg","width":240,"height":63,"caption":"Kali\u0144ski"},"image":{"@id":"https:\/\/kalinski.pl\/serwis\/#\/schema\/logo\/image\/"}}]}},"_links":{"self":[{"href":"https:\/\/kalinski.pl\/serwis\/wp-json\/wp\/v2\/pages\/3578","targetHints":{"allow":["GET"]}}],"collection":[{"href":"https:\/\/kalinski.pl\/serwis\/wp-json\/wp\/v2\/pages"}],"about":[{"href":"https:\/\/kalinski.pl\/serwis\/wp-json\/wp\/v2\/types\/page"}],"author":[{"embeddable":true,"href":"https:\/\/kalinski.pl\/serwis\/wp-json\/wp\/v2\/users\/821795"}],"replies":[{"embeddable":true,"href":"https:\/\/kalinski.pl\/serwis\/wp-json\/wp\/v2\/comments?post=3578"}],"version-history":[{"count":8,"href":"https:\/\/kalinski.pl\/serwis\/wp-json\/wp\/v2\/pages\/3578\/revisions"}],"predecessor-version":[{"id":4939,"href":"https:\/\/kalinski.pl\/serwis\/wp-json\/wp\/v2\/pages\/3578\/revisions\/4939"}],"wp:attachment":[{"href":"https:\/\/kalinski.pl\/serwis\/wp-json\/wp\/v2\/media?parent=3578"}],"curies":[{"name":"wp","href":"https:\/\/api.w.org\/{rel}","templated":true}]}}