{"id":3562,"date":"2021-06-25T09:41:17","date_gmt":"2021-06-25T07:41:17","guid":{"rendered":"https:\/\/kalinski.pl\/?page_id=3562"},"modified":"2021-06-25T09:41:17","modified_gmt":"2021-06-25T07:41:17","slug":"blad-p242f-volvo-blad-czujnika-roznicy-cisnien-lub-zapchany-dpf-2","status":"publish","type":"page","link":"https:\/\/kalinski.pl\/serwis\/blad-p242f-volvo-blad-czujnika-roznicy-cisnien-lub-zapchany-dpf-2\/","title":{"rendered":"B\u0142\u0105d p242f Volvo \u2013 b\u0142\u0105d czujnika r\u00f3\u017cnicy ci\u015bnie\u0144 lub zapchany DPF"},"content":{"rendered":"\r\n<figure class=\"wp-block-image size-large\"><img fetchpriority=\"high\" decoding=\"async\" width=\"1110\" height=\"303\" class=\"wp-image-1568\" src=\"https:\/\/kalinski.pl\/wp-content\/uploads\/Filtry_Kalinski-1-1110x303.png\" alt=\"\" \/><\/figure>\r\n\r\n\r\n<p align=\"justify\">\u00a0<\/p>\r\n<p align=\"justify\">Wszelkie b\u0142\u0119dy rejestrowane przez komputery samochodowe zostaj\u0105 zapisane w pami\u0119ci systemu. Dlatego w celu odczytania poszczeg\u00f3lnych komunikat\u00f3w nale\u017cy skorzysta\u0107 z diagnostyki komputerowej. Co istotne, samo podpi\u0119cie komputera zapewni mo\u017cliwo\u015b\u0107 odczytu kodu przypisanego do danej usterki. Tym samym bez znajomo\u015bci poszczeg\u00f3lnych oznacze\u0144 nie b\u0119dzie mo\u017cna w\u0142a\u015bciwie zinterpretowa\u0107 problemu.<\/p>\r\n<p align=\"justify\">Je\u015bli na komputerze wy\u015bwietla si\u0119 <strong>b\u0142\u0105d p242f Volvo<\/strong>, warto zwr\u00f3ci\u0107 uwag\u0119 na dzia\u0142anie filtra DPF. Taki komunikat sygnalizuje bowiem, \u017ce algorytm wy\u0142apa\u0142 pewne nieprawid\u0142owo\u015bci dotycz\u0105ce dzia\u0142ania tego elementu. Co mo\u017ce by\u0107 przyczyn\u0105? Zazwyczaj <strong>b\u0142\u0105d 242f Volvo<\/strong> pojawia si\u0119 w chwili, gdy wn\u0119trze filtra utraci swoj\u0105 przepustowo\u015b\u0107. Najcz\u0119\u015bciej dochodzi do tego na skutek nagromadzenia si\u0119 cz\u0105steczek sadzy i pozosta\u0142o\u015bci ze spalanego paliwa. Jednak <strong>b\u0142\u0105d 242f Volvo<\/strong> mo\u017ce wynika\u0107 r\u00f3wnie\u017c z innych czynnik\u00f3w, takich jak: b\u0142\u0105d czujnika r\u00f3\u017cnicy ci\u015bnie\u0144, spi\u0119cie w obwodzie elektrycznym lub zatkanie przewod\u00f3w odpowiadaj\u0105cych za prac\u0119 czujnik\u00f3w. W celu zdiagnozowania usterki warto zatem wykona\u0107 test przepustowo\u015bci, kt\u00f3ry umo\u017cliwia sprawdzenie dzia\u0142ania filtra DPF. Zbyt niski odczyt b\u0119dzie \u015bwiadczy\u0107 o zapchaniu tego elementu. W\u00f3wczas nale\u017cy ca\u0142kowicie wymieni\u0107 filtr lub zadba\u0107 o jego regeneracj\u0119. Wszystkie osoby zainteresowane us\u0142ug\u0105 regeneracji zapraszamy do skorzystania z naszej oferty. Dzi\u0119ki specjalistycznym maszynom jeste\u015bmy w stanie regenerowa\u0107 nawet mocno zanieczyszczone katalizatory oraz filtry DPF. Tym samym zapewniamy Pa\u0144stwu gwarancj\u0119 zadowolenia z wykonanej us\u0142ugi.<\/p>\r\n<p style=\"text-align: center;\" align=\"justify\"><a href=\"https:\/\/kalinski.pl\/sklep\/pl\/allegro-inne\/37689-regeneracja-filtrow-czastek-stalych-dpf-fap-gpf-do-pojazdow-osobowych.html?search_query=regeneracja&amp;results=9\">Sprawd\u017a ofert\u0119 regeneracji pojazd\u00f3w osobowych w naszym sklepie<\/a>\u00a0<\/p>\r\n\r\n\r\n<p>\r\n<\/p>\r\n\t\t<div data-elementor-type=\"wp-post\" data-elementor-id=\"3002\" class=\"elementor elementor-3002\">\n\t\t\t\t\t\t<section class=\"elementor-section elementor-top-section elementor-element elementor-element-cefde73 elementor-section-boxed elementor-section-height-default elementor-section-height-default\" data-id=\"cefde73\" data-element_type=\"section\">\n\t\t\t\t\t\t<div class=\"elementor-container elementor-column-gap-default\">\n\t\t\t\t\t<div class=\"elementor-column elementor-col-100 elementor-top-column elementor-element elementor-element-970e36a\" data-id=\"970e36a\" data-element_type=\"column\">\n\t\t\t<div class=\"elementor-widget-wrap elementor-element-populated\">\n\t\t\t\t\t\t<div class=\"elementor-element elementor-element-6c30b54 elementor-widget elementor-widget-heading\" data-id=\"6c30b54\" data-element_type=\"widget\" data-widget_type=\"heading.default\">\n\t\t\t\t<div class=\"elementor-widget-container\">\n\t\t\t\t\t<h2 class=\"elementor-heading-title elementor-size-default\">Jeste\u015bmy do Twojej dyspozycji<\/h2>\t\t\t\t<\/div>\n\t\t\t\t<\/div>\n\t\t\t\t\t<\/div>\n\t\t<\/div>\n\t\t\t\t\t<\/div>\n\t\t<\/section>\n\t\t\t\t<section class=\"elementor-section elementor-top-section elementor-element elementor-element-f0f0ab2 elementor-section-boxed elementor-section-height-default elementor-section-height-default\" data-id=\"f0f0ab2\" data-element_type=\"section\">\n\t\t\t\t\t\t<div class=\"elementor-container elementor-column-gap-default\">\n\t\t\t\t\t<div class=\"elementor-column elementor-col-50 elementor-top-column elementor-element elementor-element-df75edc\" data-id=\"df75edc\" data-element_type=\"column\">\n\t\t\t<div class=\"elementor-widget-wrap elementor-element-populated\">\n\t\t\t\t\t\t<div class=\"elementor-element elementor-element-5d3129f elementor-position-left elementor-vertical-align-top elementor-widget elementor-widget-image-box\" data-id=\"5d3129f\" data-element_type=\"widget\" data-widget_type=\"image-box.default\">\n\t\t\t\t<div class=\"elementor-widget-container\">\n\t\t\t\t\t<div class=\"elementor-image-box-wrapper\"><figure class=\"elementor-image-box-img\"><img decoding=\"async\" width=\"135\" height=\"141\" src=\"https:\/\/kalinski.pl\/serwis\/wp-content\/uploads\/smateusz.jpg\" class=\"attachment-full size-full wp-image-3005\" alt=\"smateusz\" \/><\/figure><div class=\"elementor-image-box-content\"><h3 class=\"elementor-image-box-title\">Mateusz<\/h3><p class=\"elementor-image-box-description\">Pojazdy osobowe, dostawcze<\/p><\/div><\/div>\t\t\t\t<\/div>\n\t\t\t\t<\/div>\n\t\t\t\t<div class=\"elementor-element elementor-element-ccda357 elementor-widget elementor-widget-text-editor\" data-id=\"ccda357\" data-element_type=\"widget\" data-widget_type=\"text-editor.default\">\n\t\t\t\t<div class=\"elementor-widget-container\">\n\t\t\t\t\t\t\t\t\t<p><a href=\"tel:0048618142777\">+48 61 814 27 77 \/ wew 101<\/a><\/p>\n<p>biuro@kalinski.pl<\/p>\t\t\t\t\t\t\t\t<\/div>\n\t\t\t\t<\/div>\n\t\t\t\t\t<\/div>\n\t\t<\/div>\n\t\t\t\t<div class=\"elementor-column elementor-col-50 elementor-top-column elementor-element elementor-element-6025541\" data-id=\"6025541\" data-element_type=\"column\">\n\t\t\t<div class=\"elementor-widget-wrap elementor-element-populated\">\n\t\t\t\t\t\t<div class=\"elementor-element elementor-element-b645a1a elementor-position-left elementor-vertical-align-top elementor-widget elementor-widget-image-box\" data-id=\"b645a1a\" data-element_type=\"widget\" data-widget_type=\"image-box.default\">\n\t\t\t\t<div class=\"elementor-widget-container\">\n\t\t\t\t\t<div class=\"elementor-image-box-wrapper\"><figure class=\"elementor-image-box-img\"><img decoding=\"async\" width=\"135\" height=\"141\" src=\"https:\/\/kalinski.pl\/serwis\/wp-content\/uploads\/sadam.jpg\" class=\"attachment-full size-full wp-image-3004\" alt=\"sadam\" \/><\/figure><div class=\"elementor-image-box-content\"><h3 class=\"elementor-image-box-title\">Adam<\/h3><p class=\"elementor-image-box-description\">Samochody ci\u0119\u017carowe<\/p><\/div><\/div>\t\t\t\t<\/div>\n\t\t\t\t<\/div>\n\t\t\t\t<div class=\"elementor-element elementor-element-7fa9a86 elementor-widget elementor-widget-text-editor\" data-id=\"7fa9a86\" data-element_type=\"widget\" data-widget_type=\"text-editor.default\">\n\t\t\t\t<div class=\"elementor-widget-container\">\n\t\t\t\t\t\t\t\t\t<p><a href=\"tel:0048618142777\">+48 61 814 27 77 \/ wew 102<\/a><\/p>\n<p>ciezarowe@kalinski.pl<\/p>\t\t\t\t\t\t\t\t<\/div>\n\t\t\t\t<\/div>\n\t\t\t\t\t<\/div>\n\t\t<\/div>\n\t\t\t\t\t<\/div>\n\t\t<\/section>\n\t\t\t\t<\/div>\n\t\t\r\n<!-- \/wp:html -->\r\n<!-- wp:tadv\/classic-paragraph \/-->\r\n<p>S\u0142owa kluczowe: regeneracja katalizator\u00f3w, regeneracja DPF, serwis DPF, GPF, FAP, DPF, serwis katalizator\u00f3w, serwis DPF, Pozna\u0144, uk\u0142ady wydechowe, b\u0142\u0105d p242f Volvo, zapchany DPF<\/p>","protected":false},"excerpt":{"rendered":"<p>\u00a0 Wszelkie b\u0142\u0119dy rejestrowane przez komputery samochodowe zostaj\u0105 zapisane w pami\u0119ci systemu. Dlatego w celu odczytania poszczeg\u00f3lnych komunikat\u00f3w nale\u017cy skorzysta\u0107 z diagnostyki komputerowej. Co istotne, samo podpi\u0119cie komputera zapewni mo\u017cliwo\u015b\u0107 odczytu kodu przypisanego do danej usterki. Tym samym bez znajomo\u015bci poszczeg\u00f3lnych oznacze\u0144 nie b\u0119dzie mo\u017cna w\u0142a\u015bciwie zinterpretowa\u0107 problemu. Je\u015bli na komputerze wy\u015bwietla si\u0119 b\u0142\u0105d p242f &hellip; <a href=\"https:\/\/kalinski.pl\/serwis\/blad-p242f-volvo-blad-czujnika-roznicy-cisnien-lub-zapchany-dpf-2\/\" class=\"more-link\">Czytaj dalej<span class=\"screen-reader-text\"> B\u0142\u0105d p242f Volvo \u2013 b\u0142\u0105d czujnika r\u00f3\u017cnicy ci\u015bnie\u0144 lub zapchany DPF<\/span><\/a><\/p>\n","protected":false},"author":821795,"featured_media":0,"parent":0,"menu_order":0,"comment_status":"closed","ping_status":"closed","template":"","meta":{"footnotes":""},"class_list":["post-3562","page","type-page","status-publish","hentry"],"yoast_head":"<!-- This site is optimized with the Yoast SEO plugin v26.7 - https:\/\/yoast.com\/wordpress\/plugins\/seo\/ -->\n<title>B\u0142\u0105d p242f Volvo \u2013 b\u0142\u0105d czujnika r\u00f3\u017cnicy ci\u015bnie\u0144 lub zapchany DPF | Kali\u0144ski<\/title>\n<meta name=\"description\" content=\"B\u0142\u0105d p242f Volvo, kt\u00f3ry wska\u017ce nam komputer oznacza b\u0142\u0105d czujnika r\u00f3\u017cnicy ci\u015bnie\u0144 lub zapchany DPF, nale\u017cy uda\u0107 si\u0119 do serwisu.\" \/>\n<meta name=\"robots\" content=\"index, follow, max-snippet:-1, max-image-preview:large, max-video-preview:-1\" \/>\n<link rel=\"canonical\" href=\"https:\/\/kalinski.pl\/serwis\/blad-p242f-volvo-blad-czujnika-roznicy-cisnien-lub-zapchany-dpf-2\/\" \/>\n<meta property=\"og:locale\" content=\"pl_PL\" \/>\n<meta property=\"og:type\" content=\"article\" \/>\n<meta property=\"og:title\" content=\"B\u0142\u0105d p242f Volvo \u2013 b\u0142\u0105d czujnika r\u00f3\u017cnicy ci\u015bnie\u0144 lub zapchany DPF | Kali\u0144ski\" \/>\n<meta property=\"og:description\" content=\"B\u0142\u0105d p242f Volvo, kt\u00f3ry wska\u017ce nam komputer oznacza b\u0142\u0105d czujnika r\u00f3\u017cnicy ci\u015bnie\u0144 lub zapchany DPF, nale\u017cy uda\u0107 si\u0119 do serwisu.\" \/>\n<meta property=\"og:url\" content=\"https:\/\/kalinski.pl\/serwis\/blad-p242f-volvo-blad-czujnika-roznicy-cisnien-lub-zapchany-dpf-2\/\" \/>\n<meta property=\"og:site_name\" content=\"Kali\u0144ski\" \/>\n<meta property=\"og:image\" content=\"https:\/\/kalinski.pl\/wp-content\/uploads\/Filtry_Kalinski-1-1110x303.png\" \/>\n<meta name=\"twitter:card\" content=\"summary_large_image\" \/>\n<meta name=\"twitter:label1\" content=\"Szacowany czas czytania\" \/>\n\t<meta name=\"twitter:data1\" content=\"2 minuty\" \/>\n<script type=\"application\/ld+json\" class=\"yoast-schema-graph\">{\"@context\":\"https:\/\/schema.org\",\"@graph\":[{\"@type\":\"WebPage\",\"@id\":\"https:\/\/kalinski.pl\/serwis\/blad-p242f-volvo-blad-czujnika-roznicy-cisnien-lub-zapchany-dpf-2\/\",\"url\":\"https:\/\/kalinski.pl\/serwis\/blad-p242f-volvo-blad-czujnika-roznicy-cisnien-lub-zapchany-dpf-2\/\",\"name\":\"B\u0142\u0105d p242f Volvo \u2013 b\u0142\u0105d czujnika r\u00f3\u017cnicy ci\u015bnie\u0144 lub zapchany DPF | Kali\u0144ski\",\"isPartOf\":{\"@id\":\"https:\/\/kalinski.pl\/serwis\/#website\"},\"primaryImageOfPage\":{\"@id\":\"https:\/\/kalinski.pl\/serwis\/blad-p242f-volvo-blad-czujnika-roznicy-cisnien-lub-zapchany-dpf-2\/#primaryimage\"},\"image\":{\"@id\":\"https:\/\/kalinski.pl\/serwis\/blad-p242f-volvo-blad-czujnika-roznicy-cisnien-lub-zapchany-dpf-2\/#primaryimage\"},\"thumbnailUrl\":\"https:\/\/kalinski.pl\/wp-content\/uploads\/Filtry_Kalinski-1-1110x303.png\",\"datePublished\":\"2021-06-25T07:41:17+00:00\",\"description\":\"B\u0142\u0105d p242f Volvo, kt\u00f3ry wska\u017ce nam komputer oznacza b\u0142\u0105d czujnika r\u00f3\u017cnicy ci\u015bnie\u0144 lub zapchany DPF, nale\u017cy uda\u0107 si\u0119 do serwisu.\",\"breadcrumb\":{\"@id\":\"https:\/\/kalinski.pl\/serwis\/blad-p242f-volvo-blad-czujnika-roznicy-cisnien-lub-zapchany-dpf-2\/#breadcrumb\"},\"inLanguage\":\"pl-PL\",\"potentialAction\":[{\"@type\":\"ReadAction\",\"target\":[\"https:\/\/kalinski.pl\/serwis\/blad-p242f-volvo-blad-czujnika-roznicy-cisnien-lub-zapchany-dpf-2\/\"]}]},{\"@type\":\"ImageObject\",\"inLanguage\":\"pl-PL\",\"@id\":\"https:\/\/kalinski.pl\/serwis\/blad-p242f-volvo-blad-czujnika-roznicy-cisnien-lub-zapchany-dpf-2\/#primaryimage\",\"url\":\"https:\/\/kalinski.pl\/wp-content\/uploads\/Filtry_Kalinski-1-1110x303.png\",\"contentUrl\":\"https:\/\/kalinski.pl\/wp-content\/uploads\/Filtry_Kalinski-1-1110x303.png\"},{\"@type\":\"BreadcrumbList\",\"@id\":\"https:\/\/kalinski.pl\/serwis\/blad-p242f-volvo-blad-czujnika-roznicy-cisnien-lub-zapchany-dpf-2\/#breadcrumb\",\"itemListElement\":[{\"@type\":\"ListItem\",\"position\":1,\"name\":\"Strona g\u0142\u00f3wna\",\"item\":\"https:\/\/kalinski.pl\/serwis\/\"},{\"@type\":\"ListItem\",\"position\":2,\"name\":\"B\u0142\u0105d p242f Volvo \u2013 b\u0142\u0105d czujnika r\u00f3\u017cnicy ci\u015bnie\u0144 lub zapchany DPF\"}]},{\"@type\":\"WebSite\",\"@id\":\"https:\/\/kalinski.pl\/serwis\/#website\",\"url\":\"https:\/\/kalinski.pl\/serwis\/\",\"name\":\"Kali\u0144ski\",\"description\":\"Uk\u0142ady wydechowe\",\"publisher\":{\"@id\":\"https:\/\/kalinski.pl\/serwis\/#organization\"},\"potentialAction\":[{\"@type\":\"SearchAction\",\"target\":{\"@type\":\"EntryPoint\",\"urlTemplate\":\"https:\/\/kalinski.pl\/serwis\/?s={search_term_string}\"},\"query-input\":{\"@type\":\"PropertyValueSpecification\",\"valueRequired\":true,\"valueName\":\"search_term_string\"}}],\"inLanguage\":\"pl-PL\"},{\"@type\":\"Organization\",\"@id\":\"https:\/\/kalinski.pl\/serwis\/#organization\",\"name\":\"Kali\u0144ski\",\"url\":\"https:\/\/kalinski.pl\/serwis\/\",\"logo\":{\"@type\":\"ImageObject\",\"inLanguage\":\"pl-PL\",\"@id\":\"https:\/\/kalinski.pl\/serwis\/#\/schema\/logo\/image\/\",\"url\":\"https:\/\/kalinski.pl\/serwis\/wp-content\/uploads\/2019\/03\/cropped-logo_white.jpg\",\"contentUrl\":\"https:\/\/kalinski.pl\/serwis\/wp-content\/uploads\/2019\/03\/cropped-logo_white.jpg\",\"width\":240,\"height\":63,\"caption\":\"Kali\u0144ski\"},\"image\":{\"@id\":\"https:\/\/kalinski.pl\/serwis\/#\/schema\/logo\/image\/\"}}]}<\/script>\n<!-- \/ Yoast SEO plugin. -->","yoast_head_json":{"title":"B\u0142\u0105d p242f Volvo \u2013 b\u0142\u0105d czujnika r\u00f3\u017cnicy ci\u015bnie\u0144 lub zapchany DPF | Kali\u0144ski","description":"B\u0142\u0105d p242f Volvo, kt\u00f3ry wska\u017ce nam komputer oznacza b\u0142\u0105d czujnika r\u00f3\u017cnicy ci\u015bnie\u0144 lub zapchany DPF, nale\u017cy uda\u0107 si\u0119 do serwisu.","robots":{"index":"index","follow":"follow","max-snippet":"max-snippet:-1","max-image-preview":"max-image-preview:large","max-video-preview":"max-video-preview:-1"},"canonical":"https:\/\/kalinski.pl\/serwis\/blad-p242f-volvo-blad-czujnika-roznicy-cisnien-lub-zapchany-dpf-2\/","og_locale":"pl_PL","og_type":"article","og_title":"B\u0142\u0105d p242f Volvo \u2013 b\u0142\u0105d czujnika r\u00f3\u017cnicy ci\u015bnie\u0144 lub zapchany DPF | Kali\u0144ski","og_description":"B\u0142\u0105d p242f Volvo, kt\u00f3ry wska\u017ce nam komputer oznacza b\u0142\u0105d czujnika r\u00f3\u017cnicy ci\u015bnie\u0144 lub zapchany DPF, nale\u017cy uda\u0107 si\u0119 do serwisu.","og_url":"https:\/\/kalinski.pl\/serwis\/blad-p242f-volvo-blad-czujnika-roznicy-cisnien-lub-zapchany-dpf-2\/","og_site_name":"Kali\u0144ski","og_image":[{"url":"https:\/\/kalinski.pl\/wp-content\/uploads\/Filtry_Kalinski-1-1110x303.png","type":"","width":"","height":""}],"twitter_card":"summary_large_image","twitter_misc":{"Szacowany czas czytania":"2 minuty"},"schema":{"@context":"https:\/\/schema.org","@graph":[{"@type":"WebPage","@id":"https:\/\/kalinski.pl\/serwis\/blad-p242f-volvo-blad-czujnika-roznicy-cisnien-lub-zapchany-dpf-2\/","url":"https:\/\/kalinski.pl\/serwis\/blad-p242f-volvo-blad-czujnika-roznicy-cisnien-lub-zapchany-dpf-2\/","name":"B\u0142\u0105d p242f Volvo \u2013 b\u0142\u0105d czujnika r\u00f3\u017cnicy ci\u015bnie\u0144 lub zapchany DPF | Kali\u0144ski","isPartOf":{"@id":"https:\/\/kalinski.pl\/serwis\/#website"},"primaryImageOfPage":{"@id":"https:\/\/kalinski.pl\/serwis\/blad-p242f-volvo-blad-czujnika-roznicy-cisnien-lub-zapchany-dpf-2\/#primaryimage"},"image":{"@id":"https:\/\/kalinski.pl\/serwis\/blad-p242f-volvo-blad-czujnika-roznicy-cisnien-lub-zapchany-dpf-2\/#primaryimage"},"thumbnailUrl":"https:\/\/kalinski.pl\/wp-content\/uploads\/Filtry_Kalinski-1-1110x303.png","datePublished":"2021-06-25T07:41:17+00:00","description":"B\u0142\u0105d p242f Volvo, kt\u00f3ry wska\u017ce nam komputer oznacza b\u0142\u0105d czujnika r\u00f3\u017cnicy ci\u015bnie\u0144 lub zapchany DPF, nale\u017cy uda\u0107 si\u0119 do serwisu.","breadcrumb":{"@id":"https:\/\/kalinski.pl\/serwis\/blad-p242f-volvo-blad-czujnika-roznicy-cisnien-lub-zapchany-dpf-2\/#breadcrumb"},"inLanguage":"pl-PL","potentialAction":[{"@type":"ReadAction","target":["https:\/\/kalinski.pl\/serwis\/blad-p242f-volvo-blad-czujnika-roznicy-cisnien-lub-zapchany-dpf-2\/"]}]},{"@type":"ImageObject","inLanguage":"pl-PL","@id":"https:\/\/kalinski.pl\/serwis\/blad-p242f-volvo-blad-czujnika-roznicy-cisnien-lub-zapchany-dpf-2\/#primaryimage","url":"https:\/\/kalinski.pl\/wp-content\/uploads\/Filtry_Kalinski-1-1110x303.png","contentUrl":"https:\/\/kalinski.pl\/wp-content\/uploads\/Filtry_Kalinski-1-1110x303.png"},{"@type":"BreadcrumbList","@id":"https:\/\/kalinski.pl\/serwis\/blad-p242f-volvo-blad-czujnika-roznicy-cisnien-lub-zapchany-dpf-2\/#breadcrumb","itemListElement":[{"@type":"ListItem","position":1,"name":"Strona g\u0142\u00f3wna","item":"https:\/\/kalinski.pl\/serwis\/"},{"@type":"ListItem","position":2,"name":"B\u0142\u0105d p242f Volvo \u2013 b\u0142\u0105d czujnika r\u00f3\u017cnicy ci\u015bnie\u0144 lub zapchany DPF"}]},{"@type":"WebSite","@id":"https:\/\/kalinski.pl\/serwis\/#website","url":"https:\/\/kalinski.pl\/serwis\/","name":"Kali\u0144ski","description":"Uk\u0142ady wydechowe","publisher":{"@id":"https:\/\/kalinski.pl\/serwis\/#organization"},"potentialAction":[{"@type":"SearchAction","target":{"@type":"EntryPoint","urlTemplate":"https:\/\/kalinski.pl\/serwis\/?s={search_term_string}"},"query-input":{"@type":"PropertyValueSpecification","valueRequired":true,"valueName":"search_term_string"}}],"inLanguage":"pl-PL"},{"@type":"Organization","@id":"https:\/\/kalinski.pl\/serwis\/#organization","name":"Kali\u0144ski","url":"https:\/\/kalinski.pl\/serwis\/","logo":{"@type":"ImageObject","inLanguage":"pl-PL","@id":"https:\/\/kalinski.pl\/serwis\/#\/schema\/logo\/image\/","url":"https:\/\/kalinski.pl\/serwis\/wp-content\/uploads\/2019\/03\/cropped-logo_white.jpg","contentUrl":"https:\/\/kalinski.pl\/serwis\/wp-content\/uploads\/2019\/03\/cropped-logo_white.jpg","width":240,"height":63,"caption":"Kali\u0144ski"},"image":{"@id":"https:\/\/kalinski.pl\/serwis\/#\/schema\/logo\/image\/"}}]}},"_links":{"self":[{"href":"https:\/\/kalinski.pl\/serwis\/wp-json\/wp\/v2\/pages\/3562","targetHints":{"allow":["GET"]}}],"collection":[{"href":"https:\/\/kalinski.pl\/serwis\/wp-json\/wp\/v2\/pages"}],"about":[{"href":"https:\/\/kalinski.pl\/serwis\/wp-json\/wp\/v2\/types\/page"}],"author":[{"embeddable":true,"href":"https:\/\/kalinski.pl\/serwis\/wp-json\/wp\/v2\/users\/821795"}],"replies":[{"embeddable":true,"href":"https:\/\/kalinski.pl\/serwis\/wp-json\/wp\/v2\/comments?post=3562"}],"version-history":[{"count":0,"href":"https:\/\/kalinski.pl\/serwis\/wp-json\/wp\/v2\/pages\/3562\/revisions"}],"wp:attachment":[{"href":"https:\/\/kalinski.pl\/serwis\/wp-json\/wp\/v2\/media?parent=3562"}],"curies":[{"name":"wp","href":"https:\/\/api.w.org\/{rel}","templated":true}]}}