{"id":3560,"date":"2021-06-25T09:35:08","date_gmt":"2021-06-25T07:35:08","guid":{"rendered":"https:\/\/kalinski.pl\/?page_id=3560"},"modified":"2021-06-25T09:35:08","modified_gmt":"2021-06-25T07:35:08","slug":"blad-p242f-nissan-zapchany-dpf","status":"publish","type":"page","link":"https:\/\/kalinski.pl\/serwis\/blad-p242f-nissan-zapchany-dpf\/","title":{"rendered":"B\u0142\u0105d p242f Nissan \u2013 zapchany DPF"},"content":{"rendered":"\r\n<figure class=\"wp-block-image size-large\"><img fetchpriority=\"high\" decoding=\"async\" width=\"1110\" height=\"303\" class=\"wp-image-1568\" src=\"https:\/\/kalinski.pl\/wp-content\/uploads\/Filtry_Kalinski-1-1110x303.png\" alt=\"\" \/><\/figure>\r\n\r\n\r\n<p align=\"justify\">\u00a0<\/p>\r\n<p align=\"justify\">Pojazdy z silnikami wysokopr\u0119\u017cnymi zosta\u0142y stworzone do pokonywania d\u0142ugich dystans\u00f3w. Warto jednak pami\u0119ta\u0107, \u017ce intensywna eksploatacja zawsze przek\u0142ada si\u0119 na szybsze zu\u017cycie pewnych cz\u0119\u015bci. Na szcz\u0119\u015bcie nowoczesne komputery samochodowe szybko informuj\u0105 o ewentualnych problemach podczas jazdy.<\/p>\r\n<p align=\"justify\">\u017beby odczyta\u0107 zarejestrowane b\u0142\u0119dy, trzeba jednak zna\u0107 oznaczenia poszczeg\u00f3lnych komunikat\u00f3w. Przyk\u0142adowo, <strong>b\u0142\u0105d p242f Nissan<\/strong> sygnalizuje zapchanie filtra DPF. B\u0142\u0105d ten pojawia si\u0119 w chwili, gdy nagromadzone cz\u0105steczki sadzy i popio\u0142u doprowadz\u0105 do spadku przepustowo\u015bci filtra. Tym samym <strong>b\u0142\u0105d p242f Nissan<\/strong> mo\u017ce zwiastowa\u0107 konieczno\u015b\u0107 wymiany filtra DPF lub przeprowadzenia regeneracji zapchanego egzemplarza. W skrajnych przypadkach taki komunikat pojawia si\u0119 na skutek awarii czujnik\u00f3w ci\u015bnienia spalin lub problem\u00f3w z elektryk\u0105. Dlatego przed dalszym dzia\u0142aniem nale\u017cy wykona\u0107 test przepustowo\u015bci, kt\u00f3ry oceni rzeczywist\u0105 sprawno\u015b\u0107 filtra DPF.<\/p>\r\n<p align=\"justify\">Regeneracja DPF polega na usuni\u0119ciu wszelkich zabrudze\u0144 zgromadzonych we wn\u0119trzu filtra. Je\u017celi z r\u00f3\u017cnych przyczyn nie jest to mo\u017cliwe, wystarczy wymieni\u0107 wk\u0142ad zamontowany w danym egzemplarzu. Dzi\u0119ki temu filtr odzyska dawn\u0105 przepustowo\u015b\u0107, a sama regeneracja b\u0119dzie znacznie ta\u0144sza ni\u017c zakup nowej cz\u0119\u015bci. Firma Kali\u0144ski \u015bwiadczy profesjonalne us\u0142ugi w zakresie regeneracji zu\u017cytych katalizator\u00f3w oraz filtr\u00f3w DPF. Dlatego zach\u0119camy wszystkich kierowc\u00f3w do skorzystania z naszej oferty. Gwarantujemy Pa\u0144stwu pe\u0142n\u0105 satysfakcj\u0119 ze zrealizowanej us\u0142ugi.<\/p>\r\n<p style=\"text-align: center;\" align=\"justify\"><a href=\"https:\/\/kalinski.pl\/sklep\/pl\/allegro-inne\/37689-regeneracja-filtrow-czastek-stalych-dpf-fap-gpf-do-pojazdow-osobowych.html?search_query=regeneracja&amp;results=9\">Sprawd\u017a ofert\u0119 regeneracji pojazd\u00f3w osobowych w naszym sklepie<\/a>\u00a0<\/p>\r\n\r\n\r\n<p>\r\n<\/p>\r\n\t\t<div data-elementor-type=\"wp-post\" data-elementor-id=\"3002\" class=\"elementor elementor-3002\">\n\t\t\t\t\t\t<section class=\"elementor-section elementor-top-section elementor-element elementor-element-cefde73 elementor-section-boxed elementor-section-height-default elementor-section-height-default\" data-id=\"cefde73\" data-element_type=\"section\">\n\t\t\t\t\t\t<div class=\"elementor-container elementor-column-gap-default\">\n\t\t\t\t\t<div class=\"elementor-column elementor-col-100 elementor-top-column elementor-element elementor-element-970e36a\" data-id=\"970e36a\" data-element_type=\"column\">\n\t\t\t<div class=\"elementor-widget-wrap elementor-element-populated\">\n\t\t\t\t\t\t<div class=\"elementor-element elementor-element-6c30b54 elementor-widget elementor-widget-heading\" data-id=\"6c30b54\" data-element_type=\"widget\" data-widget_type=\"heading.default\">\n\t\t\t\t<div class=\"elementor-widget-container\">\n\t\t\t\t\t<h2 class=\"elementor-heading-title elementor-size-default\">Jeste\u015bmy do Twojej dyspozycji<\/h2>\t\t\t\t<\/div>\n\t\t\t\t<\/div>\n\t\t\t\t\t<\/div>\n\t\t<\/div>\n\t\t\t\t\t<\/div>\n\t\t<\/section>\n\t\t\t\t<section class=\"elementor-section elementor-top-section elementor-element elementor-element-f0f0ab2 elementor-section-boxed elementor-section-height-default elementor-section-height-default\" data-id=\"f0f0ab2\" data-element_type=\"section\">\n\t\t\t\t\t\t<div class=\"elementor-container elementor-column-gap-default\">\n\t\t\t\t\t<div class=\"elementor-column elementor-col-50 elementor-top-column elementor-element elementor-element-df75edc\" data-id=\"df75edc\" data-element_type=\"column\">\n\t\t\t<div class=\"elementor-widget-wrap elementor-element-populated\">\n\t\t\t\t\t\t<div class=\"elementor-element elementor-element-5d3129f elementor-position-left elementor-vertical-align-top elementor-widget elementor-widget-image-box\" data-id=\"5d3129f\" data-element_type=\"widget\" data-widget_type=\"image-box.default\">\n\t\t\t\t<div class=\"elementor-widget-container\">\n\t\t\t\t\t<div class=\"elementor-image-box-wrapper\"><figure class=\"elementor-image-box-img\"><img decoding=\"async\" width=\"135\" height=\"141\" src=\"https:\/\/kalinski.pl\/serwis\/wp-content\/uploads\/smateusz.jpg\" class=\"attachment-full size-full wp-image-3005\" alt=\"smateusz\" \/><\/figure><div class=\"elementor-image-box-content\"><h3 class=\"elementor-image-box-title\">Mateusz<\/h3><p class=\"elementor-image-box-description\">Pojazdy osobowe, dostawcze<\/p><\/div><\/div>\t\t\t\t<\/div>\n\t\t\t\t<\/div>\n\t\t\t\t<div class=\"elementor-element elementor-element-ccda357 elementor-widget elementor-widget-text-editor\" data-id=\"ccda357\" data-element_type=\"widget\" data-widget_type=\"text-editor.default\">\n\t\t\t\t<div class=\"elementor-widget-container\">\n\t\t\t\t\t\t\t\t\t<p><a href=\"tel:0048618142777\">+48 61 814 27 77 \/ wew 101<\/a><\/p>\n<p>biuro@kalinski.pl<\/p>\t\t\t\t\t\t\t\t<\/div>\n\t\t\t\t<\/div>\n\t\t\t\t\t<\/div>\n\t\t<\/div>\n\t\t\t\t<div class=\"elementor-column elementor-col-50 elementor-top-column elementor-element elementor-element-6025541\" data-id=\"6025541\" data-element_type=\"column\">\n\t\t\t<div class=\"elementor-widget-wrap elementor-element-populated\">\n\t\t\t\t\t\t<div class=\"elementor-element elementor-element-b645a1a elementor-position-left elementor-vertical-align-top elementor-widget elementor-widget-image-box\" data-id=\"b645a1a\" data-element_type=\"widget\" data-widget_type=\"image-box.default\">\n\t\t\t\t<div class=\"elementor-widget-container\">\n\t\t\t\t\t<div class=\"elementor-image-box-wrapper\"><figure class=\"elementor-image-box-img\"><img decoding=\"async\" width=\"135\" height=\"141\" src=\"https:\/\/kalinski.pl\/serwis\/wp-content\/uploads\/sadam.jpg\" class=\"attachment-full size-full wp-image-3004\" alt=\"sadam\" \/><\/figure><div class=\"elementor-image-box-content\"><h3 class=\"elementor-image-box-title\">Adam<\/h3><p class=\"elementor-image-box-description\">Samochody ci\u0119\u017carowe<\/p><\/div><\/div>\t\t\t\t<\/div>\n\t\t\t\t<\/div>\n\t\t\t\t<div class=\"elementor-element elementor-element-7fa9a86 elementor-widget elementor-widget-text-editor\" data-id=\"7fa9a86\" data-element_type=\"widget\" data-widget_type=\"text-editor.default\">\n\t\t\t\t<div class=\"elementor-widget-container\">\n\t\t\t\t\t\t\t\t\t<p><a href=\"tel:0048618142777\">+48 61 814 27 77 \/ wew 102<\/a><\/p>\n<p>ciezarowe@kalinski.pl<\/p>\t\t\t\t\t\t\t\t<\/div>\n\t\t\t\t<\/div>\n\t\t\t\t\t<\/div>\n\t\t<\/div>\n\t\t\t\t\t<\/div>\n\t\t<\/section>\n\t\t\t\t<\/div>\n\t\t\r\n<!-- \/wp:html -->\r\n<!-- wp:tadv\/classic-paragraph \/-->\r\n<p>S\u0142owa kluczowe: regeneracja katalizator\u00f3w, regeneracja DPF, serwis DPF, GPF, FAP, DPF, serwis katalizator\u00f3w, serwis DPF, Pozna\u0144, uk\u0142ady wydechowe, b\u0142\u0105d p242f Nissan, zapchany DPF<\/p>","protected":false},"excerpt":{"rendered":"<p>\u00a0 Pojazdy z silnikami wysokopr\u0119\u017cnymi zosta\u0142y stworzone do pokonywania d\u0142ugich dystans\u00f3w. Warto jednak pami\u0119ta\u0107, \u017ce intensywna eksploatacja zawsze przek\u0142ada si\u0119 na szybsze zu\u017cycie pewnych cz\u0119\u015bci. Na szcz\u0119\u015bcie nowoczesne komputery samochodowe szybko informuj\u0105 o ewentualnych problemach podczas jazdy. \u017beby odczyta\u0107 zarejestrowane b\u0142\u0119dy, trzeba jednak zna\u0107 oznaczenia poszczeg\u00f3lnych komunikat\u00f3w. Przyk\u0142adowo, b\u0142\u0105d p242f Nissan sygnalizuje zapchanie filtra DPF. &hellip; <a href=\"https:\/\/kalinski.pl\/serwis\/blad-p242f-nissan-zapchany-dpf\/\" class=\"more-link\">Czytaj dalej<span class=\"screen-reader-text\"> B\u0142\u0105d p242f Nissan \u2013 zapchany DPF<\/span><\/a><\/p>\n","protected":false},"author":821795,"featured_media":0,"parent":0,"menu_order":0,"comment_status":"closed","ping_status":"closed","template":"","meta":{"footnotes":""},"class_list":["post-3560","page","type-page","status-publish","hentry"],"yoast_head":"<!-- This site is optimized with the Yoast SEO plugin v26.7 - https:\/\/yoast.com\/wordpress\/plugins\/seo\/ -->\n<title>B\u0142\u0105d p242f Nissan \u2013 zapchany DPF | Kali\u0144ski<\/title>\n<meta name=\"description\" content=\"B\u0142\u0105d p242f Nissan sygnalizuje zapchanie filtra DPF, pojawi si\u0119, kiedy cz\u0105steczki sadzy i popio\u0142u doprowadz\u0105 do spadku przepustowo\u015bci.\" \/>\n<meta name=\"robots\" content=\"index, follow, max-snippet:-1, max-image-preview:large, max-video-preview:-1\" \/>\n<link rel=\"canonical\" href=\"https:\/\/kalinski.pl\/serwis\/blad-p242f-nissan-zapchany-dpf\/\" \/>\n<meta property=\"og:locale\" content=\"pl_PL\" \/>\n<meta property=\"og:type\" content=\"article\" \/>\n<meta property=\"og:title\" content=\"B\u0142\u0105d p242f Nissan \u2013 zapchany DPF | Kali\u0144ski\" \/>\n<meta property=\"og:description\" content=\"B\u0142\u0105d p242f Nissan sygnalizuje zapchanie filtra DPF, pojawi si\u0119, kiedy cz\u0105steczki sadzy i popio\u0142u doprowadz\u0105 do spadku przepustowo\u015bci.\" \/>\n<meta property=\"og:url\" content=\"https:\/\/kalinski.pl\/serwis\/blad-p242f-nissan-zapchany-dpf\/\" \/>\n<meta property=\"og:site_name\" content=\"Kali\u0144ski\" \/>\n<meta property=\"og:image\" content=\"https:\/\/kalinski.pl\/wp-content\/uploads\/Filtry_Kalinski-1-1110x303.png\" \/>\n<meta name=\"twitter:card\" content=\"summary_large_image\" \/>\n<meta name=\"twitter:label1\" content=\"Szacowany czas czytania\" \/>\n\t<meta name=\"twitter:data1\" content=\"2 minuty\" \/>\n<script type=\"application\/ld+json\" class=\"yoast-schema-graph\">{\"@context\":\"https:\/\/schema.org\",\"@graph\":[{\"@type\":\"WebPage\",\"@id\":\"https:\/\/kalinski.pl\/serwis\/blad-p242f-nissan-zapchany-dpf\/\",\"url\":\"https:\/\/kalinski.pl\/serwis\/blad-p242f-nissan-zapchany-dpf\/\",\"name\":\"B\u0142\u0105d p242f Nissan \u2013 zapchany DPF | Kali\u0144ski\",\"isPartOf\":{\"@id\":\"https:\/\/kalinski.pl\/serwis\/#website\"},\"primaryImageOfPage\":{\"@id\":\"https:\/\/kalinski.pl\/serwis\/blad-p242f-nissan-zapchany-dpf\/#primaryimage\"},\"image\":{\"@id\":\"https:\/\/kalinski.pl\/serwis\/blad-p242f-nissan-zapchany-dpf\/#primaryimage\"},\"thumbnailUrl\":\"https:\/\/kalinski.pl\/wp-content\/uploads\/Filtry_Kalinski-1-1110x303.png\",\"datePublished\":\"2021-06-25T07:35:08+00:00\",\"description\":\"B\u0142\u0105d p242f Nissan sygnalizuje zapchanie filtra DPF, pojawi si\u0119, kiedy cz\u0105steczki sadzy i popio\u0142u doprowadz\u0105 do spadku przepustowo\u015bci.\",\"breadcrumb\":{\"@id\":\"https:\/\/kalinski.pl\/serwis\/blad-p242f-nissan-zapchany-dpf\/#breadcrumb\"},\"inLanguage\":\"pl-PL\",\"potentialAction\":[{\"@type\":\"ReadAction\",\"target\":[\"https:\/\/kalinski.pl\/serwis\/blad-p242f-nissan-zapchany-dpf\/\"]}]},{\"@type\":\"ImageObject\",\"inLanguage\":\"pl-PL\",\"@id\":\"https:\/\/kalinski.pl\/serwis\/blad-p242f-nissan-zapchany-dpf\/#primaryimage\",\"url\":\"https:\/\/kalinski.pl\/wp-content\/uploads\/Filtry_Kalinski-1-1110x303.png\",\"contentUrl\":\"https:\/\/kalinski.pl\/wp-content\/uploads\/Filtry_Kalinski-1-1110x303.png\"},{\"@type\":\"BreadcrumbList\",\"@id\":\"https:\/\/kalinski.pl\/serwis\/blad-p242f-nissan-zapchany-dpf\/#breadcrumb\",\"itemListElement\":[{\"@type\":\"ListItem\",\"position\":1,\"name\":\"Strona g\u0142\u00f3wna\",\"item\":\"https:\/\/kalinski.pl\/serwis\/\"},{\"@type\":\"ListItem\",\"position\":2,\"name\":\"B\u0142\u0105d p242f Nissan \u2013 zapchany DPF\"}]},{\"@type\":\"WebSite\",\"@id\":\"https:\/\/kalinski.pl\/serwis\/#website\",\"url\":\"https:\/\/kalinski.pl\/serwis\/\",\"name\":\"Kali\u0144ski\",\"description\":\"Uk\u0142ady wydechowe\",\"publisher\":{\"@id\":\"https:\/\/kalinski.pl\/serwis\/#organization\"},\"potentialAction\":[{\"@type\":\"SearchAction\",\"target\":{\"@type\":\"EntryPoint\",\"urlTemplate\":\"https:\/\/kalinski.pl\/serwis\/?s={search_term_string}\"},\"query-input\":{\"@type\":\"PropertyValueSpecification\",\"valueRequired\":true,\"valueName\":\"search_term_string\"}}],\"inLanguage\":\"pl-PL\"},{\"@type\":\"Organization\",\"@id\":\"https:\/\/kalinski.pl\/serwis\/#organization\",\"name\":\"Kali\u0144ski\",\"url\":\"https:\/\/kalinski.pl\/serwis\/\",\"logo\":{\"@type\":\"ImageObject\",\"inLanguage\":\"pl-PL\",\"@id\":\"https:\/\/kalinski.pl\/serwis\/#\/schema\/logo\/image\/\",\"url\":\"https:\/\/kalinski.pl\/serwis\/wp-content\/uploads\/2019\/03\/cropped-logo_white.jpg\",\"contentUrl\":\"https:\/\/kalinski.pl\/serwis\/wp-content\/uploads\/2019\/03\/cropped-logo_white.jpg\",\"width\":240,\"height\":63,\"caption\":\"Kali\u0144ski\"},\"image\":{\"@id\":\"https:\/\/kalinski.pl\/serwis\/#\/schema\/logo\/image\/\"}}]}<\/script>\n<!-- \/ Yoast SEO plugin. -->","yoast_head_json":{"title":"B\u0142\u0105d p242f Nissan \u2013 zapchany DPF | Kali\u0144ski","description":"B\u0142\u0105d p242f Nissan sygnalizuje zapchanie filtra DPF, pojawi si\u0119, kiedy cz\u0105steczki sadzy i popio\u0142u doprowadz\u0105 do spadku przepustowo\u015bci.","robots":{"index":"index","follow":"follow","max-snippet":"max-snippet:-1","max-image-preview":"max-image-preview:large","max-video-preview":"max-video-preview:-1"},"canonical":"https:\/\/kalinski.pl\/serwis\/blad-p242f-nissan-zapchany-dpf\/","og_locale":"pl_PL","og_type":"article","og_title":"B\u0142\u0105d p242f Nissan \u2013 zapchany DPF | Kali\u0144ski","og_description":"B\u0142\u0105d p242f Nissan sygnalizuje zapchanie filtra DPF, pojawi si\u0119, kiedy cz\u0105steczki sadzy i popio\u0142u doprowadz\u0105 do spadku przepustowo\u015bci.","og_url":"https:\/\/kalinski.pl\/serwis\/blad-p242f-nissan-zapchany-dpf\/","og_site_name":"Kali\u0144ski","og_image":[{"url":"https:\/\/kalinski.pl\/wp-content\/uploads\/Filtry_Kalinski-1-1110x303.png","type":"","width":"","height":""}],"twitter_card":"summary_large_image","twitter_misc":{"Szacowany czas czytania":"2 minuty"},"schema":{"@context":"https:\/\/schema.org","@graph":[{"@type":"WebPage","@id":"https:\/\/kalinski.pl\/serwis\/blad-p242f-nissan-zapchany-dpf\/","url":"https:\/\/kalinski.pl\/serwis\/blad-p242f-nissan-zapchany-dpf\/","name":"B\u0142\u0105d p242f Nissan \u2013 zapchany DPF | Kali\u0144ski","isPartOf":{"@id":"https:\/\/kalinski.pl\/serwis\/#website"},"primaryImageOfPage":{"@id":"https:\/\/kalinski.pl\/serwis\/blad-p242f-nissan-zapchany-dpf\/#primaryimage"},"image":{"@id":"https:\/\/kalinski.pl\/serwis\/blad-p242f-nissan-zapchany-dpf\/#primaryimage"},"thumbnailUrl":"https:\/\/kalinski.pl\/wp-content\/uploads\/Filtry_Kalinski-1-1110x303.png","datePublished":"2021-06-25T07:35:08+00:00","description":"B\u0142\u0105d p242f Nissan sygnalizuje zapchanie filtra DPF, pojawi si\u0119, kiedy cz\u0105steczki sadzy i popio\u0142u doprowadz\u0105 do spadku przepustowo\u015bci.","breadcrumb":{"@id":"https:\/\/kalinski.pl\/serwis\/blad-p242f-nissan-zapchany-dpf\/#breadcrumb"},"inLanguage":"pl-PL","potentialAction":[{"@type":"ReadAction","target":["https:\/\/kalinski.pl\/serwis\/blad-p242f-nissan-zapchany-dpf\/"]}]},{"@type":"ImageObject","inLanguage":"pl-PL","@id":"https:\/\/kalinski.pl\/serwis\/blad-p242f-nissan-zapchany-dpf\/#primaryimage","url":"https:\/\/kalinski.pl\/wp-content\/uploads\/Filtry_Kalinski-1-1110x303.png","contentUrl":"https:\/\/kalinski.pl\/wp-content\/uploads\/Filtry_Kalinski-1-1110x303.png"},{"@type":"BreadcrumbList","@id":"https:\/\/kalinski.pl\/serwis\/blad-p242f-nissan-zapchany-dpf\/#breadcrumb","itemListElement":[{"@type":"ListItem","position":1,"name":"Strona g\u0142\u00f3wna","item":"https:\/\/kalinski.pl\/serwis\/"},{"@type":"ListItem","position":2,"name":"B\u0142\u0105d p242f Nissan \u2013 zapchany DPF"}]},{"@type":"WebSite","@id":"https:\/\/kalinski.pl\/serwis\/#website","url":"https:\/\/kalinski.pl\/serwis\/","name":"Kali\u0144ski","description":"Uk\u0142ady wydechowe","publisher":{"@id":"https:\/\/kalinski.pl\/serwis\/#organization"},"potentialAction":[{"@type":"SearchAction","target":{"@type":"EntryPoint","urlTemplate":"https:\/\/kalinski.pl\/serwis\/?s={search_term_string}"},"query-input":{"@type":"PropertyValueSpecification","valueRequired":true,"valueName":"search_term_string"}}],"inLanguage":"pl-PL"},{"@type":"Organization","@id":"https:\/\/kalinski.pl\/serwis\/#organization","name":"Kali\u0144ski","url":"https:\/\/kalinski.pl\/serwis\/","logo":{"@type":"ImageObject","inLanguage":"pl-PL","@id":"https:\/\/kalinski.pl\/serwis\/#\/schema\/logo\/image\/","url":"https:\/\/kalinski.pl\/serwis\/wp-content\/uploads\/2019\/03\/cropped-logo_white.jpg","contentUrl":"https:\/\/kalinski.pl\/serwis\/wp-content\/uploads\/2019\/03\/cropped-logo_white.jpg","width":240,"height":63,"caption":"Kali\u0144ski"},"image":{"@id":"https:\/\/kalinski.pl\/serwis\/#\/schema\/logo\/image\/"}}]}},"_links":{"self":[{"href":"https:\/\/kalinski.pl\/serwis\/wp-json\/wp\/v2\/pages\/3560","targetHints":{"allow":["GET"]}}],"collection":[{"href":"https:\/\/kalinski.pl\/serwis\/wp-json\/wp\/v2\/pages"}],"about":[{"href":"https:\/\/kalinski.pl\/serwis\/wp-json\/wp\/v2\/types\/page"}],"author":[{"embeddable":true,"href":"https:\/\/kalinski.pl\/serwis\/wp-json\/wp\/v2\/users\/821795"}],"replies":[{"embeddable":true,"href":"https:\/\/kalinski.pl\/serwis\/wp-json\/wp\/v2\/comments?post=3560"}],"version-history":[{"count":0,"href":"https:\/\/kalinski.pl\/serwis\/wp-json\/wp\/v2\/pages\/3560\/revisions"}],"wp:attachment":[{"href":"https:\/\/kalinski.pl\/serwis\/wp-json\/wp\/v2\/media?parent=3560"}],"curies":[{"name":"wp","href":"https:\/\/api.w.org\/{rel}","templated":true}]}}