{"id":3555,"date":"2021-06-25T09:03:25","date_gmt":"2021-06-25T07:03:25","guid":{"rendered":"https:\/\/kalinski.pl\/?page_id=3555"},"modified":"2021-06-25T09:33:49","modified_gmt":"2021-06-25T07:33:49","slug":"blad-p242f-ford-ograniczenie-pracy-filtra-czastek-stalych-nagromadzenie-sadzy","status":"publish","type":"page","link":"https:\/\/kalinski.pl\/serwis\/blad-p242f-ford-ograniczenie-pracy-filtra-czastek-stalych-nagromadzenie-sadzy\/","title":{"rendered":"B\u0142\u0105d p242f Ford \u2013 ograniczenie pracy filtra cz\u0105stek sta\u0142ych, nagromadzenie sadzy"},"content":{"rendered":"\r\n<figure class=\"wp-block-image size-large\"><img fetchpriority=\"high\" decoding=\"async\" width=\"1110\" height=\"303\" class=\"wp-image-1568\" src=\"https:\/\/kalinski.pl\/wp-content\/uploads\/Filtry_Kalinski-1-1110x303.png\" alt=\"\" \/><\/figure>\r\n\r\n\r\n<p align=\"justify\">\u00a0<\/p>\r\n<p align=\"justify\">Je\u017celi kierowca w czasie jazdy zobaczy komunikat informuj\u0105cy o nowym b\u0142\u0119dzie, warto od razu przeprowadzi\u0107 diagnostyk\u0119 komputerow\u0105. Dzi\u0119ki temu mo\u017cna szybko znale\u017a\u0107 przyczyn\u0119 i wdro\u017cy\u0107 odpowiednie dzia\u0142ania w celu usuni\u0119cia usterki. Niestety, wszystkie b\u0142\u0119dy s\u0105 zapisywane w postaci okre\u015blonego kodu. Dlatego bez znajomo\u015bci poszczeg\u00f3lnych oznacze\u0144 samo pod\u0142\u0105czenie komputera niewiele wyja\u015bni.<\/p>\r\n<p align=\"justify\"><strong>B\u0142\u0105d p242f Ford<\/strong> mo\u017ce pojawi\u0107 si\u0119 niemal we wszystkich nowszych pojazdach Forda z silnikiem diesla. Kiedy komputer wy\u015bwietli taki komunikat, oznacza to, \u017ce czujniki zarejestrowa\u0142y pewne ograniczenia w pracy filtra DPF. Co prawda, mo\u017ce to wynika\u0107 z awarii samych czujnik\u00f3w lub niewielkiego zwarcia w miejscowym obwodzie. Jednak znacznie cz\u0119stszym powodem takiego b\u0142\u0119du jest nagromadzenie sadzy, kt\u00f3ra powoduje zapchanie filtra DPF i spadek jego przepustowo\u015bci.<\/p>\r\n<p align=\"justify\">To z kolei oznacza, \u017ce <strong>b\u0142\u0105d p242f Ford<\/strong> stanowi przes\u0142ank\u0119 do mo\u017cliwie szybkiego skontrolowania stanu technicznego filtra DPF. Je\u017celi kontrola wyka\u017ce zbyt nisk\u0105 przepustowo\u015b\u0107, jedynym rozwi\u0105zaniem pozostaje wymiana filtra lub regeneracja zapchanego egzemplarza. Warto jednak podkre\u015bli\u0107, \u017ce to regeneracja okazuje si\u0119 znacznie ta\u0144szym rozwi\u0105zaniem. Dlatego gor\u0105co zach\u0119camy wszystkich kierowc\u00f3w do zapoznania si\u0119 z nasz\u0105 ofert\u0105. Jako firma Kali\u0144ski \u015bwiadczymy bowiem profesjonalne us\u0142ugi w zakresie regeneracji zu\u017cytych katalizator\u00f3w oraz filtr\u00f3w DPF. Nasze do\u015bwiadczenie oraz specjalistyczny sprz\u0119t stanowi dla Pa\u0144stwa gwarancj\u0119 satysfakcji z wykonanej us\u0142ugi.<\/p>\r\n<p style=\"text-align: center;\" align=\"justify\"><a href=\"https:\/\/kalinski.pl\/sklep\/pl\/allegro-inne\/37689-regeneracja-filtrow-czastek-stalych-dpf-fap-gpf-do-pojazdow-osobowych.html?search_query=regeneracja&amp;results=9\">Sprawd\u017a ofert\u0119 regeneracji pojazd\u00f3w osobowych w naszym sklepie<\/a>\u00a0<\/p>\r\n\r\n\r\n<p>\r\n<\/p>\r\n\t\t<div data-elementor-type=\"wp-post\" data-elementor-id=\"3002\" class=\"elementor elementor-3002\">\n\t\t\t\t\t\t<section class=\"elementor-section elementor-top-section elementor-element elementor-element-cefde73 elementor-section-boxed elementor-section-height-default elementor-section-height-default\" data-id=\"cefde73\" data-element_type=\"section\">\n\t\t\t\t\t\t<div class=\"elementor-container elementor-column-gap-default\">\n\t\t\t\t\t<div class=\"elementor-column elementor-col-100 elementor-top-column elementor-element elementor-element-970e36a\" data-id=\"970e36a\" data-element_type=\"column\">\n\t\t\t<div class=\"elementor-widget-wrap elementor-element-populated\">\n\t\t\t\t\t\t<div class=\"elementor-element elementor-element-6c30b54 elementor-widget elementor-widget-heading\" data-id=\"6c30b54\" data-element_type=\"widget\" data-widget_type=\"heading.default\">\n\t\t\t\t<div class=\"elementor-widget-container\">\n\t\t\t\t\t<h2 class=\"elementor-heading-title elementor-size-default\">Jeste\u015bmy do Twojej dyspozycji<\/h2>\t\t\t\t<\/div>\n\t\t\t\t<\/div>\n\t\t\t\t\t<\/div>\n\t\t<\/div>\n\t\t\t\t\t<\/div>\n\t\t<\/section>\n\t\t\t\t<section class=\"elementor-section elementor-top-section elementor-element elementor-element-f0f0ab2 elementor-section-boxed elementor-section-height-default elementor-section-height-default\" data-id=\"f0f0ab2\" data-element_type=\"section\">\n\t\t\t\t\t\t<div class=\"elementor-container elementor-column-gap-default\">\n\t\t\t\t\t<div class=\"elementor-column elementor-col-50 elementor-top-column elementor-element elementor-element-df75edc\" data-id=\"df75edc\" data-element_type=\"column\">\n\t\t\t<div class=\"elementor-widget-wrap elementor-element-populated\">\n\t\t\t\t\t\t<div class=\"elementor-element elementor-element-5d3129f elementor-position-left elementor-vertical-align-top elementor-widget elementor-widget-image-box\" data-id=\"5d3129f\" data-element_type=\"widget\" data-widget_type=\"image-box.default\">\n\t\t\t\t<div class=\"elementor-widget-container\">\n\t\t\t\t\t<div class=\"elementor-image-box-wrapper\"><figure class=\"elementor-image-box-img\"><img decoding=\"async\" width=\"135\" height=\"141\" src=\"https:\/\/kalinski.pl\/serwis\/wp-content\/uploads\/smateusz.jpg\" class=\"attachment-full size-full wp-image-3005\" alt=\"smateusz\" \/><\/figure><div class=\"elementor-image-box-content\"><h3 class=\"elementor-image-box-title\">Mateusz<\/h3><p class=\"elementor-image-box-description\">Pojazdy osobowe, dostawcze<\/p><\/div><\/div>\t\t\t\t<\/div>\n\t\t\t\t<\/div>\n\t\t\t\t<div class=\"elementor-element elementor-element-ccda357 elementor-widget elementor-widget-text-editor\" data-id=\"ccda357\" data-element_type=\"widget\" data-widget_type=\"text-editor.default\">\n\t\t\t\t<div class=\"elementor-widget-container\">\n\t\t\t\t\t\t\t\t\t<p><a href=\"tel:0048618142777\">+48 61 814 27 77 \/ wew 101<\/a><\/p>\n<p>biuro@kalinski.pl<\/p>\t\t\t\t\t\t\t\t<\/div>\n\t\t\t\t<\/div>\n\t\t\t\t\t<\/div>\n\t\t<\/div>\n\t\t\t\t<div class=\"elementor-column elementor-col-50 elementor-top-column elementor-element elementor-element-6025541\" data-id=\"6025541\" data-element_type=\"column\">\n\t\t\t<div class=\"elementor-widget-wrap elementor-element-populated\">\n\t\t\t\t\t\t<div class=\"elementor-element elementor-element-b645a1a elementor-position-left elementor-vertical-align-top elementor-widget elementor-widget-image-box\" data-id=\"b645a1a\" data-element_type=\"widget\" data-widget_type=\"image-box.default\">\n\t\t\t\t<div class=\"elementor-widget-container\">\n\t\t\t\t\t<div class=\"elementor-image-box-wrapper\"><figure class=\"elementor-image-box-img\"><img decoding=\"async\" width=\"135\" height=\"141\" src=\"https:\/\/kalinski.pl\/serwis\/wp-content\/uploads\/sadam.jpg\" class=\"attachment-full size-full wp-image-3004\" alt=\"sadam\" \/><\/figure><div class=\"elementor-image-box-content\"><h3 class=\"elementor-image-box-title\">Adam<\/h3><p class=\"elementor-image-box-description\">Samochody ci\u0119\u017carowe<\/p><\/div><\/div>\t\t\t\t<\/div>\n\t\t\t\t<\/div>\n\t\t\t\t<div class=\"elementor-element elementor-element-7fa9a86 elementor-widget elementor-widget-text-editor\" data-id=\"7fa9a86\" data-element_type=\"widget\" data-widget_type=\"text-editor.default\">\n\t\t\t\t<div class=\"elementor-widget-container\">\n\t\t\t\t\t\t\t\t\t<p><a href=\"tel:0048618142777\">+48 61 814 27 77 \/ wew 102<\/a><\/p>\n<p>ciezarowe@kalinski.pl<\/p>\t\t\t\t\t\t\t\t<\/div>\n\t\t\t\t<\/div>\n\t\t\t\t\t<\/div>\n\t\t<\/div>\n\t\t\t\t\t<\/div>\n\t\t<\/section>\n\t\t\t\t<\/div>\n\t\t\r\n<!-- \/wp:html -->\r\n<!-- wp:tadv\/classic-paragraph \/-->\r\n<p>S\u0142owa kluczowe: regeneracja katalizator\u00f3w, regeneracja DPF, serwis DPF, GPF, FAP, DPF, serwis katalizator\u00f3w, serwis DPF, Pozna\u0144, uk\u0142ady wydechowe, b\u0142\u0105d p242f Ford, zapchany DPF<\/p>","protected":false},"excerpt":{"rendered":"<p>\u00a0 Je\u017celi kierowca w czasie jazdy zobaczy komunikat informuj\u0105cy o nowym b\u0142\u0119dzie, warto od razu przeprowadzi\u0107 diagnostyk\u0119 komputerow\u0105. Dzi\u0119ki temu mo\u017cna szybko znale\u017a\u0107 przyczyn\u0119 i wdro\u017cy\u0107 odpowiednie dzia\u0142ania w celu usuni\u0119cia usterki. Niestety, wszystkie b\u0142\u0119dy s\u0105 zapisywane w postaci okre\u015blonego kodu. Dlatego bez znajomo\u015bci poszczeg\u00f3lnych oznacze\u0144 samo pod\u0142\u0105czenie komputera niewiele wyja\u015bni. B\u0142\u0105d p242f Ford mo\u017ce &hellip; <a href=\"https:\/\/kalinski.pl\/serwis\/blad-p242f-ford-ograniczenie-pracy-filtra-czastek-stalych-nagromadzenie-sadzy\/\" class=\"more-link\">Czytaj dalej<span class=\"screen-reader-text\"> B\u0142\u0105d p242f Ford \u2013 ograniczenie pracy filtra cz\u0105stek sta\u0142ych, nagromadzenie sadzy<\/span><\/a><\/p>\n","protected":false},"author":821795,"featured_media":0,"parent":0,"menu_order":0,"comment_status":"closed","ping_status":"closed","template":"","meta":{"footnotes":""},"class_list":["post-3555","page","type-page","status-publish","hentry"],"yoast_head":"<!-- This site is optimized with the Yoast SEO plugin v26.7 - https:\/\/yoast.com\/wordpress\/plugins\/seo\/ -->\n<title>B\u0142\u0105d p242f Ford \u2013 ograniczenie pracy filtra cz\u0105stek sta\u0142ych, nagromadzenie sadzy | Kali\u0144ski<\/title>\n<meta name=\"description\" content=\"Jad\u0105c do serwisu z usterk\u0105 poznamy jej przyczyn\u0119, b\u0142\u0105d p242f Ford oznacza ograniczenie pracy filtra cz\u0105stek sta\u0142ych, nagromadzenie sadzy.\" \/>\n<meta name=\"robots\" content=\"index, follow, max-snippet:-1, max-image-preview:large, max-video-preview:-1\" \/>\n<link rel=\"canonical\" href=\"https:\/\/kalinski.pl\/serwis\/blad-p242f-ford-ograniczenie-pracy-filtra-czastek-stalych-nagromadzenie-sadzy\/\" \/>\n<meta property=\"og:locale\" content=\"pl_PL\" \/>\n<meta property=\"og:type\" content=\"article\" \/>\n<meta property=\"og:title\" content=\"B\u0142\u0105d p242f Ford \u2013 ograniczenie pracy filtra cz\u0105stek sta\u0142ych, nagromadzenie sadzy | Kali\u0144ski\" \/>\n<meta property=\"og:description\" content=\"Jad\u0105c do serwisu z usterk\u0105 poznamy jej przyczyn\u0119, b\u0142\u0105d p242f Ford oznacza ograniczenie pracy filtra cz\u0105stek sta\u0142ych, nagromadzenie sadzy.\" \/>\n<meta property=\"og:url\" content=\"https:\/\/kalinski.pl\/serwis\/blad-p242f-ford-ograniczenie-pracy-filtra-czastek-stalych-nagromadzenie-sadzy\/\" \/>\n<meta property=\"og:site_name\" content=\"Kali\u0144ski\" \/>\n<meta property=\"article:modified_time\" content=\"2021-06-25T07:33:49+00:00\" \/>\n<meta property=\"og:image\" content=\"https:\/\/kalinski.pl\/wp-content\/uploads\/Filtry_Kalinski-1-1110x303.png\" \/>\n<meta name=\"twitter:card\" content=\"summary_large_image\" \/>\n<meta name=\"twitter:label1\" content=\"Szacowany czas czytania\" \/>\n\t<meta name=\"twitter:data1\" content=\"2 minuty\" \/>\n<script type=\"application\/ld+json\" class=\"yoast-schema-graph\">{\"@context\":\"https:\/\/schema.org\",\"@graph\":[{\"@type\":\"WebPage\",\"@id\":\"https:\/\/kalinski.pl\/serwis\/blad-p242f-ford-ograniczenie-pracy-filtra-czastek-stalych-nagromadzenie-sadzy\/\",\"url\":\"https:\/\/kalinski.pl\/serwis\/blad-p242f-ford-ograniczenie-pracy-filtra-czastek-stalych-nagromadzenie-sadzy\/\",\"name\":\"B\u0142\u0105d p242f Ford \u2013 ograniczenie pracy filtra cz\u0105stek sta\u0142ych, nagromadzenie sadzy | Kali\u0144ski\",\"isPartOf\":{\"@id\":\"https:\/\/kalinski.pl\/serwis\/#website\"},\"primaryImageOfPage\":{\"@id\":\"https:\/\/kalinski.pl\/serwis\/blad-p242f-ford-ograniczenie-pracy-filtra-czastek-stalych-nagromadzenie-sadzy\/#primaryimage\"},\"image\":{\"@id\":\"https:\/\/kalinski.pl\/serwis\/blad-p242f-ford-ograniczenie-pracy-filtra-czastek-stalych-nagromadzenie-sadzy\/#primaryimage\"},\"thumbnailUrl\":\"https:\/\/kalinski.pl\/wp-content\/uploads\/Filtry_Kalinski-1-1110x303.png\",\"datePublished\":\"2021-06-25T07:03:25+00:00\",\"dateModified\":\"2021-06-25T07:33:49+00:00\",\"description\":\"Jad\u0105c do serwisu z usterk\u0105 poznamy jej przyczyn\u0119, b\u0142\u0105d p242f Ford oznacza ograniczenie pracy filtra cz\u0105stek sta\u0142ych, nagromadzenie sadzy.\",\"breadcrumb\":{\"@id\":\"https:\/\/kalinski.pl\/serwis\/blad-p242f-ford-ograniczenie-pracy-filtra-czastek-stalych-nagromadzenie-sadzy\/#breadcrumb\"},\"inLanguage\":\"pl-PL\",\"potentialAction\":[{\"@type\":\"ReadAction\",\"target\":[\"https:\/\/kalinski.pl\/serwis\/blad-p242f-ford-ograniczenie-pracy-filtra-czastek-stalych-nagromadzenie-sadzy\/\"]}]},{\"@type\":\"ImageObject\",\"inLanguage\":\"pl-PL\",\"@id\":\"https:\/\/kalinski.pl\/serwis\/blad-p242f-ford-ograniczenie-pracy-filtra-czastek-stalych-nagromadzenie-sadzy\/#primaryimage\",\"url\":\"https:\/\/kalinski.pl\/wp-content\/uploads\/Filtry_Kalinski-1-1110x303.png\",\"contentUrl\":\"https:\/\/kalinski.pl\/wp-content\/uploads\/Filtry_Kalinski-1-1110x303.png\"},{\"@type\":\"BreadcrumbList\",\"@id\":\"https:\/\/kalinski.pl\/serwis\/blad-p242f-ford-ograniczenie-pracy-filtra-czastek-stalych-nagromadzenie-sadzy\/#breadcrumb\",\"itemListElement\":[{\"@type\":\"ListItem\",\"position\":1,\"name\":\"Strona g\u0142\u00f3wna\",\"item\":\"https:\/\/kalinski.pl\/serwis\/\"},{\"@type\":\"ListItem\",\"position\":2,\"name\":\"B\u0142\u0105d p242f Ford \u2013 ograniczenie pracy filtra cz\u0105stek sta\u0142ych, nagromadzenie sadzy\"}]},{\"@type\":\"WebSite\",\"@id\":\"https:\/\/kalinski.pl\/serwis\/#website\",\"url\":\"https:\/\/kalinski.pl\/serwis\/\",\"name\":\"Kali\u0144ski\",\"description\":\"Uk\u0142ady wydechowe\",\"publisher\":{\"@id\":\"https:\/\/kalinski.pl\/serwis\/#organization\"},\"potentialAction\":[{\"@type\":\"SearchAction\",\"target\":{\"@type\":\"EntryPoint\",\"urlTemplate\":\"https:\/\/kalinski.pl\/serwis\/?s={search_term_string}\"},\"query-input\":{\"@type\":\"PropertyValueSpecification\",\"valueRequired\":true,\"valueName\":\"search_term_string\"}}],\"inLanguage\":\"pl-PL\"},{\"@type\":\"Organization\",\"@id\":\"https:\/\/kalinski.pl\/serwis\/#organization\",\"name\":\"Kali\u0144ski\",\"url\":\"https:\/\/kalinski.pl\/serwis\/\",\"logo\":{\"@type\":\"ImageObject\",\"inLanguage\":\"pl-PL\",\"@id\":\"https:\/\/kalinski.pl\/serwis\/#\/schema\/logo\/image\/\",\"url\":\"https:\/\/kalinski.pl\/serwis\/wp-content\/uploads\/2019\/03\/cropped-logo_white.jpg\",\"contentUrl\":\"https:\/\/kalinski.pl\/serwis\/wp-content\/uploads\/2019\/03\/cropped-logo_white.jpg\",\"width\":240,\"height\":63,\"caption\":\"Kali\u0144ski\"},\"image\":{\"@id\":\"https:\/\/kalinski.pl\/serwis\/#\/schema\/logo\/image\/\"}}]}<\/script>\n<!-- \/ Yoast SEO plugin. -->","yoast_head_json":{"title":"B\u0142\u0105d p242f Ford \u2013 ograniczenie pracy filtra cz\u0105stek sta\u0142ych, nagromadzenie sadzy | Kali\u0144ski","description":"Jad\u0105c do serwisu z usterk\u0105 poznamy jej przyczyn\u0119, b\u0142\u0105d p242f Ford oznacza ograniczenie pracy filtra cz\u0105stek sta\u0142ych, nagromadzenie sadzy.","robots":{"index":"index","follow":"follow","max-snippet":"max-snippet:-1","max-image-preview":"max-image-preview:large","max-video-preview":"max-video-preview:-1"},"canonical":"https:\/\/kalinski.pl\/serwis\/blad-p242f-ford-ograniczenie-pracy-filtra-czastek-stalych-nagromadzenie-sadzy\/","og_locale":"pl_PL","og_type":"article","og_title":"B\u0142\u0105d p242f Ford \u2013 ograniczenie pracy filtra cz\u0105stek sta\u0142ych, nagromadzenie sadzy | Kali\u0144ski","og_description":"Jad\u0105c do serwisu z usterk\u0105 poznamy jej przyczyn\u0119, b\u0142\u0105d p242f Ford oznacza ograniczenie pracy filtra cz\u0105stek sta\u0142ych, nagromadzenie sadzy.","og_url":"https:\/\/kalinski.pl\/serwis\/blad-p242f-ford-ograniczenie-pracy-filtra-czastek-stalych-nagromadzenie-sadzy\/","og_site_name":"Kali\u0144ski","article_modified_time":"2021-06-25T07:33:49+00:00","og_image":[{"url":"https:\/\/kalinski.pl\/wp-content\/uploads\/Filtry_Kalinski-1-1110x303.png","type":"","width":"","height":""}],"twitter_card":"summary_large_image","twitter_misc":{"Szacowany czas czytania":"2 minuty"},"schema":{"@context":"https:\/\/schema.org","@graph":[{"@type":"WebPage","@id":"https:\/\/kalinski.pl\/serwis\/blad-p242f-ford-ograniczenie-pracy-filtra-czastek-stalych-nagromadzenie-sadzy\/","url":"https:\/\/kalinski.pl\/serwis\/blad-p242f-ford-ograniczenie-pracy-filtra-czastek-stalych-nagromadzenie-sadzy\/","name":"B\u0142\u0105d p242f Ford \u2013 ograniczenie pracy filtra cz\u0105stek sta\u0142ych, nagromadzenie sadzy | Kali\u0144ski","isPartOf":{"@id":"https:\/\/kalinski.pl\/serwis\/#website"},"primaryImageOfPage":{"@id":"https:\/\/kalinski.pl\/serwis\/blad-p242f-ford-ograniczenie-pracy-filtra-czastek-stalych-nagromadzenie-sadzy\/#primaryimage"},"image":{"@id":"https:\/\/kalinski.pl\/serwis\/blad-p242f-ford-ograniczenie-pracy-filtra-czastek-stalych-nagromadzenie-sadzy\/#primaryimage"},"thumbnailUrl":"https:\/\/kalinski.pl\/wp-content\/uploads\/Filtry_Kalinski-1-1110x303.png","datePublished":"2021-06-25T07:03:25+00:00","dateModified":"2021-06-25T07:33:49+00:00","description":"Jad\u0105c do serwisu z usterk\u0105 poznamy jej przyczyn\u0119, b\u0142\u0105d p242f Ford oznacza ograniczenie pracy filtra cz\u0105stek sta\u0142ych, nagromadzenie sadzy.","breadcrumb":{"@id":"https:\/\/kalinski.pl\/serwis\/blad-p242f-ford-ograniczenie-pracy-filtra-czastek-stalych-nagromadzenie-sadzy\/#breadcrumb"},"inLanguage":"pl-PL","potentialAction":[{"@type":"ReadAction","target":["https:\/\/kalinski.pl\/serwis\/blad-p242f-ford-ograniczenie-pracy-filtra-czastek-stalych-nagromadzenie-sadzy\/"]}]},{"@type":"ImageObject","inLanguage":"pl-PL","@id":"https:\/\/kalinski.pl\/serwis\/blad-p242f-ford-ograniczenie-pracy-filtra-czastek-stalych-nagromadzenie-sadzy\/#primaryimage","url":"https:\/\/kalinski.pl\/wp-content\/uploads\/Filtry_Kalinski-1-1110x303.png","contentUrl":"https:\/\/kalinski.pl\/wp-content\/uploads\/Filtry_Kalinski-1-1110x303.png"},{"@type":"BreadcrumbList","@id":"https:\/\/kalinski.pl\/serwis\/blad-p242f-ford-ograniczenie-pracy-filtra-czastek-stalych-nagromadzenie-sadzy\/#breadcrumb","itemListElement":[{"@type":"ListItem","position":1,"name":"Strona g\u0142\u00f3wna","item":"https:\/\/kalinski.pl\/serwis\/"},{"@type":"ListItem","position":2,"name":"B\u0142\u0105d p242f Ford \u2013 ograniczenie pracy filtra cz\u0105stek sta\u0142ych, nagromadzenie sadzy"}]},{"@type":"WebSite","@id":"https:\/\/kalinski.pl\/serwis\/#website","url":"https:\/\/kalinski.pl\/serwis\/","name":"Kali\u0144ski","description":"Uk\u0142ady wydechowe","publisher":{"@id":"https:\/\/kalinski.pl\/serwis\/#organization"},"potentialAction":[{"@type":"SearchAction","target":{"@type":"EntryPoint","urlTemplate":"https:\/\/kalinski.pl\/serwis\/?s={search_term_string}"},"query-input":{"@type":"PropertyValueSpecification","valueRequired":true,"valueName":"search_term_string"}}],"inLanguage":"pl-PL"},{"@type":"Organization","@id":"https:\/\/kalinski.pl\/serwis\/#organization","name":"Kali\u0144ski","url":"https:\/\/kalinski.pl\/serwis\/","logo":{"@type":"ImageObject","inLanguage":"pl-PL","@id":"https:\/\/kalinski.pl\/serwis\/#\/schema\/logo\/image\/","url":"https:\/\/kalinski.pl\/serwis\/wp-content\/uploads\/2019\/03\/cropped-logo_white.jpg","contentUrl":"https:\/\/kalinski.pl\/serwis\/wp-content\/uploads\/2019\/03\/cropped-logo_white.jpg","width":240,"height":63,"caption":"Kali\u0144ski"},"image":{"@id":"https:\/\/kalinski.pl\/serwis\/#\/schema\/logo\/image\/"}}]}},"_links":{"self":[{"href":"https:\/\/kalinski.pl\/serwis\/wp-json\/wp\/v2\/pages\/3555","targetHints":{"allow":["GET"]}}],"collection":[{"href":"https:\/\/kalinski.pl\/serwis\/wp-json\/wp\/v2\/pages"}],"about":[{"href":"https:\/\/kalinski.pl\/serwis\/wp-json\/wp\/v2\/types\/page"}],"author":[{"embeddable":true,"href":"https:\/\/kalinski.pl\/serwis\/wp-json\/wp\/v2\/users\/821795"}],"replies":[{"embeddable":true,"href":"https:\/\/kalinski.pl\/serwis\/wp-json\/wp\/v2\/comments?post=3555"}],"version-history":[{"count":0,"href":"https:\/\/kalinski.pl\/serwis\/wp-json\/wp\/v2\/pages\/3555\/revisions"}],"wp:attachment":[{"href":"https:\/\/kalinski.pl\/serwis\/wp-json\/wp\/v2\/media?parent=3555"}],"curies":[{"name":"wp","href":"https:\/\/api.w.org\/{rel}","templated":true}]}}