{"id":3510,"date":"2021-06-21T09:24:51","date_gmt":"2021-06-21T07:24:51","guid":{"rendered":"https:\/\/kalinski.pl\/?page_id=3510"},"modified":"2021-06-21T09:24:51","modified_gmt":"2021-06-21T07:24:51","slug":"blad-p2002-mercedes-sprawnosc-filtra-czastek-stalych-dpf-ponizej-progu","status":"publish","type":"page","link":"https:\/\/kalinski.pl\/serwis\/blad-p2002-mercedes-sprawnosc-filtra-czastek-stalych-dpf-ponizej-progu\/","title":{"rendered":"B\u0142\u0105d p2002 Mercedes \u2013 sprawno\u015b\u0107 filtra cz\u0105stek sta\u0142ych DPF poni\u017cej progu"},"content":{"rendered":"\r\n<figure class=\"wp-block-image size-large\"><img fetchpriority=\"high\" decoding=\"async\" width=\"1110\" height=\"303\" class=\"wp-image-1568\" src=\"https:\/\/kalinski.pl\/wp-content\/uploads\/Filtry_Kalinski-1-1110x303.png\" alt=\"\" \/><\/figure>\r\n\r\n\r\n<p align=\"justify\">\u00a0<\/p>\r\n<p align=\"justify\">Poprawnie dzia\u0142aj\u0105cy filtr DPF zapewnia skuteczne wychwytywanie cz\u0105stek sta\u0142ych, kt\u00f3re powstaj\u0105 w trakcie spalania paliwa. Podczas tego procesu we wn\u0119trzu filtra mog\u0105 jednak odk\u0142ada\u0107 si\u0119 pewne zanieczyszczenia, takie jak: popi\u00f3\u0142, drobinki sadzy oraz cia\u0142a sta\u0142e. Je\u017celi b\u0119dzie ich szczeg\u00f3lnie du\u017co, filtr DPF powoli zacznie traci\u0107 przepustowo\u015b\u0107.<\/p>\r\n<p align=\"justify\">Kierowcy pojazd\u00f3w marki Mercedes powinni w\u00f3wczas otrzyma\u0107 stosowny komunikat. Jest to <strong>b\u0142\u0105d p2002 Mercedes<\/strong>, kt\u00f3ry \u015bwiadczy o spadku sprawno\u015bci filtra cz\u0105stek sta\u0142ych. Po zobaczeniu takiej adnotacji nale\u017cy wi\u0119c uda\u0107 si\u0119 do warsztatu w celu wykonania testu przepustowo\u015bci. Je\u017celi mechanik stwierdzi, \u017ce filtr DPF uleg\u0142 zapchaniu, trzeba zadba\u0107 o jego wymian\u0119 lub napraw\u0119. W przeciwnym wypadku zapchany filtr mo\u017ce doprowadzi\u0107 nawet do unieruchomienia silnika.<\/p>\r\n<p align=\"justify\">Firma Kali\u0144ski specjalizuje si\u0119 w regenerowaniu filtr\u00f3w DPF montowanych w samochodach osobowych oraz ci\u0119\u017carowych. Co istotne, dysponujemy specjalistycznym sprz\u0119tem, kt\u00f3ry pozwala nam na skuteczne wykonywanie takich us\u0142ug. Dlatego zach\u0119camy wszystkich kierowc\u00f3w do skorzystania z naszej oferty.<\/p>\r\n<p style=\"text-align: center;\" align=\"justify\"><a href=\"https:\/\/kalinski.pl\/sklep\/pl\/allegro-inne\/37689-regeneracja-filtrow-czastek-stalych-dpf-fap-gpf-do-pojazdow-osobowych.html?search_query=regeneracja&amp;results=9\">Sprawd\u017a ofert\u0119 regeneracji pojazd\u00f3w osobowych w naszym sklepie<\/a>\u00a0<\/p>\r\n\r\n\r\n<p>\r\n<\/p>\r\n\t\t<div data-elementor-type=\"wp-post\" data-elementor-id=\"3002\" class=\"elementor elementor-3002\">\n\t\t\t\t\t\t<section class=\"elementor-section elementor-top-section elementor-element elementor-element-cefde73 elementor-section-boxed elementor-section-height-default elementor-section-height-default\" data-id=\"cefde73\" data-element_type=\"section\">\n\t\t\t\t\t\t<div class=\"elementor-container elementor-column-gap-default\">\n\t\t\t\t\t<div class=\"elementor-column elementor-col-100 elementor-top-column elementor-element elementor-element-970e36a\" data-id=\"970e36a\" data-element_type=\"column\">\n\t\t\t<div class=\"elementor-widget-wrap elementor-element-populated\">\n\t\t\t\t\t\t<div class=\"elementor-element elementor-element-6c30b54 elementor-widget elementor-widget-heading\" data-id=\"6c30b54\" data-element_type=\"widget\" data-widget_type=\"heading.default\">\n\t\t\t\t<div class=\"elementor-widget-container\">\n\t\t\t\t\t<h2 class=\"elementor-heading-title elementor-size-default\">Jeste\u015bmy do Twojej dyspozycji<\/h2>\t\t\t\t<\/div>\n\t\t\t\t<\/div>\n\t\t\t\t\t<\/div>\n\t\t<\/div>\n\t\t\t\t\t<\/div>\n\t\t<\/section>\n\t\t\t\t<section class=\"elementor-section elementor-top-section elementor-element elementor-element-f0f0ab2 elementor-section-boxed elementor-section-height-default elementor-section-height-default\" data-id=\"f0f0ab2\" data-element_type=\"section\">\n\t\t\t\t\t\t<div class=\"elementor-container elementor-column-gap-default\">\n\t\t\t\t\t<div class=\"elementor-column elementor-col-50 elementor-top-column elementor-element elementor-element-df75edc\" data-id=\"df75edc\" data-element_type=\"column\">\n\t\t\t<div class=\"elementor-widget-wrap elementor-element-populated\">\n\t\t\t\t\t\t<div class=\"elementor-element elementor-element-5d3129f elementor-position-left elementor-vertical-align-top elementor-widget elementor-widget-image-box\" data-id=\"5d3129f\" data-element_type=\"widget\" data-widget_type=\"image-box.default\">\n\t\t\t\t<div class=\"elementor-widget-container\">\n\t\t\t\t\t<div class=\"elementor-image-box-wrapper\"><figure class=\"elementor-image-box-img\"><img decoding=\"async\" width=\"135\" height=\"141\" src=\"https:\/\/kalinski.pl\/serwis\/wp-content\/uploads\/smateusz.jpg\" class=\"attachment-full size-full wp-image-3005\" alt=\"smateusz\" \/><\/figure><div class=\"elementor-image-box-content\"><h3 class=\"elementor-image-box-title\">Mateusz<\/h3><p class=\"elementor-image-box-description\">Pojazdy osobowe, dostawcze<\/p><\/div><\/div>\t\t\t\t<\/div>\n\t\t\t\t<\/div>\n\t\t\t\t<div class=\"elementor-element elementor-element-ccda357 elementor-widget elementor-widget-text-editor\" data-id=\"ccda357\" data-element_type=\"widget\" data-widget_type=\"text-editor.default\">\n\t\t\t\t<div class=\"elementor-widget-container\">\n\t\t\t\t\t\t\t\t\t<p><a href=\"tel:0048618142777\">+48 61 814 27 77 \/ wew 101<\/a><\/p>\n<p>biuro@kalinski.pl<\/p>\t\t\t\t\t\t\t\t<\/div>\n\t\t\t\t<\/div>\n\t\t\t\t\t<\/div>\n\t\t<\/div>\n\t\t\t\t<div class=\"elementor-column elementor-col-50 elementor-top-column elementor-element elementor-element-6025541\" data-id=\"6025541\" data-element_type=\"column\">\n\t\t\t<div class=\"elementor-widget-wrap elementor-element-populated\">\n\t\t\t\t\t\t<div class=\"elementor-element elementor-element-b645a1a elementor-position-left elementor-vertical-align-top elementor-widget elementor-widget-image-box\" data-id=\"b645a1a\" data-element_type=\"widget\" data-widget_type=\"image-box.default\">\n\t\t\t\t<div class=\"elementor-widget-container\">\n\t\t\t\t\t<div class=\"elementor-image-box-wrapper\"><figure class=\"elementor-image-box-img\"><img decoding=\"async\" width=\"135\" height=\"141\" src=\"https:\/\/kalinski.pl\/serwis\/wp-content\/uploads\/sadam.jpg\" class=\"attachment-full size-full wp-image-3004\" alt=\"sadam\" \/><\/figure><div class=\"elementor-image-box-content\"><h3 class=\"elementor-image-box-title\">Adam<\/h3><p class=\"elementor-image-box-description\">Samochody ci\u0119\u017carowe<\/p><\/div><\/div>\t\t\t\t<\/div>\n\t\t\t\t<\/div>\n\t\t\t\t<div class=\"elementor-element elementor-element-7fa9a86 elementor-widget elementor-widget-text-editor\" data-id=\"7fa9a86\" data-element_type=\"widget\" data-widget_type=\"text-editor.default\">\n\t\t\t\t<div class=\"elementor-widget-container\">\n\t\t\t\t\t\t\t\t\t<p><a href=\"tel:0048618142777\">+48 61 814 27 77 \/ wew 102<\/a><\/p>\n<p>ciezarowe@kalinski.pl<\/p>\t\t\t\t\t\t\t\t<\/div>\n\t\t\t\t<\/div>\n\t\t\t\t\t<\/div>\n\t\t<\/div>\n\t\t\t\t\t<\/div>\n\t\t<\/section>\n\t\t\t\t<\/div>\n\t\t\r\n<!-- \/wp:html -->\r\n<!-- wp:tadv\/classic-paragraph \/-->\r\n<p>S\u0142owa kluczowe: regeneracja katalizator\u00f3w, regeneracja DPF, serwis DPF, GPF, FAP, DPF, serwis katalizator\u00f3w, serwis DPF, Pozna\u0144, uk\u0142ady wydechowe, b\u0142\u0105d p2002 Mercedes, zapchany DPF.<\/p>","protected":false},"excerpt":{"rendered":"<p>\u00a0 Poprawnie dzia\u0142aj\u0105cy filtr DPF zapewnia skuteczne wychwytywanie cz\u0105stek sta\u0142ych, kt\u00f3re powstaj\u0105 w trakcie spalania paliwa. Podczas tego procesu we wn\u0119trzu filtra mog\u0105 jednak odk\u0142ada\u0107 si\u0119 pewne zanieczyszczenia, takie jak: popi\u00f3\u0142, drobinki sadzy oraz cia\u0142a sta\u0142e. Je\u017celi b\u0119dzie ich szczeg\u00f3lnie du\u017co, filtr DPF powoli zacznie traci\u0107 przepustowo\u015b\u0107. Kierowcy pojazd\u00f3w marki Mercedes powinni w\u00f3wczas otrzyma\u0107 stosowny &hellip; <a href=\"https:\/\/kalinski.pl\/serwis\/blad-p2002-mercedes-sprawnosc-filtra-czastek-stalych-dpf-ponizej-progu\/\" class=\"more-link\">Czytaj dalej<span class=\"screen-reader-text\"> B\u0142\u0105d p2002 Mercedes \u2013 sprawno\u015b\u0107 filtra cz\u0105stek sta\u0142ych DPF poni\u017cej progu<\/span><\/a><\/p>\n","protected":false},"author":821795,"featured_media":0,"parent":0,"menu_order":0,"comment_status":"closed","ping_status":"closed","template":"","meta":{"footnotes":""},"class_list":["post-3510","page","type-page","status-publish","hentry"],"yoast_head":"<!-- This site is optimized with the Yoast SEO plugin v26.7 - https:\/\/yoast.com\/wordpress\/plugins\/seo\/ -->\n<title>B\u0142\u0105d p2002 Mercedes \u2013 sprawno\u015b\u0107 filtra cz\u0105stek sta\u0142ych DPF poni\u017cej progu | Kali\u0144ski<\/title>\n<meta name=\"description\" content=\"B\u0142\u0105d p2002 Mercedes, kt\u00f3ry poka\u017ce si\u0119 na naszym kokpicie mo\u017ce oznacza\u0107 sprawno\u015b\u0107 filtra cz\u0105stek sta\u0142ych DPF poni\u017cej progu.\" \/>\n<meta name=\"robots\" content=\"index, follow, max-snippet:-1, max-image-preview:large, max-video-preview:-1\" \/>\n<link rel=\"canonical\" href=\"https:\/\/kalinski.pl\/serwis\/blad-p2002-mercedes-sprawnosc-filtra-czastek-stalych-dpf-ponizej-progu\/\" \/>\n<meta property=\"og:locale\" content=\"pl_PL\" \/>\n<meta property=\"og:type\" content=\"article\" \/>\n<meta property=\"og:title\" content=\"B\u0142\u0105d p2002 Mercedes \u2013 sprawno\u015b\u0107 filtra cz\u0105stek sta\u0142ych DPF poni\u017cej progu | Kali\u0144ski\" \/>\n<meta property=\"og:description\" content=\"B\u0142\u0105d p2002 Mercedes, kt\u00f3ry poka\u017ce si\u0119 na naszym kokpicie mo\u017ce oznacza\u0107 sprawno\u015b\u0107 filtra cz\u0105stek sta\u0142ych DPF poni\u017cej progu.\" \/>\n<meta property=\"og:url\" content=\"https:\/\/kalinski.pl\/serwis\/blad-p2002-mercedes-sprawnosc-filtra-czastek-stalych-dpf-ponizej-progu\/\" \/>\n<meta property=\"og:site_name\" content=\"Kali\u0144ski\" \/>\n<meta property=\"og:image\" content=\"https:\/\/kalinski.pl\/wp-content\/uploads\/Filtry_Kalinski-1-1110x303.png\" \/>\n<meta name=\"twitter:card\" content=\"summary_large_image\" \/>\n<meta name=\"twitter:label1\" content=\"Szacowany czas czytania\" \/>\n\t<meta name=\"twitter:data1\" content=\"1 minuta\" \/>\n<script type=\"application\/ld+json\" class=\"yoast-schema-graph\">{\"@context\":\"https:\/\/schema.org\",\"@graph\":[{\"@type\":\"WebPage\",\"@id\":\"https:\/\/kalinski.pl\/serwis\/blad-p2002-mercedes-sprawnosc-filtra-czastek-stalych-dpf-ponizej-progu\/\",\"url\":\"https:\/\/kalinski.pl\/serwis\/blad-p2002-mercedes-sprawnosc-filtra-czastek-stalych-dpf-ponizej-progu\/\",\"name\":\"B\u0142\u0105d p2002 Mercedes \u2013 sprawno\u015b\u0107 filtra cz\u0105stek sta\u0142ych DPF poni\u017cej progu | Kali\u0144ski\",\"isPartOf\":{\"@id\":\"https:\/\/kalinski.pl\/serwis\/#website\"},\"primaryImageOfPage\":{\"@id\":\"https:\/\/kalinski.pl\/serwis\/blad-p2002-mercedes-sprawnosc-filtra-czastek-stalych-dpf-ponizej-progu\/#primaryimage\"},\"image\":{\"@id\":\"https:\/\/kalinski.pl\/serwis\/blad-p2002-mercedes-sprawnosc-filtra-czastek-stalych-dpf-ponizej-progu\/#primaryimage\"},\"thumbnailUrl\":\"https:\/\/kalinski.pl\/wp-content\/uploads\/Filtry_Kalinski-1-1110x303.png\",\"datePublished\":\"2021-06-21T07:24:51+00:00\",\"description\":\"B\u0142\u0105d p2002 Mercedes, kt\u00f3ry poka\u017ce si\u0119 na naszym kokpicie mo\u017ce oznacza\u0107 sprawno\u015b\u0107 filtra cz\u0105stek sta\u0142ych DPF poni\u017cej progu.\",\"breadcrumb\":{\"@id\":\"https:\/\/kalinski.pl\/serwis\/blad-p2002-mercedes-sprawnosc-filtra-czastek-stalych-dpf-ponizej-progu\/#breadcrumb\"},\"inLanguage\":\"pl-PL\",\"potentialAction\":[{\"@type\":\"ReadAction\",\"target\":[\"https:\/\/kalinski.pl\/serwis\/blad-p2002-mercedes-sprawnosc-filtra-czastek-stalych-dpf-ponizej-progu\/\"]}]},{\"@type\":\"ImageObject\",\"inLanguage\":\"pl-PL\",\"@id\":\"https:\/\/kalinski.pl\/serwis\/blad-p2002-mercedes-sprawnosc-filtra-czastek-stalych-dpf-ponizej-progu\/#primaryimage\",\"url\":\"https:\/\/kalinski.pl\/wp-content\/uploads\/Filtry_Kalinski-1-1110x303.png\",\"contentUrl\":\"https:\/\/kalinski.pl\/wp-content\/uploads\/Filtry_Kalinski-1-1110x303.png\"},{\"@type\":\"BreadcrumbList\",\"@id\":\"https:\/\/kalinski.pl\/serwis\/blad-p2002-mercedes-sprawnosc-filtra-czastek-stalych-dpf-ponizej-progu\/#breadcrumb\",\"itemListElement\":[{\"@type\":\"ListItem\",\"position\":1,\"name\":\"Strona g\u0142\u00f3wna\",\"item\":\"https:\/\/kalinski.pl\/serwis\/\"},{\"@type\":\"ListItem\",\"position\":2,\"name\":\"B\u0142\u0105d p2002 Mercedes \u2013 sprawno\u015b\u0107 filtra cz\u0105stek sta\u0142ych DPF poni\u017cej progu\"}]},{\"@type\":\"WebSite\",\"@id\":\"https:\/\/kalinski.pl\/serwis\/#website\",\"url\":\"https:\/\/kalinski.pl\/serwis\/\",\"name\":\"Kali\u0144ski\",\"description\":\"Uk\u0142ady wydechowe\",\"publisher\":{\"@id\":\"https:\/\/kalinski.pl\/serwis\/#organization\"},\"potentialAction\":[{\"@type\":\"SearchAction\",\"target\":{\"@type\":\"EntryPoint\",\"urlTemplate\":\"https:\/\/kalinski.pl\/serwis\/?s={search_term_string}\"},\"query-input\":{\"@type\":\"PropertyValueSpecification\",\"valueRequired\":true,\"valueName\":\"search_term_string\"}}],\"inLanguage\":\"pl-PL\"},{\"@type\":\"Organization\",\"@id\":\"https:\/\/kalinski.pl\/serwis\/#organization\",\"name\":\"Kali\u0144ski\",\"url\":\"https:\/\/kalinski.pl\/serwis\/\",\"logo\":{\"@type\":\"ImageObject\",\"inLanguage\":\"pl-PL\",\"@id\":\"https:\/\/kalinski.pl\/serwis\/#\/schema\/logo\/image\/\",\"url\":\"https:\/\/kalinski.pl\/serwis\/wp-content\/uploads\/2019\/03\/cropped-logo_white.jpg\",\"contentUrl\":\"https:\/\/kalinski.pl\/serwis\/wp-content\/uploads\/2019\/03\/cropped-logo_white.jpg\",\"width\":240,\"height\":63,\"caption\":\"Kali\u0144ski\"},\"image\":{\"@id\":\"https:\/\/kalinski.pl\/serwis\/#\/schema\/logo\/image\/\"}}]}<\/script>\n<!-- \/ Yoast SEO plugin. -->","yoast_head_json":{"title":"B\u0142\u0105d p2002 Mercedes \u2013 sprawno\u015b\u0107 filtra cz\u0105stek sta\u0142ych DPF poni\u017cej progu | Kali\u0144ski","description":"B\u0142\u0105d p2002 Mercedes, kt\u00f3ry poka\u017ce si\u0119 na naszym kokpicie mo\u017ce oznacza\u0107 sprawno\u015b\u0107 filtra cz\u0105stek sta\u0142ych DPF poni\u017cej progu.","robots":{"index":"index","follow":"follow","max-snippet":"max-snippet:-1","max-image-preview":"max-image-preview:large","max-video-preview":"max-video-preview:-1"},"canonical":"https:\/\/kalinski.pl\/serwis\/blad-p2002-mercedes-sprawnosc-filtra-czastek-stalych-dpf-ponizej-progu\/","og_locale":"pl_PL","og_type":"article","og_title":"B\u0142\u0105d p2002 Mercedes \u2013 sprawno\u015b\u0107 filtra cz\u0105stek sta\u0142ych DPF poni\u017cej progu | Kali\u0144ski","og_description":"B\u0142\u0105d p2002 Mercedes, kt\u00f3ry poka\u017ce si\u0119 na naszym kokpicie mo\u017ce oznacza\u0107 sprawno\u015b\u0107 filtra cz\u0105stek sta\u0142ych DPF poni\u017cej progu.","og_url":"https:\/\/kalinski.pl\/serwis\/blad-p2002-mercedes-sprawnosc-filtra-czastek-stalych-dpf-ponizej-progu\/","og_site_name":"Kali\u0144ski","og_image":[{"url":"https:\/\/kalinski.pl\/wp-content\/uploads\/Filtry_Kalinski-1-1110x303.png","type":"","width":"","height":""}],"twitter_card":"summary_large_image","twitter_misc":{"Szacowany czas czytania":"1 minuta"},"schema":{"@context":"https:\/\/schema.org","@graph":[{"@type":"WebPage","@id":"https:\/\/kalinski.pl\/serwis\/blad-p2002-mercedes-sprawnosc-filtra-czastek-stalych-dpf-ponizej-progu\/","url":"https:\/\/kalinski.pl\/serwis\/blad-p2002-mercedes-sprawnosc-filtra-czastek-stalych-dpf-ponizej-progu\/","name":"B\u0142\u0105d p2002 Mercedes \u2013 sprawno\u015b\u0107 filtra cz\u0105stek sta\u0142ych DPF poni\u017cej progu | Kali\u0144ski","isPartOf":{"@id":"https:\/\/kalinski.pl\/serwis\/#website"},"primaryImageOfPage":{"@id":"https:\/\/kalinski.pl\/serwis\/blad-p2002-mercedes-sprawnosc-filtra-czastek-stalych-dpf-ponizej-progu\/#primaryimage"},"image":{"@id":"https:\/\/kalinski.pl\/serwis\/blad-p2002-mercedes-sprawnosc-filtra-czastek-stalych-dpf-ponizej-progu\/#primaryimage"},"thumbnailUrl":"https:\/\/kalinski.pl\/wp-content\/uploads\/Filtry_Kalinski-1-1110x303.png","datePublished":"2021-06-21T07:24:51+00:00","description":"B\u0142\u0105d p2002 Mercedes, kt\u00f3ry poka\u017ce si\u0119 na naszym kokpicie mo\u017ce oznacza\u0107 sprawno\u015b\u0107 filtra cz\u0105stek sta\u0142ych DPF poni\u017cej progu.","breadcrumb":{"@id":"https:\/\/kalinski.pl\/serwis\/blad-p2002-mercedes-sprawnosc-filtra-czastek-stalych-dpf-ponizej-progu\/#breadcrumb"},"inLanguage":"pl-PL","potentialAction":[{"@type":"ReadAction","target":["https:\/\/kalinski.pl\/serwis\/blad-p2002-mercedes-sprawnosc-filtra-czastek-stalych-dpf-ponizej-progu\/"]}]},{"@type":"ImageObject","inLanguage":"pl-PL","@id":"https:\/\/kalinski.pl\/serwis\/blad-p2002-mercedes-sprawnosc-filtra-czastek-stalych-dpf-ponizej-progu\/#primaryimage","url":"https:\/\/kalinski.pl\/wp-content\/uploads\/Filtry_Kalinski-1-1110x303.png","contentUrl":"https:\/\/kalinski.pl\/wp-content\/uploads\/Filtry_Kalinski-1-1110x303.png"},{"@type":"BreadcrumbList","@id":"https:\/\/kalinski.pl\/serwis\/blad-p2002-mercedes-sprawnosc-filtra-czastek-stalych-dpf-ponizej-progu\/#breadcrumb","itemListElement":[{"@type":"ListItem","position":1,"name":"Strona g\u0142\u00f3wna","item":"https:\/\/kalinski.pl\/serwis\/"},{"@type":"ListItem","position":2,"name":"B\u0142\u0105d p2002 Mercedes \u2013 sprawno\u015b\u0107 filtra cz\u0105stek sta\u0142ych DPF poni\u017cej progu"}]},{"@type":"WebSite","@id":"https:\/\/kalinski.pl\/serwis\/#website","url":"https:\/\/kalinski.pl\/serwis\/","name":"Kali\u0144ski","description":"Uk\u0142ady wydechowe","publisher":{"@id":"https:\/\/kalinski.pl\/serwis\/#organization"},"potentialAction":[{"@type":"SearchAction","target":{"@type":"EntryPoint","urlTemplate":"https:\/\/kalinski.pl\/serwis\/?s={search_term_string}"},"query-input":{"@type":"PropertyValueSpecification","valueRequired":true,"valueName":"search_term_string"}}],"inLanguage":"pl-PL"},{"@type":"Organization","@id":"https:\/\/kalinski.pl\/serwis\/#organization","name":"Kali\u0144ski","url":"https:\/\/kalinski.pl\/serwis\/","logo":{"@type":"ImageObject","inLanguage":"pl-PL","@id":"https:\/\/kalinski.pl\/serwis\/#\/schema\/logo\/image\/","url":"https:\/\/kalinski.pl\/serwis\/wp-content\/uploads\/2019\/03\/cropped-logo_white.jpg","contentUrl":"https:\/\/kalinski.pl\/serwis\/wp-content\/uploads\/2019\/03\/cropped-logo_white.jpg","width":240,"height":63,"caption":"Kali\u0144ski"},"image":{"@id":"https:\/\/kalinski.pl\/serwis\/#\/schema\/logo\/image\/"}}]}},"_links":{"self":[{"href":"https:\/\/kalinski.pl\/serwis\/wp-json\/wp\/v2\/pages\/3510","targetHints":{"allow":["GET"]}}],"collection":[{"href":"https:\/\/kalinski.pl\/serwis\/wp-json\/wp\/v2\/pages"}],"about":[{"href":"https:\/\/kalinski.pl\/serwis\/wp-json\/wp\/v2\/types\/page"}],"author":[{"embeddable":true,"href":"https:\/\/kalinski.pl\/serwis\/wp-json\/wp\/v2\/users\/821795"}],"replies":[{"embeddable":true,"href":"https:\/\/kalinski.pl\/serwis\/wp-json\/wp\/v2\/comments?post=3510"}],"version-history":[{"count":0,"href":"https:\/\/kalinski.pl\/serwis\/wp-json\/wp\/v2\/pages\/3510\/revisions"}],"wp:attachment":[{"href":"https:\/\/kalinski.pl\/serwis\/wp-json\/wp\/v2\/media?parent=3510"}],"curies":[{"name":"wp","href":"https:\/\/api.w.org\/{rel}","templated":true}]}}