{"id":3508,"date":"2021-06-21T09:15:40","date_gmt":"2021-06-21T07:15:40","guid":{"rendered":"https:\/\/kalinski.pl\/?page_id=3508"},"modified":"2021-06-21T09:15:40","modified_gmt":"2021-06-21T07:15:40","slug":"blad-p2002-hyundai-niska-wydajnosc-filtra-dpf","status":"publish","type":"page","link":"https:\/\/kalinski.pl\/serwis\/blad-p2002-hyundai-niska-wydajnosc-filtra-dpf\/","title":{"rendered":"B\u0142\u0105d p2002 Hyundai \u2013 niska wydajno\u015b\u0107 filtra DPF"},"content":{"rendered":"\r\n<figure class=\"wp-block-image size-large\"><img fetchpriority=\"high\" decoding=\"async\" width=\"1110\" height=\"303\" class=\"wp-image-1568\" src=\"https:\/\/kalinski.pl\/wp-content\/uploads\/Filtry_Kalinski-1-1110x303.png\" alt=\"\" \/><\/figure>\r\n\r\n\r\n<p align=\"justify\">\u00a0<\/p>\r\n<p align=\"justify\">Komputery samochodowe rejestruj\u0105 wszystkie wychwytywane b\u0142\u0119dy w formie specjalnych kod\u00f3w. Aby m\u00f3c je p\u00f3\u017aniej odczyta\u0107, nale\u017cy podpi\u0105\u0107 komputer i sprawdzi\u0107 oznaczenie danego komunikatu. Je\u017celi kierowca samochodu marki Hyundai odczyta b\u0142\u0105d oznaczony symbolem p2002, powinien skierowa\u0107 swoj\u0105 uwag\u0119 na filtr cz\u0105stek sta\u0142ych.<\/p>\r\n<p align=\"justify\">Dlaczego? Poniewa\u017c <strong>b\u0142\u0105d p2002 Hyundai<\/strong> sygnalizuje zbyt nisk\u0105 wydajno\u015b\u0107 filtra DPF. Taka awaria mo\u017ce wynika\u0107 z faktu, \u017ce we wn\u0119trzu filtra zacz\u0119\u0142y odk\u0142ada\u0107 si\u0119 drobinki sadzy i resztki spalanego paliwa. Przez to w uk\u0142adzie wydechowym nast\u0105pi\u0142 wzrost ci\u015bnienia spalin, a w konsekwencji filtr DPF utraci\u0142 cz\u0119\u015b\u0107 swojej przepustowo\u015bci.<\/p>\r\n<p align=\"justify\">Co prawda, kierowca mo\u017ce po prostu wymieni\u0107 zapchany filtr, ale nie jest to zbyt ekonomiczne rozwi\u0105zanie. Du\u017co praktyczniejsza okazuje si\u0119 regeneracja DPF, kt\u00f3ra polega na usuni\u0119ciu zabrudze\u0144 lub wymianie zapchanego wk\u0142adu. Dzi\u0119ki temu filtr odzyskuje swoje w\u0142a\u015bciwo\u015bci i mo\u017ce zosta\u0107 ponownie u\u017cyty.<\/p>\r\n<p align=\"justify\">Firma Kali\u0144ski \u015bwiadczy profesjonalne us\u0142ugi w zakresie regeneracji filtr\u00f3w DPF. Oferujemy Pa\u0144stwu mo\u017cliwo\u015b\u0107 zregenerowania egzemplarzy stosowanych w autach osobowych oraz ci\u0119\u017carowych. Zapraszamy do kontaktu.<\/p>\r\n<p style=\"text-align: center;\" align=\"justify\"><a href=\"https:\/\/kalinski.pl\/sklep\/pl\/allegro-inne\/37689-regeneracja-filtrow-czastek-stalych-dpf-fap-gpf-do-pojazdow-osobowych.html?search_query=regeneracja&amp;results=9\">Sprawd\u017a ofert\u0119 regeneracji pojazd\u00f3w osobowych w naszym sklepie<\/a>\u00a0<\/p>\r\n\r\n\r\n<p>\r\n<\/p>\r\n\t\t<div data-elementor-type=\"wp-post\" data-elementor-id=\"3002\" class=\"elementor elementor-3002\">\n\t\t\t\t\t\t<section class=\"elementor-section elementor-top-section elementor-element elementor-element-cefde73 elementor-section-boxed elementor-section-height-default elementor-section-height-default\" data-id=\"cefde73\" data-element_type=\"section\">\n\t\t\t\t\t\t<div class=\"elementor-container elementor-column-gap-default\">\n\t\t\t\t\t<div class=\"elementor-column elementor-col-100 elementor-top-column elementor-element elementor-element-970e36a\" data-id=\"970e36a\" data-element_type=\"column\">\n\t\t\t<div class=\"elementor-widget-wrap elementor-element-populated\">\n\t\t\t\t\t\t<div class=\"elementor-element elementor-element-6c30b54 elementor-widget elementor-widget-heading\" data-id=\"6c30b54\" data-element_type=\"widget\" data-widget_type=\"heading.default\">\n\t\t\t\t<div class=\"elementor-widget-container\">\n\t\t\t\t\t<h2 class=\"elementor-heading-title elementor-size-default\">Jeste\u015bmy do Twojej dyspozycji<\/h2>\t\t\t\t<\/div>\n\t\t\t\t<\/div>\n\t\t\t\t\t<\/div>\n\t\t<\/div>\n\t\t\t\t\t<\/div>\n\t\t<\/section>\n\t\t\t\t<section class=\"elementor-section elementor-top-section elementor-element elementor-element-f0f0ab2 elementor-section-boxed elementor-section-height-default elementor-section-height-default\" data-id=\"f0f0ab2\" data-element_type=\"section\">\n\t\t\t\t\t\t<div class=\"elementor-container elementor-column-gap-default\">\n\t\t\t\t\t<div class=\"elementor-column elementor-col-50 elementor-top-column elementor-element elementor-element-df75edc\" data-id=\"df75edc\" data-element_type=\"column\">\n\t\t\t<div class=\"elementor-widget-wrap elementor-element-populated\">\n\t\t\t\t\t\t<div class=\"elementor-element elementor-element-5d3129f elementor-position-left elementor-vertical-align-top elementor-widget elementor-widget-image-box\" data-id=\"5d3129f\" data-element_type=\"widget\" data-widget_type=\"image-box.default\">\n\t\t\t\t<div class=\"elementor-widget-container\">\n\t\t\t\t\t<div class=\"elementor-image-box-wrapper\"><figure class=\"elementor-image-box-img\"><img decoding=\"async\" width=\"135\" height=\"141\" src=\"https:\/\/kalinski.pl\/serwis\/wp-content\/uploads\/smateusz.jpg\" class=\"attachment-full size-full wp-image-3005\" alt=\"smateusz\" \/><\/figure><div class=\"elementor-image-box-content\"><h3 class=\"elementor-image-box-title\">Mateusz<\/h3><p class=\"elementor-image-box-description\">Pojazdy osobowe, dostawcze<\/p><\/div><\/div>\t\t\t\t<\/div>\n\t\t\t\t<\/div>\n\t\t\t\t<div class=\"elementor-element elementor-element-ccda357 elementor-widget elementor-widget-text-editor\" data-id=\"ccda357\" data-element_type=\"widget\" data-widget_type=\"text-editor.default\">\n\t\t\t\t<div class=\"elementor-widget-container\">\n\t\t\t\t\t\t\t\t\t<p><a href=\"tel:0048618142777\">+48 61 814 27 77 \/ wew 101<\/a><\/p>\n<p>biuro@kalinski.pl<\/p>\t\t\t\t\t\t\t\t<\/div>\n\t\t\t\t<\/div>\n\t\t\t\t\t<\/div>\n\t\t<\/div>\n\t\t\t\t<div class=\"elementor-column elementor-col-50 elementor-top-column elementor-element elementor-element-6025541\" data-id=\"6025541\" data-element_type=\"column\">\n\t\t\t<div class=\"elementor-widget-wrap elementor-element-populated\">\n\t\t\t\t\t\t<div class=\"elementor-element elementor-element-b645a1a elementor-position-left elementor-vertical-align-top elementor-widget elementor-widget-image-box\" data-id=\"b645a1a\" data-element_type=\"widget\" data-widget_type=\"image-box.default\">\n\t\t\t\t<div class=\"elementor-widget-container\">\n\t\t\t\t\t<div class=\"elementor-image-box-wrapper\"><figure class=\"elementor-image-box-img\"><img decoding=\"async\" width=\"135\" height=\"141\" src=\"https:\/\/kalinski.pl\/serwis\/wp-content\/uploads\/sadam.jpg\" class=\"attachment-full size-full wp-image-3004\" alt=\"sadam\" \/><\/figure><div class=\"elementor-image-box-content\"><h3 class=\"elementor-image-box-title\">Adam<\/h3><p class=\"elementor-image-box-description\">Samochody ci\u0119\u017carowe<\/p><\/div><\/div>\t\t\t\t<\/div>\n\t\t\t\t<\/div>\n\t\t\t\t<div class=\"elementor-element elementor-element-7fa9a86 elementor-widget elementor-widget-text-editor\" data-id=\"7fa9a86\" data-element_type=\"widget\" data-widget_type=\"text-editor.default\">\n\t\t\t\t<div class=\"elementor-widget-container\">\n\t\t\t\t\t\t\t\t\t<p><a href=\"tel:0048618142777\">+48 61 814 27 77 \/ wew 102<\/a><\/p>\n<p>ciezarowe@kalinski.pl<\/p>\t\t\t\t\t\t\t\t<\/div>\n\t\t\t\t<\/div>\n\t\t\t\t\t<\/div>\n\t\t<\/div>\n\t\t\t\t\t<\/div>\n\t\t<\/section>\n\t\t\t\t<\/div>\n\t\t\r\n<!-- \/wp:html -->\r\n<!-- wp:tadv\/classic-paragraph \/-->\r\n<p>S\u0142owa kluczowe: regeneracja katalizator\u00f3w, regeneracja DPF, serwis DPF, GPF, FAP, DPF, serwis katalizator\u00f3w, serwis DPF, Pozna\u0144, uk\u0142ady wydechowe, b\u0142\u0105d p2002 Hyundai, zapchany DPF,\u00a0<\/p>","protected":false},"excerpt":{"rendered":"<p>\u00a0 Komputery samochodowe rejestruj\u0105 wszystkie wychwytywane b\u0142\u0119dy w formie specjalnych kod\u00f3w. Aby m\u00f3c je p\u00f3\u017aniej odczyta\u0107, nale\u017cy podpi\u0105\u0107 komputer i sprawdzi\u0107 oznaczenie danego komunikatu. Je\u017celi kierowca samochodu marki Hyundai odczyta b\u0142\u0105d oznaczony symbolem p2002, powinien skierowa\u0107 swoj\u0105 uwag\u0119 na filtr cz\u0105stek sta\u0142ych. Dlaczego? Poniewa\u017c b\u0142\u0105d p2002 Hyundai sygnalizuje zbyt nisk\u0105 wydajno\u015b\u0107 filtra DPF. Taka awaria &hellip; <a href=\"https:\/\/kalinski.pl\/serwis\/blad-p2002-hyundai-niska-wydajnosc-filtra-dpf\/\" class=\"more-link\">Czytaj dalej<span class=\"screen-reader-text\"> B\u0142\u0105d p2002 Hyundai \u2013 niska wydajno\u015b\u0107 filtra DPF<\/span><\/a><\/p>\n","protected":false},"author":821795,"featured_media":0,"parent":0,"menu_order":0,"comment_status":"closed","ping_status":"closed","template":"","meta":{"footnotes":""},"class_list":["post-3508","page","type-page","status-publish","hentry"],"yoast_head":"<!-- This site is optimized with the Yoast SEO plugin v26.7 - https:\/\/yoast.com\/wordpress\/plugins\/seo\/ -->\n<title>B\u0142\u0105d p2002 Hyundai \u2013 niska wydajno\u015b\u0107 filtra DPF | Kali\u0144ski<\/title>\n<meta name=\"description\" content=\"B\u0142\u0105d p2002 Hyundai zazwyczaj oznacza nisk\u0105 wydajno\u015b\u0107 filtra DPF, je\u015bli tylko zobaczymy \u015bwiec\u0105c\u0105 si\u0119 kontrolk\u0119 b\u0142\u0119du warto.\" \/>\n<meta name=\"robots\" content=\"index, follow, max-snippet:-1, max-image-preview:large, max-video-preview:-1\" \/>\n<link rel=\"canonical\" href=\"https:\/\/kalinski.pl\/serwis\/blad-p2002-hyundai-niska-wydajnosc-filtra-dpf\/\" \/>\n<meta property=\"og:locale\" content=\"pl_PL\" \/>\n<meta property=\"og:type\" content=\"article\" \/>\n<meta property=\"og:title\" content=\"B\u0142\u0105d p2002 Hyundai \u2013 niska wydajno\u015b\u0107 filtra DPF | Kali\u0144ski\" \/>\n<meta property=\"og:description\" content=\"B\u0142\u0105d p2002 Hyundai zazwyczaj oznacza nisk\u0105 wydajno\u015b\u0107 filtra DPF, je\u015bli tylko zobaczymy \u015bwiec\u0105c\u0105 si\u0119 kontrolk\u0119 b\u0142\u0119du warto.\" \/>\n<meta property=\"og:url\" content=\"https:\/\/kalinski.pl\/serwis\/blad-p2002-hyundai-niska-wydajnosc-filtra-dpf\/\" \/>\n<meta property=\"og:site_name\" content=\"Kali\u0144ski\" \/>\n<meta property=\"og:image\" content=\"https:\/\/kalinski.pl\/wp-content\/uploads\/Filtry_Kalinski-1-1110x303.png\" \/>\n<meta name=\"twitter:card\" content=\"summary_large_image\" \/>\n<meta name=\"twitter:label1\" content=\"Szacowany czas czytania\" \/>\n\t<meta name=\"twitter:data1\" content=\"2 minuty\" \/>\n<script type=\"application\/ld+json\" class=\"yoast-schema-graph\">{\"@context\":\"https:\/\/schema.org\",\"@graph\":[{\"@type\":\"WebPage\",\"@id\":\"https:\/\/kalinski.pl\/serwis\/blad-p2002-hyundai-niska-wydajnosc-filtra-dpf\/\",\"url\":\"https:\/\/kalinski.pl\/serwis\/blad-p2002-hyundai-niska-wydajnosc-filtra-dpf\/\",\"name\":\"B\u0142\u0105d p2002 Hyundai \u2013 niska wydajno\u015b\u0107 filtra DPF | Kali\u0144ski\",\"isPartOf\":{\"@id\":\"https:\/\/kalinski.pl\/serwis\/#website\"},\"primaryImageOfPage\":{\"@id\":\"https:\/\/kalinski.pl\/serwis\/blad-p2002-hyundai-niska-wydajnosc-filtra-dpf\/#primaryimage\"},\"image\":{\"@id\":\"https:\/\/kalinski.pl\/serwis\/blad-p2002-hyundai-niska-wydajnosc-filtra-dpf\/#primaryimage\"},\"thumbnailUrl\":\"https:\/\/kalinski.pl\/wp-content\/uploads\/Filtry_Kalinski-1-1110x303.png\",\"datePublished\":\"2021-06-21T07:15:40+00:00\",\"description\":\"B\u0142\u0105d p2002 Hyundai zazwyczaj oznacza nisk\u0105 wydajno\u015b\u0107 filtra DPF, je\u015bli tylko zobaczymy \u015bwiec\u0105c\u0105 si\u0119 kontrolk\u0119 b\u0142\u0119du warto.\",\"breadcrumb\":{\"@id\":\"https:\/\/kalinski.pl\/serwis\/blad-p2002-hyundai-niska-wydajnosc-filtra-dpf\/#breadcrumb\"},\"inLanguage\":\"pl-PL\",\"potentialAction\":[{\"@type\":\"ReadAction\",\"target\":[\"https:\/\/kalinski.pl\/serwis\/blad-p2002-hyundai-niska-wydajnosc-filtra-dpf\/\"]}]},{\"@type\":\"ImageObject\",\"inLanguage\":\"pl-PL\",\"@id\":\"https:\/\/kalinski.pl\/serwis\/blad-p2002-hyundai-niska-wydajnosc-filtra-dpf\/#primaryimage\",\"url\":\"https:\/\/kalinski.pl\/wp-content\/uploads\/Filtry_Kalinski-1-1110x303.png\",\"contentUrl\":\"https:\/\/kalinski.pl\/wp-content\/uploads\/Filtry_Kalinski-1-1110x303.png\"},{\"@type\":\"BreadcrumbList\",\"@id\":\"https:\/\/kalinski.pl\/serwis\/blad-p2002-hyundai-niska-wydajnosc-filtra-dpf\/#breadcrumb\",\"itemListElement\":[{\"@type\":\"ListItem\",\"position\":1,\"name\":\"Strona g\u0142\u00f3wna\",\"item\":\"https:\/\/kalinski.pl\/serwis\/\"},{\"@type\":\"ListItem\",\"position\":2,\"name\":\"B\u0142\u0105d p2002 Hyundai \u2013 niska wydajno\u015b\u0107 filtra DPF\"}]},{\"@type\":\"WebSite\",\"@id\":\"https:\/\/kalinski.pl\/serwis\/#website\",\"url\":\"https:\/\/kalinski.pl\/serwis\/\",\"name\":\"Kali\u0144ski\",\"description\":\"Uk\u0142ady wydechowe\",\"publisher\":{\"@id\":\"https:\/\/kalinski.pl\/serwis\/#organization\"},\"potentialAction\":[{\"@type\":\"SearchAction\",\"target\":{\"@type\":\"EntryPoint\",\"urlTemplate\":\"https:\/\/kalinski.pl\/serwis\/?s={search_term_string}\"},\"query-input\":{\"@type\":\"PropertyValueSpecification\",\"valueRequired\":true,\"valueName\":\"search_term_string\"}}],\"inLanguage\":\"pl-PL\"},{\"@type\":\"Organization\",\"@id\":\"https:\/\/kalinski.pl\/serwis\/#organization\",\"name\":\"Kali\u0144ski\",\"url\":\"https:\/\/kalinski.pl\/serwis\/\",\"logo\":{\"@type\":\"ImageObject\",\"inLanguage\":\"pl-PL\",\"@id\":\"https:\/\/kalinski.pl\/serwis\/#\/schema\/logo\/image\/\",\"url\":\"https:\/\/kalinski.pl\/serwis\/wp-content\/uploads\/2019\/03\/cropped-logo_white.jpg\",\"contentUrl\":\"https:\/\/kalinski.pl\/serwis\/wp-content\/uploads\/2019\/03\/cropped-logo_white.jpg\",\"width\":240,\"height\":63,\"caption\":\"Kali\u0144ski\"},\"image\":{\"@id\":\"https:\/\/kalinski.pl\/serwis\/#\/schema\/logo\/image\/\"}}]}<\/script>\n<!-- \/ Yoast SEO plugin. -->","yoast_head_json":{"title":"B\u0142\u0105d p2002 Hyundai \u2013 niska wydajno\u015b\u0107 filtra DPF | Kali\u0144ski","description":"B\u0142\u0105d p2002 Hyundai zazwyczaj oznacza nisk\u0105 wydajno\u015b\u0107 filtra DPF, je\u015bli tylko zobaczymy \u015bwiec\u0105c\u0105 si\u0119 kontrolk\u0119 b\u0142\u0119du warto.","robots":{"index":"index","follow":"follow","max-snippet":"max-snippet:-1","max-image-preview":"max-image-preview:large","max-video-preview":"max-video-preview:-1"},"canonical":"https:\/\/kalinski.pl\/serwis\/blad-p2002-hyundai-niska-wydajnosc-filtra-dpf\/","og_locale":"pl_PL","og_type":"article","og_title":"B\u0142\u0105d p2002 Hyundai \u2013 niska wydajno\u015b\u0107 filtra DPF | Kali\u0144ski","og_description":"B\u0142\u0105d p2002 Hyundai zazwyczaj oznacza nisk\u0105 wydajno\u015b\u0107 filtra DPF, je\u015bli tylko zobaczymy \u015bwiec\u0105c\u0105 si\u0119 kontrolk\u0119 b\u0142\u0119du warto.","og_url":"https:\/\/kalinski.pl\/serwis\/blad-p2002-hyundai-niska-wydajnosc-filtra-dpf\/","og_site_name":"Kali\u0144ski","og_image":[{"url":"https:\/\/kalinski.pl\/wp-content\/uploads\/Filtry_Kalinski-1-1110x303.png","type":"","width":"","height":""}],"twitter_card":"summary_large_image","twitter_misc":{"Szacowany czas czytania":"2 minuty"},"schema":{"@context":"https:\/\/schema.org","@graph":[{"@type":"WebPage","@id":"https:\/\/kalinski.pl\/serwis\/blad-p2002-hyundai-niska-wydajnosc-filtra-dpf\/","url":"https:\/\/kalinski.pl\/serwis\/blad-p2002-hyundai-niska-wydajnosc-filtra-dpf\/","name":"B\u0142\u0105d p2002 Hyundai \u2013 niska wydajno\u015b\u0107 filtra DPF | Kali\u0144ski","isPartOf":{"@id":"https:\/\/kalinski.pl\/serwis\/#website"},"primaryImageOfPage":{"@id":"https:\/\/kalinski.pl\/serwis\/blad-p2002-hyundai-niska-wydajnosc-filtra-dpf\/#primaryimage"},"image":{"@id":"https:\/\/kalinski.pl\/serwis\/blad-p2002-hyundai-niska-wydajnosc-filtra-dpf\/#primaryimage"},"thumbnailUrl":"https:\/\/kalinski.pl\/wp-content\/uploads\/Filtry_Kalinski-1-1110x303.png","datePublished":"2021-06-21T07:15:40+00:00","description":"B\u0142\u0105d p2002 Hyundai zazwyczaj oznacza nisk\u0105 wydajno\u015b\u0107 filtra DPF, je\u015bli tylko zobaczymy \u015bwiec\u0105c\u0105 si\u0119 kontrolk\u0119 b\u0142\u0119du warto.","breadcrumb":{"@id":"https:\/\/kalinski.pl\/serwis\/blad-p2002-hyundai-niska-wydajnosc-filtra-dpf\/#breadcrumb"},"inLanguage":"pl-PL","potentialAction":[{"@type":"ReadAction","target":["https:\/\/kalinski.pl\/serwis\/blad-p2002-hyundai-niska-wydajnosc-filtra-dpf\/"]}]},{"@type":"ImageObject","inLanguage":"pl-PL","@id":"https:\/\/kalinski.pl\/serwis\/blad-p2002-hyundai-niska-wydajnosc-filtra-dpf\/#primaryimage","url":"https:\/\/kalinski.pl\/wp-content\/uploads\/Filtry_Kalinski-1-1110x303.png","contentUrl":"https:\/\/kalinski.pl\/wp-content\/uploads\/Filtry_Kalinski-1-1110x303.png"},{"@type":"BreadcrumbList","@id":"https:\/\/kalinski.pl\/serwis\/blad-p2002-hyundai-niska-wydajnosc-filtra-dpf\/#breadcrumb","itemListElement":[{"@type":"ListItem","position":1,"name":"Strona g\u0142\u00f3wna","item":"https:\/\/kalinski.pl\/serwis\/"},{"@type":"ListItem","position":2,"name":"B\u0142\u0105d p2002 Hyundai \u2013 niska wydajno\u015b\u0107 filtra DPF"}]},{"@type":"WebSite","@id":"https:\/\/kalinski.pl\/serwis\/#website","url":"https:\/\/kalinski.pl\/serwis\/","name":"Kali\u0144ski","description":"Uk\u0142ady wydechowe","publisher":{"@id":"https:\/\/kalinski.pl\/serwis\/#organization"},"potentialAction":[{"@type":"SearchAction","target":{"@type":"EntryPoint","urlTemplate":"https:\/\/kalinski.pl\/serwis\/?s={search_term_string}"},"query-input":{"@type":"PropertyValueSpecification","valueRequired":true,"valueName":"search_term_string"}}],"inLanguage":"pl-PL"},{"@type":"Organization","@id":"https:\/\/kalinski.pl\/serwis\/#organization","name":"Kali\u0144ski","url":"https:\/\/kalinski.pl\/serwis\/","logo":{"@type":"ImageObject","inLanguage":"pl-PL","@id":"https:\/\/kalinski.pl\/serwis\/#\/schema\/logo\/image\/","url":"https:\/\/kalinski.pl\/serwis\/wp-content\/uploads\/2019\/03\/cropped-logo_white.jpg","contentUrl":"https:\/\/kalinski.pl\/serwis\/wp-content\/uploads\/2019\/03\/cropped-logo_white.jpg","width":240,"height":63,"caption":"Kali\u0144ski"},"image":{"@id":"https:\/\/kalinski.pl\/serwis\/#\/schema\/logo\/image\/"}}]}},"_links":{"self":[{"href":"https:\/\/kalinski.pl\/serwis\/wp-json\/wp\/v2\/pages\/3508","targetHints":{"allow":["GET"]}}],"collection":[{"href":"https:\/\/kalinski.pl\/serwis\/wp-json\/wp\/v2\/pages"}],"about":[{"href":"https:\/\/kalinski.pl\/serwis\/wp-json\/wp\/v2\/types\/page"}],"author":[{"embeddable":true,"href":"https:\/\/kalinski.pl\/serwis\/wp-json\/wp\/v2\/users\/821795"}],"replies":[{"embeddable":true,"href":"https:\/\/kalinski.pl\/serwis\/wp-json\/wp\/v2\/comments?post=3508"}],"version-history":[{"count":0,"href":"https:\/\/kalinski.pl\/serwis\/wp-json\/wp\/v2\/pages\/3508\/revisions"}],"wp:attachment":[{"href":"https:\/\/kalinski.pl\/serwis\/wp-json\/wp\/v2\/media?parent=3508"}],"curies":[{"name":"wp","href":"https:\/\/api.w.org\/{rel}","templated":true}]}}