{"id":3498,"date":"2021-06-18T12:18:14","date_gmt":"2021-06-18T10:18:14","guid":{"rendered":"https:\/\/kalinski.pl\/?page_id=3498"},"modified":"2021-06-18T12:18:14","modified_gmt":"2021-06-18T10:18:14","slug":"blad-p2002-ford-uszkodzony-filtr-czastek-stalych","status":"publish","type":"page","link":"https:\/\/kalinski.pl\/serwis\/blad-p2002-ford-uszkodzony-filtr-czastek-stalych\/","title":{"rendered":"B\u0142\u0105d p2002 Ford \u2013 uszkodzony filtr cz\u0105stek sta\u0142ych"},"content":{"rendered":"\r\n<figure class=\"wp-block-image size-large\"><img fetchpriority=\"high\" decoding=\"async\" width=\"1110\" height=\"303\" class=\"wp-image-1568\" src=\"https:\/\/kalinski.pl\/wp-content\/uploads\/Filtry_Kalinski-1-1110x303.png\" alt=\"\" \/><\/figure>\r\n\r\n\r\n<p align=\"justify\">\u00a0<\/p>\r\n<p align=\"justify\">We wsp\u00f3\u0142czesnej motoryzacji systemy komputerowe sta\u0142y si\u0119 powszechnie wykorzystywan\u0105 technologi\u0105. Ich zadanie polega na wykrywaniu ewentualnych usterek oraz informowaniu o nich. Co istotne, ka\u017cda awaria posiada specjalnie przypisany kod, kt\u00f3ry umo\u017cliwia szybk\u0105 identyfikacj\u0119 powsta\u0142ego problemu. Jednym z takich oznacze\u0144 jest <strong>b\u0142\u0105d p2002 Ford. <\/strong><\/p>\r\n<p align=\"justify\">Kiedy pojawia si\u0119 taki komunikat? <strong>B\u0142\u0105d p2002 Ford<\/strong> oznacza spadek przepustowo\u015bci w filtrze cz\u0105stek sta\u0142ych (DPF). Cho\u0107 taka usterka mo\u017ce mie\u0107 r\u00f3\u017cne przyczyny, zazwyczaj winowajc\u0105 okazuj\u0105 si\u0119 cz\u0105steczki sadzy i popio\u0142u. Takie drobiny odk\u0142adaj\u0105 si\u0119 wewn\u0105trz filtra, co w konsekwencji prowadzi do wzrostu ci\u015bnienia spalin. Je\u017celi cz\u0105steczki sadzy nie zostan\u0105 usuni\u0119te, filtr DPF ulegnie ca\u0142kowitemu zapchaniu. Aby unikn\u0105\u0107 takiej sytuacji, nale\u017cy od razu zareagowa\u0107. <strong>B\u0142\u0105d p2002 Ford<\/strong> jest przes\u0142ank\u0105 do wykonania testu przepustowo\u015bci filtra. Je\u015bli wynik takiej pr\u00f3by oka\u017ce si\u0119 negatywny, jedynym rozwi\u0105zaniem b\u0119dzie regeneracja DPF. Ten proces polega na usuni\u0119ciu zanieczyszcze\u0144 zgromadzonych we wn\u0119trzu filtra, dzi\u0119ki czemu odzyskuje on dawn\u0105 przepustowo\u015b\u0107. Firma Kali\u0144ski specjalizuje si\u0119 w regenerowaniu zapchanych filtr\u00f3w DPF oraz katalizator\u00f3w. Dlatego serdecznie zach\u0119camy do skorzystania z naszej oferty.<\/p>\r\n<p style=\"text-align: center;\" align=\"justify\"><a href=\"https:\/\/kalinski.pl\/sklep\/pl\/allegro-inne\/37689-regeneracja-filtrow-czastek-stalych-dpf-fap-gpf-do-pojazdow-osobowych.html?search_query=regeneracja&amp;results=9\">Sprawd\u017a ofert\u0119 regeneracji pojazd\u00f3w osobowych w naszym sklepie<\/a>\u00a0<\/p>\r\n\r\n\r\n<p>\r\n<\/p>\r\n\t\t<div data-elementor-type=\"wp-post\" data-elementor-id=\"3002\" class=\"elementor elementor-3002\">\n\t\t\t\t\t\t<section class=\"elementor-section elementor-top-section elementor-element elementor-element-cefde73 elementor-section-boxed elementor-section-height-default elementor-section-height-default\" data-id=\"cefde73\" data-element_type=\"section\">\n\t\t\t\t\t\t<div class=\"elementor-container elementor-column-gap-default\">\n\t\t\t\t\t<div class=\"elementor-column elementor-col-100 elementor-top-column elementor-element elementor-element-970e36a\" data-id=\"970e36a\" data-element_type=\"column\">\n\t\t\t<div class=\"elementor-widget-wrap elementor-element-populated\">\n\t\t\t\t\t\t<div class=\"elementor-element elementor-element-6c30b54 elementor-widget elementor-widget-heading\" data-id=\"6c30b54\" data-element_type=\"widget\" data-widget_type=\"heading.default\">\n\t\t\t\t<div class=\"elementor-widget-container\">\n\t\t\t\t\t<h2 class=\"elementor-heading-title elementor-size-default\">Jeste\u015bmy do Twojej dyspozycji<\/h2>\t\t\t\t<\/div>\n\t\t\t\t<\/div>\n\t\t\t\t\t<\/div>\n\t\t<\/div>\n\t\t\t\t\t<\/div>\n\t\t<\/section>\n\t\t\t\t<section class=\"elementor-section elementor-top-section elementor-element elementor-element-f0f0ab2 elementor-section-boxed elementor-section-height-default elementor-section-height-default\" data-id=\"f0f0ab2\" data-element_type=\"section\">\n\t\t\t\t\t\t<div class=\"elementor-container elementor-column-gap-default\">\n\t\t\t\t\t<div class=\"elementor-column elementor-col-50 elementor-top-column elementor-element elementor-element-df75edc\" data-id=\"df75edc\" data-element_type=\"column\">\n\t\t\t<div class=\"elementor-widget-wrap elementor-element-populated\">\n\t\t\t\t\t\t<div class=\"elementor-element elementor-element-5d3129f elementor-position-left elementor-vertical-align-top elementor-widget elementor-widget-image-box\" data-id=\"5d3129f\" data-element_type=\"widget\" data-widget_type=\"image-box.default\">\n\t\t\t\t<div class=\"elementor-widget-container\">\n\t\t\t\t\t<div class=\"elementor-image-box-wrapper\"><figure class=\"elementor-image-box-img\"><img decoding=\"async\" width=\"135\" height=\"141\" src=\"https:\/\/kalinski.pl\/serwis\/wp-content\/uploads\/smateusz.jpg\" class=\"attachment-full size-full wp-image-3005\" alt=\"smateusz\" \/><\/figure><div class=\"elementor-image-box-content\"><h3 class=\"elementor-image-box-title\">Mateusz<\/h3><p class=\"elementor-image-box-description\">Pojazdy osobowe, dostawcze<\/p><\/div><\/div>\t\t\t\t<\/div>\n\t\t\t\t<\/div>\n\t\t\t\t<div class=\"elementor-element elementor-element-ccda357 elementor-widget elementor-widget-text-editor\" data-id=\"ccda357\" data-element_type=\"widget\" data-widget_type=\"text-editor.default\">\n\t\t\t\t<div class=\"elementor-widget-container\">\n\t\t\t\t\t\t\t\t\t<p><a href=\"tel:0048618142777\">+48 61 814 27 77 \/ wew 101<\/a><\/p>\n<p>biuro@kalinski.pl<\/p>\t\t\t\t\t\t\t\t<\/div>\n\t\t\t\t<\/div>\n\t\t\t\t\t<\/div>\n\t\t<\/div>\n\t\t\t\t<div class=\"elementor-column elementor-col-50 elementor-top-column elementor-element elementor-element-6025541\" data-id=\"6025541\" data-element_type=\"column\">\n\t\t\t<div class=\"elementor-widget-wrap elementor-element-populated\">\n\t\t\t\t\t\t<div class=\"elementor-element elementor-element-b645a1a elementor-position-left elementor-vertical-align-top elementor-widget elementor-widget-image-box\" data-id=\"b645a1a\" data-element_type=\"widget\" data-widget_type=\"image-box.default\">\n\t\t\t\t<div class=\"elementor-widget-container\">\n\t\t\t\t\t<div class=\"elementor-image-box-wrapper\"><figure class=\"elementor-image-box-img\"><img decoding=\"async\" width=\"135\" height=\"141\" src=\"https:\/\/kalinski.pl\/serwis\/wp-content\/uploads\/sadam.jpg\" class=\"attachment-full size-full wp-image-3004\" alt=\"sadam\" \/><\/figure><div class=\"elementor-image-box-content\"><h3 class=\"elementor-image-box-title\">Adam<\/h3><p class=\"elementor-image-box-description\">Samochody ci\u0119\u017carowe<\/p><\/div><\/div>\t\t\t\t<\/div>\n\t\t\t\t<\/div>\n\t\t\t\t<div class=\"elementor-element elementor-element-7fa9a86 elementor-widget elementor-widget-text-editor\" data-id=\"7fa9a86\" data-element_type=\"widget\" data-widget_type=\"text-editor.default\">\n\t\t\t\t<div class=\"elementor-widget-container\">\n\t\t\t\t\t\t\t\t\t<p><a href=\"tel:0048618142777\">+48 61 814 27 77 \/ wew 102<\/a><\/p>\n<p>ciezarowe@kalinski.pl<\/p>\t\t\t\t\t\t\t\t<\/div>\n\t\t\t\t<\/div>\n\t\t\t\t\t<\/div>\n\t\t<\/div>\n\t\t\t\t\t<\/div>\n\t\t<\/section>\n\t\t\t\t<\/div>\n\t\t\r\n<!-- \/wp:html -->\r\n<!-- wp:tadv\/classic-paragraph \/-->\r\n<p>S\u0142owa kluczowe: regeneracja katalizator\u00f3w, regeneracja DPF, serwis DPF, serwis katalizator\u00f3w, uk\u0142ady wydechowe, b\u0142\u0105d p2002 Ford, zapchany DPF<\/p>","protected":false},"excerpt":{"rendered":"<p>\u00a0 We wsp\u00f3\u0142czesnej motoryzacji systemy komputerowe sta\u0142y si\u0119 powszechnie wykorzystywan\u0105 technologi\u0105. Ich zadanie polega na wykrywaniu ewentualnych usterek oraz informowaniu o nich. Co istotne, ka\u017cda awaria posiada specjalnie przypisany kod, kt\u00f3ry umo\u017cliwia szybk\u0105 identyfikacj\u0119 powsta\u0142ego problemu. Jednym z takich oznacze\u0144 jest b\u0142\u0105d p2002 Ford. Kiedy pojawia si\u0119 taki komunikat? B\u0142\u0105d p2002 Ford oznacza spadek przepustowo\u015bci &hellip; <a href=\"https:\/\/kalinski.pl\/serwis\/blad-p2002-ford-uszkodzony-filtr-czastek-stalych\/\" class=\"more-link\">Czytaj dalej<span class=\"screen-reader-text\"> B\u0142\u0105d p2002 Ford \u2013 uszkodzony filtr cz\u0105stek sta\u0142ych<\/span><\/a><\/p>\n","protected":false},"author":821795,"featured_media":0,"parent":0,"menu_order":0,"comment_status":"closed","ping_status":"closed","template":"","meta":{"footnotes":""},"class_list":["post-3498","page","type-page","status-publish","hentry"],"yoast_head":"<!-- This site is optimized with the Yoast SEO plugin v26.7 - https:\/\/yoast.com\/wordpress\/plugins\/seo\/ -->\n<title>B\u0142\u0105d p2002 Ford \u2013 uszkodzony filtr cz\u0105stek sta\u0142ych | Kali\u0144ski<\/title>\n<meta name=\"description\" content=\"B\u0142\u0105d p2002 Ford prawdopodobnie na pewno oznacza uszkodzony filtr cz\u0105stek sta\u0142ych, jest przes\u0142ank\u0105 do wykonania testu przepustowo\u015bci filtra.\" \/>\n<meta name=\"robots\" content=\"index, follow, max-snippet:-1, max-image-preview:large, max-video-preview:-1\" \/>\n<link rel=\"canonical\" href=\"https:\/\/kalinski.pl\/serwis\/blad-p2002-ford-uszkodzony-filtr-czastek-stalych\/\" \/>\n<meta property=\"og:locale\" content=\"pl_PL\" \/>\n<meta property=\"og:type\" content=\"article\" \/>\n<meta property=\"og:title\" content=\"B\u0142\u0105d p2002 Ford \u2013 uszkodzony filtr cz\u0105stek sta\u0142ych | Kali\u0144ski\" \/>\n<meta property=\"og:description\" content=\"B\u0142\u0105d p2002 Ford prawdopodobnie na pewno oznacza uszkodzony filtr cz\u0105stek sta\u0142ych, jest przes\u0142ank\u0105 do wykonania testu przepustowo\u015bci filtra.\" \/>\n<meta property=\"og:url\" content=\"https:\/\/kalinski.pl\/serwis\/blad-p2002-ford-uszkodzony-filtr-czastek-stalych\/\" \/>\n<meta property=\"og:site_name\" content=\"Kali\u0144ski\" \/>\n<meta property=\"og:image\" content=\"https:\/\/kalinski.pl\/wp-content\/uploads\/Filtry_Kalinski-1-1110x303.png\" \/>\n<meta name=\"twitter:card\" content=\"summary_large_image\" \/>\n<meta name=\"twitter:label1\" content=\"Szacowany czas czytania\" \/>\n\t<meta name=\"twitter:data1\" content=\"2 minuty\" \/>\n<script type=\"application\/ld+json\" class=\"yoast-schema-graph\">{\"@context\":\"https:\/\/schema.org\",\"@graph\":[{\"@type\":\"WebPage\",\"@id\":\"https:\/\/kalinski.pl\/serwis\/blad-p2002-ford-uszkodzony-filtr-czastek-stalych\/\",\"url\":\"https:\/\/kalinski.pl\/serwis\/blad-p2002-ford-uszkodzony-filtr-czastek-stalych\/\",\"name\":\"B\u0142\u0105d p2002 Ford \u2013 uszkodzony filtr cz\u0105stek sta\u0142ych | Kali\u0144ski\",\"isPartOf\":{\"@id\":\"https:\/\/kalinski.pl\/serwis\/#website\"},\"primaryImageOfPage\":{\"@id\":\"https:\/\/kalinski.pl\/serwis\/blad-p2002-ford-uszkodzony-filtr-czastek-stalych\/#primaryimage\"},\"image\":{\"@id\":\"https:\/\/kalinski.pl\/serwis\/blad-p2002-ford-uszkodzony-filtr-czastek-stalych\/#primaryimage\"},\"thumbnailUrl\":\"https:\/\/kalinski.pl\/wp-content\/uploads\/Filtry_Kalinski-1-1110x303.png\",\"datePublished\":\"2021-06-18T10:18:14+00:00\",\"description\":\"B\u0142\u0105d p2002 Ford prawdopodobnie na pewno oznacza uszkodzony filtr cz\u0105stek sta\u0142ych, jest przes\u0142ank\u0105 do wykonania testu przepustowo\u015bci filtra.\",\"breadcrumb\":{\"@id\":\"https:\/\/kalinski.pl\/serwis\/blad-p2002-ford-uszkodzony-filtr-czastek-stalych\/#breadcrumb\"},\"inLanguage\":\"pl-PL\",\"potentialAction\":[{\"@type\":\"ReadAction\",\"target\":[\"https:\/\/kalinski.pl\/serwis\/blad-p2002-ford-uszkodzony-filtr-czastek-stalych\/\"]}]},{\"@type\":\"ImageObject\",\"inLanguage\":\"pl-PL\",\"@id\":\"https:\/\/kalinski.pl\/serwis\/blad-p2002-ford-uszkodzony-filtr-czastek-stalych\/#primaryimage\",\"url\":\"https:\/\/kalinski.pl\/wp-content\/uploads\/Filtry_Kalinski-1-1110x303.png\",\"contentUrl\":\"https:\/\/kalinski.pl\/wp-content\/uploads\/Filtry_Kalinski-1-1110x303.png\"},{\"@type\":\"BreadcrumbList\",\"@id\":\"https:\/\/kalinski.pl\/serwis\/blad-p2002-ford-uszkodzony-filtr-czastek-stalych\/#breadcrumb\",\"itemListElement\":[{\"@type\":\"ListItem\",\"position\":1,\"name\":\"Strona g\u0142\u00f3wna\",\"item\":\"https:\/\/kalinski.pl\/serwis\/\"},{\"@type\":\"ListItem\",\"position\":2,\"name\":\"B\u0142\u0105d p2002 Ford \u2013 uszkodzony filtr cz\u0105stek sta\u0142ych\"}]},{\"@type\":\"WebSite\",\"@id\":\"https:\/\/kalinski.pl\/serwis\/#website\",\"url\":\"https:\/\/kalinski.pl\/serwis\/\",\"name\":\"Kali\u0144ski\",\"description\":\"Uk\u0142ady wydechowe\",\"publisher\":{\"@id\":\"https:\/\/kalinski.pl\/serwis\/#organization\"},\"potentialAction\":[{\"@type\":\"SearchAction\",\"target\":{\"@type\":\"EntryPoint\",\"urlTemplate\":\"https:\/\/kalinski.pl\/serwis\/?s={search_term_string}\"},\"query-input\":{\"@type\":\"PropertyValueSpecification\",\"valueRequired\":true,\"valueName\":\"search_term_string\"}}],\"inLanguage\":\"pl-PL\"},{\"@type\":\"Organization\",\"@id\":\"https:\/\/kalinski.pl\/serwis\/#organization\",\"name\":\"Kali\u0144ski\",\"url\":\"https:\/\/kalinski.pl\/serwis\/\",\"logo\":{\"@type\":\"ImageObject\",\"inLanguage\":\"pl-PL\",\"@id\":\"https:\/\/kalinski.pl\/serwis\/#\/schema\/logo\/image\/\",\"url\":\"https:\/\/kalinski.pl\/serwis\/wp-content\/uploads\/2019\/03\/cropped-logo_white.jpg\",\"contentUrl\":\"https:\/\/kalinski.pl\/serwis\/wp-content\/uploads\/2019\/03\/cropped-logo_white.jpg\",\"width\":240,\"height\":63,\"caption\":\"Kali\u0144ski\"},\"image\":{\"@id\":\"https:\/\/kalinski.pl\/serwis\/#\/schema\/logo\/image\/\"}}]}<\/script>\n<!-- \/ Yoast SEO plugin. -->","yoast_head_json":{"title":"B\u0142\u0105d p2002 Ford \u2013 uszkodzony filtr cz\u0105stek sta\u0142ych | Kali\u0144ski","description":"B\u0142\u0105d p2002 Ford prawdopodobnie na pewno oznacza uszkodzony filtr cz\u0105stek sta\u0142ych, jest przes\u0142ank\u0105 do wykonania testu przepustowo\u015bci filtra.","robots":{"index":"index","follow":"follow","max-snippet":"max-snippet:-1","max-image-preview":"max-image-preview:large","max-video-preview":"max-video-preview:-1"},"canonical":"https:\/\/kalinski.pl\/serwis\/blad-p2002-ford-uszkodzony-filtr-czastek-stalych\/","og_locale":"pl_PL","og_type":"article","og_title":"B\u0142\u0105d p2002 Ford \u2013 uszkodzony filtr cz\u0105stek sta\u0142ych | Kali\u0144ski","og_description":"B\u0142\u0105d p2002 Ford prawdopodobnie na pewno oznacza uszkodzony filtr cz\u0105stek sta\u0142ych, jest przes\u0142ank\u0105 do wykonania testu przepustowo\u015bci filtra.","og_url":"https:\/\/kalinski.pl\/serwis\/blad-p2002-ford-uszkodzony-filtr-czastek-stalych\/","og_site_name":"Kali\u0144ski","og_image":[{"url":"https:\/\/kalinski.pl\/wp-content\/uploads\/Filtry_Kalinski-1-1110x303.png","type":"","width":"","height":""}],"twitter_card":"summary_large_image","twitter_misc":{"Szacowany czas czytania":"2 minuty"},"schema":{"@context":"https:\/\/schema.org","@graph":[{"@type":"WebPage","@id":"https:\/\/kalinski.pl\/serwis\/blad-p2002-ford-uszkodzony-filtr-czastek-stalych\/","url":"https:\/\/kalinski.pl\/serwis\/blad-p2002-ford-uszkodzony-filtr-czastek-stalych\/","name":"B\u0142\u0105d p2002 Ford \u2013 uszkodzony filtr cz\u0105stek sta\u0142ych | Kali\u0144ski","isPartOf":{"@id":"https:\/\/kalinski.pl\/serwis\/#website"},"primaryImageOfPage":{"@id":"https:\/\/kalinski.pl\/serwis\/blad-p2002-ford-uszkodzony-filtr-czastek-stalych\/#primaryimage"},"image":{"@id":"https:\/\/kalinski.pl\/serwis\/blad-p2002-ford-uszkodzony-filtr-czastek-stalych\/#primaryimage"},"thumbnailUrl":"https:\/\/kalinski.pl\/wp-content\/uploads\/Filtry_Kalinski-1-1110x303.png","datePublished":"2021-06-18T10:18:14+00:00","description":"B\u0142\u0105d p2002 Ford prawdopodobnie na pewno oznacza uszkodzony filtr cz\u0105stek sta\u0142ych, jest przes\u0142ank\u0105 do wykonania testu przepustowo\u015bci filtra.","breadcrumb":{"@id":"https:\/\/kalinski.pl\/serwis\/blad-p2002-ford-uszkodzony-filtr-czastek-stalych\/#breadcrumb"},"inLanguage":"pl-PL","potentialAction":[{"@type":"ReadAction","target":["https:\/\/kalinski.pl\/serwis\/blad-p2002-ford-uszkodzony-filtr-czastek-stalych\/"]}]},{"@type":"ImageObject","inLanguage":"pl-PL","@id":"https:\/\/kalinski.pl\/serwis\/blad-p2002-ford-uszkodzony-filtr-czastek-stalych\/#primaryimage","url":"https:\/\/kalinski.pl\/wp-content\/uploads\/Filtry_Kalinski-1-1110x303.png","contentUrl":"https:\/\/kalinski.pl\/wp-content\/uploads\/Filtry_Kalinski-1-1110x303.png"},{"@type":"BreadcrumbList","@id":"https:\/\/kalinski.pl\/serwis\/blad-p2002-ford-uszkodzony-filtr-czastek-stalych\/#breadcrumb","itemListElement":[{"@type":"ListItem","position":1,"name":"Strona g\u0142\u00f3wna","item":"https:\/\/kalinski.pl\/serwis\/"},{"@type":"ListItem","position":2,"name":"B\u0142\u0105d p2002 Ford \u2013 uszkodzony filtr cz\u0105stek sta\u0142ych"}]},{"@type":"WebSite","@id":"https:\/\/kalinski.pl\/serwis\/#website","url":"https:\/\/kalinski.pl\/serwis\/","name":"Kali\u0144ski","description":"Uk\u0142ady wydechowe","publisher":{"@id":"https:\/\/kalinski.pl\/serwis\/#organization"},"potentialAction":[{"@type":"SearchAction","target":{"@type":"EntryPoint","urlTemplate":"https:\/\/kalinski.pl\/serwis\/?s={search_term_string}"},"query-input":{"@type":"PropertyValueSpecification","valueRequired":true,"valueName":"search_term_string"}}],"inLanguage":"pl-PL"},{"@type":"Organization","@id":"https:\/\/kalinski.pl\/serwis\/#organization","name":"Kali\u0144ski","url":"https:\/\/kalinski.pl\/serwis\/","logo":{"@type":"ImageObject","inLanguage":"pl-PL","@id":"https:\/\/kalinski.pl\/serwis\/#\/schema\/logo\/image\/","url":"https:\/\/kalinski.pl\/serwis\/wp-content\/uploads\/2019\/03\/cropped-logo_white.jpg","contentUrl":"https:\/\/kalinski.pl\/serwis\/wp-content\/uploads\/2019\/03\/cropped-logo_white.jpg","width":240,"height":63,"caption":"Kali\u0144ski"},"image":{"@id":"https:\/\/kalinski.pl\/serwis\/#\/schema\/logo\/image\/"}}]}},"_links":{"self":[{"href":"https:\/\/kalinski.pl\/serwis\/wp-json\/wp\/v2\/pages\/3498","targetHints":{"allow":["GET"]}}],"collection":[{"href":"https:\/\/kalinski.pl\/serwis\/wp-json\/wp\/v2\/pages"}],"about":[{"href":"https:\/\/kalinski.pl\/serwis\/wp-json\/wp\/v2\/types\/page"}],"author":[{"embeddable":true,"href":"https:\/\/kalinski.pl\/serwis\/wp-json\/wp\/v2\/users\/821795"}],"replies":[{"embeddable":true,"href":"https:\/\/kalinski.pl\/serwis\/wp-json\/wp\/v2\/comments?post=3498"}],"version-history":[{"count":0,"href":"https:\/\/kalinski.pl\/serwis\/wp-json\/wp\/v2\/pages\/3498\/revisions"}],"wp:attachment":[{"href":"https:\/\/kalinski.pl\/serwis\/wp-json\/wp\/v2\/media?parent=3498"}],"curies":[{"name":"wp","href":"https:\/\/api.w.org\/{rel}","templated":true}]}}