{"id":3429,"date":"2021-06-01T12:26:14","date_gmt":"2021-06-01T10:26:14","guid":{"rendered":"https:\/\/kalinski.pl\/?page_id=3429"},"modified":"2021-06-01T12:26:14","modified_gmt":"2021-06-01T10:26:14","slug":"regeneracja-katalizatorow-i-filtrow-dpf-smart","status":"publish","type":"page","link":"https:\/\/kalinski.pl\/serwis\/regeneracja-katalizatorow-i-filtrow-dpf-smart\/","title":{"rendered":"Regeneracja katalizator\u00f3w i filtr\u00f3w DPF Smart"},"content":{"rendered":"\r\n<figure class=\"wp-block-image size-large\"><img fetchpriority=\"high\" decoding=\"async\" width=\"1110\" height=\"303\" class=\"wp-image-1568\" src=\"https:\/\/kalinski.pl\/wp-content\/uploads\/Filtry_Kalinski-1-1110x303.png\" alt=\"\" \/><\/figure>\r\n\r\n\r\n<p align=\"justify\">\u00a0<\/p>\r\n<p align=\"justify\">Dobrze wykonane naprawy samochod\u00f3w jak r\u00f3wnie\u017c terminowe wymiany p\u0142yn\u00f3w i przegl\u0105dy to jedne z wa\u017cniejszych kwestii wp\u0142ywaj\u0105cych na bezawaryjn\u0105 jazd\u0119. W przypadku takich element\u00f3w jak katalizator czy filtr DPF ich bezproblemowe dzia\u0142anie jest bardzo istotne dla prawid\u0142owego dzia\u0142ania ca\u0142ego pojazdu. Ze wzgl\u0119du na przepisy, kt\u00f3re uniemo\u017cliwiaj\u0105 usuwanie tych element\u00f3w z samochodu, jak r\u00f3wnie\u017c jak\u0105kolwiek ingerencj\u0119 w nie. <strong>Regeneracja katalizator\u00f3w Smart<\/strong> mo\u017ce by\u0107 dla wielu w\u0142a\u015bcicieli najlepszym sposobem na napraw\u0119 usterki. Przyczyn\u0105 problem\u00f3w z nimi zazwyczaj jest bowiem zapchanie wk\u0142adu, usytuowanego wewn\u0105trz podzespo\u0142u i tym samym nieodpowiedni obieg spalin. <strong>Naprawa katalizator\u00f3w Smart<\/strong> na pewno jest jednym z ta\u0144szych sposob\u00f3w na doprowadzenie katalizatora do odpowiedniego stanu ni\u017c wymiana go na nowy. Samo<strong> czyszczenie katalizatora Smart<\/strong> z pewno\u015bci\u0105 nie daje tak dobrych efekt\u00f3w jak wymiana wk\u0142adu i po pewnym czasie mo\u017ce ponownie powodowa\u0107 kolejne usterki. Tak samo <strong>regeneracja filtr\u00f3w DPF Smart<\/strong>, je\u015bli jest przeprowadzona w\u0142a\u015bciwie i zostanie dobrany odpowiedni wk\u0142ad do wymiany pozwala na uzyskanie bardzo dobrych parametr\u00f3w zregenerowanej cz\u0119\u015bci. <strong>Regeneracja filtr\u00f3w cz\u0105stek sta\u0142ych DPF Smart<\/strong> poprzez wymian\u0119 wn\u0119trza to koszt niepor\u00f3wnywalnie niski, je\u015bli wzi\u0105\u0107 pod uwag\u0119 koszt zakupu nowej cz\u0119\u015bci. Regeneracji filtr\u00f3w DPF dokonujemy r\u00f3wnie\u017c poprzez maszyn\u0119 Hartridge DPF 300. Zapotrzebowanie na tego typu us\u0142ugi powoduje, \u017ce z ka\u017cdym rokiem powstaje na rynku coraz wi\u0119cej firm, kt\u00f3re zajmuj\u0105 si\u0119 realizowaniem takich w\u0142a\u015bnie us\u0142ug profesjonalnie i przy zastosowaniu odpowiednich narz\u0119dzi i technologii.<\/p>\r\n<table style=\"border-collapse: collapse; width: 100%;\">\r\n<tbody>\r\n<tr>\r\n<td style=\"width: 33%;\"><a href=\"https:\/\/kalinski.pl\/sklep\/pl\/584-filtry-czastek-stalych-dpf-fap-seat\" target=\"_blank\" rel=\"noopener\"><img decoding=\"async\" width=\"800\" height=\"300\" class=\"alignnone size-full wp-image-3371\" src=\"https:\/\/kalinski.pl\/wp-content\/uploads\/800x300_1.jpg\" alt=\"\" \/><\/a><\/td>\r\n<td style=\"width: 33%;\"><a href=\"https:\/\/kalinski.pl\/sklep\/pl\/312-katalizatory-seat\" target=\"_blank\" rel=\"noopener\"><img decoding=\"async\" width=\"800\" height=\"300\" class=\"alignnone size-full wp-image-3370\" src=\"https:\/\/kalinski.pl\/wp-content\/uploads\/800x300_2.jpg\" alt=\"\" \/><\/a><\/td>\r\n<td style=\"width: 33%;\"><a href=\"https:\/\/kalinski.pl\/sklep\/pl\/allegro-inne\/37689-regeneracja-filtrow-czastek-stalych-dpf-fap-gpf-do-pojazdow-osobowych.html?search_query=regeneracja&amp;results=9\" target=\"_blank\" rel=\"noopener\"><img loading=\"lazy\" decoding=\"async\" class=\"alignnone size-full wp-image-3393\" src=\"https:\/\/kalinski.pl\/wp-content\/uploads\/Regeneracja_PZ.jpg\" alt=\"\" width=\"800\" height=\"300\" \/><\/a><\/td>\r\n<\/tr>\r\n<\/tbody>\r\n<\/table>\r\n\r\n\r\n<p>\r\n<\/p>\r\n\t\t<div data-elementor-type=\"wp-post\" data-elementor-id=\"3002\" class=\"elementor elementor-3002\">\n\t\t\t\t\t\t<section class=\"elementor-section elementor-top-section elementor-element elementor-element-cefde73 elementor-section-boxed elementor-section-height-default elementor-section-height-default\" data-id=\"cefde73\" data-element_type=\"section\">\n\t\t\t\t\t\t<div class=\"elementor-container elementor-column-gap-default\">\n\t\t\t\t\t<div class=\"elementor-column elementor-col-100 elementor-top-column elementor-element elementor-element-970e36a\" data-id=\"970e36a\" data-element_type=\"column\">\n\t\t\t<div class=\"elementor-widget-wrap elementor-element-populated\">\n\t\t\t\t\t\t<div class=\"elementor-element elementor-element-6c30b54 elementor-widget elementor-widget-heading\" data-id=\"6c30b54\" data-element_type=\"widget\" data-widget_type=\"heading.default\">\n\t\t\t\t<div class=\"elementor-widget-container\">\n\t\t\t\t\t<h2 class=\"elementor-heading-title elementor-size-default\">Jeste\u015bmy do Twojej dyspozycji<\/h2>\t\t\t\t<\/div>\n\t\t\t\t<\/div>\n\t\t\t\t\t<\/div>\n\t\t<\/div>\n\t\t\t\t\t<\/div>\n\t\t<\/section>\n\t\t\t\t<section class=\"elementor-section elementor-top-section elementor-element elementor-element-f0f0ab2 elementor-section-boxed elementor-section-height-default elementor-section-height-default\" data-id=\"f0f0ab2\" data-element_type=\"section\">\n\t\t\t\t\t\t<div class=\"elementor-container elementor-column-gap-default\">\n\t\t\t\t\t<div class=\"elementor-column elementor-col-50 elementor-top-column elementor-element elementor-element-df75edc\" data-id=\"df75edc\" data-element_type=\"column\">\n\t\t\t<div class=\"elementor-widget-wrap elementor-element-populated\">\n\t\t\t\t\t\t<div class=\"elementor-element elementor-element-5d3129f elementor-position-left elementor-vertical-align-top elementor-widget elementor-widget-image-box\" data-id=\"5d3129f\" data-element_type=\"widget\" data-widget_type=\"image-box.default\">\n\t\t\t\t<div class=\"elementor-widget-container\">\n\t\t\t\t\t<div class=\"elementor-image-box-wrapper\"><figure class=\"elementor-image-box-img\"><img loading=\"lazy\" decoding=\"async\" width=\"135\" height=\"141\" src=\"https:\/\/kalinski.pl\/serwis\/wp-content\/uploads\/smateusz.jpg\" class=\"attachment-full size-full wp-image-3005\" alt=\"smateusz\" \/><\/figure><div class=\"elementor-image-box-content\"><h3 class=\"elementor-image-box-title\">Mateusz<\/h3><p class=\"elementor-image-box-description\">Pojazdy osobowe, dostawcze<\/p><\/div><\/div>\t\t\t\t<\/div>\n\t\t\t\t<\/div>\n\t\t\t\t<div class=\"elementor-element elementor-element-ccda357 elementor-widget elementor-widget-text-editor\" data-id=\"ccda357\" data-element_type=\"widget\" data-widget_type=\"text-editor.default\">\n\t\t\t\t<div class=\"elementor-widget-container\">\n\t\t\t\t\t\t\t\t\t<p><a href=\"tel:0048618142777\">+48 61 814 27 77 \/ wew 101<\/a><\/p>\n<p>biuro@kalinski.pl<\/p>\t\t\t\t\t\t\t\t<\/div>\n\t\t\t\t<\/div>\n\t\t\t\t\t<\/div>\n\t\t<\/div>\n\t\t\t\t<div class=\"elementor-column elementor-col-50 elementor-top-column elementor-element elementor-element-6025541\" data-id=\"6025541\" data-element_type=\"column\">\n\t\t\t<div class=\"elementor-widget-wrap elementor-element-populated\">\n\t\t\t\t\t\t<div class=\"elementor-element elementor-element-b645a1a elementor-position-left elementor-vertical-align-top elementor-widget elementor-widget-image-box\" data-id=\"b645a1a\" data-element_type=\"widget\" data-widget_type=\"image-box.default\">\n\t\t\t\t<div class=\"elementor-widget-container\">\n\t\t\t\t\t<div class=\"elementor-image-box-wrapper\"><figure class=\"elementor-image-box-img\"><img loading=\"lazy\" decoding=\"async\" width=\"135\" height=\"141\" src=\"https:\/\/kalinski.pl\/serwis\/wp-content\/uploads\/sadam.jpg\" class=\"attachment-full size-full wp-image-3004\" alt=\"sadam\" \/><\/figure><div class=\"elementor-image-box-content\"><h3 class=\"elementor-image-box-title\">Adam<\/h3><p class=\"elementor-image-box-description\">Samochody ci\u0119\u017carowe<\/p><\/div><\/div>\t\t\t\t<\/div>\n\t\t\t\t<\/div>\n\t\t\t\t<div class=\"elementor-element elementor-element-7fa9a86 elementor-widget elementor-widget-text-editor\" data-id=\"7fa9a86\" data-element_type=\"widget\" data-widget_type=\"text-editor.default\">\n\t\t\t\t<div class=\"elementor-widget-container\">\n\t\t\t\t\t\t\t\t\t<p><a href=\"tel:0048618142777\">+48 61 814 27 77 \/ wew 102<\/a><\/p>\n<p>ciezarowe@kalinski.pl<\/p>\t\t\t\t\t\t\t\t<\/div>\n\t\t\t\t<\/div>\n\t\t\t\t\t<\/div>\n\t\t<\/div>\n\t\t\t\t\t<\/div>\n\t\t<\/section>\n\t\t\t\t<\/div>\n\t\t\r\n<p>&nbsp;<\/p>\r\n<!-- \/wp:html -->\r\n<!-- wp:tadv\/classic-paragraph \/-->\r\n<p>S\u0142owa kluczowe: regeneracja katalizator\u00f3w smart; czyszczenie katalizatora smart; naprawa katalizator\u00f3w smart; regeneracja filtr\u00f3w dpf smart; regeneracja filtr\u00f3w cz\u0105stek sta\u0142ych smart<\/p>","protected":false},"excerpt":{"rendered":"<p>\u00a0 Dobrze wykonane naprawy samochod\u00f3w jak r\u00f3wnie\u017c terminowe wymiany p\u0142yn\u00f3w i przegl\u0105dy to jedne z wa\u017cniejszych kwestii wp\u0142ywaj\u0105cych na bezawaryjn\u0105 jazd\u0119. W przypadku takich element\u00f3w jak katalizator czy filtr DPF ich bezproblemowe dzia\u0142anie jest bardzo istotne dla prawid\u0142owego dzia\u0142ania ca\u0142ego pojazdu. Ze wzgl\u0119du na przepisy, kt\u00f3re uniemo\u017cliwiaj\u0105 usuwanie tych element\u00f3w z samochodu, jak r\u00f3wnie\u017c jak\u0105kolwiek &hellip; <a href=\"https:\/\/kalinski.pl\/serwis\/regeneracja-katalizatorow-i-filtrow-dpf-smart\/\" class=\"more-link\">Czytaj dalej<span class=\"screen-reader-text\"> Regeneracja katalizator\u00f3w i filtr\u00f3w DPF Smart<\/span><\/a><\/p>\n","protected":false},"author":821795,"featured_media":0,"parent":0,"menu_order":0,"comment_status":"closed","ping_status":"closed","template":"","meta":{"footnotes":""},"class_list":["post-3429","page","type-page","status-publish","hentry"],"yoast_head":"<!-- This site is optimized with the Yoast SEO plugin v26.7 - https:\/\/yoast.com\/wordpress\/plugins\/seo\/ -->\n<title>Regeneracja katalizator\u00f3w i filtr\u00f3w DPF Smart | Kali\u0144ski<\/title>\n<meta name=\"description\" content=\"Smart to marka nale\u017c\u0105ca do tego samego koncernu co Mercedes, dlatego regeneracja katalizator\u00f3w i filtr\u00f3w DPF Smart jest podobna do tej marki.\" \/>\n<meta name=\"robots\" content=\"index, follow, max-snippet:-1, max-image-preview:large, max-video-preview:-1\" \/>\n<link rel=\"canonical\" href=\"https:\/\/kalinski.pl\/serwis\/regeneracja-katalizatorow-i-filtrow-dpf-smart\/\" \/>\n<meta property=\"og:locale\" content=\"pl_PL\" \/>\n<meta property=\"og:type\" content=\"article\" \/>\n<meta property=\"og:title\" content=\"Regeneracja katalizator\u00f3w i filtr\u00f3w DPF Smart | Kali\u0144ski\" \/>\n<meta property=\"og:description\" content=\"Smart to marka nale\u017c\u0105ca do tego samego koncernu co Mercedes, dlatego regeneracja katalizator\u00f3w i filtr\u00f3w DPF Smart jest podobna do tej marki.\" \/>\n<meta property=\"og:url\" content=\"https:\/\/kalinski.pl\/serwis\/regeneracja-katalizatorow-i-filtrow-dpf-smart\/\" \/>\n<meta property=\"og:site_name\" content=\"Kali\u0144ski\" \/>\n<meta property=\"og:image\" content=\"https:\/\/kalinski.pl\/wp-content\/uploads\/Filtry_Kalinski-1-1110x303.png\" \/>\n<meta name=\"twitter:card\" content=\"summary_large_image\" \/>\n<meta name=\"twitter:label1\" content=\"Szacowany czas czytania\" \/>\n\t<meta name=\"twitter:data1\" content=\"2 minuty\" \/>\n<script type=\"application\/ld+json\" class=\"yoast-schema-graph\">{\"@context\":\"https:\/\/schema.org\",\"@graph\":[{\"@type\":\"WebPage\",\"@id\":\"https:\/\/kalinski.pl\/serwis\/regeneracja-katalizatorow-i-filtrow-dpf-smart\/\",\"url\":\"https:\/\/kalinski.pl\/serwis\/regeneracja-katalizatorow-i-filtrow-dpf-smart\/\",\"name\":\"Regeneracja katalizator\u00f3w i filtr\u00f3w DPF Smart | Kali\u0144ski\",\"isPartOf\":{\"@id\":\"https:\/\/kalinski.pl\/serwis\/#website\"},\"primaryImageOfPage\":{\"@id\":\"https:\/\/kalinski.pl\/serwis\/regeneracja-katalizatorow-i-filtrow-dpf-smart\/#primaryimage\"},\"image\":{\"@id\":\"https:\/\/kalinski.pl\/serwis\/regeneracja-katalizatorow-i-filtrow-dpf-smart\/#primaryimage\"},\"thumbnailUrl\":\"https:\/\/kalinski.pl\/wp-content\/uploads\/Filtry_Kalinski-1-1110x303.png\",\"datePublished\":\"2021-06-01T10:26:14+00:00\",\"description\":\"Smart to marka nale\u017c\u0105ca do tego samego koncernu co Mercedes, dlatego regeneracja katalizator\u00f3w i filtr\u00f3w DPF Smart jest podobna do tej marki.\",\"breadcrumb\":{\"@id\":\"https:\/\/kalinski.pl\/serwis\/regeneracja-katalizatorow-i-filtrow-dpf-smart\/#breadcrumb\"},\"inLanguage\":\"pl-PL\",\"potentialAction\":[{\"@type\":\"ReadAction\",\"target\":[\"https:\/\/kalinski.pl\/serwis\/regeneracja-katalizatorow-i-filtrow-dpf-smart\/\"]}]},{\"@type\":\"ImageObject\",\"inLanguage\":\"pl-PL\",\"@id\":\"https:\/\/kalinski.pl\/serwis\/regeneracja-katalizatorow-i-filtrow-dpf-smart\/#primaryimage\",\"url\":\"https:\/\/kalinski.pl\/wp-content\/uploads\/Filtry_Kalinski-1-1110x303.png\",\"contentUrl\":\"https:\/\/kalinski.pl\/wp-content\/uploads\/Filtry_Kalinski-1-1110x303.png\"},{\"@type\":\"BreadcrumbList\",\"@id\":\"https:\/\/kalinski.pl\/serwis\/regeneracja-katalizatorow-i-filtrow-dpf-smart\/#breadcrumb\",\"itemListElement\":[{\"@type\":\"ListItem\",\"position\":1,\"name\":\"Strona g\u0142\u00f3wna\",\"item\":\"https:\/\/kalinski.pl\/serwis\/\"},{\"@type\":\"ListItem\",\"position\":2,\"name\":\"Regeneracja katalizator\u00f3w i filtr\u00f3w DPF Smart\"}]},{\"@type\":\"WebSite\",\"@id\":\"https:\/\/kalinski.pl\/serwis\/#website\",\"url\":\"https:\/\/kalinski.pl\/serwis\/\",\"name\":\"Kali\u0144ski\",\"description\":\"Uk\u0142ady wydechowe\",\"publisher\":{\"@id\":\"https:\/\/kalinski.pl\/serwis\/#organization\"},\"potentialAction\":[{\"@type\":\"SearchAction\",\"target\":{\"@type\":\"EntryPoint\",\"urlTemplate\":\"https:\/\/kalinski.pl\/serwis\/?s={search_term_string}\"},\"query-input\":{\"@type\":\"PropertyValueSpecification\",\"valueRequired\":true,\"valueName\":\"search_term_string\"}}],\"inLanguage\":\"pl-PL\"},{\"@type\":\"Organization\",\"@id\":\"https:\/\/kalinski.pl\/serwis\/#organization\",\"name\":\"Kali\u0144ski\",\"url\":\"https:\/\/kalinski.pl\/serwis\/\",\"logo\":{\"@type\":\"ImageObject\",\"inLanguage\":\"pl-PL\",\"@id\":\"https:\/\/kalinski.pl\/serwis\/#\/schema\/logo\/image\/\",\"url\":\"https:\/\/kalinski.pl\/serwis\/wp-content\/uploads\/2019\/03\/cropped-logo_white.jpg\",\"contentUrl\":\"https:\/\/kalinski.pl\/serwis\/wp-content\/uploads\/2019\/03\/cropped-logo_white.jpg\",\"width\":240,\"height\":63,\"caption\":\"Kali\u0144ski\"},\"image\":{\"@id\":\"https:\/\/kalinski.pl\/serwis\/#\/schema\/logo\/image\/\"}}]}<\/script>\n<!-- \/ Yoast SEO plugin. -->","yoast_head_json":{"title":"Regeneracja katalizator\u00f3w i filtr\u00f3w DPF Smart | Kali\u0144ski","description":"Smart to marka nale\u017c\u0105ca do tego samego koncernu co Mercedes, dlatego regeneracja katalizator\u00f3w i filtr\u00f3w DPF Smart jest podobna do tej marki.","robots":{"index":"index","follow":"follow","max-snippet":"max-snippet:-1","max-image-preview":"max-image-preview:large","max-video-preview":"max-video-preview:-1"},"canonical":"https:\/\/kalinski.pl\/serwis\/regeneracja-katalizatorow-i-filtrow-dpf-smart\/","og_locale":"pl_PL","og_type":"article","og_title":"Regeneracja katalizator\u00f3w i filtr\u00f3w DPF Smart | Kali\u0144ski","og_description":"Smart to marka nale\u017c\u0105ca do tego samego koncernu co Mercedes, dlatego regeneracja katalizator\u00f3w i filtr\u00f3w DPF Smart jest podobna do tej marki.","og_url":"https:\/\/kalinski.pl\/serwis\/regeneracja-katalizatorow-i-filtrow-dpf-smart\/","og_site_name":"Kali\u0144ski","og_image":[{"url":"https:\/\/kalinski.pl\/wp-content\/uploads\/Filtry_Kalinski-1-1110x303.png","type":"","width":"","height":""}],"twitter_card":"summary_large_image","twitter_misc":{"Szacowany czas czytania":"2 minuty"},"schema":{"@context":"https:\/\/schema.org","@graph":[{"@type":"WebPage","@id":"https:\/\/kalinski.pl\/serwis\/regeneracja-katalizatorow-i-filtrow-dpf-smart\/","url":"https:\/\/kalinski.pl\/serwis\/regeneracja-katalizatorow-i-filtrow-dpf-smart\/","name":"Regeneracja katalizator\u00f3w i filtr\u00f3w DPF Smart | Kali\u0144ski","isPartOf":{"@id":"https:\/\/kalinski.pl\/serwis\/#website"},"primaryImageOfPage":{"@id":"https:\/\/kalinski.pl\/serwis\/regeneracja-katalizatorow-i-filtrow-dpf-smart\/#primaryimage"},"image":{"@id":"https:\/\/kalinski.pl\/serwis\/regeneracja-katalizatorow-i-filtrow-dpf-smart\/#primaryimage"},"thumbnailUrl":"https:\/\/kalinski.pl\/wp-content\/uploads\/Filtry_Kalinski-1-1110x303.png","datePublished":"2021-06-01T10:26:14+00:00","description":"Smart to marka nale\u017c\u0105ca do tego samego koncernu co Mercedes, dlatego regeneracja katalizator\u00f3w i filtr\u00f3w DPF Smart jest podobna do tej marki.","breadcrumb":{"@id":"https:\/\/kalinski.pl\/serwis\/regeneracja-katalizatorow-i-filtrow-dpf-smart\/#breadcrumb"},"inLanguage":"pl-PL","potentialAction":[{"@type":"ReadAction","target":["https:\/\/kalinski.pl\/serwis\/regeneracja-katalizatorow-i-filtrow-dpf-smart\/"]}]},{"@type":"ImageObject","inLanguage":"pl-PL","@id":"https:\/\/kalinski.pl\/serwis\/regeneracja-katalizatorow-i-filtrow-dpf-smart\/#primaryimage","url":"https:\/\/kalinski.pl\/wp-content\/uploads\/Filtry_Kalinski-1-1110x303.png","contentUrl":"https:\/\/kalinski.pl\/wp-content\/uploads\/Filtry_Kalinski-1-1110x303.png"},{"@type":"BreadcrumbList","@id":"https:\/\/kalinski.pl\/serwis\/regeneracja-katalizatorow-i-filtrow-dpf-smart\/#breadcrumb","itemListElement":[{"@type":"ListItem","position":1,"name":"Strona g\u0142\u00f3wna","item":"https:\/\/kalinski.pl\/serwis\/"},{"@type":"ListItem","position":2,"name":"Regeneracja katalizator\u00f3w i filtr\u00f3w DPF Smart"}]},{"@type":"WebSite","@id":"https:\/\/kalinski.pl\/serwis\/#website","url":"https:\/\/kalinski.pl\/serwis\/","name":"Kali\u0144ski","description":"Uk\u0142ady wydechowe","publisher":{"@id":"https:\/\/kalinski.pl\/serwis\/#organization"},"potentialAction":[{"@type":"SearchAction","target":{"@type":"EntryPoint","urlTemplate":"https:\/\/kalinski.pl\/serwis\/?s={search_term_string}"},"query-input":{"@type":"PropertyValueSpecification","valueRequired":true,"valueName":"search_term_string"}}],"inLanguage":"pl-PL"},{"@type":"Organization","@id":"https:\/\/kalinski.pl\/serwis\/#organization","name":"Kali\u0144ski","url":"https:\/\/kalinski.pl\/serwis\/","logo":{"@type":"ImageObject","inLanguage":"pl-PL","@id":"https:\/\/kalinski.pl\/serwis\/#\/schema\/logo\/image\/","url":"https:\/\/kalinski.pl\/serwis\/wp-content\/uploads\/2019\/03\/cropped-logo_white.jpg","contentUrl":"https:\/\/kalinski.pl\/serwis\/wp-content\/uploads\/2019\/03\/cropped-logo_white.jpg","width":240,"height":63,"caption":"Kali\u0144ski"},"image":{"@id":"https:\/\/kalinski.pl\/serwis\/#\/schema\/logo\/image\/"}}]}},"_links":{"self":[{"href":"https:\/\/kalinski.pl\/serwis\/wp-json\/wp\/v2\/pages\/3429","targetHints":{"allow":["GET"]}}],"collection":[{"href":"https:\/\/kalinski.pl\/serwis\/wp-json\/wp\/v2\/pages"}],"about":[{"href":"https:\/\/kalinski.pl\/serwis\/wp-json\/wp\/v2\/types\/page"}],"author":[{"embeddable":true,"href":"https:\/\/kalinski.pl\/serwis\/wp-json\/wp\/v2\/users\/821795"}],"replies":[{"embeddable":true,"href":"https:\/\/kalinski.pl\/serwis\/wp-json\/wp\/v2\/comments?post=3429"}],"version-history":[{"count":0,"href":"https:\/\/kalinski.pl\/serwis\/wp-json\/wp\/v2\/pages\/3429\/revisions"}],"wp:attachment":[{"href":"https:\/\/kalinski.pl\/serwis\/wp-json\/wp\/v2\/media?parent=3429"}],"curies":[{"name":"wp","href":"https:\/\/api.w.org\/{rel}","templated":true}]}}