{"id":3221,"date":"2021-03-05T09:35:57","date_gmt":"2021-03-05T08:35:57","guid":{"rendered":"https:\/\/kalinski.pl\/?page_id=3221"},"modified":"2021-03-05T09:44:03","modified_gmt":"2021-03-05T08:44:03","slug":"regeneracja-katalizatorow-i-filtrow-dpf-jaguar","status":"publish","type":"page","link":"https:\/\/kalinski.pl\/serwis\/regeneracja-katalizatorow-i-filtrow-dpf-jaguar\/","title":{"rendered":"Regeneracja katalizator\u00f3w i filtr\u00f3w DPF Jaguar"},"content":{"rendered":"\r\n<figure class=\"wp-block-image size-large\"><img fetchpriority=\"high\" decoding=\"async\" width=\"1110\" height=\"303\" class=\"wp-image-1568\" src=\"https:\/\/kalinski.pl\/wp-content\/uploads\/Filtry_Kalinski-1-1110x303.png\" alt=\"\"><\/figure>\r\n\r\n\r\n<p align=\"justify\">&nbsp;<\/p>\r\n<p align=\"justify\">W przypadku ka\u017cdego samochodu dbanie o jego odpowiednie dzia\u0142anie polega w du\u017cej mierze na terminowej wymianie zu\u017cytych cz\u0119\u015bci. Wiele z takich wymian nie poci\u0105ga za sob\u0105 zbyt wysokich koszt\u00f3w, jednak bywaj\u0105 takie, kt\u00f3re bez wzgl\u0119du na mark\u0119 samochodu nie nale\u017c\u0105 do najta\u0144szych. Na pewno zaliczy\u0107 do nich nale\u017cy katalizatory i filtry DPF, kt\u00f3re s\u0105 elementem obowi\u0105zkowym w ka\u017cdym samochodzie. Nie dziwi wi\u0119c fakt, \u017ce w\u0142a\u015bciciele samochod\u00f3w staraj\u0105 si\u0119 znale\u017a\u0107 inne sposoby. Na pewno jednak pozbywanie si\u0119 tych element\u00f3w z auta nie jest dobrym pomys\u0142em, poniewa\u017c za takie dzia\u0142anie gro\u017c\u0105 wysokie kary i inne problemy, jak na przyk\u0142ad niemo\u017cno\u015b\u0107 uzyskania okresowego badania technicznego oraz nara\u017cenie na wysokie mandaty. Dlatego te\u017c us\u0142ugi takie jak <strong>regeneracja katalizator\u00f3w Jaguar<\/strong> to jedna z tych, kt\u00f3re ciesz\u0105 si\u0119 coraz wi\u0119kszym zainteresowaniem. Odpowiednio przeprowadzone czyszczenie katalizatora Jaguar wraz z jednoczesn\u0105 wymian\u0105 wk\u0142adu wewn\u0119trznego powoduje, \u017ce zyskuje on parametry nowej cz\u0119\u015bci. Taka <strong>naprawa katalizator\u00f3w Jaguar<\/strong> wymaga jednak w\u0142a\u015bciwych narz\u0119dzi, warto wi\u0119c starannie wybra\u0107 wykonawc\u0119 takiej us\u0142ugi. W naszej firmie nie wykonujemy ryzykownego mycia wod\u0105. Coraz popularniejsza r\u00f3wnie\u017c staje si\u0119 <strong>regeneracja filtr\u00f3w DPF Jaguar<\/strong>, przeprowadzana zazwyczaj z tego samego powodu co regeneracja katalizator\u00f3w. Dobrze przeprowadzona <strong>regeneracja filtr\u00f3w cz\u0105stek sta\u0142ych Jaguar<\/strong> generuje znacznie ni\u017csze koszty zapewniaj\u0105c jego odpowiednie dzia\u0142anie. Zar\u00f3wno w przypadku katalizator\u00f3w, jak filtr\u00f3w DPF zazwyczaj najcz\u0119stsz\u0105 przyczyn\u0105 problem\u00f3w z nimi jest przede wszystkim zapchanie wk\u0142adu przed nieczysto\u015bci.<\/p>\r\n<p style=\"text-align: center;\" align=\"justify\"><a href=\"https:\/\/kalinski.pl\/sklep\/pl\/allegro-inne\/37689-regeneracja-filtrow-czastek-stalych-dpf-fap-gpf-do-pojazdow-osobowych.html?search_query=regeneracja&amp;results=9\">Sprawd\u017a ofert\u0119 regeneracji pojazd\u00f3w osobowych w naszym sklepie<\/a>&nbsp;<\/p>\r\n\r\n\r\n<p>\r\n<\/p>\r\n\t\t<div data-elementor-type=\"wp-post\" data-elementor-id=\"3002\" class=\"elementor elementor-3002\">\n\t\t\t\t\t\t<section class=\"elementor-section elementor-top-section elementor-element elementor-element-cefde73 elementor-section-boxed elementor-section-height-default elementor-section-height-default\" data-id=\"cefde73\" data-element_type=\"section\">\n\t\t\t\t\t\t<div class=\"elementor-container elementor-column-gap-default\">\n\t\t\t\t\t<div class=\"elementor-column elementor-col-100 elementor-top-column elementor-element elementor-element-970e36a\" data-id=\"970e36a\" data-element_type=\"column\">\n\t\t\t<div class=\"elementor-widget-wrap elementor-element-populated\">\n\t\t\t\t\t\t<div class=\"elementor-element elementor-element-6c30b54 elementor-widget elementor-widget-heading\" data-id=\"6c30b54\" data-element_type=\"widget\" data-widget_type=\"heading.default\">\n\t\t\t\t<div class=\"elementor-widget-container\">\n\t\t\t\t\t<h2 class=\"elementor-heading-title elementor-size-default\">Jeste\u015bmy do Twojej dyspozycji<\/h2>\t\t\t\t<\/div>\n\t\t\t\t<\/div>\n\t\t\t\t\t<\/div>\n\t\t<\/div>\n\t\t\t\t\t<\/div>\n\t\t<\/section>\n\t\t\t\t<section class=\"elementor-section elementor-top-section elementor-element elementor-element-f0f0ab2 elementor-section-boxed elementor-section-height-default elementor-section-height-default\" data-id=\"f0f0ab2\" data-element_type=\"section\">\n\t\t\t\t\t\t<div class=\"elementor-container elementor-column-gap-default\">\n\t\t\t\t\t<div class=\"elementor-column elementor-col-50 elementor-top-column elementor-element elementor-element-df75edc\" data-id=\"df75edc\" data-element_type=\"column\">\n\t\t\t<div class=\"elementor-widget-wrap elementor-element-populated\">\n\t\t\t\t\t\t<div class=\"elementor-element elementor-element-5d3129f elementor-position-left elementor-vertical-align-top elementor-widget elementor-widget-image-box\" data-id=\"5d3129f\" data-element_type=\"widget\" data-widget_type=\"image-box.default\">\n\t\t\t\t<div class=\"elementor-widget-container\">\n\t\t\t\t\t<div class=\"elementor-image-box-wrapper\"><figure class=\"elementor-image-box-img\"><img decoding=\"async\" width=\"135\" height=\"141\" src=\"https:\/\/kalinski.pl\/serwis\/wp-content\/uploads\/smateusz.jpg\" class=\"attachment-full size-full wp-image-3005\" alt=\"smateusz\" \/><\/figure><div class=\"elementor-image-box-content\"><h3 class=\"elementor-image-box-title\">Mateusz<\/h3><p class=\"elementor-image-box-description\">Pojazdy osobowe, dostawcze<\/p><\/div><\/div>\t\t\t\t<\/div>\n\t\t\t\t<\/div>\n\t\t\t\t<div class=\"elementor-element elementor-element-ccda357 elementor-widget elementor-widget-text-editor\" data-id=\"ccda357\" data-element_type=\"widget\" data-widget_type=\"text-editor.default\">\n\t\t\t\t<div class=\"elementor-widget-container\">\n\t\t\t\t\t\t\t\t\t<p><a href=\"tel:0048618142777\">+48 61 814 27 77 \/ wew 101<\/a><\/p>\n<p>biuro@kalinski.pl<\/p>\t\t\t\t\t\t\t\t<\/div>\n\t\t\t\t<\/div>\n\t\t\t\t\t<\/div>\n\t\t<\/div>\n\t\t\t\t<div class=\"elementor-column elementor-col-50 elementor-top-column elementor-element elementor-element-6025541\" data-id=\"6025541\" data-element_type=\"column\">\n\t\t\t<div class=\"elementor-widget-wrap elementor-element-populated\">\n\t\t\t\t\t\t<div class=\"elementor-element elementor-element-b645a1a elementor-position-left elementor-vertical-align-top elementor-widget elementor-widget-image-box\" data-id=\"b645a1a\" data-element_type=\"widget\" data-widget_type=\"image-box.default\">\n\t\t\t\t<div class=\"elementor-widget-container\">\n\t\t\t\t\t<div class=\"elementor-image-box-wrapper\"><figure class=\"elementor-image-box-img\"><img decoding=\"async\" width=\"135\" height=\"141\" src=\"https:\/\/kalinski.pl\/serwis\/wp-content\/uploads\/sadam.jpg\" class=\"attachment-full size-full wp-image-3004\" alt=\"sadam\" \/><\/figure><div class=\"elementor-image-box-content\"><h3 class=\"elementor-image-box-title\">Adam<\/h3><p class=\"elementor-image-box-description\">Samochody ci\u0119\u017carowe<\/p><\/div><\/div>\t\t\t\t<\/div>\n\t\t\t\t<\/div>\n\t\t\t\t<div class=\"elementor-element elementor-element-7fa9a86 elementor-widget elementor-widget-text-editor\" data-id=\"7fa9a86\" data-element_type=\"widget\" data-widget_type=\"text-editor.default\">\n\t\t\t\t<div class=\"elementor-widget-container\">\n\t\t\t\t\t\t\t\t\t<p><a href=\"tel:0048618142777\">+48 61 814 27 77 \/ wew 102<\/a><\/p>\n<p>ciezarowe@kalinski.pl<\/p>\t\t\t\t\t\t\t\t<\/div>\n\t\t\t\t<\/div>\n\t\t\t\t\t<\/div>\n\t\t<\/div>\n\t\t\t\t\t<\/div>\n\t\t<\/section>\n\t\t\t\t<\/div>\n\t\t\r\n<!-- \/wp:html -->\r\n<!-- wp:tadv\/classic-paragraph \/-->\r\n<p>S\u0142owa kluczowe: regeneracja katalizator\u00f3w jaguar; czyszczenie katalizatora jaguar; naprawa katalizator\u00f3w jaguar; regeneracja filtr\u00f3w dpf jaguar; regeneracja filtr\u00f3w cz\u0105stek sta\u0142ych jaguar<\/p>","protected":false},"excerpt":{"rendered":"<p>&nbsp; W przypadku ka\u017cdego samochodu dbanie o jego odpowiednie dzia\u0142anie polega w du\u017cej mierze na terminowej wymianie zu\u017cytych cz\u0119\u015bci. Wiele z takich wymian nie poci\u0105ga za sob\u0105 zbyt wysokich koszt\u00f3w, jednak bywaj\u0105 takie, kt\u00f3re bez wzgl\u0119du na mark\u0119 samochodu nie nale\u017c\u0105 do najta\u0144szych. Na pewno zaliczy\u0107 do nich nale\u017cy katalizatory i filtry DPF, kt\u00f3re s\u0105 &hellip; <a href=\"https:\/\/kalinski.pl\/serwis\/regeneracja-katalizatorow-i-filtrow-dpf-jaguar\/\" class=\"more-link\">Czytaj dalej<span class=\"screen-reader-text\"> Regeneracja katalizator\u00f3w i filtr\u00f3w DPF Jaguar<\/span><\/a><\/p>\n","protected":false},"author":821795,"featured_media":0,"parent":0,"menu_order":0,"comment_status":"closed","ping_status":"closed","template":"","meta":{"footnotes":""},"class_list":["post-3221","page","type-page","status-publish","hentry"],"yoast_head":"<!-- This site is optimized with the Yoast SEO plugin v26.7 - https:\/\/yoast.com\/wordpress\/plugins\/seo\/ -->\n<title>Regeneracja katalizator\u00f3w i filtr\u00f3w DPF Jaguar | Kali\u0144ski<\/title>\n<meta name=\"description\" content=\"Regeneracja katalizator\u00f3w i filtr\u00f3w DPF Jaguar to us\u0142uga, kt\u00f3r\u0105 wykonujemy poprzez wymian\u0119 wk\u0142ad\u00f3w lub maszyny hartridge.\" \/>\n<meta name=\"robots\" content=\"index, follow, max-snippet:-1, max-image-preview:large, max-video-preview:-1\" \/>\n<link rel=\"canonical\" href=\"https:\/\/kalinski.pl\/serwis\/regeneracja-katalizatorow-i-filtrow-dpf-jaguar\/\" \/>\n<meta property=\"og:locale\" content=\"pl_PL\" \/>\n<meta property=\"og:type\" content=\"article\" \/>\n<meta property=\"og:title\" content=\"Regeneracja katalizator\u00f3w i filtr\u00f3w DPF Jaguar | Kali\u0144ski\" \/>\n<meta property=\"og:description\" content=\"Regeneracja katalizator\u00f3w i filtr\u00f3w DPF Jaguar to us\u0142uga, kt\u00f3r\u0105 wykonujemy poprzez wymian\u0119 wk\u0142ad\u00f3w lub maszyny hartridge.\" \/>\n<meta property=\"og:url\" content=\"https:\/\/kalinski.pl\/serwis\/regeneracja-katalizatorow-i-filtrow-dpf-jaguar\/\" \/>\n<meta property=\"og:site_name\" content=\"Kali\u0144ski\" \/>\n<meta property=\"article:modified_time\" content=\"2021-03-05T08:44:03+00:00\" \/>\n<meta property=\"og:image\" content=\"https:\/\/kalinski.pl\/wp-content\/uploads\/Filtry_Kalinski-1-1110x303.png\" \/>\n<meta name=\"twitter:card\" content=\"summary_large_image\" \/>\n<meta name=\"twitter:label1\" content=\"Szacowany czas czytania\" \/>\n\t<meta name=\"twitter:data1\" content=\"2 minuty\" \/>\n<script type=\"application\/ld+json\" class=\"yoast-schema-graph\">{\"@context\":\"https:\/\/schema.org\",\"@graph\":[{\"@type\":\"WebPage\",\"@id\":\"https:\/\/kalinski.pl\/serwis\/regeneracja-katalizatorow-i-filtrow-dpf-jaguar\/\",\"url\":\"https:\/\/kalinski.pl\/serwis\/regeneracja-katalizatorow-i-filtrow-dpf-jaguar\/\",\"name\":\"Regeneracja katalizator\u00f3w i filtr\u00f3w DPF Jaguar | Kali\u0144ski\",\"isPartOf\":{\"@id\":\"https:\/\/kalinski.pl\/serwis\/#website\"},\"primaryImageOfPage\":{\"@id\":\"https:\/\/kalinski.pl\/serwis\/regeneracja-katalizatorow-i-filtrow-dpf-jaguar\/#primaryimage\"},\"image\":{\"@id\":\"https:\/\/kalinski.pl\/serwis\/regeneracja-katalizatorow-i-filtrow-dpf-jaguar\/#primaryimage\"},\"thumbnailUrl\":\"https:\/\/kalinski.pl\/wp-content\/uploads\/Filtry_Kalinski-1-1110x303.png\",\"datePublished\":\"2021-03-05T08:35:57+00:00\",\"dateModified\":\"2021-03-05T08:44:03+00:00\",\"description\":\"Regeneracja katalizator\u00f3w i filtr\u00f3w DPF Jaguar to us\u0142uga, kt\u00f3r\u0105 wykonujemy poprzez wymian\u0119 wk\u0142ad\u00f3w lub maszyny hartridge.\",\"breadcrumb\":{\"@id\":\"https:\/\/kalinski.pl\/serwis\/regeneracja-katalizatorow-i-filtrow-dpf-jaguar\/#breadcrumb\"},\"inLanguage\":\"pl-PL\",\"potentialAction\":[{\"@type\":\"ReadAction\",\"target\":[\"https:\/\/kalinski.pl\/serwis\/regeneracja-katalizatorow-i-filtrow-dpf-jaguar\/\"]}]},{\"@type\":\"ImageObject\",\"inLanguage\":\"pl-PL\",\"@id\":\"https:\/\/kalinski.pl\/serwis\/regeneracja-katalizatorow-i-filtrow-dpf-jaguar\/#primaryimage\",\"url\":\"https:\/\/kalinski.pl\/wp-content\/uploads\/Filtry_Kalinski-1-1110x303.png\",\"contentUrl\":\"https:\/\/kalinski.pl\/wp-content\/uploads\/Filtry_Kalinski-1-1110x303.png\"},{\"@type\":\"BreadcrumbList\",\"@id\":\"https:\/\/kalinski.pl\/serwis\/regeneracja-katalizatorow-i-filtrow-dpf-jaguar\/#breadcrumb\",\"itemListElement\":[{\"@type\":\"ListItem\",\"position\":1,\"name\":\"Strona g\u0142\u00f3wna\",\"item\":\"https:\/\/kalinski.pl\/serwis\/\"},{\"@type\":\"ListItem\",\"position\":2,\"name\":\"Regeneracja katalizator\u00f3w i filtr\u00f3w DPF Jaguar\"}]},{\"@type\":\"WebSite\",\"@id\":\"https:\/\/kalinski.pl\/serwis\/#website\",\"url\":\"https:\/\/kalinski.pl\/serwis\/\",\"name\":\"Kali\u0144ski\",\"description\":\"Uk\u0142ady wydechowe\",\"publisher\":{\"@id\":\"https:\/\/kalinski.pl\/serwis\/#organization\"},\"potentialAction\":[{\"@type\":\"SearchAction\",\"target\":{\"@type\":\"EntryPoint\",\"urlTemplate\":\"https:\/\/kalinski.pl\/serwis\/?s={search_term_string}\"},\"query-input\":{\"@type\":\"PropertyValueSpecification\",\"valueRequired\":true,\"valueName\":\"search_term_string\"}}],\"inLanguage\":\"pl-PL\"},{\"@type\":\"Organization\",\"@id\":\"https:\/\/kalinski.pl\/serwis\/#organization\",\"name\":\"Kali\u0144ski\",\"url\":\"https:\/\/kalinski.pl\/serwis\/\",\"logo\":{\"@type\":\"ImageObject\",\"inLanguage\":\"pl-PL\",\"@id\":\"https:\/\/kalinski.pl\/serwis\/#\/schema\/logo\/image\/\",\"url\":\"https:\/\/kalinski.pl\/serwis\/wp-content\/uploads\/2019\/03\/cropped-logo_white.jpg\",\"contentUrl\":\"https:\/\/kalinski.pl\/serwis\/wp-content\/uploads\/2019\/03\/cropped-logo_white.jpg\",\"width\":240,\"height\":63,\"caption\":\"Kali\u0144ski\"},\"image\":{\"@id\":\"https:\/\/kalinski.pl\/serwis\/#\/schema\/logo\/image\/\"}}]}<\/script>\n<!-- \/ Yoast SEO plugin. -->","yoast_head_json":{"title":"Regeneracja katalizator\u00f3w i filtr\u00f3w DPF Jaguar | Kali\u0144ski","description":"Regeneracja katalizator\u00f3w i filtr\u00f3w DPF Jaguar to us\u0142uga, kt\u00f3r\u0105 wykonujemy poprzez wymian\u0119 wk\u0142ad\u00f3w lub maszyny hartridge.","robots":{"index":"index","follow":"follow","max-snippet":"max-snippet:-1","max-image-preview":"max-image-preview:large","max-video-preview":"max-video-preview:-1"},"canonical":"https:\/\/kalinski.pl\/serwis\/regeneracja-katalizatorow-i-filtrow-dpf-jaguar\/","og_locale":"pl_PL","og_type":"article","og_title":"Regeneracja katalizator\u00f3w i filtr\u00f3w DPF Jaguar | Kali\u0144ski","og_description":"Regeneracja katalizator\u00f3w i filtr\u00f3w DPF Jaguar to us\u0142uga, kt\u00f3r\u0105 wykonujemy poprzez wymian\u0119 wk\u0142ad\u00f3w lub maszyny hartridge.","og_url":"https:\/\/kalinski.pl\/serwis\/regeneracja-katalizatorow-i-filtrow-dpf-jaguar\/","og_site_name":"Kali\u0144ski","article_modified_time":"2021-03-05T08:44:03+00:00","og_image":[{"url":"https:\/\/kalinski.pl\/wp-content\/uploads\/Filtry_Kalinski-1-1110x303.png","type":"","width":"","height":""}],"twitter_card":"summary_large_image","twitter_misc":{"Szacowany czas czytania":"2 minuty"},"schema":{"@context":"https:\/\/schema.org","@graph":[{"@type":"WebPage","@id":"https:\/\/kalinski.pl\/serwis\/regeneracja-katalizatorow-i-filtrow-dpf-jaguar\/","url":"https:\/\/kalinski.pl\/serwis\/regeneracja-katalizatorow-i-filtrow-dpf-jaguar\/","name":"Regeneracja katalizator\u00f3w i filtr\u00f3w DPF Jaguar | Kali\u0144ski","isPartOf":{"@id":"https:\/\/kalinski.pl\/serwis\/#website"},"primaryImageOfPage":{"@id":"https:\/\/kalinski.pl\/serwis\/regeneracja-katalizatorow-i-filtrow-dpf-jaguar\/#primaryimage"},"image":{"@id":"https:\/\/kalinski.pl\/serwis\/regeneracja-katalizatorow-i-filtrow-dpf-jaguar\/#primaryimage"},"thumbnailUrl":"https:\/\/kalinski.pl\/wp-content\/uploads\/Filtry_Kalinski-1-1110x303.png","datePublished":"2021-03-05T08:35:57+00:00","dateModified":"2021-03-05T08:44:03+00:00","description":"Regeneracja katalizator\u00f3w i filtr\u00f3w DPF Jaguar to us\u0142uga, kt\u00f3r\u0105 wykonujemy poprzez wymian\u0119 wk\u0142ad\u00f3w lub maszyny hartridge.","breadcrumb":{"@id":"https:\/\/kalinski.pl\/serwis\/regeneracja-katalizatorow-i-filtrow-dpf-jaguar\/#breadcrumb"},"inLanguage":"pl-PL","potentialAction":[{"@type":"ReadAction","target":["https:\/\/kalinski.pl\/serwis\/regeneracja-katalizatorow-i-filtrow-dpf-jaguar\/"]}]},{"@type":"ImageObject","inLanguage":"pl-PL","@id":"https:\/\/kalinski.pl\/serwis\/regeneracja-katalizatorow-i-filtrow-dpf-jaguar\/#primaryimage","url":"https:\/\/kalinski.pl\/wp-content\/uploads\/Filtry_Kalinski-1-1110x303.png","contentUrl":"https:\/\/kalinski.pl\/wp-content\/uploads\/Filtry_Kalinski-1-1110x303.png"},{"@type":"BreadcrumbList","@id":"https:\/\/kalinski.pl\/serwis\/regeneracja-katalizatorow-i-filtrow-dpf-jaguar\/#breadcrumb","itemListElement":[{"@type":"ListItem","position":1,"name":"Strona g\u0142\u00f3wna","item":"https:\/\/kalinski.pl\/serwis\/"},{"@type":"ListItem","position":2,"name":"Regeneracja katalizator\u00f3w i filtr\u00f3w DPF Jaguar"}]},{"@type":"WebSite","@id":"https:\/\/kalinski.pl\/serwis\/#website","url":"https:\/\/kalinski.pl\/serwis\/","name":"Kali\u0144ski","description":"Uk\u0142ady wydechowe","publisher":{"@id":"https:\/\/kalinski.pl\/serwis\/#organization"},"potentialAction":[{"@type":"SearchAction","target":{"@type":"EntryPoint","urlTemplate":"https:\/\/kalinski.pl\/serwis\/?s={search_term_string}"},"query-input":{"@type":"PropertyValueSpecification","valueRequired":true,"valueName":"search_term_string"}}],"inLanguage":"pl-PL"},{"@type":"Organization","@id":"https:\/\/kalinski.pl\/serwis\/#organization","name":"Kali\u0144ski","url":"https:\/\/kalinski.pl\/serwis\/","logo":{"@type":"ImageObject","inLanguage":"pl-PL","@id":"https:\/\/kalinski.pl\/serwis\/#\/schema\/logo\/image\/","url":"https:\/\/kalinski.pl\/serwis\/wp-content\/uploads\/2019\/03\/cropped-logo_white.jpg","contentUrl":"https:\/\/kalinski.pl\/serwis\/wp-content\/uploads\/2019\/03\/cropped-logo_white.jpg","width":240,"height":63,"caption":"Kali\u0144ski"},"image":{"@id":"https:\/\/kalinski.pl\/serwis\/#\/schema\/logo\/image\/"}}]}},"_links":{"self":[{"href":"https:\/\/kalinski.pl\/serwis\/wp-json\/wp\/v2\/pages\/3221","targetHints":{"allow":["GET"]}}],"collection":[{"href":"https:\/\/kalinski.pl\/serwis\/wp-json\/wp\/v2\/pages"}],"about":[{"href":"https:\/\/kalinski.pl\/serwis\/wp-json\/wp\/v2\/types\/page"}],"author":[{"embeddable":true,"href":"https:\/\/kalinski.pl\/serwis\/wp-json\/wp\/v2\/users\/821795"}],"replies":[{"embeddable":true,"href":"https:\/\/kalinski.pl\/serwis\/wp-json\/wp\/v2\/comments?post=3221"}],"version-history":[{"count":0,"href":"https:\/\/kalinski.pl\/serwis\/wp-json\/wp\/v2\/pages\/3221\/revisions"}],"wp:attachment":[{"href":"https:\/\/kalinski.pl\/serwis\/wp-json\/wp\/v2\/media?parent=3221"}],"curies":[{"name":"wp","href":"https:\/\/api.w.org\/{rel}","templated":true}]}}