{"id":3187,"date":"2021-03-02T08:31:04","date_gmt":"2021-03-02T07:31:04","guid":{"rendered":"https:\/\/kalinski.pl\/?page_id=3187"},"modified":"2021-03-02T08:31:04","modified_gmt":"2021-03-02T07:31:04","slug":"regeneracja-katalizatorow-i-filtrow-dpf-ferrari","status":"publish","type":"page","link":"https:\/\/kalinski.pl\/serwis\/regeneracja-katalizatorow-i-filtrow-dpf-ferrari\/","title":{"rendered":"Regeneracja katalizator\u00f3w i filtr\u00f3w DPF Ferrari"},"content":{"rendered":"\r\n<figure class=\"wp-block-image size-large\"><img fetchpriority=\"high\" decoding=\"async\" width=\"1110\" height=\"303\" class=\"wp-image-1568\" src=\"https:\/\/kalinski.pl\/wp-content\/uploads\/Filtry_Kalinski-1-1110x303.png\" alt=\"\"><\/figure>\r\n\r\n\r\n<p align=\"justify\">&nbsp;<\/p>\r\n<p align=\"justify\">Wymiana podzespo\u0142\u00f3w takich jak katalizatory i filtry DPF w ka\u017cdym samochodzie jest do\u015b\u0107 wysokim kosztem. Jednak\u017ce w\u0142a\u015bciciele aut zmuszeni s\u0105 do dbania o ich odpowiedni stan, poniewa\u017c ich w\u0142a\u015bciwe dzia\u0142anie jest niezb\u0119dne do prawid\u0142owej pracy samochodu. Montowane s\u0105 one w uk\u0142adzie wydechowym, filtruj\u0105c spaliny i wy\u0142apuj\u0105c z nich niespalone do ko\u0144ca cz\u0105stki jak r\u00f3wnie\u017c inne substancje. Najcz\u0119stsz\u0105 przyczyn\u0105 ich awarii jest przede wszystkim zapchanie, co powodowane jest d\u0142ugim czasem ich u\u017cytkowania. Je\u015bli jednak nie zostan\u0105 na czas wymienione, w\u00f3wczas istnieje ryzyko powa\u017cnych uszkodze\u0144 silnika samochodu. <strong>Regeneracja katalizator\u00f3w Ferrari<\/strong> to jeden z lepszych sposob\u00f3w na to, aby auto zawsze by\u0142o w dobrej kondycji a na pewno jeden z ta\u0144szych. <strong>Naprawa katalizator\u00f3w Ferrari<\/strong> poprzez regeneracj\u0119 generuje bowiem o wiele ni\u017csze koszty ni\u017c zakup i wymiana nowych cz\u0119\u015bci. Odpowiednio przeprowadzone czyszczenie katalizator\u00f3w Ferrari i w\u0142a\u015bciwie przeprowadzona wymiana wk\u0142adu wewn\u0105trz niego pozwala odzyska\u0107 dla cz\u0119\u015bci takie same w\u0142a\u015bciwo\u015bci jak w przypadku nowego katalizatora. W podobny spos\u00f3b, czyli poprzez wymian\u0119 wk\u0142adu odbywa si\u0119 regeneracja filtr\u00f3w DPF Ferrari. <strong>Regeneracja filtr\u00f3w DPF<\/strong> odbywa si\u0119 r\u00f3wnie\u017c poprzez wydmuchanie i wypalanie w piecu, do czego u\u017cywamy r\u00f3wnie\u017c maszyny marki Hartridge. W przypadku prac takich jak <strong>regeneracja filtr\u00f3w cz\u0105stek sta\u0142ych Ferrari<\/strong>, podobnie zreszt\u0105 jak w przypadku takich prac wykonywanych w stosunku do podzespo\u0142\u00f3w innych marek, bardzo wa\u017cne jest w\u0142a\u015bciwe ich przeprowadzenie. Istotne jest nie tylko zastosowanie odpowiednio dobranych wk\u0142ad\u00f3w na wymian\u0119 ale r\u00f3wnie\u017c profesjonalne przeprowadzenie takiej pracy.<\/p>\r\n\r\n\r\n<p>\r\n<\/p>\r\n\t\t<div data-elementor-type=\"wp-post\" data-elementor-id=\"3002\" class=\"elementor elementor-3002\">\n\t\t\t\t\t\t<section class=\"elementor-section elementor-top-section elementor-element elementor-element-cefde73 elementor-section-boxed elementor-section-height-default elementor-section-height-default\" data-id=\"cefde73\" data-element_type=\"section\">\n\t\t\t\t\t\t<div class=\"elementor-container elementor-column-gap-default\">\n\t\t\t\t\t<div class=\"elementor-column elementor-col-100 elementor-top-column elementor-element elementor-element-970e36a\" data-id=\"970e36a\" data-element_type=\"column\">\n\t\t\t<div class=\"elementor-widget-wrap elementor-element-populated\">\n\t\t\t\t\t\t<div class=\"elementor-element elementor-element-6c30b54 elementor-widget elementor-widget-heading\" data-id=\"6c30b54\" data-element_type=\"widget\" data-widget_type=\"heading.default\">\n\t\t\t\t<div class=\"elementor-widget-container\">\n\t\t\t\t\t<h2 class=\"elementor-heading-title elementor-size-default\">Jeste\u015bmy do Twojej dyspozycji<\/h2>\t\t\t\t<\/div>\n\t\t\t\t<\/div>\n\t\t\t\t\t<\/div>\n\t\t<\/div>\n\t\t\t\t\t<\/div>\n\t\t<\/section>\n\t\t\t\t<section class=\"elementor-section elementor-top-section elementor-element elementor-element-f0f0ab2 elementor-section-boxed elementor-section-height-default elementor-section-height-default\" data-id=\"f0f0ab2\" data-element_type=\"section\">\n\t\t\t\t\t\t<div class=\"elementor-container elementor-column-gap-default\">\n\t\t\t\t\t<div class=\"elementor-column elementor-col-50 elementor-top-column elementor-element elementor-element-df75edc\" data-id=\"df75edc\" data-element_type=\"column\">\n\t\t\t<div class=\"elementor-widget-wrap elementor-element-populated\">\n\t\t\t\t\t\t<div class=\"elementor-element elementor-element-5d3129f elementor-position-left elementor-vertical-align-top elementor-widget elementor-widget-image-box\" data-id=\"5d3129f\" data-element_type=\"widget\" data-widget_type=\"image-box.default\">\n\t\t\t\t<div class=\"elementor-widget-container\">\n\t\t\t\t\t<div class=\"elementor-image-box-wrapper\"><figure class=\"elementor-image-box-img\"><img decoding=\"async\" width=\"135\" height=\"141\" src=\"https:\/\/kalinski.pl\/serwis\/wp-content\/uploads\/smateusz.jpg\" class=\"attachment-full size-full wp-image-3005\" alt=\"smateusz\" \/><\/figure><div class=\"elementor-image-box-content\"><h3 class=\"elementor-image-box-title\">Mateusz<\/h3><p class=\"elementor-image-box-description\">Pojazdy osobowe, dostawcze<\/p><\/div><\/div>\t\t\t\t<\/div>\n\t\t\t\t<\/div>\n\t\t\t\t<div class=\"elementor-element elementor-element-ccda357 elementor-widget elementor-widget-text-editor\" data-id=\"ccda357\" data-element_type=\"widget\" data-widget_type=\"text-editor.default\">\n\t\t\t\t<div class=\"elementor-widget-container\">\n\t\t\t\t\t\t\t\t\t<p><a href=\"tel:0048618142777\">+48 61 814 27 77 \/ wew 101<\/a><\/p>\n<p>biuro@kalinski.pl<\/p>\t\t\t\t\t\t\t\t<\/div>\n\t\t\t\t<\/div>\n\t\t\t\t\t<\/div>\n\t\t<\/div>\n\t\t\t\t<div class=\"elementor-column elementor-col-50 elementor-top-column elementor-element elementor-element-6025541\" data-id=\"6025541\" data-element_type=\"column\">\n\t\t\t<div class=\"elementor-widget-wrap elementor-element-populated\">\n\t\t\t\t\t\t<div class=\"elementor-element elementor-element-b645a1a elementor-position-left elementor-vertical-align-top elementor-widget elementor-widget-image-box\" data-id=\"b645a1a\" data-element_type=\"widget\" data-widget_type=\"image-box.default\">\n\t\t\t\t<div class=\"elementor-widget-container\">\n\t\t\t\t\t<div class=\"elementor-image-box-wrapper\"><figure class=\"elementor-image-box-img\"><img decoding=\"async\" width=\"135\" height=\"141\" src=\"https:\/\/kalinski.pl\/serwis\/wp-content\/uploads\/sadam.jpg\" class=\"attachment-full size-full wp-image-3004\" alt=\"sadam\" \/><\/figure><div class=\"elementor-image-box-content\"><h3 class=\"elementor-image-box-title\">Adam<\/h3><p class=\"elementor-image-box-description\">Samochody ci\u0119\u017carowe<\/p><\/div><\/div>\t\t\t\t<\/div>\n\t\t\t\t<\/div>\n\t\t\t\t<div class=\"elementor-element elementor-element-7fa9a86 elementor-widget elementor-widget-text-editor\" data-id=\"7fa9a86\" data-element_type=\"widget\" data-widget_type=\"text-editor.default\">\n\t\t\t\t<div class=\"elementor-widget-container\">\n\t\t\t\t\t\t\t\t\t<p><a href=\"tel:0048618142777\">+48 61 814 27 77 \/ wew 102<\/a><\/p>\n<p>ciezarowe@kalinski.pl<\/p>\t\t\t\t\t\t\t\t<\/div>\n\t\t\t\t<\/div>\n\t\t\t\t\t<\/div>\n\t\t<\/div>\n\t\t\t\t\t<\/div>\n\t\t<\/section>\n\t\t\t\t<\/div>\n\t\t\r\n<!-- \/wp:html -->\r\n<!-- wp:tadv\/classic-paragraph \/-->\r\n<p>S\u0142owa kluczowe: regeneracja katalizator\u00f3w ferrari; czyszczenie katalizatora ferrari; naprawa katalizator\u00f3w ferrari; regeneracja filtr\u00f3w dpf ferrari; regeneracja filtr\u00f3w cz\u0105stek sta\u0142ych ferrari<\/p>","protected":false},"excerpt":{"rendered":"<p>&nbsp; Wymiana podzespo\u0142\u00f3w takich jak katalizatory i filtry DPF w ka\u017cdym samochodzie jest do\u015b\u0107 wysokim kosztem. Jednak\u017ce w\u0142a\u015bciciele aut zmuszeni s\u0105 do dbania o ich odpowiedni stan, poniewa\u017c ich w\u0142a\u015bciwe dzia\u0142anie jest niezb\u0119dne do prawid\u0142owej pracy samochodu. Montowane s\u0105 one w uk\u0142adzie wydechowym, filtruj\u0105c spaliny i wy\u0142apuj\u0105c z nich niespalone do ko\u0144ca cz\u0105stki jak r\u00f3wnie\u017c &hellip; <a href=\"https:\/\/kalinski.pl\/serwis\/regeneracja-katalizatorow-i-filtrow-dpf-ferrari\/\" class=\"more-link\">Czytaj dalej<span class=\"screen-reader-text\"> Regeneracja katalizator\u00f3w i filtr\u00f3w DPF Ferrari<\/span><\/a><\/p>\n","protected":false},"author":821795,"featured_media":0,"parent":0,"menu_order":0,"comment_status":"closed","ping_status":"closed","template":"","meta":{"footnotes":""},"class_list":["post-3187","page","type-page","status-publish","hentry"],"yoast_head":"<!-- This site is optimized with the Yoast SEO plugin v26.7 - https:\/\/yoast.com\/wordpress\/plugins\/seo\/ -->\n<title>Regeneracja katalizator\u00f3w i filtr\u00f3w DPF Ferrari | Kali\u0144ski<\/title>\n<meta name=\"description\" content=\"Ferrari to jedna z najbardziej presti\u017cowych marek, w zakresie naszych dzia\u0142a\u0144 jest regeneracja katalizator\u00f3w i filtr\u00f3w DPF Ferrari\" \/>\n<meta name=\"robots\" content=\"index, follow, max-snippet:-1, max-image-preview:large, max-video-preview:-1\" \/>\n<link rel=\"canonical\" href=\"https:\/\/kalinski.pl\/serwis\/regeneracja-katalizatorow-i-filtrow-dpf-ferrari\/\" \/>\n<meta property=\"og:locale\" content=\"pl_PL\" \/>\n<meta property=\"og:type\" content=\"article\" \/>\n<meta property=\"og:title\" content=\"Regeneracja katalizator\u00f3w i filtr\u00f3w DPF Ferrari | Kali\u0144ski\" \/>\n<meta property=\"og:description\" content=\"Ferrari to jedna z najbardziej presti\u017cowych marek, w zakresie naszych dzia\u0142a\u0144 jest regeneracja katalizator\u00f3w i filtr\u00f3w DPF Ferrari\" \/>\n<meta property=\"og:url\" content=\"https:\/\/kalinski.pl\/serwis\/regeneracja-katalizatorow-i-filtrow-dpf-ferrari\/\" \/>\n<meta property=\"og:site_name\" content=\"Kali\u0144ski\" \/>\n<meta property=\"og:image\" content=\"https:\/\/kalinski.pl\/wp-content\/uploads\/Filtry_Kalinski-1-1110x303.png\" \/>\n<meta name=\"twitter:card\" content=\"summary_large_image\" \/>\n<meta name=\"twitter:label1\" content=\"Szacowany czas czytania\" \/>\n\t<meta name=\"twitter:data1\" content=\"2 minuty\" \/>\n<script type=\"application\/ld+json\" class=\"yoast-schema-graph\">{\"@context\":\"https:\/\/schema.org\",\"@graph\":[{\"@type\":\"WebPage\",\"@id\":\"https:\/\/kalinski.pl\/serwis\/regeneracja-katalizatorow-i-filtrow-dpf-ferrari\/\",\"url\":\"https:\/\/kalinski.pl\/serwis\/regeneracja-katalizatorow-i-filtrow-dpf-ferrari\/\",\"name\":\"Regeneracja katalizator\u00f3w i filtr\u00f3w DPF Ferrari | Kali\u0144ski\",\"isPartOf\":{\"@id\":\"https:\/\/kalinski.pl\/serwis\/#website\"},\"primaryImageOfPage\":{\"@id\":\"https:\/\/kalinski.pl\/serwis\/regeneracja-katalizatorow-i-filtrow-dpf-ferrari\/#primaryimage\"},\"image\":{\"@id\":\"https:\/\/kalinski.pl\/serwis\/regeneracja-katalizatorow-i-filtrow-dpf-ferrari\/#primaryimage\"},\"thumbnailUrl\":\"https:\/\/kalinski.pl\/wp-content\/uploads\/Filtry_Kalinski-1-1110x303.png\",\"datePublished\":\"2021-03-02T07:31:04+00:00\",\"description\":\"Ferrari to jedna z najbardziej presti\u017cowych marek, w zakresie naszych dzia\u0142a\u0144 jest regeneracja katalizator\u00f3w i filtr\u00f3w DPF Ferrari\",\"breadcrumb\":{\"@id\":\"https:\/\/kalinski.pl\/serwis\/regeneracja-katalizatorow-i-filtrow-dpf-ferrari\/#breadcrumb\"},\"inLanguage\":\"pl-PL\",\"potentialAction\":[{\"@type\":\"ReadAction\",\"target\":[\"https:\/\/kalinski.pl\/serwis\/regeneracja-katalizatorow-i-filtrow-dpf-ferrari\/\"]}]},{\"@type\":\"ImageObject\",\"inLanguage\":\"pl-PL\",\"@id\":\"https:\/\/kalinski.pl\/serwis\/regeneracja-katalizatorow-i-filtrow-dpf-ferrari\/#primaryimage\",\"url\":\"https:\/\/kalinski.pl\/wp-content\/uploads\/Filtry_Kalinski-1-1110x303.png\",\"contentUrl\":\"https:\/\/kalinski.pl\/wp-content\/uploads\/Filtry_Kalinski-1-1110x303.png\"},{\"@type\":\"BreadcrumbList\",\"@id\":\"https:\/\/kalinski.pl\/serwis\/regeneracja-katalizatorow-i-filtrow-dpf-ferrari\/#breadcrumb\",\"itemListElement\":[{\"@type\":\"ListItem\",\"position\":1,\"name\":\"Strona g\u0142\u00f3wna\",\"item\":\"https:\/\/kalinski.pl\/serwis\/\"},{\"@type\":\"ListItem\",\"position\":2,\"name\":\"Regeneracja katalizator\u00f3w i filtr\u00f3w DPF Ferrari\"}]},{\"@type\":\"WebSite\",\"@id\":\"https:\/\/kalinski.pl\/serwis\/#website\",\"url\":\"https:\/\/kalinski.pl\/serwis\/\",\"name\":\"Kali\u0144ski\",\"description\":\"Uk\u0142ady wydechowe\",\"publisher\":{\"@id\":\"https:\/\/kalinski.pl\/serwis\/#organization\"},\"potentialAction\":[{\"@type\":\"SearchAction\",\"target\":{\"@type\":\"EntryPoint\",\"urlTemplate\":\"https:\/\/kalinski.pl\/serwis\/?s={search_term_string}\"},\"query-input\":{\"@type\":\"PropertyValueSpecification\",\"valueRequired\":true,\"valueName\":\"search_term_string\"}}],\"inLanguage\":\"pl-PL\"},{\"@type\":\"Organization\",\"@id\":\"https:\/\/kalinski.pl\/serwis\/#organization\",\"name\":\"Kali\u0144ski\",\"url\":\"https:\/\/kalinski.pl\/serwis\/\",\"logo\":{\"@type\":\"ImageObject\",\"inLanguage\":\"pl-PL\",\"@id\":\"https:\/\/kalinski.pl\/serwis\/#\/schema\/logo\/image\/\",\"url\":\"https:\/\/kalinski.pl\/serwis\/wp-content\/uploads\/2019\/03\/cropped-logo_white.jpg\",\"contentUrl\":\"https:\/\/kalinski.pl\/serwis\/wp-content\/uploads\/2019\/03\/cropped-logo_white.jpg\",\"width\":240,\"height\":63,\"caption\":\"Kali\u0144ski\"},\"image\":{\"@id\":\"https:\/\/kalinski.pl\/serwis\/#\/schema\/logo\/image\/\"}}]}<\/script>\n<!-- \/ Yoast SEO plugin. -->","yoast_head_json":{"title":"Regeneracja katalizator\u00f3w i filtr\u00f3w DPF Ferrari | Kali\u0144ski","description":"Ferrari to jedna z najbardziej presti\u017cowych marek, w zakresie naszych dzia\u0142a\u0144 jest regeneracja katalizator\u00f3w i filtr\u00f3w DPF Ferrari","robots":{"index":"index","follow":"follow","max-snippet":"max-snippet:-1","max-image-preview":"max-image-preview:large","max-video-preview":"max-video-preview:-1"},"canonical":"https:\/\/kalinski.pl\/serwis\/regeneracja-katalizatorow-i-filtrow-dpf-ferrari\/","og_locale":"pl_PL","og_type":"article","og_title":"Regeneracja katalizator\u00f3w i filtr\u00f3w DPF Ferrari | Kali\u0144ski","og_description":"Ferrari to jedna z najbardziej presti\u017cowych marek, w zakresie naszych dzia\u0142a\u0144 jest regeneracja katalizator\u00f3w i filtr\u00f3w DPF Ferrari","og_url":"https:\/\/kalinski.pl\/serwis\/regeneracja-katalizatorow-i-filtrow-dpf-ferrari\/","og_site_name":"Kali\u0144ski","og_image":[{"url":"https:\/\/kalinski.pl\/wp-content\/uploads\/Filtry_Kalinski-1-1110x303.png","type":"","width":"","height":""}],"twitter_card":"summary_large_image","twitter_misc":{"Szacowany czas czytania":"2 minuty"},"schema":{"@context":"https:\/\/schema.org","@graph":[{"@type":"WebPage","@id":"https:\/\/kalinski.pl\/serwis\/regeneracja-katalizatorow-i-filtrow-dpf-ferrari\/","url":"https:\/\/kalinski.pl\/serwis\/regeneracja-katalizatorow-i-filtrow-dpf-ferrari\/","name":"Regeneracja katalizator\u00f3w i filtr\u00f3w DPF Ferrari | Kali\u0144ski","isPartOf":{"@id":"https:\/\/kalinski.pl\/serwis\/#website"},"primaryImageOfPage":{"@id":"https:\/\/kalinski.pl\/serwis\/regeneracja-katalizatorow-i-filtrow-dpf-ferrari\/#primaryimage"},"image":{"@id":"https:\/\/kalinski.pl\/serwis\/regeneracja-katalizatorow-i-filtrow-dpf-ferrari\/#primaryimage"},"thumbnailUrl":"https:\/\/kalinski.pl\/wp-content\/uploads\/Filtry_Kalinski-1-1110x303.png","datePublished":"2021-03-02T07:31:04+00:00","description":"Ferrari to jedna z najbardziej presti\u017cowych marek, w zakresie naszych dzia\u0142a\u0144 jest regeneracja katalizator\u00f3w i filtr\u00f3w DPF Ferrari","breadcrumb":{"@id":"https:\/\/kalinski.pl\/serwis\/regeneracja-katalizatorow-i-filtrow-dpf-ferrari\/#breadcrumb"},"inLanguage":"pl-PL","potentialAction":[{"@type":"ReadAction","target":["https:\/\/kalinski.pl\/serwis\/regeneracja-katalizatorow-i-filtrow-dpf-ferrari\/"]}]},{"@type":"ImageObject","inLanguage":"pl-PL","@id":"https:\/\/kalinski.pl\/serwis\/regeneracja-katalizatorow-i-filtrow-dpf-ferrari\/#primaryimage","url":"https:\/\/kalinski.pl\/wp-content\/uploads\/Filtry_Kalinski-1-1110x303.png","contentUrl":"https:\/\/kalinski.pl\/wp-content\/uploads\/Filtry_Kalinski-1-1110x303.png"},{"@type":"BreadcrumbList","@id":"https:\/\/kalinski.pl\/serwis\/regeneracja-katalizatorow-i-filtrow-dpf-ferrari\/#breadcrumb","itemListElement":[{"@type":"ListItem","position":1,"name":"Strona g\u0142\u00f3wna","item":"https:\/\/kalinski.pl\/serwis\/"},{"@type":"ListItem","position":2,"name":"Regeneracja katalizator\u00f3w i filtr\u00f3w DPF Ferrari"}]},{"@type":"WebSite","@id":"https:\/\/kalinski.pl\/serwis\/#website","url":"https:\/\/kalinski.pl\/serwis\/","name":"Kali\u0144ski","description":"Uk\u0142ady wydechowe","publisher":{"@id":"https:\/\/kalinski.pl\/serwis\/#organization"},"potentialAction":[{"@type":"SearchAction","target":{"@type":"EntryPoint","urlTemplate":"https:\/\/kalinski.pl\/serwis\/?s={search_term_string}"},"query-input":{"@type":"PropertyValueSpecification","valueRequired":true,"valueName":"search_term_string"}}],"inLanguage":"pl-PL"},{"@type":"Organization","@id":"https:\/\/kalinski.pl\/serwis\/#organization","name":"Kali\u0144ski","url":"https:\/\/kalinski.pl\/serwis\/","logo":{"@type":"ImageObject","inLanguage":"pl-PL","@id":"https:\/\/kalinski.pl\/serwis\/#\/schema\/logo\/image\/","url":"https:\/\/kalinski.pl\/serwis\/wp-content\/uploads\/2019\/03\/cropped-logo_white.jpg","contentUrl":"https:\/\/kalinski.pl\/serwis\/wp-content\/uploads\/2019\/03\/cropped-logo_white.jpg","width":240,"height":63,"caption":"Kali\u0144ski"},"image":{"@id":"https:\/\/kalinski.pl\/serwis\/#\/schema\/logo\/image\/"}}]}},"_links":{"self":[{"href":"https:\/\/kalinski.pl\/serwis\/wp-json\/wp\/v2\/pages\/3187","targetHints":{"allow":["GET"]}}],"collection":[{"href":"https:\/\/kalinski.pl\/serwis\/wp-json\/wp\/v2\/pages"}],"about":[{"href":"https:\/\/kalinski.pl\/serwis\/wp-json\/wp\/v2\/types\/page"}],"author":[{"embeddable":true,"href":"https:\/\/kalinski.pl\/serwis\/wp-json\/wp\/v2\/users\/821795"}],"replies":[{"embeddable":true,"href":"https:\/\/kalinski.pl\/serwis\/wp-json\/wp\/v2\/comments?post=3187"}],"version-history":[{"count":0,"href":"https:\/\/kalinski.pl\/serwis\/wp-json\/wp\/v2\/pages\/3187\/revisions"}],"wp:attachment":[{"href":"https:\/\/kalinski.pl\/serwis\/wp-json\/wp\/v2\/media?parent=3187"}],"curies":[{"name":"wp","href":"https:\/\/api.w.org\/{rel}","templated":true}]}}