{"id":3109,"date":"2021-02-02T09:04:22","date_gmt":"2021-02-02T08:04:22","guid":{"rendered":"https:\/\/kalinski.pl\/?page_id=3109"},"modified":"2021-02-02T09:04:22","modified_gmt":"2021-02-02T08:04:22","slug":"regeneracja-katalizatorow-i-filtrow-dpf-poznan-winogrady","status":"publish","type":"page","link":"https:\/\/kalinski.pl\/serwis\/regeneracja-katalizatorow-i-filtrow-dpf-poznan-winogrady\/","title":{"rendered":"Regeneracja katalizator\u00f3w i filtr\u00f3w DPF Pozna\u0144 Winogrady"},"content":{"rendered":"\r\n<figure class=\"wp-block-image size-large\"><img fetchpriority=\"high\" decoding=\"async\" width=\"1110\" height=\"303\" class=\"wp-image-1568\" src=\"https:\/\/kalinski.pl\/wp-content\/uploads\/Filtry_Kalinski-1-1110x303.png\" alt=\"\"><\/figure>\r\n\r\n\r\n<p align=\"justify\">&nbsp;<\/p>\r\n<p align=\"justify\">Katalizatory i filtry DPF to wa\u017cne cz\u0119\u015bci uk\u0142adu wydechowego, kt\u00f3re dbaj\u0105 o to, aby spaliny stanowi\u0142y jak najmniejsze zagro\u017cenie dla \u015brodowiska oraz zdrowia cz\u0142owieka. Nara\u017cone s\u0105 jednak na ci\u0119\u017ckie warunki pracy, dlatego mog\u0105 si\u0119 psu\u0107, zapycha\u0107, b\u0105d\u017a zu\u017cywa\u0107. Jak rozpozna\u0107, \u017ce zbli\u017ca si\u0119 czas wymiany tych cz\u0119\u015bci? Wystarczy obserwowa\u0107 i nas\u0142uchiwa\u0107 swoje auto. Gdy w trakcie jazdy pojawi si\u0119 na przyk\u0142ad grzechotanie, przyduszanie silnika, spadek mocy, zapal\u0105 si\u0119 kontrolki \u201cCheck engine\u201d, kt\u00f3ra jak mo\u017cna domniema\u0107 mo\u017ce oznacza\u0107 na przyk\u0142ad potocznie zwany b\u0142\u0105d PO420 lub wyra\u017anie wzro\u015bnie zu\u017cycie paliwa &#8211; to znak, \u017ceby sprawdzi\u0107 stan katalizatora.<\/p>\r\n\r\n\r\n<p>Zu\u017cyte lub zapchane cz\u0119\u015bci mo\u017cna wymieni\u0107 na nowe dost\u0119pne w szerokiej ofercie firmy Kali\u0144ski (zar\u00f3wno oryginalne, jak i zamienniki), albo skorzysta\u0107 z ekonomicznie korzystnej us\u0142ugi, jak\u0105 jest regeneracja katalizator\u00f3w Pozna\u0144 Winogrady, czy regeneracja filtr\u00f3w DPF Pozna\u0144 Winogrady. Zar\u00f3wno naprawa katalizator\u00f3w Pozna\u0144 Winogrady, jak i regeneracja filtr\u00f3w cz\u0105stek sta\u0142ych Pozna\u0144 Winogrady w samochodach ci\u0119\u017carowych prowadzone s\u0105 przy u\u017cyciu specjalistycznego urz\u0105dzenia Hartridge, kt\u00f3ry rekomendowany jest przez najwi\u0119ksze marki pojazd\u00f3w spalinowych. Je\u015bli chodzi o samochody osobowe, regeneracja katalizator\u00f3w polega na wymianie wk\u0142ad\u00f3w ceramicznych. To skuteczny spos\u00f3b na przywr\u00f3cenie pe\u0142nej sprawno\u015bci cz\u0119\u015bci\u0105 uk\u0142adu wydechowego.<\/p>\r\n<p>Dzi\u0119ki wiedzy i do\u015bwiadczeniu specjalist\u00f3w pracuj\u0105cych w firmie Kali\u0144ski ka\u017cda \u015bwiadczona us\u0142uga odbywa si\u0119 na najwy\u017cszym poziomie, aby szybko i sprawnie uzyska\u0107 po\u017c\u0105dany efekt. Naprawa katalizator\u00f3w Pozna\u0144 Winogrady cieszy si\u0119 zainteresowaniem i du\u017c\u0105 satysfakcj\u0105 klient\u00f3w, kt\u00f3rzy dzi\u0119ki firmie Kali\u0144ski oszcz\u0119dzaj\u0105 i mog\u0105 korzysta\u0107 z pe\u0142nosprawnych cz\u0119\u015bci pojazdu.<\/p>\r\n\r\n\r\n<p>\r\n<\/p>\r\n\t\t<div data-elementor-type=\"wp-post\" data-elementor-id=\"3002\" class=\"elementor elementor-3002\">\n\t\t\t\t\t\t<section class=\"elementor-section elementor-top-section elementor-element elementor-element-cefde73 elementor-section-boxed elementor-section-height-default elementor-section-height-default\" data-id=\"cefde73\" data-element_type=\"section\">\n\t\t\t\t\t\t<div class=\"elementor-container elementor-column-gap-default\">\n\t\t\t\t\t<div class=\"elementor-column elementor-col-100 elementor-top-column elementor-element elementor-element-970e36a\" data-id=\"970e36a\" data-element_type=\"column\">\n\t\t\t<div class=\"elementor-widget-wrap elementor-element-populated\">\n\t\t\t\t\t\t<div class=\"elementor-element elementor-element-6c30b54 elementor-widget elementor-widget-heading\" data-id=\"6c30b54\" data-element_type=\"widget\" data-widget_type=\"heading.default\">\n\t\t\t\t<div class=\"elementor-widget-container\">\n\t\t\t\t\t<h2 class=\"elementor-heading-title elementor-size-default\">Jeste\u015bmy do Twojej dyspozycji<\/h2>\t\t\t\t<\/div>\n\t\t\t\t<\/div>\n\t\t\t\t\t<\/div>\n\t\t<\/div>\n\t\t\t\t\t<\/div>\n\t\t<\/section>\n\t\t\t\t<section class=\"elementor-section elementor-top-section elementor-element elementor-element-f0f0ab2 elementor-section-boxed elementor-section-height-default elementor-section-height-default\" data-id=\"f0f0ab2\" data-element_type=\"section\">\n\t\t\t\t\t\t<div class=\"elementor-container elementor-column-gap-default\">\n\t\t\t\t\t<div class=\"elementor-column elementor-col-50 elementor-top-column elementor-element elementor-element-df75edc\" data-id=\"df75edc\" data-element_type=\"column\">\n\t\t\t<div class=\"elementor-widget-wrap elementor-element-populated\">\n\t\t\t\t\t\t<div class=\"elementor-element elementor-element-5d3129f elementor-position-left elementor-vertical-align-top elementor-widget elementor-widget-image-box\" data-id=\"5d3129f\" data-element_type=\"widget\" data-widget_type=\"image-box.default\">\n\t\t\t\t<div class=\"elementor-widget-container\">\n\t\t\t\t\t<div class=\"elementor-image-box-wrapper\"><figure class=\"elementor-image-box-img\"><img decoding=\"async\" width=\"135\" height=\"141\" src=\"https:\/\/kalinski.pl\/serwis\/wp-content\/uploads\/smateusz.jpg\" class=\"attachment-full size-full wp-image-3005\" alt=\"smateusz\" \/><\/figure><div class=\"elementor-image-box-content\"><h3 class=\"elementor-image-box-title\">Mateusz<\/h3><p class=\"elementor-image-box-description\">Pojazdy osobowe, dostawcze<\/p><\/div><\/div>\t\t\t\t<\/div>\n\t\t\t\t<\/div>\n\t\t\t\t<div class=\"elementor-element elementor-element-ccda357 elementor-widget elementor-widget-text-editor\" data-id=\"ccda357\" data-element_type=\"widget\" data-widget_type=\"text-editor.default\">\n\t\t\t\t<div class=\"elementor-widget-container\">\n\t\t\t\t\t\t\t\t\t<p><a href=\"tel:0048618142777\">+48 61 814 27 77 \/ wew 101<\/a><\/p>\n<p>biuro@kalinski.pl<\/p>\t\t\t\t\t\t\t\t<\/div>\n\t\t\t\t<\/div>\n\t\t\t\t\t<\/div>\n\t\t<\/div>\n\t\t\t\t<div class=\"elementor-column elementor-col-50 elementor-top-column elementor-element elementor-element-6025541\" data-id=\"6025541\" data-element_type=\"column\">\n\t\t\t<div class=\"elementor-widget-wrap elementor-element-populated\">\n\t\t\t\t\t\t<div class=\"elementor-element elementor-element-b645a1a elementor-position-left elementor-vertical-align-top elementor-widget elementor-widget-image-box\" data-id=\"b645a1a\" data-element_type=\"widget\" data-widget_type=\"image-box.default\">\n\t\t\t\t<div class=\"elementor-widget-container\">\n\t\t\t\t\t<div class=\"elementor-image-box-wrapper\"><figure class=\"elementor-image-box-img\"><img decoding=\"async\" width=\"135\" height=\"141\" src=\"https:\/\/kalinski.pl\/serwis\/wp-content\/uploads\/sadam.jpg\" class=\"attachment-full size-full wp-image-3004\" alt=\"sadam\" \/><\/figure><div class=\"elementor-image-box-content\"><h3 class=\"elementor-image-box-title\">Adam<\/h3><p class=\"elementor-image-box-description\">Samochody ci\u0119\u017carowe<\/p><\/div><\/div>\t\t\t\t<\/div>\n\t\t\t\t<\/div>\n\t\t\t\t<div class=\"elementor-element elementor-element-7fa9a86 elementor-widget elementor-widget-text-editor\" data-id=\"7fa9a86\" data-element_type=\"widget\" data-widget_type=\"text-editor.default\">\n\t\t\t\t<div class=\"elementor-widget-container\">\n\t\t\t\t\t\t\t\t\t<p><a href=\"tel:0048618142777\">+48 61 814 27 77 \/ wew 102<\/a><\/p>\n<p>ciezarowe@kalinski.pl<\/p>\t\t\t\t\t\t\t\t<\/div>\n\t\t\t\t<\/div>\n\t\t\t\t\t<\/div>\n\t\t<\/div>\n\t\t\t\t\t<\/div>\n\t\t<\/section>\n\t\t\t\t<\/div>\n\t\t\r\n<!-- \/wp:html -->\r\n<!-- wp:tadv\/classic-paragraph \/-->\r\n<p>S\u0142owa kluczowe: regeneracja katalizator\u00f3w pozna\u0144 winogrady, czyszczenie katalizatora pozna\u0144 winogrady, naprawa katalizatora pozna\u0144 winogrady, regeneracja filtr\u00f3w dpf pozna\u0144 winogrady, regeneracja filtr\u00f3w cz\u0105stek sta\u0142ych pozna\u0144 winogrady<\/p>","protected":false},"excerpt":{"rendered":"<p>&nbsp; Katalizatory i filtry DPF to wa\u017cne cz\u0119\u015bci uk\u0142adu wydechowego, kt\u00f3re dbaj\u0105 o to, aby spaliny stanowi\u0142y jak najmniejsze zagro\u017cenie dla \u015brodowiska oraz zdrowia cz\u0142owieka. Nara\u017cone s\u0105 jednak na ci\u0119\u017ckie warunki pracy, dlatego mog\u0105 si\u0119 psu\u0107, zapycha\u0107, b\u0105d\u017a zu\u017cywa\u0107. Jak rozpozna\u0107, \u017ce zbli\u017ca si\u0119 czas wymiany tych cz\u0119\u015bci? Wystarczy obserwowa\u0107 i nas\u0142uchiwa\u0107 swoje auto. Gdy &hellip; <a href=\"https:\/\/kalinski.pl\/serwis\/regeneracja-katalizatorow-i-filtrow-dpf-poznan-winogrady\/\" class=\"more-link\">Czytaj dalej<span class=\"screen-reader-text\"> Regeneracja katalizator\u00f3w i filtr\u00f3w DPF Pozna\u0144 Winogrady<\/span><\/a><\/p>\n","protected":false},"author":821795,"featured_media":0,"parent":0,"menu_order":0,"comment_status":"closed","ping_status":"closed","template":"","meta":{"footnotes":""},"class_list":["post-3109","page","type-page","status-publish","hentry"],"yoast_head":"<!-- This site is optimized with the Yoast SEO plugin v26.7 - https:\/\/yoast.com\/wordpress\/plugins\/seo\/ -->\n<title>Regeneracja katalizator\u00f3w i filtr\u00f3w DPF Pozna\u0144 Winogrady | Kali\u0144ski<\/title>\n<meta name=\"description\" content=\"Winogrady to bliska nam dzielnica, dlatego z sukcesami realizujemy us\u0142ugi: regeneracja katalizator\u00f3w i filtr\u00f3w DPF Pozna\u0144 Winogrady\" \/>\n<meta name=\"robots\" content=\"index, follow, max-snippet:-1, max-image-preview:large, max-video-preview:-1\" \/>\n<link rel=\"canonical\" href=\"https:\/\/kalinski.pl\/serwis\/regeneracja-katalizatorow-i-filtrow-dpf-poznan-winogrady\/\" \/>\n<meta property=\"og:locale\" content=\"pl_PL\" \/>\n<meta property=\"og:type\" content=\"article\" \/>\n<meta property=\"og:title\" content=\"Regeneracja katalizator\u00f3w i filtr\u00f3w DPF Pozna\u0144 Winogrady | Kali\u0144ski\" \/>\n<meta property=\"og:description\" content=\"Winogrady to bliska nam dzielnica, dlatego z sukcesami realizujemy us\u0142ugi: regeneracja katalizator\u00f3w i filtr\u00f3w DPF Pozna\u0144 Winogrady\" \/>\n<meta property=\"og:url\" content=\"https:\/\/kalinski.pl\/serwis\/regeneracja-katalizatorow-i-filtrow-dpf-poznan-winogrady\/\" \/>\n<meta property=\"og:site_name\" content=\"Kali\u0144ski\" \/>\n<meta property=\"og:image\" content=\"https:\/\/kalinski.pl\/wp-content\/uploads\/Filtry_Kalinski-1-1110x303.png\" \/>\n<meta name=\"twitter:card\" content=\"summary_large_image\" \/>\n<meta name=\"twitter:label1\" content=\"Szacowany czas czytania\" \/>\n\t<meta name=\"twitter:data1\" content=\"2 minuty\" \/>\n<script type=\"application\/ld+json\" class=\"yoast-schema-graph\">{\"@context\":\"https:\/\/schema.org\",\"@graph\":[{\"@type\":\"WebPage\",\"@id\":\"https:\/\/kalinski.pl\/serwis\/regeneracja-katalizatorow-i-filtrow-dpf-poznan-winogrady\/\",\"url\":\"https:\/\/kalinski.pl\/serwis\/regeneracja-katalizatorow-i-filtrow-dpf-poznan-winogrady\/\",\"name\":\"Regeneracja katalizator\u00f3w i filtr\u00f3w DPF Pozna\u0144 Winogrady | Kali\u0144ski\",\"isPartOf\":{\"@id\":\"https:\/\/kalinski.pl\/serwis\/#website\"},\"primaryImageOfPage\":{\"@id\":\"https:\/\/kalinski.pl\/serwis\/regeneracja-katalizatorow-i-filtrow-dpf-poznan-winogrady\/#primaryimage\"},\"image\":{\"@id\":\"https:\/\/kalinski.pl\/serwis\/regeneracja-katalizatorow-i-filtrow-dpf-poznan-winogrady\/#primaryimage\"},\"thumbnailUrl\":\"https:\/\/kalinski.pl\/wp-content\/uploads\/Filtry_Kalinski-1-1110x303.png\",\"datePublished\":\"2021-02-02T08:04:22+00:00\",\"description\":\"Winogrady to bliska nam dzielnica, dlatego z sukcesami realizujemy us\u0142ugi: regeneracja katalizator\u00f3w i filtr\u00f3w DPF Pozna\u0144 Winogrady\",\"breadcrumb\":{\"@id\":\"https:\/\/kalinski.pl\/serwis\/regeneracja-katalizatorow-i-filtrow-dpf-poznan-winogrady\/#breadcrumb\"},\"inLanguage\":\"pl-PL\",\"potentialAction\":[{\"@type\":\"ReadAction\",\"target\":[\"https:\/\/kalinski.pl\/serwis\/regeneracja-katalizatorow-i-filtrow-dpf-poznan-winogrady\/\"]}]},{\"@type\":\"ImageObject\",\"inLanguage\":\"pl-PL\",\"@id\":\"https:\/\/kalinski.pl\/serwis\/regeneracja-katalizatorow-i-filtrow-dpf-poznan-winogrady\/#primaryimage\",\"url\":\"https:\/\/kalinski.pl\/wp-content\/uploads\/Filtry_Kalinski-1-1110x303.png\",\"contentUrl\":\"https:\/\/kalinski.pl\/wp-content\/uploads\/Filtry_Kalinski-1-1110x303.png\"},{\"@type\":\"BreadcrumbList\",\"@id\":\"https:\/\/kalinski.pl\/serwis\/regeneracja-katalizatorow-i-filtrow-dpf-poznan-winogrady\/#breadcrumb\",\"itemListElement\":[{\"@type\":\"ListItem\",\"position\":1,\"name\":\"Strona g\u0142\u00f3wna\",\"item\":\"https:\/\/kalinski.pl\/serwis\/\"},{\"@type\":\"ListItem\",\"position\":2,\"name\":\"Regeneracja katalizator\u00f3w i filtr\u00f3w DPF Pozna\u0144 Winogrady\"}]},{\"@type\":\"WebSite\",\"@id\":\"https:\/\/kalinski.pl\/serwis\/#website\",\"url\":\"https:\/\/kalinski.pl\/serwis\/\",\"name\":\"Kali\u0144ski\",\"description\":\"Uk\u0142ady wydechowe\",\"publisher\":{\"@id\":\"https:\/\/kalinski.pl\/serwis\/#organization\"},\"potentialAction\":[{\"@type\":\"SearchAction\",\"target\":{\"@type\":\"EntryPoint\",\"urlTemplate\":\"https:\/\/kalinski.pl\/serwis\/?s={search_term_string}\"},\"query-input\":{\"@type\":\"PropertyValueSpecification\",\"valueRequired\":true,\"valueName\":\"search_term_string\"}}],\"inLanguage\":\"pl-PL\"},{\"@type\":\"Organization\",\"@id\":\"https:\/\/kalinski.pl\/serwis\/#organization\",\"name\":\"Kali\u0144ski\",\"url\":\"https:\/\/kalinski.pl\/serwis\/\",\"logo\":{\"@type\":\"ImageObject\",\"inLanguage\":\"pl-PL\",\"@id\":\"https:\/\/kalinski.pl\/serwis\/#\/schema\/logo\/image\/\",\"url\":\"https:\/\/kalinski.pl\/serwis\/wp-content\/uploads\/2019\/03\/cropped-logo_white.jpg\",\"contentUrl\":\"https:\/\/kalinski.pl\/serwis\/wp-content\/uploads\/2019\/03\/cropped-logo_white.jpg\",\"width\":240,\"height\":63,\"caption\":\"Kali\u0144ski\"},\"image\":{\"@id\":\"https:\/\/kalinski.pl\/serwis\/#\/schema\/logo\/image\/\"}}]}<\/script>\n<!-- \/ Yoast SEO plugin. -->","yoast_head_json":{"title":"Regeneracja katalizator\u00f3w i filtr\u00f3w DPF Pozna\u0144 Winogrady | Kali\u0144ski","description":"Winogrady to bliska nam dzielnica, dlatego z sukcesami realizujemy us\u0142ugi: regeneracja katalizator\u00f3w i filtr\u00f3w DPF Pozna\u0144 Winogrady","robots":{"index":"index","follow":"follow","max-snippet":"max-snippet:-1","max-image-preview":"max-image-preview:large","max-video-preview":"max-video-preview:-1"},"canonical":"https:\/\/kalinski.pl\/serwis\/regeneracja-katalizatorow-i-filtrow-dpf-poznan-winogrady\/","og_locale":"pl_PL","og_type":"article","og_title":"Regeneracja katalizator\u00f3w i filtr\u00f3w DPF Pozna\u0144 Winogrady | Kali\u0144ski","og_description":"Winogrady to bliska nam dzielnica, dlatego z sukcesami realizujemy us\u0142ugi: regeneracja katalizator\u00f3w i filtr\u00f3w DPF Pozna\u0144 Winogrady","og_url":"https:\/\/kalinski.pl\/serwis\/regeneracja-katalizatorow-i-filtrow-dpf-poznan-winogrady\/","og_site_name":"Kali\u0144ski","og_image":[{"url":"https:\/\/kalinski.pl\/wp-content\/uploads\/Filtry_Kalinski-1-1110x303.png","type":"","width":"","height":""}],"twitter_card":"summary_large_image","twitter_misc":{"Szacowany czas czytania":"2 minuty"},"schema":{"@context":"https:\/\/schema.org","@graph":[{"@type":"WebPage","@id":"https:\/\/kalinski.pl\/serwis\/regeneracja-katalizatorow-i-filtrow-dpf-poznan-winogrady\/","url":"https:\/\/kalinski.pl\/serwis\/regeneracja-katalizatorow-i-filtrow-dpf-poznan-winogrady\/","name":"Regeneracja katalizator\u00f3w i filtr\u00f3w DPF Pozna\u0144 Winogrady | Kali\u0144ski","isPartOf":{"@id":"https:\/\/kalinski.pl\/serwis\/#website"},"primaryImageOfPage":{"@id":"https:\/\/kalinski.pl\/serwis\/regeneracja-katalizatorow-i-filtrow-dpf-poznan-winogrady\/#primaryimage"},"image":{"@id":"https:\/\/kalinski.pl\/serwis\/regeneracja-katalizatorow-i-filtrow-dpf-poznan-winogrady\/#primaryimage"},"thumbnailUrl":"https:\/\/kalinski.pl\/wp-content\/uploads\/Filtry_Kalinski-1-1110x303.png","datePublished":"2021-02-02T08:04:22+00:00","description":"Winogrady to bliska nam dzielnica, dlatego z sukcesami realizujemy us\u0142ugi: regeneracja katalizator\u00f3w i filtr\u00f3w DPF Pozna\u0144 Winogrady","breadcrumb":{"@id":"https:\/\/kalinski.pl\/serwis\/regeneracja-katalizatorow-i-filtrow-dpf-poznan-winogrady\/#breadcrumb"},"inLanguage":"pl-PL","potentialAction":[{"@type":"ReadAction","target":["https:\/\/kalinski.pl\/serwis\/regeneracja-katalizatorow-i-filtrow-dpf-poznan-winogrady\/"]}]},{"@type":"ImageObject","inLanguage":"pl-PL","@id":"https:\/\/kalinski.pl\/serwis\/regeneracja-katalizatorow-i-filtrow-dpf-poznan-winogrady\/#primaryimage","url":"https:\/\/kalinski.pl\/wp-content\/uploads\/Filtry_Kalinski-1-1110x303.png","contentUrl":"https:\/\/kalinski.pl\/wp-content\/uploads\/Filtry_Kalinski-1-1110x303.png"},{"@type":"BreadcrumbList","@id":"https:\/\/kalinski.pl\/serwis\/regeneracja-katalizatorow-i-filtrow-dpf-poznan-winogrady\/#breadcrumb","itemListElement":[{"@type":"ListItem","position":1,"name":"Strona g\u0142\u00f3wna","item":"https:\/\/kalinski.pl\/serwis\/"},{"@type":"ListItem","position":2,"name":"Regeneracja katalizator\u00f3w i filtr\u00f3w DPF Pozna\u0144 Winogrady"}]},{"@type":"WebSite","@id":"https:\/\/kalinski.pl\/serwis\/#website","url":"https:\/\/kalinski.pl\/serwis\/","name":"Kali\u0144ski","description":"Uk\u0142ady wydechowe","publisher":{"@id":"https:\/\/kalinski.pl\/serwis\/#organization"},"potentialAction":[{"@type":"SearchAction","target":{"@type":"EntryPoint","urlTemplate":"https:\/\/kalinski.pl\/serwis\/?s={search_term_string}"},"query-input":{"@type":"PropertyValueSpecification","valueRequired":true,"valueName":"search_term_string"}}],"inLanguage":"pl-PL"},{"@type":"Organization","@id":"https:\/\/kalinski.pl\/serwis\/#organization","name":"Kali\u0144ski","url":"https:\/\/kalinski.pl\/serwis\/","logo":{"@type":"ImageObject","inLanguage":"pl-PL","@id":"https:\/\/kalinski.pl\/serwis\/#\/schema\/logo\/image\/","url":"https:\/\/kalinski.pl\/serwis\/wp-content\/uploads\/2019\/03\/cropped-logo_white.jpg","contentUrl":"https:\/\/kalinski.pl\/serwis\/wp-content\/uploads\/2019\/03\/cropped-logo_white.jpg","width":240,"height":63,"caption":"Kali\u0144ski"},"image":{"@id":"https:\/\/kalinski.pl\/serwis\/#\/schema\/logo\/image\/"}}]}},"_links":{"self":[{"href":"https:\/\/kalinski.pl\/serwis\/wp-json\/wp\/v2\/pages\/3109","targetHints":{"allow":["GET"]}}],"collection":[{"href":"https:\/\/kalinski.pl\/serwis\/wp-json\/wp\/v2\/pages"}],"about":[{"href":"https:\/\/kalinski.pl\/serwis\/wp-json\/wp\/v2\/types\/page"}],"author":[{"embeddable":true,"href":"https:\/\/kalinski.pl\/serwis\/wp-json\/wp\/v2\/users\/821795"}],"replies":[{"embeddable":true,"href":"https:\/\/kalinski.pl\/serwis\/wp-json\/wp\/v2\/comments?post=3109"}],"version-history":[{"count":0,"href":"https:\/\/kalinski.pl\/serwis\/wp-json\/wp\/v2\/pages\/3109\/revisions"}],"wp:attachment":[{"href":"https:\/\/kalinski.pl\/serwis\/wp-json\/wp\/v2\/media?parent=3109"}],"curies":[{"name":"wp","href":"https:\/\/api.w.org\/{rel}","templated":true}]}}