{"id":2984,"date":"2021-01-13T11:00:40","date_gmt":"2021-01-13T10:00:40","guid":{"rendered":"https:\/\/kalinski.pl\/?page_id=2984"},"modified":"2021-01-13T11:04:55","modified_gmt":"2021-01-13T10:04:55","slug":"regeneracja-katalizatorow-i-filtrow-dpf-poznan-chartowo","status":"publish","type":"page","link":"https:\/\/kalinski.pl\/serwis\/regeneracja-katalizatorow-i-filtrow-dpf-poznan-chartowo\/","title":{"rendered":"Regeneracja katalizator\u00f3w i filtr\u00f3w DPF Pozna\u0144 Chartowo"},"content":{"rendered":"\r\n<figure class=\"wp-block-image size-large\"><img fetchpriority=\"high\" decoding=\"async\" width=\"1110\" height=\"303\" class=\"wp-image-1568\" src=\"https:\/\/kalinski.pl\/wp-content\/uploads\/Filtry_Kalinski-1-1110x303.png\" alt=\"\"><\/figure>\r\n\r\n\r\n<p align=\"justify\">Tak wa\u017cne elementy uk\u0142adu wydechowego auta, jak katalizator, czy filtry DPF cz\u0119sto ulegaj\u0105 zapchaniu, czy zu\u017cyciu. Wp\u0142ywa na to ich po\u0142o\u017cenie, nara\u017cenie na du\u017ce przeci\u0105\u017cenia cieplne, u\u017cywanie s\u0142abej jako\u015bci paliwa, a tak\u017ce zbyt rzadka wymiana filtr\u00f3w paliwowych i oleju silnikowego. Gdy przestaj\u0105 dzia\u0142a\u0107 prawid\u0142owo nale\u017cy wymieni\u0107 je na ca\u0142kiem nowe (firma Kali\u0144ski oferuje zakup nowych &#8211; oryginalnych, u\u017cywanych &#8211; przywr\u00f3conych do sprawno\u015bci, a tak\u017ce nieco ta\u0144szych zamiennik\u00f3w), lub skorzysta\u0107 z profesjonalnej us\u0142ugi: <strong>regeneracja katalizator\u00f3w Pozna\u0144 Chartowo<\/strong> i <strong>regeneracja filtr\u00f3w DPF Pozna\u0144 Chartowo.<\/strong><\/p>\r\n\r\n\r\n<p><strong>Naprawa katalizator\u00f3w Pozna\u0144 Chartowo<\/strong> samochod\u00f3w osobowych w firmie Kali\u0144ski polega mi\u0119dzy innymi na wymianie wk\u0142ad\u00f3w ceramicznych. Natomiast przy samochodach ci\u0119\u017carowych wykorzystywany jest opcjonalnie specjalistyczny piec Hartridge, w kt\u00f3rym nasi specjali\u015bci sprawnie wypalaj\u0105 cz\u0119\u015bci wysok\u0105 temperatur\u0105 600 stopni Celsjusza, aby zamieni\u0107 w popi\u00f3\u0142 wszelkie zanieczyszczenia i sadz\u0119. Tak profesjonalnie wykonane <strong>czyszczenie katalizatora Pozna\u0144 Chartowo<\/strong> pozwala zachowa\u0107 cz\u0119\u015bci uk\u0142adu wydechowego w doskona\u0142ym stanie, przywracaj\u0105c im pierwotn\u0105 sprawno\u015b\u0107. Poza us\u0142ugami, takimi jak mi\u0119dzy innymi <strong>regeneracja filtr\u00f3w cz\u0105stek sta\u0142ych Pozna\u0144 Chartowo<\/strong>, firma Kali\u0144ski oferuje du\u017cy wyb\u00f3r cz\u0119\u015bci samochodowych od sprawdzonych dostawc\u00f3w (przechowywanych na powierzchni 14 000 m2 magazynu), efektywny serwis wykonywany przez do\u015bwiadczonych specjalist\u00f3w mechanik\u00f3w. Wszystko to czyni firm\u0119 Kali\u0144ski wyj\u0105tkowym partnerem, kt\u00f3remu mog\u0105 Pa\u0144stwo zaufa\u0107 w kwestii swojego samochodu.<\/p>\r\n\r\n\r\n<div class=\"wp-block-columns is-layout-flex wp-container-core-columns-is-layout-1 wp-block-columns-is-layout-flex\">\r\n<div class=\"wp-block-column is-layout-flow wp-block-column-is-layout-flow\">\r\n<div class=\"k_box\" style=\"float: right;\">\r\n<div class=\"k_box_left\"><img decoding=\"async\" class=\"alignnone size-full wp-image-152\" src=\"https:\/\/kalinski.pl\/wp-content\/uploads\/2019\/04\/k_mateuszl.jpg\" alt=\"\" width=\"95\" height=\"161\"><\/div>\r\n<div class=\"k_box_right\">\r\n<div class=\"kbr_1\">Katalizatory, filtry FAP\/DPF<\/div>\r\n<div class=\"kbr_2\">Mateusz<\/div>\r\n<div class=\"kbr_2\"><a class=\"phone\" href=\"tel:0048618142777\">+48 61 814 27 77 \/ wew 101<\/a><\/div>\r\n<div class=\"kbr_3\"><a href=\"mailto:biuro@kalinski.pl\">biuro@kalinski.pl<\/a><\/div>\r\n<\/div>\r\n<\/div>\r\n\r\n<\/div>\r\n\r\n\r\n<div class=\"wp-block-column is-layout-flow wp-block-column-is-layout-flow\">\r\n<div class=\"k_box\" style=\"float: left;\">\r\n<div class=\"k_box_left\"><img decoding=\"async\" class=\"alignnone size-full wp-image-152\" src=\"https:\/\/kalinski.pl\/wp-content\/uploads\/2019\/04\/k_adamc.jpg\" alt=\"\" width=\"95\" height=\"161\"><\/div>\r\n<div class=\"k_box_right\">\r\n<div class=\"kbr_1\">Pojazdy ci\u0119\u017carowe<\/div>\r\n<div class=\"kbr_2\">Adam<\/div>\r\n<div class=\"kbr_2\"><a class=\"phone\" href=\"tel:0048618142777\">+48 61 814 27 77 \/ wew 102<\/a><\/div>\r\n<div class=\"kbr_3\"><a href=\"mailto:ciezarowe@kalinski.pl\">ciezarowe@kalinski.pl<\/a><\/div>\r\n<\/div>\r\n<\/div>\r\n<\/div>\r\n<\/div>\r\n\r\n\r\n<p><iframe style=\"border: 0;\" tabindex=\"0\" src=\"https:\/\/www.google.com\/maps\/embed?pb=!1m14!1m8!1m3!1d2891.0189752303836!2d16.761502335364135!3d52.46016731732493!3m2!1i1024!2i768!4f13.1!3m3!1m2!1s0x470441321c9562cb%3A0xee0284f60b138572!2sSzamotulska%2040%2C%2062-081%20Chyby!5e0!3m2!1spl!2spl!4v1599035144301!5m2!1spl!2spl\" width=\"100%\" height=\"450\" frameborder=\"0\" allowfullscreen=\"allowfullscreen\" aria-hidden=\"false\"><\/iframe><\/p>\r\n","protected":false},"excerpt":{"rendered":"<p>Tak wa\u017cne elementy uk\u0142adu wydechowego auta, jak katalizator, czy filtry DPF cz\u0119sto ulegaj\u0105 zapchaniu, czy zu\u017cyciu. Wp\u0142ywa na to ich po\u0142o\u017cenie, nara\u017cenie na du\u017ce przeci\u0105\u017cenia cieplne, u\u017cywanie s\u0142abej jako\u015bci paliwa, a tak\u017ce zbyt rzadka wymiana filtr\u00f3w paliwowych i oleju silnikowego. Gdy przestaj\u0105 dzia\u0142a\u0107 prawid\u0142owo nale\u017cy wymieni\u0107 je na ca\u0142kiem nowe (firma Kali\u0144ski oferuje zakup nowych &hellip; <a href=\"https:\/\/kalinski.pl\/serwis\/regeneracja-katalizatorow-i-filtrow-dpf-poznan-chartowo\/\" class=\"more-link\">Czytaj dalej<span class=\"screen-reader-text\"> Regeneracja katalizator\u00f3w i filtr\u00f3w DPF Pozna\u0144 Chartowo<\/span><\/a><\/p>\n","protected":false},"author":821795,"featured_media":0,"parent":0,"menu_order":0,"comment_status":"closed","ping_status":"closed","template":"","meta":{"footnotes":""},"class_list":["post-2984","page","type-page","status-publish","hentry"],"yoast_head":"<!-- This site is optimized with the Yoast SEO plugin v26.7 - https:\/\/yoast.com\/wordpress\/plugins\/seo\/ -->\n<title>Regeneracja katalizator\u00f3w i filtr\u00f3w DPF Pozna\u0144 Chartowo | Kali\u0144ski<\/title>\n<meta name=\"description\" content=\"Regeneracja katalizator\u00f3w i filtr\u00f3w DPF Pozna\u0144 Chartowo to us\u0142uga, kt\u00f3r\u0105 mo\u017cemy wykona\u0107 na miejscu w serwisie ale r\u00f3wnie\u017c wysy\u0142kowo\" \/>\n<meta name=\"robots\" content=\"index, follow, max-snippet:-1, max-image-preview:large, max-video-preview:-1\" \/>\n<link rel=\"canonical\" href=\"https:\/\/kalinski.pl\/serwis\/regeneracja-katalizatorow-i-filtrow-dpf-poznan-chartowo\/\" \/>\n<meta property=\"og:locale\" content=\"pl_PL\" \/>\n<meta property=\"og:type\" content=\"article\" \/>\n<meta property=\"og:title\" content=\"Regeneracja katalizator\u00f3w i filtr\u00f3w DPF Pozna\u0144 Chartowo | Kali\u0144ski\" \/>\n<meta property=\"og:description\" content=\"Regeneracja katalizator\u00f3w i filtr\u00f3w DPF Pozna\u0144 Chartowo to us\u0142uga, kt\u00f3r\u0105 mo\u017cemy wykona\u0107 na miejscu w serwisie ale r\u00f3wnie\u017c wysy\u0142kowo\" \/>\n<meta property=\"og:url\" content=\"https:\/\/kalinski.pl\/serwis\/regeneracja-katalizatorow-i-filtrow-dpf-poznan-chartowo\/\" \/>\n<meta property=\"og:site_name\" content=\"Kali\u0144ski\" \/>\n<meta property=\"article:modified_time\" content=\"2021-01-13T10:04:55+00:00\" \/>\n<meta property=\"og:image\" content=\"https:\/\/kalinski.pl\/wp-content\/uploads\/Filtry_Kalinski-1-1110x303.png\" \/>\n<meta name=\"twitter:card\" content=\"summary_large_image\" \/>\n<meta name=\"twitter:label1\" content=\"Szacowany czas czytania\" \/>\n\t<meta name=\"twitter:data1\" content=\"1 minuta\" \/>\n<script type=\"application\/ld+json\" class=\"yoast-schema-graph\">{\"@context\":\"https:\/\/schema.org\",\"@graph\":[{\"@type\":\"WebPage\",\"@id\":\"https:\/\/kalinski.pl\/serwis\/regeneracja-katalizatorow-i-filtrow-dpf-poznan-chartowo\/\",\"url\":\"https:\/\/kalinski.pl\/serwis\/regeneracja-katalizatorow-i-filtrow-dpf-poznan-chartowo\/\",\"name\":\"Regeneracja katalizator\u00f3w i filtr\u00f3w DPF Pozna\u0144 Chartowo | Kali\u0144ski\",\"isPartOf\":{\"@id\":\"https:\/\/kalinski.pl\/serwis\/#website\"},\"primaryImageOfPage\":{\"@id\":\"https:\/\/kalinski.pl\/serwis\/regeneracja-katalizatorow-i-filtrow-dpf-poznan-chartowo\/#primaryimage\"},\"image\":{\"@id\":\"https:\/\/kalinski.pl\/serwis\/regeneracja-katalizatorow-i-filtrow-dpf-poznan-chartowo\/#primaryimage\"},\"thumbnailUrl\":\"https:\/\/kalinski.pl\/wp-content\/uploads\/Filtry_Kalinski-1-1110x303.png\",\"datePublished\":\"2021-01-13T10:00:40+00:00\",\"dateModified\":\"2021-01-13T10:04:55+00:00\",\"description\":\"Regeneracja katalizator\u00f3w i filtr\u00f3w DPF Pozna\u0144 Chartowo to us\u0142uga, kt\u00f3r\u0105 mo\u017cemy wykona\u0107 na miejscu w serwisie ale r\u00f3wnie\u017c wysy\u0142kowo\",\"breadcrumb\":{\"@id\":\"https:\/\/kalinski.pl\/serwis\/regeneracja-katalizatorow-i-filtrow-dpf-poznan-chartowo\/#breadcrumb\"},\"inLanguage\":\"pl-PL\",\"potentialAction\":[{\"@type\":\"ReadAction\",\"target\":[\"https:\/\/kalinski.pl\/serwis\/regeneracja-katalizatorow-i-filtrow-dpf-poznan-chartowo\/\"]}]},{\"@type\":\"ImageObject\",\"inLanguage\":\"pl-PL\",\"@id\":\"https:\/\/kalinski.pl\/serwis\/regeneracja-katalizatorow-i-filtrow-dpf-poznan-chartowo\/#primaryimage\",\"url\":\"https:\/\/kalinski.pl\/wp-content\/uploads\/Filtry_Kalinski-1-1110x303.png\",\"contentUrl\":\"https:\/\/kalinski.pl\/wp-content\/uploads\/Filtry_Kalinski-1-1110x303.png\"},{\"@type\":\"BreadcrumbList\",\"@id\":\"https:\/\/kalinski.pl\/serwis\/regeneracja-katalizatorow-i-filtrow-dpf-poznan-chartowo\/#breadcrumb\",\"itemListElement\":[{\"@type\":\"ListItem\",\"position\":1,\"name\":\"Strona g\u0142\u00f3wna\",\"item\":\"https:\/\/kalinski.pl\/serwis\/\"},{\"@type\":\"ListItem\",\"position\":2,\"name\":\"Regeneracja katalizator\u00f3w i filtr\u00f3w DPF Pozna\u0144 Chartowo\"}]},{\"@type\":\"WebSite\",\"@id\":\"https:\/\/kalinski.pl\/serwis\/#website\",\"url\":\"https:\/\/kalinski.pl\/serwis\/\",\"name\":\"Kali\u0144ski\",\"description\":\"Uk\u0142ady wydechowe\",\"publisher\":{\"@id\":\"https:\/\/kalinski.pl\/serwis\/#organization\"},\"potentialAction\":[{\"@type\":\"SearchAction\",\"target\":{\"@type\":\"EntryPoint\",\"urlTemplate\":\"https:\/\/kalinski.pl\/serwis\/?s={search_term_string}\"},\"query-input\":{\"@type\":\"PropertyValueSpecification\",\"valueRequired\":true,\"valueName\":\"search_term_string\"}}],\"inLanguage\":\"pl-PL\"},{\"@type\":\"Organization\",\"@id\":\"https:\/\/kalinski.pl\/serwis\/#organization\",\"name\":\"Kali\u0144ski\",\"url\":\"https:\/\/kalinski.pl\/serwis\/\",\"logo\":{\"@type\":\"ImageObject\",\"inLanguage\":\"pl-PL\",\"@id\":\"https:\/\/kalinski.pl\/serwis\/#\/schema\/logo\/image\/\",\"url\":\"https:\/\/kalinski.pl\/serwis\/wp-content\/uploads\/2019\/03\/cropped-logo_white.jpg\",\"contentUrl\":\"https:\/\/kalinski.pl\/serwis\/wp-content\/uploads\/2019\/03\/cropped-logo_white.jpg\",\"width\":240,\"height\":63,\"caption\":\"Kali\u0144ski\"},\"image\":{\"@id\":\"https:\/\/kalinski.pl\/serwis\/#\/schema\/logo\/image\/\"}}]}<\/script>\n<!-- \/ Yoast SEO plugin. -->","yoast_head_json":{"title":"Regeneracja katalizator\u00f3w i filtr\u00f3w DPF Pozna\u0144 Chartowo | Kali\u0144ski","description":"Regeneracja katalizator\u00f3w i filtr\u00f3w DPF Pozna\u0144 Chartowo to us\u0142uga, kt\u00f3r\u0105 mo\u017cemy wykona\u0107 na miejscu w serwisie ale r\u00f3wnie\u017c wysy\u0142kowo","robots":{"index":"index","follow":"follow","max-snippet":"max-snippet:-1","max-image-preview":"max-image-preview:large","max-video-preview":"max-video-preview:-1"},"canonical":"https:\/\/kalinski.pl\/serwis\/regeneracja-katalizatorow-i-filtrow-dpf-poznan-chartowo\/","og_locale":"pl_PL","og_type":"article","og_title":"Regeneracja katalizator\u00f3w i filtr\u00f3w DPF Pozna\u0144 Chartowo | Kali\u0144ski","og_description":"Regeneracja katalizator\u00f3w i filtr\u00f3w DPF Pozna\u0144 Chartowo to us\u0142uga, kt\u00f3r\u0105 mo\u017cemy wykona\u0107 na miejscu w serwisie ale r\u00f3wnie\u017c wysy\u0142kowo","og_url":"https:\/\/kalinski.pl\/serwis\/regeneracja-katalizatorow-i-filtrow-dpf-poznan-chartowo\/","og_site_name":"Kali\u0144ski","article_modified_time":"2021-01-13T10:04:55+00:00","og_image":[{"url":"https:\/\/kalinski.pl\/wp-content\/uploads\/Filtry_Kalinski-1-1110x303.png","type":"","width":"","height":""}],"twitter_card":"summary_large_image","twitter_misc":{"Szacowany czas czytania":"1 minuta"},"schema":{"@context":"https:\/\/schema.org","@graph":[{"@type":"WebPage","@id":"https:\/\/kalinski.pl\/serwis\/regeneracja-katalizatorow-i-filtrow-dpf-poznan-chartowo\/","url":"https:\/\/kalinski.pl\/serwis\/regeneracja-katalizatorow-i-filtrow-dpf-poznan-chartowo\/","name":"Regeneracja katalizator\u00f3w i filtr\u00f3w DPF Pozna\u0144 Chartowo | Kali\u0144ski","isPartOf":{"@id":"https:\/\/kalinski.pl\/serwis\/#website"},"primaryImageOfPage":{"@id":"https:\/\/kalinski.pl\/serwis\/regeneracja-katalizatorow-i-filtrow-dpf-poznan-chartowo\/#primaryimage"},"image":{"@id":"https:\/\/kalinski.pl\/serwis\/regeneracja-katalizatorow-i-filtrow-dpf-poznan-chartowo\/#primaryimage"},"thumbnailUrl":"https:\/\/kalinski.pl\/wp-content\/uploads\/Filtry_Kalinski-1-1110x303.png","datePublished":"2021-01-13T10:00:40+00:00","dateModified":"2021-01-13T10:04:55+00:00","description":"Regeneracja katalizator\u00f3w i filtr\u00f3w DPF Pozna\u0144 Chartowo to us\u0142uga, kt\u00f3r\u0105 mo\u017cemy wykona\u0107 na miejscu w serwisie ale r\u00f3wnie\u017c wysy\u0142kowo","breadcrumb":{"@id":"https:\/\/kalinski.pl\/serwis\/regeneracja-katalizatorow-i-filtrow-dpf-poznan-chartowo\/#breadcrumb"},"inLanguage":"pl-PL","potentialAction":[{"@type":"ReadAction","target":["https:\/\/kalinski.pl\/serwis\/regeneracja-katalizatorow-i-filtrow-dpf-poznan-chartowo\/"]}]},{"@type":"ImageObject","inLanguage":"pl-PL","@id":"https:\/\/kalinski.pl\/serwis\/regeneracja-katalizatorow-i-filtrow-dpf-poznan-chartowo\/#primaryimage","url":"https:\/\/kalinski.pl\/wp-content\/uploads\/Filtry_Kalinski-1-1110x303.png","contentUrl":"https:\/\/kalinski.pl\/wp-content\/uploads\/Filtry_Kalinski-1-1110x303.png"},{"@type":"BreadcrumbList","@id":"https:\/\/kalinski.pl\/serwis\/regeneracja-katalizatorow-i-filtrow-dpf-poznan-chartowo\/#breadcrumb","itemListElement":[{"@type":"ListItem","position":1,"name":"Strona g\u0142\u00f3wna","item":"https:\/\/kalinski.pl\/serwis\/"},{"@type":"ListItem","position":2,"name":"Regeneracja katalizator\u00f3w i filtr\u00f3w DPF Pozna\u0144 Chartowo"}]},{"@type":"WebSite","@id":"https:\/\/kalinski.pl\/serwis\/#website","url":"https:\/\/kalinski.pl\/serwis\/","name":"Kali\u0144ski","description":"Uk\u0142ady wydechowe","publisher":{"@id":"https:\/\/kalinski.pl\/serwis\/#organization"},"potentialAction":[{"@type":"SearchAction","target":{"@type":"EntryPoint","urlTemplate":"https:\/\/kalinski.pl\/serwis\/?s={search_term_string}"},"query-input":{"@type":"PropertyValueSpecification","valueRequired":true,"valueName":"search_term_string"}}],"inLanguage":"pl-PL"},{"@type":"Organization","@id":"https:\/\/kalinski.pl\/serwis\/#organization","name":"Kali\u0144ski","url":"https:\/\/kalinski.pl\/serwis\/","logo":{"@type":"ImageObject","inLanguage":"pl-PL","@id":"https:\/\/kalinski.pl\/serwis\/#\/schema\/logo\/image\/","url":"https:\/\/kalinski.pl\/serwis\/wp-content\/uploads\/2019\/03\/cropped-logo_white.jpg","contentUrl":"https:\/\/kalinski.pl\/serwis\/wp-content\/uploads\/2019\/03\/cropped-logo_white.jpg","width":240,"height":63,"caption":"Kali\u0144ski"},"image":{"@id":"https:\/\/kalinski.pl\/serwis\/#\/schema\/logo\/image\/"}}]}},"_links":{"self":[{"href":"https:\/\/kalinski.pl\/serwis\/wp-json\/wp\/v2\/pages\/2984","targetHints":{"allow":["GET"]}}],"collection":[{"href":"https:\/\/kalinski.pl\/serwis\/wp-json\/wp\/v2\/pages"}],"about":[{"href":"https:\/\/kalinski.pl\/serwis\/wp-json\/wp\/v2\/types\/page"}],"author":[{"embeddable":true,"href":"https:\/\/kalinski.pl\/serwis\/wp-json\/wp\/v2\/users\/821795"}],"replies":[{"embeddable":true,"href":"https:\/\/kalinski.pl\/serwis\/wp-json\/wp\/v2\/comments?post=2984"}],"version-history":[{"count":0,"href":"https:\/\/kalinski.pl\/serwis\/wp-json\/wp\/v2\/pages\/2984\/revisions"}],"wp:attachment":[{"href":"https:\/\/kalinski.pl\/serwis\/wp-json\/wp\/v2\/media?parent=2984"}],"curies":[{"name":"wp","href":"https:\/\/api.w.org\/{rel}","templated":true}]}}