{"id":2973,"date":"2021-01-11T09:23:38","date_gmt":"2021-01-11T08:23:38","guid":{"rendered":"https:\/\/kalinski.pl\/?page_id=2973"},"modified":"2021-01-11T09:23:38","modified_gmt":"2021-01-11T08:23:38","slug":"regeneracja-katalizatorow-i-filtrow-dpf-poznan-centrum","status":"publish","type":"page","link":"https:\/\/kalinski.pl\/serwis\/regeneracja-katalizatorow-i-filtrow-dpf-poznan-centrum\/","title":{"rendered":"Regeneracja katalizator\u00f3w i filtr\u00f3w DPF Pozna\u0144 Centrum"},"content":{"rendered":"\r\n<figure class=\"wp-block-image size-large\"><img fetchpriority=\"high\" decoding=\"async\" width=\"1110\" height=\"303\" class=\"wp-image-1568\" src=\"https:\/\/kalinski.pl\/wp-content\/uploads\/Filtry_Kalinski-1-1110x303.png\" alt=\"\"><\/figure>\r\n\r\n\r\n<p align=\"justify\">Wsp\u00f3\u0142czesne diesle posiadaj\u0105 cz\u0119\u015bci, kt\u00f3re mog\u0105 si\u0119 zepsu\u0107. Poza wtryskiwaczami, dwumasowymi ko\u0142ami zamachowymi, czy turbospr\u0119\u017carkami, mog\u0105 zepsu\u0107 si\u0119, zapcha\u0107 lub zu\u017cy\u0107 tak\u017ce filtry DPF (cz\u0105stek sta\u0142ych) oraz katalizatory. S\u0105 to cz\u0119\u015bci s\u0142u\u017c\u0105ce oczyszczaniu spalin (zar\u00f3wno z wy\u017cy\u0142owanych, jak i wsp\u00f3\u0142czesnych diesli). Ich zadaniem jest minimalizacja zagro\u017cenia \u015brodowisku i zdrowiu cz\u0142owieka. S\u0105 jednak nara\u017cone na ci\u0119\u017ckie warunki podczas jazdy, przez co ulegaj\u0105 zapchaniu, lub zu\u017cyciu. Gdy katalizator lub filtr przestanie spe\u0142nia\u0107 swoje funkcje, nale\u017cy wymieni\u0107 go na ca\u0142kiem nowy lub podda\u0107 procesowi &#8211; <strong>regeneracja katalizator\u00f3w Pozna\u0144 Centrum, <\/strong>lub<strong> regeneracja filtr\u00f3w DPF Pozna\u0144 Centrum<\/strong>. W firmie Kali\u0144ski dost\u0119pne s\u0105 zar\u00f3wno nowe, oryginalne cz\u0119\u015bci i niezawodne ich zamienniki, jak i zregenerowane cz\u0119\u015bci pojazd\u00f3w.<\/p>\r\n\r\n\r\n<p><strong>Czyszczenie katalizatora Pozna\u0144 Centrum<\/strong>, a tak\u017ce <strong>regeneracja filtr\u00f3w cz\u0105stek sta\u0142ych Pozna\u0144 Centrum<\/strong> odbywa si\u0119 na najwy\u017cszym poziomie, dzi\u0119ki ogromnej wiedzy i wieloletniemu do\u015bwiadczeniu zespo\u0142u specjalist\u00f3w firmy Kali\u0144ski. Zgrani i wykwalifikowani pracownicy podczas us\u0142ugi &#8211; <strong>naprawa katalizator\u00f3w Pozna\u0144 Centrum<\/strong>, wymieniaj\u0105 zu\u017cyte wk\u0142ady ceramiczne, dzi\u0119ki czemu cz\u0119\u015bci s\u0105 w stanie funkcjonowa\u0107 zupe\u0142nie jak nowe. Wszelkie dzia\u0142ania firmy Kali\u0144ski przywracaj\u0105 katalizatorom i filtrom DPF pe\u0142n\u0105 sprawno\u015b\u0107, b\u0119d\u0105c ta\u0144sz\u0105 opcj\u0105 ni\u017c wymiana tych cz\u0119\u015bci na ca\u0142kiem nowe. Us\u0142ugi firmy Kali\u0144ski dost\u0119pne s\u0105 na terenie ca\u0142ej Polski, specjalistyczna wiedza i sprawna pomoc przy pojazdach dociera wsz\u0119dzie tam, gdzie jest w stanie dojecha\u0107 kurier.<\/p>\r\n\r\n\r\n\r\n<div class=\"wp-block-columns is-layout-flex wp-container-core-columns-is-layout-1 wp-block-columns-is-layout-flex\">\r\n<div class=\"wp-block-column is-layout-flow wp-block-column-is-layout-flow\">\r\n<div class=\"k_box\" style=\"float: right;\">\r\n<div class=\"k_box_left\"><img decoding=\"async\" class=\"alignnone size-full wp-image-152\" src=\"https:\/\/kalinski.pl\/wp-content\/uploads\/2019\/04\/k_mateuszl.jpg\" alt=\"\" width=\"95\" height=\"161\"><\/div>\r\n<div class=\"k_box_right\">\r\n<div class=\"kbr_1\">Katalizatory, filtry FAP\/DPF<\/div>\r\n<div class=\"kbr_2\">Mateusz<\/div>\r\n<div class=\"kbr_2\"><a class=\"phone\" href=\"tel:0048618142777\">+48 61 814 27 77 \/ wew 101<\/a><\/div>\r\n<div class=\"kbr_3\"><a href=\"mailto:biuro@kalinski.pl\">biuro@kalinski.pl<\/a><\/div>\r\n<\/div>\r\n<\/div>\r\n\r\n<\/div>\r\n\r\n\r\n<div class=\"wp-block-column is-layout-flow wp-block-column-is-layout-flow\">\r\n<div class=\"k_box\" style=\"float: left;\">\r\n<div class=\"k_box_left\"><img decoding=\"async\" class=\"alignnone size-full wp-image-152\" src=\"https:\/\/kalinski.pl\/wp-content\/uploads\/2019\/04\/k_adamc.jpg\" alt=\"\" width=\"95\" height=\"161\"><\/div>\r\n<div class=\"k_box_right\">\r\n<div class=\"kbr_1\">Pojazdy ci\u0119\u017carowe<\/div>\r\n<div class=\"kbr_2\">Adam<\/div>\r\n<div class=\"kbr_2\"><a class=\"phone\" href=\"tel:0048618142777\">+48 61 814 27 77 \/ wew 102<\/a><\/div>\r\n<div class=\"kbr_3\"><a href=\"mailto:ciezarowe@kalinski.pl\">ciezarowe@kalinski.pl<\/a><\/div>\r\n<\/div>\r\n<\/div>\r\n<\/div>\r\n<\/div>\r\n\r\n\r\n<p><iframe style=\"border: 0;\" tabindex=\"0\" src=\"https:\/\/www.google.com\/maps\/embed?pb=!1m14!1m8!1m3!1d2891.0189752303836!2d16.761502335364135!3d52.46016731732493!3m2!1i1024!2i768!4f13.1!3m3!1m2!1s0x470441321c9562cb%3A0xee0284f60b138572!2sSzamotulska%2040%2C%2062-081%20Chyby!5e0!3m2!1spl!2spl!4v1599035144301!5m2!1spl!2spl\" width=\"100%\" height=\"450\" frameborder=\"0\" allowfullscreen=\"allowfullscreen\" aria-hidden=\"false\"><\/iframe><\/p>\r\n","protected":false},"excerpt":{"rendered":"<p>Wsp\u00f3\u0142czesne diesle posiadaj\u0105 cz\u0119\u015bci, kt\u00f3re mog\u0105 si\u0119 zepsu\u0107. Poza wtryskiwaczami, dwumasowymi ko\u0142ami zamachowymi, czy turbospr\u0119\u017carkami, mog\u0105 zepsu\u0107 si\u0119, zapcha\u0107 lub zu\u017cy\u0107 tak\u017ce filtry DPF (cz\u0105stek sta\u0142ych) oraz katalizatory. S\u0105 to cz\u0119\u015bci s\u0142u\u017c\u0105ce oczyszczaniu spalin (zar\u00f3wno z wy\u017cy\u0142owanych, jak i wsp\u00f3\u0142czesnych diesli). Ich zadaniem jest minimalizacja zagro\u017cenia \u015brodowisku i zdrowiu cz\u0142owieka. S\u0105 jednak nara\u017cone na ci\u0119\u017ckie &hellip; <a href=\"https:\/\/kalinski.pl\/serwis\/regeneracja-katalizatorow-i-filtrow-dpf-poznan-centrum\/\" class=\"more-link\">Czytaj dalej<span class=\"screen-reader-text\"> Regeneracja katalizator\u00f3w i filtr\u00f3w DPF Pozna\u0144 Centrum<\/span><\/a><\/p>\n","protected":false},"author":821795,"featured_media":0,"parent":0,"menu_order":0,"comment_status":"closed","ping_status":"closed","template":"","meta":{"footnotes":""},"class_list":["post-2973","page","type-page","status-publish","hentry"],"yoast_head":"<!-- This site is optimized with the Yoast SEO plugin v26.7 - https:\/\/yoast.com\/wordpress\/plugins\/seo\/ -->\n<title>Regeneracja katalizator\u00f3w i filtr\u00f3w DPF Pozna\u0144 Centrum | Kali\u0144ski<\/title>\n<meta name=\"description\" content=\"Popularna us\u0142uga w naszej firmie to regeneracja katalizator\u00f3w i filtr\u00f3w DPF Pozna\u0144 Centrum, realizujemy j\u0105 wiele lat.\" \/>\n<meta name=\"robots\" content=\"index, follow, max-snippet:-1, max-image-preview:large, max-video-preview:-1\" \/>\n<link rel=\"canonical\" href=\"https:\/\/kalinski.pl\/serwis\/regeneracja-katalizatorow-i-filtrow-dpf-poznan-centrum\/\" \/>\n<meta property=\"og:locale\" content=\"pl_PL\" \/>\n<meta property=\"og:type\" content=\"article\" \/>\n<meta property=\"og:title\" content=\"Regeneracja katalizator\u00f3w i filtr\u00f3w DPF Pozna\u0144 Centrum | Kali\u0144ski\" \/>\n<meta property=\"og:description\" content=\"Popularna us\u0142uga w naszej firmie to regeneracja katalizator\u00f3w i filtr\u00f3w DPF Pozna\u0144 Centrum, realizujemy j\u0105 wiele lat.\" \/>\n<meta property=\"og:url\" content=\"https:\/\/kalinski.pl\/serwis\/regeneracja-katalizatorow-i-filtrow-dpf-poznan-centrum\/\" \/>\n<meta property=\"og:site_name\" content=\"Kali\u0144ski\" \/>\n<meta property=\"og:image\" content=\"https:\/\/kalinski.pl\/wp-content\/uploads\/Filtry_Kalinski-1-1110x303.png\" \/>\n<meta name=\"twitter:card\" content=\"summary_large_image\" \/>\n<meta name=\"twitter:label1\" content=\"Szacowany czas czytania\" \/>\n\t<meta name=\"twitter:data1\" content=\"1 minuta\" \/>\n<script type=\"application\/ld+json\" class=\"yoast-schema-graph\">{\"@context\":\"https:\/\/schema.org\",\"@graph\":[{\"@type\":\"WebPage\",\"@id\":\"https:\/\/kalinski.pl\/serwis\/regeneracja-katalizatorow-i-filtrow-dpf-poznan-centrum\/\",\"url\":\"https:\/\/kalinski.pl\/serwis\/regeneracja-katalizatorow-i-filtrow-dpf-poznan-centrum\/\",\"name\":\"Regeneracja katalizator\u00f3w i filtr\u00f3w DPF Pozna\u0144 Centrum | Kali\u0144ski\",\"isPartOf\":{\"@id\":\"https:\/\/kalinski.pl\/serwis\/#website\"},\"primaryImageOfPage\":{\"@id\":\"https:\/\/kalinski.pl\/serwis\/regeneracja-katalizatorow-i-filtrow-dpf-poznan-centrum\/#primaryimage\"},\"image\":{\"@id\":\"https:\/\/kalinski.pl\/serwis\/regeneracja-katalizatorow-i-filtrow-dpf-poznan-centrum\/#primaryimage\"},\"thumbnailUrl\":\"https:\/\/kalinski.pl\/wp-content\/uploads\/Filtry_Kalinski-1-1110x303.png\",\"datePublished\":\"2021-01-11T08:23:38+00:00\",\"description\":\"Popularna us\u0142uga w naszej firmie to regeneracja katalizator\u00f3w i filtr\u00f3w DPF Pozna\u0144 Centrum, realizujemy j\u0105 wiele lat.\",\"breadcrumb\":{\"@id\":\"https:\/\/kalinski.pl\/serwis\/regeneracja-katalizatorow-i-filtrow-dpf-poznan-centrum\/#breadcrumb\"},\"inLanguage\":\"pl-PL\",\"potentialAction\":[{\"@type\":\"ReadAction\",\"target\":[\"https:\/\/kalinski.pl\/serwis\/regeneracja-katalizatorow-i-filtrow-dpf-poznan-centrum\/\"]}]},{\"@type\":\"ImageObject\",\"inLanguage\":\"pl-PL\",\"@id\":\"https:\/\/kalinski.pl\/serwis\/regeneracja-katalizatorow-i-filtrow-dpf-poznan-centrum\/#primaryimage\",\"url\":\"https:\/\/kalinski.pl\/wp-content\/uploads\/Filtry_Kalinski-1-1110x303.png\",\"contentUrl\":\"https:\/\/kalinski.pl\/wp-content\/uploads\/Filtry_Kalinski-1-1110x303.png\"},{\"@type\":\"BreadcrumbList\",\"@id\":\"https:\/\/kalinski.pl\/serwis\/regeneracja-katalizatorow-i-filtrow-dpf-poznan-centrum\/#breadcrumb\",\"itemListElement\":[{\"@type\":\"ListItem\",\"position\":1,\"name\":\"Strona g\u0142\u00f3wna\",\"item\":\"https:\/\/kalinski.pl\/serwis\/\"},{\"@type\":\"ListItem\",\"position\":2,\"name\":\"Regeneracja katalizator\u00f3w i filtr\u00f3w DPF Pozna\u0144 Centrum\"}]},{\"@type\":\"WebSite\",\"@id\":\"https:\/\/kalinski.pl\/serwis\/#website\",\"url\":\"https:\/\/kalinski.pl\/serwis\/\",\"name\":\"Kali\u0144ski\",\"description\":\"Uk\u0142ady wydechowe\",\"publisher\":{\"@id\":\"https:\/\/kalinski.pl\/serwis\/#organization\"},\"potentialAction\":[{\"@type\":\"SearchAction\",\"target\":{\"@type\":\"EntryPoint\",\"urlTemplate\":\"https:\/\/kalinski.pl\/serwis\/?s={search_term_string}\"},\"query-input\":{\"@type\":\"PropertyValueSpecification\",\"valueRequired\":true,\"valueName\":\"search_term_string\"}}],\"inLanguage\":\"pl-PL\"},{\"@type\":\"Organization\",\"@id\":\"https:\/\/kalinski.pl\/serwis\/#organization\",\"name\":\"Kali\u0144ski\",\"url\":\"https:\/\/kalinski.pl\/serwis\/\",\"logo\":{\"@type\":\"ImageObject\",\"inLanguage\":\"pl-PL\",\"@id\":\"https:\/\/kalinski.pl\/serwis\/#\/schema\/logo\/image\/\",\"url\":\"https:\/\/kalinski.pl\/serwis\/wp-content\/uploads\/2019\/03\/cropped-logo_white.jpg\",\"contentUrl\":\"https:\/\/kalinski.pl\/serwis\/wp-content\/uploads\/2019\/03\/cropped-logo_white.jpg\",\"width\":240,\"height\":63,\"caption\":\"Kali\u0144ski\"},\"image\":{\"@id\":\"https:\/\/kalinski.pl\/serwis\/#\/schema\/logo\/image\/\"}}]}<\/script>\n<!-- \/ Yoast SEO plugin. -->","yoast_head_json":{"title":"Regeneracja katalizator\u00f3w i filtr\u00f3w DPF Pozna\u0144 Centrum | Kali\u0144ski","description":"Popularna us\u0142uga w naszej firmie to regeneracja katalizator\u00f3w i filtr\u00f3w DPF Pozna\u0144 Centrum, realizujemy j\u0105 wiele lat.","robots":{"index":"index","follow":"follow","max-snippet":"max-snippet:-1","max-image-preview":"max-image-preview:large","max-video-preview":"max-video-preview:-1"},"canonical":"https:\/\/kalinski.pl\/serwis\/regeneracja-katalizatorow-i-filtrow-dpf-poznan-centrum\/","og_locale":"pl_PL","og_type":"article","og_title":"Regeneracja katalizator\u00f3w i filtr\u00f3w DPF Pozna\u0144 Centrum | Kali\u0144ski","og_description":"Popularna us\u0142uga w naszej firmie to regeneracja katalizator\u00f3w i filtr\u00f3w DPF Pozna\u0144 Centrum, realizujemy j\u0105 wiele lat.","og_url":"https:\/\/kalinski.pl\/serwis\/regeneracja-katalizatorow-i-filtrow-dpf-poznan-centrum\/","og_site_name":"Kali\u0144ski","og_image":[{"url":"https:\/\/kalinski.pl\/wp-content\/uploads\/Filtry_Kalinski-1-1110x303.png","type":"","width":"","height":""}],"twitter_card":"summary_large_image","twitter_misc":{"Szacowany czas czytania":"1 minuta"},"schema":{"@context":"https:\/\/schema.org","@graph":[{"@type":"WebPage","@id":"https:\/\/kalinski.pl\/serwis\/regeneracja-katalizatorow-i-filtrow-dpf-poznan-centrum\/","url":"https:\/\/kalinski.pl\/serwis\/regeneracja-katalizatorow-i-filtrow-dpf-poznan-centrum\/","name":"Regeneracja katalizator\u00f3w i filtr\u00f3w DPF Pozna\u0144 Centrum | Kali\u0144ski","isPartOf":{"@id":"https:\/\/kalinski.pl\/serwis\/#website"},"primaryImageOfPage":{"@id":"https:\/\/kalinski.pl\/serwis\/regeneracja-katalizatorow-i-filtrow-dpf-poznan-centrum\/#primaryimage"},"image":{"@id":"https:\/\/kalinski.pl\/serwis\/regeneracja-katalizatorow-i-filtrow-dpf-poznan-centrum\/#primaryimage"},"thumbnailUrl":"https:\/\/kalinski.pl\/wp-content\/uploads\/Filtry_Kalinski-1-1110x303.png","datePublished":"2021-01-11T08:23:38+00:00","description":"Popularna us\u0142uga w naszej firmie to regeneracja katalizator\u00f3w i filtr\u00f3w DPF Pozna\u0144 Centrum, realizujemy j\u0105 wiele lat.","breadcrumb":{"@id":"https:\/\/kalinski.pl\/serwis\/regeneracja-katalizatorow-i-filtrow-dpf-poznan-centrum\/#breadcrumb"},"inLanguage":"pl-PL","potentialAction":[{"@type":"ReadAction","target":["https:\/\/kalinski.pl\/serwis\/regeneracja-katalizatorow-i-filtrow-dpf-poznan-centrum\/"]}]},{"@type":"ImageObject","inLanguage":"pl-PL","@id":"https:\/\/kalinski.pl\/serwis\/regeneracja-katalizatorow-i-filtrow-dpf-poznan-centrum\/#primaryimage","url":"https:\/\/kalinski.pl\/wp-content\/uploads\/Filtry_Kalinski-1-1110x303.png","contentUrl":"https:\/\/kalinski.pl\/wp-content\/uploads\/Filtry_Kalinski-1-1110x303.png"},{"@type":"BreadcrumbList","@id":"https:\/\/kalinski.pl\/serwis\/regeneracja-katalizatorow-i-filtrow-dpf-poznan-centrum\/#breadcrumb","itemListElement":[{"@type":"ListItem","position":1,"name":"Strona g\u0142\u00f3wna","item":"https:\/\/kalinski.pl\/serwis\/"},{"@type":"ListItem","position":2,"name":"Regeneracja katalizator\u00f3w i filtr\u00f3w DPF Pozna\u0144 Centrum"}]},{"@type":"WebSite","@id":"https:\/\/kalinski.pl\/serwis\/#website","url":"https:\/\/kalinski.pl\/serwis\/","name":"Kali\u0144ski","description":"Uk\u0142ady wydechowe","publisher":{"@id":"https:\/\/kalinski.pl\/serwis\/#organization"},"potentialAction":[{"@type":"SearchAction","target":{"@type":"EntryPoint","urlTemplate":"https:\/\/kalinski.pl\/serwis\/?s={search_term_string}"},"query-input":{"@type":"PropertyValueSpecification","valueRequired":true,"valueName":"search_term_string"}}],"inLanguage":"pl-PL"},{"@type":"Organization","@id":"https:\/\/kalinski.pl\/serwis\/#organization","name":"Kali\u0144ski","url":"https:\/\/kalinski.pl\/serwis\/","logo":{"@type":"ImageObject","inLanguage":"pl-PL","@id":"https:\/\/kalinski.pl\/serwis\/#\/schema\/logo\/image\/","url":"https:\/\/kalinski.pl\/serwis\/wp-content\/uploads\/2019\/03\/cropped-logo_white.jpg","contentUrl":"https:\/\/kalinski.pl\/serwis\/wp-content\/uploads\/2019\/03\/cropped-logo_white.jpg","width":240,"height":63,"caption":"Kali\u0144ski"},"image":{"@id":"https:\/\/kalinski.pl\/serwis\/#\/schema\/logo\/image\/"}}]}},"_links":{"self":[{"href":"https:\/\/kalinski.pl\/serwis\/wp-json\/wp\/v2\/pages\/2973","targetHints":{"allow":["GET"]}}],"collection":[{"href":"https:\/\/kalinski.pl\/serwis\/wp-json\/wp\/v2\/pages"}],"about":[{"href":"https:\/\/kalinski.pl\/serwis\/wp-json\/wp\/v2\/types\/page"}],"author":[{"embeddable":true,"href":"https:\/\/kalinski.pl\/serwis\/wp-json\/wp\/v2\/users\/821795"}],"replies":[{"embeddable":true,"href":"https:\/\/kalinski.pl\/serwis\/wp-json\/wp\/v2\/comments?post=2973"}],"version-history":[{"count":0,"href":"https:\/\/kalinski.pl\/serwis\/wp-json\/wp\/v2\/pages\/2973\/revisions"}],"wp:attachment":[{"href":"https:\/\/kalinski.pl\/serwis\/wp-json\/wp\/v2\/media?parent=2973"}],"curies":[{"name":"wp","href":"https:\/\/api.w.org\/{rel}","templated":true}]}}