{"id":2960,"date":"2021-01-08T09:25:34","date_gmt":"2021-01-08T08:25:34","guid":{"rendered":"https:\/\/kalinski.pl\/?page_id=2960"},"modified":"2021-01-08T09:25:34","modified_gmt":"2021-01-08T08:25:34","slug":"regeneracja-katalizatorow-i-filtrow-dpf-alfa-romeo","status":"publish","type":"page","link":"https:\/\/kalinski.pl\/serwis\/regeneracja-katalizatorow-i-filtrow-dpf-alfa-romeo\/","title":{"rendered":"Regeneracja katalizator\u00f3w i filtr\u00f3w DPF Alfa Romeo"},"content":{"rendered":"\r\n<figure class=\"wp-block-image size-large\"><img fetchpriority=\"high\" decoding=\"async\" width=\"1110\" height=\"303\" class=\"wp-image-1568\" src=\"https:\/\/kalinski.pl\/wp-content\/uploads\/Filtry_Kalinski-1-1110x303.png\" alt=\"\"><\/figure>\r\n\r\n\r\n<p align=\"justify\">We wsp\u00f3\u0142czesnych autach, w uk\u0142adzie wydechowym wa\u017cn\u0105 rol\u0119 spe\u0142niaj\u0105 katalizatory i filtry DPF. Panuj\u0105 one nad tym, aby do \u015brodowiska nie dostawa\u0142y si\u0119 szkodliwe sk\u0142adniki spalin. W zale\u017cno\u015bci od tego, czy auto jest w dieslu, czy na benzyn\u0119, katalizatory r\u00f3\u017cni\u0105 si\u0119 od siebie. Wyst\u0119puj\u0105 bowiem katalizatory utleniaj\u0105ce, czyli te, kt\u00f3re zmniejsz\u0105 ilo\u015b\u0107 tlenku w\u0119gla oraz w\u0119glowodor\u00f3w HC, a tak\u017ce cz\u0105stek sta\u0142ych znajduj\u0105cych si\u0119 w dieslowych spalinach. Istniej\u0105 te\u017c katalizatory tr\u00f3jfunkcyjne, kt\u00f3re utleniaj\u0105 w\u0119glowodory i tlenki w\u0119gla, a do tego redukuj\u0105 tlenki azotu w samochodach na benzyn\u0119.<\/p>\r\n\r\n\r\n<p>Niezale\u017cnie od tego, czy katalizator lub filtr DPF, kt\u00f3ry si\u0119 zapcha\u0142, dotyczy diesla, czy benzyniaka &#8211; firma Kali\u0144ska sprawnie zaradzi problemowi, przywracaj\u0105c cz\u0119\u015bciom pierwotn\u0105 sprawno\u015b\u0107. Kali\u0144ski pozostawia do wyboru zakup nowych cz\u0119\u015bci, dysponujemy ogromnym wyborem w\u015br\u00f3d cz\u0119\u015bci oryginalnych wielu marek, ich zamiennik\u00f3w, a tak\u017ce regenerowanych cz\u0119\u015bci. Ponadto istnieje r\u00f3wnie\u017c mo\u017cliwo\u015b\u0107 wykonania us\u0142ugi zwanej <strong>regeneracja katalizator\u00f3w Alfa Romeo, <\/strong>lub<strong> regeneracja filtr\u00f3w DPF Alfa Romeo<\/strong>. To bardziej ekonomiczne rozwi\u0105zanie, poza tym nie wymaga produkcji nowych podzespo\u0142\u00f3w, co spodoba si\u0119 na pewno ekosympatykom.<\/p>\r\n\r\n\r\n<p>W firmie Kali\u0144ski <strong>naprawa katalizator\u00f3w Alfa Romeo<\/strong> odbywa si\u0119 poprzez wyj\u0119cie starych oraz umieszczenie nowych wk\u0142ad\u00f3w ceramicznych w jego wn\u0119trzu. <strong>Czyszczenie katalizatora Alfa Romeo<\/strong> przebiega bardzo sprawnie. Cz\u0119sto r\u00f3wnie\u017c jest tak, \u017ce ju\u017c mamy katalizatory zregenerowane Alfa Romeo ale te\u017c do innych pojazd\u00f3w w naszym magazynie i odsy\u0142amy je od razu po z\u0142o\u017ceniu zam\u00f3wienia. Du\u017ce do\u015bwiadczenie i ogromna wiedza (teoretyczna i praktyczna) naszych pracownik\u00f3w pozwala na r\u00f3wnie wysokim poziomie przeprowadza\u0107 wszystkie oferowane us\u0142ugi, tak\u017ce<strong> regeneracja filtr\u00f3w cz\u0105stek sta\u0142ych Alfa Romeo.<\/strong><\/p>\r\n\r\n\r\n<div class=\"wp-block-columns is-layout-flex wp-container-core-columns-is-layout-1 wp-block-columns-is-layout-flex\">\r\n<div class=\"wp-block-column is-layout-flow wp-block-column-is-layout-flow\">\r\n<div class=\"k_box\" style=\"float: right;\">\r\n<div class=\"k_box_left\"><img decoding=\"async\" class=\"alignnone size-full wp-image-152\" src=\"https:\/\/kalinski.pl\/wp-content\/uploads\/2019\/04\/k_mateuszl.jpg\" alt=\"\" width=\"95\" height=\"161\"><\/div>\r\n<div class=\"k_box_right\">\r\n<div class=\"kbr_1\">Katalizatory, filtry FAP\/DPF<\/div>\r\n<div class=\"kbr_2\">Mateusz<\/div>\r\n<div class=\"kbr_2\"><a class=\"phone\" href=\"tel:0048618142777\">+48 61 814 27 77 \/ wew 101<\/a><\/div>\r\n<div class=\"kbr_3\"><a href=\"mailto:biuro@kalinski.pl\">biuro@kalinski.pl<\/a><\/div>\r\n<\/div>\r\n<\/div>\r\n\r\n<\/div>\r\n\r\n\r\n<div class=\"wp-block-column is-layout-flow wp-block-column-is-layout-flow\">\r\n<div class=\"k_box\" style=\"float: left;\">\r\n<div class=\"k_box_left\"><img decoding=\"async\" class=\"alignnone size-full wp-image-152\" src=\"https:\/\/kalinski.pl\/wp-content\/uploads\/2019\/04\/k_adamc.jpg\" alt=\"\" width=\"95\" height=\"161\"><\/div>\r\n<div class=\"k_box_right\">\r\n<div class=\"kbr_1\">Pojazdy ci\u0119\u017carowe<\/div>\r\n<div class=\"kbr_2\">Adam<\/div>\r\n<div class=\"kbr_2\"><a class=\"phone\" href=\"tel:0048618142777\">+48 61 814 27 77 \/ wew 102<\/a><\/div>\r\n<div class=\"kbr_3\"><a href=\"mailto:ciezarowe@kalinski.pl\">ciezarowe@kalinski.pl<\/a><\/div>\r\n<\/div>\r\n<\/div>\r\n<\/div>\r\n<\/div>\r\n\r\n\r\n<p><iframe style=\"border: 0;\" tabindex=\"0\" src=\"https:\/\/www.google.com\/maps\/embed?pb=!1m14!1m8!1m3!1d2891.0189752303836!2d16.761502335364135!3d52.46016731732493!3m2!1i1024!2i768!4f13.1!3m3!1m2!1s0x470441321c9562cb%3A0xee0284f60b138572!2sSzamotulska%2040%2C%2062-081%20Chyby!5e0!3m2!1spl!2spl!4v1599035144301!5m2!1spl!2spl\" width=\"100%\" height=\"450\" frameborder=\"0\" allowfullscreen=\"allowfullscreen\" aria-hidden=\"false\"><\/iframe><\/p>\r\n","protected":false},"excerpt":{"rendered":"<p>We wsp\u00f3\u0142czesnych autach, w uk\u0142adzie wydechowym wa\u017cn\u0105 rol\u0119 spe\u0142niaj\u0105 katalizatory i filtry DPF. Panuj\u0105 one nad tym, aby do \u015brodowiska nie dostawa\u0142y si\u0119 szkodliwe sk\u0142adniki spalin. W zale\u017cno\u015bci od tego, czy auto jest w dieslu, czy na benzyn\u0119, katalizatory r\u00f3\u017cni\u0105 si\u0119 od siebie. Wyst\u0119puj\u0105 bowiem katalizatory utleniaj\u0105ce, czyli te, kt\u00f3re zmniejsz\u0105 ilo\u015b\u0107 tlenku w\u0119gla oraz &hellip; <a href=\"https:\/\/kalinski.pl\/serwis\/regeneracja-katalizatorow-i-filtrow-dpf-alfa-romeo\/\" class=\"more-link\">Czytaj dalej<span class=\"screen-reader-text\"> Regeneracja katalizator\u00f3w i filtr\u00f3w DPF Alfa Romeo<\/span><\/a><\/p>\n","protected":false},"author":821795,"featured_media":0,"parent":0,"menu_order":0,"comment_status":"closed","ping_status":"closed","template":"","meta":{"footnotes":""},"class_list":["post-2960","page","type-page","status-publish","hentry"],"yoast_head":"<!-- This site is optimized with the Yoast SEO plugin v26.7 - https:\/\/yoast.com\/wordpress\/plugins\/seo\/ -->\n<title>Regeneracja katalizator\u00f3w i filtr\u00f3w DPF Alfa Romeo | Kali\u0144ski<\/title>\n<meta name=\"description\" content=\"Nawet tak ma\u0142o popularne modele jak Alfa Romeo serwisujemy, realizujac m.in. us\u0142ugi regeneracja katalizator\u00f3w i filtr\u00f3w DPF Alfa Romeo\" \/>\n<meta name=\"robots\" content=\"index, follow, max-snippet:-1, max-image-preview:large, max-video-preview:-1\" \/>\n<link rel=\"canonical\" href=\"https:\/\/kalinski.pl\/serwis\/regeneracja-katalizatorow-i-filtrow-dpf-alfa-romeo\/\" \/>\n<meta property=\"og:locale\" content=\"pl_PL\" \/>\n<meta property=\"og:type\" content=\"article\" \/>\n<meta property=\"og:title\" content=\"Regeneracja katalizator\u00f3w i filtr\u00f3w DPF Alfa Romeo | Kali\u0144ski\" \/>\n<meta property=\"og:description\" content=\"Nawet tak ma\u0142o popularne modele jak Alfa Romeo serwisujemy, realizujac m.in. us\u0142ugi regeneracja katalizator\u00f3w i filtr\u00f3w DPF Alfa Romeo\" \/>\n<meta property=\"og:url\" content=\"https:\/\/kalinski.pl\/serwis\/regeneracja-katalizatorow-i-filtrow-dpf-alfa-romeo\/\" \/>\n<meta property=\"og:site_name\" content=\"Kali\u0144ski\" \/>\n<meta property=\"og:image\" content=\"https:\/\/kalinski.pl\/wp-content\/uploads\/Filtry_Kalinski-1-1110x303.png\" \/>\n<meta name=\"twitter:card\" content=\"summary_large_image\" \/>\n<meta name=\"twitter:label1\" content=\"Szacowany czas czytania\" \/>\n\t<meta name=\"twitter:data1\" content=\"2 minuty\" \/>\n<script type=\"application\/ld+json\" class=\"yoast-schema-graph\">{\"@context\":\"https:\/\/schema.org\",\"@graph\":[{\"@type\":\"WebPage\",\"@id\":\"https:\/\/kalinski.pl\/serwis\/regeneracja-katalizatorow-i-filtrow-dpf-alfa-romeo\/\",\"url\":\"https:\/\/kalinski.pl\/serwis\/regeneracja-katalizatorow-i-filtrow-dpf-alfa-romeo\/\",\"name\":\"Regeneracja katalizator\u00f3w i filtr\u00f3w DPF Alfa Romeo | Kali\u0144ski\",\"isPartOf\":{\"@id\":\"https:\/\/kalinski.pl\/serwis\/#website\"},\"primaryImageOfPage\":{\"@id\":\"https:\/\/kalinski.pl\/serwis\/regeneracja-katalizatorow-i-filtrow-dpf-alfa-romeo\/#primaryimage\"},\"image\":{\"@id\":\"https:\/\/kalinski.pl\/serwis\/regeneracja-katalizatorow-i-filtrow-dpf-alfa-romeo\/#primaryimage\"},\"thumbnailUrl\":\"https:\/\/kalinski.pl\/wp-content\/uploads\/Filtry_Kalinski-1-1110x303.png\",\"datePublished\":\"2021-01-08T08:25:34+00:00\",\"description\":\"Nawet tak ma\u0142o popularne modele jak Alfa Romeo serwisujemy, realizujac m.in. us\u0142ugi regeneracja katalizator\u00f3w i filtr\u00f3w DPF Alfa Romeo\",\"breadcrumb\":{\"@id\":\"https:\/\/kalinski.pl\/serwis\/regeneracja-katalizatorow-i-filtrow-dpf-alfa-romeo\/#breadcrumb\"},\"inLanguage\":\"pl-PL\",\"potentialAction\":[{\"@type\":\"ReadAction\",\"target\":[\"https:\/\/kalinski.pl\/serwis\/regeneracja-katalizatorow-i-filtrow-dpf-alfa-romeo\/\"]}]},{\"@type\":\"ImageObject\",\"inLanguage\":\"pl-PL\",\"@id\":\"https:\/\/kalinski.pl\/serwis\/regeneracja-katalizatorow-i-filtrow-dpf-alfa-romeo\/#primaryimage\",\"url\":\"https:\/\/kalinski.pl\/wp-content\/uploads\/Filtry_Kalinski-1-1110x303.png\",\"contentUrl\":\"https:\/\/kalinski.pl\/wp-content\/uploads\/Filtry_Kalinski-1-1110x303.png\"},{\"@type\":\"BreadcrumbList\",\"@id\":\"https:\/\/kalinski.pl\/serwis\/regeneracja-katalizatorow-i-filtrow-dpf-alfa-romeo\/#breadcrumb\",\"itemListElement\":[{\"@type\":\"ListItem\",\"position\":1,\"name\":\"Strona g\u0142\u00f3wna\",\"item\":\"https:\/\/kalinski.pl\/serwis\/\"},{\"@type\":\"ListItem\",\"position\":2,\"name\":\"Regeneracja katalizator\u00f3w i filtr\u00f3w DPF Alfa Romeo\"}]},{\"@type\":\"WebSite\",\"@id\":\"https:\/\/kalinski.pl\/serwis\/#website\",\"url\":\"https:\/\/kalinski.pl\/serwis\/\",\"name\":\"Kali\u0144ski\",\"description\":\"Uk\u0142ady wydechowe\",\"publisher\":{\"@id\":\"https:\/\/kalinski.pl\/serwis\/#organization\"},\"potentialAction\":[{\"@type\":\"SearchAction\",\"target\":{\"@type\":\"EntryPoint\",\"urlTemplate\":\"https:\/\/kalinski.pl\/serwis\/?s={search_term_string}\"},\"query-input\":{\"@type\":\"PropertyValueSpecification\",\"valueRequired\":true,\"valueName\":\"search_term_string\"}}],\"inLanguage\":\"pl-PL\"},{\"@type\":\"Organization\",\"@id\":\"https:\/\/kalinski.pl\/serwis\/#organization\",\"name\":\"Kali\u0144ski\",\"url\":\"https:\/\/kalinski.pl\/serwis\/\",\"logo\":{\"@type\":\"ImageObject\",\"inLanguage\":\"pl-PL\",\"@id\":\"https:\/\/kalinski.pl\/serwis\/#\/schema\/logo\/image\/\",\"url\":\"https:\/\/kalinski.pl\/serwis\/wp-content\/uploads\/2019\/03\/cropped-logo_white.jpg\",\"contentUrl\":\"https:\/\/kalinski.pl\/serwis\/wp-content\/uploads\/2019\/03\/cropped-logo_white.jpg\",\"width\":240,\"height\":63,\"caption\":\"Kali\u0144ski\"},\"image\":{\"@id\":\"https:\/\/kalinski.pl\/serwis\/#\/schema\/logo\/image\/\"}}]}<\/script>\n<!-- \/ Yoast SEO plugin. -->","yoast_head_json":{"title":"Regeneracja katalizator\u00f3w i filtr\u00f3w DPF Alfa Romeo | Kali\u0144ski","description":"Nawet tak ma\u0142o popularne modele jak Alfa Romeo serwisujemy, realizujac m.in. us\u0142ugi regeneracja katalizator\u00f3w i filtr\u00f3w DPF Alfa Romeo","robots":{"index":"index","follow":"follow","max-snippet":"max-snippet:-1","max-image-preview":"max-image-preview:large","max-video-preview":"max-video-preview:-1"},"canonical":"https:\/\/kalinski.pl\/serwis\/regeneracja-katalizatorow-i-filtrow-dpf-alfa-romeo\/","og_locale":"pl_PL","og_type":"article","og_title":"Regeneracja katalizator\u00f3w i filtr\u00f3w DPF Alfa Romeo | Kali\u0144ski","og_description":"Nawet tak ma\u0142o popularne modele jak Alfa Romeo serwisujemy, realizujac m.in. us\u0142ugi regeneracja katalizator\u00f3w i filtr\u00f3w DPF Alfa Romeo","og_url":"https:\/\/kalinski.pl\/serwis\/regeneracja-katalizatorow-i-filtrow-dpf-alfa-romeo\/","og_site_name":"Kali\u0144ski","og_image":[{"url":"https:\/\/kalinski.pl\/wp-content\/uploads\/Filtry_Kalinski-1-1110x303.png","type":"","width":"","height":""}],"twitter_card":"summary_large_image","twitter_misc":{"Szacowany czas czytania":"2 minuty"},"schema":{"@context":"https:\/\/schema.org","@graph":[{"@type":"WebPage","@id":"https:\/\/kalinski.pl\/serwis\/regeneracja-katalizatorow-i-filtrow-dpf-alfa-romeo\/","url":"https:\/\/kalinski.pl\/serwis\/regeneracja-katalizatorow-i-filtrow-dpf-alfa-romeo\/","name":"Regeneracja katalizator\u00f3w i filtr\u00f3w DPF Alfa Romeo | Kali\u0144ski","isPartOf":{"@id":"https:\/\/kalinski.pl\/serwis\/#website"},"primaryImageOfPage":{"@id":"https:\/\/kalinski.pl\/serwis\/regeneracja-katalizatorow-i-filtrow-dpf-alfa-romeo\/#primaryimage"},"image":{"@id":"https:\/\/kalinski.pl\/serwis\/regeneracja-katalizatorow-i-filtrow-dpf-alfa-romeo\/#primaryimage"},"thumbnailUrl":"https:\/\/kalinski.pl\/wp-content\/uploads\/Filtry_Kalinski-1-1110x303.png","datePublished":"2021-01-08T08:25:34+00:00","description":"Nawet tak ma\u0142o popularne modele jak Alfa Romeo serwisujemy, realizujac m.in. us\u0142ugi regeneracja katalizator\u00f3w i filtr\u00f3w DPF Alfa Romeo","breadcrumb":{"@id":"https:\/\/kalinski.pl\/serwis\/regeneracja-katalizatorow-i-filtrow-dpf-alfa-romeo\/#breadcrumb"},"inLanguage":"pl-PL","potentialAction":[{"@type":"ReadAction","target":["https:\/\/kalinski.pl\/serwis\/regeneracja-katalizatorow-i-filtrow-dpf-alfa-romeo\/"]}]},{"@type":"ImageObject","inLanguage":"pl-PL","@id":"https:\/\/kalinski.pl\/serwis\/regeneracja-katalizatorow-i-filtrow-dpf-alfa-romeo\/#primaryimage","url":"https:\/\/kalinski.pl\/wp-content\/uploads\/Filtry_Kalinski-1-1110x303.png","contentUrl":"https:\/\/kalinski.pl\/wp-content\/uploads\/Filtry_Kalinski-1-1110x303.png"},{"@type":"BreadcrumbList","@id":"https:\/\/kalinski.pl\/serwis\/regeneracja-katalizatorow-i-filtrow-dpf-alfa-romeo\/#breadcrumb","itemListElement":[{"@type":"ListItem","position":1,"name":"Strona g\u0142\u00f3wna","item":"https:\/\/kalinski.pl\/serwis\/"},{"@type":"ListItem","position":2,"name":"Regeneracja katalizator\u00f3w i filtr\u00f3w DPF Alfa Romeo"}]},{"@type":"WebSite","@id":"https:\/\/kalinski.pl\/serwis\/#website","url":"https:\/\/kalinski.pl\/serwis\/","name":"Kali\u0144ski","description":"Uk\u0142ady wydechowe","publisher":{"@id":"https:\/\/kalinski.pl\/serwis\/#organization"},"potentialAction":[{"@type":"SearchAction","target":{"@type":"EntryPoint","urlTemplate":"https:\/\/kalinski.pl\/serwis\/?s={search_term_string}"},"query-input":{"@type":"PropertyValueSpecification","valueRequired":true,"valueName":"search_term_string"}}],"inLanguage":"pl-PL"},{"@type":"Organization","@id":"https:\/\/kalinski.pl\/serwis\/#organization","name":"Kali\u0144ski","url":"https:\/\/kalinski.pl\/serwis\/","logo":{"@type":"ImageObject","inLanguage":"pl-PL","@id":"https:\/\/kalinski.pl\/serwis\/#\/schema\/logo\/image\/","url":"https:\/\/kalinski.pl\/serwis\/wp-content\/uploads\/2019\/03\/cropped-logo_white.jpg","contentUrl":"https:\/\/kalinski.pl\/serwis\/wp-content\/uploads\/2019\/03\/cropped-logo_white.jpg","width":240,"height":63,"caption":"Kali\u0144ski"},"image":{"@id":"https:\/\/kalinski.pl\/serwis\/#\/schema\/logo\/image\/"}}]}},"_links":{"self":[{"href":"https:\/\/kalinski.pl\/serwis\/wp-json\/wp\/v2\/pages\/2960","targetHints":{"allow":["GET"]}}],"collection":[{"href":"https:\/\/kalinski.pl\/serwis\/wp-json\/wp\/v2\/pages"}],"about":[{"href":"https:\/\/kalinski.pl\/serwis\/wp-json\/wp\/v2\/types\/page"}],"author":[{"embeddable":true,"href":"https:\/\/kalinski.pl\/serwis\/wp-json\/wp\/v2\/users\/821795"}],"replies":[{"embeddable":true,"href":"https:\/\/kalinski.pl\/serwis\/wp-json\/wp\/v2\/comments?post=2960"}],"version-history":[{"count":0,"href":"https:\/\/kalinski.pl\/serwis\/wp-json\/wp\/v2\/pages\/2960\/revisions"}],"wp:attachment":[{"href":"https:\/\/kalinski.pl\/serwis\/wp-json\/wp\/v2\/media?parent=2960"}],"curies":[{"name":"wp","href":"https:\/\/api.w.org\/{rel}","templated":true}]}}