{"id":2958,"date":"2021-01-08T08:41:46","date_gmt":"2021-01-08T07:41:46","guid":{"rendered":"https:\/\/kalinski.pl\/?page_id=2958"},"modified":"2021-01-08T08:41:46","modified_gmt":"2021-01-08T07:41:46","slug":"regeneracja-katalizatorow-i-filtrow-dpf-chevrolet","status":"publish","type":"page","link":"https:\/\/kalinski.pl\/serwis\/regeneracja-katalizatorow-i-filtrow-dpf-chevrolet\/","title":{"rendered":"Regeneracja katalizator\u00f3w i filtr\u00f3w DPF Chevrolet"},"content":{"rendered":"\r\n<figure class=\"wp-block-image size-large\"><img fetchpriority=\"high\" decoding=\"async\" width=\"1110\" height=\"303\" class=\"wp-image-1568\" src=\"https:\/\/kalinski.pl\/wp-content\/uploads\/Filtry_Kalinski-1-1110x303.png\" alt=\"\"><\/figure>\r\n\r\n\r\n<p align=\"justify\">Auta generuj\u0105 spaliny, kt\u00f3re s\u0105 szkodliwe dla \u015brodowiska. Niezale\u017cnie od tego, czy posiadaj\u0105 Pa\u0144stwo samoch\u00f3d na olej nap\u0119dowy, gaz, czy benzyn\u0119 &#8211; wyposa\u017cony jest on w uk\u0142ad wydechowy. W sk\u0142ad uk\u0142adu wydechowego wchodz\u0105 mi\u0119dzy innymi katalizator (lub kilka) oraz filtry cz\u0105stek sta\u0142ych (DPF, FAP, GPF). Ich zadaniem jest zoboj\u0119tnianie szkodliwych sk\u0142adnik\u00f3w spalin, aby stanowi\u0142y jak najmniejsze zagro\u017cenie dla \u015brodowiska i zdrowia cz\u0142owieka. Katalizatory montowane w autach na benzyn\u0119 r\u00f3\u017cni\u0105 si\u0119 od dieslowych budow\u0105 pow\u0142oki aktywnej. Wynika to z r\u00f3\u017cnicy sk\u0142adu spalin, kt\u00f3re generuj\u0105. Niestety, zar\u00f3wno filtry DPF, jak i katalizatory ulegaj\u0105 zapchaniu, zniszczeniu, lub zu\u017cyciu, przez co wymagaj\u0105 wymiany \u015brednio po przejechaniu 180 000 &#8211; 200 000 kilometr\u00f3w.<\/p>\r\n\r\n\r\n<p>W firmie Kali\u0144ski zakupi\u0107 mo\u017cna najlepsze, nowe, oryginalne cz\u0119\u015bci samochodowe, a tak\u017ce ich zamienniki oraz zregenerowane cz\u0119\u015bci zamienne. Jednak istnieje r\u00f3wnie\u017c mo\u017cliwo\u015b\u0107 naprawy u\u017cywanej cz\u0119\u015bci &#8211; firma Kali\u0144ski oferuje us\u0142ugi: <strong>regeneracja katalizator\u00f3w (Chevrolet) i regeneracja filtr\u00f3w DPF (Chevrolet).<\/strong> Takie rozwi\u0105zanie jest bardziej ekonomiczne i ekologiczne, gdy\u017c nie wymaga produkcji nowego podzespo\u0142u.<\/p>\r\n\r\n\r\n<p><strong>Czyszczenie katalizatora Chevrolet <\/strong>oraz<strong> regeneracja filtr\u00f3w cz\u0105stek sta\u0142ych Chevrolet<\/strong> w firmie Kali\u0144ski odbywa si\u0119 przy u\u017cyciu specjalistycznego pieca marki Hartridge, kt\u00f3ry obs\u0142ugiwany jest przez grono specjalist\u00f3w czuwaj\u0105cych nad sprawnym, bezpiecznym i skutecznym wykonaniem us\u0142ugi. Regenerujemy r\u00f3wnie\u017c filtry i katalizatory wymieniaj\u0105c wk\u0142ady ceramiczne. Dzi\u0119ki po\u0142\u0105czeniu technologii z fachow\u0105 wiedz\u0105 i do\u015bwiadczeniem najlepszych mechanik\u00f3w, <strong>naprawa katalizator\u00f3w Chevrolet<\/strong> i filtr\u00f3w DPF jest niebywale skuteczna, co sprawia, \u017ce cz\u0119\u015bci te odzyskuj\u0105 swoj\u0105 dawn\u0105 sprawno\u015b\u0107.<\/p>\r\n\r\n\r\n<div class=\"wp-block-columns is-layout-flex wp-container-core-columns-is-layout-1 wp-block-columns-is-layout-flex\">\r\n<div class=\"wp-block-column is-layout-flow wp-block-column-is-layout-flow\">\r\n<div class=\"k_box\" style=\"float: right;\">\r\n<div class=\"k_box_left\"><img decoding=\"async\" class=\"alignnone size-full wp-image-152\" src=\"https:\/\/kalinski.pl\/wp-content\/uploads\/2019\/04\/k_mateuszl.jpg\" alt=\"\" width=\"95\" height=\"161\"><\/div>\r\n<div class=\"k_box_right\">\r\n<div class=\"kbr_1\">Katalizatory, filtry FAP\/DPF<\/div>\r\n<div class=\"kbr_2\">Mateusz<\/div>\r\n<div class=\"kbr_2\"><a class=\"phone\" href=\"tel:0048618142777\">+48 61 814 27 77 \/ wew 101<\/a><\/div>\r\n<div class=\"kbr_3\"><a href=\"mailto:biuro@kalinski.pl\">biuro@kalinski.pl<\/a><\/div>\r\n<\/div>\r\n<\/div>\r\n\r\n<\/div>\r\n\r\n\r\n<div class=\"wp-block-column is-layout-flow wp-block-column-is-layout-flow\">\r\n<div class=\"k_box\" style=\"float: left;\">\r\n<div class=\"k_box_left\"><img decoding=\"async\" class=\"alignnone size-full wp-image-152\" src=\"https:\/\/kalinski.pl\/wp-content\/uploads\/2019\/04\/k_adamc.jpg\" alt=\"\" width=\"95\" height=\"161\"><\/div>\r\n<div class=\"k_box_right\">\r\n<div class=\"kbr_1\">Pojazdy ci\u0119\u017carowe<\/div>\r\n<div class=\"kbr_2\">Adam<\/div>\r\n<div class=\"kbr_2\"><a class=\"phone\" href=\"tel:0048618142777\">+48 61 814 27 77 \/ wew 102<\/a><\/div>\r\n<div class=\"kbr_3\"><a href=\"mailto:ciezarowe@kalinski.pl\">ciezarowe@kalinski.pl<\/a><\/div>\r\n<\/div>\r\n<\/div>\r\n<\/div>\r\n<\/div>\r\n\r\n\r\n<p><iframe style=\"border: 0;\" tabindex=\"0\" src=\"https:\/\/www.google.com\/maps\/embed?pb=!1m14!1m8!1m3!1d2891.0189752303836!2d16.761502335364135!3d52.46016731732493!3m2!1i1024!2i768!4f13.1!3m3!1m2!1s0x470441321c9562cb%3A0xee0284f60b138572!2sSzamotulska%2040%2C%2062-081%20Chyby!5e0!3m2!1spl!2spl!4v1599035144301!5m2!1spl!2spl\" width=\"100%\" height=\"450\" frameborder=\"0\" allowfullscreen=\"allowfullscreen\" aria-hidden=\"false\"><\/iframe><\/p>\r\n","protected":false},"excerpt":{"rendered":"<p>Auta generuj\u0105 spaliny, kt\u00f3re s\u0105 szkodliwe dla \u015brodowiska. Niezale\u017cnie od tego, czy posiadaj\u0105 Pa\u0144stwo samoch\u00f3d na olej nap\u0119dowy, gaz, czy benzyn\u0119 &#8211; wyposa\u017cony jest on w uk\u0142ad wydechowy. W sk\u0142ad uk\u0142adu wydechowego wchodz\u0105 mi\u0119dzy innymi katalizator (lub kilka) oraz filtry cz\u0105stek sta\u0142ych (DPF, FAP, GPF). Ich zadaniem jest zoboj\u0119tnianie szkodliwych sk\u0142adnik\u00f3w spalin, aby stanowi\u0142y jak &hellip; <a href=\"https:\/\/kalinski.pl\/serwis\/regeneracja-katalizatorow-i-filtrow-dpf-chevrolet\/\" class=\"more-link\">Czytaj dalej<span class=\"screen-reader-text\"> Regeneracja katalizator\u00f3w i filtr\u00f3w DPF Chevrolet<\/span><\/a><\/p>\n","protected":false},"author":821795,"featured_media":0,"parent":0,"menu_order":0,"comment_status":"closed","ping_status":"closed","template":"","meta":{"footnotes":""},"class_list":["post-2958","page","type-page","status-publish","hentry"],"yoast_head":"<!-- This site is optimized with the Yoast SEO plugin v26.7 - https:\/\/yoast.com\/wordpress\/plugins\/seo\/ -->\n<title>Regeneracja katalizator\u00f3w i filtr\u00f3w DPF Chevrolet | Kali\u0144ski<\/title>\n<meta name=\"description\" content=\"Pojazdy marki Chevrolet sa jednymi z licznych, dla kt\u00f3rych wykonujemy us\u0142ugi, w tym m.in. regeneracja katalizator\u00f3w i filtr\u00f3w DPF Chevrolet.\" \/>\n<meta name=\"robots\" content=\"index, follow, max-snippet:-1, max-image-preview:large, max-video-preview:-1\" \/>\n<link rel=\"canonical\" href=\"https:\/\/kalinski.pl\/serwis\/regeneracja-katalizatorow-i-filtrow-dpf-chevrolet\/\" \/>\n<meta property=\"og:locale\" content=\"pl_PL\" \/>\n<meta property=\"og:type\" content=\"article\" \/>\n<meta property=\"og:title\" content=\"Regeneracja katalizator\u00f3w i filtr\u00f3w DPF Chevrolet | Kali\u0144ski\" \/>\n<meta property=\"og:description\" content=\"Pojazdy marki Chevrolet sa jednymi z licznych, dla kt\u00f3rych wykonujemy us\u0142ugi, w tym m.in. regeneracja katalizator\u00f3w i filtr\u00f3w DPF Chevrolet.\" \/>\n<meta property=\"og:url\" content=\"https:\/\/kalinski.pl\/serwis\/regeneracja-katalizatorow-i-filtrow-dpf-chevrolet\/\" \/>\n<meta property=\"og:site_name\" content=\"Kali\u0144ski\" \/>\n<meta property=\"og:image\" content=\"https:\/\/kalinski.pl\/wp-content\/uploads\/Filtry_Kalinski-1-1110x303.png\" \/>\n<meta name=\"twitter:card\" content=\"summary_large_image\" \/>\n<meta name=\"twitter:label1\" content=\"Szacowany czas czytania\" \/>\n\t<meta name=\"twitter:data1\" content=\"2 minuty\" \/>\n<script type=\"application\/ld+json\" class=\"yoast-schema-graph\">{\"@context\":\"https:\/\/schema.org\",\"@graph\":[{\"@type\":\"WebPage\",\"@id\":\"https:\/\/kalinski.pl\/serwis\/regeneracja-katalizatorow-i-filtrow-dpf-chevrolet\/\",\"url\":\"https:\/\/kalinski.pl\/serwis\/regeneracja-katalizatorow-i-filtrow-dpf-chevrolet\/\",\"name\":\"Regeneracja katalizator\u00f3w i filtr\u00f3w DPF Chevrolet | Kali\u0144ski\",\"isPartOf\":{\"@id\":\"https:\/\/kalinski.pl\/serwis\/#website\"},\"primaryImageOfPage\":{\"@id\":\"https:\/\/kalinski.pl\/serwis\/regeneracja-katalizatorow-i-filtrow-dpf-chevrolet\/#primaryimage\"},\"image\":{\"@id\":\"https:\/\/kalinski.pl\/serwis\/regeneracja-katalizatorow-i-filtrow-dpf-chevrolet\/#primaryimage\"},\"thumbnailUrl\":\"https:\/\/kalinski.pl\/wp-content\/uploads\/Filtry_Kalinski-1-1110x303.png\",\"datePublished\":\"2021-01-08T07:41:46+00:00\",\"description\":\"Pojazdy marki Chevrolet sa jednymi z licznych, dla kt\u00f3rych wykonujemy us\u0142ugi, w tym m.in. regeneracja katalizator\u00f3w i filtr\u00f3w DPF Chevrolet.\",\"breadcrumb\":{\"@id\":\"https:\/\/kalinski.pl\/serwis\/regeneracja-katalizatorow-i-filtrow-dpf-chevrolet\/#breadcrumb\"},\"inLanguage\":\"pl-PL\",\"potentialAction\":[{\"@type\":\"ReadAction\",\"target\":[\"https:\/\/kalinski.pl\/serwis\/regeneracja-katalizatorow-i-filtrow-dpf-chevrolet\/\"]}]},{\"@type\":\"ImageObject\",\"inLanguage\":\"pl-PL\",\"@id\":\"https:\/\/kalinski.pl\/serwis\/regeneracja-katalizatorow-i-filtrow-dpf-chevrolet\/#primaryimage\",\"url\":\"https:\/\/kalinski.pl\/wp-content\/uploads\/Filtry_Kalinski-1-1110x303.png\",\"contentUrl\":\"https:\/\/kalinski.pl\/wp-content\/uploads\/Filtry_Kalinski-1-1110x303.png\"},{\"@type\":\"BreadcrumbList\",\"@id\":\"https:\/\/kalinski.pl\/serwis\/regeneracja-katalizatorow-i-filtrow-dpf-chevrolet\/#breadcrumb\",\"itemListElement\":[{\"@type\":\"ListItem\",\"position\":1,\"name\":\"Strona g\u0142\u00f3wna\",\"item\":\"https:\/\/kalinski.pl\/serwis\/\"},{\"@type\":\"ListItem\",\"position\":2,\"name\":\"Regeneracja katalizator\u00f3w i filtr\u00f3w DPF Chevrolet\"}]},{\"@type\":\"WebSite\",\"@id\":\"https:\/\/kalinski.pl\/serwis\/#website\",\"url\":\"https:\/\/kalinski.pl\/serwis\/\",\"name\":\"Kali\u0144ski\",\"description\":\"Uk\u0142ady wydechowe\",\"publisher\":{\"@id\":\"https:\/\/kalinski.pl\/serwis\/#organization\"},\"potentialAction\":[{\"@type\":\"SearchAction\",\"target\":{\"@type\":\"EntryPoint\",\"urlTemplate\":\"https:\/\/kalinski.pl\/serwis\/?s={search_term_string}\"},\"query-input\":{\"@type\":\"PropertyValueSpecification\",\"valueRequired\":true,\"valueName\":\"search_term_string\"}}],\"inLanguage\":\"pl-PL\"},{\"@type\":\"Organization\",\"@id\":\"https:\/\/kalinski.pl\/serwis\/#organization\",\"name\":\"Kali\u0144ski\",\"url\":\"https:\/\/kalinski.pl\/serwis\/\",\"logo\":{\"@type\":\"ImageObject\",\"inLanguage\":\"pl-PL\",\"@id\":\"https:\/\/kalinski.pl\/serwis\/#\/schema\/logo\/image\/\",\"url\":\"https:\/\/kalinski.pl\/serwis\/wp-content\/uploads\/2019\/03\/cropped-logo_white.jpg\",\"contentUrl\":\"https:\/\/kalinski.pl\/serwis\/wp-content\/uploads\/2019\/03\/cropped-logo_white.jpg\",\"width\":240,\"height\":63,\"caption\":\"Kali\u0144ski\"},\"image\":{\"@id\":\"https:\/\/kalinski.pl\/serwis\/#\/schema\/logo\/image\/\"}}]}<\/script>\n<!-- \/ Yoast SEO plugin. -->","yoast_head_json":{"title":"Regeneracja katalizator\u00f3w i filtr\u00f3w DPF Chevrolet | Kali\u0144ski","description":"Pojazdy marki Chevrolet sa jednymi z licznych, dla kt\u00f3rych wykonujemy us\u0142ugi, w tym m.in. regeneracja katalizator\u00f3w i filtr\u00f3w DPF Chevrolet.","robots":{"index":"index","follow":"follow","max-snippet":"max-snippet:-1","max-image-preview":"max-image-preview:large","max-video-preview":"max-video-preview:-1"},"canonical":"https:\/\/kalinski.pl\/serwis\/regeneracja-katalizatorow-i-filtrow-dpf-chevrolet\/","og_locale":"pl_PL","og_type":"article","og_title":"Regeneracja katalizator\u00f3w i filtr\u00f3w DPF Chevrolet | Kali\u0144ski","og_description":"Pojazdy marki Chevrolet sa jednymi z licznych, dla kt\u00f3rych wykonujemy us\u0142ugi, w tym m.in. regeneracja katalizator\u00f3w i filtr\u00f3w DPF Chevrolet.","og_url":"https:\/\/kalinski.pl\/serwis\/regeneracja-katalizatorow-i-filtrow-dpf-chevrolet\/","og_site_name":"Kali\u0144ski","og_image":[{"url":"https:\/\/kalinski.pl\/wp-content\/uploads\/Filtry_Kalinski-1-1110x303.png","type":"","width":"","height":""}],"twitter_card":"summary_large_image","twitter_misc":{"Szacowany czas czytania":"2 minuty"},"schema":{"@context":"https:\/\/schema.org","@graph":[{"@type":"WebPage","@id":"https:\/\/kalinski.pl\/serwis\/regeneracja-katalizatorow-i-filtrow-dpf-chevrolet\/","url":"https:\/\/kalinski.pl\/serwis\/regeneracja-katalizatorow-i-filtrow-dpf-chevrolet\/","name":"Regeneracja katalizator\u00f3w i filtr\u00f3w DPF Chevrolet | Kali\u0144ski","isPartOf":{"@id":"https:\/\/kalinski.pl\/serwis\/#website"},"primaryImageOfPage":{"@id":"https:\/\/kalinski.pl\/serwis\/regeneracja-katalizatorow-i-filtrow-dpf-chevrolet\/#primaryimage"},"image":{"@id":"https:\/\/kalinski.pl\/serwis\/regeneracja-katalizatorow-i-filtrow-dpf-chevrolet\/#primaryimage"},"thumbnailUrl":"https:\/\/kalinski.pl\/wp-content\/uploads\/Filtry_Kalinski-1-1110x303.png","datePublished":"2021-01-08T07:41:46+00:00","description":"Pojazdy marki Chevrolet sa jednymi z licznych, dla kt\u00f3rych wykonujemy us\u0142ugi, w tym m.in. regeneracja katalizator\u00f3w i filtr\u00f3w DPF Chevrolet.","breadcrumb":{"@id":"https:\/\/kalinski.pl\/serwis\/regeneracja-katalizatorow-i-filtrow-dpf-chevrolet\/#breadcrumb"},"inLanguage":"pl-PL","potentialAction":[{"@type":"ReadAction","target":["https:\/\/kalinski.pl\/serwis\/regeneracja-katalizatorow-i-filtrow-dpf-chevrolet\/"]}]},{"@type":"ImageObject","inLanguage":"pl-PL","@id":"https:\/\/kalinski.pl\/serwis\/regeneracja-katalizatorow-i-filtrow-dpf-chevrolet\/#primaryimage","url":"https:\/\/kalinski.pl\/wp-content\/uploads\/Filtry_Kalinski-1-1110x303.png","contentUrl":"https:\/\/kalinski.pl\/wp-content\/uploads\/Filtry_Kalinski-1-1110x303.png"},{"@type":"BreadcrumbList","@id":"https:\/\/kalinski.pl\/serwis\/regeneracja-katalizatorow-i-filtrow-dpf-chevrolet\/#breadcrumb","itemListElement":[{"@type":"ListItem","position":1,"name":"Strona g\u0142\u00f3wna","item":"https:\/\/kalinski.pl\/serwis\/"},{"@type":"ListItem","position":2,"name":"Regeneracja katalizator\u00f3w i filtr\u00f3w DPF Chevrolet"}]},{"@type":"WebSite","@id":"https:\/\/kalinski.pl\/serwis\/#website","url":"https:\/\/kalinski.pl\/serwis\/","name":"Kali\u0144ski","description":"Uk\u0142ady wydechowe","publisher":{"@id":"https:\/\/kalinski.pl\/serwis\/#organization"},"potentialAction":[{"@type":"SearchAction","target":{"@type":"EntryPoint","urlTemplate":"https:\/\/kalinski.pl\/serwis\/?s={search_term_string}"},"query-input":{"@type":"PropertyValueSpecification","valueRequired":true,"valueName":"search_term_string"}}],"inLanguage":"pl-PL"},{"@type":"Organization","@id":"https:\/\/kalinski.pl\/serwis\/#organization","name":"Kali\u0144ski","url":"https:\/\/kalinski.pl\/serwis\/","logo":{"@type":"ImageObject","inLanguage":"pl-PL","@id":"https:\/\/kalinski.pl\/serwis\/#\/schema\/logo\/image\/","url":"https:\/\/kalinski.pl\/serwis\/wp-content\/uploads\/2019\/03\/cropped-logo_white.jpg","contentUrl":"https:\/\/kalinski.pl\/serwis\/wp-content\/uploads\/2019\/03\/cropped-logo_white.jpg","width":240,"height":63,"caption":"Kali\u0144ski"},"image":{"@id":"https:\/\/kalinski.pl\/serwis\/#\/schema\/logo\/image\/"}}]}},"_links":{"self":[{"href":"https:\/\/kalinski.pl\/serwis\/wp-json\/wp\/v2\/pages\/2958","targetHints":{"allow":["GET"]}}],"collection":[{"href":"https:\/\/kalinski.pl\/serwis\/wp-json\/wp\/v2\/pages"}],"about":[{"href":"https:\/\/kalinski.pl\/serwis\/wp-json\/wp\/v2\/types\/page"}],"author":[{"embeddable":true,"href":"https:\/\/kalinski.pl\/serwis\/wp-json\/wp\/v2\/users\/821795"}],"replies":[{"embeddable":true,"href":"https:\/\/kalinski.pl\/serwis\/wp-json\/wp\/v2\/comments?post=2958"}],"version-history":[{"count":0,"href":"https:\/\/kalinski.pl\/serwis\/wp-json\/wp\/v2\/pages\/2958\/revisions"}],"wp:attachment":[{"href":"https:\/\/kalinski.pl\/serwis\/wp-json\/wp\/v2\/media?parent=2958"}],"curies":[{"name":"wp","href":"https:\/\/api.w.org\/{rel}","templated":true}]}}