{"id":2952,"date":"2021-01-07T10:09:03","date_gmt":"2021-01-07T09:09:03","guid":{"rendered":"https:\/\/kalinski.pl\/?page_id=2952"},"modified":"2021-01-07T10:09:03","modified_gmt":"2021-01-07T09:09:03","slug":"regeneracja-katalizatorow-i-filtrow-dpf-cadillac","status":"publish","type":"page","link":"https:\/\/kalinski.pl\/serwis\/regeneracja-katalizatorow-i-filtrow-dpf-cadillac\/","title":{"rendered":"Regeneracja katalizator\u00f3w i filtr\u00f3w DPF Cadillac"},"content":{"rendered":"\r\n<figure class=\"wp-block-image size-large\"><img fetchpriority=\"high\" decoding=\"async\" width=\"1110\" height=\"303\" class=\"wp-image-1568\" src=\"https:\/\/kalinski.pl\/wp-content\/uploads\/Filtry_Kalinski-1-1110x303.png\" alt=\"\"><\/figure>\r\n\r\n\r\n<p align=\"justify\">Katalizator jest cz\u0119\u015bci\u0105 uk\u0142adu wydechowego, kt\u00f3ra znajduje si\u0119 w puszce przypominaj\u0105cej bardzo cz\u0119sto metalowy walec i znajduje si\u0119 za kolektorem wydechowym. Jego zadaniem jest zoboj\u0119tnienie spalin tak, aby stanowi\u0142y minimalne zagro\u017cenie dla stanu \u015brodowiska i zdrowia cz\u0142owieka. W procesie tym wspomagaj\u0105 go filtry DPF. Jednak cz\u0119\u015bci te nara\u017cone s\u0105 na ci\u0119\u017ckie warunki pracy, przez co ulegaj\u0105 zapchaniu, lub zu\u017cyciu. Nie sprzyja im te\u017c s\u0142abej jako\u015bci paliwo oraz zbyt rzadka wymiana filtr\u00f3w paliwowych i oleju silnikowego. Cz\u0119\u015bci te wymagaj\u0105 wymiany tak\u017ce po pokonaniu oko\u0142o 200 000 kilometr\u00f3w.<\/p>\r\n\r\n\r\n<p>Wymian\u0119 zast\u0105pi\u0107 mo\u017cna nieco ta\u0144szym rozwi\u0105zaniem dost\u0119pnym pod nazw\u0105 <strong>regeneracja katalizator\u00f3w Cadillac <\/strong>oraz<strong> regeneracja filtr\u00f3w DPF Cadillac<\/strong>. Obie us\u0142ugi wykonywane s\u0105 w firmie Kali\u0144ski przez profesjonalny zesp\u00f3\u0142 do\u015bwiadczonych specjalist\u00f3w mechanik\u00f3w, kt\u00f3rzy sprawnie przeprowadzaj\u0105 ka\u017cde <strong>czyszczenie katalizatora (Cadillac) oraz filtr\u00f3w DPF.<\/strong> <strong>Naprawa katalizator\u00f3w (Cadillac)<\/strong> , a tak\u017ce <strong>regeneracja filtr\u00f3w cz\u0105stek sta\u0142ych (Cadillac)<\/strong> odbywaj\u0105 si\u0119 przy pomocy specjalistycznego pieca brytyjskiej marki Hartridge, w kt\u00f3rym przy wysokiej temperaturze (600 stopni Celsjusza) wypalane s\u0105 wszelkie zanieczyszczenia i zalegaj\u0105ca w mikrokanalikach sadza. Po sprawnie przeprowadzonej procedurze zar\u00f3wno filtry cz\u0105stek sta\u0142ych (DPF), jak i katalizatory odzyskuj\u0105 pe\u0142n\u0105 sprawno\u015b\u0107. Poza regeneracj\u0105 firma Kali\u0144ski zajmuje si\u0119 tak\u017ce sprzeda\u017c\u0105 wysokiej jako\u015bci cz\u0119\u015bciami wielu marek samochodowych. W ofercie dost\u0119pne s\u0105 zar\u00f3wno nowe oryginalne cz\u0119\u015bci, jak i u\u017cywane po regeneracji oraz sprawdzone i nieco ta\u0144sze zamienniki orygina\u0142\u00f3w.<\/p>\r\n\r\n\r\n\r\n<div class=\"wp-block-columns is-layout-flex wp-container-core-columns-is-layout-1 wp-block-columns-is-layout-flex\">\r\n<div class=\"wp-block-column is-layout-flow wp-block-column-is-layout-flow\">\r\n<div class=\"k_box\" style=\"float: right;\">\r\n<div class=\"k_box_left\"><img decoding=\"async\" class=\"alignnone size-full wp-image-152\" src=\"https:\/\/kalinski.pl\/wp-content\/uploads\/2019\/04\/k_mateuszl.jpg\" alt=\"\" width=\"95\" height=\"161\"><\/div>\r\n<div class=\"k_box_right\">\r\n<div class=\"kbr_1\">Katalizatory, filtry FAP\/DPF<\/div>\r\n<div class=\"kbr_2\">Mateusz<\/div>\r\n<div class=\"kbr_2\"><a class=\"phone\" href=\"tel:0048618142777\">+48 61 814 27 77 \/ wew 101<\/a><\/div>\r\n<div class=\"kbr_3\"><a href=\"mailto:biuro@kalinski.pl\">biuro@kalinski.pl<\/a><\/div>\r\n<\/div>\r\n<\/div>\r\n\r\n<\/div>\r\n\r\n\r\n<div class=\"wp-block-column is-layout-flow wp-block-column-is-layout-flow\">\r\n<div class=\"k_box\" style=\"float: left;\">\r\n<div class=\"k_box_left\"><img decoding=\"async\" class=\"alignnone size-full wp-image-152\" src=\"https:\/\/kalinski.pl\/wp-content\/uploads\/2019\/04\/k_adamc.jpg\" alt=\"\" width=\"95\" height=\"161\"><\/div>\r\n<div class=\"k_box_right\">\r\n<div class=\"kbr_1\">Pojazdy ci\u0119\u017carowe<\/div>\r\n<div class=\"kbr_2\">Adam<\/div>\r\n<div class=\"kbr_2\"><a class=\"phone\" href=\"tel:0048618142777\">+48 61 814 27 77 \/ wew 102<\/a><\/div>\r\n<div class=\"kbr_3\"><a href=\"mailto:ciezarowe@kalinski.pl\">ciezarowe@kalinski.pl<\/a><\/div>\r\n<\/div>\r\n<\/div>\r\n<\/div>\r\n<\/div>\r\n\r\n\r\n<p><iframe style=\"border: 0;\" tabindex=\"0\" src=\"https:\/\/www.google.com\/maps\/embed?pb=!1m14!1m8!1m3!1d2891.0189752303836!2d16.761502335364135!3d52.46016731732493!3m2!1i1024!2i768!4f13.1!3m3!1m2!1s0x470441321c9562cb%3A0xee0284f60b138572!2sSzamotulska%2040%2C%2062-081%20Chyby!5e0!3m2!1spl!2spl!4v1599035144301!5m2!1spl!2spl\" width=\"100%\" height=\"450\" frameborder=\"0\" allowfullscreen=\"allowfullscreen\" aria-hidden=\"false\"><\/iframe><\/p>\r\n","protected":false},"excerpt":{"rendered":"<p>Katalizator jest cz\u0119\u015bci\u0105 uk\u0142adu wydechowego, kt\u00f3ra znajduje si\u0119 w puszce przypominaj\u0105cej bardzo cz\u0119sto metalowy walec i znajduje si\u0119 za kolektorem wydechowym. Jego zadaniem jest zoboj\u0119tnienie spalin tak, aby stanowi\u0142y minimalne zagro\u017cenie dla stanu \u015brodowiska i zdrowia cz\u0142owieka. W procesie tym wspomagaj\u0105 go filtry DPF. Jednak cz\u0119\u015bci te nara\u017cone s\u0105 na ci\u0119\u017ckie warunki pracy, przez co &hellip; <a href=\"https:\/\/kalinski.pl\/serwis\/regeneracja-katalizatorow-i-filtrow-dpf-cadillac\/\" class=\"more-link\">Czytaj dalej<span class=\"screen-reader-text\"> Regeneracja katalizator\u00f3w i filtr\u00f3w DPF Cadillac<\/span><\/a><\/p>\n","protected":false},"author":821795,"featured_media":0,"parent":0,"menu_order":0,"comment_status":"closed","ping_status":"closed","template":"","meta":{"footnotes":""},"class_list":["post-2952","page","type-page","status-publish","hentry"],"yoast_head":"<!-- This site is optimized with the Yoast SEO plugin v26.7 - https:\/\/yoast.com\/wordpress\/plugins\/seo\/ -->\n<title>Regeneracja katalizator\u00f3w i filtr\u00f3w DPF Cadillac | Kali\u0144ski<\/title>\n<meta name=\"description\" content=\"Cadillac to jeden z mniej popularnych pojazd\u00f3w, mimo to wykonujemy m.in. us\u0142ugi o nazwie: regeneracja katalizator\u00f3w i filtr\u00f3w DPF Cadillac.\" \/>\n<meta name=\"robots\" content=\"index, follow, max-snippet:-1, max-image-preview:large, max-video-preview:-1\" \/>\n<link rel=\"canonical\" href=\"https:\/\/kalinski.pl\/serwis\/regeneracja-katalizatorow-i-filtrow-dpf-cadillac\/\" \/>\n<meta property=\"og:locale\" content=\"pl_PL\" \/>\n<meta property=\"og:type\" content=\"article\" \/>\n<meta property=\"og:title\" content=\"Regeneracja katalizator\u00f3w i filtr\u00f3w DPF Cadillac | Kali\u0144ski\" \/>\n<meta property=\"og:description\" content=\"Cadillac to jeden z mniej popularnych pojazd\u00f3w, mimo to wykonujemy m.in. us\u0142ugi o nazwie: regeneracja katalizator\u00f3w i filtr\u00f3w DPF Cadillac.\" \/>\n<meta property=\"og:url\" content=\"https:\/\/kalinski.pl\/serwis\/regeneracja-katalizatorow-i-filtrow-dpf-cadillac\/\" \/>\n<meta property=\"og:site_name\" content=\"Kali\u0144ski\" \/>\n<meta property=\"og:image\" content=\"https:\/\/kalinski.pl\/wp-content\/uploads\/Filtry_Kalinski-1-1110x303.png\" \/>\n<meta name=\"twitter:card\" content=\"summary_large_image\" \/>\n<meta name=\"twitter:label1\" content=\"Szacowany czas czytania\" \/>\n\t<meta name=\"twitter:data1\" content=\"1 minuta\" \/>\n<script type=\"application\/ld+json\" class=\"yoast-schema-graph\">{\"@context\":\"https:\/\/schema.org\",\"@graph\":[{\"@type\":\"WebPage\",\"@id\":\"https:\/\/kalinski.pl\/serwis\/regeneracja-katalizatorow-i-filtrow-dpf-cadillac\/\",\"url\":\"https:\/\/kalinski.pl\/serwis\/regeneracja-katalizatorow-i-filtrow-dpf-cadillac\/\",\"name\":\"Regeneracja katalizator\u00f3w i filtr\u00f3w DPF Cadillac | Kali\u0144ski\",\"isPartOf\":{\"@id\":\"https:\/\/kalinski.pl\/serwis\/#website\"},\"primaryImageOfPage\":{\"@id\":\"https:\/\/kalinski.pl\/serwis\/regeneracja-katalizatorow-i-filtrow-dpf-cadillac\/#primaryimage\"},\"image\":{\"@id\":\"https:\/\/kalinski.pl\/serwis\/regeneracja-katalizatorow-i-filtrow-dpf-cadillac\/#primaryimage\"},\"thumbnailUrl\":\"https:\/\/kalinski.pl\/wp-content\/uploads\/Filtry_Kalinski-1-1110x303.png\",\"datePublished\":\"2021-01-07T09:09:03+00:00\",\"description\":\"Cadillac to jeden z mniej popularnych pojazd\u00f3w, mimo to wykonujemy m.in. us\u0142ugi o nazwie: regeneracja katalizator\u00f3w i filtr\u00f3w DPF Cadillac.\",\"breadcrumb\":{\"@id\":\"https:\/\/kalinski.pl\/serwis\/regeneracja-katalizatorow-i-filtrow-dpf-cadillac\/#breadcrumb\"},\"inLanguage\":\"pl-PL\",\"potentialAction\":[{\"@type\":\"ReadAction\",\"target\":[\"https:\/\/kalinski.pl\/serwis\/regeneracja-katalizatorow-i-filtrow-dpf-cadillac\/\"]}]},{\"@type\":\"ImageObject\",\"inLanguage\":\"pl-PL\",\"@id\":\"https:\/\/kalinski.pl\/serwis\/regeneracja-katalizatorow-i-filtrow-dpf-cadillac\/#primaryimage\",\"url\":\"https:\/\/kalinski.pl\/wp-content\/uploads\/Filtry_Kalinski-1-1110x303.png\",\"contentUrl\":\"https:\/\/kalinski.pl\/wp-content\/uploads\/Filtry_Kalinski-1-1110x303.png\"},{\"@type\":\"BreadcrumbList\",\"@id\":\"https:\/\/kalinski.pl\/serwis\/regeneracja-katalizatorow-i-filtrow-dpf-cadillac\/#breadcrumb\",\"itemListElement\":[{\"@type\":\"ListItem\",\"position\":1,\"name\":\"Strona g\u0142\u00f3wna\",\"item\":\"https:\/\/kalinski.pl\/serwis\/\"},{\"@type\":\"ListItem\",\"position\":2,\"name\":\"Regeneracja katalizator\u00f3w i filtr\u00f3w DPF Cadillac\"}]},{\"@type\":\"WebSite\",\"@id\":\"https:\/\/kalinski.pl\/serwis\/#website\",\"url\":\"https:\/\/kalinski.pl\/serwis\/\",\"name\":\"Kali\u0144ski\",\"description\":\"Uk\u0142ady wydechowe\",\"publisher\":{\"@id\":\"https:\/\/kalinski.pl\/serwis\/#organization\"},\"potentialAction\":[{\"@type\":\"SearchAction\",\"target\":{\"@type\":\"EntryPoint\",\"urlTemplate\":\"https:\/\/kalinski.pl\/serwis\/?s={search_term_string}\"},\"query-input\":{\"@type\":\"PropertyValueSpecification\",\"valueRequired\":true,\"valueName\":\"search_term_string\"}}],\"inLanguage\":\"pl-PL\"},{\"@type\":\"Organization\",\"@id\":\"https:\/\/kalinski.pl\/serwis\/#organization\",\"name\":\"Kali\u0144ski\",\"url\":\"https:\/\/kalinski.pl\/serwis\/\",\"logo\":{\"@type\":\"ImageObject\",\"inLanguage\":\"pl-PL\",\"@id\":\"https:\/\/kalinski.pl\/serwis\/#\/schema\/logo\/image\/\",\"url\":\"https:\/\/kalinski.pl\/serwis\/wp-content\/uploads\/2019\/03\/cropped-logo_white.jpg\",\"contentUrl\":\"https:\/\/kalinski.pl\/serwis\/wp-content\/uploads\/2019\/03\/cropped-logo_white.jpg\",\"width\":240,\"height\":63,\"caption\":\"Kali\u0144ski\"},\"image\":{\"@id\":\"https:\/\/kalinski.pl\/serwis\/#\/schema\/logo\/image\/\"}}]}<\/script>\n<!-- \/ Yoast SEO plugin. -->","yoast_head_json":{"title":"Regeneracja katalizator\u00f3w i filtr\u00f3w DPF Cadillac | Kali\u0144ski","description":"Cadillac to jeden z mniej popularnych pojazd\u00f3w, mimo to wykonujemy m.in. us\u0142ugi o nazwie: regeneracja katalizator\u00f3w i filtr\u00f3w DPF Cadillac.","robots":{"index":"index","follow":"follow","max-snippet":"max-snippet:-1","max-image-preview":"max-image-preview:large","max-video-preview":"max-video-preview:-1"},"canonical":"https:\/\/kalinski.pl\/serwis\/regeneracja-katalizatorow-i-filtrow-dpf-cadillac\/","og_locale":"pl_PL","og_type":"article","og_title":"Regeneracja katalizator\u00f3w i filtr\u00f3w DPF Cadillac | Kali\u0144ski","og_description":"Cadillac to jeden z mniej popularnych pojazd\u00f3w, mimo to wykonujemy m.in. us\u0142ugi o nazwie: regeneracja katalizator\u00f3w i filtr\u00f3w DPF Cadillac.","og_url":"https:\/\/kalinski.pl\/serwis\/regeneracja-katalizatorow-i-filtrow-dpf-cadillac\/","og_site_name":"Kali\u0144ski","og_image":[{"url":"https:\/\/kalinski.pl\/wp-content\/uploads\/Filtry_Kalinski-1-1110x303.png","type":"","width":"","height":""}],"twitter_card":"summary_large_image","twitter_misc":{"Szacowany czas czytania":"1 minuta"},"schema":{"@context":"https:\/\/schema.org","@graph":[{"@type":"WebPage","@id":"https:\/\/kalinski.pl\/serwis\/regeneracja-katalizatorow-i-filtrow-dpf-cadillac\/","url":"https:\/\/kalinski.pl\/serwis\/regeneracja-katalizatorow-i-filtrow-dpf-cadillac\/","name":"Regeneracja katalizator\u00f3w i filtr\u00f3w DPF Cadillac | Kali\u0144ski","isPartOf":{"@id":"https:\/\/kalinski.pl\/serwis\/#website"},"primaryImageOfPage":{"@id":"https:\/\/kalinski.pl\/serwis\/regeneracja-katalizatorow-i-filtrow-dpf-cadillac\/#primaryimage"},"image":{"@id":"https:\/\/kalinski.pl\/serwis\/regeneracja-katalizatorow-i-filtrow-dpf-cadillac\/#primaryimage"},"thumbnailUrl":"https:\/\/kalinski.pl\/wp-content\/uploads\/Filtry_Kalinski-1-1110x303.png","datePublished":"2021-01-07T09:09:03+00:00","description":"Cadillac to jeden z mniej popularnych pojazd\u00f3w, mimo to wykonujemy m.in. us\u0142ugi o nazwie: regeneracja katalizator\u00f3w i filtr\u00f3w DPF Cadillac.","breadcrumb":{"@id":"https:\/\/kalinski.pl\/serwis\/regeneracja-katalizatorow-i-filtrow-dpf-cadillac\/#breadcrumb"},"inLanguage":"pl-PL","potentialAction":[{"@type":"ReadAction","target":["https:\/\/kalinski.pl\/serwis\/regeneracja-katalizatorow-i-filtrow-dpf-cadillac\/"]}]},{"@type":"ImageObject","inLanguage":"pl-PL","@id":"https:\/\/kalinski.pl\/serwis\/regeneracja-katalizatorow-i-filtrow-dpf-cadillac\/#primaryimage","url":"https:\/\/kalinski.pl\/wp-content\/uploads\/Filtry_Kalinski-1-1110x303.png","contentUrl":"https:\/\/kalinski.pl\/wp-content\/uploads\/Filtry_Kalinski-1-1110x303.png"},{"@type":"BreadcrumbList","@id":"https:\/\/kalinski.pl\/serwis\/regeneracja-katalizatorow-i-filtrow-dpf-cadillac\/#breadcrumb","itemListElement":[{"@type":"ListItem","position":1,"name":"Strona g\u0142\u00f3wna","item":"https:\/\/kalinski.pl\/serwis\/"},{"@type":"ListItem","position":2,"name":"Regeneracja katalizator\u00f3w i filtr\u00f3w DPF Cadillac"}]},{"@type":"WebSite","@id":"https:\/\/kalinski.pl\/serwis\/#website","url":"https:\/\/kalinski.pl\/serwis\/","name":"Kali\u0144ski","description":"Uk\u0142ady wydechowe","publisher":{"@id":"https:\/\/kalinski.pl\/serwis\/#organization"},"potentialAction":[{"@type":"SearchAction","target":{"@type":"EntryPoint","urlTemplate":"https:\/\/kalinski.pl\/serwis\/?s={search_term_string}"},"query-input":{"@type":"PropertyValueSpecification","valueRequired":true,"valueName":"search_term_string"}}],"inLanguage":"pl-PL"},{"@type":"Organization","@id":"https:\/\/kalinski.pl\/serwis\/#organization","name":"Kali\u0144ski","url":"https:\/\/kalinski.pl\/serwis\/","logo":{"@type":"ImageObject","inLanguage":"pl-PL","@id":"https:\/\/kalinski.pl\/serwis\/#\/schema\/logo\/image\/","url":"https:\/\/kalinski.pl\/serwis\/wp-content\/uploads\/2019\/03\/cropped-logo_white.jpg","contentUrl":"https:\/\/kalinski.pl\/serwis\/wp-content\/uploads\/2019\/03\/cropped-logo_white.jpg","width":240,"height":63,"caption":"Kali\u0144ski"},"image":{"@id":"https:\/\/kalinski.pl\/serwis\/#\/schema\/logo\/image\/"}}]}},"_links":{"self":[{"href":"https:\/\/kalinski.pl\/serwis\/wp-json\/wp\/v2\/pages\/2952","targetHints":{"allow":["GET"]}}],"collection":[{"href":"https:\/\/kalinski.pl\/serwis\/wp-json\/wp\/v2\/pages"}],"about":[{"href":"https:\/\/kalinski.pl\/serwis\/wp-json\/wp\/v2\/types\/page"}],"author":[{"embeddable":true,"href":"https:\/\/kalinski.pl\/serwis\/wp-json\/wp\/v2\/users\/821795"}],"replies":[{"embeddable":true,"href":"https:\/\/kalinski.pl\/serwis\/wp-json\/wp\/v2\/comments?post=2952"}],"version-history":[{"count":0,"href":"https:\/\/kalinski.pl\/serwis\/wp-json\/wp\/v2\/pages\/2952\/revisions"}],"wp:attachment":[{"href":"https:\/\/kalinski.pl\/serwis\/wp-json\/wp\/v2\/media?parent=2952"}],"curies":[{"name":"wp","href":"https:\/\/api.w.org\/{rel}","templated":true}]}}