{"id":2863,"date":"2020-12-15T09:09:27","date_gmt":"2020-12-15T08:09:27","guid":{"rendered":"https:\/\/kalinski.pl\/?page_id=2863"},"modified":"2020-12-15T09:09:27","modified_gmt":"2020-12-15T08:09:27","slug":"regeneracja-katalizatorow-i-filtrow-dpf-ostroleka","status":"publish","type":"page","link":"https:\/\/kalinski.pl\/serwis\/regeneracja-katalizatorow-i-filtrow-dpf-ostroleka\/","title":{"rendered":"Regeneracja katalizator\u00f3w i filtr\u00f3w DPF Ostro\u0142\u0119ka"},"content":{"rendered":"\r\n<div class=\"wp-block-image\">\r\n<figure class=\"aligncenter size-large\"><img fetchpriority=\"high\" decoding=\"async\" width=\"1110\" height=\"303\" class=\"wp-image-1568\" src=\"https:\/\/kalinski.pl\/wp-content\/uploads\/Filtry_Kalinski-1-1110x303.png\" alt=\"\"><\/figure>\r\n<\/div>\r\n\r\n\r\n<p style=\"text-align: justify; margin-top: 25px;\">Katalizatory samochodowe to cz\u0119\u015bci uk\u0142adu wydechowego, kt\u00f3re staj\u0105 si\u0119 pozasilnikowym systemem zmniejszaj\u0105cym liczb\u0119 szkodliwych sk\u0142adnik\u00f3w w spalinach. R\u00f3wnie proekologicznie dzia\u0142aj\u0105 filtry DPF, kt\u00f3re zatrzymuj\u0105 sadz\u0119 ze spalin przed wydostaniem si\u0119 na zewn\u0105trz i wypalaj\u0105 j\u0105 wewn\u0105trz. Eksploatacja auta, zw\u0142aszcza jazda po mie\u015bcie, u\u017cywanie w\u0105tpliwej jako\u015bci paliwa, zbyt rzadka wymiana oleju silnikowego i filtr\u00f3w paliwowych &#8211; wszystko to wp\u0142ywa na zu\u017cycie i zapychanie si\u0119 cz\u0119\u015bci, kt\u00f3re przestaj\u0105 dzia\u0142a\u0107 prawid\u0142owo. Zaradzi\u0107 temu mo\u017cna na dwa sposoby: kupuj\u0105c ca\u0142kiem nowe cz\u0119\u015bci, lub korzystaj\u0105c z us\u0142ug: <strong>regeneracja DPF Ostro\u0142\u0119ka, regeneracja katalizator\u00f3w Ostro\u0142\u0119ka.<\/strong> Firma Kali\u0144ski zajmuje si\u0119 zar\u00f3wno sprzeda\u017c\u0105 nowych cz\u0119\u015bci samochodowych takich marek, jak: Skoda, Toyota, Ford, Fiat, Volkswagen, Mazda, Bentley, Jaguar, Dodge, Ferrari, Chevrolet i Porsche, jak i regeneracj\u0105 katalizator\u00f3w i filtr\u00f3w DPF, by dzia\u0142a\u0142y jak nowe.<\/p>\r\n\r\n\r\n\r\n<p style=\"text-align: justify;\">Regeneracja cz\u0119\u015bci samochodowych jest dzia\u0142aniem proekologicznym (zmniejsza si\u0119 produkcja nowych podzespo\u0142\u00f3w), ale tak\u017ce ekonomicznym &#8211; naprawa u\u017cywanych cz\u0119\u015bci jest ta\u0144sza ni\u017c zakup ca\u0142kiem nowych. Nale\u017cy jednak pami\u0119ta\u0107, \u017ce prawdziwa regeneracja, to nie <strong>czyszczenie katalizator\u00f3w Ostro\u0142\u0119ka, czy czyszczenie DPF Ostro\u0142\u0119ka<\/strong> za pomoc\u0105 wody. W firmie Kali\u0144ski nigdy tego nie robimy, bowiem woda w po\u0142\u0105czeniu z sadz\u0105 powoduje zmniejszenie przepustowo\u015bci spalin, a zregenerowany w ten spos\u00f3b katalizator lub filtr, szybko ulegnie ponownemu zapchaniu. Woda wyp\u0142ukuje te\u017c wszystkie metale szlachetne, kt\u00f3re niezb\u0119dne s\u0105 do samoregeneracji auta. Firma Kali\u0144ski odradza r\u00f3wnie\u017c samodzielne pr\u00f3by ingerencji we wn\u0119trze cz\u0119\u015bci aut, gdy\u017c najcz\u0119\u015bciej ka\u017cda ko\u0144czy si\u0119 trwa\u0142ym uszkodzeniem.<\/p>\r\n\r\n\r\n\r\n<p style=\"text-align: justify;\">W firmie Kali\u0144ski <strong>wypalanie katalizator\u00f3w Ostro\u0142\u0119ka<\/strong> odbywa si\u0119 przy u\u017cyciu specjalistycznego, brytyjskiego pieca Hartridge, kt\u00f3ry rekomendowany jest przez najwa\u017cniejsze marki na rynku samochod\u00f3w ci\u0119\u017carowych, mi\u0119dzy innymi: Scania, Volvo, DAF. W piecu katalizatory i filtry DPF traktowane s\u0105 \u201cna sucho\u201d temperatur\u0105 600 stopni, kt\u00f3ra spala wszelkie zgromadzone zanieczyszczenia i sadz\u0119. Spalone na popi\u00f3\u0142 wydmuchiwane s\u0105 z pieca i zbierane do specjalnego pojemnika, a nast\u0119pnie utylizowane. W ten spos\u00f3b czyszczona cz\u0119\u015b\u0107 przywr\u00f3cona zostaje do pe\u0142nej sprawno\u015bci.<\/p>\r\n\r\n\r\n\r\n<div class=\"wp-block-columns is-layout-flex wp-container-core-columns-is-layout-1 wp-block-columns-is-layout-flex\">\r\n<div class=\"wp-block-column is-layout-flow wp-block-column-is-layout-flow\">\r\n<p><strong>Kali\u0144ski<\/strong><\/p>\r\n\r\n\r\n<p>ul. Szamotulska 40<\/p>\r\n\r\n\r\n<p>62-081 Chyby \/ Pozna\u0144<\/p>\r\n\r\n\r\n<p><strong>Sklep internetowy<\/strong><\/p>\r\n\r\n\r\n<p><a href=\"tel:0048691545545\">+48 691 545 545<\/a><\/p>\r\n\r\n\r\n<p><a>sklep@kalinski.pl<\/a><\/p>\r\n\r\n\r\n<p class=\"k_telb\"><strong>Serwis stacjonarny<\/strong><\/p>\r\n<p class=\"k_tel\"><a class=\"phone\" href=\"tel:004861 8142777\">+48 61 814 27 77<\/a><\/p>\r\n<p class=\"k_tel\"><a class=\"mailto-link\" data-enc-email=\"frejvf[at]xnyvafxv.cy\" data-wpel-link=\"ignore\"><span id=\"eeb-99214-899952\">serwis@kalinski.pl<\/span><\/a><\/p>\r\n<\/div>\r\n\r\n\r\n<div class=\"wp-block-column is-layout-flow wp-block-column-is-layout-flow\"> [contact-form-7 id=&#8221;2271&#8243; title=&#8221;Formularz 1_copy&#8221;] \r\n<\/div>\r\n<\/div>\r\n\r\n\r\n<p><iframe style=\"border: 0;\" tabindex=\"0\" src=\"https:\/\/www.google.com\/maps\/embed?pb=!1m14!1m8!1m3!1d2891.0189752303836!2d16.761502335364135!3d52.46016731732493!3m2!1i1024!2i768!4f13.1!3m3!1m2!1s0x470441321c9562cb%3A0xee0284f60b138572!2sSzamotulska%2040%2C%2062-081%20Chyby!5e0!3m2!1spl!2spl!4v1599035144301!5m2!1spl!2spl\" width=\"100%\" height=\"450\" frameborder=\"0\" allowfullscreen=\"allowfullscreen\" aria-hidden=\"false\"><\/iframe><\/p>\r\n\r\n","protected":false},"excerpt":{"rendered":"<p>Katalizatory samochodowe to cz\u0119\u015bci uk\u0142adu wydechowego, kt\u00f3re staj\u0105 si\u0119 pozasilnikowym systemem zmniejszaj\u0105cym liczb\u0119 szkodliwych sk\u0142adnik\u00f3w w spalinach. R\u00f3wnie proekologicznie dzia\u0142aj\u0105 filtry DPF, kt\u00f3re zatrzymuj\u0105 sadz\u0119 ze spalin przed wydostaniem si\u0119 na zewn\u0105trz i wypalaj\u0105 j\u0105 wewn\u0105trz. Eksploatacja auta, zw\u0142aszcza jazda po mie\u015bcie, u\u017cywanie w\u0105tpliwej jako\u015bci paliwa, zbyt rzadka wymiana oleju silnikowego i filtr\u00f3w paliwowych &#8211; &hellip; <a href=\"https:\/\/kalinski.pl\/serwis\/regeneracja-katalizatorow-i-filtrow-dpf-ostroleka\/\" class=\"more-link\">Czytaj dalej<span class=\"screen-reader-text\"> Regeneracja katalizator\u00f3w i filtr\u00f3w DPF Ostro\u0142\u0119ka<\/span><\/a><\/p>\n","protected":false},"author":821795,"featured_media":0,"parent":0,"menu_order":0,"comment_status":"closed","ping_status":"closed","template":"","meta":{"footnotes":""},"class_list":["post-2863","page","type-page","status-publish","hentry"],"yoast_head":"<!-- This site is optimized with the Yoast SEO plugin v26.7 - https:\/\/yoast.com\/wordpress\/plugins\/seo\/ -->\n<title>Regeneracja katalizator\u00f3w i filtr\u00f3w DPF Ostro\u0142\u0119ka | Kali\u0144ski<\/title>\n<meta name=\"description\" content=\"Regeneracja katalizator\u00f3w i filtr\u00f3w DPF Ostro\u0142\u0119ka jest jedn\u0105 z us\u0142ug, kt\u00f3re wykonujemy w Wojew\u00f3dztwie \u015al\u0105skim.\" \/>\n<meta name=\"robots\" content=\"index, follow, max-snippet:-1, max-image-preview:large, max-video-preview:-1\" \/>\n<link rel=\"canonical\" href=\"https:\/\/kalinski.pl\/serwis\/regeneracja-katalizatorow-i-filtrow-dpf-ostroleka\/\" \/>\n<meta property=\"og:locale\" content=\"pl_PL\" \/>\n<meta property=\"og:type\" content=\"article\" \/>\n<meta property=\"og:title\" content=\"Regeneracja katalizator\u00f3w i filtr\u00f3w DPF Ostro\u0142\u0119ka | Kali\u0144ski\" \/>\n<meta property=\"og:description\" content=\"Regeneracja katalizator\u00f3w i filtr\u00f3w DPF Ostro\u0142\u0119ka jest jedn\u0105 z us\u0142ug, kt\u00f3re wykonujemy w Wojew\u00f3dztwie \u015al\u0105skim.\" \/>\n<meta property=\"og:url\" content=\"https:\/\/kalinski.pl\/serwis\/regeneracja-katalizatorow-i-filtrow-dpf-ostroleka\/\" \/>\n<meta property=\"og:site_name\" content=\"Kali\u0144ski\" \/>\n<meta property=\"og:image\" content=\"https:\/\/kalinski.pl\/wp-content\/uploads\/Filtry_Kalinski-1-1110x303.png\" \/>\n<meta name=\"twitter:card\" content=\"summary_large_image\" \/>\n<meta name=\"twitter:label1\" content=\"Szacowany czas czytania\" \/>\n\t<meta name=\"twitter:data1\" content=\"2 minuty\" \/>\n<script type=\"application\/ld+json\" class=\"yoast-schema-graph\">{\"@context\":\"https:\/\/schema.org\",\"@graph\":[{\"@type\":\"WebPage\",\"@id\":\"https:\/\/kalinski.pl\/serwis\/regeneracja-katalizatorow-i-filtrow-dpf-ostroleka\/\",\"url\":\"https:\/\/kalinski.pl\/serwis\/regeneracja-katalizatorow-i-filtrow-dpf-ostroleka\/\",\"name\":\"Regeneracja katalizator\u00f3w i filtr\u00f3w DPF Ostro\u0142\u0119ka | Kali\u0144ski\",\"isPartOf\":{\"@id\":\"https:\/\/kalinski.pl\/serwis\/#website\"},\"primaryImageOfPage\":{\"@id\":\"https:\/\/kalinski.pl\/serwis\/regeneracja-katalizatorow-i-filtrow-dpf-ostroleka\/#primaryimage\"},\"image\":{\"@id\":\"https:\/\/kalinski.pl\/serwis\/regeneracja-katalizatorow-i-filtrow-dpf-ostroleka\/#primaryimage\"},\"thumbnailUrl\":\"https:\/\/kalinski.pl\/wp-content\/uploads\/Filtry_Kalinski-1-1110x303.png\",\"datePublished\":\"2020-12-15T08:09:27+00:00\",\"description\":\"Regeneracja katalizator\u00f3w i filtr\u00f3w DPF Ostro\u0142\u0119ka jest jedn\u0105 z us\u0142ug, kt\u00f3re wykonujemy w Wojew\u00f3dztwie \u015al\u0105skim.\",\"breadcrumb\":{\"@id\":\"https:\/\/kalinski.pl\/serwis\/regeneracja-katalizatorow-i-filtrow-dpf-ostroleka\/#breadcrumb\"},\"inLanguage\":\"pl-PL\",\"potentialAction\":[{\"@type\":\"ReadAction\",\"target\":[\"https:\/\/kalinski.pl\/serwis\/regeneracja-katalizatorow-i-filtrow-dpf-ostroleka\/\"]}]},{\"@type\":\"ImageObject\",\"inLanguage\":\"pl-PL\",\"@id\":\"https:\/\/kalinski.pl\/serwis\/regeneracja-katalizatorow-i-filtrow-dpf-ostroleka\/#primaryimage\",\"url\":\"https:\/\/kalinski.pl\/wp-content\/uploads\/Filtry_Kalinski-1-1110x303.png\",\"contentUrl\":\"https:\/\/kalinski.pl\/wp-content\/uploads\/Filtry_Kalinski-1-1110x303.png\"},{\"@type\":\"BreadcrumbList\",\"@id\":\"https:\/\/kalinski.pl\/serwis\/regeneracja-katalizatorow-i-filtrow-dpf-ostroleka\/#breadcrumb\",\"itemListElement\":[{\"@type\":\"ListItem\",\"position\":1,\"name\":\"Strona g\u0142\u00f3wna\",\"item\":\"https:\/\/kalinski.pl\/serwis\/\"},{\"@type\":\"ListItem\",\"position\":2,\"name\":\"Regeneracja katalizator\u00f3w i filtr\u00f3w DPF Ostro\u0142\u0119ka\"}]},{\"@type\":\"WebSite\",\"@id\":\"https:\/\/kalinski.pl\/serwis\/#website\",\"url\":\"https:\/\/kalinski.pl\/serwis\/\",\"name\":\"Kali\u0144ski\",\"description\":\"Uk\u0142ady wydechowe\",\"publisher\":{\"@id\":\"https:\/\/kalinski.pl\/serwis\/#organization\"},\"potentialAction\":[{\"@type\":\"SearchAction\",\"target\":{\"@type\":\"EntryPoint\",\"urlTemplate\":\"https:\/\/kalinski.pl\/serwis\/?s={search_term_string}\"},\"query-input\":{\"@type\":\"PropertyValueSpecification\",\"valueRequired\":true,\"valueName\":\"search_term_string\"}}],\"inLanguage\":\"pl-PL\"},{\"@type\":\"Organization\",\"@id\":\"https:\/\/kalinski.pl\/serwis\/#organization\",\"name\":\"Kali\u0144ski\",\"url\":\"https:\/\/kalinski.pl\/serwis\/\",\"logo\":{\"@type\":\"ImageObject\",\"inLanguage\":\"pl-PL\",\"@id\":\"https:\/\/kalinski.pl\/serwis\/#\/schema\/logo\/image\/\",\"url\":\"https:\/\/kalinski.pl\/serwis\/wp-content\/uploads\/2019\/03\/cropped-logo_white.jpg\",\"contentUrl\":\"https:\/\/kalinski.pl\/serwis\/wp-content\/uploads\/2019\/03\/cropped-logo_white.jpg\",\"width\":240,\"height\":63,\"caption\":\"Kali\u0144ski\"},\"image\":{\"@id\":\"https:\/\/kalinski.pl\/serwis\/#\/schema\/logo\/image\/\"}}]}<\/script>\n<!-- \/ Yoast SEO plugin. -->","yoast_head_json":{"title":"Regeneracja katalizator\u00f3w i filtr\u00f3w DPF Ostro\u0142\u0119ka | Kali\u0144ski","description":"Regeneracja katalizator\u00f3w i filtr\u00f3w DPF Ostro\u0142\u0119ka jest jedn\u0105 z us\u0142ug, kt\u00f3re wykonujemy w Wojew\u00f3dztwie \u015al\u0105skim.","robots":{"index":"index","follow":"follow","max-snippet":"max-snippet:-1","max-image-preview":"max-image-preview:large","max-video-preview":"max-video-preview:-1"},"canonical":"https:\/\/kalinski.pl\/serwis\/regeneracja-katalizatorow-i-filtrow-dpf-ostroleka\/","og_locale":"pl_PL","og_type":"article","og_title":"Regeneracja katalizator\u00f3w i filtr\u00f3w DPF Ostro\u0142\u0119ka | Kali\u0144ski","og_description":"Regeneracja katalizator\u00f3w i filtr\u00f3w DPF Ostro\u0142\u0119ka jest jedn\u0105 z us\u0142ug, kt\u00f3re wykonujemy w Wojew\u00f3dztwie \u015al\u0105skim.","og_url":"https:\/\/kalinski.pl\/serwis\/regeneracja-katalizatorow-i-filtrow-dpf-ostroleka\/","og_site_name":"Kali\u0144ski","og_image":[{"url":"https:\/\/kalinski.pl\/wp-content\/uploads\/Filtry_Kalinski-1-1110x303.png","type":"","width":"","height":""}],"twitter_card":"summary_large_image","twitter_misc":{"Szacowany czas czytania":"2 minuty"},"schema":{"@context":"https:\/\/schema.org","@graph":[{"@type":"WebPage","@id":"https:\/\/kalinski.pl\/serwis\/regeneracja-katalizatorow-i-filtrow-dpf-ostroleka\/","url":"https:\/\/kalinski.pl\/serwis\/regeneracja-katalizatorow-i-filtrow-dpf-ostroleka\/","name":"Regeneracja katalizator\u00f3w i filtr\u00f3w DPF Ostro\u0142\u0119ka | Kali\u0144ski","isPartOf":{"@id":"https:\/\/kalinski.pl\/serwis\/#website"},"primaryImageOfPage":{"@id":"https:\/\/kalinski.pl\/serwis\/regeneracja-katalizatorow-i-filtrow-dpf-ostroleka\/#primaryimage"},"image":{"@id":"https:\/\/kalinski.pl\/serwis\/regeneracja-katalizatorow-i-filtrow-dpf-ostroleka\/#primaryimage"},"thumbnailUrl":"https:\/\/kalinski.pl\/wp-content\/uploads\/Filtry_Kalinski-1-1110x303.png","datePublished":"2020-12-15T08:09:27+00:00","description":"Regeneracja katalizator\u00f3w i filtr\u00f3w DPF Ostro\u0142\u0119ka jest jedn\u0105 z us\u0142ug, kt\u00f3re wykonujemy w Wojew\u00f3dztwie \u015al\u0105skim.","breadcrumb":{"@id":"https:\/\/kalinski.pl\/serwis\/regeneracja-katalizatorow-i-filtrow-dpf-ostroleka\/#breadcrumb"},"inLanguage":"pl-PL","potentialAction":[{"@type":"ReadAction","target":["https:\/\/kalinski.pl\/serwis\/regeneracja-katalizatorow-i-filtrow-dpf-ostroleka\/"]}]},{"@type":"ImageObject","inLanguage":"pl-PL","@id":"https:\/\/kalinski.pl\/serwis\/regeneracja-katalizatorow-i-filtrow-dpf-ostroleka\/#primaryimage","url":"https:\/\/kalinski.pl\/wp-content\/uploads\/Filtry_Kalinski-1-1110x303.png","contentUrl":"https:\/\/kalinski.pl\/wp-content\/uploads\/Filtry_Kalinski-1-1110x303.png"},{"@type":"BreadcrumbList","@id":"https:\/\/kalinski.pl\/serwis\/regeneracja-katalizatorow-i-filtrow-dpf-ostroleka\/#breadcrumb","itemListElement":[{"@type":"ListItem","position":1,"name":"Strona g\u0142\u00f3wna","item":"https:\/\/kalinski.pl\/serwis\/"},{"@type":"ListItem","position":2,"name":"Regeneracja katalizator\u00f3w i filtr\u00f3w DPF Ostro\u0142\u0119ka"}]},{"@type":"WebSite","@id":"https:\/\/kalinski.pl\/serwis\/#website","url":"https:\/\/kalinski.pl\/serwis\/","name":"Kali\u0144ski","description":"Uk\u0142ady wydechowe","publisher":{"@id":"https:\/\/kalinski.pl\/serwis\/#organization"},"potentialAction":[{"@type":"SearchAction","target":{"@type":"EntryPoint","urlTemplate":"https:\/\/kalinski.pl\/serwis\/?s={search_term_string}"},"query-input":{"@type":"PropertyValueSpecification","valueRequired":true,"valueName":"search_term_string"}}],"inLanguage":"pl-PL"},{"@type":"Organization","@id":"https:\/\/kalinski.pl\/serwis\/#organization","name":"Kali\u0144ski","url":"https:\/\/kalinski.pl\/serwis\/","logo":{"@type":"ImageObject","inLanguage":"pl-PL","@id":"https:\/\/kalinski.pl\/serwis\/#\/schema\/logo\/image\/","url":"https:\/\/kalinski.pl\/serwis\/wp-content\/uploads\/2019\/03\/cropped-logo_white.jpg","contentUrl":"https:\/\/kalinski.pl\/serwis\/wp-content\/uploads\/2019\/03\/cropped-logo_white.jpg","width":240,"height":63,"caption":"Kali\u0144ski"},"image":{"@id":"https:\/\/kalinski.pl\/serwis\/#\/schema\/logo\/image\/"}}]}},"_links":{"self":[{"href":"https:\/\/kalinski.pl\/serwis\/wp-json\/wp\/v2\/pages\/2863","targetHints":{"allow":["GET"]}}],"collection":[{"href":"https:\/\/kalinski.pl\/serwis\/wp-json\/wp\/v2\/pages"}],"about":[{"href":"https:\/\/kalinski.pl\/serwis\/wp-json\/wp\/v2\/types\/page"}],"author":[{"embeddable":true,"href":"https:\/\/kalinski.pl\/serwis\/wp-json\/wp\/v2\/users\/821795"}],"replies":[{"embeddable":true,"href":"https:\/\/kalinski.pl\/serwis\/wp-json\/wp\/v2\/comments?post=2863"}],"version-history":[{"count":0,"href":"https:\/\/kalinski.pl\/serwis\/wp-json\/wp\/v2\/pages\/2863\/revisions"}],"wp:attachment":[{"href":"https:\/\/kalinski.pl\/serwis\/wp-json\/wp\/v2\/media?parent=2863"}],"curies":[{"name":"wp","href":"https:\/\/api.w.org\/{rel}","templated":true}]}}