{"id":2861,"date":"2020-12-15T08:23:35","date_gmt":"2020-12-15T07:23:35","guid":{"rendered":"https:\/\/kalinski.pl\/?page_id=2861"},"modified":"2020-12-15T08:23:35","modified_gmt":"2020-12-15T07:23:35","slug":"regeneracja-katalizatorow-i-filtrow-dpf-plock","status":"publish","type":"page","link":"https:\/\/kalinski.pl\/serwis\/regeneracja-katalizatorow-i-filtrow-dpf-plock\/","title":{"rendered":"Regeneracja katalizator\u00f3w i filtr\u00f3w DPF P\u0142ock"},"content":{"rendered":"\r\n<div class=\"wp-block-image\">\r\n<figure class=\"aligncenter size-large\"><img fetchpriority=\"high\" decoding=\"async\" width=\"1110\" height=\"303\" class=\"wp-image-1568\" src=\"https:\/\/kalinski.pl\/wp-content\/uploads\/Filtry_Kalinski-1-1110x303.png\" alt=\"\"><\/figure>\r\n<\/div>\r\n\r\n\r\n<p style=\"text-align: justify; margin-top: 25px;\">Katalizator to cz\u0119\u015b\u0107 auta znajduj\u0105ca si\u0119 w uk\u0142adzie wydechowym. Jest swoistym pozasilnikowym systemem zmniejszaj\u0105cym liczb\u0119 szkodliwych sk\u0142adnik\u00f3w w spalinach. Inna cz\u0119\u015b\u0107 samochodowa, kt\u00f3ra sprzyja \u015brodowisku, to filtr DPF zatrzymuj\u0105cy sadz\u0119 ze spalin przed wydostaniem si\u0119 na zewn\u0105trz, i wypalaj\u0105cy j\u0105 wewn\u0105trz. Obie cz\u0119\u015bci ulegaj\u0105 jednak zu\u017cyciu, zniszczeniu lub zapchaniu. Nie sprzyja im tak\u017ce u\u017cywanie w\u0105tpliwej jako\u015bci paliwa, czy rzadka wymiana oleju silnikowego i filtr\u00f3w paliwowych. Ale gdy ich stan pogorszy si\u0119 mo\u017cna poradzi\u0107 sobie z tym na dwa sposoby: kupi\u0107 nowe cz\u0119\u015bci lub przeprowadzi\u0107 procedur\u0119 &#8211; <strong>regeneracja DPF P\u0142ock i regeneracja katalizator\u00f3w P\u0142ock.<\/strong> Zar\u00f3wno sprzeda\u017c nowych cz\u0119\u015bci, jak i czyszczenie u\u017cywanych mo\u017cliwe s\u0105 z pomoc\u0105 profesjonalnego zespo\u0142u specjalist\u00f3w firmy Kali\u0144ski.<\/p>\r\n\r\n\r\n\r\n<p style=\"text-align: justify;\">Firma Kali\u0144ski zajmuje si\u0119 sprzeda\u017c\u0105 cz\u0119\u015bci (nowych i u\u017cywanych) takich producent\u00f3w jak: Skoda, Toyota, Ford, Fiat, Volkswagen, Mazda, Jaguar, Bentley, Ferrari, Dodge, Chevrolet i Porsche. Jednak bardziej ekonomiczna od sprzeda\u017cy zdecydowanie jest regeneracja cz\u0119\u015bci samochodowych. To r\u00f3wnie\u017c dzia\u0142anie ekologiczne, gdy\u017c zamiast produkowania nowych podzespo\u0142\u00f3w, przywracane s\u0105 do u\u017cytku istniej\u0105ce ju\u017c cz\u0119\u015bci.<\/p>\r\n\r\n\r\n\r\n<p style=\"text-align: justify;\">Zdarza si\u0119, \u017ce niekt\u00f3rzy <strong>czyszczenie katalizator\u00f3w P\u0142ock<\/strong> przeprowadzaj\u0105 przy u\u017cyciu wody, firma Kali\u0144ski stanowczo jednak odradza korzystanie z tego typu us\u0142ug. Sadza w po\u0142\u0105czeniu z wody powoduje zmniejszenie si\u0119 przepustowo\u015bci spalin, a co za tym idzie, cz\u0119\u015bci szybko zapychaj\u0105 si\u0119 na nowo i przestaj\u0105 dzia\u0142a\u0107 prawid\u0142owo. Poza tym woda opr\u00f3cz nieczysto\u015bci, wyp\u0142ukuje r\u00f3wnie\u017c metale szlachetne, kt\u00f3re niezb\u0119dne s\u0105 do samoregeneracji pojazdu. Nie warto te\u017c pr\u00f3bowa\u0107 samodzielnie naprawia\u0107 cz\u0119\u015bci, gdy\u017c ingerencje w ich wn\u0119trza z regu\u0142y ko\u0144cz\u0105 si\u0119 trwa\u0142ym ich uszkodzeniem. Obydwie metody umo\u017cliwiaj\u0105 usuni\u0119cie zabrudze\u0144 z wn\u0119trza danego elementu.<\/p>\r\n\r\n\r\n<p style=\"text-align: justify;\">Dlatego najlepszym sposobem na regeneracj\u0119 jest oddanie katalizatora lub filtra DPF w r\u0119ce specjalist\u00f3w z firmy Kali\u0144ski, kt\u00f3rzy profesjonalnie zajm\u0105 si\u0119 napraw\u0105. <strong>Czyszczenie DPF P\u0142ock<\/strong> w firmie Kali\u0144ski odbywa si\u0119 sprawnie i skutecznie. <strong>Wypalanie katalizator\u00f3w P\u0142ock<\/strong> przeprowadzane jest w specjalistycznym piecu marki Hartridge przy bardzo wysokiej temperaturze 600 stopni. Piec ten to urz\u0105dzenie, kt\u00f3re rekomenduj\u0105 najwi\u0119ksi gracze na rynku pojazd\u00f3w ci\u0119\u017carowych, tacy jak: Volvo, Scania, czy DAF. Wewn\u0105trz spalane zostaj\u0105 zanieczyszczenia i sadza zgromadzone w mikrotunelikach, zostaje po nich tylko popi\u00f3\u0142, kt\u00f3ry utylizujemy. Dzi\u0119ki temu katalizator lub filtr DPF jest na nowo sprawny i gotowy do pracy nad czysto\u015bci\u0105 \u015brodowiska.<\/p>\r\n\r\n\r\n<div class=\"wp-block-columns is-layout-flex wp-container-core-columns-is-layout-1 wp-block-columns-is-layout-flex\">\r\n<div class=\"wp-block-column is-layout-flow wp-block-column-is-layout-flow\">\r\n<p><strong>Kali\u0144ski<\/strong><\/p>\r\n\r\n\r\n<p>ul. Szamotulska 40<\/p>\r\n\r\n\r\n<p>62-081 Chyby \/ Pozna\u0144<\/p>\r\n\r\n\r\n<p><strong>Sklep internetowy<\/strong><\/p>\r\n\r\n\r\n<p><a href=\"tel:0048691545545\">+48 691 545 545<\/a><\/p>\r\n\r\n\r\n<p><a>sklep@kalinski.pl<\/a><\/p>\r\n\r\n\r\n<p class=\"k_telb\"><strong>Serwis stacjonarny<\/strong><\/p>\r\n<p class=\"k_tel\"><a class=\"phone\" href=\"tel:004861 8142777\">+48 61 814 27 77<\/a><\/p>\r\n<p class=\"k_tel\"><a class=\"mailto-link\" data-enc-email=\"frejvf[at]xnyvafxv.cy\" data-wpel-link=\"ignore\"><span id=\"eeb-99214-899952\">serwis@kalinski.pl<\/span><\/a><\/p>\r\n<\/div>\r\n\r\n\r\n<div class=\"wp-block-column is-layout-flow wp-block-column-is-layout-flow\"> [contact-form-7 id=&#8221;2271&#8243; title=&#8221;Formularz 1_copy&#8221;] \r\n<\/div>\r\n<\/div>\r\n\r\n\r\n<p><iframe style=\"border: 0;\" tabindex=\"0\" src=\"https:\/\/www.google.com\/maps\/embed?pb=!1m14!1m8!1m3!1d2891.0189752303836!2d16.761502335364135!3d52.46016731732493!3m2!1i1024!2i768!4f13.1!3m3!1m2!1s0x470441321c9562cb%3A0xee0284f60b138572!2sSzamotulska%2040%2C%2062-081%20Chyby!5e0!3m2!1spl!2spl!4v1599035144301!5m2!1spl!2spl\" width=\"100%\" height=\"450\" frameborder=\"0\" allowfullscreen=\"allowfullscreen\" aria-hidden=\"false\"><\/iframe><\/p>\r\n\r\n","protected":false},"excerpt":{"rendered":"<p>Katalizator to cz\u0119\u015b\u0107 auta znajduj\u0105ca si\u0119 w uk\u0142adzie wydechowym. Jest swoistym pozasilnikowym systemem zmniejszaj\u0105cym liczb\u0119 szkodliwych sk\u0142adnik\u00f3w w spalinach. Inna cz\u0119\u015b\u0107 samochodowa, kt\u00f3ra sprzyja \u015brodowisku, to filtr DPF zatrzymuj\u0105cy sadz\u0119 ze spalin przed wydostaniem si\u0119 na zewn\u0105trz, i wypalaj\u0105cy j\u0105 wewn\u0105trz. Obie cz\u0119\u015bci ulegaj\u0105 jednak zu\u017cyciu, zniszczeniu lub zapchaniu. Nie sprzyja im tak\u017ce u\u017cywanie w\u0105tpliwej &hellip; <a href=\"https:\/\/kalinski.pl\/serwis\/regeneracja-katalizatorow-i-filtrow-dpf-plock\/\" class=\"more-link\">Czytaj dalej<span class=\"screen-reader-text\"> Regeneracja katalizator\u00f3w i filtr\u00f3w DPF P\u0142ock<\/span><\/a><\/p>\n","protected":false},"author":821795,"featured_media":0,"parent":0,"menu_order":0,"comment_status":"closed","ping_status":"closed","template":"","meta":{"footnotes":""},"class_list":["post-2861","page","type-page","status-publish","hentry"],"yoast_head":"<!-- This site is optimized with the Yoast SEO plugin v26.7 - https:\/\/yoast.com\/wordpress\/plugins\/seo\/ -->\n<title>Regeneracja katalizator\u00f3w i filtr\u00f3w DPF P\u0142ock | Kali\u0144ski<\/title>\n<meta name=\"description\" content=\"Realizujemy wiele us\u0142ug, w tym regeneracja katalizator\u00f3w i filtr\u00f3w DPF P\u0142ock, wykonuj\u0105c us\u0142ug\u0119 zdalnie i odsy\u0142aj\u0105c zregenerowan\u0105 cz\u0119\u015b\u0107.\" \/>\n<meta name=\"robots\" content=\"index, follow, max-snippet:-1, max-image-preview:large, max-video-preview:-1\" \/>\n<link rel=\"canonical\" href=\"https:\/\/kalinski.pl\/serwis\/regeneracja-katalizatorow-i-filtrow-dpf-plock\/\" \/>\n<meta property=\"og:locale\" content=\"pl_PL\" \/>\n<meta property=\"og:type\" content=\"article\" \/>\n<meta property=\"og:title\" content=\"Regeneracja katalizator\u00f3w i filtr\u00f3w DPF P\u0142ock | Kali\u0144ski\" \/>\n<meta property=\"og:description\" content=\"Realizujemy wiele us\u0142ug, w tym regeneracja katalizator\u00f3w i filtr\u00f3w DPF P\u0142ock, wykonuj\u0105c us\u0142ug\u0119 zdalnie i odsy\u0142aj\u0105c zregenerowan\u0105 cz\u0119\u015b\u0107.\" \/>\n<meta property=\"og:url\" content=\"https:\/\/kalinski.pl\/serwis\/regeneracja-katalizatorow-i-filtrow-dpf-plock\/\" \/>\n<meta property=\"og:site_name\" content=\"Kali\u0144ski\" \/>\n<meta property=\"og:image\" content=\"https:\/\/kalinski.pl\/wp-content\/uploads\/Filtry_Kalinski-1-1110x303.png\" \/>\n<meta name=\"twitter:card\" content=\"summary_large_image\" \/>\n<meta name=\"twitter:label1\" content=\"Szacowany czas czytania\" \/>\n\t<meta name=\"twitter:data1\" content=\"2 minuty\" \/>\n<script type=\"application\/ld+json\" class=\"yoast-schema-graph\">{\"@context\":\"https:\/\/schema.org\",\"@graph\":[{\"@type\":\"WebPage\",\"@id\":\"https:\/\/kalinski.pl\/serwis\/regeneracja-katalizatorow-i-filtrow-dpf-plock\/\",\"url\":\"https:\/\/kalinski.pl\/serwis\/regeneracja-katalizatorow-i-filtrow-dpf-plock\/\",\"name\":\"Regeneracja katalizator\u00f3w i filtr\u00f3w DPF P\u0142ock | Kali\u0144ski\",\"isPartOf\":{\"@id\":\"https:\/\/kalinski.pl\/serwis\/#website\"},\"primaryImageOfPage\":{\"@id\":\"https:\/\/kalinski.pl\/serwis\/regeneracja-katalizatorow-i-filtrow-dpf-plock\/#primaryimage\"},\"image\":{\"@id\":\"https:\/\/kalinski.pl\/serwis\/regeneracja-katalizatorow-i-filtrow-dpf-plock\/#primaryimage\"},\"thumbnailUrl\":\"https:\/\/kalinski.pl\/wp-content\/uploads\/Filtry_Kalinski-1-1110x303.png\",\"datePublished\":\"2020-12-15T07:23:35+00:00\",\"description\":\"Realizujemy wiele us\u0142ug, w tym regeneracja katalizator\u00f3w i filtr\u00f3w DPF P\u0142ock, wykonuj\u0105c us\u0142ug\u0119 zdalnie i odsy\u0142aj\u0105c zregenerowan\u0105 cz\u0119\u015b\u0107.\",\"breadcrumb\":{\"@id\":\"https:\/\/kalinski.pl\/serwis\/regeneracja-katalizatorow-i-filtrow-dpf-plock\/#breadcrumb\"},\"inLanguage\":\"pl-PL\",\"potentialAction\":[{\"@type\":\"ReadAction\",\"target\":[\"https:\/\/kalinski.pl\/serwis\/regeneracja-katalizatorow-i-filtrow-dpf-plock\/\"]}]},{\"@type\":\"ImageObject\",\"inLanguage\":\"pl-PL\",\"@id\":\"https:\/\/kalinski.pl\/serwis\/regeneracja-katalizatorow-i-filtrow-dpf-plock\/#primaryimage\",\"url\":\"https:\/\/kalinski.pl\/wp-content\/uploads\/Filtry_Kalinski-1-1110x303.png\",\"contentUrl\":\"https:\/\/kalinski.pl\/wp-content\/uploads\/Filtry_Kalinski-1-1110x303.png\"},{\"@type\":\"BreadcrumbList\",\"@id\":\"https:\/\/kalinski.pl\/serwis\/regeneracja-katalizatorow-i-filtrow-dpf-plock\/#breadcrumb\",\"itemListElement\":[{\"@type\":\"ListItem\",\"position\":1,\"name\":\"Strona g\u0142\u00f3wna\",\"item\":\"https:\/\/kalinski.pl\/serwis\/\"},{\"@type\":\"ListItem\",\"position\":2,\"name\":\"Regeneracja katalizator\u00f3w i filtr\u00f3w DPF P\u0142ock\"}]},{\"@type\":\"WebSite\",\"@id\":\"https:\/\/kalinski.pl\/serwis\/#website\",\"url\":\"https:\/\/kalinski.pl\/serwis\/\",\"name\":\"Kali\u0144ski\",\"description\":\"Uk\u0142ady wydechowe\",\"publisher\":{\"@id\":\"https:\/\/kalinski.pl\/serwis\/#organization\"},\"potentialAction\":[{\"@type\":\"SearchAction\",\"target\":{\"@type\":\"EntryPoint\",\"urlTemplate\":\"https:\/\/kalinski.pl\/serwis\/?s={search_term_string}\"},\"query-input\":{\"@type\":\"PropertyValueSpecification\",\"valueRequired\":true,\"valueName\":\"search_term_string\"}}],\"inLanguage\":\"pl-PL\"},{\"@type\":\"Organization\",\"@id\":\"https:\/\/kalinski.pl\/serwis\/#organization\",\"name\":\"Kali\u0144ski\",\"url\":\"https:\/\/kalinski.pl\/serwis\/\",\"logo\":{\"@type\":\"ImageObject\",\"inLanguage\":\"pl-PL\",\"@id\":\"https:\/\/kalinski.pl\/serwis\/#\/schema\/logo\/image\/\",\"url\":\"https:\/\/kalinski.pl\/serwis\/wp-content\/uploads\/2019\/03\/cropped-logo_white.jpg\",\"contentUrl\":\"https:\/\/kalinski.pl\/serwis\/wp-content\/uploads\/2019\/03\/cropped-logo_white.jpg\",\"width\":240,\"height\":63,\"caption\":\"Kali\u0144ski\"},\"image\":{\"@id\":\"https:\/\/kalinski.pl\/serwis\/#\/schema\/logo\/image\/\"}}]}<\/script>\n<!-- \/ Yoast SEO plugin. -->","yoast_head_json":{"title":"Regeneracja katalizator\u00f3w i filtr\u00f3w DPF P\u0142ock | Kali\u0144ski","description":"Realizujemy wiele us\u0142ug, w tym regeneracja katalizator\u00f3w i filtr\u00f3w DPF P\u0142ock, wykonuj\u0105c us\u0142ug\u0119 zdalnie i odsy\u0142aj\u0105c zregenerowan\u0105 cz\u0119\u015b\u0107.","robots":{"index":"index","follow":"follow","max-snippet":"max-snippet:-1","max-image-preview":"max-image-preview:large","max-video-preview":"max-video-preview:-1"},"canonical":"https:\/\/kalinski.pl\/serwis\/regeneracja-katalizatorow-i-filtrow-dpf-plock\/","og_locale":"pl_PL","og_type":"article","og_title":"Regeneracja katalizator\u00f3w i filtr\u00f3w DPF P\u0142ock | Kali\u0144ski","og_description":"Realizujemy wiele us\u0142ug, w tym regeneracja katalizator\u00f3w i filtr\u00f3w DPF P\u0142ock, wykonuj\u0105c us\u0142ug\u0119 zdalnie i odsy\u0142aj\u0105c zregenerowan\u0105 cz\u0119\u015b\u0107.","og_url":"https:\/\/kalinski.pl\/serwis\/regeneracja-katalizatorow-i-filtrow-dpf-plock\/","og_site_name":"Kali\u0144ski","og_image":[{"url":"https:\/\/kalinski.pl\/wp-content\/uploads\/Filtry_Kalinski-1-1110x303.png","type":"","width":"","height":""}],"twitter_card":"summary_large_image","twitter_misc":{"Szacowany czas czytania":"2 minuty"},"schema":{"@context":"https:\/\/schema.org","@graph":[{"@type":"WebPage","@id":"https:\/\/kalinski.pl\/serwis\/regeneracja-katalizatorow-i-filtrow-dpf-plock\/","url":"https:\/\/kalinski.pl\/serwis\/regeneracja-katalizatorow-i-filtrow-dpf-plock\/","name":"Regeneracja katalizator\u00f3w i filtr\u00f3w DPF P\u0142ock | Kali\u0144ski","isPartOf":{"@id":"https:\/\/kalinski.pl\/serwis\/#website"},"primaryImageOfPage":{"@id":"https:\/\/kalinski.pl\/serwis\/regeneracja-katalizatorow-i-filtrow-dpf-plock\/#primaryimage"},"image":{"@id":"https:\/\/kalinski.pl\/serwis\/regeneracja-katalizatorow-i-filtrow-dpf-plock\/#primaryimage"},"thumbnailUrl":"https:\/\/kalinski.pl\/wp-content\/uploads\/Filtry_Kalinski-1-1110x303.png","datePublished":"2020-12-15T07:23:35+00:00","description":"Realizujemy wiele us\u0142ug, w tym regeneracja katalizator\u00f3w i filtr\u00f3w DPF P\u0142ock, wykonuj\u0105c us\u0142ug\u0119 zdalnie i odsy\u0142aj\u0105c zregenerowan\u0105 cz\u0119\u015b\u0107.","breadcrumb":{"@id":"https:\/\/kalinski.pl\/serwis\/regeneracja-katalizatorow-i-filtrow-dpf-plock\/#breadcrumb"},"inLanguage":"pl-PL","potentialAction":[{"@type":"ReadAction","target":["https:\/\/kalinski.pl\/serwis\/regeneracja-katalizatorow-i-filtrow-dpf-plock\/"]}]},{"@type":"ImageObject","inLanguage":"pl-PL","@id":"https:\/\/kalinski.pl\/serwis\/regeneracja-katalizatorow-i-filtrow-dpf-plock\/#primaryimage","url":"https:\/\/kalinski.pl\/wp-content\/uploads\/Filtry_Kalinski-1-1110x303.png","contentUrl":"https:\/\/kalinski.pl\/wp-content\/uploads\/Filtry_Kalinski-1-1110x303.png"},{"@type":"BreadcrumbList","@id":"https:\/\/kalinski.pl\/serwis\/regeneracja-katalizatorow-i-filtrow-dpf-plock\/#breadcrumb","itemListElement":[{"@type":"ListItem","position":1,"name":"Strona g\u0142\u00f3wna","item":"https:\/\/kalinski.pl\/serwis\/"},{"@type":"ListItem","position":2,"name":"Regeneracja katalizator\u00f3w i filtr\u00f3w DPF P\u0142ock"}]},{"@type":"WebSite","@id":"https:\/\/kalinski.pl\/serwis\/#website","url":"https:\/\/kalinski.pl\/serwis\/","name":"Kali\u0144ski","description":"Uk\u0142ady wydechowe","publisher":{"@id":"https:\/\/kalinski.pl\/serwis\/#organization"},"potentialAction":[{"@type":"SearchAction","target":{"@type":"EntryPoint","urlTemplate":"https:\/\/kalinski.pl\/serwis\/?s={search_term_string}"},"query-input":{"@type":"PropertyValueSpecification","valueRequired":true,"valueName":"search_term_string"}}],"inLanguage":"pl-PL"},{"@type":"Organization","@id":"https:\/\/kalinski.pl\/serwis\/#organization","name":"Kali\u0144ski","url":"https:\/\/kalinski.pl\/serwis\/","logo":{"@type":"ImageObject","inLanguage":"pl-PL","@id":"https:\/\/kalinski.pl\/serwis\/#\/schema\/logo\/image\/","url":"https:\/\/kalinski.pl\/serwis\/wp-content\/uploads\/2019\/03\/cropped-logo_white.jpg","contentUrl":"https:\/\/kalinski.pl\/serwis\/wp-content\/uploads\/2019\/03\/cropped-logo_white.jpg","width":240,"height":63,"caption":"Kali\u0144ski"},"image":{"@id":"https:\/\/kalinski.pl\/serwis\/#\/schema\/logo\/image\/"}}]}},"_links":{"self":[{"href":"https:\/\/kalinski.pl\/serwis\/wp-json\/wp\/v2\/pages\/2861","targetHints":{"allow":["GET"]}}],"collection":[{"href":"https:\/\/kalinski.pl\/serwis\/wp-json\/wp\/v2\/pages"}],"about":[{"href":"https:\/\/kalinski.pl\/serwis\/wp-json\/wp\/v2\/types\/page"}],"author":[{"embeddable":true,"href":"https:\/\/kalinski.pl\/serwis\/wp-json\/wp\/v2\/users\/821795"}],"replies":[{"embeddable":true,"href":"https:\/\/kalinski.pl\/serwis\/wp-json\/wp\/v2\/comments?post=2861"}],"version-history":[{"count":0,"href":"https:\/\/kalinski.pl\/serwis\/wp-json\/wp\/v2\/pages\/2861\/revisions"}],"wp:attachment":[{"href":"https:\/\/kalinski.pl\/serwis\/wp-json\/wp\/v2\/media?parent=2861"}],"curies":[{"name":"wp","href":"https:\/\/api.w.org\/{rel}","templated":true}]}}