{"id":2859,"date":"2020-12-15T08:14:49","date_gmt":"2020-12-15T07:14:49","guid":{"rendered":"https:\/\/kalinski.pl\/?page_id=2859"},"modified":"2020-12-15T08:14:49","modified_gmt":"2020-12-15T07:14:49","slug":"regeneracja-katalizatorow-i-filtrow-dpf-ruda-slaska","status":"publish","type":"page","link":"https:\/\/kalinski.pl\/serwis\/regeneracja-katalizatorow-i-filtrow-dpf-ruda-slaska\/","title":{"rendered":"Regeneracja katalizator\u00f3w i filtr\u00f3w DPF Ruda \u015al\u0105ska"},"content":{"rendered":"\r\n<div class=\"wp-block-image\">\r\n<figure class=\"aligncenter size-large\"><img fetchpriority=\"high\" decoding=\"async\" width=\"1110\" height=\"303\" class=\"wp-image-1568\" src=\"https:\/\/kalinski.pl\/wp-content\/uploads\/Filtry_Kalinski-1-1110x303.png\" alt=\"\"><\/figure>\r\n<\/div>\r\n\r\n\r\n<p style=\"text-align: justify; margin-top: 25px;\">Auta wydziela wiele spalin, przez co zanieczyszcza \u015brodowisko. Aby temu zapobiec producenci wyposa\u017caj\u0105 je mi\u0119dzy innymi w katalizator i filtry DPF. Katalizator jest cz\u0119\u015bci\u0105 uk\u0142adu wydechowego s\u0142u\u017c\u0105c\u0105 do zmniejszania liczby szkodliwych sk\u0142adnik\u00f3w w spalinach. Natomiast filtry DPF zatrzymuj\u0105 sadz\u0119 (cz\u0105stki sta\u0142e) ze spalin, aby spali\u0107 j\u0105 wewn\u0105trz zanim wydostanie si\u0119 na zewn\u0105trz. Cz\u0119ste poruszanie si\u0119 pojazdem po mie\u015bcie, a do tego s\u0142abej jako\u015bci paliwo i zbyt rzadka wymiana oleju silnikowego oraz filtr\u00f3w paliwowych powoduje szybkie zu\u017cycie lub zapchanie tych cz\u0119\u015bci, w wyniku czego przestaj\u0105 dzia\u0142a\u0107 prawid\u0142owo. Na szcz\u0119\u015bcie istnieje mo\u017cliwo\u015b\u0107 wymiany ich na ca\u0142kiem nowe (dost\u0119pne w firmie Kali\u0144ski) lub skorzystania z bardziej ekonomicznej mo\u017cliwo\u015bci &#8211; <strong>us\u0142ugi regeneracja DPF Ruda \u015al\u0105ska<\/strong> lub <strong>regeneracja katalizator\u00f3w Ruda \u015al\u0105ska.<\/strong><\/p>\r\n\r\n\r\n\r\n<p style=\"text-align: justify;\">Firma Kali\u0144ski oferuje mo\u017cliwo\u015b\u0107 zakupu nowych lub u\u017cywanych sprz\u0119t\u00f3w takich producent\u00f3w, jak: Skoda, Toyota, Fiat, Ford, Volkswagen, Mazda, Jaguar, Bentley, Dodge, Ferrari, Chevrolet, czy Porsche. Ale jest te\u017c mo\u017cliwe <strong>czyszczenie katalizator\u00f3w Ruda \u015al\u0105ska<\/strong> oraz <strong>czyszczenie DPF Ruda \u015al\u0105ska<\/strong> przeprowadzone przez profesjonalnych specjalist\u00f3w firmy Kali\u0144ski. Taka regeneracja to znacznie korzystniejsze finansowo dzia\u0142anie, kt\u00f3re przywraca sprawno\u015b\u0107 zniszczonym cz\u0119\u015bciom. <strong>Wypalanie katalizator\u00f3w Ruda \u015al\u0105ska<\/strong> przeprowadzamy przy u\u017cyciu brytyjskiego, specjalistycznego pieca marki Hartridge, kt\u00f3ry rekomendowany jest przez jednych z wa\u017cniejszych producent\u00f3w samochod\u00f3w ci\u0119\u017carowych: Scania, Volvo, DAF. W piecu panuje bardzo wysoka temperatura 600 stopni, w kt\u00f3rej spalane s\u0105 zanieczyszczenia i sadza zalegaj\u0105ce w mikrokanalikach filtr\u00f3w i katalizatora. Pozostaje po nich jedynie popi\u00f3\u0142, kt\u00f3ry zdmuchiwany jest spr\u0119\u017conym powietrzem do specjalnego pojemnika, a nast\u0119pnie utylizowany. Po ca\u0142ym procesie otrzymujemy sprawny i wygl\u0105daj\u0105cy zupe\u0142nie jak nowy &#8211; katalizator lub filtr DPF.<\/p>\r\n\r\n\r\n\r\n<p style=\"text-align: justify;\">Us\u0142ugi firmy Kali\u0144ski dost\u0119pne s\u0105 w obr\u0119bie ca\u0142ej Polski. Docieramy z nimi wsz\u0119dzie tam, gdzie jest w stanie dojecha\u0107 kurier. Dotrzemy wi\u0119c i do Pa\u0144stwa.<\/p>\r\n\r\n\r\n\r\n<div class=\"wp-block-columns is-layout-flex wp-container-core-columns-is-layout-1 wp-block-columns-is-layout-flex\">\r\n<div class=\"wp-block-column is-layout-flow wp-block-column-is-layout-flow\">\r\n<p><strong>Kali\u0144ski<\/strong><\/p>\r\n\r\n\r\n<p>ul. Szamotulska 40<\/p>\r\n\r\n\r\n<p>62-081 Chyby \/ Pozna\u0144<\/p>\r\n\r\n\r\n<p><strong>Sklep internetowy<\/strong><\/p>\r\n\r\n\r\n<p><a href=\"tel:0048691545545\">+48 691 545 545<\/a><\/p>\r\n\r\n\r\n<p><a>sklep@kalinski.pl<\/a><\/p>\r\n\r\n\r\n<p class=\"k_telb\"><strong>Serwis stacjonarny<\/strong><\/p>\r\n<p class=\"k_tel\"><a class=\"phone\" href=\"tel:004861 8142777\">+48 61 814 27 77<\/a><\/p>\r\n<p class=\"k_tel\"><a class=\"mailto-link\" data-enc-email=\"frejvf[at]xnyvafxv.cy\" data-wpel-link=\"ignore\"><span id=\"eeb-99214-899952\">serwis@kalinski.pl<\/span><\/a><\/p>\r\n<\/div>\r\n\r\n\r\n<div class=\"wp-block-column is-layout-flow wp-block-column-is-layout-flow\"> [contact-form-7 id=&#8221;2271&#8243; title=&#8221;Formularz 1_copy&#8221;] \r\n<\/div>\r\n<\/div>\r\n\r\n\r\n<p><iframe style=\"border: 0;\" tabindex=\"0\" src=\"https:\/\/www.google.com\/maps\/embed?pb=!1m14!1m8!1m3!1d2891.0189752303836!2d16.761502335364135!3d52.46016731732493!3m2!1i1024!2i768!4f13.1!3m3!1m2!1s0x470441321c9562cb%3A0xee0284f60b138572!2sSzamotulska%2040%2C%2062-081%20Chyby!5e0!3m2!1spl!2spl!4v1599035144301!5m2!1spl!2spl\" width=\"100%\" height=\"450\" frameborder=\"0\" allowfullscreen=\"allowfullscreen\" aria-hidden=\"false\"><\/iframe><\/p>\r\n\r\n","protected":false},"excerpt":{"rendered":"<p>Auta wydziela wiele spalin, przez co zanieczyszcza \u015brodowisko. Aby temu zapobiec producenci wyposa\u017caj\u0105 je mi\u0119dzy innymi w katalizator i filtry DPF. Katalizator jest cz\u0119\u015bci\u0105 uk\u0142adu wydechowego s\u0142u\u017c\u0105c\u0105 do zmniejszania liczby szkodliwych sk\u0142adnik\u00f3w w spalinach. Natomiast filtry DPF zatrzymuj\u0105 sadz\u0119 (cz\u0105stki sta\u0142e) ze spalin, aby spali\u0107 j\u0105 wewn\u0105trz zanim wydostanie si\u0119 na zewn\u0105trz. Cz\u0119ste poruszanie si\u0119 &hellip; <a href=\"https:\/\/kalinski.pl\/serwis\/regeneracja-katalizatorow-i-filtrow-dpf-ruda-slaska\/\" class=\"more-link\">Czytaj dalej<span class=\"screen-reader-text\"> Regeneracja katalizator\u00f3w i filtr\u00f3w DPF Ruda \u015al\u0105ska<\/span><\/a><\/p>\n","protected":false},"author":821795,"featured_media":0,"parent":0,"menu_order":0,"comment_status":"closed","ping_status":"closed","template":"","meta":{"footnotes":""},"class_list":["post-2859","page","type-page","status-publish","hentry"],"yoast_head":"<!-- This site is optimized with the Yoast SEO plugin v26.7 - https:\/\/yoast.com\/wordpress\/plugins\/seo\/ -->\n<title>Regeneracja katalizator\u00f3w i filtr\u00f3w DPF Ruda \u015al\u0105ska | Kali\u0144ski<\/title>\n<meta name=\"description\" content=\"Regeneracja katalizator\u00f3w i filtr\u00f3w DPF Ruda \u015al\u0105ska realizowana jest przez nasz\u0105 firm\u0105 wysy\u0142kowo. Us\u0142uga fizycznie wykonywana jest w Chybach.\" \/>\n<meta name=\"robots\" content=\"index, follow, max-snippet:-1, max-image-preview:large, max-video-preview:-1\" \/>\n<link rel=\"canonical\" href=\"https:\/\/kalinski.pl\/serwis\/regeneracja-katalizatorow-i-filtrow-dpf-ruda-slaska\/\" \/>\n<meta property=\"og:locale\" content=\"pl_PL\" \/>\n<meta property=\"og:type\" content=\"article\" \/>\n<meta property=\"og:title\" content=\"Regeneracja katalizator\u00f3w i filtr\u00f3w DPF Ruda \u015al\u0105ska | Kali\u0144ski\" \/>\n<meta property=\"og:description\" content=\"Regeneracja katalizator\u00f3w i filtr\u00f3w DPF Ruda \u015al\u0105ska realizowana jest przez nasz\u0105 firm\u0105 wysy\u0142kowo. Us\u0142uga fizycznie wykonywana jest w Chybach.\" \/>\n<meta property=\"og:url\" content=\"https:\/\/kalinski.pl\/serwis\/regeneracja-katalizatorow-i-filtrow-dpf-ruda-slaska\/\" \/>\n<meta property=\"og:site_name\" content=\"Kali\u0144ski\" \/>\n<meta property=\"og:image\" content=\"https:\/\/kalinski.pl\/wp-content\/uploads\/Filtry_Kalinski-1-1110x303.png\" \/>\n<meta name=\"twitter:card\" content=\"summary_large_image\" \/>\n<meta name=\"twitter:label1\" content=\"Szacowany czas czytania\" \/>\n\t<meta name=\"twitter:data1\" content=\"2 minuty\" \/>\n<script type=\"application\/ld+json\" class=\"yoast-schema-graph\">{\"@context\":\"https:\/\/schema.org\",\"@graph\":[{\"@type\":\"WebPage\",\"@id\":\"https:\/\/kalinski.pl\/serwis\/regeneracja-katalizatorow-i-filtrow-dpf-ruda-slaska\/\",\"url\":\"https:\/\/kalinski.pl\/serwis\/regeneracja-katalizatorow-i-filtrow-dpf-ruda-slaska\/\",\"name\":\"Regeneracja katalizator\u00f3w i filtr\u00f3w DPF Ruda \u015al\u0105ska | Kali\u0144ski\",\"isPartOf\":{\"@id\":\"https:\/\/kalinski.pl\/serwis\/#website\"},\"primaryImageOfPage\":{\"@id\":\"https:\/\/kalinski.pl\/serwis\/regeneracja-katalizatorow-i-filtrow-dpf-ruda-slaska\/#primaryimage\"},\"image\":{\"@id\":\"https:\/\/kalinski.pl\/serwis\/regeneracja-katalizatorow-i-filtrow-dpf-ruda-slaska\/#primaryimage\"},\"thumbnailUrl\":\"https:\/\/kalinski.pl\/wp-content\/uploads\/Filtry_Kalinski-1-1110x303.png\",\"datePublished\":\"2020-12-15T07:14:49+00:00\",\"description\":\"Regeneracja katalizator\u00f3w i filtr\u00f3w DPF Ruda \u015al\u0105ska realizowana jest przez nasz\u0105 firm\u0105 wysy\u0142kowo. Us\u0142uga fizycznie wykonywana jest w Chybach.\",\"breadcrumb\":{\"@id\":\"https:\/\/kalinski.pl\/serwis\/regeneracja-katalizatorow-i-filtrow-dpf-ruda-slaska\/#breadcrumb\"},\"inLanguage\":\"pl-PL\",\"potentialAction\":[{\"@type\":\"ReadAction\",\"target\":[\"https:\/\/kalinski.pl\/serwis\/regeneracja-katalizatorow-i-filtrow-dpf-ruda-slaska\/\"]}]},{\"@type\":\"ImageObject\",\"inLanguage\":\"pl-PL\",\"@id\":\"https:\/\/kalinski.pl\/serwis\/regeneracja-katalizatorow-i-filtrow-dpf-ruda-slaska\/#primaryimage\",\"url\":\"https:\/\/kalinski.pl\/wp-content\/uploads\/Filtry_Kalinski-1-1110x303.png\",\"contentUrl\":\"https:\/\/kalinski.pl\/wp-content\/uploads\/Filtry_Kalinski-1-1110x303.png\"},{\"@type\":\"BreadcrumbList\",\"@id\":\"https:\/\/kalinski.pl\/serwis\/regeneracja-katalizatorow-i-filtrow-dpf-ruda-slaska\/#breadcrumb\",\"itemListElement\":[{\"@type\":\"ListItem\",\"position\":1,\"name\":\"Strona g\u0142\u00f3wna\",\"item\":\"https:\/\/kalinski.pl\/serwis\/\"},{\"@type\":\"ListItem\",\"position\":2,\"name\":\"Regeneracja katalizator\u00f3w i filtr\u00f3w DPF Ruda \u015al\u0105ska\"}]},{\"@type\":\"WebSite\",\"@id\":\"https:\/\/kalinski.pl\/serwis\/#website\",\"url\":\"https:\/\/kalinski.pl\/serwis\/\",\"name\":\"Kali\u0144ski\",\"description\":\"Uk\u0142ady wydechowe\",\"publisher\":{\"@id\":\"https:\/\/kalinski.pl\/serwis\/#organization\"},\"potentialAction\":[{\"@type\":\"SearchAction\",\"target\":{\"@type\":\"EntryPoint\",\"urlTemplate\":\"https:\/\/kalinski.pl\/serwis\/?s={search_term_string}\"},\"query-input\":{\"@type\":\"PropertyValueSpecification\",\"valueRequired\":true,\"valueName\":\"search_term_string\"}}],\"inLanguage\":\"pl-PL\"},{\"@type\":\"Organization\",\"@id\":\"https:\/\/kalinski.pl\/serwis\/#organization\",\"name\":\"Kali\u0144ski\",\"url\":\"https:\/\/kalinski.pl\/serwis\/\",\"logo\":{\"@type\":\"ImageObject\",\"inLanguage\":\"pl-PL\",\"@id\":\"https:\/\/kalinski.pl\/serwis\/#\/schema\/logo\/image\/\",\"url\":\"https:\/\/kalinski.pl\/serwis\/wp-content\/uploads\/2019\/03\/cropped-logo_white.jpg\",\"contentUrl\":\"https:\/\/kalinski.pl\/serwis\/wp-content\/uploads\/2019\/03\/cropped-logo_white.jpg\",\"width\":240,\"height\":63,\"caption\":\"Kali\u0144ski\"},\"image\":{\"@id\":\"https:\/\/kalinski.pl\/serwis\/#\/schema\/logo\/image\/\"}}]}<\/script>\n<!-- \/ Yoast SEO plugin. -->","yoast_head_json":{"title":"Regeneracja katalizator\u00f3w i filtr\u00f3w DPF Ruda \u015al\u0105ska | Kali\u0144ski","description":"Regeneracja katalizator\u00f3w i filtr\u00f3w DPF Ruda \u015al\u0105ska realizowana jest przez nasz\u0105 firm\u0105 wysy\u0142kowo. Us\u0142uga fizycznie wykonywana jest w Chybach.","robots":{"index":"index","follow":"follow","max-snippet":"max-snippet:-1","max-image-preview":"max-image-preview:large","max-video-preview":"max-video-preview:-1"},"canonical":"https:\/\/kalinski.pl\/serwis\/regeneracja-katalizatorow-i-filtrow-dpf-ruda-slaska\/","og_locale":"pl_PL","og_type":"article","og_title":"Regeneracja katalizator\u00f3w i filtr\u00f3w DPF Ruda \u015al\u0105ska | Kali\u0144ski","og_description":"Regeneracja katalizator\u00f3w i filtr\u00f3w DPF Ruda \u015al\u0105ska realizowana jest przez nasz\u0105 firm\u0105 wysy\u0142kowo. Us\u0142uga fizycznie wykonywana jest w Chybach.","og_url":"https:\/\/kalinski.pl\/serwis\/regeneracja-katalizatorow-i-filtrow-dpf-ruda-slaska\/","og_site_name":"Kali\u0144ski","og_image":[{"url":"https:\/\/kalinski.pl\/wp-content\/uploads\/Filtry_Kalinski-1-1110x303.png","type":"","width":"","height":""}],"twitter_card":"summary_large_image","twitter_misc":{"Szacowany czas czytania":"2 minuty"},"schema":{"@context":"https:\/\/schema.org","@graph":[{"@type":"WebPage","@id":"https:\/\/kalinski.pl\/serwis\/regeneracja-katalizatorow-i-filtrow-dpf-ruda-slaska\/","url":"https:\/\/kalinski.pl\/serwis\/regeneracja-katalizatorow-i-filtrow-dpf-ruda-slaska\/","name":"Regeneracja katalizator\u00f3w i filtr\u00f3w DPF Ruda \u015al\u0105ska | Kali\u0144ski","isPartOf":{"@id":"https:\/\/kalinski.pl\/serwis\/#website"},"primaryImageOfPage":{"@id":"https:\/\/kalinski.pl\/serwis\/regeneracja-katalizatorow-i-filtrow-dpf-ruda-slaska\/#primaryimage"},"image":{"@id":"https:\/\/kalinski.pl\/serwis\/regeneracja-katalizatorow-i-filtrow-dpf-ruda-slaska\/#primaryimage"},"thumbnailUrl":"https:\/\/kalinski.pl\/wp-content\/uploads\/Filtry_Kalinski-1-1110x303.png","datePublished":"2020-12-15T07:14:49+00:00","description":"Regeneracja katalizator\u00f3w i filtr\u00f3w DPF Ruda \u015al\u0105ska realizowana jest przez nasz\u0105 firm\u0105 wysy\u0142kowo. Us\u0142uga fizycznie wykonywana jest w Chybach.","breadcrumb":{"@id":"https:\/\/kalinski.pl\/serwis\/regeneracja-katalizatorow-i-filtrow-dpf-ruda-slaska\/#breadcrumb"},"inLanguage":"pl-PL","potentialAction":[{"@type":"ReadAction","target":["https:\/\/kalinski.pl\/serwis\/regeneracja-katalizatorow-i-filtrow-dpf-ruda-slaska\/"]}]},{"@type":"ImageObject","inLanguage":"pl-PL","@id":"https:\/\/kalinski.pl\/serwis\/regeneracja-katalizatorow-i-filtrow-dpf-ruda-slaska\/#primaryimage","url":"https:\/\/kalinski.pl\/wp-content\/uploads\/Filtry_Kalinski-1-1110x303.png","contentUrl":"https:\/\/kalinski.pl\/wp-content\/uploads\/Filtry_Kalinski-1-1110x303.png"},{"@type":"BreadcrumbList","@id":"https:\/\/kalinski.pl\/serwis\/regeneracja-katalizatorow-i-filtrow-dpf-ruda-slaska\/#breadcrumb","itemListElement":[{"@type":"ListItem","position":1,"name":"Strona g\u0142\u00f3wna","item":"https:\/\/kalinski.pl\/serwis\/"},{"@type":"ListItem","position":2,"name":"Regeneracja katalizator\u00f3w i filtr\u00f3w DPF Ruda \u015al\u0105ska"}]},{"@type":"WebSite","@id":"https:\/\/kalinski.pl\/serwis\/#website","url":"https:\/\/kalinski.pl\/serwis\/","name":"Kali\u0144ski","description":"Uk\u0142ady wydechowe","publisher":{"@id":"https:\/\/kalinski.pl\/serwis\/#organization"},"potentialAction":[{"@type":"SearchAction","target":{"@type":"EntryPoint","urlTemplate":"https:\/\/kalinski.pl\/serwis\/?s={search_term_string}"},"query-input":{"@type":"PropertyValueSpecification","valueRequired":true,"valueName":"search_term_string"}}],"inLanguage":"pl-PL"},{"@type":"Organization","@id":"https:\/\/kalinski.pl\/serwis\/#organization","name":"Kali\u0144ski","url":"https:\/\/kalinski.pl\/serwis\/","logo":{"@type":"ImageObject","inLanguage":"pl-PL","@id":"https:\/\/kalinski.pl\/serwis\/#\/schema\/logo\/image\/","url":"https:\/\/kalinski.pl\/serwis\/wp-content\/uploads\/2019\/03\/cropped-logo_white.jpg","contentUrl":"https:\/\/kalinski.pl\/serwis\/wp-content\/uploads\/2019\/03\/cropped-logo_white.jpg","width":240,"height":63,"caption":"Kali\u0144ski"},"image":{"@id":"https:\/\/kalinski.pl\/serwis\/#\/schema\/logo\/image\/"}}]}},"_links":{"self":[{"href":"https:\/\/kalinski.pl\/serwis\/wp-json\/wp\/v2\/pages\/2859","targetHints":{"allow":["GET"]}}],"collection":[{"href":"https:\/\/kalinski.pl\/serwis\/wp-json\/wp\/v2\/pages"}],"about":[{"href":"https:\/\/kalinski.pl\/serwis\/wp-json\/wp\/v2\/types\/page"}],"author":[{"embeddable":true,"href":"https:\/\/kalinski.pl\/serwis\/wp-json\/wp\/v2\/users\/821795"}],"replies":[{"embeddable":true,"href":"https:\/\/kalinski.pl\/serwis\/wp-json\/wp\/v2\/comments?post=2859"}],"version-history":[{"count":0,"href":"https:\/\/kalinski.pl\/serwis\/wp-json\/wp\/v2\/pages\/2859\/revisions"}],"wp:attachment":[{"href":"https:\/\/kalinski.pl\/serwis\/wp-json\/wp\/v2\/media?parent=2859"}],"curies":[{"name":"wp","href":"https:\/\/api.w.org\/{rel}","templated":true}]}}