{"id":2855,"date":"2020-12-11T08:56:13","date_gmt":"2020-12-11T07:56:13","guid":{"rendered":"https:\/\/kalinski.pl\/?page_id=2855"},"modified":"2020-12-11T08:56:13","modified_gmt":"2020-12-11T07:56:13","slug":"regeneracja-katalizatorow-i-filtrow-dpf-czestochowa","status":"publish","type":"page","link":"https:\/\/kalinski.pl\/serwis\/regeneracja-katalizatorow-i-filtrow-dpf-czestochowa\/","title":{"rendered":"Regeneracja katalizator\u00f3w i filtr\u00f3w DPF Cz\u0119stochowa"},"content":{"rendered":"\r\n<div class=\"wp-block-image\">\r\n<figure class=\"aligncenter size-large\"><img fetchpriority=\"high\" decoding=\"async\" width=\"1110\" height=\"303\" class=\"wp-image-1568\" src=\"https:\/\/kalinski.pl\/wp-content\/uploads\/Filtry_Kalinski-1-1110x303.png\" alt=\"\"><\/figure>\r\n<\/div>\r\n\r\n\r\n<p style=\"text-align: justify; margin-top: 25px;\">Katalizatory i filtry DPF to jedne z najcz\u0119\u015bciej serwisowanych przez nas produkt\u00f3w. Opr\u00f3cz czyszczenia ich, zajmujemy si\u0119 tak\u017ce sprzeda\u017c\u0105 nowych oraz regenerowanych cz\u0119\u015bci takich producent\u00f3w jak, mi\u0119dzy innymi: Volkswagen, Skoda, Toyota, Ford, Mazda, Fiat, Jaguar, Chevrolet, Bentley, Dodge, Ferrari, Chrysler, a nawet Porsche. Filtry DPF i katalizatory to cz\u0119\u015bci samochodowe, kt\u00f3re ulegaj\u0105 zu\u017cyciu lub zapchaniu. Aby przywr\u00f3ci\u0107 ich pe\u0142n\u0105 sprawno\u015b\u0107 zalecane jest zakupienie ca\u0142kiem nowych cz\u0119\u015bci i ich zamiana z zu\u017cytymi lub regeneracja DPF Cz\u0119stochowa i regeneracja katalizator\u00f3w Cz\u0119stochowa &#8211; us\u0142ugi dost\u0119pne w ofercie firmy Kali\u0144ski.<\/p>\r\n\r\n\r\n\r\n<p style=\"text-align: justify;\">Koszt regeneracji lub zakupu zregenerowanego produktu jest z regu\u0142y ni\u017cszy ni\u017c zakup nowych cz\u0119\u015bci. Czyszczenie katalizator\u00f3w Cz\u0119stochowa to r\u00f3wnie\u017c dzia\u0142anie ekologiczne, poniewa\u017c nadaje sprawno\u015b\u0107 istniej\u0105cej ju\u017c cz\u0119\u015bci, zamiast produkowania ca\u0142kiem nowych podzespo\u0142\u00f3w. Regeneracja w naszej firmie odbywa si\u0119 przy pomocy specjalistycznego sprz\u0119tu, kt\u00f3ry pozwala na skuteczne wypalanie katalizator\u00f3w Cz\u0119stochowa. Procedurze tej poddajemy wy\u0142\u0105cznie oryginalne cz\u0119\u015bci.<\/p>\r\n\r\n\r\n\r\n<p style=\"text-align: justify;\">Czyszczenie filtr\u00f3w DPF Cz\u0119stochowa polega na wypalaniu zanieczyszcze\u0144 i gromadz\u0105cej si\u0119 w mikrokanalikach sadzy, wysok\u0105 temperatur\u0105 (600 stopni Celsjusza) w piecu. Nieczysto\u015bci ulegaj\u0105 spaleniu na popi\u00f3\u0142, kt\u00f3ry wydmuchiwany jest przy pomocy spr\u0119\u017conego powietrza, zbierany w specjalnie do tego przygotowany pojemnik i utylizowany. Dzi\u0119ki temu, filtry DPF oraz katalizatory po wyczyszczeniu wygl\u0105daj\u0105 jak nowe i s\u0105 idealnie sprawne.<\/p>\r\n\r\n\r\n<p style=\"text-align: justify;\">Niekt\u00f3re zak\u0142ady proponuj\u0105 czyszczenie filtr\u00f3w DPF i katalizator\u00f3w za pomoc\u0105 wody. My stanowczo to odradzamy. Woda w po\u0142\u0105czeniu z sadz\u0105 powoduje zmniejszenie przepustowo\u015bci spalin, co szkodzi pojazdom, a cz\u0119\u015bci znacznie szybciej ulegaj\u0105 zu\u017cyciu. Nie warto te\u017c samodzielnie zabiera\u0107 si\u0119 za regeneracj\u0119, gdy\u017c nieumiej\u0119tna ingerencja we wra\u017cliwe cz\u0119\u015bci, na przyk\u0142ad wk\u0142ady ceramiczne filtr\u00f3w DPF, ko\u0144czy si\u0119 zazwyczaj trwa\u0142ym uszkodzeniem.<\/p>\r\n\r\n\r\n<div class=\"wp-block-columns is-layout-flex wp-container-core-columns-is-layout-1 wp-block-columns-is-layout-flex\">\r\n<div class=\"wp-block-column is-layout-flow wp-block-column-is-layout-flow\">\r\n<p><strong>Kali\u0144ski<\/strong><\/p>\r\n\r\n\r\n<p>ul. Szamotulska 40<\/p>\r\n\r\n\r\n<p>62-081 Chyby \/ Pozna\u0144<\/p>\r\n\r\n\r\n<p><strong>Sklep internetowy<\/strong><\/p>\r\n\r\n\r\n<p><a href=\"tel:0048691545545\">+48 691 545 545<\/a><\/p>\r\n\r\n\r\n<p><a>sklep@kalinski.pl<\/a><\/p>\r\n\r\n\r\n<p class=\"k_telb\"><strong>Serwis stacjonarny<\/strong><\/p>\r\n<p class=\"k_tel\"><a class=\"phone\" href=\"tel:004861 8142777\">+48 61 814 27 77<\/a><\/p>\r\n<p class=\"k_tel\"><a class=\"mailto-link\" data-enc-email=\"frejvf[at]xnyvafxv.cy\" data-wpel-link=\"ignore\"><span id=\"eeb-99214-899952\">serwis@kalinski.pl<\/span><\/a><\/p>\r\n<\/div>\r\n\r\n\r\n<div class=\"wp-block-column is-layout-flow wp-block-column-is-layout-flow\"> [contact-form-7 id=&#8221;2271&#8243; title=&#8221;Formularz 1_copy&#8221;] \r\n<\/div>\r\n<\/div>\r\n\r\n\r\n<p><iframe style=\"border: 0;\" tabindex=\"0\" src=\"https:\/\/www.google.com\/maps\/embed?pb=!1m14!1m8!1m3!1d2891.0189752303836!2d16.761502335364135!3d52.46016731732493!3m2!1i1024!2i768!4f13.1!3m3!1m2!1s0x470441321c9562cb%3A0xee0284f60b138572!2sSzamotulska%2040%2C%2062-081%20Chyby!5e0!3m2!1spl!2spl!4v1599035144301!5m2!1spl!2spl\" width=\"100%\" height=\"450\" frameborder=\"0\" allowfullscreen=\"allowfullscreen\" aria-hidden=\"false\"><\/iframe><\/p>\r\n\r\n","protected":false},"excerpt":{"rendered":"<p>Katalizatory i filtry DPF to jedne z najcz\u0119\u015bciej serwisowanych przez nas produkt\u00f3w. Opr\u00f3cz czyszczenia ich, zajmujemy si\u0119 tak\u017ce sprzeda\u017c\u0105 nowych oraz regenerowanych cz\u0119\u015bci takich producent\u00f3w jak, mi\u0119dzy innymi: Volkswagen, Skoda, Toyota, Ford, Mazda, Fiat, Jaguar, Chevrolet, Bentley, Dodge, Ferrari, Chrysler, a nawet Porsche. Filtry DPF i katalizatory to cz\u0119\u015bci samochodowe, kt\u00f3re ulegaj\u0105 zu\u017cyciu lub zapchaniu. &hellip; <a href=\"https:\/\/kalinski.pl\/serwis\/regeneracja-katalizatorow-i-filtrow-dpf-czestochowa\/\" class=\"more-link\">Czytaj dalej<span class=\"screen-reader-text\"> Regeneracja katalizator\u00f3w i filtr\u00f3w DPF Cz\u0119stochowa<\/span><\/a><\/p>\n","protected":false},"author":821795,"featured_media":0,"parent":0,"menu_order":0,"comment_status":"closed","ping_status":"closed","template":"","meta":{"footnotes":""},"class_list":["post-2855","page","type-page","status-publish","hentry"],"yoast_head":"<!-- This site is optimized with the Yoast SEO plugin v26.7 - https:\/\/yoast.com\/wordpress\/plugins\/seo\/ -->\n<title>Regeneracja katalizator\u00f3w i filtr\u00f3w DPF Cz\u0119stochowa | Kali\u0144ski<\/title>\n<meta name=\"description\" content=\"Nasze us\u0142ugi i produkty realizujemy r\u00f3wnie\u017c wysy\u0142kowo, dlatego wykonujemy te\u017c regeneracja katalizator\u00f3w i filtr\u00f3w DPF Cz\u0119stochowa.\" \/>\n<meta name=\"robots\" content=\"index, follow, max-snippet:-1, max-image-preview:large, max-video-preview:-1\" \/>\n<link rel=\"canonical\" href=\"https:\/\/kalinski.pl\/serwis\/regeneracja-katalizatorow-i-filtrow-dpf-czestochowa\/\" \/>\n<meta property=\"og:locale\" content=\"pl_PL\" \/>\n<meta property=\"og:type\" content=\"article\" \/>\n<meta property=\"og:title\" content=\"Regeneracja katalizator\u00f3w i filtr\u00f3w DPF Cz\u0119stochowa | Kali\u0144ski\" \/>\n<meta property=\"og:description\" content=\"Nasze us\u0142ugi i produkty realizujemy r\u00f3wnie\u017c wysy\u0142kowo, dlatego wykonujemy te\u017c regeneracja katalizator\u00f3w i filtr\u00f3w DPF Cz\u0119stochowa.\" \/>\n<meta property=\"og:url\" content=\"https:\/\/kalinski.pl\/serwis\/regeneracja-katalizatorow-i-filtrow-dpf-czestochowa\/\" \/>\n<meta property=\"og:site_name\" content=\"Kali\u0144ski\" \/>\n<meta property=\"og:image\" content=\"https:\/\/kalinski.pl\/wp-content\/uploads\/Filtry_Kalinski-1-1110x303.png\" \/>\n<meta name=\"twitter:card\" content=\"summary_large_image\" \/>\n<meta name=\"twitter:label1\" content=\"Szacowany czas czytania\" \/>\n\t<meta name=\"twitter:data1\" content=\"2 minuty\" \/>\n<script type=\"application\/ld+json\" class=\"yoast-schema-graph\">{\"@context\":\"https:\/\/schema.org\",\"@graph\":[{\"@type\":\"WebPage\",\"@id\":\"https:\/\/kalinski.pl\/serwis\/regeneracja-katalizatorow-i-filtrow-dpf-czestochowa\/\",\"url\":\"https:\/\/kalinski.pl\/serwis\/regeneracja-katalizatorow-i-filtrow-dpf-czestochowa\/\",\"name\":\"Regeneracja katalizator\u00f3w i filtr\u00f3w DPF Cz\u0119stochowa | Kali\u0144ski\",\"isPartOf\":{\"@id\":\"https:\/\/kalinski.pl\/serwis\/#website\"},\"primaryImageOfPage\":{\"@id\":\"https:\/\/kalinski.pl\/serwis\/regeneracja-katalizatorow-i-filtrow-dpf-czestochowa\/#primaryimage\"},\"image\":{\"@id\":\"https:\/\/kalinski.pl\/serwis\/regeneracja-katalizatorow-i-filtrow-dpf-czestochowa\/#primaryimage\"},\"thumbnailUrl\":\"https:\/\/kalinski.pl\/wp-content\/uploads\/Filtry_Kalinski-1-1110x303.png\",\"datePublished\":\"2020-12-11T07:56:13+00:00\",\"description\":\"Nasze us\u0142ugi i produkty realizujemy r\u00f3wnie\u017c wysy\u0142kowo, dlatego wykonujemy te\u017c regeneracja katalizator\u00f3w i filtr\u00f3w DPF Cz\u0119stochowa.\",\"breadcrumb\":{\"@id\":\"https:\/\/kalinski.pl\/serwis\/regeneracja-katalizatorow-i-filtrow-dpf-czestochowa\/#breadcrumb\"},\"inLanguage\":\"pl-PL\",\"potentialAction\":[{\"@type\":\"ReadAction\",\"target\":[\"https:\/\/kalinski.pl\/serwis\/regeneracja-katalizatorow-i-filtrow-dpf-czestochowa\/\"]}]},{\"@type\":\"ImageObject\",\"inLanguage\":\"pl-PL\",\"@id\":\"https:\/\/kalinski.pl\/serwis\/regeneracja-katalizatorow-i-filtrow-dpf-czestochowa\/#primaryimage\",\"url\":\"https:\/\/kalinski.pl\/wp-content\/uploads\/Filtry_Kalinski-1-1110x303.png\",\"contentUrl\":\"https:\/\/kalinski.pl\/wp-content\/uploads\/Filtry_Kalinski-1-1110x303.png\"},{\"@type\":\"BreadcrumbList\",\"@id\":\"https:\/\/kalinski.pl\/serwis\/regeneracja-katalizatorow-i-filtrow-dpf-czestochowa\/#breadcrumb\",\"itemListElement\":[{\"@type\":\"ListItem\",\"position\":1,\"name\":\"Strona g\u0142\u00f3wna\",\"item\":\"https:\/\/kalinski.pl\/serwis\/\"},{\"@type\":\"ListItem\",\"position\":2,\"name\":\"Regeneracja katalizator\u00f3w i filtr\u00f3w DPF Cz\u0119stochowa\"}]},{\"@type\":\"WebSite\",\"@id\":\"https:\/\/kalinski.pl\/serwis\/#website\",\"url\":\"https:\/\/kalinski.pl\/serwis\/\",\"name\":\"Kali\u0144ski\",\"description\":\"Uk\u0142ady wydechowe\",\"publisher\":{\"@id\":\"https:\/\/kalinski.pl\/serwis\/#organization\"},\"potentialAction\":[{\"@type\":\"SearchAction\",\"target\":{\"@type\":\"EntryPoint\",\"urlTemplate\":\"https:\/\/kalinski.pl\/serwis\/?s={search_term_string}\"},\"query-input\":{\"@type\":\"PropertyValueSpecification\",\"valueRequired\":true,\"valueName\":\"search_term_string\"}}],\"inLanguage\":\"pl-PL\"},{\"@type\":\"Organization\",\"@id\":\"https:\/\/kalinski.pl\/serwis\/#organization\",\"name\":\"Kali\u0144ski\",\"url\":\"https:\/\/kalinski.pl\/serwis\/\",\"logo\":{\"@type\":\"ImageObject\",\"inLanguage\":\"pl-PL\",\"@id\":\"https:\/\/kalinski.pl\/serwis\/#\/schema\/logo\/image\/\",\"url\":\"https:\/\/kalinski.pl\/serwis\/wp-content\/uploads\/2019\/03\/cropped-logo_white.jpg\",\"contentUrl\":\"https:\/\/kalinski.pl\/serwis\/wp-content\/uploads\/2019\/03\/cropped-logo_white.jpg\",\"width\":240,\"height\":63,\"caption\":\"Kali\u0144ski\"},\"image\":{\"@id\":\"https:\/\/kalinski.pl\/serwis\/#\/schema\/logo\/image\/\"}}]}<\/script>\n<!-- \/ Yoast SEO plugin. -->","yoast_head_json":{"title":"Regeneracja katalizator\u00f3w i filtr\u00f3w DPF Cz\u0119stochowa | Kali\u0144ski","description":"Nasze us\u0142ugi i produkty realizujemy r\u00f3wnie\u017c wysy\u0142kowo, dlatego wykonujemy te\u017c regeneracja katalizator\u00f3w i filtr\u00f3w DPF Cz\u0119stochowa.","robots":{"index":"index","follow":"follow","max-snippet":"max-snippet:-1","max-image-preview":"max-image-preview:large","max-video-preview":"max-video-preview:-1"},"canonical":"https:\/\/kalinski.pl\/serwis\/regeneracja-katalizatorow-i-filtrow-dpf-czestochowa\/","og_locale":"pl_PL","og_type":"article","og_title":"Regeneracja katalizator\u00f3w i filtr\u00f3w DPF Cz\u0119stochowa | Kali\u0144ski","og_description":"Nasze us\u0142ugi i produkty realizujemy r\u00f3wnie\u017c wysy\u0142kowo, dlatego wykonujemy te\u017c regeneracja katalizator\u00f3w i filtr\u00f3w DPF Cz\u0119stochowa.","og_url":"https:\/\/kalinski.pl\/serwis\/regeneracja-katalizatorow-i-filtrow-dpf-czestochowa\/","og_site_name":"Kali\u0144ski","og_image":[{"url":"https:\/\/kalinski.pl\/wp-content\/uploads\/Filtry_Kalinski-1-1110x303.png","type":"","width":"","height":""}],"twitter_card":"summary_large_image","twitter_misc":{"Szacowany czas czytania":"2 minuty"},"schema":{"@context":"https:\/\/schema.org","@graph":[{"@type":"WebPage","@id":"https:\/\/kalinski.pl\/serwis\/regeneracja-katalizatorow-i-filtrow-dpf-czestochowa\/","url":"https:\/\/kalinski.pl\/serwis\/regeneracja-katalizatorow-i-filtrow-dpf-czestochowa\/","name":"Regeneracja katalizator\u00f3w i filtr\u00f3w DPF Cz\u0119stochowa | Kali\u0144ski","isPartOf":{"@id":"https:\/\/kalinski.pl\/serwis\/#website"},"primaryImageOfPage":{"@id":"https:\/\/kalinski.pl\/serwis\/regeneracja-katalizatorow-i-filtrow-dpf-czestochowa\/#primaryimage"},"image":{"@id":"https:\/\/kalinski.pl\/serwis\/regeneracja-katalizatorow-i-filtrow-dpf-czestochowa\/#primaryimage"},"thumbnailUrl":"https:\/\/kalinski.pl\/wp-content\/uploads\/Filtry_Kalinski-1-1110x303.png","datePublished":"2020-12-11T07:56:13+00:00","description":"Nasze us\u0142ugi i produkty realizujemy r\u00f3wnie\u017c wysy\u0142kowo, dlatego wykonujemy te\u017c regeneracja katalizator\u00f3w i filtr\u00f3w DPF Cz\u0119stochowa.","breadcrumb":{"@id":"https:\/\/kalinski.pl\/serwis\/regeneracja-katalizatorow-i-filtrow-dpf-czestochowa\/#breadcrumb"},"inLanguage":"pl-PL","potentialAction":[{"@type":"ReadAction","target":["https:\/\/kalinski.pl\/serwis\/regeneracja-katalizatorow-i-filtrow-dpf-czestochowa\/"]}]},{"@type":"ImageObject","inLanguage":"pl-PL","@id":"https:\/\/kalinski.pl\/serwis\/regeneracja-katalizatorow-i-filtrow-dpf-czestochowa\/#primaryimage","url":"https:\/\/kalinski.pl\/wp-content\/uploads\/Filtry_Kalinski-1-1110x303.png","contentUrl":"https:\/\/kalinski.pl\/wp-content\/uploads\/Filtry_Kalinski-1-1110x303.png"},{"@type":"BreadcrumbList","@id":"https:\/\/kalinski.pl\/serwis\/regeneracja-katalizatorow-i-filtrow-dpf-czestochowa\/#breadcrumb","itemListElement":[{"@type":"ListItem","position":1,"name":"Strona g\u0142\u00f3wna","item":"https:\/\/kalinski.pl\/serwis\/"},{"@type":"ListItem","position":2,"name":"Regeneracja katalizator\u00f3w i filtr\u00f3w DPF Cz\u0119stochowa"}]},{"@type":"WebSite","@id":"https:\/\/kalinski.pl\/serwis\/#website","url":"https:\/\/kalinski.pl\/serwis\/","name":"Kali\u0144ski","description":"Uk\u0142ady wydechowe","publisher":{"@id":"https:\/\/kalinski.pl\/serwis\/#organization"},"potentialAction":[{"@type":"SearchAction","target":{"@type":"EntryPoint","urlTemplate":"https:\/\/kalinski.pl\/serwis\/?s={search_term_string}"},"query-input":{"@type":"PropertyValueSpecification","valueRequired":true,"valueName":"search_term_string"}}],"inLanguage":"pl-PL"},{"@type":"Organization","@id":"https:\/\/kalinski.pl\/serwis\/#organization","name":"Kali\u0144ski","url":"https:\/\/kalinski.pl\/serwis\/","logo":{"@type":"ImageObject","inLanguage":"pl-PL","@id":"https:\/\/kalinski.pl\/serwis\/#\/schema\/logo\/image\/","url":"https:\/\/kalinski.pl\/serwis\/wp-content\/uploads\/2019\/03\/cropped-logo_white.jpg","contentUrl":"https:\/\/kalinski.pl\/serwis\/wp-content\/uploads\/2019\/03\/cropped-logo_white.jpg","width":240,"height":63,"caption":"Kali\u0144ski"},"image":{"@id":"https:\/\/kalinski.pl\/serwis\/#\/schema\/logo\/image\/"}}]}},"_links":{"self":[{"href":"https:\/\/kalinski.pl\/serwis\/wp-json\/wp\/v2\/pages\/2855","targetHints":{"allow":["GET"]}}],"collection":[{"href":"https:\/\/kalinski.pl\/serwis\/wp-json\/wp\/v2\/pages"}],"about":[{"href":"https:\/\/kalinski.pl\/serwis\/wp-json\/wp\/v2\/types\/page"}],"author":[{"embeddable":true,"href":"https:\/\/kalinski.pl\/serwis\/wp-json\/wp\/v2\/users\/821795"}],"replies":[{"embeddable":true,"href":"https:\/\/kalinski.pl\/serwis\/wp-json\/wp\/v2\/comments?post=2855"}],"version-history":[{"count":0,"href":"https:\/\/kalinski.pl\/serwis\/wp-json\/wp\/v2\/pages\/2855\/revisions"}],"wp:attachment":[{"href":"https:\/\/kalinski.pl\/serwis\/wp-json\/wp\/v2\/media?parent=2855"}],"curies":[{"name":"wp","href":"https:\/\/api.w.org\/{rel}","templated":true}]}}