{"id":2831,"date":"2020-12-02T11:55:27","date_gmt":"2020-12-02T10:55:27","guid":{"rendered":"https:\/\/kalinski.pl\/?page_id=2831"},"modified":"2020-12-02T11:55:27","modified_gmt":"2020-12-02T10:55:27","slug":"regeneracja-katalizatorow-i-filtrow-dpf-jastrzebie-zdroj","status":"publish","type":"page","link":"https:\/\/kalinski.pl\/serwis\/regeneracja-katalizatorow-i-filtrow-dpf-jastrzebie-zdroj\/","title":{"rendered":"Regeneracja katalizator\u00f3w i filtr\u00f3w DPF Jastrz\u0119bie-Zdr\u00f3j"},"content":{"rendered":"\r\n<div class=\"wp-block-image\">\r\n<figure class=\"aligncenter size-large\"><img fetchpriority=\"high\" decoding=\"async\" width=\"1110\" height=\"303\" class=\"wp-image-1568\" src=\"https:\/\/kalinski.pl\/wp-content\/uploads\/Filtry_Kalinski-1-1110x303.png\" alt=\"\"><\/figure>\r\n<\/div>\r\n\r\n\r\n<p style=\"text-align: justify; margin-top: 25px;\">Prawid\u0142owe dzia\u0142anie uk\u0142adu silnikowo-wydechowego zale\u017cy w g\u0142\u00f3wnej mierze od sprawno\u015bci poszczeg\u00f3lnych element\u00f3w. Je\u017celi jaka\u015b cz\u0119\u015b\u0107 b\u0119dzie zu\u017cyta lub uszkodzona, wp\u0142ynie to na prac\u0119 ca\u0142ego uk\u0142adu. Pod tym wzgl\u0119dem szczeg\u00f3ln\u0105 uwag\u0119 nale\u017cy zwr\u00f3ci\u0107 na filtr cz\u0105stek sta\u0142ych oraz katalizator. S\u0105 to elementy, w kt\u00f3rych nieustannie gromadz\u0105 si\u0119 cz\u0105steczki sadzy, popi\u00f3\u0142 oraz inne zanieczyszczenia. Z czasem mog\u0105 one ca\u0142kowicie zapcha\u0107 filtr lub katalizator. Co wtedy nale\u017cy zrobi\u0107 z tak\u0105 cz\u0119\u015bci\u0105? Pom\u00f3c mo\u017ce <strong>regeneracja katalizator\u00f3w Jastrz\u0119bie-Zdr\u00f3j<\/strong> lub <strong>regeneracja DPF Jastrz\u0119bie-Zdr\u00f3j.<\/strong><\/p>\r\n\r\n\r\n\r\n<p style=\"text-align: justify;\">Dlaczego warto zainteresowa\u0107 si\u0119 tak\u0105 us\u0142ug\u0105? Poniewa\u017c regeneracja jest procesem polegaj\u0105cym na usuni\u0119ciu zabrudze\u0144 z wn\u0119trza danego egzemplarza. Je\u015bli zostanie ona wykonana poprawnie, katalizator lub filtr odzyska dawn\u0105 przepustowo\u015b\u0107.<\/p>\r\n\r\n\r\n\r\n<p style=\"text-align: justify;\">Nasza firma zazwyczaj regeneruje wspomniane cz\u0119\u015bci poprzez dok\u0142adnie <strong>czyszczenie katalizator\u00f3w Jastrz\u0119bie-Zdr\u00f3j<\/strong> lub <strong>czyszczenie filtr\u00f3w DPF Jastrz\u0119bie-Zdr\u00f3j.<\/strong> W tym celu korzystamy ze specjalistycznej maszyny Hartridge, kt\u00f3ra umo\u017cliwia nam usuni\u0119cie zanieczyszcze\u0144 za spraw\u0105 powietrza pod wysokim ci\u015bnieniem. Je\u017celi to nie wystarczy, przeprowadzamy dodatkowe <strong>wypalanie katalizator\u00f3w Jastrz\u0119bie-Zdr\u00f3j<\/strong> w specjalnym piecu. Po wszystkim wykonujemy test przepustowo\u015bci, dzi\u0119ki czemu mo\u017cemy sprawdzi\u0107, czy katalizator lub filtr nadaje si\u0119 do ponownego u\u017cycia.<\/p>\r\n\r\n\r\n<p style=\"text-align: justify;\">Warto r\u00f3wnie\u017c wspomnie\u0107, \u017ce wyb\u00f3r sposobu regeneracji zale\u017cy od danego egzemplarza. Je\u017celi np. katalizator jest przeznaczony do monta\u017cu w samochodach osobowych, zazwyczaj najlepszym rozwi\u0105zaniem b\u0119dzie po prostu wymiana wk\u0142adu. Wspomniane wy\u017cej czyszczenie sprawdza si\u0119 jedynie w przypadku cz\u0119\u015bci wykorzystywanych w pojazdach ci\u0119\u017carowych. Cho\u0107 siedziba firmy Kali\u0144ski mie\u015bci si\u0119 w Chybach (ko\u0142o Poznania), nasza oferta jest dost\u0119pna dla wszystkich zainteresowanych kierowc\u00f3w. Od prowadzimy bowiem dzia\u0142alno\u015b\u0107 wysy\u0142kow\u0105, dzi\u0119ki czemu mog\u0105 Pa\u0144stwo \u0142atwo wysy\u0142a\u0107 i odbiera\u0107 cz\u0119\u015bci. Jest to z pewno\u015bci\u0105 du\u017ce u\u0142atwienie dla mieszka\u0144c\u00f3w Jastrz\u0119bia-Zdroju oraz okolicznych miejscowo\u015bci. Zapraszamy do zapoznania si\u0119 z nasz\u0105 ofert\u0105.<\/p>\r\n\r\n\r\n<div class=\"wp-block-columns is-layout-flex wp-container-core-columns-is-layout-1 wp-block-columns-is-layout-flex\">\r\n<div class=\"wp-block-column is-layout-flow wp-block-column-is-layout-flow\">\r\n<p><strong>Kali\u0144ski<\/strong><\/p>\r\n\r\n\r\n<p>ul. Szamotulska 40<\/p>\r\n\r\n\r\n<p>62-081 Chyby \/ Pozna\u0144<\/p>\r\n\r\n\r\n<p><strong>Sklep internetowy<\/strong><\/p>\r\n\r\n\r\n<p><a href=\"tel:0048691545545\">+48 691 545 545<\/a><\/p>\r\n\r\n\r\n<p><a>sklep@kalinski.pl<\/a><\/p>\r\n\r\n\r\n<p class=\"k_telb\"><strong>Serwis stacjonarny<\/strong><\/p>\r\n<p class=\"k_tel\"><a class=\"phone\" href=\"tel:004861 8142777\">+48 61 814 27 77<\/a><\/p>\r\n<p class=\"k_tel\"><a class=\"mailto-link\" data-enc-email=\"frejvf[at]xnyvafxv.cy\" data-wpel-link=\"ignore\"><span id=\"eeb-99214-899952\">serwis@kalinski.pl<\/span><\/a><\/p>\r\n<\/div>\r\n\r\n\r\n<div class=\"wp-block-column is-layout-flow wp-block-column-is-layout-flow\"> [contact-form-7 id=&#8221;2271&#8243; title=&#8221;Formularz 1_copy&#8221;] \r\n<\/div>\r\n<\/div>\r\n\r\n\r\n<p><iframe style=\"border: 0;\" tabindex=\"0\" src=\"https:\/\/www.google.com\/maps\/embed?pb=!1m14!1m8!1m3!1d2891.0189752303836!2d16.761502335364135!3d52.46016731732493!3m2!1i1024!2i768!4f13.1!3m3!1m2!1s0x470441321c9562cb%3A0xee0284f60b138572!2sSzamotulska%2040%2C%2062-081%20Chyby!5e0!3m2!1spl!2spl!4v1599035144301!5m2!1spl!2spl\" width=\"100%\" height=\"450\" frameborder=\"0\" allowfullscreen=\"allowfullscreen\" aria-hidden=\"false\"><\/iframe><\/p>\r\n\r\n","protected":false},"excerpt":{"rendered":"<p>Prawid\u0142owe dzia\u0142anie uk\u0142adu silnikowo-wydechowego zale\u017cy w g\u0142\u00f3wnej mierze od sprawno\u015bci poszczeg\u00f3lnych element\u00f3w. Je\u017celi jaka\u015b cz\u0119\u015b\u0107 b\u0119dzie zu\u017cyta lub uszkodzona, wp\u0142ynie to na prac\u0119 ca\u0142ego uk\u0142adu. Pod tym wzgl\u0119dem szczeg\u00f3ln\u0105 uwag\u0119 nale\u017cy zwr\u00f3ci\u0107 na filtr cz\u0105stek sta\u0142ych oraz katalizator. S\u0105 to elementy, w kt\u00f3rych nieustannie gromadz\u0105 si\u0119 cz\u0105steczki sadzy, popi\u00f3\u0142 oraz inne zanieczyszczenia. Z czasem mog\u0105 &hellip; <a href=\"https:\/\/kalinski.pl\/serwis\/regeneracja-katalizatorow-i-filtrow-dpf-jastrzebie-zdroj\/\" class=\"more-link\">Czytaj dalej<span class=\"screen-reader-text\"> Regeneracja katalizator\u00f3w i filtr\u00f3w DPF Jastrz\u0119bie-Zdr\u00f3j<\/span><\/a><\/p>\n","protected":false},"author":821795,"featured_media":0,"parent":0,"menu_order":0,"comment_status":"closed","ping_status":"closed","template":"","meta":{"footnotes":""},"class_list":["post-2831","page","type-page","status-publish","hentry"],"yoast_head":"<!-- This site is optimized with the Yoast SEO plugin v26.7 - https:\/\/yoast.com\/wordpress\/plugins\/seo\/ -->\n<title>Regeneracja katalizator\u00f3w i filtr\u00f3w DPF Jastrz\u0119bie-Zdr\u00f3j | Kali\u0144ski<\/title>\n<meta name=\"description\" content=\"Regeneracja katalizator\u00f3w i filtr\u00f3w DPF Jastrz\u0119bie-Zdr\u00f3j jest jedn\u0105 z wykonywanych przez us\u0142ug, sprzedajemy r\u00f3wnie\u017c cz\u0119\u015bci uk\u0142ad\u00f3w wydechowych\" \/>\n<meta name=\"robots\" content=\"index, follow, max-snippet:-1, max-image-preview:large, max-video-preview:-1\" \/>\n<link rel=\"canonical\" href=\"https:\/\/kalinski.pl\/serwis\/regeneracja-katalizatorow-i-filtrow-dpf-jastrzebie-zdroj\/\" \/>\n<meta property=\"og:locale\" content=\"pl_PL\" \/>\n<meta property=\"og:type\" content=\"article\" \/>\n<meta property=\"og:title\" content=\"Regeneracja katalizator\u00f3w i filtr\u00f3w DPF Jastrz\u0119bie-Zdr\u00f3j | Kali\u0144ski\" \/>\n<meta property=\"og:description\" content=\"Regeneracja katalizator\u00f3w i filtr\u00f3w DPF Jastrz\u0119bie-Zdr\u00f3j jest jedn\u0105 z wykonywanych przez us\u0142ug, sprzedajemy r\u00f3wnie\u017c cz\u0119\u015bci uk\u0142ad\u00f3w wydechowych\" \/>\n<meta property=\"og:url\" content=\"https:\/\/kalinski.pl\/serwis\/regeneracja-katalizatorow-i-filtrow-dpf-jastrzebie-zdroj\/\" \/>\n<meta property=\"og:site_name\" content=\"Kali\u0144ski\" \/>\n<meta property=\"og:image\" content=\"https:\/\/kalinski.pl\/wp-content\/uploads\/Filtry_Kalinski-1-1110x303.png\" \/>\n<meta name=\"twitter:card\" content=\"summary_large_image\" \/>\n<meta name=\"twitter:label1\" content=\"Szacowany czas czytania\" \/>\n\t<meta name=\"twitter:data1\" content=\"2 minuty\" \/>\n<script type=\"application\/ld+json\" class=\"yoast-schema-graph\">{\"@context\":\"https:\/\/schema.org\",\"@graph\":[{\"@type\":\"WebPage\",\"@id\":\"https:\/\/kalinski.pl\/serwis\/regeneracja-katalizatorow-i-filtrow-dpf-jastrzebie-zdroj\/\",\"url\":\"https:\/\/kalinski.pl\/serwis\/regeneracja-katalizatorow-i-filtrow-dpf-jastrzebie-zdroj\/\",\"name\":\"Regeneracja katalizator\u00f3w i filtr\u00f3w DPF Jastrz\u0119bie-Zdr\u00f3j | Kali\u0144ski\",\"isPartOf\":{\"@id\":\"https:\/\/kalinski.pl\/serwis\/#website\"},\"primaryImageOfPage\":{\"@id\":\"https:\/\/kalinski.pl\/serwis\/regeneracja-katalizatorow-i-filtrow-dpf-jastrzebie-zdroj\/#primaryimage\"},\"image\":{\"@id\":\"https:\/\/kalinski.pl\/serwis\/regeneracja-katalizatorow-i-filtrow-dpf-jastrzebie-zdroj\/#primaryimage\"},\"thumbnailUrl\":\"https:\/\/kalinski.pl\/wp-content\/uploads\/Filtry_Kalinski-1-1110x303.png\",\"datePublished\":\"2020-12-02T10:55:27+00:00\",\"description\":\"Regeneracja katalizator\u00f3w i filtr\u00f3w DPF Jastrz\u0119bie-Zdr\u00f3j jest jedn\u0105 z wykonywanych przez us\u0142ug, sprzedajemy r\u00f3wnie\u017c cz\u0119\u015bci uk\u0142ad\u00f3w wydechowych\",\"breadcrumb\":{\"@id\":\"https:\/\/kalinski.pl\/serwis\/regeneracja-katalizatorow-i-filtrow-dpf-jastrzebie-zdroj\/#breadcrumb\"},\"inLanguage\":\"pl-PL\",\"potentialAction\":[{\"@type\":\"ReadAction\",\"target\":[\"https:\/\/kalinski.pl\/serwis\/regeneracja-katalizatorow-i-filtrow-dpf-jastrzebie-zdroj\/\"]}]},{\"@type\":\"ImageObject\",\"inLanguage\":\"pl-PL\",\"@id\":\"https:\/\/kalinski.pl\/serwis\/regeneracja-katalizatorow-i-filtrow-dpf-jastrzebie-zdroj\/#primaryimage\",\"url\":\"https:\/\/kalinski.pl\/wp-content\/uploads\/Filtry_Kalinski-1-1110x303.png\",\"contentUrl\":\"https:\/\/kalinski.pl\/wp-content\/uploads\/Filtry_Kalinski-1-1110x303.png\"},{\"@type\":\"BreadcrumbList\",\"@id\":\"https:\/\/kalinski.pl\/serwis\/regeneracja-katalizatorow-i-filtrow-dpf-jastrzebie-zdroj\/#breadcrumb\",\"itemListElement\":[{\"@type\":\"ListItem\",\"position\":1,\"name\":\"Strona g\u0142\u00f3wna\",\"item\":\"https:\/\/kalinski.pl\/serwis\/\"},{\"@type\":\"ListItem\",\"position\":2,\"name\":\"Regeneracja katalizator\u00f3w i filtr\u00f3w DPF Jastrz\u0119bie-Zdr\u00f3j\"}]},{\"@type\":\"WebSite\",\"@id\":\"https:\/\/kalinski.pl\/serwis\/#website\",\"url\":\"https:\/\/kalinski.pl\/serwis\/\",\"name\":\"Kali\u0144ski\",\"description\":\"Uk\u0142ady wydechowe\",\"publisher\":{\"@id\":\"https:\/\/kalinski.pl\/serwis\/#organization\"},\"potentialAction\":[{\"@type\":\"SearchAction\",\"target\":{\"@type\":\"EntryPoint\",\"urlTemplate\":\"https:\/\/kalinski.pl\/serwis\/?s={search_term_string}\"},\"query-input\":{\"@type\":\"PropertyValueSpecification\",\"valueRequired\":true,\"valueName\":\"search_term_string\"}}],\"inLanguage\":\"pl-PL\"},{\"@type\":\"Organization\",\"@id\":\"https:\/\/kalinski.pl\/serwis\/#organization\",\"name\":\"Kali\u0144ski\",\"url\":\"https:\/\/kalinski.pl\/serwis\/\",\"logo\":{\"@type\":\"ImageObject\",\"inLanguage\":\"pl-PL\",\"@id\":\"https:\/\/kalinski.pl\/serwis\/#\/schema\/logo\/image\/\",\"url\":\"https:\/\/kalinski.pl\/serwis\/wp-content\/uploads\/2019\/03\/cropped-logo_white.jpg\",\"contentUrl\":\"https:\/\/kalinski.pl\/serwis\/wp-content\/uploads\/2019\/03\/cropped-logo_white.jpg\",\"width\":240,\"height\":63,\"caption\":\"Kali\u0144ski\"},\"image\":{\"@id\":\"https:\/\/kalinski.pl\/serwis\/#\/schema\/logo\/image\/\"}}]}<\/script>\n<!-- \/ Yoast SEO plugin. -->","yoast_head_json":{"title":"Regeneracja katalizator\u00f3w i filtr\u00f3w DPF Jastrz\u0119bie-Zdr\u00f3j | Kali\u0144ski","description":"Regeneracja katalizator\u00f3w i filtr\u00f3w DPF Jastrz\u0119bie-Zdr\u00f3j jest jedn\u0105 z wykonywanych przez us\u0142ug, sprzedajemy r\u00f3wnie\u017c cz\u0119\u015bci uk\u0142ad\u00f3w wydechowych","robots":{"index":"index","follow":"follow","max-snippet":"max-snippet:-1","max-image-preview":"max-image-preview:large","max-video-preview":"max-video-preview:-1"},"canonical":"https:\/\/kalinski.pl\/serwis\/regeneracja-katalizatorow-i-filtrow-dpf-jastrzebie-zdroj\/","og_locale":"pl_PL","og_type":"article","og_title":"Regeneracja katalizator\u00f3w i filtr\u00f3w DPF Jastrz\u0119bie-Zdr\u00f3j | Kali\u0144ski","og_description":"Regeneracja katalizator\u00f3w i filtr\u00f3w DPF Jastrz\u0119bie-Zdr\u00f3j jest jedn\u0105 z wykonywanych przez us\u0142ug, sprzedajemy r\u00f3wnie\u017c cz\u0119\u015bci uk\u0142ad\u00f3w wydechowych","og_url":"https:\/\/kalinski.pl\/serwis\/regeneracja-katalizatorow-i-filtrow-dpf-jastrzebie-zdroj\/","og_site_name":"Kali\u0144ski","og_image":[{"url":"https:\/\/kalinski.pl\/wp-content\/uploads\/Filtry_Kalinski-1-1110x303.png","type":"","width":"","height":""}],"twitter_card":"summary_large_image","twitter_misc":{"Szacowany czas czytania":"2 minuty"},"schema":{"@context":"https:\/\/schema.org","@graph":[{"@type":"WebPage","@id":"https:\/\/kalinski.pl\/serwis\/regeneracja-katalizatorow-i-filtrow-dpf-jastrzebie-zdroj\/","url":"https:\/\/kalinski.pl\/serwis\/regeneracja-katalizatorow-i-filtrow-dpf-jastrzebie-zdroj\/","name":"Regeneracja katalizator\u00f3w i filtr\u00f3w DPF Jastrz\u0119bie-Zdr\u00f3j | Kali\u0144ski","isPartOf":{"@id":"https:\/\/kalinski.pl\/serwis\/#website"},"primaryImageOfPage":{"@id":"https:\/\/kalinski.pl\/serwis\/regeneracja-katalizatorow-i-filtrow-dpf-jastrzebie-zdroj\/#primaryimage"},"image":{"@id":"https:\/\/kalinski.pl\/serwis\/regeneracja-katalizatorow-i-filtrow-dpf-jastrzebie-zdroj\/#primaryimage"},"thumbnailUrl":"https:\/\/kalinski.pl\/wp-content\/uploads\/Filtry_Kalinski-1-1110x303.png","datePublished":"2020-12-02T10:55:27+00:00","description":"Regeneracja katalizator\u00f3w i filtr\u00f3w DPF Jastrz\u0119bie-Zdr\u00f3j jest jedn\u0105 z wykonywanych przez us\u0142ug, sprzedajemy r\u00f3wnie\u017c cz\u0119\u015bci uk\u0142ad\u00f3w wydechowych","breadcrumb":{"@id":"https:\/\/kalinski.pl\/serwis\/regeneracja-katalizatorow-i-filtrow-dpf-jastrzebie-zdroj\/#breadcrumb"},"inLanguage":"pl-PL","potentialAction":[{"@type":"ReadAction","target":["https:\/\/kalinski.pl\/serwis\/regeneracja-katalizatorow-i-filtrow-dpf-jastrzebie-zdroj\/"]}]},{"@type":"ImageObject","inLanguage":"pl-PL","@id":"https:\/\/kalinski.pl\/serwis\/regeneracja-katalizatorow-i-filtrow-dpf-jastrzebie-zdroj\/#primaryimage","url":"https:\/\/kalinski.pl\/wp-content\/uploads\/Filtry_Kalinski-1-1110x303.png","contentUrl":"https:\/\/kalinski.pl\/wp-content\/uploads\/Filtry_Kalinski-1-1110x303.png"},{"@type":"BreadcrumbList","@id":"https:\/\/kalinski.pl\/serwis\/regeneracja-katalizatorow-i-filtrow-dpf-jastrzebie-zdroj\/#breadcrumb","itemListElement":[{"@type":"ListItem","position":1,"name":"Strona g\u0142\u00f3wna","item":"https:\/\/kalinski.pl\/serwis\/"},{"@type":"ListItem","position":2,"name":"Regeneracja katalizator\u00f3w i filtr\u00f3w DPF Jastrz\u0119bie-Zdr\u00f3j"}]},{"@type":"WebSite","@id":"https:\/\/kalinski.pl\/serwis\/#website","url":"https:\/\/kalinski.pl\/serwis\/","name":"Kali\u0144ski","description":"Uk\u0142ady wydechowe","publisher":{"@id":"https:\/\/kalinski.pl\/serwis\/#organization"},"potentialAction":[{"@type":"SearchAction","target":{"@type":"EntryPoint","urlTemplate":"https:\/\/kalinski.pl\/serwis\/?s={search_term_string}"},"query-input":{"@type":"PropertyValueSpecification","valueRequired":true,"valueName":"search_term_string"}}],"inLanguage":"pl-PL"},{"@type":"Organization","@id":"https:\/\/kalinski.pl\/serwis\/#organization","name":"Kali\u0144ski","url":"https:\/\/kalinski.pl\/serwis\/","logo":{"@type":"ImageObject","inLanguage":"pl-PL","@id":"https:\/\/kalinski.pl\/serwis\/#\/schema\/logo\/image\/","url":"https:\/\/kalinski.pl\/serwis\/wp-content\/uploads\/2019\/03\/cropped-logo_white.jpg","contentUrl":"https:\/\/kalinski.pl\/serwis\/wp-content\/uploads\/2019\/03\/cropped-logo_white.jpg","width":240,"height":63,"caption":"Kali\u0144ski"},"image":{"@id":"https:\/\/kalinski.pl\/serwis\/#\/schema\/logo\/image\/"}}]}},"_links":{"self":[{"href":"https:\/\/kalinski.pl\/serwis\/wp-json\/wp\/v2\/pages\/2831","targetHints":{"allow":["GET"]}}],"collection":[{"href":"https:\/\/kalinski.pl\/serwis\/wp-json\/wp\/v2\/pages"}],"about":[{"href":"https:\/\/kalinski.pl\/serwis\/wp-json\/wp\/v2\/types\/page"}],"author":[{"embeddable":true,"href":"https:\/\/kalinski.pl\/serwis\/wp-json\/wp\/v2\/users\/821795"}],"replies":[{"embeddable":true,"href":"https:\/\/kalinski.pl\/serwis\/wp-json\/wp\/v2\/comments?post=2831"}],"version-history":[{"count":0,"href":"https:\/\/kalinski.pl\/serwis\/wp-json\/wp\/v2\/pages\/2831\/revisions"}],"wp:attachment":[{"href":"https:\/\/kalinski.pl\/serwis\/wp-json\/wp\/v2\/media?parent=2831"}],"curies":[{"name":"wp","href":"https:\/\/api.w.org\/{rel}","templated":true}]}}