{"id":2829,"date":"2020-12-02T11:32:04","date_gmt":"2020-12-02T10:32:04","guid":{"rendered":"https:\/\/kalinski.pl\/?page_id=2829"},"modified":"2020-12-02T11:32:04","modified_gmt":"2020-12-02T10:32:04","slug":"regeneracja-katalizatorow-i-filtrow-dpf-elk","status":"publish","type":"page","link":"https:\/\/kalinski.pl\/serwis\/regeneracja-katalizatorow-i-filtrow-dpf-elk\/","title":{"rendered":"Regeneracja katalizator\u00f3w i filtr\u00f3w DPF E\u0142k"},"content":{"rendered":"\r\n<div class=\"wp-block-image\">\r\n<figure class=\"aligncenter size-large\"><img fetchpriority=\"high\" decoding=\"async\" width=\"1110\" height=\"303\" class=\"wp-image-1568\" src=\"https:\/\/kalinski.pl\/wp-content\/uploads\/Filtry_Kalinski-1-1110x303.png\" alt=\"\"><\/figure>\r\n<\/div>\r\n\r\n\r\n<p style=\"text-align: justify; margin-top: 25px;\">Cykliczne serwisowanie stanowi absolutn\u0105 konieczno\u015b\u0107 w sytuacji, gdy dany pojazd jest intensywnie eksploatowany. Wspomniany wym\u00f3g dotyczy przede wszystkim element\u00f3w uk\u0142adu silnikowo-wydechowego. Je\u017celi bowiem katalizator lub filtr cz\u0105stek sta\u0142ych utraci swoj\u0105 przepustowo\u015b\u0107, szybko prze\u0142o\u017cy si\u0119 to na prac\u0119 silnika. Na szcz\u0119\u015bcie wymiana takich element\u00f3w nie zawsze jest konieczna. Zazwyczaj mo\u017cna je podda\u0107 bardziej ekonomicznemu procesowi regeneracji.<\/p>\r\n\r\n\r\n\r\n<p style=\"text-align: justify;\">G\u0142\u00f3wnym \u017ar\u00f3d\u0142em problem\u00f3w z uk\u0142adem wydechowym s\u0105 drobinki sadzy i inne zanieczyszczenia powstaj\u0105ce przy spalaniu paliwa. Pocz\u0105tkowo odk\u0142adaj\u0105 si\u0119 one we wk\u0142adach filtr\u00f3w oraz katalizator\u00f3w, co z czasem prowadzi do zapchania tych element\u00f3w. Gdy ju\u017c do tego dojdzie, szybkim rozwi\u0105zaniem problemu b\u0119dzie <strong>czyszczenie katalizator\u00f3w E\u0142k<\/strong> lub <strong>czyszczenie DPF E\u0142k.<\/strong><\/p>\r\n\r\n\r\n\r\n<p style=\"text-align: justify;\"><strong>Regeneracja katalizator\u00f3w E\u0142k<\/strong> polega na wymianie zabrudzonego wk\u0142adu. Taka metoda sprawdza si\u0119 we wszystkich egzemplarzach przeznaczonych do monta\u017cu w samochodach osobowych. Inaczej jest w przypadku katalizator\u00f3w do aut ci\u0119\u017carowych. Nasza firma korzysta ze specjalistycznej maszyny Hartridge, kt\u00f3ra pozwala nam na czyszczenie takich element\u00f3w. Najpierw pr\u00f3bujemy usun\u0105\u0107 zanieczyszczenia przy u\u017cyciu powietrza pod ci\u015bnieniem. Je\u017celi zabrudzenia s\u0105 wyj\u0105tkowo du\u017ce, uzupe\u0142niamy proces regeneracji o <strong>wypalanie katalizator\u00f3w E\u0142k.<\/strong> W ten spos\u00f3b mamy pewno\u015b\u0107, \u017ce wszelkie nieczysto\u015bci zostan\u0105 usuni\u0119te z wn\u0119trza danego egzemplarza.<\/p>\r\n\r\n\r\n<p style=\"text-align: justify;\"><strong>Regeneracja DPF E\u0142k<\/strong> r\u00f3wnie\u017c obejmuje jedn\u0105 z dw\u00f3ch wymienionych czynno\u015bci \u2013 wymian\u0119 wk\u0142adu lub czyszczenie. Wyb\u00f3r metody zale\u017cy od stanu przekazanego filtru. Warto r\u00f3wnie\u017c pami\u0119ta\u0107, \u017ce regeneracja jest mo\u017cliwa jedynie w przypadku sprawnych mechanicznie cz\u0119\u015bci. Uszkodzone filtry oraz katalizatory nie kwalifikuj\u0105 si\u0119 do tej us\u0142ugi. Nasza firma prowadzi obecnie dzia\u0142alno\u015b\u0107 wysy\u0142kow\u0105. Dzi\u0119ki temu mieszka\u0144cy E\u0142ku i innych miejscowo\u015bci mog\u0105 uzyska\u0107 \u0142atwy dost\u0119p do ca\u0142ego asortymentu marki Kali\u0144ski. Je\u017celi chcieliby Pa\u0144stwo odwiedzi\u0107 nasz\u0105 plac\u00f3wk\u0119, mie\u015bci si\u0119 ona w Chybach ko\u0142o Poznania. Zapraszamy do skorzystania z naszej oferty.<\/p>\r\n\r\n\r\n<div class=\"wp-block-columns is-layout-flex wp-container-core-columns-is-layout-1 wp-block-columns-is-layout-flex\">\r\n<div class=\"wp-block-column is-layout-flow wp-block-column-is-layout-flow\">\r\n<p><strong>Kali\u0144ski<\/strong><\/p>\r\n\r\n\r\n<p>ul. Szamotulska 40<\/p>\r\n\r\n\r\n<p>62-081 Chyby \/ Pozna\u0144<\/p>\r\n\r\n\r\n<p><strong>Sklep internetowy<\/strong><\/p>\r\n\r\n\r\n<p><a href=\"tel:0048691545545\">+48 691 545 545<\/a><\/p>\r\n\r\n\r\n<p><a>sklep@kalinski.pl<\/a><\/p>\r\n\r\n\r\n<p class=\"k_telb\"><strong>Serwis stacjonarny<\/strong><\/p>\r\n<p class=\"k_tel\"><a class=\"phone\" href=\"tel:004861 8142777\">+48 61 814 27 77<\/a><\/p>\r\n<p class=\"k_tel\"><a class=\"mailto-link\" data-enc-email=\"frejvf[at]xnyvafxv.cy\" data-wpel-link=\"ignore\"><span id=\"eeb-99214-899952\">serwis@kalinski.pl<\/span><\/a><\/p>\r\n<\/div>\r\n\r\n\r\n<div class=\"wp-block-column is-layout-flow wp-block-column-is-layout-flow\"> [contact-form-7 id=&#8221;2271&#8243; title=&#8221;Formularz 1_copy&#8221;] \r\n<\/div>\r\n<\/div>\r\n\r\n\r\n<p><iframe style=\"border: 0;\" tabindex=\"0\" src=\"https:\/\/www.google.com\/maps\/embed?pb=!1m14!1m8!1m3!1d2891.0189752303836!2d16.761502335364135!3d52.46016731732493!3m2!1i1024!2i768!4f13.1!3m3!1m2!1s0x470441321c9562cb%3A0xee0284f60b138572!2sSzamotulska%2040%2C%2062-081%20Chyby!5e0!3m2!1spl!2spl!4v1599035144301!5m2!1spl!2spl\" width=\"100%\" height=\"450\" frameborder=\"0\" allowfullscreen=\"allowfullscreen\" aria-hidden=\"false\"><\/iframe><\/p>\r\n\r\n","protected":false},"excerpt":{"rendered":"<p>Cykliczne serwisowanie stanowi absolutn\u0105 konieczno\u015b\u0107 w sytuacji, gdy dany pojazd jest intensywnie eksploatowany. Wspomniany wym\u00f3g dotyczy przede wszystkim element\u00f3w uk\u0142adu silnikowo-wydechowego. Je\u017celi bowiem katalizator lub filtr cz\u0105stek sta\u0142ych utraci swoj\u0105 przepustowo\u015b\u0107, szybko prze\u0142o\u017cy si\u0119 to na prac\u0119 silnika. Na szcz\u0119\u015bcie wymiana takich element\u00f3w nie zawsze jest konieczna. Zazwyczaj mo\u017cna je podda\u0107 bardziej ekonomicznemu procesowi regeneracji. &hellip; <a href=\"https:\/\/kalinski.pl\/serwis\/regeneracja-katalizatorow-i-filtrow-dpf-elk\/\" class=\"more-link\">Czytaj dalej<span class=\"screen-reader-text\"> Regeneracja katalizator\u00f3w i filtr\u00f3w DPF E\u0142k<\/span><\/a><\/p>\n","protected":false},"author":821795,"featured_media":0,"parent":0,"menu_order":0,"comment_status":"closed","ping_status":"closed","template":"","meta":{"footnotes":""},"class_list":["post-2829","page","type-page","status-publish","hentry"],"yoast_head":"<!-- This site is optimized with the Yoast SEO plugin v26.7 - https:\/\/yoast.com\/wordpress\/plugins\/seo\/ -->\n<title>Regeneracja katalizator\u00f3w i filtr\u00f3w DPF E\u0142k | Kali\u0144ski<\/title>\n<meta name=\"description\" content=\"Wykonujemy nasze us\u0142ugi nie tylko stcjonarnie ale r\u00f3wnie\u017c wysy\u0142kowo, w tym m.in. jest regeneracja katalizator\u00f3w i filtr\u00f3w DPF E\u0142k\" \/>\n<meta name=\"robots\" content=\"index, follow, max-snippet:-1, max-image-preview:large, max-video-preview:-1\" \/>\n<link rel=\"canonical\" href=\"https:\/\/kalinski.pl\/serwis\/regeneracja-katalizatorow-i-filtrow-dpf-elk\/\" \/>\n<meta property=\"og:locale\" content=\"pl_PL\" \/>\n<meta property=\"og:type\" content=\"article\" \/>\n<meta property=\"og:title\" content=\"Regeneracja katalizator\u00f3w i filtr\u00f3w DPF E\u0142k | Kali\u0144ski\" \/>\n<meta property=\"og:description\" content=\"Wykonujemy nasze us\u0142ugi nie tylko stcjonarnie ale r\u00f3wnie\u017c wysy\u0142kowo, w tym m.in. jest regeneracja katalizator\u00f3w i filtr\u00f3w DPF E\u0142k\" \/>\n<meta property=\"og:url\" content=\"https:\/\/kalinski.pl\/serwis\/regeneracja-katalizatorow-i-filtrow-dpf-elk\/\" \/>\n<meta property=\"og:site_name\" content=\"Kali\u0144ski\" \/>\n<meta property=\"og:image\" content=\"https:\/\/kalinski.pl\/wp-content\/uploads\/Filtry_Kalinski-1-1110x303.png\" \/>\n<meta name=\"twitter:card\" content=\"summary_large_image\" \/>\n<meta name=\"twitter:label1\" content=\"Szacowany czas czytania\" \/>\n\t<meta name=\"twitter:data1\" content=\"2 minuty\" \/>\n<script type=\"application\/ld+json\" class=\"yoast-schema-graph\">{\"@context\":\"https:\/\/schema.org\",\"@graph\":[{\"@type\":\"WebPage\",\"@id\":\"https:\/\/kalinski.pl\/serwis\/regeneracja-katalizatorow-i-filtrow-dpf-elk\/\",\"url\":\"https:\/\/kalinski.pl\/serwis\/regeneracja-katalizatorow-i-filtrow-dpf-elk\/\",\"name\":\"Regeneracja katalizator\u00f3w i filtr\u00f3w DPF E\u0142k | Kali\u0144ski\",\"isPartOf\":{\"@id\":\"https:\/\/kalinski.pl\/serwis\/#website\"},\"primaryImageOfPage\":{\"@id\":\"https:\/\/kalinski.pl\/serwis\/regeneracja-katalizatorow-i-filtrow-dpf-elk\/#primaryimage\"},\"image\":{\"@id\":\"https:\/\/kalinski.pl\/serwis\/regeneracja-katalizatorow-i-filtrow-dpf-elk\/#primaryimage\"},\"thumbnailUrl\":\"https:\/\/kalinski.pl\/wp-content\/uploads\/Filtry_Kalinski-1-1110x303.png\",\"datePublished\":\"2020-12-02T10:32:04+00:00\",\"description\":\"Wykonujemy nasze us\u0142ugi nie tylko stcjonarnie ale r\u00f3wnie\u017c wysy\u0142kowo, w tym m.in. jest regeneracja katalizator\u00f3w i filtr\u00f3w DPF E\u0142k\",\"breadcrumb\":{\"@id\":\"https:\/\/kalinski.pl\/serwis\/regeneracja-katalizatorow-i-filtrow-dpf-elk\/#breadcrumb\"},\"inLanguage\":\"pl-PL\",\"potentialAction\":[{\"@type\":\"ReadAction\",\"target\":[\"https:\/\/kalinski.pl\/serwis\/regeneracja-katalizatorow-i-filtrow-dpf-elk\/\"]}]},{\"@type\":\"ImageObject\",\"inLanguage\":\"pl-PL\",\"@id\":\"https:\/\/kalinski.pl\/serwis\/regeneracja-katalizatorow-i-filtrow-dpf-elk\/#primaryimage\",\"url\":\"https:\/\/kalinski.pl\/wp-content\/uploads\/Filtry_Kalinski-1-1110x303.png\",\"contentUrl\":\"https:\/\/kalinski.pl\/wp-content\/uploads\/Filtry_Kalinski-1-1110x303.png\"},{\"@type\":\"BreadcrumbList\",\"@id\":\"https:\/\/kalinski.pl\/serwis\/regeneracja-katalizatorow-i-filtrow-dpf-elk\/#breadcrumb\",\"itemListElement\":[{\"@type\":\"ListItem\",\"position\":1,\"name\":\"Strona g\u0142\u00f3wna\",\"item\":\"https:\/\/kalinski.pl\/serwis\/\"},{\"@type\":\"ListItem\",\"position\":2,\"name\":\"Regeneracja katalizator\u00f3w i filtr\u00f3w DPF E\u0142k\"}]},{\"@type\":\"WebSite\",\"@id\":\"https:\/\/kalinski.pl\/serwis\/#website\",\"url\":\"https:\/\/kalinski.pl\/serwis\/\",\"name\":\"Kali\u0144ski\",\"description\":\"Uk\u0142ady wydechowe\",\"publisher\":{\"@id\":\"https:\/\/kalinski.pl\/serwis\/#organization\"},\"potentialAction\":[{\"@type\":\"SearchAction\",\"target\":{\"@type\":\"EntryPoint\",\"urlTemplate\":\"https:\/\/kalinski.pl\/serwis\/?s={search_term_string}\"},\"query-input\":{\"@type\":\"PropertyValueSpecification\",\"valueRequired\":true,\"valueName\":\"search_term_string\"}}],\"inLanguage\":\"pl-PL\"},{\"@type\":\"Organization\",\"@id\":\"https:\/\/kalinski.pl\/serwis\/#organization\",\"name\":\"Kali\u0144ski\",\"url\":\"https:\/\/kalinski.pl\/serwis\/\",\"logo\":{\"@type\":\"ImageObject\",\"inLanguage\":\"pl-PL\",\"@id\":\"https:\/\/kalinski.pl\/serwis\/#\/schema\/logo\/image\/\",\"url\":\"https:\/\/kalinski.pl\/serwis\/wp-content\/uploads\/2019\/03\/cropped-logo_white.jpg\",\"contentUrl\":\"https:\/\/kalinski.pl\/serwis\/wp-content\/uploads\/2019\/03\/cropped-logo_white.jpg\",\"width\":240,\"height\":63,\"caption\":\"Kali\u0144ski\"},\"image\":{\"@id\":\"https:\/\/kalinski.pl\/serwis\/#\/schema\/logo\/image\/\"}}]}<\/script>\n<!-- \/ Yoast SEO plugin. -->","yoast_head_json":{"title":"Regeneracja katalizator\u00f3w i filtr\u00f3w DPF E\u0142k | Kali\u0144ski","description":"Wykonujemy nasze us\u0142ugi nie tylko stcjonarnie ale r\u00f3wnie\u017c wysy\u0142kowo, w tym m.in. jest regeneracja katalizator\u00f3w i filtr\u00f3w DPF E\u0142k","robots":{"index":"index","follow":"follow","max-snippet":"max-snippet:-1","max-image-preview":"max-image-preview:large","max-video-preview":"max-video-preview:-1"},"canonical":"https:\/\/kalinski.pl\/serwis\/regeneracja-katalizatorow-i-filtrow-dpf-elk\/","og_locale":"pl_PL","og_type":"article","og_title":"Regeneracja katalizator\u00f3w i filtr\u00f3w DPF E\u0142k | Kali\u0144ski","og_description":"Wykonujemy nasze us\u0142ugi nie tylko stcjonarnie ale r\u00f3wnie\u017c wysy\u0142kowo, w tym m.in. jest regeneracja katalizator\u00f3w i filtr\u00f3w DPF E\u0142k","og_url":"https:\/\/kalinski.pl\/serwis\/regeneracja-katalizatorow-i-filtrow-dpf-elk\/","og_site_name":"Kali\u0144ski","og_image":[{"url":"https:\/\/kalinski.pl\/wp-content\/uploads\/Filtry_Kalinski-1-1110x303.png","type":"","width":"","height":""}],"twitter_card":"summary_large_image","twitter_misc":{"Szacowany czas czytania":"2 minuty"},"schema":{"@context":"https:\/\/schema.org","@graph":[{"@type":"WebPage","@id":"https:\/\/kalinski.pl\/serwis\/regeneracja-katalizatorow-i-filtrow-dpf-elk\/","url":"https:\/\/kalinski.pl\/serwis\/regeneracja-katalizatorow-i-filtrow-dpf-elk\/","name":"Regeneracja katalizator\u00f3w i filtr\u00f3w DPF E\u0142k | Kali\u0144ski","isPartOf":{"@id":"https:\/\/kalinski.pl\/serwis\/#website"},"primaryImageOfPage":{"@id":"https:\/\/kalinski.pl\/serwis\/regeneracja-katalizatorow-i-filtrow-dpf-elk\/#primaryimage"},"image":{"@id":"https:\/\/kalinski.pl\/serwis\/regeneracja-katalizatorow-i-filtrow-dpf-elk\/#primaryimage"},"thumbnailUrl":"https:\/\/kalinski.pl\/wp-content\/uploads\/Filtry_Kalinski-1-1110x303.png","datePublished":"2020-12-02T10:32:04+00:00","description":"Wykonujemy nasze us\u0142ugi nie tylko stcjonarnie ale r\u00f3wnie\u017c wysy\u0142kowo, w tym m.in. jest regeneracja katalizator\u00f3w i filtr\u00f3w DPF E\u0142k","breadcrumb":{"@id":"https:\/\/kalinski.pl\/serwis\/regeneracja-katalizatorow-i-filtrow-dpf-elk\/#breadcrumb"},"inLanguage":"pl-PL","potentialAction":[{"@type":"ReadAction","target":["https:\/\/kalinski.pl\/serwis\/regeneracja-katalizatorow-i-filtrow-dpf-elk\/"]}]},{"@type":"ImageObject","inLanguage":"pl-PL","@id":"https:\/\/kalinski.pl\/serwis\/regeneracja-katalizatorow-i-filtrow-dpf-elk\/#primaryimage","url":"https:\/\/kalinski.pl\/wp-content\/uploads\/Filtry_Kalinski-1-1110x303.png","contentUrl":"https:\/\/kalinski.pl\/wp-content\/uploads\/Filtry_Kalinski-1-1110x303.png"},{"@type":"BreadcrumbList","@id":"https:\/\/kalinski.pl\/serwis\/regeneracja-katalizatorow-i-filtrow-dpf-elk\/#breadcrumb","itemListElement":[{"@type":"ListItem","position":1,"name":"Strona g\u0142\u00f3wna","item":"https:\/\/kalinski.pl\/serwis\/"},{"@type":"ListItem","position":2,"name":"Regeneracja katalizator\u00f3w i filtr\u00f3w DPF E\u0142k"}]},{"@type":"WebSite","@id":"https:\/\/kalinski.pl\/serwis\/#website","url":"https:\/\/kalinski.pl\/serwis\/","name":"Kali\u0144ski","description":"Uk\u0142ady wydechowe","publisher":{"@id":"https:\/\/kalinski.pl\/serwis\/#organization"},"potentialAction":[{"@type":"SearchAction","target":{"@type":"EntryPoint","urlTemplate":"https:\/\/kalinski.pl\/serwis\/?s={search_term_string}"},"query-input":{"@type":"PropertyValueSpecification","valueRequired":true,"valueName":"search_term_string"}}],"inLanguage":"pl-PL"},{"@type":"Organization","@id":"https:\/\/kalinski.pl\/serwis\/#organization","name":"Kali\u0144ski","url":"https:\/\/kalinski.pl\/serwis\/","logo":{"@type":"ImageObject","inLanguage":"pl-PL","@id":"https:\/\/kalinski.pl\/serwis\/#\/schema\/logo\/image\/","url":"https:\/\/kalinski.pl\/serwis\/wp-content\/uploads\/2019\/03\/cropped-logo_white.jpg","contentUrl":"https:\/\/kalinski.pl\/serwis\/wp-content\/uploads\/2019\/03\/cropped-logo_white.jpg","width":240,"height":63,"caption":"Kali\u0144ski"},"image":{"@id":"https:\/\/kalinski.pl\/serwis\/#\/schema\/logo\/image\/"}}]}},"_links":{"self":[{"href":"https:\/\/kalinski.pl\/serwis\/wp-json\/wp\/v2\/pages\/2829","targetHints":{"allow":["GET"]}}],"collection":[{"href":"https:\/\/kalinski.pl\/serwis\/wp-json\/wp\/v2\/pages"}],"about":[{"href":"https:\/\/kalinski.pl\/serwis\/wp-json\/wp\/v2\/types\/page"}],"author":[{"embeddable":true,"href":"https:\/\/kalinski.pl\/serwis\/wp-json\/wp\/v2\/users\/821795"}],"replies":[{"embeddable":true,"href":"https:\/\/kalinski.pl\/serwis\/wp-json\/wp\/v2\/comments?post=2829"}],"version-history":[{"count":0,"href":"https:\/\/kalinski.pl\/serwis\/wp-json\/wp\/v2\/pages\/2829\/revisions"}],"wp:attachment":[{"href":"https:\/\/kalinski.pl\/serwis\/wp-json\/wp\/v2\/media?parent=2829"}],"curies":[{"name":"wp","href":"https:\/\/api.w.org\/{rel}","templated":true}]}}