{"id":2824,"date":"2020-12-02T11:23:19","date_gmt":"2020-12-02T10:23:19","guid":{"rendered":"https:\/\/kalinski.pl\/?page_id=2824"},"modified":"2020-12-02T11:23:19","modified_gmt":"2020-12-02T10:23:19","slug":"regeneracja-katalizatorow-i-filtrow-dpf-chrzanow","status":"publish","type":"page","link":"https:\/\/kalinski.pl\/serwis\/regeneracja-katalizatorow-i-filtrow-dpf-chrzanow\/","title":{"rendered":"Regeneracja katalizator\u00f3w i filtr\u00f3w DPF Chrzan\u00f3w"},"content":{"rendered":"\r\n<div class=\"wp-block-image\">\r\n<figure class=\"aligncenter size-large\"><img fetchpriority=\"high\" decoding=\"async\" width=\"1110\" height=\"303\" class=\"wp-image-1568\" src=\"https:\/\/kalinski.pl\/wp-content\/uploads\/Filtry_Kalinski-1-1110x303.png\" alt=\"\"><\/figure>\r\n<\/div>\r\n\r\n\r\n<p style=\"text-align: justify; margin-top: 25px;\">Filtr cz\u0105stek sta\u0142ych oraz katalizator to dwa elementy odpowiedzialne za szeroko rozumiane oczyszczanie spalin. Ich rola w funkcjonowaniu uk\u0142adu wydechowego jest wi\u0119c naprawd\u0119 wa\u017cna. Niestety, przez to wspomniane cz\u0119\u015bci s\u0105 podatne na szybkie zu\u017cycie. Przy spalaniu paliwa powstaj\u0105 bowiem drobinki popio\u0142u i sadzy, kt\u00f3re mog\u0105 zatka\u0107 filtr lub katalizator. Je\u017celi do tego dojdzie, dana cz\u0119\u015b\u0107 utraci swoj\u0105 przepustowo\u015b\u0107. Na szcz\u0119\u015bcie to nie oznacza, \u017ce b\u0119dzie ona nadawa\u0107 si\u0119 ju\u017c tylko do wyrzucenia.<\/p>\r\n\r\n\r\n\r\n<p style=\"text-align: justify;\">Firma Kali\u0144ski specjalizuje si\u0119 w us\u0142ugach regeneracji katalizator\u00f3w, a tak\u017ce filtr\u00f3w cz\u0105stek sta\u0142ych. Co warto wiedzie\u0107 o tych procesach? Ot\u00f3\u017c regeneracja katalizator\u00f3w Chrzan\u00f3w oraz regeneracja filtr\u00f3w DPF Chrzan\u00f3w ma dok\u0142adnie ten sam cel. Jest nim usuni\u0119cie zabrudze\u0144 zgromadzonych we wn\u0119trzu danego egzemplarza. Zdecydowana wi\u0119kszo\u015b\u0107 takich nieczysto\u015bci zalega we wk\u0142adzie filtra lub katalizatora, dlatego ich usuni\u0119cie przywraca poprawny poziom przepustowo\u015bci.<\/p>\r\n\r\n\r\n\r\n<p style=\"text-align: justify;\">Tote\u017c nasza firma najpierw ocenia stan przekazanego elementu. Je\u017celi jego wk\u0142ad jest naprawd\u0119 mocno zanieczyszczony, najlepszym rozwi\u0105zaniem b\u0119dzie jego wymiana. Takie rozwi\u0105zanie stosujemy g\u0142\u00f3wnie w przypadku katalizator\u00f3w wyci\u0105gni\u0119tych z aut osobowych. Alternatywn\u0105 metod\u0105 jest czyszczenie katalizator\u00f3w Chrzan\u00f3w i czyszczenie DPF Chrzan\u00f3w. Aby wykona\u0107 tak\u0105 us\u0142ug\u0119, u\u017cywamy profesjonalnej maszyny od firmy Hartridge. Dzi\u0119ki niej mo\u017cemy usun\u0105\u0107 wi\u0119kszo\u015b\u0107 zanieczyszcze\u0144 za spraw\u0105 silnego strumienia powietrza pod ci\u015bnieniem. Przy bardziej wymagaj\u0105cych zleceniach najpierw decydujemy si\u0119 na wypalanie katalizator\u00f3w Chrzan\u00f3w, a nast\u0119pnie usuwamy wysuszone zabrudzenia strumieniem powietrza.<\/p>\r\n\r\n\r\n<p style=\"text-align: justify;\">Co wa\u017cne, przed zako\u0144czeniem ka\u017cdej regeneracji wykonujemy test przepustowo\u015bci i sprawdzamy, czy przekazany egzemplarz odzyska\u0142 pe\u0142n\u0105 funkcjonalno\u015b\u0107. Nasza siedziba mie\u015bci si\u0119 nieopodal Poznania, ale za spraw\u0105 dzia\u0142alno\u015bci wysy\u0142kowej \u2013 wszystkie zainteresowane osoby mog\u0105 skorzysta\u0107 z naszych us\u0142ug. Serdecznie zapraszamy do zapoznania si\u0119 z pe\u0142n\u0105 ofert\u0105 firmy Kali\u0144ski.<\/p>\r\n\r\n\r\n<div class=\"wp-block-columns is-layout-flex wp-container-core-columns-is-layout-1 wp-block-columns-is-layout-flex\">\r\n<div class=\"wp-block-column is-layout-flow wp-block-column-is-layout-flow\">\r\n<p><strong>Kali\u0144ski<\/strong><\/p>\r\n\r\n\r\n<p>ul. Szamotulska 40<\/p>\r\n\r\n\r\n<p>62-081 Chyby \/ Pozna\u0144<\/p>\r\n\r\n\r\n<p><strong>Sklep internetowy<\/strong><\/p>\r\n\r\n\r\n<p><a href=\"tel:0048691545545\">+48 691 545 545<\/a><\/p>\r\n\r\n\r\n<p><a>sklep@kalinski.pl<\/a><\/p>\r\n\r\n\r\n<p class=\"k_telb\"><strong>Serwis stacjonarny<\/strong><\/p>\r\n<p class=\"k_tel\"><a class=\"phone\" href=\"tel:004861 8142777\">+48 61 814 27 77<\/a><\/p>\r\n<p class=\"k_tel\"><a class=\"mailto-link\" data-enc-email=\"frejvf[at]xnyvafxv.cy\" data-wpel-link=\"ignore\"><span id=\"eeb-99214-899952\">serwis@kalinski.pl<\/span><\/a><\/p>\r\n<\/div>\r\n\r\n\r\n<div class=\"wp-block-column is-layout-flow wp-block-column-is-layout-flow\"> [contact-form-7 id=&#8221;2271&#8243; title=&#8221;Formularz 1_copy&#8221;] \r\n<\/div>\r\n<\/div>\r\n\r\n\r\n<p><iframe style=\"border: 0;\" tabindex=\"0\" src=\"https:\/\/www.google.com\/maps\/embed?pb=!1m14!1m8!1m3!1d2891.0189752303836!2d16.761502335364135!3d52.46016731732493!3m2!1i1024!2i768!4f13.1!3m3!1m2!1s0x470441321c9562cb%3A0xee0284f60b138572!2sSzamotulska%2040%2C%2062-081%20Chyby!5e0!3m2!1spl!2spl!4v1599035144301!5m2!1spl!2spl\" width=\"100%\" height=\"450\" frameborder=\"0\" allowfullscreen=\"allowfullscreen\" aria-hidden=\"false\"><\/iframe><\/p>\r\n\r\n","protected":false},"excerpt":{"rendered":"<p>Filtr cz\u0105stek sta\u0142ych oraz katalizator to dwa elementy odpowiedzialne za szeroko rozumiane oczyszczanie spalin. Ich rola w funkcjonowaniu uk\u0142adu wydechowego jest wi\u0119c naprawd\u0119 wa\u017cna. Niestety, przez to wspomniane cz\u0119\u015bci s\u0105 podatne na szybkie zu\u017cycie. Przy spalaniu paliwa powstaj\u0105 bowiem drobinki popio\u0142u i sadzy, kt\u00f3re mog\u0105 zatka\u0107 filtr lub katalizator. Je\u017celi do tego dojdzie, dana cz\u0119\u015b\u0107 &hellip; <a href=\"https:\/\/kalinski.pl\/serwis\/regeneracja-katalizatorow-i-filtrow-dpf-chrzanow\/\" class=\"more-link\">Czytaj dalej<span class=\"screen-reader-text\"> Regeneracja katalizator\u00f3w i filtr\u00f3w DPF Chrzan\u00f3w<\/span><\/a><\/p>\n","protected":false},"author":821795,"featured_media":0,"parent":0,"menu_order":0,"comment_status":"closed","ping_status":"closed","template":"","meta":{"footnotes":""},"class_list":["post-2824","page","type-page","status-publish","hentry"],"yoast_head":"<!-- This site is optimized with the Yoast SEO plugin v26.7 - https:\/\/yoast.com\/wordpress\/plugins\/seo\/ -->\n<title>Regeneracja katalizator\u00f3w i filtr\u00f3w DPF Chrzan\u00f3w | Kali\u0144ski<\/title>\n<meta name=\"description\" content=\"\u015awiadczymy wiele us\u0142ug, w tym m.in. jest regeneracja katalizator\u00f3w i filtr\u00f3w DPF Chrzan\u00f3woraz sprzedajemy te\u017c produkty do uk\u0142ad\u00f3w wydechowych.\" \/>\n<meta name=\"robots\" content=\"index, follow, max-snippet:-1, max-image-preview:large, max-video-preview:-1\" \/>\n<link rel=\"canonical\" href=\"https:\/\/kalinski.pl\/serwis\/regeneracja-katalizatorow-i-filtrow-dpf-chrzanow\/\" \/>\n<meta property=\"og:locale\" content=\"pl_PL\" \/>\n<meta property=\"og:type\" content=\"article\" \/>\n<meta property=\"og:title\" content=\"Regeneracja katalizator\u00f3w i filtr\u00f3w DPF Chrzan\u00f3w | Kali\u0144ski\" \/>\n<meta property=\"og:description\" content=\"\u015awiadczymy wiele us\u0142ug, w tym m.in. jest regeneracja katalizator\u00f3w i filtr\u00f3w DPF Chrzan\u00f3woraz sprzedajemy te\u017c produkty do uk\u0142ad\u00f3w wydechowych.\" \/>\n<meta property=\"og:url\" content=\"https:\/\/kalinski.pl\/serwis\/regeneracja-katalizatorow-i-filtrow-dpf-chrzanow\/\" \/>\n<meta property=\"og:site_name\" content=\"Kali\u0144ski\" \/>\n<meta property=\"og:image\" content=\"https:\/\/kalinski.pl\/wp-content\/uploads\/Filtry_Kalinski-1-1110x303.png\" \/>\n<meta name=\"twitter:card\" content=\"summary_large_image\" \/>\n<meta name=\"twitter:label1\" content=\"Szacowany czas czytania\" \/>\n\t<meta name=\"twitter:data1\" content=\"2 minuty\" \/>\n<script type=\"application\/ld+json\" class=\"yoast-schema-graph\">{\"@context\":\"https:\/\/schema.org\",\"@graph\":[{\"@type\":\"WebPage\",\"@id\":\"https:\/\/kalinski.pl\/serwis\/regeneracja-katalizatorow-i-filtrow-dpf-chrzanow\/\",\"url\":\"https:\/\/kalinski.pl\/serwis\/regeneracja-katalizatorow-i-filtrow-dpf-chrzanow\/\",\"name\":\"Regeneracja katalizator\u00f3w i filtr\u00f3w DPF Chrzan\u00f3w | Kali\u0144ski\",\"isPartOf\":{\"@id\":\"https:\/\/kalinski.pl\/serwis\/#website\"},\"primaryImageOfPage\":{\"@id\":\"https:\/\/kalinski.pl\/serwis\/regeneracja-katalizatorow-i-filtrow-dpf-chrzanow\/#primaryimage\"},\"image\":{\"@id\":\"https:\/\/kalinski.pl\/serwis\/regeneracja-katalizatorow-i-filtrow-dpf-chrzanow\/#primaryimage\"},\"thumbnailUrl\":\"https:\/\/kalinski.pl\/wp-content\/uploads\/Filtry_Kalinski-1-1110x303.png\",\"datePublished\":\"2020-12-02T10:23:19+00:00\",\"description\":\"\u015awiadczymy wiele us\u0142ug, w tym m.in. jest regeneracja katalizator\u00f3w i filtr\u00f3w DPF Chrzan\u00f3woraz sprzedajemy te\u017c produkty do uk\u0142ad\u00f3w wydechowych.\",\"breadcrumb\":{\"@id\":\"https:\/\/kalinski.pl\/serwis\/regeneracja-katalizatorow-i-filtrow-dpf-chrzanow\/#breadcrumb\"},\"inLanguage\":\"pl-PL\",\"potentialAction\":[{\"@type\":\"ReadAction\",\"target\":[\"https:\/\/kalinski.pl\/serwis\/regeneracja-katalizatorow-i-filtrow-dpf-chrzanow\/\"]}]},{\"@type\":\"ImageObject\",\"inLanguage\":\"pl-PL\",\"@id\":\"https:\/\/kalinski.pl\/serwis\/regeneracja-katalizatorow-i-filtrow-dpf-chrzanow\/#primaryimage\",\"url\":\"https:\/\/kalinski.pl\/wp-content\/uploads\/Filtry_Kalinski-1-1110x303.png\",\"contentUrl\":\"https:\/\/kalinski.pl\/wp-content\/uploads\/Filtry_Kalinski-1-1110x303.png\"},{\"@type\":\"BreadcrumbList\",\"@id\":\"https:\/\/kalinski.pl\/serwis\/regeneracja-katalizatorow-i-filtrow-dpf-chrzanow\/#breadcrumb\",\"itemListElement\":[{\"@type\":\"ListItem\",\"position\":1,\"name\":\"Strona g\u0142\u00f3wna\",\"item\":\"https:\/\/kalinski.pl\/serwis\/\"},{\"@type\":\"ListItem\",\"position\":2,\"name\":\"Regeneracja katalizator\u00f3w i filtr\u00f3w DPF Chrzan\u00f3w\"}]},{\"@type\":\"WebSite\",\"@id\":\"https:\/\/kalinski.pl\/serwis\/#website\",\"url\":\"https:\/\/kalinski.pl\/serwis\/\",\"name\":\"Kali\u0144ski\",\"description\":\"Uk\u0142ady wydechowe\",\"publisher\":{\"@id\":\"https:\/\/kalinski.pl\/serwis\/#organization\"},\"potentialAction\":[{\"@type\":\"SearchAction\",\"target\":{\"@type\":\"EntryPoint\",\"urlTemplate\":\"https:\/\/kalinski.pl\/serwis\/?s={search_term_string}\"},\"query-input\":{\"@type\":\"PropertyValueSpecification\",\"valueRequired\":true,\"valueName\":\"search_term_string\"}}],\"inLanguage\":\"pl-PL\"},{\"@type\":\"Organization\",\"@id\":\"https:\/\/kalinski.pl\/serwis\/#organization\",\"name\":\"Kali\u0144ski\",\"url\":\"https:\/\/kalinski.pl\/serwis\/\",\"logo\":{\"@type\":\"ImageObject\",\"inLanguage\":\"pl-PL\",\"@id\":\"https:\/\/kalinski.pl\/serwis\/#\/schema\/logo\/image\/\",\"url\":\"https:\/\/kalinski.pl\/serwis\/wp-content\/uploads\/2019\/03\/cropped-logo_white.jpg\",\"contentUrl\":\"https:\/\/kalinski.pl\/serwis\/wp-content\/uploads\/2019\/03\/cropped-logo_white.jpg\",\"width\":240,\"height\":63,\"caption\":\"Kali\u0144ski\"},\"image\":{\"@id\":\"https:\/\/kalinski.pl\/serwis\/#\/schema\/logo\/image\/\"}}]}<\/script>\n<!-- \/ Yoast SEO plugin. -->","yoast_head_json":{"title":"Regeneracja katalizator\u00f3w i filtr\u00f3w DPF Chrzan\u00f3w | Kali\u0144ski","description":"\u015awiadczymy wiele us\u0142ug, w tym m.in. jest regeneracja katalizator\u00f3w i filtr\u00f3w DPF Chrzan\u00f3woraz sprzedajemy te\u017c produkty do uk\u0142ad\u00f3w wydechowych.","robots":{"index":"index","follow":"follow","max-snippet":"max-snippet:-1","max-image-preview":"max-image-preview:large","max-video-preview":"max-video-preview:-1"},"canonical":"https:\/\/kalinski.pl\/serwis\/regeneracja-katalizatorow-i-filtrow-dpf-chrzanow\/","og_locale":"pl_PL","og_type":"article","og_title":"Regeneracja katalizator\u00f3w i filtr\u00f3w DPF Chrzan\u00f3w | Kali\u0144ski","og_description":"\u015awiadczymy wiele us\u0142ug, w tym m.in. jest regeneracja katalizator\u00f3w i filtr\u00f3w DPF Chrzan\u00f3woraz sprzedajemy te\u017c produkty do uk\u0142ad\u00f3w wydechowych.","og_url":"https:\/\/kalinski.pl\/serwis\/regeneracja-katalizatorow-i-filtrow-dpf-chrzanow\/","og_site_name":"Kali\u0144ski","og_image":[{"url":"https:\/\/kalinski.pl\/wp-content\/uploads\/Filtry_Kalinski-1-1110x303.png","type":"","width":"","height":""}],"twitter_card":"summary_large_image","twitter_misc":{"Szacowany czas czytania":"2 minuty"},"schema":{"@context":"https:\/\/schema.org","@graph":[{"@type":"WebPage","@id":"https:\/\/kalinski.pl\/serwis\/regeneracja-katalizatorow-i-filtrow-dpf-chrzanow\/","url":"https:\/\/kalinski.pl\/serwis\/regeneracja-katalizatorow-i-filtrow-dpf-chrzanow\/","name":"Regeneracja katalizator\u00f3w i filtr\u00f3w DPF Chrzan\u00f3w | Kali\u0144ski","isPartOf":{"@id":"https:\/\/kalinski.pl\/serwis\/#website"},"primaryImageOfPage":{"@id":"https:\/\/kalinski.pl\/serwis\/regeneracja-katalizatorow-i-filtrow-dpf-chrzanow\/#primaryimage"},"image":{"@id":"https:\/\/kalinski.pl\/serwis\/regeneracja-katalizatorow-i-filtrow-dpf-chrzanow\/#primaryimage"},"thumbnailUrl":"https:\/\/kalinski.pl\/wp-content\/uploads\/Filtry_Kalinski-1-1110x303.png","datePublished":"2020-12-02T10:23:19+00:00","description":"\u015awiadczymy wiele us\u0142ug, w tym m.in. jest regeneracja katalizator\u00f3w i filtr\u00f3w DPF Chrzan\u00f3woraz sprzedajemy te\u017c produkty do uk\u0142ad\u00f3w wydechowych.","breadcrumb":{"@id":"https:\/\/kalinski.pl\/serwis\/regeneracja-katalizatorow-i-filtrow-dpf-chrzanow\/#breadcrumb"},"inLanguage":"pl-PL","potentialAction":[{"@type":"ReadAction","target":["https:\/\/kalinski.pl\/serwis\/regeneracja-katalizatorow-i-filtrow-dpf-chrzanow\/"]}]},{"@type":"ImageObject","inLanguage":"pl-PL","@id":"https:\/\/kalinski.pl\/serwis\/regeneracja-katalizatorow-i-filtrow-dpf-chrzanow\/#primaryimage","url":"https:\/\/kalinski.pl\/wp-content\/uploads\/Filtry_Kalinski-1-1110x303.png","contentUrl":"https:\/\/kalinski.pl\/wp-content\/uploads\/Filtry_Kalinski-1-1110x303.png"},{"@type":"BreadcrumbList","@id":"https:\/\/kalinski.pl\/serwis\/regeneracja-katalizatorow-i-filtrow-dpf-chrzanow\/#breadcrumb","itemListElement":[{"@type":"ListItem","position":1,"name":"Strona g\u0142\u00f3wna","item":"https:\/\/kalinski.pl\/serwis\/"},{"@type":"ListItem","position":2,"name":"Regeneracja katalizator\u00f3w i filtr\u00f3w DPF Chrzan\u00f3w"}]},{"@type":"WebSite","@id":"https:\/\/kalinski.pl\/serwis\/#website","url":"https:\/\/kalinski.pl\/serwis\/","name":"Kali\u0144ski","description":"Uk\u0142ady wydechowe","publisher":{"@id":"https:\/\/kalinski.pl\/serwis\/#organization"},"potentialAction":[{"@type":"SearchAction","target":{"@type":"EntryPoint","urlTemplate":"https:\/\/kalinski.pl\/serwis\/?s={search_term_string}"},"query-input":{"@type":"PropertyValueSpecification","valueRequired":true,"valueName":"search_term_string"}}],"inLanguage":"pl-PL"},{"@type":"Organization","@id":"https:\/\/kalinski.pl\/serwis\/#organization","name":"Kali\u0144ski","url":"https:\/\/kalinski.pl\/serwis\/","logo":{"@type":"ImageObject","inLanguage":"pl-PL","@id":"https:\/\/kalinski.pl\/serwis\/#\/schema\/logo\/image\/","url":"https:\/\/kalinski.pl\/serwis\/wp-content\/uploads\/2019\/03\/cropped-logo_white.jpg","contentUrl":"https:\/\/kalinski.pl\/serwis\/wp-content\/uploads\/2019\/03\/cropped-logo_white.jpg","width":240,"height":63,"caption":"Kali\u0144ski"},"image":{"@id":"https:\/\/kalinski.pl\/serwis\/#\/schema\/logo\/image\/"}}]}},"_links":{"self":[{"href":"https:\/\/kalinski.pl\/serwis\/wp-json\/wp\/v2\/pages\/2824","targetHints":{"allow":["GET"]}}],"collection":[{"href":"https:\/\/kalinski.pl\/serwis\/wp-json\/wp\/v2\/pages"}],"about":[{"href":"https:\/\/kalinski.pl\/serwis\/wp-json\/wp\/v2\/types\/page"}],"author":[{"embeddable":true,"href":"https:\/\/kalinski.pl\/serwis\/wp-json\/wp\/v2\/users\/821795"}],"replies":[{"embeddable":true,"href":"https:\/\/kalinski.pl\/serwis\/wp-json\/wp\/v2\/comments?post=2824"}],"version-history":[{"count":0,"href":"https:\/\/kalinski.pl\/serwis\/wp-json\/wp\/v2\/pages\/2824\/revisions"}],"wp:attachment":[{"href":"https:\/\/kalinski.pl\/serwis\/wp-json\/wp\/v2\/media?parent=2824"}],"curies":[{"name":"wp","href":"https:\/\/api.w.org\/{rel}","templated":true}]}}