{"id":2816,"date":"2020-12-02T10:00:11","date_gmt":"2020-12-02T09:00:11","guid":{"rendered":"https:\/\/kalinski.pl\/?page_id=2816"},"modified":"2020-12-02T10:00:11","modified_gmt":"2020-12-02T09:00:11","slug":"regeneracja-katalizatorow-i-filtrow-dpf-gniezno","status":"publish","type":"page","link":"https:\/\/kalinski.pl\/serwis\/regeneracja-katalizatorow-i-filtrow-dpf-gniezno\/","title":{"rendered":"Regeneracja katalizator\u00f3w i filtr\u00f3w DPF Gniezno"},"content":{"rendered":"\r\n<div class=\"wp-block-image\">\r\n<figure class=\"aligncenter size-large\"><img fetchpriority=\"high\" decoding=\"async\" width=\"1110\" height=\"303\" class=\"wp-image-1568\" src=\"https:\/\/kalinski.pl\/wp-content\/uploads\/Filtry_Kalinski-1-1110x303.png\" alt=\"\"><\/figure>\r\n<\/div>\r\n\r\n\r\n<p style=\"text-align: justify; margin-top: 25px;\">Nowoczesne samochody s\u0105 coraz doskonalsze pod wzgl\u0119dem konstrukcyjnym. Aby jednak w pe\u0142ni wykorzysta\u0107 ich potencja\u0142, nale\u017cy zadba\u0107 o regularne serwisowanie cz\u0119\u015bci. Niekt\u00f3re elementy s\u0105 bowiem w znacznie wi\u0119kszym stopniu nara\u017cone na zu\u017cycie. Idealnym tego przyk\u0142adem b\u0119d\u0105 cho\u0107by katalizatory oraz filtry cz\u0105stek sta\u0142ych. Obydwie wymienione cz\u0119\u015bci mog\u0105 straci\u0107 przepustowo\u015b\u0107 za spraw\u0105 zapchania spalinami. Na szcz\u0119\u015bcie regeneracja pozwala na przywr\u00f3cenie im pe\u0142nej sprawno\u015bci.<\/p>\r\n\r\n\r\n\r\n<p style=\"text-align: justify;\">Co istotne, proces ten mo\u017ce wygl\u0105da\u0107 dwojako. Je\u015bli chodzi o samochody osobowe, <strong>regeneracja katalizator\u00f3w Gniezno<\/strong> polega na wymianie wk\u0142adu znajduj\u0105cego si\u0119 we wn\u0119trzu zapchanego egzemplarza. Nowy wk\u0142ad jest ca\u0142kowicie czysty i zapewnia odpowiedni\u0105 przepustowo\u015b\u0107. Alternatywnym rozwi\u0105zaniem b\u0119dzie <strong>czyszczenie katalizator\u00f3w Gniezno,<\/strong> kt\u00f3re sprawdza si\u0119 przy egzemplarzach montowanych w pojazdach ci\u0119\u017carowych. Nasza firma wykorzystuje profesjonaln\u0105 maszyn\u0119 Hartridge do czyszczenia takich element\u00f3w. Podstawow\u0105 metod\u0105 pracy jest w\u00f3wczas u\u017cycie silnego strumienia powietrza pod ci\u015bnieniem, kt\u00f3re wydmuchuje osad i inne zanieczyszczenia. Gdy to nie wystarczy, przeprowadzamy <strong>wypalanie katalizator\u00f3w Gniezno<\/strong> w specjalnym piecu. Dzi\u0119ki wysokiej temperaturze wszelkie zabrudzenia staj\u0105 si\u0119 suche i w efekcie mo\u017cna je \u0142atwo usun\u0105\u0107 z wn\u0119trza katalizatora.<\/p>\r\n\r\n\r\n\r\n<p style=\"text-align: justify;\"><strong>Regeneracja DPF Gniezno<\/strong> wygl\u0105da bardzo podobnie. W przypadku filtr\u00f3w cz\u0105stek sta\u0142ych pr\u00f3bujemy najpierw wyczy\u015bci\u0107 dany element. Je\u017celi <strong>czyszczenie DPF Gniezno<\/strong> nie pomo\u017ce, wymieniamy wk\u0142ad filtra.<\/p>\r\n<p style=\"text-align: justify;\">Po zako\u0144czeniu regeneracji poddajemy cz\u0119\u015b\u0107 testowi, kt\u00f3ry ocenia poziom jej przepustowo\u015bci. Uzyskany wynik jest dla nas gwarancj\u0105, \u017ce regeneracja przebieg\u0142a poprawnie.<\/p>\r\n\r\n\r\n<p style=\"text-align: justify;\">Siedziba firmy Kali\u0144ski jest zlokalizowana w Chybach, a wi\u0119c tu\u017c obok Poznania. Mieszka\u0144cy Gniezna mog\u0105 zatem bez wi\u0119kszych problem\u00f3w pojawi\u0107 si\u0119 w naszej plac\u00f3wce. Je\u017celi nie maj\u0105 Pa\u0144stwo mo\u017cliwo\u015bci odwiedzenia naszego warsztatu, zapraszamy do skorzystania z oferty sprzeda\u017cy wysy\u0142kowej. Dzi\u0119ki niej mog\u0105 Pa\u0144stwo wygodnie i szybko zamawia\u0107 niezb\u0119dne cz\u0119\u015bci oraz podzespo\u0142y.<\/p>\r\n\r\n\r\n<div class=\"wp-block-columns is-layout-flex wp-container-core-columns-is-layout-1 wp-block-columns-is-layout-flex\">\r\n<div class=\"wp-block-column is-layout-flow wp-block-column-is-layout-flow\">\r\n<p><strong>Kali\u0144ski<\/strong><\/p>\r\n\r\n\r\n<p>ul. Szamotulska 40<\/p>\r\n\r\n\r\n<p>62-081 Chyby \/ Pozna\u0144<\/p>\r\n\r\n\r\n<p><strong>Sklep internetowy<\/strong><\/p>\r\n\r\n\r\n<p><a href=\"tel:0048691545545\">+48 691 545 545<\/a><\/p>\r\n\r\n\r\n<p><a>sklep@kalinski.pl<\/a><\/p>\r\n\r\n\r\n<p class=\"k_telb\"><strong>Serwis stacjonarny<\/strong><\/p>\r\n<p class=\"k_tel\"><a class=\"phone\" href=\"tel:004861 8142777\">+48 61 814 27 77<\/a><\/p>\r\n<p class=\"k_tel\"><a class=\"mailto-link\" data-enc-email=\"frejvf[at]xnyvafxv.cy\" data-wpel-link=\"ignore\"><span id=\"eeb-99214-899952\">serwis@kalinski.pl<\/span><\/a><\/p>\r\n<\/div>\r\n\r\n\r\n<div class=\"wp-block-column is-layout-flow wp-block-column-is-layout-flow\"> [contact-form-7 id=&#8221;2271&#8243; title=&#8221;Formularz 1_copy&#8221;] \r\n<\/div>\r\n<\/div>\r\n\r\n\r\n<p><iframe style=\"border: 0;\" tabindex=\"0\" src=\"https:\/\/www.google.com\/maps\/embed?pb=!1m14!1m8!1m3!1d2891.0189752303836!2d16.761502335364135!3d52.46016731732493!3m2!1i1024!2i768!4f13.1!3m3!1m2!1s0x470441321c9562cb%3A0xee0284f60b138572!2sSzamotulska%2040%2C%2062-081%20Chyby!5e0!3m2!1spl!2spl!4v1599035144301!5m2!1spl!2spl\" width=\"100%\" height=\"450\" frameborder=\"0\" allowfullscreen=\"allowfullscreen\" aria-hidden=\"false\"><\/iframe><\/p>\r\n\r\n","protected":false},"excerpt":{"rendered":"<p>Nowoczesne samochody s\u0105 coraz doskonalsze pod wzgl\u0119dem konstrukcyjnym. Aby jednak w pe\u0142ni wykorzysta\u0107 ich potencja\u0142, nale\u017cy zadba\u0107 o regularne serwisowanie cz\u0119\u015bci. Niekt\u00f3re elementy s\u0105 bowiem w znacznie wi\u0119kszym stopniu nara\u017cone na zu\u017cycie. Idealnym tego przyk\u0142adem b\u0119d\u0105 cho\u0107by katalizatory oraz filtry cz\u0105stek sta\u0142ych. Obydwie wymienione cz\u0119\u015bci mog\u0105 straci\u0107 przepustowo\u015b\u0107 za spraw\u0105 zapchania spalinami. Na szcz\u0119\u015bcie regeneracja &hellip; <a href=\"https:\/\/kalinski.pl\/serwis\/regeneracja-katalizatorow-i-filtrow-dpf-gniezno\/\" class=\"more-link\">Czytaj dalej<span class=\"screen-reader-text\"> Regeneracja katalizator\u00f3w i filtr\u00f3w DPF Gniezno<\/span><\/a><\/p>\n","protected":false},"author":821795,"featured_media":0,"parent":0,"menu_order":0,"comment_status":"closed","ping_status":"closed","template":"","meta":{"footnotes":""},"class_list":["post-2816","page","type-page","status-publish","hentry"],"yoast_head":"<!-- This site is optimized with the Yoast SEO plugin v26.7 - https:\/\/yoast.com\/wordpress\/plugins\/seo\/ -->\n<title>Regeneracja katalizator\u00f3w i filtr\u00f3w DPF Gniezno | Kali\u0144ski<\/title>\n<meta name=\"description\" content=\"W zakresie naszych us\u0142ug jest m.in. regeneracja katalizator\u00f3w oraz filtr\u00f3w cz\u0105stek sta\u0142ych Gniezno, ze wzgl\u0119du na wysy\u0142kowy system realizacji.\" \/>\n<meta name=\"robots\" content=\"index, follow, max-snippet:-1, max-image-preview:large, max-video-preview:-1\" \/>\n<link rel=\"canonical\" href=\"https:\/\/kalinski.pl\/serwis\/regeneracja-katalizatorow-i-filtrow-dpf-gniezno\/\" \/>\n<meta property=\"og:locale\" content=\"pl_PL\" \/>\n<meta property=\"og:type\" content=\"article\" \/>\n<meta property=\"og:title\" content=\"Regeneracja katalizator\u00f3w i filtr\u00f3w DPF Gniezno | Kali\u0144ski\" \/>\n<meta property=\"og:description\" content=\"W zakresie naszych us\u0142ug jest m.in. regeneracja katalizator\u00f3w oraz filtr\u00f3w cz\u0105stek sta\u0142ych Gniezno, ze wzgl\u0119du na wysy\u0142kowy system realizacji.\" \/>\n<meta property=\"og:url\" content=\"https:\/\/kalinski.pl\/serwis\/regeneracja-katalizatorow-i-filtrow-dpf-gniezno\/\" \/>\n<meta property=\"og:site_name\" content=\"Kali\u0144ski\" \/>\n<meta property=\"og:image\" content=\"https:\/\/kalinski.pl\/wp-content\/uploads\/Filtry_Kalinski-1-1110x303.png\" \/>\n<meta name=\"twitter:card\" content=\"summary_large_image\" \/>\n<meta name=\"twitter:label1\" content=\"Szacowany czas czytania\" \/>\n\t<meta name=\"twitter:data1\" content=\"2 minuty\" \/>\n<script type=\"application\/ld+json\" class=\"yoast-schema-graph\">{\"@context\":\"https:\/\/schema.org\",\"@graph\":[{\"@type\":\"WebPage\",\"@id\":\"https:\/\/kalinski.pl\/serwis\/regeneracja-katalizatorow-i-filtrow-dpf-gniezno\/\",\"url\":\"https:\/\/kalinski.pl\/serwis\/regeneracja-katalizatorow-i-filtrow-dpf-gniezno\/\",\"name\":\"Regeneracja katalizator\u00f3w i filtr\u00f3w DPF Gniezno | Kali\u0144ski\",\"isPartOf\":{\"@id\":\"https:\/\/kalinski.pl\/serwis\/#website\"},\"primaryImageOfPage\":{\"@id\":\"https:\/\/kalinski.pl\/serwis\/regeneracja-katalizatorow-i-filtrow-dpf-gniezno\/#primaryimage\"},\"image\":{\"@id\":\"https:\/\/kalinski.pl\/serwis\/regeneracja-katalizatorow-i-filtrow-dpf-gniezno\/#primaryimage\"},\"thumbnailUrl\":\"https:\/\/kalinski.pl\/wp-content\/uploads\/Filtry_Kalinski-1-1110x303.png\",\"datePublished\":\"2020-12-02T09:00:11+00:00\",\"description\":\"W zakresie naszych us\u0142ug jest m.in. regeneracja katalizator\u00f3w oraz filtr\u00f3w cz\u0105stek sta\u0142ych Gniezno, ze wzgl\u0119du na wysy\u0142kowy system realizacji.\",\"breadcrumb\":{\"@id\":\"https:\/\/kalinski.pl\/serwis\/regeneracja-katalizatorow-i-filtrow-dpf-gniezno\/#breadcrumb\"},\"inLanguage\":\"pl-PL\",\"potentialAction\":[{\"@type\":\"ReadAction\",\"target\":[\"https:\/\/kalinski.pl\/serwis\/regeneracja-katalizatorow-i-filtrow-dpf-gniezno\/\"]}]},{\"@type\":\"ImageObject\",\"inLanguage\":\"pl-PL\",\"@id\":\"https:\/\/kalinski.pl\/serwis\/regeneracja-katalizatorow-i-filtrow-dpf-gniezno\/#primaryimage\",\"url\":\"https:\/\/kalinski.pl\/wp-content\/uploads\/Filtry_Kalinski-1-1110x303.png\",\"contentUrl\":\"https:\/\/kalinski.pl\/wp-content\/uploads\/Filtry_Kalinski-1-1110x303.png\"},{\"@type\":\"BreadcrumbList\",\"@id\":\"https:\/\/kalinski.pl\/serwis\/regeneracja-katalizatorow-i-filtrow-dpf-gniezno\/#breadcrumb\",\"itemListElement\":[{\"@type\":\"ListItem\",\"position\":1,\"name\":\"Strona g\u0142\u00f3wna\",\"item\":\"https:\/\/kalinski.pl\/serwis\/\"},{\"@type\":\"ListItem\",\"position\":2,\"name\":\"Regeneracja katalizator\u00f3w i filtr\u00f3w DPF Gniezno\"}]},{\"@type\":\"WebSite\",\"@id\":\"https:\/\/kalinski.pl\/serwis\/#website\",\"url\":\"https:\/\/kalinski.pl\/serwis\/\",\"name\":\"Kali\u0144ski\",\"description\":\"Uk\u0142ady wydechowe\",\"publisher\":{\"@id\":\"https:\/\/kalinski.pl\/serwis\/#organization\"},\"potentialAction\":[{\"@type\":\"SearchAction\",\"target\":{\"@type\":\"EntryPoint\",\"urlTemplate\":\"https:\/\/kalinski.pl\/serwis\/?s={search_term_string}\"},\"query-input\":{\"@type\":\"PropertyValueSpecification\",\"valueRequired\":true,\"valueName\":\"search_term_string\"}}],\"inLanguage\":\"pl-PL\"},{\"@type\":\"Organization\",\"@id\":\"https:\/\/kalinski.pl\/serwis\/#organization\",\"name\":\"Kali\u0144ski\",\"url\":\"https:\/\/kalinski.pl\/serwis\/\",\"logo\":{\"@type\":\"ImageObject\",\"inLanguage\":\"pl-PL\",\"@id\":\"https:\/\/kalinski.pl\/serwis\/#\/schema\/logo\/image\/\",\"url\":\"https:\/\/kalinski.pl\/serwis\/wp-content\/uploads\/2019\/03\/cropped-logo_white.jpg\",\"contentUrl\":\"https:\/\/kalinski.pl\/serwis\/wp-content\/uploads\/2019\/03\/cropped-logo_white.jpg\",\"width\":240,\"height\":63,\"caption\":\"Kali\u0144ski\"},\"image\":{\"@id\":\"https:\/\/kalinski.pl\/serwis\/#\/schema\/logo\/image\/\"}}]}<\/script>\n<!-- \/ Yoast SEO plugin. -->","yoast_head_json":{"title":"Regeneracja katalizator\u00f3w i filtr\u00f3w DPF Gniezno | Kali\u0144ski","description":"W zakresie naszych us\u0142ug jest m.in. regeneracja katalizator\u00f3w oraz filtr\u00f3w cz\u0105stek sta\u0142ych Gniezno, ze wzgl\u0119du na wysy\u0142kowy system realizacji.","robots":{"index":"index","follow":"follow","max-snippet":"max-snippet:-1","max-image-preview":"max-image-preview:large","max-video-preview":"max-video-preview:-1"},"canonical":"https:\/\/kalinski.pl\/serwis\/regeneracja-katalizatorow-i-filtrow-dpf-gniezno\/","og_locale":"pl_PL","og_type":"article","og_title":"Regeneracja katalizator\u00f3w i filtr\u00f3w DPF Gniezno | Kali\u0144ski","og_description":"W zakresie naszych us\u0142ug jest m.in. regeneracja katalizator\u00f3w oraz filtr\u00f3w cz\u0105stek sta\u0142ych Gniezno, ze wzgl\u0119du na wysy\u0142kowy system realizacji.","og_url":"https:\/\/kalinski.pl\/serwis\/regeneracja-katalizatorow-i-filtrow-dpf-gniezno\/","og_site_name":"Kali\u0144ski","og_image":[{"url":"https:\/\/kalinski.pl\/wp-content\/uploads\/Filtry_Kalinski-1-1110x303.png","type":"","width":"","height":""}],"twitter_card":"summary_large_image","twitter_misc":{"Szacowany czas czytania":"2 minuty"},"schema":{"@context":"https:\/\/schema.org","@graph":[{"@type":"WebPage","@id":"https:\/\/kalinski.pl\/serwis\/regeneracja-katalizatorow-i-filtrow-dpf-gniezno\/","url":"https:\/\/kalinski.pl\/serwis\/regeneracja-katalizatorow-i-filtrow-dpf-gniezno\/","name":"Regeneracja katalizator\u00f3w i filtr\u00f3w DPF Gniezno | Kali\u0144ski","isPartOf":{"@id":"https:\/\/kalinski.pl\/serwis\/#website"},"primaryImageOfPage":{"@id":"https:\/\/kalinski.pl\/serwis\/regeneracja-katalizatorow-i-filtrow-dpf-gniezno\/#primaryimage"},"image":{"@id":"https:\/\/kalinski.pl\/serwis\/regeneracja-katalizatorow-i-filtrow-dpf-gniezno\/#primaryimage"},"thumbnailUrl":"https:\/\/kalinski.pl\/wp-content\/uploads\/Filtry_Kalinski-1-1110x303.png","datePublished":"2020-12-02T09:00:11+00:00","description":"W zakresie naszych us\u0142ug jest m.in. regeneracja katalizator\u00f3w oraz filtr\u00f3w cz\u0105stek sta\u0142ych Gniezno, ze wzgl\u0119du na wysy\u0142kowy system realizacji.","breadcrumb":{"@id":"https:\/\/kalinski.pl\/serwis\/regeneracja-katalizatorow-i-filtrow-dpf-gniezno\/#breadcrumb"},"inLanguage":"pl-PL","potentialAction":[{"@type":"ReadAction","target":["https:\/\/kalinski.pl\/serwis\/regeneracja-katalizatorow-i-filtrow-dpf-gniezno\/"]}]},{"@type":"ImageObject","inLanguage":"pl-PL","@id":"https:\/\/kalinski.pl\/serwis\/regeneracja-katalizatorow-i-filtrow-dpf-gniezno\/#primaryimage","url":"https:\/\/kalinski.pl\/wp-content\/uploads\/Filtry_Kalinski-1-1110x303.png","contentUrl":"https:\/\/kalinski.pl\/wp-content\/uploads\/Filtry_Kalinski-1-1110x303.png"},{"@type":"BreadcrumbList","@id":"https:\/\/kalinski.pl\/serwis\/regeneracja-katalizatorow-i-filtrow-dpf-gniezno\/#breadcrumb","itemListElement":[{"@type":"ListItem","position":1,"name":"Strona g\u0142\u00f3wna","item":"https:\/\/kalinski.pl\/serwis\/"},{"@type":"ListItem","position":2,"name":"Regeneracja katalizator\u00f3w i filtr\u00f3w DPF Gniezno"}]},{"@type":"WebSite","@id":"https:\/\/kalinski.pl\/serwis\/#website","url":"https:\/\/kalinski.pl\/serwis\/","name":"Kali\u0144ski","description":"Uk\u0142ady wydechowe","publisher":{"@id":"https:\/\/kalinski.pl\/serwis\/#organization"},"potentialAction":[{"@type":"SearchAction","target":{"@type":"EntryPoint","urlTemplate":"https:\/\/kalinski.pl\/serwis\/?s={search_term_string}"},"query-input":{"@type":"PropertyValueSpecification","valueRequired":true,"valueName":"search_term_string"}}],"inLanguage":"pl-PL"},{"@type":"Organization","@id":"https:\/\/kalinski.pl\/serwis\/#organization","name":"Kali\u0144ski","url":"https:\/\/kalinski.pl\/serwis\/","logo":{"@type":"ImageObject","inLanguage":"pl-PL","@id":"https:\/\/kalinski.pl\/serwis\/#\/schema\/logo\/image\/","url":"https:\/\/kalinski.pl\/serwis\/wp-content\/uploads\/2019\/03\/cropped-logo_white.jpg","contentUrl":"https:\/\/kalinski.pl\/serwis\/wp-content\/uploads\/2019\/03\/cropped-logo_white.jpg","width":240,"height":63,"caption":"Kali\u0144ski"},"image":{"@id":"https:\/\/kalinski.pl\/serwis\/#\/schema\/logo\/image\/"}}]}},"_links":{"self":[{"href":"https:\/\/kalinski.pl\/serwis\/wp-json\/wp\/v2\/pages\/2816","targetHints":{"allow":["GET"]}}],"collection":[{"href":"https:\/\/kalinski.pl\/serwis\/wp-json\/wp\/v2\/pages"}],"about":[{"href":"https:\/\/kalinski.pl\/serwis\/wp-json\/wp\/v2\/types\/page"}],"author":[{"embeddable":true,"href":"https:\/\/kalinski.pl\/serwis\/wp-json\/wp\/v2\/users\/821795"}],"replies":[{"embeddable":true,"href":"https:\/\/kalinski.pl\/serwis\/wp-json\/wp\/v2\/comments?post=2816"}],"version-history":[{"count":0,"href":"https:\/\/kalinski.pl\/serwis\/wp-json\/wp\/v2\/pages\/2816\/revisions"}],"wp:attachment":[{"href":"https:\/\/kalinski.pl\/serwis\/wp-json\/wp\/v2\/media?parent=2816"}],"curies":[{"name":"wp","href":"https:\/\/api.w.org\/{rel}","templated":true}]}}