{"id":2748,"date":"2020-11-10T12:10:40","date_gmt":"2020-11-10T11:10:40","guid":{"rendered":"https:\/\/kalinski.pl\/?page_id=2748"},"modified":"2020-11-10T12:10:40","modified_gmt":"2020-11-10T11:10:40","slug":"regeneracja-katalizatorow-i-filtrow-dpf-trzebinia","status":"publish","type":"page","link":"https:\/\/kalinski.pl\/serwis\/regeneracja-katalizatorow-i-filtrow-dpf-trzebinia\/","title":{"rendered":"Regeneracja katalizator\u00f3w i filtr\u00f3w DPF Trzebinia"},"content":{"rendered":"\r\n<figure class=\"wp-block-image size-large\"><img fetchpriority=\"high\" decoding=\"async\" width=\"1110\" height=\"303\" class=\"wp-image-1568\" src=\"https:\/\/kalinski.pl\/wp-content\/uploads\/Filtry_Kalinski-1-1110x303.png\" alt=\"\"><\/figure>\r\n\r\n<p style=\"margin-top: 25px;\" align=\"justify\">Ka\u017cdy pojazd spalinowy (samoch\u00f3d osobowy, ci\u0119\u017carowy, czy maszyna rolnicza, budowlana) ma w swoim uk\u0142adzie wydechowym katalizatory i filtry DPF. Dzi\u0119ki nim minimalizuje si\u0119 emisja szkodliwych dla zdrowia i \u015brodowiska spalin &#8211; poprawia si\u0119 wi\u0119c jako\u015b\u0107 naszego powietrza. To niezwykle wa\u017cna funkcja. Ale przy eksploatacji z czasem zbiera si\u0119 coraz wi\u0119cej zanieczyszcze\u0144 i sadzy w tych w\u0142a\u015bnie cz\u0119\u015bciach, przez co nie s\u0105 w stanie funkcjonowa\u0107 tak dobrze jak przy nowo\u015bci. W\u00f3wczas niezb\u0119dne jest zakupienie nowych cz\u0119\u015bci lub <strong>regeneracja katalizator\u00f3w (Trzebinia) oraz czyszczenie filtr\u00f3w DPF (Trzebinia).<\/strong><\/p>\r\n<p align=\"justify\">Najskuteczniejszy procesem do pozbycia si\u0119 sadzy z cz\u0119\u015bci uk\u0142adu wydechowego jest <strong>wypalanie katalizator\u00f3w (Trzebinia).<\/strong> W firmie Kali\u0144ski korzystamy z tej w\u0142a\u015bnie metody wykorzystuj\u0105c do tego specjalistyczne urz\u0105dzenie polecane przez najwi\u0119kszych producent\u00f3w samochod\u00f3w i cz\u0119\u015bci samochodowych &#8211; piec marki Hartridge. <strong>Regeneracja DPF (Trzebinia)<\/strong> odbywa si\u0119 w piecu \u201cna sucho\u201d, przy pomocy bardzo wysokich temperatur. Powoduje to, i\u017c zgromadzona w mikrokanalikach sadza wypala si\u0119, a powsta\u0142y z niej popi\u00f3\u0142 wydmuchujemy spr\u0119\u017conym powietrzem. Istnieje te\u017c mo\u017cliwo\u015b\u0107 pozbywania si\u0119 zanieczyszcze\u0144 za pomoc\u0105 wody, ale stanowczo odradzamy j\u0105, gdy\u017c podczas usuwania sadzy wyp\u0142ukiwane s\u0105 r\u00f3wnie\u017c metale &#8211; istotne dla prawid\u0142owego funkcjonowania filtr\u00f3w DPF i katalizator\u00f3w. Wypalaniu nie podlegaj\u0105 jednak katalizatory w pojazdach osobowych, te s\u0105 regenerowane poprzez wymian\u0119 wk\u0142ad\u00f3w. Wymian\u0119 wk\u0142ad\u00f3w w pe\u0142ni regeneruje filtry i katalizatory.<\/p>\r\n<p align=\"justify\"><strong>Czyszczenie filtr\u00f3w DPF (Trzebinia)<\/strong> to jedna z us\u0142ug, jakie ch\u0119tnie wykonamy dla Pa\u0144stwa. Firma Kali\u0144ski to zesp\u00f3\u0142 zgranych ze sob\u0105 profesjonalist\u00f3w, kt\u00f3rzy dzi\u0119ki zdobywanej przez wiele lat wiedzy i umiej\u0119tno\u015bciom potrafi\u0105 pom\u00f3c przywr\u00f3ci\u0107 sprawno\u015b\u0107 Pa\u0144stwa pojazdom. Opr\u00f3cz us\u0142ug prowadzimy tak\u017ce sprzeda\u017c produkt\u00f3w niezb\u0119dnych dla bran\u017cy motoryzacyjnej, a docieramy wsz\u0119dzie tam, gdzie jest w stanie dojecha\u0107 kurier. Dlatego niewa\u017cne, z kt\u00f3rej cz\u0119\u015bci Polski prze\u015bl\u0105 nam Pa\u0144stwo swoje katalizatory i filtry DPF do regeneracji &#8211; wykonamy to na najwy\u017cszym poziomie dbaj\u0105c o ka\u017cdy detal.<\/p>\r\n\r\n<div class=\"wp-block-columns is-layout-flex wp-container-core-columns-is-layout-1 wp-block-columns-is-layout-flex\">\r\n<div class=\"wp-block-column is-layout-flow wp-block-column-is-layout-flow\">\r\n<p><strong>Kali\u0144ski<\/strong><\/p>\r\n\r\n\r\n<p>ul. Szamotulska 40<\/p>\r\n\r\n\r\n<p>62-081 Chyby \/ Pozna\u0144<\/p>\r\n\r\n\r\n<p><strong>Sklep internetowy<\/strong><\/p>\r\n\r\n\r\n<p><a href=\"tel:0048691545545\">+48 691 545 545<\/a><\/p>\r\n\r\n\r\n<p><a>sklep@kalinski.pl<\/a><\/p>\r\n\r\n\r\n<p><strong>Serwis stacjonarny<\/strong><\/p>\r\n\r\n\r\n<p><a href=\"tel:004861 8142777\">+48 61 814 27 77<\/a><\/p>\r\n\r\n\r\n<p><a>serwis@kalinski.pl<\/a><\/p>\r\n<\/div>\r\n\r\n\r\n<div class=\"wp-block-column is-layout-flow wp-block-column-is-layout-flow\"> [contact-form-7 id=&#8221;2271&#8243; title=&#8221;Formularz 1_copy&#8221;] <\/div>\r\n<\/div>\r\n\r\n\r\n<p><iframe style=\"border: 0;\" tabindex=\"0\" src=\"https:\/\/www.google.com\/maps\/embed?pb=!1m18!1m12!1m3!1d2431.024961043721!2d16.7608539158053!3d52.460575379803046!2m3!1f0!2f0!3f0!3m2!1i1024!2i768!4f13.1!3m3!1m2!1s0x470441321c9562cb%3A0xee0284f60b138572!2sSzamotulska%2040%2C%2062-081%20Chyby!5e0!3m2!1spl!2spl!4v1598862248906!5m2!1spl!2spl\" width=\"100%\" height=\"400\" frameborder=\"0\" allowfullscreen=\"allowfullscreen\" aria-hidden=\"false\"><span data-mce-type=\"bookmark\" style=\"display: inline-block; width: 0px; overflow: hidden; line-height: 0;\" class=\"mce_SELRES_start\">\ufeff<\/span><\/iframe><\/p>\r\n\r\n","protected":false},"excerpt":{"rendered":"<p>Ka\u017cdy pojazd spalinowy (samoch\u00f3d osobowy, ci\u0119\u017carowy, czy maszyna rolnicza, budowlana) ma w swoim uk\u0142adzie wydechowym katalizatory i filtry DPF. Dzi\u0119ki nim minimalizuje si\u0119 emisja szkodliwych dla zdrowia i \u015brodowiska spalin &#8211; poprawia si\u0119 wi\u0119c jako\u015b\u0107 naszego powietrza. To niezwykle wa\u017cna funkcja. Ale przy eksploatacji z czasem zbiera si\u0119 coraz wi\u0119cej zanieczyszcze\u0144 i sadzy w tych &hellip; <a href=\"https:\/\/kalinski.pl\/serwis\/regeneracja-katalizatorow-i-filtrow-dpf-trzebinia\/\" class=\"more-link\">Czytaj dalej<span class=\"screen-reader-text\"> Regeneracja katalizator\u00f3w i filtr\u00f3w DPF Trzebinia<\/span><\/a><\/p>\n","protected":false},"author":821795,"featured_media":0,"parent":0,"menu_order":0,"comment_status":"closed","ping_status":"closed","template":"","meta":{"footnotes":""},"class_list":["post-2748","page","type-page","status-publish","hentry"],"yoast_head":"<!-- This site is optimized with the Yoast SEO plugin v26.7 - https:\/\/yoast.com\/wordpress\/plugins\/seo\/ -->\n<title>Regeneracja katalizator\u00f3w i filtr\u00f3w DPF Trzebinia | Kali\u0144ski<\/title>\n<meta name=\"description\" content=\"Regeneracja katalizator\u00f3w i filtr\u00f3w DPF Trzebinia - jest jedn\u0105 z us\u0142ug wykonywanych przez Kali\u0144skich, \u015bwiadczymy us\u0142ugi r\u00f3winie\u017c wysy\u0142kowo.\" \/>\n<meta name=\"robots\" content=\"index, follow, max-snippet:-1, max-image-preview:large, max-video-preview:-1\" \/>\n<link rel=\"canonical\" href=\"https:\/\/kalinski.pl\/serwis\/regeneracja-katalizatorow-i-filtrow-dpf-trzebinia\/\" \/>\n<meta property=\"og:locale\" content=\"pl_PL\" \/>\n<meta property=\"og:type\" content=\"article\" \/>\n<meta property=\"og:title\" content=\"Regeneracja katalizator\u00f3w i filtr\u00f3w DPF Trzebinia | Kali\u0144ski\" \/>\n<meta property=\"og:description\" content=\"Regeneracja katalizator\u00f3w i filtr\u00f3w DPF Trzebinia - jest jedn\u0105 z us\u0142ug wykonywanych przez Kali\u0144skich, \u015bwiadczymy us\u0142ugi r\u00f3winie\u017c wysy\u0142kowo.\" \/>\n<meta property=\"og:url\" content=\"https:\/\/kalinski.pl\/serwis\/regeneracja-katalizatorow-i-filtrow-dpf-trzebinia\/\" \/>\n<meta property=\"og:site_name\" content=\"Kali\u0144ski\" \/>\n<meta property=\"og:image\" content=\"https:\/\/kalinski.pl\/wp-content\/uploads\/Filtry_Kalinski-1-1110x303.png\" \/>\n<meta name=\"twitter:card\" content=\"summary_large_image\" \/>\n<meta name=\"twitter:label1\" content=\"Szacowany czas czytania\" \/>\n\t<meta name=\"twitter:data1\" content=\"2 minuty\" \/>\n<script type=\"application\/ld+json\" class=\"yoast-schema-graph\">{\"@context\":\"https:\/\/schema.org\",\"@graph\":[{\"@type\":\"WebPage\",\"@id\":\"https:\/\/kalinski.pl\/serwis\/regeneracja-katalizatorow-i-filtrow-dpf-trzebinia\/\",\"url\":\"https:\/\/kalinski.pl\/serwis\/regeneracja-katalizatorow-i-filtrow-dpf-trzebinia\/\",\"name\":\"Regeneracja katalizator\u00f3w i filtr\u00f3w DPF Trzebinia | Kali\u0144ski\",\"isPartOf\":{\"@id\":\"https:\/\/kalinski.pl\/serwis\/#website\"},\"primaryImageOfPage\":{\"@id\":\"https:\/\/kalinski.pl\/serwis\/regeneracja-katalizatorow-i-filtrow-dpf-trzebinia\/#primaryimage\"},\"image\":{\"@id\":\"https:\/\/kalinski.pl\/serwis\/regeneracja-katalizatorow-i-filtrow-dpf-trzebinia\/#primaryimage\"},\"thumbnailUrl\":\"https:\/\/kalinski.pl\/wp-content\/uploads\/Filtry_Kalinski-1-1110x303.png\",\"datePublished\":\"2020-11-10T11:10:40+00:00\",\"description\":\"Regeneracja katalizator\u00f3w i filtr\u00f3w DPF Trzebinia - jest jedn\u0105 z us\u0142ug wykonywanych przez Kali\u0144skich, \u015bwiadczymy us\u0142ugi r\u00f3winie\u017c wysy\u0142kowo.\",\"breadcrumb\":{\"@id\":\"https:\/\/kalinski.pl\/serwis\/regeneracja-katalizatorow-i-filtrow-dpf-trzebinia\/#breadcrumb\"},\"inLanguage\":\"pl-PL\",\"potentialAction\":[{\"@type\":\"ReadAction\",\"target\":[\"https:\/\/kalinski.pl\/serwis\/regeneracja-katalizatorow-i-filtrow-dpf-trzebinia\/\"]}]},{\"@type\":\"ImageObject\",\"inLanguage\":\"pl-PL\",\"@id\":\"https:\/\/kalinski.pl\/serwis\/regeneracja-katalizatorow-i-filtrow-dpf-trzebinia\/#primaryimage\",\"url\":\"https:\/\/kalinski.pl\/wp-content\/uploads\/Filtry_Kalinski-1-1110x303.png\",\"contentUrl\":\"https:\/\/kalinski.pl\/wp-content\/uploads\/Filtry_Kalinski-1-1110x303.png\"},{\"@type\":\"BreadcrumbList\",\"@id\":\"https:\/\/kalinski.pl\/serwis\/regeneracja-katalizatorow-i-filtrow-dpf-trzebinia\/#breadcrumb\",\"itemListElement\":[{\"@type\":\"ListItem\",\"position\":1,\"name\":\"Strona g\u0142\u00f3wna\",\"item\":\"https:\/\/kalinski.pl\/serwis\/\"},{\"@type\":\"ListItem\",\"position\":2,\"name\":\"Regeneracja katalizator\u00f3w i filtr\u00f3w DPF Trzebinia\"}]},{\"@type\":\"WebSite\",\"@id\":\"https:\/\/kalinski.pl\/serwis\/#website\",\"url\":\"https:\/\/kalinski.pl\/serwis\/\",\"name\":\"Kali\u0144ski\",\"description\":\"Uk\u0142ady wydechowe\",\"publisher\":{\"@id\":\"https:\/\/kalinski.pl\/serwis\/#organization\"},\"potentialAction\":[{\"@type\":\"SearchAction\",\"target\":{\"@type\":\"EntryPoint\",\"urlTemplate\":\"https:\/\/kalinski.pl\/serwis\/?s={search_term_string}\"},\"query-input\":{\"@type\":\"PropertyValueSpecification\",\"valueRequired\":true,\"valueName\":\"search_term_string\"}}],\"inLanguage\":\"pl-PL\"},{\"@type\":\"Organization\",\"@id\":\"https:\/\/kalinski.pl\/serwis\/#organization\",\"name\":\"Kali\u0144ski\",\"url\":\"https:\/\/kalinski.pl\/serwis\/\",\"logo\":{\"@type\":\"ImageObject\",\"inLanguage\":\"pl-PL\",\"@id\":\"https:\/\/kalinski.pl\/serwis\/#\/schema\/logo\/image\/\",\"url\":\"https:\/\/kalinski.pl\/serwis\/wp-content\/uploads\/2019\/03\/cropped-logo_white.jpg\",\"contentUrl\":\"https:\/\/kalinski.pl\/serwis\/wp-content\/uploads\/2019\/03\/cropped-logo_white.jpg\",\"width\":240,\"height\":63,\"caption\":\"Kali\u0144ski\"},\"image\":{\"@id\":\"https:\/\/kalinski.pl\/serwis\/#\/schema\/logo\/image\/\"}}]}<\/script>\n<!-- \/ Yoast SEO plugin. -->","yoast_head_json":{"title":"Regeneracja katalizator\u00f3w i filtr\u00f3w DPF Trzebinia | Kali\u0144ski","description":"Regeneracja katalizator\u00f3w i filtr\u00f3w DPF Trzebinia - jest jedn\u0105 z us\u0142ug wykonywanych przez Kali\u0144skich, \u015bwiadczymy us\u0142ugi r\u00f3winie\u017c wysy\u0142kowo.","robots":{"index":"index","follow":"follow","max-snippet":"max-snippet:-1","max-image-preview":"max-image-preview:large","max-video-preview":"max-video-preview:-1"},"canonical":"https:\/\/kalinski.pl\/serwis\/regeneracja-katalizatorow-i-filtrow-dpf-trzebinia\/","og_locale":"pl_PL","og_type":"article","og_title":"Regeneracja katalizator\u00f3w i filtr\u00f3w DPF Trzebinia | Kali\u0144ski","og_description":"Regeneracja katalizator\u00f3w i filtr\u00f3w DPF Trzebinia - jest jedn\u0105 z us\u0142ug wykonywanych przez Kali\u0144skich, \u015bwiadczymy us\u0142ugi r\u00f3winie\u017c wysy\u0142kowo.","og_url":"https:\/\/kalinski.pl\/serwis\/regeneracja-katalizatorow-i-filtrow-dpf-trzebinia\/","og_site_name":"Kali\u0144ski","og_image":[{"url":"https:\/\/kalinski.pl\/wp-content\/uploads\/Filtry_Kalinski-1-1110x303.png","type":"","width":"","height":""}],"twitter_card":"summary_large_image","twitter_misc":{"Szacowany czas czytania":"2 minuty"},"schema":{"@context":"https:\/\/schema.org","@graph":[{"@type":"WebPage","@id":"https:\/\/kalinski.pl\/serwis\/regeneracja-katalizatorow-i-filtrow-dpf-trzebinia\/","url":"https:\/\/kalinski.pl\/serwis\/regeneracja-katalizatorow-i-filtrow-dpf-trzebinia\/","name":"Regeneracja katalizator\u00f3w i filtr\u00f3w DPF Trzebinia | Kali\u0144ski","isPartOf":{"@id":"https:\/\/kalinski.pl\/serwis\/#website"},"primaryImageOfPage":{"@id":"https:\/\/kalinski.pl\/serwis\/regeneracja-katalizatorow-i-filtrow-dpf-trzebinia\/#primaryimage"},"image":{"@id":"https:\/\/kalinski.pl\/serwis\/regeneracja-katalizatorow-i-filtrow-dpf-trzebinia\/#primaryimage"},"thumbnailUrl":"https:\/\/kalinski.pl\/wp-content\/uploads\/Filtry_Kalinski-1-1110x303.png","datePublished":"2020-11-10T11:10:40+00:00","description":"Regeneracja katalizator\u00f3w i filtr\u00f3w DPF Trzebinia - jest jedn\u0105 z us\u0142ug wykonywanych przez Kali\u0144skich, \u015bwiadczymy us\u0142ugi r\u00f3winie\u017c wysy\u0142kowo.","breadcrumb":{"@id":"https:\/\/kalinski.pl\/serwis\/regeneracja-katalizatorow-i-filtrow-dpf-trzebinia\/#breadcrumb"},"inLanguage":"pl-PL","potentialAction":[{"@type":"ReadAction","target":["https:\/\/kalinski.pl\/serwis\/regeneracja-katalizatorow-i-filtrow-dpf-trzebinia\/"]}]},{"@type":"ImageObject","inLanguage":"pl-PL","@id":"https:\/\/kalinski.pl\/serwis\/regeneracja-katalizatorow-i-filtrow-dpf-trzebinia\/#primaryimage","url":"https:\/\/kalinski.pl\/wp-content\/uploads\/Filtry_Kalinski-1-1110x303.png","contentUrl":"https:\/\/kalinski.pl\/wp-content\/uploads\/Filtry_Kalinski-1-1110x303.png"},{"@type":"BreadcrumbList","@id":"https:\/\/kalinski.pl\/serwis\/regeneracja-katalizatorow-i-filtrow-dpf-trzebinia\/#breadcrumb","itemListElement":[{"@type":"ListItem","position":1,"name":"Strona g\u0142\u00f3wna","item":"https:\/\/kalinski.pl\/serwis\/"},{"@type":"ListItem","position":2,"name":"Regeneracja katalizator\u00f3w i filtr\u00f3w DPF Trzebinia"}]},{"@type":"WebSite","@id":"https:\/\/kalinski.pl\/serwis\/#website","url":"https:\/\/kalinski.pl\/serwis\/","name":"Kali\u0144ski","description":"Uk\u0142ady wydechowe","publisher":{"@id":"https:\/\/kalinski.pl\/serwis\/#organization"},"potentialAction":[{"@type":"SearchAction","target":{"@type":"EntryPoint","urlTemplate":"https:\/\/kalinski.pl\/serwis\/?s={search_term_string}"},"query-input":{"@type":"PropertyValueSpecification","valueRequired":true,"valueName":"search_term_string"}}],"inLanguage":"pl-PL"},{"@type":"Organization","@id":"https:\/\/kalinski.pl\/serwis\/#organization","name":"Kali\u0144ski","url":"https:\/\/kalinski.pl\/serwis\/","logo":{"@type":"ImageObject","inLanguage":"pl-PL","@id":"https:\/\/kalinski.pl\/serwis\/#\/schema\/logo\/image\/","url":"https:\/\/kalinski.pl\/serwis\/wp-content\/uploads\/2019\/03\/cropped-logo_white.jpg","contentUrl":"https:\/\/kalinski.pl\/serwis\/wp-content\/uploads\/2019\/03\/cropped-logo_white.jpg","width":240,"height":63,"caption":"Kali\u0144ski"},"image":{"@id":"https:\/\/kalinski.pl\/serwis\/#\/schema\/logo\/image\/"}}]}},"_links":{"self":[{"href":"https:\/\/kalinski.pl\/serwis\/wp-json\/wp\/v2\/pages\/2748","targetHints":{"allow":["GET"]}}],"collection":[{"href":"https:\/\/kalinski.pl\/serwis\/wp-json\/wp\/v2\/pages"}],"about":[{"href":"https:\/\/kalinski.pl\/serwis\/wp-json\/wp\/v2\/types\/page"}],"author":[{"embeddable":true,"href":"https:\/\/kalinski.pl\/serwis\/wp-json\/wp\/v2\/users\/821795"}],"replies":[{"embeddable":true,"href":"https:\/\/kalinski.pl\/serwis\/wp-json\/wp\/v2\/comments?post=2748"}],"version-history":[{"count":0,"href":"https:\/\/kalinski.pl\/serwis\/wp-json\/wp\/v2\/pages\/2748\/revisions"}],"wp:attachment":[{"href":"https:\/\/kalinski.pl\/serwis\/wp-json\/wp\/v2\/media?parent=2748"}],"curies":[{"name":"wp","href":"https:\/\/api.w.org\/{rel}","templated":true}]}}