{"id":2746,"date":"2020-11-10T12:01:11","date_gmt":"2020-11-10T11:01:11","guid":{"rendered":"https:\/\/kalinski.pl\/?page_id=2746"},"modified":"2020-11-10T12:01:11","modified_gmt":"2020-11-10T11:01:11","slug":"regeneracja-katalizatorow-i-filtrow-dpf-torun","status":"publish","type":"page","link":"https:\/\/kalinski.pl\/serwis\/regeneracja-katalizatorow-i-filtrow-dpf-torun\/","title":{"rendered":"Regeneracja katalizator\u00f3w i filtr\u00f3w DPF Toru\u0144"},"content":{"rendered":"\r\n<figure class=\"wp-block-image size-large\"><img fetchpriority=\"high\" decoding=\"async\" width=\"1110\" height=\"303\" class=\"wp-image-1568\" src=\"https:\/\/kalinski.pl\/wp-content\/uploads\/Filtry_Kalinski-1-1110x303.png\" alt=\"\"><\/figure>\r\n\r\n<p style=\"margin-top: 25px;\" align=\"justify\">Dbanie o stan swojego auta, pojazdu ci\u0119\u017carowego, maszyny rolniczej, czy budowlanej jest niezb\u0119dne, aby cieszy\u0107 si\u0119 bezpiecznym u\u017cytkowaniem. Dlatego warto dba\u0107 tak\u017ce o katalizatory i filtry DPF. Katalizatory to elementy uk\u0142adu wydechowego pojazd\u00f3w spalinowych. Wspieraj\u0105 popraw\u0119 jako\u015bci powietrza, dlatego istotne jest, aby funkcjonowa\u0142y bez zarzutu. Firma Kali\u0144ski zajmuje si\u0119 nie tylko sprzeda\u017c\u0105 filtr\u00f3w DPF i katalizator\u00f3w, ale tak\u017ce ich czyszczeniem i regeneracj\u0105. Dzi\u0119ki zgranemu zespo\u0142owi profesjonalist\u00f3w, kt\u00f3rych po\u0142\u0105czy\u0142a pasja do motoryzacji i ogromna wiedza, <strong>regeneracja katalizator\u00f3w &#8211; Toru\u0144<\/strong> to us\u0142uga na najwy\u017cszym poziomie, dzi\u0119ki kt\u00f3rej Pa\u0144stwa pojazd b\u0119dzie generowa\u0142 znacznie mniej niebezpiecznych dla zdrowia i \u015brodowiska spalin.<\/p>\r\n<p align=\"justify\">Cz\u0119\u015bci samochodowe niszcz\u0105 si\u0119 i zu\u017cywaj\u0105 podczas eksploatacji. Mo\u017cna kupi\u0107 nowe, ale mo\u017cna te\u017c popracowa\u0107 nad stanem obecnych. Podczas u\u017cywania w katalizatorach zbieraj\u0105 si\u0119 zanieczyszczenia i sadza, kt\u00f3re co jaki\u015b czas nale\u017cy usun\u0105\u0107. Najlepszym sposobem, wykorzystywanym w naszej firmie jest <strong>czyszczenie katalizator\u00f3w &#8211; Toru\u0144<\/strong>. Do tego procesu u\u017cywamy specjalistycznego pieca marki Hartridge (piec ten polecany jest przez najwi\u0119kszych producent\u00f3w samochod\u00f3w i cz\u0119\u015bci do nich). <strong>Wypalanie katalizator\u00f3w Toru\u0144<\/strong> odbywa si\u0119 w bardzo wysokiej temperaturze, \u201cna sucho\u201d. Dzi\u0119ki temu zgromadzone w mikrokanalikach zabrudzenia i sadza spalaj\u0105 si\u0119, a powsta\u0142y popi\u00f3\u0142 wydmuchiwany jest spr\u0119\u017conym powietrzem. Nie stosujemy metody wyp\u0142ukiwania zanieczyszcze\u0144 wod\u0105, poniewa\u017c opr\u00f3cz sadzy wyp\u0142ukiwane s\u0105 w\u00f3wczas r\u00f3wnie\u017c wa\u017cne dla poprawnego dzia\u0142ania filtr\u00f3w metale. Warto zaznaczy\u0107, \u017ce regeneracj\u0119 filtr\u00f3w i katalizator\u00f3w mo\u017cna te\u017c dokona\u0107 poprzez wymian\u0119 wk\u0142ad\u00f3w ceramicznych. Katalizatory w pojazdach wydechowych regenerowane s\u0105 tylko za pomoc\u0105 wymiany wk\u0142ad\u00f3w.<\/p>\r\n<p align=\"justify\">Na <strong>czyszczenie filtr\u00f3w DPF Toru\u0144<\/strong> zdecydowa\u0107 si\u0119 powinien ka\u017cdy, kto chce utrzyma\u0107 swoje auto sprawnym. To niezwykle wa\u017cne, zw\u0142aszcza podczas d\u0142u\u017cszych tras. Nasza firma dok\u0142ada wszelkich stara\u0144, aby <strong>regeneracja DPF Toru\u0144<\/strong> by\u0142a us\u0142ug\u0105 \u015bwiadczon\u0105 na najwy\u017cszym poziomie. Wystarczy, \u017ce wy\u015bl\u0105 Pa\u0144stwo zabrudzony katalizator lub filtry, my ocenimy ich stan, dzi\u0119ki wsparciu najwy\u017cszej technologii. Nast\u0119pnie przeprowadzimy regeneracj\u0119 lub zasugerujemy zakup nowych cz\u0119\u015bci &#8211; w zale\u017cno\u015bci od tego, w jakim stanie s\u0105 te otrzymane przez nas. Nasza praca sprawia, \u017ce Pa\u0144stwa samoch\u00f3d osobowy, ci\u0119\u017carowy, maszyna rolnicza, czy budowalna funkcjonowa\u0107 b\u0119dzie prawid\u0142owo, a jednocze\u015bnie dzi\u0119ki regeneracji katalizator\u00f3w i filtr\u00f3w DPF, znacznie zmniejszy si\u0119 emitowanie niebezpiecznych dla zdrowia i \u015brodowiska spalin.<\/p>\r\n\r\n<div class=\"wp-block-columns is-layout-flex wp-container-core-columns-is-layout-1 wp-block-columns-is-layout-flex\">\r\n<div class=\"wp-block-column is-layout-flow wp-block-column-is-layout-flow\">\r\n<p><strong>Kali\u0144ski<\/strong><\/p>\r\n\r\n\r\n<p>ul. Szamotulska 40<\/p>\r\n\r\n\r\n<p>62-081 Chyby \/ Pozna\u0144<\/p>\r\n\r\n\r\n<p><strong>Sklep internetowy<\/strong><\/p>\r\n\r\n\r\n<p><a href=\"tel:0048691545545\">+48 691 545 545<\/a><\/p>\r\n\r\n\r\n<p><a>sklep@kalinski.pl<\/a><\/p>\r\n\r\n\r\n<p><strong>Serwis stacjonarny<\/strong><\/p>\r\n\r\n\r\n<p><a href=\"tel:004861 8142777\">+48 61 814 27 77<\/a><\/p>\r\n\r\n\r\n<p><a>serwis@kalinski.pl<\/a><\/p>\r\n<\/div>\r\n\r\n\r\n<div class=\"wp-block-column is-layout-flow wp-block-column-is-layout-flow\"> [contact-form-7 id=&#8221;2271&#8243; title=&#8221;Formularz 1_copy&#8221;] <\/div>\r\n<\/div>\r\n\r\n\r\n<p><iframe style=\"border: 0;\" tabindex=\"0\" src=\"https:\/\/www.google.com\/maps\/embed?pb=!1m18!1m12!1m3!1d2431.024961043721!2d16.7608539158053!3d52.460575379803046!2m3!1f0!2f0!3f0!3m2!1i1024!2i768!4f13.1!3m3!1m2!1s0x470441321c9562cb%3A0xee0284f60b138572!2sSzamotulska%2040%2C%2062-081%20Chyby!5e0!3m2!1spl!2spl!4v1598862248906!5m2!1spl!2spl\" width=\"100%\" height=\"400\" frameborder=\"0\" allowfullscreen=\"allowfullscreen\" aria-hidden=\"false\"><span data-mce-type=\"bookmark\" style=\"display: inline-block; width: 0px; overflow: hidden; line-height: 0;\" class=\"mce_SELRES_start\">\ufeff<\/span><\/iframe><\/p>\r\n\r\n","protected":false},"excerpt":{"rendered":"<p>Dbanie o stan swojego auta, pojazdu ci\u0119\u017carowego, maszyny rolniczej, czy budowlanej jest niezb\u0119dne, aby cieszy\u0107 si\u0119 bezpiecznym u\u017cytkowaniem. Dlatego warto dba\u0107 tak\u017ce o katalizatory i filtry DPF. Katalizatory to elementy uk\u0142adu wydechowego pojazd\u00f3w spalinowych. Wspieraj\u0105 popraw\u0119 jako\u015bci powietrza, dlatego istotne jest, aby funkcjonowa\u0142y bez zarzutu. Firma Kali\u0144ski zajmuje si\u0119 nie tylko sprzeda\u017c\u0105 filtr\u00f3w DPF i &hellip; <a href=\"https:\/\/kalinski.pl\/serwis\/regeneracja-katalizatorow-i-filtrow-dpf-torun\/\" class=\"more-link\">Czytaj dalej<span class=\"screen-reader-text\"> Regeneracja katalizator\u00f3w i filtr\u00f3w DPF Toru\u0144<\/span><\/a><\/p>\n","protected":false},"author":821795,"featured_media":0,"parent":0,"menu_order":0,"comment_status":"closed","ping_status":"closed","template":"","meta":{"footnotes":""},"class_list":["post-2746","page","type-page","status-publish","hentry"],"yoast_head":"<!-- This site is optimized with the Yoast SEO plugin v26.7 - https:\/\/yoast.com\/wordpress\/plugins\/seo\/ -->\n<title>Regeneracja katalizator\u00f3w i filtr\u00f3w DPF Toru\u0144 | Kali\u0144ski<\/title>\n<meta name=\"description\" content=\"\u015awiadczymy wiele us\u0142ug, sprzedajemy r\u00f3zne produkty, jednym z nich jest egeneracja katalizator\u00f3w i filtr\u00f3w DPF Toru\u0144\" \/>\n<meta name=\"robots\" content=\"index, follow, max-snippet:-1, max-image-preview:large, max-video-preview:-1\" \/>\n<link rel=\"canonical\" href=\"https:\/\/kalinski.pl\/serwis\/regeneracja-katalizatorow-i-filtrow-dpf-torun\/\" \/>\n<meta property=\"og:locale\" content=\"pl_PL\" \/>\n<meta property=\"og:type\" content=\"article\" \/>\n<meta property=\"og:title\" content=\"Regeneracja katalizator\u00f3w i filtr\u00f3w DPF Toru\u0144 | Kali\u0144ski\" \/>\n<meta property=\"og:description\" content=\"\u015awiadczymy wiele us\u0142ug, sprzedajemy r\u00f3zne produkty, jednym z nich jest egeneracja katalizator\u00f3w i filtr\u00f3w DPF Toru\u0144\" \/>\n<meta property=\"og:url\" content=\"https:\/\/kalinski.pl\/serwis\/regeneracja-katalizatorow-i-filtrow-dpf-torun\/\" \/>\n<meta property=\"og:site_name\" content=\"Kali\u0144ski\" \/>\n<meta property=\"og:image\" content=\"https:\/\/kalinski.pl\/wp-content\/uploads\/Filtry_Kalinski-1-1110x303.png\" \/>\n<meta name=\"twitter:card\" content=\"summary_large_image\" \/>\n<meta name=\"twitter:label1\" content=\"Szacowany czas czytania\" \/>\n\t<meta name=\"twitter:data1\" content=\"2 minuty\" \/>\n<script type=\"application\/ld+json\" class=\"yoast-schema-graph\">{\"@context\":\"https:\/\/schema.org\",\"@graph\":[{\"@type\":\"WebPage\",\"@id\":\"https:\/\/kalinski.pl\/serwis\/regeneracja-katalizatorow-i-filtrow-dpf-torun\/\",\"url\":\"https:\/\/kalinski.pl\/serwis\/regeneracja-katalizatorow-i-filtrow-dpf-torun\/\",\"name\":\"Regeneracja katalizator\u00f3w i filtr\u00f3w DPF Toru\u0144 | Kali\u0144ski\",\"isPartOf\":{\"@id\":\"https:\/\/kalinski.pl\/serwis\/#website\"},\"primaryImageOfPage\":{\"@id\":\"https:\/\/kalinski.pl\/serwis\/regeneracja-katalizatorow-i-filtrow-dpf-torun\/#primaryimage\"},\"image\":{\"@id\":\"https:\/\/kalinski.pl\/serwis\/regeneracja-katalizatorow-i-filtrow-dpf-torun\/#primaryimage\"},\"thumbnailUrl\":\"https:\/\/kalinski.pl\/wp-content\/uploads\/Filtry_Kalinski-1-1110x303.png\",\"datePublished\":\"2020-11-10T11:01:11+00:00\",\"description\":\"\u015awiadczymy wiele us\u0142ug, sprzedajemy r\u00f3zne produkty, jednym z nich jest egeneracja katalizator\u00f3w i filtr\u00f3w DPF Toru\u0144\",\"breadcrumb\":{\"@id\":\"https:\/\/kalinski.pl\/serwis\/regeneracja-katalizatorow-i-filtrow-dpf-torun\/#breadcrumb\"},\"inLanguage\":\"pl-PL\",\"potentialAction\":[{\"@type\":\"ReadAction\",\"target\":[\"https:\/\/kalinski.pl\/serwis\/regeneracja-katalizatorow-i-filtrow-dpf-torun\/\"]}]},{\"@type\":\"ImageObject\",\"inLanguage\":\"pl-PL\",\"@id\":\"https:\/\/kalinski.pl\/serwis\/regeneracja-katalizatorow-i-filtrow-dpf-torun\/#primaryimage\",\"url\":\"https:\/\/kalinski.pl\/wp-content\/uploads\/Filtry_Kalinski-1-1110x303.png\",\"contentUrl\":\"https:\/\/kalinski.pl\/wp-content\/uploads\/Filtry_Kalinski-1-1110x303.png\"},{\"@type\":\"BreadcrumbList\",\"@id\":\"https:\/\/kalinski.pl\/serwis\/regeneracja-katalizatorow-i-filtrow-dpf-torun\/#breadcrumb\",\"itemListElement\":[{\"@type\":\"ListItem\",\"position\":1,\"name\":\"Strona g\u0142\u00f3wna\",\"item\":\"https:\/\/kalinski.pl\/serwis\/\"},{\"@type\":\"ListItem\",\"position\":2,\"name\":\"Regeneracja katalizator\u00f3w i filtr\u00f3w DPF Toru\u0144\"}]},{\"@type\":\"WebSite\",\"@id\":\"https:\/\/kalinski.pl\/serwis\/#website\",\"url\":\"https:\/\/kalinski.pl\/serwis\/\",\"name\":\"Kali\u0144ski\",\"description\":\"Uk\u0142ady wydechowe\",\"publisher\":{\"@id\":\"https:\/\/kalinski.pl\/serwis\/#organization\"},\"potentialAction\":[{\"@type\":\"SearchAction\",\"target\":{\"@type\":\"EntryPoint\",\"urlTemplate\":\"https:\/\/kalinski.pl\/serwis\/?s={search_term_string}\"},\"query-input\":{\"@type\":\"PropertyValueSpecification\",\"valueRequired\":true,\"valueName\":\"search_term_string\"}}],\"inLanguage\":\"pl-PL\"},{\"@type\":\"Organization\",\"@id\":\"https:\/\/kalinski.pl\/serwis\/#organization\",\"name\":\"Kali\u0144ski\",\"url\":\"https:\/\/kalinski.pl\/serwis\/\",\"logo\":{\"@type\":\"ImageObject\",\"inLanguage\":\"pl-PL\",\"@id\":\"https:\/\/kalinski.pl\/serwis\/#\/schema\/logo\/image\/\",\"url\":\"https:\/\/kalinski.pl\/serwis\/wp-content\/uploads\/2019\/03\/cropped-logo_white.jpg\",\"contentUrl\":\"https:\/\/kalinski.pl\/serwis\/wp-content\/uploads\/2019\/03\/cropped-logo_white.jpg\",\"width\":240,\"height\":63,\"caption\":\"Kali\u0144ski\"},\"image\":{\"@id\":\"https:\/\/kalinski.pl\/serwis\/#\/schema\/logo\/image\/\"}}]}<\/script>\n<!-- \/ Yoast SEO plugin. -->","yoast_head_json":{"title":"Regeneracja katalizator\u00f3w i filtr\u00f3w DPF Toru\u0144 | Kali\u0144ski","description":"\u015awiadczymy wiele us\u0142ug, sprzedajemy r\u00f3zne produkty, jednym z nich jest egeneracja katalizator\u00f3w i filtr\u00f3w DPF Toru\u0144","robots":{"index":"index","follow":"follow","max-snippet":"max-snippet:-1","max-image-preview":"max-image-preview:large","max-video-preview":"max-video-preview:-1"},"canonical":"https:\/\/kalinski.pl\/serwis\/regeneracja-katalizatorow-i-filtrow-dpf-torun\/","og_locale":"pl_PL","og_type":"article","og_title":"Regeneracja katalizator\u00f3w i filtr\u00f3w DPF Toru\u0144 | Kali\u0144ski","og_description":"\u015awiadczymy wiele us\u0142ug, sprzedajemy r\u00f3zne produkty, jednym z nich jest egeneracja katalizator\u00f3w i filtr\u00f3w DPF Toru\u0144","og_url":"https:\/\/kalinski.pl\/serwis\/regeneracja-katalizatorow-i-filtrow-dpf-torun\/","og_site_name":"Kali\u0144ski","og_image":[{"url":"https:\/\/kalinski.pl\/wp-content\/uploads\/Filtry_Kalinski-1-1110x303.png","type":"","width":"","height":""}],"twitter_card":"summary_large_image","twitter_misc":{"Szacowany czas czytania":"2 minuty"},"schema":{"@context":"https:\/\/schema.org","@graph":[{"@type":"WebPage","@id":"https:\/\/kalinski.pl\/serwis\/regeneracja-katalizatorow-i-filtrow-dpf-torun\/","url":"https:\/\/kalinski.pl\/serwis\/regeneracja-katalizatorow-i-filtrow-dpf-torun\/","name":"Regeneracja katalizator\u00f3w i filtr\u00f3w DPF Toru\u0144 | Kali\u0144ski","isPartOf":{"@id":"https:\/\/kalinski.pl\/serwis\/#website"},"primaryImageOfPage":{"@id":"https:\/\/kalinski.pl\/serwis\/regeneracja-katalizatorow-i-filtrow-dpf-torun\/#primaryimage"},"image":{"@id":"https:\/\/kalinski.pl\/serwis\/regeneracja-katalizatorow-i-filtrow-dpf-torun\/#primaryimage"},"thumbnailUrl":"https:\/\/kalinski.pl\/wp-content\/uploads\/Filtry_Kalinski-1-1110x303.png","datePublished":"2020-11-10T11:01:11+00:00","description":"\u015awiadczymy wiele us\u0142ug, sprzedajemy r\u00f3zne produkty, jednym z nich jest egeneracja katalizator\u00f3w i filtr\u00f3w DPF Toru\u0144","breadcrumb":{"@id":"https:\/\/kalinski.pl\/serwis\/regeneracja-katalizatorow-i-filtrow-dpf-torun\/#breadcrumb"},"inLanguage":"pl-PL","potentialAction":[{"@type":"ReadAction","target":["https:\/\/kalinski.pl\/serwis\/regeneracja-katalizatorow-i-filtrow-dpf-torun\/"]}]},{"@type":"ImageObject","inLanguage":"pl-PL","@id":"https:\/\/kalinski.pl\/serwis\/regeneracja-katalizatorow-i-filtrow-dpf-torun\/#primaryimage","url":"https:\/\/kalinski.pl\/wp-content\/uploads\/Filtry_Kalinski-1-1110x303.png","contentUrl":"https:\/\/kalinski.pl\/wp-content\/uploads\/Filtry_Kalinski-1-1110x303.png"},{"@type":"BreadcrumbList","@id":"https:\/\/kalinski.pl\/serwis\/regeneracja-katalizatorow-i-filtrow-dpf-torun\/#breadcrumb","itemListElement":[{"@type":"ListItem","position":1,"name":"Strona g\u0142\u00f3wna","item":"https:\/\/kalinski.pl\/serwis\/"},{"@type":"ListItem","position":2,"name":"Regeneracja katalizator\u00f3w i filtr\u00f3w DPF Toru\u0144"}]},{"@type":"WebSite","@id":"https:\/\/kalinski.pl\/serwis\/#website","url":"https:\/\/kalinski.pl\/serwis\/","name":"Kali\u0144ski","description":"Uk\u0142ady wydechowe","publisher":{"@id":"https:\/\/kalinski.pl\/serwis\/#organization"},"potentialAction":[{"@type":"SearchAction","target":{"@type":"EntryPoint","urlTemplate":"https:\/\/kalinski.pl\/serwis\/?s={search_term_string}"},"query-input":{"@type":"PropertyValueSpecification","valueRequired":true,"valueName":"search_term_string"}}],"inLanguage":"pl-PL"},{"@type":"Organization","@id":"https:\/\/kalinski.pl\/serwis\/#organization","name":"Kali\u0144ski","url":"https:\/\/kalinski.pl\/serwis\/","logo":{"@type":"ImageObject","inLanguage":"pl-PL","@id":"https:\/\/kalinski.pl\/serwis\/#\/schema\/logo\/image\/","url":"https:\/\/kalinski.pl\/serwis\/wp-content\/uploads\/2019\/03\/cropped-logo_white.jpg","contentUrl":"https:\/\/kalinski.pl\/serwis\/wp-content\/uploads\/2019\/03\/cropped-logo_white.jpg","width":240,"height":63,"caption":"Kali\u0144ski"},"image":{"@id":"https:\/\/kalinski.pl\/serwis\/#\/schema\/logo\/image\/"}}]}},"_links":{"self":[{"href":"https:\/\/kalinski.pl\/serwis\/wp-json\/wp\/v2\/pages\/2746","targetHints":{"allow":["GET"]}}],"collection":[{"href":"https:\/\/kalinski.pl\/serwis\/wp-json\/wp\/v2\/pages"}],"about":[{"href":"https:\/\/kalinski.pl\/serwis\/wp-json\/wp\/v2\/types\/page"}],"author":[{"embeddable":true,"href":"https:\/\/kalinski.pl\/serwis\/wp-json\/wp\/v2\/users\/821795"}],"replies":[{"embeddable":true,"href":"https:\/\/kalinski.pl\/serwis\/wp-json\/wp\/v2\/comments?post=2746"}],"version-history":[{"count":0,"href":"https:\/\/kalinski.pl\/serwis\/wp-json\/wp\/v2\/pages\/2746\/revisions"}],"wp:attachment":[{"href":"https:\/\/kalinski.pl\/serwis\/wp-json\/wp\/v2\/media?parent=2746"}],"curies":[{"name":"wp","href":"https:\/\/api.w.org\/{rel}","templated":true}]}}